{"id":1162,"date":"2021-08-16T08:56:34","date_gmt":"2021-08-16T06:56:34","guid":{"rendered":"https:\/\/arcticexcursions.com\/?page_id=1162"},"modified":"2023-10-17T10:39:17","modified_gmt":"2023-10-17T08:39:17","slug":"om-os","status":"publish","type":"page","link":"https:\/\/arcticexcursions.com\/da\/om-os\/","title":{"rendered":"Om Os"},"content":{"rendered":"<div class=\"wpb-content-wrapper\"><p>[vc_row row_height_percent=&#8221;0&#8243; override_padding=&#8221;yes&#8221; h_padding=&#8221;3&#8243; top_padding=&#8221;3&#8243; bottom_padding=&#8221;3&#8243; back_image=&#8221;21528&#8243; back_position=&#8221;right bottom&#8221; overlay_alpha=&#8221;50&#8243; gutter_size=&#8221;3&#8243; column_width_use_pixel=&#8221;yes&#8221; shift_y=&#8221;0&#8243; z_index=&#8221;0&#8243; back_size=&#8221;contain&#8221; uncode_shortcode_id=&#8221;553248&#8243; shape_dividers=&#8221;&#8221;][vc_column column_width_percent=&#8221;100&#8243; gutter_size=&#8221;3&#8243; overlay_alpha=&#8221;50&#8243; shift_x=&#8221;0&#8243; shift_y=&#8221;0&#8243; shift_y_down=&#8221;0&#8243; z_index=&#8221;0&#8243; medium_width=&#8221;0&#8243; mobile_width=&#8221;0&#8243; css_animation=&#8221;bottom-t-top&#8221; width=&#8221;3\/4&#8243; uncode_shortcode_id=&#8221;149135&#8243;][vc_custom_heading heading_semantic=&#8221;h1&#8243; text_size=&#8221;h1&#8243; uncode_shortcode_id=&#8221;178525&#8243;]Om os &#8211; Forankret i det lokale Gr\u00f8nland[\/vc_custom_heading][vc_column_text uncode_shortcode_id=&#8221;326773&#8243;]<\/p>\n<p style=\"text-align: left;\">Arctic Excursions er en digital salgsplatform, som g\u00f8r det nemt for dig at v\u00e6lge mellem et bredt udvalg af forskellige slags oplevelser i hele Gr\u00f8nland. Hos os er der nemlig plads til en bred vifte af turoperat\u00f8rer \u2013 b\u00e5de de st\u00f8rre, veletablerede operat\u00f8rer, som allerede har en markant online tilstedev\u00e6relse, og de mindre etablerede operat\u00f8rer, som m\u00e5ske kun udbyder ture i bestemte s\u00e6soner og indtil nu ikke har reklameret for sig selv.<\/p>\n<p style=\"text-align: left;\">Arctic Excursions tager udgangspunkt i det lokale. Vi samarbejder direkte med turoperat\u00f8rerne og s\u00f8rger for, at deres udbud af oplevelser alle bliver pr\u00e6senteret p\u00e5 platformen, s\u00e5 turismen kan komme hele Gr\u00f8nland til gode. Vi l\u00e6gger v\u00e6gt p\u00e5 fuld gennemsigtighed, og derfor kan du som bes\u00f8gende p\u00e5 siden altid se, hvilken turoperat\u00f8rer som udbyder hvilken tur og l\u00e6se mere om den enkelte udbyder.<\/p>\n<p>[\/vc_column_text][vc_single_image media=&#8221;10725&#8243; media_width_percent=&#8221;100&#8243; media_ratio=&#8221;sixteen-nine&#8221; uncode_shortcode_id=&#8221;122312&#8243;][vc_column_text uncode_shortcode_id=&#8221;673060&#8243;]<\/p>\n<p style=\"text-align: left;\">Arctic Excursions er en del af rejsegiganten<a href=\"https:\/\/www.greenland-travel.dk\/\" target=\"_blank\" rel=\"noopener\"> Greenland Travel<\/a>, og det er dem, som definerer, hvilke minimumskrav, der kr\u00e6ves af oplevelserne. H\u00f8j standard, service og sikkerhed p\u00e5 udflugterne og god kvalitet er et ufravigeligt krav til turoperat\u00f8rerne p\u00e5 platformen. Derfor kan du som turist altid f\u00f8le dig tryg ved at bestille en oplevelse eller udflugt.<\/p>\n<p style=\"text-align: left;\">Vi er eksperter i Gr\u00f8nland og kender landet fra nord til syd. Hver by og bygd. Hver bjergtop og fjord. Vores sans for detaljer og forst\u00e5else for en meget speciel rejsedestination g\u00f8r os til din bedste rejsepartner. Vi kender kulturen ud og ind, og vi bekymrer os om f\u00e6llesskabet og st\u00f8tter sociale programmer.<\/p>\n<p style=\"text-align: left;\">Et af de m\u00e5l, som vi arbejder aktivt hen imod, er at kunne tilbyde fantastiske oplevelser i <em>samtlige<\/em> byer og bygder i Gr\u00f8nland. P\u00e5 den m\u00e5de kan vi tilbyde flest mulige forskelligartede oplevelser for bes\u00f8gende og samtidig st\u00f8tte turismen i hele Gr\u00f8nland, hvilket er vores endelige mission.<\/p>\n<p>[\/vc_column_text][vc_custom_heading uncode_shortcode_id=&#8221;302190&#8243;]Din sikkerhed[\/vc_custom_heading][vc_column_text uncode_shortcode_id=&#8221;224511&#8243;]Vi er medlem af Dansk Rejsebureau Forening og\u00a0 <a href=\"https:\/\/www.rejsegarantifonden.dk\/forside\/\" target=\"_blank\" rel=\"noopener\">Rejsegarantifonden<\/a>.<\/p>\n<p>For at blive medlem af Danmarks Rejsebureau Forening skal vi opfylde flere kriterier for faglige kompetencer og \u00f8konomi. Derfor er det et kvalitetsstempel for dig som forbruger at vide, at dit rejsebureau er medlem af DRF. Som medlem har vi blandt andet tegnet en lovpligtig udvidet ansvarsforsikring, der sikrer, at du som forbruger f\u00e5r en erstatningssum udbetalt, hvis du har f\u00e5et en skade, som arrang\u00f8ren\/bureauet er ansvarlig for. Medlemskab af DRF betyder endvidere, at vi er forpligtede til at opfylde p\u00e5bud fra Anken\u00e6vnet for Pakkerejser i Danmark, hvis vi ikke har kunnet blive enige med dig om en klage. Vi bestr\u00e6ber os naturligvis p\u00e5 at sikre, at dette ikke sker.[\/vc_column_text][vc_single_image media=&#8221;10739&#8243; media_width_percent=&#8221;100&#8243; media_ratio=&#8221;sixteen-nine&#8221; uncode_shortcode_id=&#8221;317548&#8243;][vc_custom_heading uncode_shortcode_id=&#8221;110789&#8243;]Arctic Excursions &#8211; En del af Greenland Travel[\/vc_custom_heading][vc_column_text uncode_shortcode_id=&#8221;105648&#8243;]Arctic Excursions har f\u00f8dderne solidt plantet i en \u00bbrejse-familie\u00ab. Vi er nemlig en del af Greenland Travel, som har mere end 35 \u00e5rs erfaring med salg af rejser til og i Gr\u00f8nland. Greenland Travel tilbyder et stort udvalg af unikke pakkerejser og skr\u00e6ddersyede rejser for at im\u00f8dekomme kundernes behov og \u00f8nsker. Rejsebureauet tilbyder ogs\u00e5 grupperejser, konferencer og forretningsrejser. Greenland Travel har kontorer i K\u00f8benhavn, Aalborg, Sisimiut, Ilulissat og Nuuk.<\/p>\n<p>Arctic Excursions er skabt p\u00e5 baggrund af et \u00f8nske om at tilbyde endnu flere muligheder for at opleve Gr\u00f8nland og at l\u00f8fte og udvikle den gr\u00f8nlandske turismeindustri i endnu h\u00f8jere grad.<\/p>\n<p>[\/vc_column_text][vc_custom_heading uncode_shortcode_id=&#8221;157524&#8243;]Air Greenland Group[\/vc_custom_heading][vc_column_text uncode_shortcode_id=&#8221;203908&#8243;]Ud over at v\u00e6re en del af Greenland Travel, er Arctic Excursions ogs\u00e5 del af en st\u00f8rre koncern &#8211; Air Greenland Group. I koncernen finder du udover Arctic Excursions og Greenland Travel\u00a0<a href=\"https:\/\/www.airgreenland.com\/\" target=\"_blank\" rel=\"noopener\">Air Greenland<\/a>. <a href=\"https:\/\/hotelarctic.com\/\" target=\"_blank\" rel=\"noopener\">Hotel Arctic<\/a> i Ilulissat og <a href=\"https:\/\/worldofgreenland.com\/\" target=\"_blank\" rel=\"noopener\">World of Greenland<\/a>.[\/vc_column_text][vc_row_inner][vc_column_inner width=&#8221;1\/2&#8243;][vc_single_image media=&#8221;554&#8243; media_width_percent=&#8221;100&#8243; uncode_shortcode_id=&#8221;196786&#8243;][\/vc_column_inner][vc_column_inner width=&#8221;1\/2&#8243;][vc_custom_heading uncode_shortcode_id=&#8221;943607&#8243;]Vi er klar til at hj\u00e6lpe dig[\/vc_custom_heading][vc_column_text uncode_shortcode_id=&#8221;453513&#8243;]Du er altid velkommen til at kontakte os, hvis du vil vide mere om Arctic Excursions eller har brug for r\u00e5d og vejledning til din rejse.[\/vc_column_text][vc_button border_width=&#8221;0&#8243; link=&#8221;url:https%3A%2F%2Farcticexcursions.com%2Fda%2Fkontakt%2F|title:Kontakt&#8221; uncode_shortcode_id=&#8221;122651&#8243;]Kontakt os[\/vc_button][\/vc_column_inner][\/vc_row_inner][\/vc_column][vc_column width=&#8221;1\/4&#8243;][\/vc_column][\/vc_row]<\/p>\n<\/div>","protected":false},"excerpt":{"rendered":"<p>[vc_row row_height_percent=&#8221;0&#8243; override_padding=&#8221;yes&#8221; h_padding=&#8221;3&#8243; top_padding=&#8221;3&#8243; bottom_padding=&#8221;3&#8243; back_image=&#8221;21528&#8243; back_position=&#8221;right bottom&#8221; overlay_alpha=&#8221;50&#8243; gutter_size=&#8221;3&#8243; column_width_use_pixel=&#8221;yes&#8221; shift_y=&#8221;0&#8243; z_index=&#8221;0&#8243; back_size=&#8221;contain&#8221; uncode_shortcode_id=&#8221;553248&#8243; shape_dividers=&#8221;&#8221;][vc_column column_width_percent=&#8221;100&#8243; gutter_size=&#8221;3&#8243; overlay_alpha=&#8221;50&#8243; [&hellip;]<\/p>\n","protected":false},"author":3,"featured_media":0,"parent":0,"menu_order":0,"comment_status":"closed","ping_status":"closed","template":"","meta":{"_acf_changed":false,"footnotes":""},"class_list":["post-1162","page","type-page","status-publish","hentry"],"acf":[],"yoast_head":"<!-- This site is optimized with the Yoast SEO plugin v23.6 - https:\/\/yoast.com\/wordpress\/plugins\/seo\/ -->\n<title>Arctic Excursions<\/title>\n<meta name=\"robots\" content=\"index, follow, max-snippet:-1, max-image-preview:large, max-video-preview:-1\" \/>\n<link rel=\"canonical\" href=\"https:\/\/arcticexcursions.com\/da\/om-os\/\" \/>\n<meta property=\"og:locale\" content=\"da_DK\" \/>\n<meta property=\"og:type\" content=\"article\" \/>\n<meta property=\"og:title\" content=\"Om Os - Arctic Excursions\" \/>\n<meta property=\"og:description\" content=\"[vc_row row_height_percent=&#8221;0&#8243; override_padding=&#8221;yes&#8221; h_padding=&#8221;3&#8243; top_padding=&#8221;3&#8243; bottom_padding=&#8221;3&#8243; back_image=&#8221;21528&#8243; back_position=&#8221;right bottom&#8221; overlay_alpha=&#8221;50&#8243; gutter_size=&#8221;3&#8243; column_width_use_pixel=&#8221;yes&#8221; shift_y=&#8221;0&#8243; z_index=&#8221;0&#8243; back_size=&#8221;contain&#8221; uncode_shortcode_id=&#8221;553248&#8243; shape_dividers=&#8221;&#8221;][vc_column column_width_percent=&#8221;100&#8243; gutter_size=&#8221;3&#8243; overlay_alpha=&#8221;50&#8243; [&hellip;]\" \/>\n<meta property=\"og:url\" content=\"https:\/\/arcticexcursions.com\/da\/om-os\/\" \/>\n<meta property=\"og:site_name\" content=\"Arctic Excursions\" \/>\n<meta property=\"article:modified_time\" content=\"2023-10-17T08:39:17+00:00\" \/>\n<meta name=\"twitter:card\" content=\"summary_large_image\" \/>\n<meta name=\"twitter:label1\" content=\"Estimeret l\u00e6setid\" \/>\n\t<meta name=\"twitter:data1\" content=\"3 minutter\" \/>\n<script type=\"application\/ld+json\" class=\"yoast-schema-graph\">{\"@context\":\"https:\/\/schema.org\",\"@graph\":[{\"@type\":\"WebPage\",\"@id\":\"https:\/\/arcticexcursions.com\/da\/om-os\/\",\"url\":\"https:\/\/arcticexcursions.com\/da\/om-os\/\",\"name\":\"Om Os - Arctic Excursions\",\"isPartOf\":{\"@id\":\"https:\/\/arcticexcursions.com\/#website\"},\"datePublished\":\"2021-08-16T06:56:34+00:00\",\"dateModified\":\"2023-10-17T08:39:17+00:00\",\"breadcrumb\":{\"@id\":\"https:\/\/arcticexcursions.com\/da\/om-os\/#breadcrumb\"},\"inLanguage\":\"da-DK\",\"potentialAction\":[{\"@type\":\"ReadAction\",\"target\":[\"https:\/\/arcticexcursions.com\/da\/om-os\/\"]}]},{\"@type\":\"BreadcrumbList\",\"@id\":\"https:\/\/arcticexcursions.com\/da\/om-os\/#breadcrumb\",\"itemListElement\":[{\"@type\":\"ListItem\",\"position\":1,\"name\":\"Home\",\"item\":\"https:\/\/arcticexcursions.com\/da\/\"},{\"@type\":\"ListItem\",\"position\":2,\"name\":\"Om Os\"}]},{\"@type\":\"WebSite\",\"@id\":\"https:\/\/arcticexcursions.com\/#website\",\"url\":\"https:\/\/arcticexcursions.com\/\",\"name\":\"Arctic Excursions\",\"description\":\"New adventures. Every day.\",\"publisher\":{\"@id\":\"https:\/\/arcticexcursions.com\/#organization\"},\"potentialAction\":[{\"@type\":\"SearchAction\",\"target\":{\"@type\":\"EntryPoint\",\"urlTemplate\":\"https:\/\/arcticexcursions.com\/?s={search_term_string}\"},\"query-input\":{\"@type\":\"PropertyValueSpecification\",\"valueRequired\":true,\"valueName\":\"search_term_string\"}}],\"inLanguage\":\"da-DK\"},{\"@type\":\"Organization\",\"@id\":\"https:\/\/arcticexcursions.com\/#organization\",\"name\":\"Arctic Excursions\",\"url\":\"https:\/\/arcticexcursions.com\/\",\"logo\":{\"@type\":\"ImageObject\",\"inLanguage\":\"da-DK\",\"@id\":\"https:\/\/arcticexcursions.com\/#\/schema\/logo\/image\/\",\"url\":\"https:\/\/arcticexcursions.com\/wp-content\/uploads\/2022\/11\/fb-logo.png\",\"contentUrl\":\"https:\/\/arcticexcursions.com\/wp-content\/uploads\/2022\/11\/fb-logo.png\",\"width\":523,\"height\":523,\"caption\":\"Arctic Excursions\"},\"image\":{\"@id\":\"https:\/\/arcticexcursions.com\/#\/schema\/logo\/image\/\"}}]}<\/script>\n<!-- \/ Yoast SEO plugin. -->","yoast_head_json":{"title":"Arctic Excursions","robots":{"index":"index","follow":"follow","max-snippet":"max-snippet:-1","max-image-preview":"max-image-preview:large","max-video-preview":"max-video-preview:-1"},"canonical":"https:\/\/arcticexcursions.com\/da\/om-os\/","og_locale":"da_DK","og_type":"article","og_title":"Om Os - Arctic Excursions","og_description":"[vc_row row_height_percent=&#8221;0&#8243; override_padding=&#8221;yes&#8221; h_padding=&#8221;3&#8243; top_padding=&#8221;3&#8243; bottom_padding=&#8221;3&#8243; back_image=&#8221;21528&#8243; back_position=&#8221;right bottom&#8221; overlay_alpha=&#8221;50&#8243; gutter_size=&#8221;3&#8243; column_width_use_pixel=&#8221;yes&#8221; shift_y=&#8221;0&#8243; z_index=&#8221;0&#8243; back_size=&#8221;contain&#8221; uncode_shortcode_id=&#8221;553248&#8243; shape_dividers=&#8221;&#8221;][vc_column column_width_percent=&#8221;100&#8243; gutter_size=&#8221;3&#8243; overlay_alpha=&#8221;50&#8243; [&hellip;]","og_url":"https:\/\/arcticexcursions.com\/da\/om-os\/","og_site_name":"Arctic Excursions","article_modified_time":"2023-10-17T08:39:17+00:00","twitter_card":"summary_large_image","twitter_misc":{"Estimeret l\u00e6setid":"3 minutter"},"schema":{"@context":"https:\/\/schema.org","@graph":[{"@type":"WebPage","@id":"https:\/\/arcticexcursions.com\/da\/om-os\/","url":"https:\/\/arcticexcursions.com\/da\/om-os\/","name":"Om Os - Arctic Excursions","isPartOf":{"@id":"https:\/\/arcticexcursions.com\/#website"},"datePublished":"2021-08-16T06:56:34+00:00","dateModified":"2023-10-17T08:39:17+00:00","breadcrumb":{"@id":"https:\/\/arcticexcursions.com\/da\/om-os\/#breadcrumb"},"inLanguage":"da-DK","potentialAction":[{"@type":"ReadAction","target":["https:\/\/arcticexcursions.com\/da\/om-os\/"]}]},{"@type":"BreadcrumbList","@id":"https:\/\/arcticexcursions.com\/da\/om-os\/#breadcrumb","itemListElement":[{"@type":"ListItem","position":1,"name":"Home","item":"https:\/\/arcticexcursions.com\/da\/"},{"@type":"ListItem","position":2,"name":"Om Os"}]},{"@type":"WebSite","@id":"https:\/\/arcticexcursions.com\/#website","url":"https:\/\/arcticexcursions.com\/","name":"Arctic Excursions","description":"New adventures. Every day.","publisher":{"@id":"https:\/\/arcticexcursions.com\/#organization"},"potentialAction":[{"@type":"SearchAction","target":{"@type":"EntryPoint","urlTemplate":"https:\/\/arcticexcursions.com\/?s={search_term_string}"},"query-input":{"@type":"PropertyValueSpecification","valueRequired":true,"valueName":"search_term_string"}}],"inLanguage":"da-DK"},{"@type":"Organization","@id":"https:\/\/arcticexcursions.com\/#organization","name":"Arctic Excursions","url":"https:\/\/arcticexcursions.com\/","logo":{"@type":"ImageObject","inLanguage":"da-DK","@id":"https:\/\/arcticexcursions.com\/#\/schema\/logo\/image\/","url":"https:\/\/arcticexcursions.com\/wp-content\/uploads\/2022\/11\/fb-logo.png","contentUrl":"https:\/\/arcticexcursions.com\/wp-content\/uploads\/2022\/11\/fb-logo.png","width":523,"height":523,"caption":"Arctic Excursions"},"image":{"@id":"https:\/\/arcticexcursions.com\/#\/schema\/logo\/image\/"}}]}},"_links":{"self":[{"href":"https:\/\/arcticexcursions.com\/da\/wp-json\/wp\/v2\/pages\/1162"}],"collection":[{"href":"https:\/\/arcticexcursions.com\/da\/wp-json\/wp\/v2\/pages"}],"about":[{"href":"https:\/\/arcticexcursions.com\/da\/wp-json\/wp\/v2\/types\/page"}],"author":[{"embeddable":true,"href":"https:\/\/arcticexcursions.com\/da\/wp-json\/wp\/v2\/users\/3"}],"replies":[{"embeddable":true,"href":"https:\/\/arcticexcursions.com\/da\/wp-json\/wp\/v2\/comments?post=1162"}],"version-history":[{"count":0,"href":"https:\/\/arcticexcursions.com\/da\/wp-json\/wp\/v2\/pages\/1162\/revisions"}],"wp:attachment":[{"href":"https:\/\/arcticexcursions.com\/da\/wp-json\/wp\/v2\/media?parent=1162"}],"curies":[{"name":"wp","href":"https:\/\/api.w.org\/{rel}","templated":true}]}}