{"id":11626,"date":"2021-08-16T08:56:34","date_gmt":"2021-08-16T06:56:34","guid":{"rendered":"https:\/\/arcticexcursions.com\/practical-info\/"},"modified":"2023-10-27T10:17:23","modified_gmt":"2023-10-27T08:17:23","slug":"praktisk-information","status":"publish","type":"page","link":"https:\/\/arcticexcursions.com\/da\/praktisk-information\/","title":{"rendered":"Praktisk information"},"content":{"rendered":"<div class=\"wpb-content-wrapper\"><p>[vc_row row_height_percent=&#8221;0&#8243; override_padding=&#8221;yes&#8221; h_padding=&#8221;3&#8243; top_padding=&#8221;3&#8243; bottom_padding=&#8221;5&#8243; back_image=&#8221;21528&#8243; back_repeat=&#8221;no-repeat&#8221; back_position=&#8221;right bottom&#8221; overlay_alpha=&#8221;50&#8243; gutter_size=&#8221;3&#8243; column_width_use_pixel=&#8221;yes&#8221; shift_y=&#8221;0&#8243; z_index=&#8221;0&#8243; back_size=&#8221;contain&#8221; uncode_shortcode_id=&#8221;198857&#8243; shape_dividers=&#8221;&#8221;][vc_column column_width_percent=&#8221;100&#8243; gutter_size=&#8221;3&#8243; overlay_alpha=&#8221;50&#8243; shift_x=&#8221;0&#8243; shift_y=&#8221;0&#8243; shift_y_down=&#8221;0&#8243; z_index=&#8221;0&#8243; medium_width=&#8221;0&#8243; mobile_width=&#8221;0&#8243; css_animation=&#8221;bottom-t-top&#8221; width=&#8221;3\/4&#8243; uncode_shortcode_id=&#8221;149135&#8243;][vc_custom_heading heading_semantic=&#8221;h1&#8243; text_size=&#8221;h1&#8243; uncode_shortcode_id=&#8221;199335&#8243;]Praktisk information[\/vc_custom_heading][vc_column_text uncode_shortcode_id=&#8221;264554&#8243;]P\u00e5 denne side har vi samlet alle relevante genveje fra menupunktet \u00abPraktisk info\u00bb, s\u00e5 du nemt kan l\u00e6re mere om Arctic Excursions, hvordan du bedst forbereder dig p\u00e5 en rejse til Gr\u00f8nland, vores vilk\u00e5r og betingelser og hvordan vi h\u00e5ndterer cookies.[\/vc_column_text][vc_custom_heading heading_semantic=&#8221;h1&#8243; text_size=&#8221;h1&#8243; uncode_shortcode_id=&#8221;108928&#8243;]<\/p>\n<h2>Om os<\/h2>\n<p>[\/vc_custom_heading][vc_column_text uncode_shortcode_id=&#8221;561196&#8243;]Hos Arctic Excursions er vi eksperter i Gr\u00f8nland, og landet er dybt forankret i vores DNA. Derfor er vi godt rustet til at vejlede dig om eventuelle rejser til landet og besvare alle dine sp\u00f8rgsm\u00e5l. Arctic Excursions tager udgangspunkt i det lokale. Vi samarbejder direkte med turoperat\u00f8rerne og s\u00f8rger for, at deres udbud af oplevelser alle bliver pr\u00e6senteret p\u00e5 platformen, s\u00e5 turismen kan komme hele Gr\u00f8nland til gode. For at sikre dig den allerbedste oplevelse, er vi medlem af Rejsegarantifonden og Dansk Rejsebureau Forening.[\/vc_column_text][vc_button border_width=&#8221;0&#8243; uncode_shortcode_id=&#8221;187299&#8243; link=&#8221;url:%2Fda%2Fom-os%2F&#8221;]L\u00e6s mere[\/vc_button][vc_single_image media=&#8221;11015&#8243; media_width_percent=&#8221;100&#8243; media_ratio=&#8221;twentyone-nine&#8221; uncode_shortcode_id=&#8221;108716&#8243;][vc_custom_heading uncode_shortcode_id=&#8221;749031&#8243;]<\/p>\n<h2><strong>Pakkeliste &#8211; Hvad skal jeg pakke?<\/strong><\/h2>\n<p>[\/vc_custom_heading][vc_column_text uncode_shortcode_id=&#8221;177413&#8243;]N\u00e5r du rejser til Gr\u00f8nland, er det vigtigt at have den rigtige slags t\u00f8j med i kufferten. Til nogle ture kan det ogs\u00e5 v\u00e6re en fordel at medbringe specifikt udstyr, s\u00e5som en rygs\u00e6k. Vi har sammensat fire forskellige pakkelister til dig, som du kan finde herunder.[\/vc_column_text][vc_button border_width=&#8221;0&#8243; uncode_shortcode_id=&#8221;987490&#8243; link=&#8221;url:%2Fda%2Fpakkeliste%2F&#8221;]L\u00e6s mere[\/vc_button][vc_single_image media=&#8221;10459&#8243; media_width_percent=&#8221;100&#8243; media_ratio=&#8221;twentyone-nine&#8221; uncode_shortcode_id=&#8221;193351&#8243;][vc_custom_heading uncode_shortcode_id=&#8221;259335&#8243;]<\/p>\n<h2><strong>Betingelser &amp; Vilk\u00e5r<\/strong><\/h2>\n<p>[\/vc_custom_heading][vc_column_text uncode_shortcode_id=&#8221;562250&#8243;]Hos Arctic Excursions anbefaler vi altid, at du l\u00e6ser det med sm\u00e5t. Derfor har vi samlet alle betingelserne i aftalen mellem dig som kunde og os som rejseudbyder, s\u00e5 du kan finde ud af alt, hvad du skal vide. L\u00e6s om alt fra aflysninger til forsikringer herunder.[\/vc_column_text][vc_button border_width=&#8221;0&#8243; uncode_shortcode_id=&#8221;612794&#8243; link=&#8221;url:%2Fda%2Fbetingelser-vilkaar%2F&#8221;]L\u00e6s mere[\/vc_button][vc_single_image media=&#8221;10726&#8243; media_width_percent=&#8221;100&#8243; media_ratio=&#8221;twentyone-nine&#8221; uncode_shortcode_id=&#8221;293312&#8243;][vc_custom_heading uncode_shortcode_id=&#8221;164126&#8243;]<\/p>\n<h2><strong>Privatlivspolitik\u00a0<\/strong><\/h2>\n<p>[\/vc_custom_heading][vc_column_text uncode_shortcode_id=&#8221;137043&#8243;]Arctic Excursions videregiver kun oplysninger i det omfang, det er n\u00f8dvendigt som led i driften af \u200b\u200bvores virksomhed, s\u00e5som at kunne levere dine udflugter og eventuelle andre produkter, du har k\u00f8bt hos os i forbindelse hermed. L\u00e6s mere om dine rettigheder og hvordan vi behandler dine personoplysninger.[\/vc_column_text][vc_button border_width=&#8221;0&#8243; uncode_shortcode_id=&#8221;134698&#8243; link=&#8221;url:%2Fda%2Fprivatlivspolitik%2F&#8221;]L\u00e6s mere[\/vc_button][vc_single_image media=&#8221;9781&#8243; media_width_percent=&#8221;100&#8243; media_ratio=&#8221;twentyone-nine&#8221; uncode_shortcode_id=&#8221;607174&#8243;][vc_custom_heading uncode_shortcode_id=&#8221;185796&#8243;]<\/p>\n<h2>Cookies<\/h2>\n<p>[\/vc_custom_heading][vc_column_text uncode_shortcode_id=&#8221;107834&#8243;]Hos Arctic Excursions bruger vi ogs\u00e5 cookies. Disse er sm\u00e5 datafiler, som bliver gemt p\u00e5 din computer, tablet eller mobiltelefon. Men hvordan fungerer det, og hvordan bruger vi dem? Det kan du l\u00e6se mere om her.[\/vc_column_text][vc_button border_width=&#8221;0&#8243; uncode_shortcode_id=&#8221;199163&#8243; link=&#8221;url:%2Fda%2Fcookies%2F&#8221;]L\u00e6s mere[\/vc_button][vc_separator sep_color=&#8221;&#8221; uncode_shortcode_id=&#8221;113513&#8243;][vc_row_inner][vc_column_inner width=&#8221;1\/2&#8243;][vc_single_image media=&#8221;554&#8243; media_width_percent=&#8221;100&#8243; uncode_shortcode_id=&#8221;196786&#8243;][\/vc_column_inner][vc_column_inner width=&#8221;1\/2&#8243;][vc_custom_heading uncode_shortcode_id=&#8221;811229&#8243;]Vi st\u00e5r klar til at hj\u00e6lpe dig[\/vc_custom_heading][vc_column_text uncode_shortcode_id=&#8221;437805&#8243;]T\u00f8v ikke med at kontakte os, hvis du har sp\u00f8rgsm\u00e5l eller bare vil vide mere om vores udflugter eller dine muligheder.[\/vc_column_text][vc_button border_width=&#8221;0&#8243; link=&#8221;url:%2Fda%2Fkontakt%2F|title:Contact&#8221; uncode_shortcode_id=&#8221;191572&#8243;]Kontakt os[\/vc_button][\/vc_column_inner][\/vc_row_inner][\/vc_column][vc_column width=&#8221;1\/4&#8243;][\/vc_column][\/vc_row]<\/p>\n<\/div>","protected":false},"excerpt":{"rendered":"<p>[vc_row row_height_percent=&#8221;0&#8243; override_padding=&#8221;yes&#8221; h_padding=&#8221;3&#8243; top_padding=&#8221;3&#8243; bottom_padding=&#8221;5&#8243; back_image=&#8221;21528&#8243; back_repeat=&#8221;no-repeat&#8221; back_position=&#8221;right bottom&#8221; overlay_alpha=&#8221;50&#8243; gutter_size=&#8221;3&#8243; column_width_use_pixel=&#8221;yes&#8221; shift_y=&#8221;0&#8243; z_index=&#8221;0&#8243; back_size=&#8221;contain&#8221; uncode_shortcode_id=&#8221;198857&#8243; shape_dividers=&#8221;&#8221;][vc_column column_width_percent=&#8221;100&#8243; gutter_size=&#8221;3&#8243; [&hellip;]<\/p>\n","protected":false},"author":3,"featured_media":0,"parent":0,"menu_order":0,"comment_status":"closed","ping_status":"closed","template":"","meta":{"_acf_changed":false,"footnotes":""},"class_list":["post-11626","page","type-page","status-publish","hentry"],"acf":[],"yoast_head":"<!-- This site is optimized with the Yoast SEO plugin v23.6 - https:\/\/yoast.com\/wordpress\/plugins\/seo\/ -->\n<title>Arctic Excursions<\/title>\n<meta name=\"robots\" content=\"index, follow, max-snippet:-1, max-image-preview:large, max-video-preview:-1\" \/>\n<link rel=\"canonical\" href=\"https:\/\/arcticexcursions.com\/da\/praktisk-information\/\" \/>\n<meta property=\"og:locale\" content=\"da_DK\" \/>\n<meta property=\"og:type\" content=\"article\" \/>\n<meta property=\"og:title\" content=\"Praktisk information - Arctic Excursions\" \/>\n<meta property=\"og:description\" content=\"[vc_row row_height_percent=&#8221;0&#8243; override_padding=&#8221;yes&#8221; h_padding=&#8221;3&#8243; top_padding=&#8221;3&#8243; bottom_padding=&#8221;5&#8243; back_image=&#8221;21528&#8243; back_repeat=&#8221;no-repeat&#8221; back_position=&#8221;right bottom&#8221; overlay_alpha=&#8221;50&#8243; gutter_size=&#8221;3&#8243; column_width_use_pixel=&#8221;yes&#8221; shift_y=&#8221;0&#8243; z_index=&#8221;0&#8243; back_size=&#8221;contain&#8221; uncode_shortcode_id=&#8221;198857&#8243; shape_dividers=&#8221;&#8221;][vc_column column_width_percent=&#8221;100&#8243; gutter_size=&#8221;3&#8243; [&hellip;]\" \/>\n<meta property=\"og:url\" content=\"https:\/\/arcticexcursions.com\/da\/praktisk-information\/\" \/>\n<meta property=\"og:site_name\" content=\"Arctic Excursions\" \/>\n<meta property=\"article:modified_time\" content=\"2023-10-27T08:17:23+00:00\" \/>\n<meta name=\"twitter:card\" content=\"summary_large_image\" \/>\n<meta name=\"twitter:label1\" content=\"Estimeret l\u00e6setid\" \/>\n\t<meta name=\"twitter:data1\" content=\"2 minutter\" \/>\n<script type=\"application\/ld+json\" class=\"yoast-schema-graph\">{\"@context\":\"https:\/\/schema.org\",\"@graph\":[{\"@type\":\"WebPage\",\"@id\":\"https:\/\/arcticexcursions.com\/da\/praktisk-information\/\",\"url\":\"https:\/\/arcticexcursions.com\/da\/praktisk-information\/\",\"name\":\"Praktisk information - Arctic Excursions\",\"isPartOf\":{\"@id\":\"https:\/\/arcticexcursions.com\/#website\"},\"datePublished\":\"2021-08-16T06:56:34+00:00\",\"dateModified\":\"2023-10-27T08:17:23+00:00\",\"breadcrumb\":{\"@id\":\"https:\/\/arcticexcursions.com\/da\/praktisk-information\/#breadcrumb\"},\"inLanguage\":\"da-DK\",\"potentialAction\":[{\"@type\":\"ReadAction\",\"target\":[\"https:\/\/arcticexcursions.com\/da\/praktisk-information\/\"]}]},{\"@type\":\"BreadcrumbList\",\"@id\":\"https:\/\/arcticexcursions.com\/da\/praktisk-information\/#breadcrumb\",\"itemListElement\":[{\"@type\":\"ListItem\",\"position\":1,\"name\":\"Home\",\"item\":\"https:\/\/arcticexcursions.com\/da\/\"},{\"@type\":\"ListItem\",\"position\":2,\"name\":\"Praktisk information\"}]},{\"@type\":\"WebSite\",\"@id\":\"https:\/\/arcticexcursions.com\/#website\",\"url\":\"https:\/\/arcticexcursions.com\/\",\"name\":\"Arctic Excursions\",\"description\":\"New adventures. Every day.\",\"publisher\":{\"@id\":\"https:\/\/arcticexcursions.com\/#organization\"},\"potentialAction\":[{\"@type\":\"SearchAction\",\"target\":{\"@type\":\"EntryPoint\",\"urlTemplate\":\"https:\/\/arcticexcursions.com\/?s={search_term_string}\"},\"query-input\":{\"@type\":\"PropertyValueSpecification\",\"valueRequired\":true,\"valueName\":\"search_term_string\"}}],\"inLanguage\":\"da-DK\"},{\"@type\":\"Organization\",\"@id\":\"https:\/\/arcticexcursions.com\/#organization\",\"name\":\"Arctic Excursions\",\"url\":\"https:\/\/arcticexcursions.com\/\",\"logo\":{\"@type\":\"ImageObject\",\"inLanguage\":\"da-DK\",\"@id\":\"https:\/\/arcticexcursions.com\/#\/schema\/logo\/image\/\",\"url\":\"https:\/\/arcticexcursions.com\/wp-content\/uploads\/2022\/11\/fb-logo.png\",\"contentUrl\":\"https:\/\/arcticexcursions.com\/wp-content\/uploads\/2022\/11\/fb-logo.png\",\"width\":523,\"height\":523,\"caption\":\"Arctic Excursions\"},\"image\":{\"@id\":\"https:\/\/arcticexcursions.com\/#\/schema\/logo\/image\/\"}}]}<\/script>\n<!-- \/ Yoast SEO plugin. -->","yoast_head_json":{"title":"Arctic Excursions","robots":{"index":"index","follow":"follow","max-snippet":"max-snippet:-1","max-image-preview":"max-image-preview:large","max-video-preview":"max-video-preview:-1"},"canonical":"https:\/\/arcticexcursions.com\/da\/praktisk-information\/","og_locale":"da_DK","og_type":"article","og_title":"Praktisk information - Arctic Excursions","og_description":"[vc_row row_height_percent=&#8221;0&#8243; override_padding=&#8221;yes&#8221; h_padding=&#8221;3&#8243; top_padding=&#8221;3&#8243; bottom_padding=&#8221;5&#8243; back_image=&#8221;21528&#8243; back_repeat=&#8221;no-repeat&#8221; back_position=&#8221;right bottom&#8221; overlay_alpha=&#8221;50&#8243; gutter_size=&#8221;3&#8243; column_width_use_pixel=&#8221;yes&#8221; shift_y=&#8221;0&#8243; z_index=&#8221;0&#8243; back_size=&#8221;contain&#8221; uncode_shortcode_id=&#8221;198857&#8243; shape_dividers=&#8221;&#8221;][vc_column column_width_percent=&#8221;100&#8243; gutter_size=&#8221;3&#8243; [&hellip;]","og_url":"https:\/\/arcticexcursions.com\/da\/praktisk-information\/","og_site_name":"Arctic Excursions","article_modified_time":"2023-10-27T08:17:23+00:00","twitter_card":"summary_large_image","twitter_misc":{"Estimeret l\u00e6setid":"2 minutter"},"schema":{"@context":"https:\/\/schema.org","@graph":[{"@type":"WebPage","@id":"https:\/\/arcticexcursions.com\/da\/praktisk-information\/","url":"https:\/\/arcticexcursions.com\/da\/praktisk-information\/","name":"Praktisk information - Arctic Excursions","isPartOf":{"@id":"https:\/\/arcticexcursions.com\/#website"},"datePublished":"2021-08-16T06:56:34+00:00","dateModified":"2023-10-27T08:17:23+00:00","breadcrumb":{"@id":"https:\/\/arcticexcursions.com\/da\/praktisk-information\/#breadcrumb"},"inLanguage":"da-DK","potentialAction":[{"@type":"ReadAction","target":["https:\/\/arcticexcursions.com\/da\/praktisk-information\/"]}]},{"@type":"BreadcrumbList","@id":"https:\/\/arcticexcursions.com\/da\/praktisk-information\/#breadcrumb","itemListElement":[{"@type":"ListItem","position":1,"name":"Home","item":"https:\/\/arcticexcursions.com\/da\/"},{"@type":"ListItem","position":2,"name":"Praktisk information"}]},{"@type":"WebSite","@id":"https:\/\/arcticexcursions.com\/#website","url":"https:\/\/arcticexcursions.com\/","name":"Arctic Excursions","description":"New adventures. Every day.","publisher":{"@id":"https:\/\/arcticexcursions.com\/#organization"},"potentialAction":[{"@type":"SearchAction","target":{"@type":"EntryPoint","urlTemplate":"https:\/\/arcticexcursions.com\/?s={search_term_string}"},"query-input":{"@type":"PropertyValueSpecification","valueRequired":true,"valueName":"search_term_string"}}],"inLanguage":"da-DK"},{"@type":"Organization","@id":"https:\/\/arcticexcursions.com\/#organization","name":"Arctic Excursions","url":"https:\/\/arcticexcursions.com\/","logo":{"@type":"ImageObject","inLanguage":"da-DK","@id":"https:\/\/arcticexcursions.com\/#\/schema\/logo\/image\/","url":"https:\/\/arcticexcursions.com\/wp-content\/uploads\/2022\/11\/fb-logo.png","contentUrl":"https:\/\/arcticexcursions.com\/wp-content\/uploads\/2022\/11\/fb-logo.png","width":523,"height":523,"caption":"Arctic Excursions"},"image":{"@id":"https:\/\/arcticexcursions.com\/#\/schema\/logo\/image\/"}}]}},"_links":{"self":[{"href":"https:\/\/arcticexcursions.com\/da\/wp-json\/wp\/v2\/pages\/11626"}],"collection":[{"href":"https:\/\/arcticexcursions.com\/da\/wp-json\/wp\/v2\/pages"}],"about":[{"href":"https:\/\/arcticexcursions.com\/da\/wp-json\/wp\/v2\/types\/page"}],"author":[{"embeddable":true,"href":"https:\/\/arcticexcursions.com\/da\/wp-json\/wp\/v2\/users\/3"}],"replies":[{"embeddable":true,"href":"https:\/\/arcticexcursions.com\/da\/wp-json\/wp\/v2\/comments?post=11626"}],"version-history":[{"count":0,"href":"https:\/\/arcticexcursions.com\/da\/wp-json\/wp\/v2\/pages\/11626\/revisions"}],"wp:attachment":[{"href":"https:\/\/arcticexcursions.com\/da\/wp-json\/wp\/v2\/media?parent=11626"}],"curies":[{"name":"wp","href":"https:\/\/api.w.org\/{rel}","templated":true}]}}