{"id":1174,"date":"2022-05-16T16:13:47","date_gmt":"2022-05-16T14:13:47","guid":{"rendered":"https:\/\/arcticexcursions.com\/?page_id=1174"},"modified":"2023-10-27T10:18:14","modified_gmt":"2023-10-27T08:18:14","slug":"pakkelister","status":"publish","type":"page","link":"https:\/\/arcticexcursions.com\/da\/pakkelister\/","title":{"rendered":"Pakkelister"},"content":{"rendered":"<div class=\"wpb-content-wrapper\"><p>[vc_row row_height_percent=&#8221;0&#8243; override_padding=&#8221;yes&#8221; h_padding=&#8221;3&#8243; top_padding=&#8221;3&#8243; bottom_padding=&#8221;5&#8243; back_image=&#8221;21528&#8243; back_repeat=&#8221;no-repeat&#8221; back_position=&#8221;right bottom&#8221; overlay_alpha=&#8221;50&#8243; gutter_size=&#8221;3&#8243; column_width_use_pixel=&#8221;yes&#8221; shift_y=&#8221;0&#8243; z_index=&#8221;0&#8243; back_size=&#8221;contain&#8221; uncode_shortcode_id=&#8221;433630&#8243; shape_dividers=&#8221;&#8221;][vc_column column_width_percent=&#8221;100&#8243; gutter_size=&#8221;3&#8243; overlay_alpha=&#8221;50&#8243; shift_x=&#8221;0&#8243; shift_y=&#8221;0&#8243; shift_y_down=&#8221;0&#8243; z_index=&#8221;0&#8243; medium_width=&#8221;0&#8243; mobile_width=&#8221;0&#8243; css_animation=&#8221;bottom-t-top&#8221; width=&#8221;3\/4&#8243; uncode_shortcode_id=&#8221;149135&#8243;][vc_custom_heading heading_semantic=&#8221;h1&#8243; text_size=&#8221;h1&#8243; uncode_shortcode_id=&#8221;297648&#8243;]Pakkelister &#8211; Hvad skal jeg pakke?[\/vc_custom_heading][vc_column_text uncode_shortcode_id=&#8221;198828&#8243;]I dette afsnit finder du r\u00e5d og vejledning om p\u00e5kl\u00e6dning p\u00e5 dine ture med Arctic Excursions i Gr\u00f8nland.<\/p>\n<p>Det rigtige t\u00f8j er en v\u00e6sentlig foruds\u00e6tning for at f\u00e5 mest muligt ud af din rejse. Gr\u00f8nland er \u00e5ret rundt ideel til aktive ferier i naturen.[\/vc_column_text][vc_custom_heading uncode_shortcode_id=&#8221;200101&#8243;]Uformelt t\u00f8j og lag-p\u00e5-lag-princippet[\/vc_custom_heading][vc_column_text uncode_shortcode_id=&#8221;970917&#8243;]Generelt g\u00e5r vi i afslappet og praktisk t\u00f8j i Gr\u00f8nland. P\u00e5 restauranter er du lige s\u00e5 velkommen i jeans og sweater som i jakke og slips.<\/p>\n<p>Uanset \u00e5rstiden anbefaler vi, at du kl\u00e6der dig efter lag-p\u00e5-lag-princippet, hvor det yderste lag skal v\u00e6re vind- og vandt\u00e6t. Om varme sommerdage er shorts og kort\u00e6rmede t-shirts behagelige, men du skal altid huske at have en sweater og lange bukser med, da vejret er omskifteligt.[\/vc_column_text][vc_custom_heading uncode_shortcode_id=&#8221;188478&#8243;]T\u00f8j kan v\u00e6re b\u00e5de smart og praktisk[\/vc_custom_heading][vc_column_text uncode_shortcode_id=&#8221;215522&#8243;]Hvis du har sp\u00f8rgsm\u00e5l om t\u00f8j, eller du skal k\u00f8be nyt, anbefaler vi, at du kontakter din lokale sportsbutik. Her kan du f\u00e5 ordenlige r\u00e5d og vejledning. Disse butikker har som regel et stort udvalg af b\u00e5de smart og praktisk t\u00f8j, der kan bruges hele \u00e5ret rundt \u2013 b\u00e5de som hverdagst\u00f8j og p\u00e5 rejser.[\/vc_column_text][vc_custom_heading uncode_shortcode_id=&#8221;203140&#8243;]Pakkelister[\/vc_custom_heading][vc_column_text uncode_shortcode_id=&#8221;572306&#8243;]Nedenfor finder du vores pakkelister til rejser til Gr\u00f8nland. Under hver enkelt liste har du ogs\u00e5 mulighed for at \u00e5bne den som PDF p\u00e5 din computer, tablet eller telefon, s\u00e5 du kan downloade den og altid have den lige ved h\u00e5nden. Du kan ogs\u00e5 g\u00e5 ind p\u00e5 <a href=\"https:\/\/www.greenland-travel.dk\/praktisk-information\/pakkelister-og-rejseinformation\/\" target=\"_blank\" rel=\"noopener\">Greenland Travels hjemmeside<\/a>, hvis du \u00f8nsker endnu mere uddybende information om, hvad du skal tage med.[\/vc_column_text][vc_single_image media=&#8221;11052&#8243; media_width_percent=&#8221;100&#8243; media_ratio=&#8221;twentyone-nine&#8221; uncode_shortcode_id=&#8221;137284&#8243;][vc_custom_heading uncode_shortcode_id=&#8221;262187&#8243;]Pakkeliste til en sommerrejse[\/vc_custom_heading][vc_column_text uncode_shortcode_id=&#8221;194440&#8243;]Rigtig bekl\u00e6dning er foruds\u00e6tningen for, at du f\u00e5r det bedste udbytte af en rejse, hvor meget foreg\u00e5r udend\u00f8rs og i verdens smukkeste natur. Dette er vores forslag til en pakkeliste, der d\u00e6kker sommerrejser i Gr\u00f8nland b\u00e5de for dig, der skal p\u00e5 en skibsrejse og for dig, der skal p\u00e5 en rejse, hvor du skal p\u00e5 en del dagsvandringer.[\/vc_column_text][vc_button border_width=&#8221;0&#8243; uncode_shortcode_id=&#8221;160642&#8243; link=&#8221;url:%2Fda%2Fpakkeliste-til-en-sommerrejse%2F&#8221;]L\u00e6s mere[\/vc_button][vc_single_image media=&#8221;11054&#8243; media_width_percent=&#8221;100&#8243; media_ratio=&#8221;twentyone-nine&#8221; uncode_shortcode_id=&#8221;158774&#8243;][vc_custom_heading uncode_shortcode_id=&#8221;200102&#8243;]Pakkeliste til en efter\u00e5rsrejse[\/vc_custom_heading][vc_column_text uncode_shortcode_id=&#8221;475556&#8243;]Efter\u00e5ret kan v\u00e6re b\u00e5de koldt og varmt, s\u00e5 en god anbefaling vil v\u00e6re at medbringe det samme t\u00f8j, som du kan holde varmen i p\u00e5 en almindelig vinterdag i Danmark.[\/vc_column_text][vc_button border_width=&#8221;0&#8243; uncode_shortcode_id=&#8221;677266&#8243; link=&#8221;url:%2Fda%2Fpakkeliste-til-en-efteraarsrejse%2F&#8221;]L\u00e6s mere[\/vc_button][vc_single_image media=&#8221;11056&#8243; media_width_percent=&#8221;100&#8243; media_ratio=&#8221;twentyone-nine&#8221; uncode_shortcode_id=&#8221;194713&#8243;][vc_custom_heading uncode_shortcode_id=&#8221;142891&#8243;]Pakkeliste til en vinter- og for\u00e5rsrejse[\/vc_custom_heading][vc_column_text uncode_shortcode_id=&#8221;102795&#8243;]Kulde er noget, man m\u00e5 forholde sig til, n\u00e5r man er i Gr\u00f8nland om vinteren. Med korrekt bekl\u00e6dning og nogle f\u00e5 forholdsregler, er kulden til at leve med og giver en ekstra dimension i oplevelsen. De fleste, der rejser til Gr\u00f8nland om vinteren, bruger st\u00f8rstedelen af dagen udenfor for at f\u00e5 s\u00e5<br \/>\nmange oplevelser som muligt. Dette betyder, at du skal v\u00e6re kl\u00e6dt varmt p\u00e5 fra top til t\u00e5, fra det inderste til det yderste lag.[\/vc_column_text][vc_button border_width=&#8221;0&#8243; uncode_shortcode_id=&#8221;207056&#8243; link=&#8221;url:https%3A%2F%2Farcticexcursions.com%2Fda%2Fpakkeliste-til-en-vinter-og-foraarsrejse%2F&#8221;]L\u00e6s mere[\/vc_button][vc_single_image media=&#8221;11060&#8243; media_width_percent=&#8221;100&#8243; media_ratio=&#8221;twentyone-nine&#8221; uncode_shortcode_id=&#8221;102316&#8243;][vc_custom_heading uncode_shortcode_id=&#8221;559216&#8243;]Pakkeliste til en hundesl\u00e6detur[\/vc_custom_heading][vc_column_text uncode_shortcode_id=&#8221;316425&#8243;]Her kan du l\u00e6se mere om, hvad du b\u00f8r pakke til en l\u00e6ngere hundesl\u00e6detur. Denne vejledende liste er et till\u00e6g til vores vinter- og for\u00e5rsliste.[\/vc_column_text][vc_button border_width=&#8221;0&#8243; uncode_shortcode_id=&#8221;240821&#8243; link=&#8221;url:https%3A%2F%2Farcticexcursions.com%2Fda%2Fpakkeliste-til-en-hundeslaedetur%2F&#8221;]L\u00e6s mere[\/vc_button][\/vc_column][vc_column width=&#8221;1\/4&#8243;][vc_single_image media=&#8221;1510&#8243; media_width_percent=&#8221;100&#8243; uncode_shortcode_id=&#8221;975421&#8243;][\/vc_column][\/vc_row]<\/p>\n<\/div>","protected":false},"excerpt":{"rendered":"<p>[vc_row row_height_percent=&#8221;0&#8243; override_padding=&#8221;yes&#8221; h_padding=&#8221;3&#8243; top_padding=&#8221;3&#8243; bottom_padding=&#8221;5&#8243; back_image=&#8221;21528&#8243; back_repeat=&#8221;no-repeat&#8221; back_position=&#8221;right bottom&#8221; overlay_alpha=&#8221;50&#8243; gutter_size=&#8221;3&#8243; column_width_use_pixel=&#8221;yes&#8221; shift_y=&#8221;0&#8243; z_index=&#8221;0&#8243; back_size=&#8221;contain&#8221; uncode_shortcode_id=&#8221;433630&#8243; shape_dividers=&#8221;&#8221;][vc_column column_width_percent=&#8221;100&#8243; gutter_size=&#8221;3&#8243; [&hellip;]<\/p>\n","protected":false},"author":3,"featured_media":0,"parent":0,"menu_order":0,"comment_status":"closed","ping_status":"closed","template":"","meta":{"_acf_changed":false,"footnotes":""},"class_list":["post-1174","page","type-page","status-publish","hentry"],"acf":[],"yoast_head":"<!-- This site is optimized with the Yoast SEO plugin v23.6 - https:\/\/yoast.com\/wordpress\/plugins\/seo\/ -->\n<title>Arctic Excursions<\/title>\n<meta name=\"robots\" content=\"index, follow, max-snippet:-1, max-image-preview:large, max-video-preview:-1\" \/>\n<link rel=\"canonical\" href=\"https:\/\/arcticexcursions.com\/da\/pakkelister\/\" \/>\n<meta property=\"og:locale\" content=\"da_DK\" \/>\n<meta property=\"og:type\" content=\"article\" \/>\n<meta property=\"og:title\" content=\"Pakkelister - Arctic Excursions\" \/>\n<meta property=\"og:description\" content=\"[vc_row row_height_percent=&#8221;0&#8243; override_padding=&#8221;yes&#8221; h_padding=&#8221;3&#8243; top_padding=&#8221;3&#8243; bottom_padding=&#8221;5&#8243; back_image=&#8221;21528&#8243; back_repeat=&#8221;no-repeat&#8221; back_position=&#8221;right bottom&#8221; overlay_alpha=&#8221;50&#8243; gutter_size=&#8221;3&#8243; column_width_use_pixel=&#8221;yes&#8221; shift_y=&#8221;0&#8243; z_index=&#8221;0&#8243; back_size=&#8221;contain&#8221; uncode_shortcode_id=&#8221;433630&#8243; shape_dividers=&#8221;&#8221;][vc_column column_width_percent=&#8221;100&#8243; gutter_size=&#8221;3&#8243; [&hellip;]\" \/>\n<meta property=\"og:url\" content=\"https:\/\/arcticexcursions.com\/da\/pakkelister\/\" \/>\n<meta property=\"og:site_name\" content=\"Arctic Excursions\" \/>\n<meta property=\"article:modified_time\" content=\"2023-10-27T08:18:14+00:00\" \/>\n<meta name=\"twitter:card\" content=\"summary_large_image\" \/>\n<meta name=\"twitter:label1\" content=\"Estimeret l\u00e6setid\" \/>\n\t<meta name=\"twitter:data1\" content=\"3 minutter\" \/>\n<script type=\"application\/ld+json\" class=\"yoast-schema-graph\">{\"@context\":\"https:\/\/schema.org\",\"@graph\":[{\"@type\":\"WebPage\",\"@id\":\"https:\/\/arcticexcursions.com\/da\/pakkelister\/\",\"url\":\"https:\/\/arcticexcursions.com\/da\/pakkelister\/\",\"name\":\"Pakkelister - Arctic Excursions\",\"isPartOf\":{\"@id\":\"https:\/\/arcticexcursions.com\/#website\"},\"datePublished\":\"2022-05-16T14:13:47+00:00\",\"dateModified\":\"2023-10-27T08:18:14+00:00\",\"breadcrumb\":{\"@id\":\"https:\/\/arcticexcursions.com\/da\/pakkelister\/#breadcrumb\"},\"inLanguage\":\"da-DK\",\"potentialAction\":[{\"@type\":\"ReadAction\",\"target\":[\"https:\/\/arcticexcursions.com\/da\/pakkelister\/\"]}]},{\"@type\":\"BreadcrumbList\",\"@id\":\"https:\/\/arcticexcursions.com\/da\/pakkelister\/#breadcrumb\",\"itemListElement\":[{\"@type\":\"ListItem\",\"position\":1,\"name\":\"Home\",\"item\":\"https:\/\/arcticexcursions.com\/da\/\"},{\"@type\":\"ListItem\",\"position\":2,\"name\":\"Pakkelister\"}]},{\"@type\":\"WebSite\",\"@id\":\"https:\/\/arcticexcursions.com\/#website\",\"url\":\"https:\/\/arcticexcursions.com\/\",\"name\":\"Arctic Excursions\",\"description\":\"New adventures. Every day.\",\"publisher\":{\"@id\":\"https:\/\/arcticexcursions.com\/#organization\"},\"potentialAction\":[{\"@type\":\"SearchAction\",\"target\":{\"@type\":\"EntryPoint\",\"urlTemplate\":\"https:\/\/arcticexcursions.com\/?s={search_term_string}\"},\"query-input\":{\"@type\":\"PropertyValueSpecification\",\"valueRequired\":true,\"valueName\":\"search_term_string\"}}],\"inLanguage\":\"da-DK\"},{\"@type\":\"Organization\",\"@id\":\"https:\/\/arcticexcursions.com\/#organization\",\"name\":\"Arctic Excursions\",\"url\":\"https:\/\/arcticexcursions.com\/\",\"logo\":{\"@type\":\"ImageObject\",\"inLanguage\":\"da-DK\",\"@id\":\"https:\/\/arcticexcursions.com\/#\/schema\/logo\/image\/\",\"url\":\"https:\/\/arcticexcursions.com\/wp-content\/uploads\/2022\/11\/fb-logo.png\",\"contentUrl\":\"https:\/\/arcticexcursions.com\/wp-content\/uploads\/2022\/11\/fb-logo.png\",\"width\":523,\"height\":523,\"caption\":\"Arctic Excursions\"},\"image\":{\"@id\":\"https:\/\/arcticexcursions.com\/#\/schema\/logo\/image\/\"}}]}<\/script>\n<!-- \/ Yoast SEO plugin. -->","yoast_head_json":{"title":"Arctic Excursions","robots":{"index":"index","follow":"follow","max-snippet":"max-snippet:-1","max-image-preview":"max-image-preview:large","max-video-preview":"max-video-preview:-1"},"canonical":"https:\/\/arcticexcursions.com\/da\/pakkelister\/","og_locale":"da_DK","og_type":"article","og_title":"Pakkelister - Arctic Excursions","og_description":"[vc_row row_height_percent=&#8221;0&#8243; override_padding=&#8221;yes&#8221; h_padding=&#8221;3&#8243; top_padding=&#8221;3&#8243; bottom_padding=&#8221;5&#8243; back_image=&#8221;21528&#8243; back_repeat=&#8221;no-repeat&#8221; back_position=&#8221;right bottom&#8221; overlay_alpha=&#8221;50&#8243; gutter_size=&#8221;3&#8243; column_width_use_pixel=&#8221;yes&#8221; shift_y=&#8221;0&#8243; z_index=&#8221;0&#8243; back_size=&#8221;contain&#8221; uncode_shortcode_id=&#8221;433630&#8243; shape_dividers=&#8221;&#8221;][vc_column column_width_percent=&#8221;100&#8243; gutter_size=&#8221;3&#8243; [&hellip;]","og_url":"https:\/\/arcticexcursions.com\/da\/pakkelister\/","og_site_name":"Arctic Excursions","article_modified_time":"2023-10-27T08:18:14+00:00","twitter_card":"summary_large_image","twitter_misc":{"Estimeret l\u00e6setid":"3 minutter"},"schema":{"@context":"https:\/\/schema.org","@graph":[{"@type":"WebPage","@id":"https:\/\/arcticexcursions.com\/da\/pakkelister\/","url":"https:\/\/arcticexcursions.com\/da\/pakkelister\/","name":"Pakkelister - Arctic Excursions","isPartOf":{"@id":"https:\/\/arcticexcursions.com\/#website"},"datePublished":"2022-05-16T14:13:47+00:00","dateModified":"2023-10-27T08:18:14+00:00","breadcrumb":{"@id":"https:\/\/arcticexcursions.com\/da\/pakkelister\/#breadcrumb"},"inLanguage":"da-DK","potentialAction":[{"@type":"ReadAction","target":["https:\/\/arcticexcursions.com\/da\/pakkelister\/"]}]},{"@type":"BreadcrumbList","@id":"https:\/\/arcticexcursions.com\/da\/pakkelister\/#breadcrumb","itemListElement":[{"@type":"ListItem","position":1,"name":"Home","item":"https:\/\/arcticexcursions.com\/da\/"},{"@type":"ListItem","position":2,"name":"Pakkelister"}]},{"@type":"WebSite","@id":"https:\/\/arcticexcursions.com\/#website","url":"https:\/\/arcticexcursions.com\/","name":"Arctic Excursions","description":"New adventures. Every day.","publisher":{"@id":"https:\/\/arcticexcursions.com\/#organization"},"potentialAction":[{"@type":"SearchAction","target":{"@type":"EntryPoint","urlTemplate":"https:\/\/arcticexcursions.com\/?s={search_term_string}"},"query-input":{"@type":"PropertyValueSpecification","valueRequired":true,"valueName":"search_term_string"}}],"inLanguage":"da-DK"},{"@type":"Organization","@id":"https:\/\/arcticexcursions.com\/#organization","name":"Arctic Excursions","url":"https:\/\/arcticexcursions.com\/","logo":{"@type":"ImageObject","inLanguage":"da-DK","@id":"https:\/\/arcticexcursions.com\/#\/schema\/logo\/image\/","url":"https:\/\/arcticexcursions.com\/wp-content\/uploads\/2022\/11\/fb-logo.png","contentUrl":"https:\/\/arcticexcursions.com\/wp-content\/uploads\/2022\/11\/fb-logo.png","width":523,"height":523,"caption":"Arctic Excursions"},"image":{"@id":"https:\/\/arcticexcursions.com\/#\/schema\/logo\/image\/"}}]}},"_links":{"self":[{"href":"https:\/\/arcticexcursions.com\/da\/wp-json\/wp\/v2\/pages\/1174"}],"collection":[{"href":"https:\/\/arcticexcursions.com\/da\/wp-json\/wp\/v2\/pages"}],"about":[{"href":"https:\/\/arcticexcursions.com\/da\/wp-json\/wp\/v2\/types\/page"}],"author":[{"embeddable":true,"href":"https:\/\/arcticexcursions.com\/da\/wp-json\/wp\/v2\/users\/3"}],"replies":[{"embeddable":true,"href":"https:\/\/arcticexcursions.com\/da\/wp-json\/wp\/v2\/comments?post=1174"}],"version-history":[{"count":0,"href":"https:\/\/arcticexcursions.com\/da\/wp-json\/wp\/v2\/pages\/1174\/revisions"}],"wp:attachment":[{"href":"https:\/\/arcticexcursions.com\/da\/wp-json\/wp\/v2\/media?parent=1174"}],"curies":[{"name":"wp","href":"https:\/\/api.w.org\/{rel}","templated":true}]}}