{"id":1188,"date":"2022-05-18T15:30:25","date_gmt":"2022-05-18T13:30:25","guid":{"rendered":"https:\/\/arcticexcursions.com\/?page_id=1188"},"modified":"2023-10-17T10:41:38","modified_gmt":"2023-10-17T08:41:38","slug":"cookies","status":"publish","type":"page","link":"https:\/\/arcticexcursions.com\/da\/cookies\/","title":{"rendered":"Cookies"},"content":{"rendered":"<div class=\"wpb-content-wrapper\"><p>[vc_row row_height_percent=&#8221;0&#8243; override_padding=&#8221;yes&#8221; h_padding=&#8221;3&#8243; top_padding=&#8221;3&#8243; bottom_padding=&#8221;5&#8243; back_image=&#8221;21528&#8243; back_position=&#8221;right bottom&#8221; overlay_alpha=&#8221;50&#8243; gutter_size=&#8221;3&#8243; column_width_use_pixel=&#8221;yes&#8221; shift_y=&#8221;0&#8243; z_index=&#8221;0&#8243; back_size=&#8221;contain&#8221; uncode_shortcode_id=&#8221;200449&#8243; shape_dividers=&#8221;&#8221;][vc_column column_width_percent=&#8221;100&#8243; gutter_size=&#8221;3&#8243; overlay_alpha=&#8221;50&#8243; shift_x=&#8221;0&#8243; shift_y=&#8221;0&#8243; shift_y_down=&#8221;0&#8243; z_index=&#8221;0&#8243; medium_width=&#8221;0&#8243; mobile_width=&#8221;0&#8243; css_animation=&#8221;bottom-t-top&#8221; width=&#8221;3\/4&#8243; uncode_shortcode_id=&#8221;149135&#8243;][vc_custom_heading heading_semantic=&#8221;h1&#8243; text_size=&#8221;h1&#8243; uncode_shortcode_id=&#8221;150102&#8243;]Cookies[\/vc_custom_heading][vc_column_text uncode_shortcode_id=&#8221;108905&#8243;]<\/p>\n<h2>Hvad er en cookie?<\/h2>\n<p>En cookie er en lille datafil, som bliver gemt p\u00e5 din computer, tablet eller mobiltelefon. En cookie er ikke et program der kan indeholde skadelige programmer eller virus.<\/p>\n<p>&nbsp;<\/p>\n<h2>Hjemmesidens brug af cookies<\/h2>\n<p>Cookies er n\u00f8dvendige for at f\u00e5 hjemmesiden til at fungere. Cookies hj\u00e6lper os desuden med at f\u00e5 overblik over dit bes\u00f8g p\u00e5 hjemmesiden, s\u00e5 vi l\u00f8bende kan optimere og m\u00e5lrette hjemmesiden til dine behov og interesser. Cookies husker f.eks., hvad du har lagt i en eventuel indk\u00f8bskurv, om du tidligere har bes\u00f8gt siden, om du er logget ind og hvilket sprog og valuta, du gerne vil have vist p\u00e5 hjemmesiden. Vi bruger ogs\u00e5 cookies til at m\u00e5lrette vores annoncer over for dig p\u00e5 andre hjemmesider. Helt overordnet anvendes cookies s\u00e5ledes som del af vores service til at vise indhold, der er s\u00e5 relevant som muligt for dig.<\/p>\n<p>&nbsp;<\/p>\n<h2>Hvor l\u00e6nge opbevares cookies?<\/h2>\n<p>Det er varierende, hvor l\u00e6nge cookies opbevares p\u00e5 dit udstyr. Tiden regnes fra den seneste gang, du var inden p\u00e5 hjemmesiden. Efter udl\u00f8b vil cookies automatisk blive slettet. Du kan se en fuldendt liste nedenfor.<\/p>\n<p>&nbsp;<\/p>\n<h2>S\u00e5dan afviser eller sletter du dine cookies<\/h2>\n<p>Du kan altid afvise cookies p\u00e5 din computer, tablet eller telefon ved at \u00e6ndre indstillingerne i din browser. Hvor du finder indstillingerne afh\u00e6nger af, hvilken browser du anvender. Du skal dog v\u00e6re opm\u00e6rksom p\u00e5, at hvis du g\u00f8r det, er der mange funktioner og services, du ikke kan bruge, fordi de foruds\u00e6tter, at hjemmesiden kan huske de valg, du foretager.<\/p>\n<p>Du kan frav\u00e6lge cookies fra Google Analytics <a href=\"http:\/\/tools.google.com\/dlpage\/gaoptout\">her<\/a>.<br \/>\nDet er muligt at frav\u00e6lge nogle annoncenetv\u00e6rk, der deler oplysninger p\u00e5 tv\u00e6rs af forskellige netv\u00e6rk <a href=\"http:\/\/www.youronlinechoices.com\/den\/dine-valg\">her<\/a>.<\/p>\n<p>&nbsp;<\/p>\n<h2>Sletning af cookies<\/h2>\n<p>Cookies som du tidligere har accepteret, kan efterf\u00f8lgende slettes nemt. Benytter du en PC med en nyere browser, kan du slette dine cookies ved at bruge genvejstasterne: CTRL + SHIFT + Delete.<\/p>\n<p>Virker genvejstasterne ikke, og\/eller benytter du en MAC, skal du starte med at finde ud af, hvilken browser du bruger og herefter klikke p\u00e5 det relevante link:<\/p>\n<p>&#8211; <a href=\"http:\/\/windows.microsoft.com\/da-dk\/internet-explorer\/delete-manage-cookies\">Internet Explorer<\/a><br \/>\n&#8211; <a href=\"https:\/\/support.mozilla.org\/da\/kb\/slet-cookies-fjerne-oplysninger-som-websteder-har-\">Mozilla Firefox<\/a><br \/>\n&#8211; <a href=\"https:\/\/support.google.com\/chrome\/answer\/95647?hl=da\">Google Chrome<\/a><br \/>\n&#8211; <a href=\"https:\/\/www.opera.com\/help\/tutorials\/security\/cookies\">Opera<\/a><br \/>\n&#8211; <a href=\"https:\/\/support.apple.com\/da-dk\/HT1677\">Safari<\/a><br \/>\n&#8211; <a href=\"http:\/\/www.macromedia.com\/support\/documentation\/en\/flashplayer\/help\/settings_manager07.html\">Flash cookies (alle browsere)<\/a><br \/>\n&#8211; <a href=\"https:\/\/support.apple.com\/da-dk\/HT1677\">iPhone, iPad og andet fra Apple<\/a><br \/>\n&#8211; <a href=\"http:\/\/timeread.hubpages.com\/hub\/How-to-delete-internet-cookies-on-your-Droid-or-any-Android-device\">Telefoner med Android styresystem<\/a><br \/>\n&#8211; <a href=\"http:\/\/www.windowsphone.com\/da-dk\/how-to\/wp7\/web\/changing-privacy-and-other-browser-settings\">Telefoner med Windows 7<\/a><\/p>\n<p>Husk: Bruger du flere Internet-browsere, skal du slette cookies i dem alle.<\/p>\n<p>&nbsp;<\/p>\n<h2>Har du sp\u00f8rgsm\u00e5l?<\/h2>\n<p>Har du kommentarer eller sp\u00f8rgsm\u00e5l i forbindelse med vores information og\/eller <a href=\"https:\/\/arcticexcursions.com\/da\/privatlivspolitik\/\">behandling af personlige oplysninger<\/a>, er du velkommen til at kontakte os p\u00e5 e-mail: marketing@greenland-travel.dk.[\/vc_column_text][vc_raw_html]JTNDc2NyaXB0JTIwaWQlM0QlMjJDb29raWVEZWNsYXJhdGlvbiUyMiUyMHNyYyUzRGh0dHBzJTNBJTJGJTJGY29uc2VudC5jb29raWVib3QuY29tJTJGYTNiMzllZGItN2Y5OC00Y2RhLTg1NTYtZDc2MWQ4YjRhYjdhJTJGY2QuanMlMjB0eXBlJTNEJTIydGV4dCUyRmphdmFzY3JpcHQlMjIlMjBhc3luYyUzRSUzQyUyRnNjcmlwdCUzRQ==[\/vc_raw_html][\/vc_column][vc_column width=&#8221;1\/4&#8243;][\/vc_column][\/vc_row]<\/p>\n<\/div>","protected":false},"excerpt":{"rendered":"<p>[vc_row row_height_percent=&#8221;0&#8243; override_padding=&#8221;yes&#8221; h_padding=&#8221;3&#8243; top_padding=&#8221;3&#8243; bottom_padding=&#8221;5&#8243; back_image=&#8221;21528&#8243; back_position=&#8221;right bottom&#8221; overlay_alpha=&#8221;50&#8243; gutter_size=&#8221;3&#8243; column_width_use_pixel=&#8221;yes&#8221; shift_y=&#8221;0&#8243; z_index=&#8221;0&#8243; back_size=&#8221;contain&#8221; uncode_shortcode_id=&#8221;200449&#8243; shape_dividers=&#8221;&#8221;][vc_column column_width_percent=&#8221;100&#8243; gutter_size=&#8221;3&#8243; overlay_alpha=&#8221;50&#8243; [&hellip;]<\/p>\n","protected":false},"author":3,"featured_media":0,"parent":0,"menu_order":0,"comment_status":"closed","ping_status":"closed","template":"","meta":{"_acf_changed":false,"footnotes":""},"class_list":["post-1188","page","type-page","status-publish","hentry"],"acf":[],"yoast_head":"<!-- This site is optimized with the Yoast SEO plugin v23.6 - https:\/\/yoast.com\/wordpress\/plugins\/seo\/ -->\n<title>Arctic Excursions<\/title>\n<meta name=\"robots\" content=\"index, follow, max-snippet:-1, max-image-preview:large, max-video-preview:-1\" \/>\n<link rel=\"canonical\" href=\"https:\/\/arcticexcursions.com\/da\/cookies\/\" \/>\n<meta property=\"og:locale\" content=\"da_DK\" \/>\n<meta property=\"og:type\" content=\"article\" \/>\n<meta property=\"og:title\" content=\"Cookies - Arctic Excursions\" \/>\n<meta property=\"og:description\" content=\"[vc_row row_height_percent=&#8221;0&#8243; override_padding=&#8221;yes&#8221; h_padding=&#8221;3&#8243; top_padding=&#8221;3&#8243; bottom_padding=&#8221;5&#8243; back_image=&#8221;21528&#8243; back_position=&#8221;right bottom&#8221; overlay_alpha=&#8221;50&#8243; gutter_size=&#8221;3&#8243; column_width_use_pixel=&#8221;yes&#8221; shift_y=&#8221;0&#8243; z_index=&#8221;0&#8243; back_size=&#8221;contain&#8221; uncode_shortcode_id=&#8221;200449&#8243; shape_dividers=&#8221;&#8221;][vc_column column_width_percent=&#8221;100&#8243; gutter_size=&#8221;3&#8243; overlay_alpha=&#8221;50&#8243; [&hellip;]\" \/>\n<meta property=\"og:url\" content=\"https:\/\/arcticexcursions.com\/da\/cookies\/\" \/>\n<meta property=\"og:site_name\" content=\"Arctic Excursions\" \/>\n<meta property=\"article:modified_time\" content=\"2023-10-17T08:41:38+00:00\" \/>\n<meta name=\"twitter:card\" content=\"summary_large_image\" \/>\n<meta name=\"twitter:label1\" content=\"Estimeret l\u00e6setid\" \/>\n\t<meta name=\"twitter:data1\" content=\"2 minutter\" \/>\n<script type=\"application\/ld+json\" class=\"yoast-schema-graph\">{\"@context\":\"https:\/\/schema.org\",\"@graph\":[{\"@type\":\"WebPage\",\"@id\":\"https:\/\/arcticexcursions.com\/da\/cookies\/\",\"url\":\"https:\/\/arcticexcursions.com\/da\/cookies\/\",\"name\":\"Cookies - Arctic Excursions\",\"isPartOf\":{\"@id\":\"https:\/\/arcticexcursions.com\/#website\"},\"datePublished\":\"2022-05-18T13:30:25+00:00\",\"dateModified\":\"2023-10-17T08:41:38+00:00\",\"breadcrumb\":{\"@id\":\"https:\/\/arcticexcursions.com\/da\/cookies\/#breadcrumb\"},\"inLanguage\":\"da-DK\",\"potentialAction\":[{\"@type\":\"ReadAction\",\"target\":[\"https:\/\/arcticexcursions.com\/da\/cookies\/\"]}]},{\"@type\":\"BreadcrumbList\",\"@id\":\"https:\/\/arcticexcursions.com\/da\/cookies\/#breadcrumb\",\"itemListElement\":[{\"@type\":\"ListItem\",\"position\":1,\"name\":\"Home\",\"item\":\"https:\/\/arcticexcursions.com\/da\/\"},{\"@type\":\"ListItem\",\"position\":2,\"name\":\"Cookies\"}]},{\"@type\":\"WebSite\",\"@id\":\"https:\/\/arcticexcursions.com\/#website\",\"url\":\"https:\/\/arcticexcursions.com\/\",\"name\":\"Arctic Excursions\",\"description\":\"New adventures. Every day.\",\"publisher\":{\"@id\":\"https:\/\/arcticexcursions.com\/#organization\"},\"potentialAction\":[{\"@type\":\"SearchAction\",\"target\":{\"@type\":\"EntryPoint\",\"urlTemplate\":\"https:\/\/arcticexcursions.com\/?s={search_term_string}\"},\"query-input\":{\"@type\":\"PropertyValueSpecification\",\"valueRequired\":true,\"valueName\":\"search_term_string\"}}],\"inLanguage\":\"da-DK\"},{\"@type\":\"Organization\",\"@id\":\"https:\/\/arcticexcursions.com\/#organization\",\"name\":\"Arctic Excursions\",\"url\":\"https:\/\/arcticexcursions.com\/\",\"logo\":{\"@type\":\"ImageObject\",\"inLanguage\":\"da-DK\",\"@id\":\"https:\/\/arcticexcursions.com\/#\/schema\/logo\/image\/\",\"url\":\"https:\/\/arcticexcursions.com\/wp-content\/uploads\/2022\/11\/fb-logo.png\",\"contentUrl\":\"https:\/\/arcticexcursions.com\/wp-content\/uploads\/2022\/11\/fb-logo.png\",\"width\":523,\"height\":523,\"caption\":\"Arctic Excursions\"},\"image\":{\"@id\":\"https:\/\/arcticexcursions.com\/#\/schema\/logo\/image\/\"}}]}<\/script>\n<!-- \/ Yoast SEO plugin. -->","yoast_head_json":{"title":"Arctic Excursions","robots":{"index":"index","follow":"follow","max-snippet":"max-snippet:-1","max-image-preview":"max-image-preview:large","max-video-preview":"max-video-preview:-1"},"canonical":"https:\/\/arcticexcursions.com\/da\/cookies\/","og_locale":"da_DK","og_type":"article","og_title":"Cookies - Arctic Excursions","og_description":"[vc_row row_height_percent=&#8221;0&#8243; override_padding=&#8221;yes&#8221; h_padding=&#8221;3&#8243; top_padding=&#8221;3&#8243; bottom_padding=&#8221;5&#8243; back_image=&#8221;21528&#8243; back_position=&#8221;right bottom&#8221; overlay_alpha=&#8221;50&#8243; gutter_size=&#8221;3&#8243; column_width_use_pixel=&#8221;yes&#8221; shift_y=&#8221;0&#8243; z_index=&#8221;0&#8243; back_size=&#8221;contain&#8221; uncode_shortcode_id=&#8221;200449&#8243; shape_dividers=&#8221;&#8221;][vc_column column_width_percent=&#8221;100&#8243; gutter_size=&#8221;3&#8243; overlay_alpha=&#8221;50&#8243; [&hellip;]","og_url":"https:\/\/arcticexcursions.com\/da\/cookies\/","og_site_name":"Arctic Excursions","article_modified_time":"2023-10-17T08:41:38+00:00","twitter_card":"summary_large_image","twitter_misc":{"Estimeret l\u00e6setid":"2 minutter"},"schema":{"@context":"https:\/\/schema.org","@graph":[{"@type":"WebPage","@id":"https:\/\/arcticexcursions.com\/da\/cookies\/","url":"https:\/\/arcticexcursions.com\/da\/cookies\/","name":"Cookies - Arctic Excursions","isPartOf":{"@id":"https:\/\/arcticexcursions.com\/#website"},"datePublished":"2022-05-18T13:30:25+00:00","dateModified":"2023-10-17T08:41:38+00:00","breadcrumb":{"@id":"https:\/\/arcticexcursions.com\/da\/cookies\/#breadcrumb"},"inLanguage":"da-DK","potentialAction":[{"@type":"ReadAction","target":["https:\/\/arcticexcursions.com\/da\/cookies\/"]}]},{"@type":"BreadcrumbList","@id":"https:\/\/arcticexcursions.com\/da\/cookies\/#breadcrumb","itemListElement":[{"@type":"ListItem","position":1,"name":"Home","item":"https:\/\/arcticexcursions.com\/da\/"},{"@type":"ListItem","position":2,"name":"Cookies"}]},{"@type":"WebSite","@id":"https:\/\/arcticexcursions.com\/#website","url":"https:\/\/arcticexcursions.com\/","name":"Arctic Excursions","description":"New adventures. Every day.","publisher":{"@id":"https:\/\/arcticexcursions.com\/#organization"},"potentialAction":[{"@type":"SearchAction","target":{"@type":"EntryPoint","urlTemplate":"https:\/\/arcticexcursions.com\/?s={search_term_string}"},"query-input":{"@type":"PropertyValueSpecification","valueRequired":true,"valueName":"search_term_string"}}],"inLanguage":"da-DK"},{"@type":"Organization","@id":"https:\/\/arcticexcursions.com\/#organization","name":"Arctic Excursions","url":"https:\/\/arcticexcursions.com\/","logo":{"@type":"ImageObject","inLanguage":"da-DK","@id":"https:\/\/arcticexcursions.com\/#\/schema\/logo\/image\/","url":"https:\/\/arcticexcursions.com\/wp-content\/uploads\/2022\/11\/fb-logo.png","contentUrl":"https:\/\/arcticexcursions.com\/wp-content\/uploads\/2022\/11\/fb-logo.png","width":523,"height":523,"caption":"Arctic Excursions"},"image":{"@id":"https:\/\/arcticexcursions.com\/#\/schema\/logo\/image\/"}}]}},"_links":{"self":[{"href":"https:\/\/arcticexcursions.com\/da\/wp-json\/wp\/v2\/pages\/1188"}],"collection":[{"href":"https:\/\/arcticexcursions.com\/da\/wp-json\/wp\/v2\/pages"}],"about":[{"href":"https:\/\/arcticexcursions.com\/da\/wp-json\/wp\/v2\/types\/page"}],"author":[{"embeddable":true,"href":"https:\/\/arcticexcursions.com\/da\/wp-json\/wp\/v2\/users\/3"}],"replies":[{"embeddable":true,"href":"https:\/\/arcticexcursions.com\/da\/wp-json\/wp\/v2\/comments?post=1188"}],"version-history":[{"count":0,"href":"https:\/\/arcticexcursions.com\/da\/wp-json\/wp\/v2\/pages\/1188\/revisions"}],"wp:attachment":[{"href":"https:\/\/arcticexcursions.com\/da\/wp-json\/wp\/v2\/media?parent=1188"}],"curies":[{"name":"wp","href":"https:\/\/api.w.org\/{rel}","templated":true}]}}