{"id":12665,"date":"2023-03-23T22:48:51","date_gmt":"2023-03-23T20:48:51","guid":{"rendered":"https:\/\/arcticexcursions.com\/packing-list-for-an-autumn-trip-to-greenland\/"},"modified":"2023-10-27T10:24:28","modified_gmt":"2023-10-27T08:24:28","slug":"pakkeliste-til-en-efteraarsrejse","status":"publish","type":"page","link":"https:\/\/arcticexcursions.com\/da\/pakkeliste-til-en-efteraarsrejse\/","title":{"rendered":"Pakkeliste til en efter\u00e5rsrejse"},"content":{"rendered":"<div class=\"wpb-content-wrapper\"><p>[vc_row unlock_row_content=&#8221;yes&#8221; row_height_percent=&#8221;40&#8243; override_padding=&#8221;yes&#8221; h_padding=&#8221;7&#8243; top_padding=&#8221;4&#8243; bottom_padding=&#8221;3&#8243; back_image=&#8221;11054&#8243; overlay_alpha=&#8221;50&#8243; gutter_size=&#8221;3&#8243; column_width_percent=&#8221;100&#8243; shift_y=&#8221;0&#8243; z_index=&#8221;0&#8243; uncode_shortcode_id=&#8221;120855&#8243;][vc_column width=&#8221;3\/4&#8243;][\/vc_column][vc_column width=&#8221;1\/4&#8243;][\/vc_column][\/vc_row][vc_row row_height_percent=&#8221;0&#8243; back_image=&#8221;21528&#8243; back_repeat=&#8221;no-repeat&#8221; back_position=&#8221;right bottom&#8221; overlay_alpha=&#8221;50&#8243; gutter_size=&#8221;3&#8243; column_width_percent=&#8221;100&#8243; shift_y=&#8221;0&#8243; z_index=&#8221;0&#8243; uncode_shortcode_id=&#8221;194144&#8243; back_size=&#8221;contain&#8221; shape_dividers=&#8221;&#8221;][vc_column width=&#8221;3\/4&#8243;][vc_custom_heading uncode_shortcode_id=&#8221;185791&#8243;]<\/p>\n<h2 style=\"text-align: center;\">Pakkeliste til en efter\u00e5rsrejse<\/h2>\n<p>[\/vc_custom_heading][vc_column_text uncode_shortcode_id=&#8221;846433&#8243;]Rigtigt udstyr kan v\u00e6re foruds\u00e6tningen for, at du f\u00e5r det bedste udbytte af dit ophold i Gr\u00f8nland. Dette er vores forslag til en udstyrsliste, som du kan benytte dig af, hvis du ikke har personlig erfaring med det omr\u00e5de eller den type rejse, du har valgt. Efter\u00e5ret kan v\u00e6re b\u00e5de koldt og varmt, s\u00e5 en god anbefaling vil v\u00e6re at medbringe det samme t\u00f8j, som du kan holde varmen i p\u00e5 en almindelig vinterdag i Danmark.<\/p>\n<p><strong>Om p\u00e5kl\u00e6dning generelt i Gr\u00f8nland<\/strong><br \/>\nP\u00e5kl\u00e6dning i Gr\u00f8nland er praktisk og uformel. Du beh\u00f8ver derfor ikke at pakke det \u201dfine t\u00f8j\u201d i kufferten p\u00e5 en rejse til Gr\u00f8nland. Udvalget af bekl\u00e6dning til friluftsliv er i dag stort, og du kan derfor finde t\u00f8j, der b\u00e5de er praktisk, smart og bekvemt.<\/p>\n<p>N\u00e5r du skal pakke til en efter\u00e5rsrejse til Gr\u00f8nland, skal du t\u00e6nke praktisk og isolerende. Dette g\u00e6lder b\u00e5de for udend\u00f8rs og indend\u00f8rs bekl\u00e6dning. N\u00e5r man g\u00e5r p\u00e5 restaurant og lignende i Gr\u00f8nland g\u00e6lder det ligeledes, at man er praktisk kl\u00e6dt.<\/p>\n<p>Kulde er noget, du altid m\u00e5 forholde dig til kan forekomme, n\u00e5r du er i Gr\u00f8nland om efter\u00e5ret. Men<br \/>\nmed korrekt bekl\u00e6dning og nogle f\u00e5 forholdsregler er kulden til at leve med og giver en ekstra dimension i oplevelsen. P\u00e5 grund af den t\u00f8rre luft opleves kuldegraderne ofte ikke s\u00e5 voldsomme, som de ville g\u00f8re det i Danmark. Minus 10\u201015 grader kan i Gr\u00f8nland opleves som n\u00e6sten behageligt!<\/p>\n<p>De fleste, der rejser til Gr\u00f8nland om efter\u00e5ret, bruger st\u00f8rstedelen af dagen udenfor for at f\u00e5 s\u00e5 mange oplevelser som muligt. Dette betyder, at du skal medbringe t\u00f8j, s\u00e5 du har mulighed for at v\u00e6re kl\u00e6dt varmt p\u00e5 fra top til t\u00e5, fra det inderste til det yderste lag. Skal du eksempelvis p\u00e5 en tur til Indlandsisen i Kangerlussuaq, skal du stadig kl\u00e6de dig varmt p\u00e5, selvom meget af turen foreg\u00e5r i bus\/bil.<\/p>\n<p><strong>Dagtursrygs\u00e6k<\/strong><br \/>\nDet er altid godt at medbringe en mindre dagtursrygs\u00e6k p\u00e5 en rejse i Gr\u00f8nland. En dagtursrygs\u00e6k er en mindre rygs\u00e6k p\u00e5 20\u201030L. Den kan bruges til alt fra sejlture, kortere vandreture og til i det hele taget at have med rundt. Hvis du skal vandre p\u00e5 din rejse, s\u00e5 anbefaler vi en rygs\u00e6k p\u00e5 ca. 30L med hofteb\u00e6lte og brystrem. Hvis du prim\u00e6rt skal g\u00e5 i byerne, s\u00e5 beh\u00f8ver du ikke hofteb\u00e6lte og brystrem.<\/p>\n<p><strong>Kuffert eller rygs\u00e6k?<\/strong><br \/>\nP\u00e5 langt de fleste af vores rejser skal du ikke selv b\u00e6re din bagage langt. Du skal selv h\u00e5ndtere din kuffert i lufthavne og p\u00e5 hoteller, men derudover bliver den fragtet fra sted til sted. Du kan derfor v\u00e6lge at pakke i enten kuffert eller i en rygs\u00e6k. Hvis du skal bo i mindre bygder, skal du v\u00e6re<br \/>\nforberedt p\u00e5, at bagagen kan blive transporteret p\u00e5 en lastbil, en traktor eller lignende, og du skal derfor forvente, at bagagen f\u00e5r lidt &#8220;knubs&#8221; og st\u00f8v.<\/p>\n<p><strong>For rejsende med overnatning i Glacier Lodge Eqi eller Ilimanaq Lodge<\/strong><br \/>\nHvis du er s\u00e5 heldig at skulle overnatte i en af de sk\u00f8nne lodges, skal du v\u00e6re opm\u00e6rksom p\u00e5, at deltagerne selv skal b\u00e6re bagagen fra b\u00e5d til hytterne i et kuperet fjelterr\u00e6n. Kufferter er ikke velegnede, og du skal tillige v\u00e6re opm\u00e6rksom p\u00e5, at du selv skal kunne b\u00e6re din taske, s\u00e5 pak ikke for tungt. For rejsende til Glacier Lodge Eqi er det muligt at efterlade en del af bagagen p\u00e5 hotellet til bagageopbevaring. Vi anbefaler, at du derfor medbringer en mindre rygs\u00e6k, du kan bruge under dit<br \/>\nophold i Glacier Lodge Eqi.<\/p>\n<p>P\u00e5 rundrejser med ophold i Ilimanaq Lodge har du naturligt din bagage med dig hele vejen. Du kan her v\u00e6lge at pakke i rygs\u00e6k eller en st\u00f8rre bl\u00f8d taske eller at par mindre, hvis du ikke kan b\u00e6re al din bagage i \u00e9n taske. P\u00e5 rejser med rejseleder i grupper vil der naturligvis v\u00e6re nogle, der kan hj\u00e6lpe, men hovedreglen er at, du skal pakke, s\u00e5 du eller nogen i dit rejsef\u00f8lge kan b\u00e6re det \u2010 i<br \/>\nmindre tasker og ikke i kufferter.<\/p>\n<p><strong>Bekl\u00e6dning kan b\u00e5de v\u00e6re smart og praktisk<\/strong><br \/>\nHvis du har sp\u00f8rgsm\u00e5l til bekl\u00e6dning og skal ud og k\u00f8be nyt, s\u00e5 kan vi anbefale dig at tage kontakt til Friluftsland, der kan give dig r\u00e5d og vejledning. Friluftsland har et stort udvalg i smart og praktisk bekl\u00e6dning, der kan bruges hele \u00e5ret og til hverdag og p\u00e5 rejse. Kvalitetst\u00f8j, der b\u00e5de holder og fungerer. Friluftsland har butikker i store dele af landet og en fin webshop p\u00e5 www.friluftsland.dk.<\/p>\n<p><strong>Lag\u2010p\u00e5\u2010lag\u2010princippet<\/strong><br \/>\nLag\u2010p\u00e5\u2010lag princippet kommer virkelig til sin ret i Gr\u00f8nland. Lag\u2010p\u00e5\u2010lag princippet g\u00e5r i sin enkelthed<br \/>\nud p\u00e5, at man kl\u00e6der sig p\u00e5 i flere lag. Det inderste lag hj\u00e6lper til at holde varmen, men ogs\u00e5 f\u00f8re fugten v\u00e6k fra kroppen. Det mellemste lag isolerer mod kulde. Det yderste lag beskytter mod regn, vind og fugt.<br \/>\nDet er selvf\u00f8lgelig ikke n\u00f8dvendigt at investere i en masse udstyr for at tage p\u00e5 ferie i Gr\u00f8nland om efter\u00e5ret, men det g\u00e6lder om at finde alt det varme t\u00f8j frem, gerne skiudstyret, de forede vinterbukser eller en gammel dunjakke, som for l\u00e6ngst er g\u00e5et af mode, men som stadig er varm.<\/p>\n<p>Herunder er forslag til en pakkeliste, som kan give dig et indtryk af, hvad der er godt at have med p\u00e5 en efter\u00e5rsrejse til Gr\u00f8nland.<\/p>\n<p><strong>Undert\u00f8j<\/strong><br \/>\nHer taler vi ikke om bh og trusser, men om lange underbenkl\u00e6der og en lang, t\u00e6tsiddende bluse. Vi<br \/>\nanbefaler uld, da det ogs\u00e5 varmer, n\u00e5r det er fugtigt.<\/p>\n<p><strong>Fleecebukser eller kraftige joggingbukser<\/strong><br \/>\nSom mellemlag mellem de lange underbukser og yderlaget. Hvis du har et par dunforede vinterbukser, s\u00e5 kan du n\u00f8jes med de lange underbukser og de forede yderbukser.<\/p>\n<p><strong>Tr\u00f8jer eller kraftige skjorter<\/strong><br \/>\nSom mellemlag<\/p>\n<p><strong>Overtr\u00e6ksbukser<\/strong><br \/>\nVindt\u00e6tte, evt. forede, gerne vandafvisende. De skal v\u00e6re s\u00e5 store, at der er god plads til de bukser, man har p\u00e5 indenunder, og s\u00e5 de ikke strammer.<\/p>\n<p><strong>Tynde sokker<\/strong><br \/>\nUld eller svedtransporterende materiale. Vi anbefaler uld \u2013 og tag gerne flere par med. Hvis du sveder og dine f\u00f8dder bliver fugtige, kan det betale sig at skifte til t\u00f8rre sokker.<\/p>\n<p><strong>Tykke uldsokker<\/strong><br \/>\nFlere par og v\u00e6lg endelig de kraftigste, du kan f\u00e5.<\/p>\n<p><strong>St\u00f8vler<\/strong><br \/>\nKraftig kvalitet, med god plads til sokker og til at bev\u00e6ge t\u00e6erne i. Det er dejligt med et par vandrest\u00f8vler, hvor der er god plads til en tyk sok. S\u00e5len skal helst v\u00e6re af gummi, idet s\u00e5ler af plast og blandingsmaterialer bliver meget glatte i lave frostgrader.<\/p>\n<p><strong>Varm sweater<\/strong><br \/>\nGerne med h\u00f8j hals og lynl\u00e5s. Kraftig fleece eller uld anbefales.<\/p>\n<p><strong>Stor vindt\u00e6t jakke<\/strong><br \/>\nGerne med h\u00e6tte. Gerne af vandafvisende materiale, men den skal kunne \u201d\u00e5nde\u201d.<\/p>\n<p><strong>Hue<\/strong><br \/>\nUld eller fleece (det er mest behageligt), gerne en elefanthue, som kan d\u00e6kke hals, pande, hage og kinder.<\/p>\n<p><strong>Kraftige uldhandsker<\/strong><br \/>\nInderst<\/p>\n<p><strong>Store forede luffer<\/strong><br \/>\nGerne af skind til at tage ud over de tyndere inderhandsker\/uldhandsker. Ved at have vanter i to lag,<br \/>\ner det muligt at regulere temperaturen. Luffer er det bedste til kolde forhold frem for fingerhandsker.<\/p>\n<p><strong>Solbriller<\/strong><br \/>\nEr rare at have med! Is\u00e6r hvis der er faldet sne, og solen skinner, eller hvis du skal bes\u00f8ge Indlandsisen.<\/p>\n<p><strong>L\u00e6bepomade<\/strong><br \/>\nHav altid en i jakkelommen, luften er meget t\u00f8r.<\/p>\n<p><strong>Diverse<\/strong><br \/>\nKamera<br \/>\nKikkert<br \/>\nPandelampe (diodelamper bruger ikke meget batteri)<br \/>\nEkstra film og ekstra batterier til kamera<br \/>\nHovedtelefoner til flyveturen til Gr\u00f8nland[\/vc_column_text][vc_raw_html]JTNDc3R5bGUlM0UuY2VudGVyJTIwJTdCJTIwanVzdGlmeSUyMGNvbnRlbnQlM0ElMjBjZW50ZXIlM0IlMjAlN0QlM0MlMkZzdHlsZSUzRSUwQSUzQ2RpdiUyMGNsYXNzJTNEJTIyY2VudGVyJTIyJTNF[\/vc_raw_html][vc_button border_width=&#8221;0&#8243; link=&#8221;url:https%3A%2F%2Farcticexcursions.com%2Fwp-content%2Fuploads%2F2022%2F06%2FPakkeliste-til-eftera%25CC%258Arsrejser-i-Gronland.pdf|target:_blank&#8221; uncode_shortcode_id=&#8221;371143&#8243; icon=&#8221;fa fa-file-text-o&#8221;]\u00c5ben som PDF [\/vc_button][vc_raw_html]JTNDJTJGZGl2JTNF[\/vc_raw_html][\/vc_column][vc_column width=&#8221;1\/4&#8243;][\/vc_column][\/vc_row]<\/p>\n<\/div>","protected":false},"excerpt":{"rendered":"<p>[vc_row unlock_row_content=&#8221;yes&#8221; row_height_percent=&#8221;40&#8243; override_padding=&#8221;yes&#8221; h_padding=&#8221;7&#8243; top_padding=&#8221;4&#8243; bottom_padding=&#8221;3&#8243; back_image=&#8221;11054&#8243; overlay_alpha=&#8221;50&#8243; gutter_size=&#8221;3&#8243; column_width_percent=&#8221;100&#8243; shift_y=&#8221;0&#8243; z_index=&#8221;0&#8243; uncode_shortcode_id=&#8221;120855&#8243;][vc_column width=&#8221;3\/4&#8243;][\/vc_column][vc_column width=&#8221;1\/4&#8243;][\/vc_column][\/vc_row][vc_row row_height_percent=&#8221;0&#8243; back_image=&#8221;21528&#8243; back_repeat=&#8221;no-repeat&#8221; back_position=&#8221;right [&hellip;]<\/p>\n","protected":false},"author":3,"featured_media":0,"parent":0,"menu_order":0,"comment_status":"closed","ping_status":"closed","template":"","meta":{"_acf_changed":false,"footnotes":""},"class_list":["post-12665","page","type-page","status-publish","hentry"],"acf":[],"yoast_head":"<!-- This site is optimized with the Yoast SEO plugin v23.6 - https:\/\/yoast.com\/wordpress\/plugins\/seo\/ -->\n<title>Arctic Excursions<\/title>\n<meta name=\"robots\" content=\"index, follow, max-snippet:-1, max-image-preview:large, max-video-preview:-1\" \/>\n<link rel=\"canonical\" href=\"https:\/\/arcticexcursions.com\/da\/pakkeliste-til-en-efteraarsrejse\/\" \/>\n<meta property=\"og:locale\" content=\"da_DK\" \/>\n<meta property=\"og:type\" content=\"article\" \/>\n<meta property=\"og:title\" content=\"Pakkeliste til en efter\u00e5rsrejse - Arctic Excursions\" \/>\n<meta property=\"og:description\" content=\"[vc_row unlock_row_content=&#8221;yes&#8221; row_height_percent=&#8221;40&#8243; override_padding=&#8221;yes&#8221; h_padding=&#8221;7&#8243; top_padding=&#8221;4&#8243; bottom_padding=&#8221;3&#8243; back_image=&#8221;11054&#8243; overlay_alpha=&#8221;50&#8243; gutter_size=&#8221;3&#8243; column_width_percent=&#8221;100&#8243; shift_y=&#8221;0&#8243; z_index=&#8221;0&#8243; uncode_shortcode_id=&#8221;120855&#8243;][vc_column width=&#8221;3\/4&#8243;][\/vc_column][vc_column width=&#8221;1\/4&#8243;][\/vc_column][\/vc_row][vc_row row_height_percent=&#8221;0&#8243; back_image=&#8221;21528&#8243; back_repeat=&#8221;no-repeat&#8221; back_position=&#8221;right [&hellip;]\" \/>\n<meta property=\"og:url\" content=\"https:\/\/arcticexcursions.com\/da\/pakkeliste-til-en-efteraarsrejse\/\" \/>\n<meta property=\"og:site_name\" content=\"Arctic Excursions\" \/>\n<meta property=\"article:modified_time\" content=\"2023-10-27T08:24:28+00:00\" \/>\n<meta name=\"twitter:card\" content=\"summary_large_image\" \/>\n<meta name=\"twitter:label1\" content=\"Estimeret l\u00e6setid\" \/>\n\t<meta name=\"twitter:data1\" content=\"6 minutter\" \/>\n<script type=\"application\/ld+json\" class=\"yoast-schema-graph\">{\"@context\":\"https:\/\/schema.org\",\"@graph\":[{\"@type\":\"WebPage\",\"@id\":\"https:\/\/arcticexcursions.com\/da\/pakkeliste-til-en-efteraarsrejse\/\",\"url\":\"https:\/\/arcticexcursions.com\/da\/pakkeliste-til-en-efteraarsrejse\/\",\"name\":\"Pakkeliste til en efter\u00e5rsrejse - Arctic Excursions\",\"isPartOf\":{\"@id\":\"https:\/\/arcticexcursions.com\/#website\"},\"datePublished\":\"2023-03-23T20:48:51+00:00\",\"dateModified\":\"2023-10-27T08:24:28+00:00\",\"breadcrumb\":{\"@id\":\"https:\/\/arcticexcursions.com\/da\/pakkeliste-til-en-efteraarsrejse\/#breadcrumb\"},\"inLanguage\":\"da-DK\",\"potentialAction\":[{\"@type\":\"ReadAction\",\"target\":[\"https:\/\/arcticexcursions.com\/da\/pakkeliste-til-en-efteraarsrejse\/\"]}]},{\"@type\":\"BreadcrumbList\",\"@id\":\"https:\/\/arcticexcursions.com\/da\/pakkeliste-til-en-efteraarsrejse\/#breadcrumb\",\"itemListElement\":[{\"@type\":\"ListItem\",\"position\":1,\"name\":\"Home\",\"item\":\"https:\/\/arcticexcursions.com\/da\/\"},{\"@type\":\"ListItem\",\"position\":2,\"name\":\"Pakkeliste til en efter\u00e5rsrejse\"}]},{\"@type\":\"WebSite\",\"@id\":\"https:\/\/arcticexcursions.com\/#website\",\"url\":\"https:\/\/arcticexcursions.com\/\",\"name\":\"Arctic Excursions\",\"description\":\"New adventures. Every day.\",\"publisher\":{\"@id\":\"https:\/\/arcticexcursions.com\/#organization\"},\"potentialAction\":[{\"@type\":\"SearchAction\",\"target\":{\"@type\":\"EntryPoint\",\"urlTemplate\":\"https:\/\/arcticexcursions.com\/?s={search_term_string}\"},\"query-input\":{\"@type\":\"PropertyValueSpecification\",\"valueRequired\":true,\"valueName\":\"search_term_string\"}}],\"inLanguage\":\"da-DK\"},{\"@type\":\"Organization\",\"@id\":\"https:\/\/arcticexcursions.com\/#organization\",\"name\":\"Arctic Excursions\",\"url\":\"https:\/\/arcticexcursions.com\/\",\"logo\":{\"@type\":\"ImageObject\",\"inLanguage\":\"da-DK\",\"@id\":\"https:\/\/arcticexcursions.com\/#\/schema\/logo\/image\/\",\"url\":\"https:\/\/arcticexcursions.com\/wp-content\/uploads\/2022\/11\/fb-logo.png\",\"contentUrl\":\"https:\/\/arcticexcursions.com\/wp-content\/uploads\/2022\/11\/fb-logo.png\",\"width\":523,\"height\":523,\"caption\":\"Arctic Excursions\"},\"image\":{\"@id\":\"https:\/\/arcticexcursions.com\/#\/schema\/logo\/image\/\"}}]}<\/script>\n<!-- \/ Yoast SEO plugin. -->","yoast_head_json":{"title":"Arctic Excursions","robots":{"index":"index","follow":"follow","max-snippet":"max-snippet:-1","max-image-preview":"max-image-preview:large","max-video-preview":"max-video-preview:-1"},"canonical":"https:\/\/arcticexcursions.com\/da\/pakkeliste-til-en-efteraarsrejse\/","og_locale":"da_DK","og_type":"article","og_title":"Pakkeliste til en efter\u00e5rsrejse - Arctic Excursions","og_description":"[vc_row unlock_row_content=&#8221;yes&#8221; row_height_percent=&#8221;40&#8243; override_padding=&#8221;yes&#8221; h_padding=&#8221;7&#8243; top_padding=&#8221;4&#8243; bottom_padding=&#8221;3&#8243; back_image=&#8221;11054&#8243; overlay_alpha=&#8221;50&#8243; gutter_size=&#8221;3&#8243; column_width_percent=&#8221;100&#8243; shift_y=&#8221;0&#8243; z_index=&#8221;0&#8243; uncode_shortcode_id=&#8221;120855&#8243;][vc_column width=&#8221;3\/4&#8243;][\/vc_column][vc_column width=&#8221;1\/4&#8243;][\/vc_column][\/vc_row][vc_row row_height_percent=&#8221;0&#8243; back_image=&#8221;21528&#8243; back_repeat=&#8221;no-repeat&#8221; back_position=&#8221;right [&hellip;]","og_url":"https:\/\/arcticexcursions.com\/da\/pakkeliste-til-en-efteraarsrejse\/","og_site_name":"Arctic Excursions","article_modified_time":"2023-10-27T08:24:28+00:00","twitter_card":"summary_large_image","twitter_misc":{"Estimeret l\u00e6setid":"6 minutter"},"schema":{"@context":"https:\/\/schema.org","@graph":[{"@type":"WebPage","@id":"https:\/\/arcticexcursions.com\/da\/pakkeliste-til-en-efteraarsrejse\/","url":"https:\/\/arcticexcursions.com\/da\/pakkeliste-til-en-efteraarsrejse\/","name":"Pakkeliste til en efter\u00e5rsrejse - Arctic Excursions","isPartOf":{"@id":"https:\/\/arcticexcursions.com\/#website"},"datePublished":"2023-03-23T20:48:51+00:00","dateModified":"2023-10-27T08:24:28+00:00","breadcrumb":{"@id":"https:\/\/arcticexcursions.com\/da\/pakkeliste-til-en-efteraarsrejse\/#breadcrumb"},"inLanguage":"da-DK","potentialAction":[{"@type":"ReadAction","target":["https:\/\/arcticexcursions.com\/da\/pakkeliste-til-en-efteraarsrejse\/"]}]},{"@type":"BreadcrumbList","@id":"https:\/\/arcticexcursions.com\/da\/pakkeliste-til-en-efteraarsrejse\/#breadcrumb","itemListElement":[{"@type":"ListItem","position":1,"name":"Home","item":"https:\/\/arcticexcursions.com\/da\/"},{"@type":"ListItem","position":2,"name":"Pakkeliste til en efter\u00e5rsrejse"}]},{"@type":"WebSite","@id":"https:\/\/arcticexcursions.com\/#website","url":"https:\/\/arcticexcursions.com\/","name":"Arctic Excursions","description":"New adventures. Every day.","publisher":{"@id":"https:\/\/arcticexcursions.com\/#organization"},"potentialAction":[{"@type":"SearchAction","target":{"@type":"EntryPoint","urlTemplate":"https:\/\/arcticexcursions.com\/?s={search_term_string}"},"query-input":{"@type":"PropertyValueSpecification","valueRequired":true,"valueName":"search_term_string"}}],"inLanguage":"da-DK"},{"@type":"Organization","@id":"https:\/\/arcticexcursions.com\/#organization","name":"Arctic Excursions","url":"https:\/\/arcticexcursions.com\/","logo":{"@type":"ImageObject","inLanguage":"da-DK","@id":"https:\/\/arcticexcursions.com\/#\/schema\/logo\/image\/","url":"https:\/\/arcticexcursions.com\/wp-content\/uploads\/2022\/11\/fb-logo.png","contentUrl":"https:\/\/arcticexcursions.com\/wp-content\/uploads\/2022\/11\/fb-logo.png","width":523,"height":523,"caption":"Arctic Excursions"},"image":{"@id":"https:\/\/arcticexcursions.com\/#\/schema\/logo\/image\/"}}]}},"_links":{"self":[{"href":"https:\/\/arcticexcursions.com\/da\/wp-json\/wp\/v2\/pages\/12665"}],"collection":[{"href":"https:\/\/arcticexcursions.com\/da\/wp-json\/wp\/v2\/pages"}],"about":[{"href":"https:\/\/arcticexcursions.com\/da\/wp-json\/wp\/v2\/types\/page"}],"author":[{"embeddable":true,"href":"https:\/\/arcticexcursions.com\/da\/wp-json\/wp\/v2\/users\/3"}],"replies":[{"embeddable":true,"href":"https:\/\/arcticexcursions.com\/da\/wp-json\/wp\/v2\/comments?post=12665"}],"version-history":[{"count":0,"href":"https:\/\/arcticexcursions.com\/da\/wp-json\/wp\/v2\/pages\/12665\/revisions"}],"wp:attachment":[{"href":"https:\/\/arcticexcursions.com\/da\/wp-json\/wp\/v2\/media?parent=12665"}],"curies":[{"name":"wp","href":"https:\/\/api.w.org\/{rel}","templated":true}]}}