{"id":2819,"date":"2022-09-09T14:35:42","date_gmt":"2022-09-09T12:35:42","guid":{"rendered":"https:\/\/arcticexcursions.com\/?page_id=2819"},"modified":"2025-08-06T14:59:31","modified_gmt":"2025-08-06T12:59:31","slug":"nationalparken","status":"publish","type":"page","link":"https:\/\/arcticexcursions.com\/da\/oplevelser-i-groenland\/nationalparken\/","title":{"rendered":"Nationalparken &#8211; L\u00e6s om Gr\u00f8nlands Nationalpark her"},"content":{"rendered":"<div class=\"wpb-content-wrapper\"><p>[vc_row unlock_row_content=&#8221;yes&#8221; row_height_percent=&#8221;50&#8243; override_padding=&#8221;yes&#8221; h_padding=&#8221;7&#8243; top_padding=&#8221;4&#8243; bottom_padding=&#8221;4&#8243; back_image=&#8221;11615&#8243; overlay_alpha=&#8221;50&#8243; gutter_size=&#8221;3&#8243; column_width_percent=&#8221;100&#8243; shift_y=&#8221;0&#8243; z_index=&#8221;0&#8243; uncode_shortcode_id=&#8221;205465&#8243;][vc_column width=&#8221;1\/1&#8243;][\/vc_column][\/vc_row][vc_row row_height_percent=&#8221;0&#8243; override_padding=&#8221;yes&#8221; h_padding=&#8221;3&#8243; top_padding=&#8221;3&#8243; bottom_padding=&#8221;3&#8243; overlay_alpha=&#8221;50&#8243; gutter_size=&#8221;3&#8243; column_width_percent=&#8221;100&#8243; shift_y=&#8221;0&#8243; z_index=&#8221;0&#8243; content_parallax=&#8221;0&#8243; uncode_shortcode_id=&#8221;672719&#8243; shape_dividers=&#8221;&#8221;][vc_column column_width_percent=&#8221;100&#8243; gutter_size=&#8221;3&#8243; overlay_alpha=&#8221;50&#8243; shift_x=&#8221;0&#8243; shift_y=&#8221;0&#8243; shift_y_down=&#8221;0&#8243; z_index=&#8221;0&#8243; medium_width=&#8221;0&#8243; mobile_width=&#8221;0&#8243; width=&#8221;2\/3&#8243; uncode_shortcode_id=&#8221;898183&#8243;][vc_custom_heading heading_semantic=&#8221;h1&#8243; text_size=&#8221;h1&#8243; uncode_shortcode_id=&#8221;105854&#8243;]Gr\u00f8nlands Nationalpark[\/vc_custom_heading][vc_column_text uncode_shortcode_id=&#8221;196148&#8243;]Gr\u00f8nlands Nationalpark er et helt enest\u00e5ende hjem for n\u00e6sten alle de dyre- og plantearter, der findes i landet, hvilket g\u00f8r omr\u00e5det til en skattekiste af arktisk natur.<\/p>\n<p>Parkens enorme udstr\u00e6kning og begr\u00e6nsede adgang g\u00f8r, at den adskiller sig markant fra, hvad de fleste forbinder med en traditionel nationalpark. Og s\u00e5dan skal det gerne blive ved med at v\u00e6re.[\/vc_column_text][\/vc_column][vc_column width=&#8221;1\/3&#8243;][vc_single_image media=&#8221;1514&#8243; media_width_percent=&#8221;100&#8243; uncode_shortcode_id=&#8221;212753&#8243;][\/vc_column][\/vc_row][vc_row row_height_percent=&#8221;0&#8243; override_padding=&#8221;yes&#8221; h_padding=&#8221;6&#8243; top_padding=&#8221;3&#8243; bottom_padding=&#8221;0&#8243; overlay_alpha=&#8221;50&#8243; gutter_size=&#8221;3&#8243; column_width_percent=&#8221;100&#8243; shift_y=&#8221;0&#8243; z_index=&#8221;0&#8243; content_parallax=&#8221;0&#8243; uncode_shortcode_id=&#8221;118693&#8243;][vc_column column_width_percent=&#8221;100&#8243; gutter_size=&#8221;3&#8243; overlay_alpha=&#8221;50&#8243; shift_x=&#8221;0&#8243; shift_y=&#8221;0&#8243; shift_y_down=&#8221;0&#8243; z_index=&#8221;0&#8243; medium_width=&#8221;0&#8243; mobile_width=&#8221;0&#8243; css_animation=&#8221;bottom-t-top&#8221; width=&#8221;1\/1&#8243; uncode_shortcode_id=&#8221;149135&#8243;][vc_single_image media=&#8221;2291&#8243; media_width_percent=&#8221;100&#8243; uncode_shortcode_id=&#8221;241953&#8243;][vc_custom_heading uncode_shortcode_id=&#8221;694175&#8243;]Verdens st\u00f8rste nationalpark[\/vc_custom_heading][vc_column_text uncode_shortcode_id=&#8221;204289&#8243;]Lidt poetisk sagt, er Gr\u00f8nlands Nationalpark er som et \u00e5ndel\u00f8st ekko af en verden f\u00f8r menneskets fodspor. Her str\u00e6kker en ur\u00f8rt vildmark sig ud i al sin storsl\u00e5ede stilhed, hvor landskaber, planter og dyr lever videre i en evig, uber\u00f8rt symfoni. Det er en af klodens sidste bastioner af ren natur \u2013 et sted, hvor tiden synes at st\u00e5 stille. Med sine 972.000 km\u00b2 breder parken sig over et omr\u00e5de, der n\u00e6sten kan rumme b\u00e5de Spanien og Frankrig, og som overg\u00e5r Yellowstone National Parks st\u00f8rrelse mere end hundrede gange. Det er sv\u00e6rt helt at fatte parkens enorme omfang.<\/p>\n<p>Der er ingen fastboende befolkning i parken, bortset fra enkelte meteorologiske, forsknings- og milit\u00e6ranl\u00e6g. Blandt dem er hovedkvarteret for den specialiserede Sirius Patrulje, som udg\u00f8r nogle af de f\u00e5 spor af menneskelig aktivitet i omr\u00e5det. Ingen veje sk\u00e6rer gennem dette landskab, ingen havne tager imod skibe, og ingen hoteller byder g\u00e6ster velkommen \u2013 her hersker naturen alene.[\/vc_column_text][vc_custom_heading heading_semantic=&#8221;h3&#8243; text_size=&#8221;h3&#8243; uncode_shortcode_id=&#8221;208047&#8243;]Hvad hedder verdens st\u00f8rste nationalpark?[\/vc_custom_heading][vc_column_text uncode_shortcode_id=&#8221;198210&#8243;]P\u00e5 gr\u00f8nlandsk hedder Gr\u00f8nlands Nationalpark &#8220;Kalaallit Nunaanni nuna eqqissisimatitaq&#8221;. Groft oversat betyder det &#8220;det fredede land i Gr\u00f8nland&#8221; \u2013 og det f\u00f8lger meget godt i vores sproglige traditioner om at navngive steder efter noget, der karakteriserer dem. Det kan b\u00e5de v\u00e6re som her, hvor parken er opkaldt efter sin funktion, men ogs\u00e5 rent fysiske ting. Ved Skovfjorden i Sydgr\u00f8nland er der eksempelvis fjelde, der hedder Strygejernet, Kringlerne og Redekammen, ligesom de fleste store s\u00f8er i Gr\u00f8nland blot hedder Tasersuaq, hvilket betyder Store S\u00f8.[\/vc_column_text][\/vc_column][\/vc_row][vc_row row_height_percent=&#8221;0&#8243; override_padding=&#8221;yes&#8221; h_padding=&#8221;6&#8243; top_padding=&#8221;3&#8243; bottom_padding=&#8221;0&#8243; overlay_alpha=&#8221;50&#8243; gutter_size=&#8221;3&#8243; column_width_percent=&#8221;100&#8243; shift_y=&#8221;0&#8243; z_index=&#8221;0&#8243; content_parallax=&#8221;0&#8243; uncode_shortcode_id=&#8221;118693&#8243;][vc_column column_width_percent=&#8221;100&#8243; gutter_size=&#8221;3&#8243; overlay_alpha=&#8221;50&#8243; shift_x=&#8221;0&#8243; shift_y=&#8221;0&#8243; shift_y_down=&#8221;0&#8243; z_index=&#8221;0&#8243; medium_width=&#8221;0&#8243; mobile_width=&#8221;0&#8243; css_animation=&#8221;bottom-t-top&#8221; width=&#8221;1\/1&#8243; uncode_shortcode_id=&#8221;149135&#8243;][vc_single_image media=&#8221;2291&#8243; media_width_percent=&#8221;100&#8243; uncode_shortcode_id=&#8221;241953&#8243;][vc_custom_heading heading_semantic=&#8221;h3&#8243; text_size=&#8221;h3&#8243; uncode_shortcode_id=&#8221;160975&#8243;]Hvordan kommer jeg til nationalparken?[\/vc_custom_heading][vc_column_text uncode_shortcode_id=&#8221;807465&#8243;]Adgang til Nationalparken er strengt reguleret, og bes\u00f8gende skal indhente en s\u00e6rlig tilladelse fra de gr\u00f8nlandske myndigheder for at f\u00e5 adgang. Kun ganske f\u00e5 personer opholder sig permanent i omr\u00e5det, og forskningsstationerne anvendes prim\u00e6rt i slutningen af for\u00e5ret, hen over sommeren og ind i det tidlige efter\u00e5r.<\/p>\n<p>Et rigt dyreliv trives i omr\u00e5det, beskyttet af et jagtforbud, der har v\u00e6ret g\u00e6ldende i adskillige \u00e5rtier. Da parken ligger i den h\u00f8jarktiske klimazone, er antallet af dyrearter dog mere begr\u00e6nset, og biodiversiteten lavere end i mange andre nationalparker.[\/vc_column_text][vc_custom_heading heading_semantic=&#8221;h3&#8243; text_size=&#8221;h3&#8243; uncode_shortcode_id=&#8221;106814&#8243;]Krydstogtsskibe i Nationalparken[\/vc_custom_heading][vc_column_text uncode_shortcode_id=&#8221;121536&#8243;]Vi anbefaler ikke vores rejsende at tage til Nationalparken. Det er muligt at komme til Nationalparken med krydstogtsskibe, men Gr\u00f8nlands parlament arbejder p\u00e5 at g\u00f8re det sv\u00e6rere. I 2023 st\u00f8dte et krydstogtsskib p\u00e5 grund i Nationalparken, og stemningen hos lokalbefolkningen i Gr\u00f8nland er ikke til, at det er et sted, hvor de skal sejle frit rundt. Vi har for det f\u00f8rste ikke et stort nok beredskab, hvis hundredvis af mennesker skal reddes fra et skib i n\u00f8d, og s\u00e5 gruer vi for tanken om frygtelige forureningskatastrofer, som man blandt andet har set i Alaska.[\/vc_column_text][\/vc_column][\/vc_row][vc_row row_height_percent=&#8221;0&#8243; override_padding=&#8221;yes&#8221; h_padding=&#8221;6&#8243; top_padding=&#8221;3&#8243; bottom_padding=&#8221;0&#8243; overlay_alpha=&#8221;50&#8243; gutter_size=&#8221;3&#8243; column_width_percent=&#8221;100&#8243; shift_y=&#8221;0&#8243; z_index=&#8221;0&#8243; content_parallax=&#8221;0&#8243; uncode_shortcode_id=&#8221;118693&#8243;][vc_column column_width_percent=&#8221;100&#8243; gutter_size=&#8221;3&#8243; overlay_alpha=&#8221;50&#8243; shift_x=&#8221;0&#8243; shift_y=&#8221;0&#8243; shift_y_down=&#8221;0&#8243; z_index=&#8221;0&#8243; medium_width=&#8221;0&#8243; mobile_width=&#8221;0&#8243; css_animation=&#8221;bottom-t-top&#8221; width=&#8221;1\/1&#8243; uncode_shortcode_id=&#8221;149135&#8243;][vc_single_image media=&#8221;2291&#8243; media_width_percent=&#8221;100&#8243; uncode_shortcode_id=&#8221;241953&#8243;][vc_custom_heading uncode_shortcode_id=&#8221;358650&#8243;]Nationalparkens historik[\/vc_custom_heading][vc_column_text uncode_shortcode_id=&#8221;131065&#8243;]Etableret som en nationalpark i 1974 og udpeget som et biosf\u00e6rereservat under UNESCOs Man and Biosphere-program i 1977, er omr\u00e5det dedikeret til at bevare den naturlige tilstand af landskabet, plante- og dyrehabitater og historiske og ark\u00e6ologiske steder, samtidig med at det fremmer videnskabelig forskning. I parken h\u00e5ndh\u00e6ves strenge regler mod fjernelse eller forstyrrelse af genstande, samt et fuldst\u00e6ndigt forbud mod jagt og fiskeri. Det lille lokalsamfund Ittoqqortoormiit, der ligger syd for parkens gr\u00e6nse, har dog tilladelse til at komme ind i parken for at jage moskusokser eller isbj\u00f8rne, selvom dette ikke er almindelig praksis.<\/p>\n<p>Derudover er brugen af terr\u00e6ng\u00e5ende motorcykler eller enhver anden type motoriseret k\u00f8ret\u00f8j p\u00e5 land strengt forbudt i parken. Det prim\u00e6re m\u00e5l med parken er at bevare det naturlige \u00f8kosystem og samtidig give mulighed for minimal menneskelig p\u00e5virkning.[\/vc_column_text][vc_custom_heading uncode_shortcode_id=&#8221;137499&#8243;]Tag p\u00e5 vildmarksoplevelser i Gr\u00f8nland[\/vc_custom_heading][vc_column_text uncode_shortcode_id=&#8221;517062&#8243;]Som n\u00e6vnt ovenfor er Nationalparken ikke et sted, vi selv kommer. Stedet er dyrenes refugium, og s\u00e5 er der selvf\u00f8lgelig nogle dygtige Sirius- og videnskabsfolk, der passer godt p\u00e5 omr\u00e5det. Vi vil i stedet anbefale vores rejsende at ops\u00f8ge omr\u00e5derne omkring Ittoqqortoormiit eller Tasiilaq p\u00e5 \u00d8stkysten eller omr\u00e5der i Nordvestgr\u00f8nland.[\/vc_column_text][vc_button border_width=&#8221;0&#8243; uncode_shortcode_id=&#8221;198803&#8243; link=&#8221;url:https%3A%2F%2Farcticexcursions.com%2Fda%2Foplevelser-i-groenland%2Foestgroenland%2F|title:%C3%98stgr%C3%B8nland&#8221;]\u00d8stgr\u00f8nland[\/vc_button][vc_button border_width=&#8221;0&#8243; uncode_shortcode_id=&#8221;153321&#8243; link=&#8221;url:https%3A%2F%2Farcticexcursions.com%2Fda%2Foplevelser-i-groenland%2Fnordgroenland%2F|title:%C3%98stgr%C3%B8nland&#8221;]Nordgr\u00f8nland[\/vc_button][vc_column_text uncode_shortcode_id=&#8221;201865&#8243;]Her finder du ogs\u00e5 masser af muligheder for at opleve n\u00e6sten uber\u00f8rt natur uden at forstyrre det lokale dyreliv. Og mulighederne for vandring er gode alle steder i Gr\u00f8nland.[\/vc_column_text][vc_button border_width=&#8221;0&#8243; uncode_shortcode_id=&#8221;441822&#8243; link=&#8221;url:https%3A%2F%2Farcticexcursions.com%2Fda%2Fudflugter%2F%3FpriceFrom%3D100%26priceTo%3D50000%26type%3Dvandreture|title:Vandreture&#8221;]Vandreture[\/vc_button][\/vc_column][\/vc_row]<\/p>\n<\/div>","protected":false},"excerpt":{"rendered":"<p>[vc_row unlock_row_content=&#8221;yes&#8221; row_height_percent=&#8221;50&#8243; override_padding=&#8221;yes&#8221; h_padding=&#8221;7&#8243; top_padding=&#8221;4&#8243; bottom_padding=&#8221;4&#8243; back_image=&#8221;11615&#8243; overlay_alpha=&#8221;50&#8243; gutter_size=&#8221;3&#8243; column_width_percent=&#8221;100&#8243; shift_y=&#8221;0&#8243; z_index=&#8221;0&#8243; uncode_shortcode_id=&#8221;205465&#8243;][vc_column width=&#8221;1\/1&#8243;][\/vc_column][\/vc_row][vc_row row_height_percent=&#8221;0&#8243; override_padding=&#8221;yes&#8221; h_padding=&#8221;3&#8243; top_padding=&#8221;3&#8243; bottom_padding=&#8221;3&#8243; [&hellip;]<\/p>\n","protected":false},"author":3,"featured_media":0,"parent":1167,"menu_order":0,"comment_status":"closed","ping_status":"closed","template":"","meta":{"_acf_changed":false,"footnotes":""},"class_list":["post-2819","page","type-page","status-publish","hentry"],"acf":[],"yoast_head":"<!-- This site is optimized with the Yoast SEO plugin v23.6 - https:\/\/yoast.com\/wordpress\/plugins\/seo\/ -->\n<title>Arctic Excursions<\/title>\n<meta name=\"description\" content=\"Gr\u00f8nlands Nationalpark er verdens st\u00f8rste nationalpark med sine 972.000 km\u00b2 ur\u00f8rte vildmark. Nationalparken omfatter den nord\u00f8stlige del af Gr\u00f8nland.\" \/>\n<meta name=\"robots\" content=\"index, follow, max-snippet:-1, max-image-preview:large, max-video-preview:-1\" \/>\n<link rel=\"canonical\" href=\"https:\/\/arcticexcursions.com\/da\/oplevelser-i-groenland\/nationalparken\/\" \/>\n<meta property=\"og:locale\" content=\"da_DK\" \/>\n<meta property=\"og:type\" content=\"article\" \/>\n<meta property=\"og:title\" content=\"Nationalparken - L\u00e6s om Gr\u00f8nlands Nationalpark her - Arctic Excursions\" \/>\n<meta property=\"og:description\" content=\"Gr\u00f8nlands Nationalpark er verdens st\u00f8rste nationalpark med sine 972.000 km\u00b2 ur\u00f8rte vildmark. Nationalparken omfatter den nord\u00f8stlige del af Gr\u00f8nland.\" \/>\n<meta property=\"og:url\" content=\"https:\/\/arcticexcursions.com\/da\/oplevelser-i-groenland\/nationalparken\/\" \/>\n<meta property=\"og:site_name\" content=\"Arctic Excursions\" \/>\n<meta property=\"article:modified_time\" content=\"2025-08-06T12:59:31+00:00\" \/>\n<meta name=\"twitter:card\" content=\"summary_large_image\" \/>\n<meta name=\"twitter:label1\" content=\"Estimeret l\u00e6setid\" \/>\n\t<meta name=\"twitter:data1\" content=\"4 minutter\" \/>\n<script type=\"application\/ld+json\" class=\"yoast-schema-graph\">{\"@context\":\"https:\/\/schema.org\",\"@graph\":[{\"@type\":\"WebPage\",\"@id\":\"https:\/\/arcticexcursions.com\/da\/oplevelser-i-groenland\/nationalparken\/\",\"url\":\"https:\/\/arcticexcursions.com\/da\/oplevelser-i-groenland\/nationalparken\/\",\"name\":\"Nationalparken - L\u00e6s om Gr\u00f8nlands Nationalpark her - Arctic Excursions\",\"isPartOf\":{\"@id\":\"https:\/\/arcticexcursions.com\/#website\"},\"datePublished\":\"2022-09-09T12:35:42+00:00\",\"dateModified\":\"2025-08-06T12:59:31+00:00\",\"description\":\"Gr\u00f8nlands Nationalpark er verdens st\u00f8rste nationalpark med sine 972.000 km\u00b2 ur\u00f8rte vildmark. Nationalparken omfatter den nord\u00f8stlige del af Gr\u00f8nland.\",\"breadcrumb\":{\"@id\":\"https:\/\/arcticexcursions.com\/da\/oplevelser-i-groenland\/nationalparken\/#breadcrumb\"},\"inLanguage\":\"da-DK\",\"potentialAction\":[{\"@type\":\"ReadAction\",\"target\":[\"https:\/\/arcticexcursions.com\/da\/oplevelser-i-groenland\/nationalparken\/\"]}]},{\"@type\":\"BreadcrumbList\",\"@id\":\"https:\/\/arcticexcursions.com\/da\/oplevelser-i-groenland\/nationalparken\/#breadcrumb\",\"itemListElement\":[{\"@type\":\"ListItem\",\"position\":1,\"name\":\"Home\",\"item\":\"https:\/\/arcticexcursions.com\/da\/\"},{\"@type\":\"ListItem\",\"position\":2,\"name\":\"Oplevelser i Gr\u00f8nland\",\"item\":\"https:\/\/arcticexcursions.com\/da\/oplevelser-i-groenland\/\"},{\"@type\":\"ListItem\",\"position\":3,\"name\":\"Nationalparken &#8211; L\u00e6s om Gr\u00f8nlands Nationalpark her\"}]},{\"@type\":\"WebSite\",\"@id\":\"https:\/\/arcticexcursions.com\/#website\",\"url\":\"https:\/\/arcticexcursions.com\/\",\"name\":\"Arctic Excursions\",\"description\":\"New adventures. Every day.\",\"publisher\":{\"@id\":\"https:\/\/arcticexcursions.com\/#organization\"},\"potentialAction\":[{\"@type\":\"SearchAction\",\"target\":{\"@type\":\"EntryPoint\",\"urlTemplate\":\"https:\/\/arcticexcursions.com\/?s={search_term_string}\"},\"query-input\":{\"@type\":\"PropertyValueSpecification\",\"valueRequired\":true,\"valueName\":\"search_term_string\"}}],\"inLanguage\":\"da-DK\"},{\"@type\":\"Organization\",\"@id\":\"https:\/\/arcticexcursions.com\/#organization\",\"name\":\"Arctic Excursions\",\"url\":\"https:\/\/arcticexcursions.com\/\",\"logo\":{\"@type\":\"ImageObject\",\"inLanguage\":\"da-DK\",\"@id\":\"https:\/\/arcticexcursions.com\/#\/schema\/logo\/image\/\",\"url\":\"https:\/\/arcticexcursions.com\/wp-content\/uploads\/2022\/11\/fb-logo.png\",\"contentUrl\":\"https:\/\/arcticexcursions.com\/wp-content\/uploads\/2022\/11\/fb-logo.png\",\"width\":523,\"height\":523,\"caption\":\"Arctic Excursions\"},\"image\":{\"@id\":\"https:\/\/arcticexcursions.com\/#\/schema\/logo\/image\/\"}}]}<\/script>\n<!-- \/ Yoast SEO plugin. -->","yoast_head_json":{"title":"Arctic Excursions","description":"Gr\u00f8nlands Nationalpark er verdens st\u00f8rste nationalpark med sine 972.000 km\u00b2 ur\u00f8rte vildmark. Nationalparken omfatter den nord\u00f8stlige del af Gr\u00f8nland.","robots":{"index":"index","follow":"follow","max-snippet":"max-snippet:-1","max-image-preview":"max-image-preview:large","max-video-preview":"max-video-preview:-1"},"canonical":"https:\/\/arcticexcursions.com\/da\/oplevelser-i-groenland\/nationalparken\/","og_locale":"da_DK","og_type":"article","og_title":"Nationalparken - L\u00e6s om Gr\u00f8nlands Nationalpark her - Arctic Excursions","og_description":"Gr\u00f8nlands Nationalpark er verdens st\u00f8rste nationalpark med sine 972.000 km\u00b2 ur\u00f8rte vildmark. Nationalparken omfatter den nord\u00f8stlige del af Gr\u00f8nland.","og_url":"https:\/\/arcticexcursions.com\/da\/oplevelser-i-groenland\/nationalparken\/","og_site_name":"Arctic Excursions","article_modified_time":"2025-08-06T12:59:31+00:00","twitter_card":"summary_large_image","twitter_misc":{"Estimeret l\u00e6setid":"4 minutter"},"schema":{"@context":"https:\/\/schema.org","@graph":[{"@type":"WebPage","@id":"https:\/\/arcticexcursions.com\/da\/oplevelser-i-groenland\/nationalparken\/","url":"https:\/\/arcticexcursions.com\/da\/oplevelser-i-groenland\/nationalparken\/","name":"Nationalparken - L\u00e6s om Gr\u00f8nlands Nationalpark her - Arctic Excursions","isPartOf":{"@id":"https:\/\/arcticexcursions.com\/#website"},"datePublished":"2022-09-09T12:35:42+00:00","dateModified":"2025-08-06T12:59:31+00:00","description":"Gr\u00f8nlands Nationalpark er verdens st\u00f8rste nationalpark med sine 972.000 km\u00b2 ur\u00f8rte vildmark. Nationalparken omfatter den nord\u00f8stlige del af Gr\u00f8nland.","breadcrumb":{"@id":"https:\/\/arcticexcursions.com\/da\/oplevelser-i-groenland\/nationalparken\/#breadcrumb"},"inLanguage":"da-DK","potentialAction":[{"@type":"ReadAction","target":["https:\/\/arcticexcursions.com\/da\/oplevelser-i-groenland\/nationalparken\/"]}]},{"@type":"BreadcrumbList","@id":"https:\/\/arcticexcursions.com\/da\/oplevelser-i-groenland\/nationalparken\/#breadcrumb","itemListElement":[{"@type":"ListItem","position":1,"name":"Home","item":"https:\/\/arcticexcursions.com\/da\/"},{"@type":"ListItem","position":2,"name":"Oplevelser i Gr\u00f8nland","item":"https:\/\/arcticexcursions.com\/da\/oplevelser-i-groenland\/"},{"@type":"ListItem","position":3,"name":"Nationalparken &#8211; L\u00e6s om Gr\u00f8nlands Nationalpark her"}]},{"@type":"WebSite","@id":"https:\/\/arcticexcursions.com\/#website","url":"https:\/\/arcticexcursions.com\/","name":"Arctic Excursions","description":"New adventures. Every day.","publisher":{"@id":"https:\/\/arcticexcursions.com\/#organization"},"potentialAction":[{"@type":"SearchAction","target":{"@type":"EntryPoint","urlTemplate":"https:\/\/arcticexcursions.com\/?s={search_term_string}"},"query-input":{"@type":"PropertyValueSpecification","valueRequired":true,"valueName":"search_term_string"}}],"inLanguage":"da-DK"},{"@type":"Organization","@id":"https:\/\/arcticexcursions.com\/#organization","name":"Arctic Excursions","url":"https:\/\/arcticexcursions.com\/","logo":{"@type":"ImageObject","inLanguage":"da-DK","@id":"https:\/\/arcticexcursions.com\/#\/schema\/logo\/image\/","url":"https:\/\/arcticexcursions.com\/wp-content\/uploads\/2022\/11\/fb-logo.png","contentUrl":"https:\/\/arcticexcursions.com\/wp-content\/uploads\/2022\/11\/fb-logo.png","width":523,"height":523,"caption":"Arctic Excursions"},"image":{"@id":"https:\/\/arcticexcursions.com\/#\/schema\/logo\/image\/"}}]}},"_links":{"self":[{"href":"https:\/\/arcticexcursions.com\/da\/wp-json\/wp\/v2\/pages\/2819"}],"collection":[{"href":"https:\/\/arcticexcursions.com\/da\/wp-json\/wp\/v2\/pages"}],"about":[{"href":"https:\/\/arcticexcursions.com\/da\/wp-json\/wp\/v2\/types\/page"}],"author":[{"embeddable":true,"href":"https:\/\/arcticexcursions.com\/da\/wp-json\/wp\/v2\/users\/3"}],"replies":[{"embeddable":true,"href":"https:\/\/arcticexcursions.com\/da\/wp-json\/wp\/v2\/comments?post=2819"}],"version-history":[{"count":0,"href":"https:\/\/arcticexcursions.com\/da\/wp-json\/wp\/v2\/pages\/2819\/revisions"}],"up":[{"embeddable":true,"href":"https:\/\/arcticexcursions.com\/da\/wp-json\/wp\/v2\/pages\/1167"}],"wp:attachment":[{"href":"https:\/\/arcticexcursions.com\/da\/wp-json\/wp\/v2\/media?parent=2819"}],"curies":[{"name":"wp","href":"https:\/\/api.w.org\/{rel}","templated":true}]}}