{"id":33997,"date":"2022-09-09T10:45:44","date_gmt":"2022-09-09T08:45:44","guid":{"rendered":"https:\/\/arcticexcursions.com\/?page_id=33997"},"modified":"2024-02-27T14:34:51","modified_gmt":"2024-02-27T12:34:51","slug":"oplevelser-i-kangerlussuaq","status":"publish","type":"page","link":"https:\/\/arcticexcursions.com\/da\/oplevelser-i-kangerlussuaq\/","title":{"rendered":"Oplevelser i Kangerlussuaq"},"content":{"rendered":"<div class=\"wpb-content-wrapper\"><p>[vc_row unlock_row_content=&#8221;yes&#8221; row_height_percent=&#8221;75&#8243; override_padding=&#8221;yes&#8221; h_padding=&#8221;7&#8243; top_padding=&#8221;4&#8243; bottom_padding=&#8221;4&#8243; back_image=&#8221;2448&#8243; back_position=&#8221;center center&#8221; overlay_color=&#8221;color-prif&#8221; overlay_alpha=&#8221;20&#8243; gutter_size=&#8221;3&#8243; column_width_percent=&#8221;100&#8243; shift_y=&#8221;0&#8243; z_index=&#8221;0&#8243; uncode_shortcode_id=&#8221;109297&#8243; overlay_color_type=&#8221;uncode-palette&#8221; row_height_pixel=&#8221;370&#8243;][vc_column column_width_percent=&#8221;100&#8243; position_vertical=&#8221;middle&#8221; align_horizontal=&#8221;align_center&#8221; gutter_size=&#8221;3&#8243; override_padding=&#8221;yes&#8221; column_padding=&#8221;0&#8243; style=&#8221;dark&#8221; overlay_alpha=&#8221;50&#8243; shift_x=&#8221;0&#8243; shift_y=&#8221;0&#8243; shift_y_down=&#8221;0&#8243; z_index=&#8221;0&#8243; medium_width=&#8221;0&#8243; mobile_width=&#8221;0&#8243; css_animation=&#8221;alpha-anim&#8221; width=&#8221;1\/1&#8243; uncode_shortcode_id=&#8221;125113&#8243;][vc_custom_heading heading_semantic=&#8221;h1&#8243; text_size=&#8221;h1&#8243; text_height=&#8221;fontheight-112312&#8243; css_animation=&#8221;typewriter&#8221; animation_speed=&#8221;700&#8243; animation_delay=&#8221;300&#8243; uncode_shortcode_id=&#8221;756551&#8243;]Oplevelser i Kangerlussuaq[\/vc_custom_heading][\/vc_column][\/vc_row][vc_row row_height_percent=&#8221;0&#8243; override_padding=&#8221;yes&#8221; h_padding=&#8221;3&#8243; top_padding=&#8221;3&#8243; bottom_padding=&#8221;3&#8243; overlay_alpha=&#8221;50&#8243; gutter_size=&#8221;3&#8243; column_width_percent=&#8221;100&#8243; shift_y=&#8221;0&#8243; z_index=&#8221;0&#8243; uncode_shortcode_id=&#8221;131094&#8243;][vc_column width=&#8221;2\/3&#8243;][vc_custom_heading heading_semantic=&#8221;h1&#8243; text_size=&#8221;h1&#8243; uncode_shortcode_id=&#8221;821831&#8243;]Oplevelser i Kangerlussuaq[\/vc_custom_heading][vc_column_text uncode_shortcode_id=&#8221;793303&#8243;]Kangerlussuaq, en unik destination i Vestgr\u00f8nland, er ber\u00f8mt for sin enest\u00e5ende adgang til indlandsisen og et utal af arktiske eventyr. Denne tidligere amerikanske luftbase er nu et centralt knudepunkt for oplevelser i Kangerlussuaq til rejsende, der s\u00f8ger uforglemmelige naturoplevelser.<\/p>\n<p>Fra vandring p\u00e5 indlandsisen til at iagttage det rige dyreliv og de dramatiske nordlys, byder Kangerlussuaq p\u00e5 en bred palette af aktiviteter, der appellerer til eventyrlystne sj\u00e6le og naturelskere. Byen er et perfekt udgangspunkt for at udforske Gr\u00f8nlands r\u00e5 sk\u00f8nhed og opleve den enest\u00e5ende kultur og historie.[\/vc_column_text][\/vc_column][vc_column width=&#8221;1\/3&#8243;][vc_single_image media=&#8221;1508&#8243; media_width_percent=&#8221;100&#8243; uncode_shortcode_id=&#8221;210561&#8243;][\/vc_column][\/vc_row][vc_row row_height_percent=&#8221;0&#8243; override_padding=&#8221;yes&#8221; h_padding=&#8221;2&#8243; top_padding=&#8221;5&#8243; bottom_padding=&#8221;5&#8243; overlay_alpha=&#8221;50&#8243; equal_height=&#8221;yes&#8221; gutter_size=&#8221;4&#8243; column_width_percent=&#8221;100&#8243; shift_y=&#8221;0&#8243; z_index=&#8221;0&#8243;][vc_column column_width_percent=&#8221;100&#8243; position_vertical=&#8221;middle&#8221; align_horizontal=&#8221;align_center&#8221; gutter_size=&#8221;3&#8243; overlay_alpha=&#8221;50&#8243; shift_x=&#8221;0&#8243; shift_y=&#8221;0&#8243; shift_y_down=&#8221;0&#8243; z_index=&#8221;0&#8243; medium_width=&#8221;0&#8243; mobile_width=&#8221;0&#8243; width=&#8221;1\/2&#8243;][vc_single_image media=&#8221;2289&#8243; media_width_percent=&#8221;100&#8243; media_ratio=&#8221;sixteen-nine&#8221; uncode_shortcode_id=&#8221;195628&#8243;][vc_custom_heading heading_semantic=&#8221;h3&#8243; subheading=&#8221;Vandring og vandreture omkring Kangerlussuaq er blandt de mest tilg\u00e6ngelige og bel\u00f8nnende m\u00e5der at udforske det arktiske landskab. Omr\u00e5det tilbyder en r\u00e6kke stier, der str\u00e6kker sig fra lette g\u00e5ture til udfordrende vandreture p\u00e5 indlandsisen. En popul\u00e6r rute er stien til Russell Gletsjeren, hvor vandrere kan opleve gletsjerens majest\u00e6t p\u00e5 n\u00e6rt hold. Vandring i dette omr\u00e5de giver en unik mulighed for at opleve det dramatiske landskab, observere det lokale dyreliv og nyde den friske arktiske luft.&#8221; uncode_shortcode_id=&#8221;182761&#8243;]Vandring og vandreture i Kangerlussuaq[\/vc_custom_heading][vc_button button_color=&#8221;accent&#8221; border_width=&#8221;0&#8243; link=&#8221;url:https%3A%2F%2Farcticexcursions.com%2Fda%2Fudflugter%2F%3Flocation%3Dkangerlussuaq-da%26type%3Dvandreture&#8221; button_color_type=&#8221;uncode-palette&#8221; uncode_shortcode_id=&#8221;743367&#8243;]Vandreture[\/vc_button][\/vc_column][vc_column column_width_percent=&#8221;100&#8243; align_horizontal=&#8221;align_center&#8221; gutter_size=&#8221;3&#8243; overlay_alpha=&#8221;50&#8243; shift_x=&#8221;0&#8243; shift_y=&#8221;0&#8243; shift_y_down=&#8221;0&#8243; z_index=&#8221;0&#8243; medium_width=&#8221;0&#8243; mobile_width=&#8221;0&#8243; width=&#8221;1\/2&#8243;][vc_single_image media=&#8221;1608&#8243; media_width_percent=&#8221;100&#8243; media_ratio=&#8221;sixteen-nine&#8221; uncode_shortcode_id=&#8221;162030&#8243;][vc_custom_heading heading_semantic=&#8221;h3&#8243; subheading=&#8221;Krydstogter med Kangerlussuaq som stoppested giver en enest\u00e5ende chance for at opleve Gr\u00f8nlands kyst fra vandet. Disse rejser tilbyder en blanding af luksus og eventyr, hvor passagererne kan nyde de storsl\u00e5ede udsigter, udforske fjordene, og l\u00e6re om det lokale dyreliv og kultur. Krydstogter i Kangerlussuaq er en ideel m\u00e5de at opleve det bedste af Gr\u00f8nland p\u00e5, med komfortable faciliteter og guidede ture, der sikrer en fuldendt arktisk oplevelse.&#8221; uncode_shortcode_id=&#8221;873661&#8243;]Krydstogt i Kangerlussuaq[\/vc_custom_heading][\/vc_column][\/vc_row][vc_row row_height_percent=&#8221;0&#8243; override_padding=&#8221;yes&#8221; h_padding=&#8221;3&#8243; top_padding=&#8221;3&#8243; bottom_padding=&#8221;3&#8243; overlay_alpha=&#8221;50&#8243; gutter_size=&#8221;3&#8243; column_width_percent=&#8221;100&#8243; shift_y=&#8221;0&#8243; z_index=&#8221;0&#8243; inverted_device_order=&#8221;yes&#8221; uncode_shortcode_id=&#8221;113261&#8243;][vc_column width=&#8221;1\/3&#8243;][vc_single_image media=&#8221;14635&#8243; media_width_percent=&#8221;100&#8243; uncode_shortcode_id=&#8221;349296&#8243;][\/vc_column][vc_column width=&#8221;2\/3&#8243;][vc_custom_heading text_size=&#8221;h1&#8243; uncode_shortcode_id=&#8221;199752&#8243;]Isbjerge i Kangerlussuaq[\/vc_custom_heading][vc_column_text uncode_shortcode_id=&#8221;192962&#8243;]Selvom Kangerlussuaq ikke er kendt for isbjerge i samme omfang som andre steder i Gr\u00f8nland, tilbyder omr\u00e5det stadig muligheder for at opleve disse flydende giganter. En tur til kysten eller en sejltur i fjorden kan give et glimt af isbjerge, der kommer drivende fra de mere isfyldte regioner. Disse isbjerge er et vidnesbyrd om den dynamiske natur af Gr\u00f8nlands gletsjere og tilbyder en unik mulighed for at opleve isens sk\u00f8nhed og magt.[\/vc_column_text][vc_button border_width=&#8221;0&#8243; uncode_shortcode_id=&#8221;245088&#8243; link=&#8221;url:https%3A%2F%2Farcticexcursions.com%2Fda%2Fudflugter%2F%3Flocation%3Dkangerlussuaq-da%26type%3Disbjerge&#8221;]Isbjerge[\/vc_button][\/vc_column][\/vc_row][vc_row row_height_percent=&#8221;0&#8243; override_padding=&#8221;yes&#8221; h_padding=&#8221;2&#8243; top_padding=&#8221;5&#8243; bottom_padding=&#8221;5&#8243; overlay_alpha=&#8221;50&#8243; equal_height=&#8221;yes&#8221; gutter_size=&#8221;4&#8243; column_width_percent=&#8221;100&#8243; shift_y=&#8221;0&#8243; z_index=&#8221;0&#8243;][vc_column column_width_percent=&#8221;100&#8243; position_vertical=&#8221;middle&#8221; align_horizontal=&#8221;align_center&#8221; gutter_size=&#8221;3&#8243; overlay_alpha=&#8221;50&#8243; shift_x=&#8221;0&#8243; shift_y=&#8221;0&#8243; shift_y_down=&#8221;0&#8243; z_index=&#8221;0&#8243; medium_width=&#8221;0&#8243; mobile_width=&#8221;0&#8243; width=&#8221;1\/2&#8243;][vc_single_image media=&#8221;2301&#8243; media_width_percent=&#8221;100&#8243; media_ratio=&#8221;sixteen-nine&#8221; uncode_shortcode_id=&#8221;128165&#8243;][vc_custom_heading heading_semantic=&#8221;h3&#8243; subheading=&#8221;For\u00e5ret og p\u00e5skeferien markerer en s\u00e6rlig tid i Kangerlussuaq, hvor naturen langsomt v\u00e5gner til live efter den lange vinter. Dette er en ideel tid for de f\u00f8rste vandreture i s\u00e6sonen, n\u00e5r sneen begynder at smelte og afsl\u00f8rer det underliggende landskab. P\u00e5skefejringen bringer ogs\u00e5 lokale traditioner til live, med muligheder for at opleve gr\u00f8nlandsk kultur gennem f\u00e6llesskabsarrangementer og m\u00e5ltider. Det er en tid med fornyelse og fejring, der byder velkommen til de lysere m\u00e5neder.&#8221; uncode_shortcode_id=&#8221;480518&#8243;]For\u00e5r og P\u00e5skeferie i Kangerlussuaq[\/vc_custom_heading][vc_button button_color=&#8221;accent&#8221; border_width=&#8221;0&#8243; link=&#8221;url:https%3A%2F%2Farcticexcursions.com%2Fda%2Fudflugter%2F%3FdateFrom%3D2024-03-01%26dateTo%3D2024-05-31%26location%3Dkangerlussuaq-da&#8221; button_color_type=&#8221;uncode-palette&#8221; uncode_shortcode_id=&#8221;166172&#8243;]For\u00e5r[\/vc_button][\/vc_column][vc_column column_width_percent=&#8221;100&#8243; align_horizontal=&#8221;align_center&#8221; gutter_size=&#8221;3&#8243; overlay_alpha=&#8221;50&#8243; shift_x=&#8221;0&#8243; shift_y=&#8221;0&#8243; shift_y_down=&#8221;0&#8243; z_index=&#8221;0&#8243; medium_width=&#8221;0&#8243; mobile_width=&#8221;0&#8243; width=&#8221;1\/2&#8243;][vc_single_image media=&#8221;2295&#8243; media_width_percent=&#8221;100&#8243; media_ratio=&#8221;sixteen-nine&#8221; uncode_shortcode_id=&#8221;212738&#8243;][vc_custom_heading heading_semantic=&#8221;h3&#8243; subheading=&#8221;Sommeren i Kangerlussuaq er en tid med midnatssol, hvor solen aldrig helt s\u00e6tter sig, og naturen er p\u00e5 sit mest levende. Denne periode tilbyder de bedste forhold for vandreture, sejlture, og dyrelivsobservationer. Sommeren er ogs\u00e5 en fantastisk tid til at bes\u00f8ge indlandsisen, hvor det er muligt at vandre p\u00e5 isen og opleve dens overv\u00e6ldende sk\u00f8nhed. Byen og det omkringliggende omr\u00e5de er fyldt med aktiviteter, der appellerer til eventyrlystne sj\u00e6le, der \u00f8nsker at udforske det unikke arktiske landskab.&#8221; uncode_shortcode_id=&#8221;101679&#8243;]Sommer og Sommerferie i Kangerlussuaq[\/vc_custom_heading][vc_button button_color=&#8221;accent&#8221; border_width=&#8221;0&#8243; link=&#8221;url:https%3A%2F%2Farcticexcursions.com%2Fda%2Fudflugter%2F%3FdateFrom%3D2024-06-01%26dateTo%3D2024-08-31%26location%3Dkangerlussuaq-da&#8221; button_color_type=&#8221;uncode-palette&#8221; uncode_shortcode_id=&#8221;191018&#8243;]Sommer[\/vc_button][\/vc_column][\/vc_row][vc_row row_height_percent=&#8221;0&#8243; override_padding=&#8221;yes&#8221; h_padding=&#8221;3&#8243; top_padding=&#8221;3&#8243; bottom_padding=&#8221;5&#8243; overlay_alpha=&#8221;50&#8243; gutter_size=&#8221;3&#8243; column_width_use_pixel=&#8221;yes&#8221; shift_y=&#8221;0&#8243; z_index=&#8221;0&#8243; uncode_shortcode_id=&#8221;457224&#8243;][vc_column column_width_percent=&#8221;100&#8243; gutter_size=&#8221;3&#8243; overlay_alpha=&#8221;50&#8243; shift_x=&#8221;0&#8243; shift_y=&#8221;0&#8243; shift_y_down=&#8221;0&#8243; z_index=&#8221;0&#8243; medium_width=&#8221;0&#8243; mobile_width=&#8221;0&#8243; css_animation=&#8221;bottom-t-top&#8221; width=&#8221;2\/3&#8243; uncode_shortcode_id=&#8221;149135&#8243;][vc_custom_heading text_size=&#8221;h1&#8243; uncode_shortcode_id=&#8221;149518&#8243;]Sightseeing i Kangerlussuaq[\/vc_custom_heading][vc_column_text uncode_shortcode_id=&#8221;846276&#8243;]Sightseeing i Kangerlussuaq tilbyder en fascinerende indsigt i b\u00e5de det naturlige og det menneskeskabte landskab. Bes\u00f8gende kan udforske byens historiske steder, herunder den gamle amerikanske luftbase og det lokale museum, der fort\u00e6ller om omr\u00e5dets unikke historie. En tur til havnen giver chancen for at se det arktiske dyreliv, mens en k\u00f8retur til indlandsisen afsl\u00f8rer de betagende syn af et af verdens st\u00f8rste iskapper. Sightseeing her kombinerer natursk\u00f8nne sk\u00f8nheder med kulturelle oplevelser, hvilket g\u00f8r det til en berigende del af ethvert bes\u00f8g i Kangerlussuaq.[\/vc_column_text][vc_button border_width=&#8221;0&#8243; uncode_shortcode_id=&#8221;911755&#8243; link=&#8221;url:https%3A%2F%2Farcticexcursions.com%2Fda%2Fudflugter%2F%3Flocation%3Dkangerlussuaq-da%26type%3Dbaadture%252Cbyvandring%252Cflightseeing%252Chvalsafari%252Cisbjerge%252Ckultur&#8221;]Sightseeing[\/vc_button][\/vc_column][vc_column width=&#8221;1\/3&#8243;][vc_single_image media=&#8221;2335&#8243; media_width_percent=&#8221;100&#8243; uncode_shortcode_id=&#8221;186706&#8243;][\/vc_column][\/vc_row][vc_row row_height_percent=&#8221;0&#8243; override_padding=&#8221;yes&#8221; h_padding=&#8221;2&#8243; top_padding=&#8221;5&#8243; bottom_padding=&#8221;5&#8243; overlay_alpha=&#8221;50&#8243; equal_height=&#8221;yes&#8221; gutter_size=&#8221;4&#8243; column_width_percent=&#8221;100&#8243; shift_y=&#8221;0&#8243; z_index=&#8221;0&#8243;][vc_column column_width_percent=&#8221;100&#8243; position_vertical=&#8221;middle&#8221; align_horizontal=&#8221;align_center&#8221; gutter_size=&#8221;3&#8243; overlay_alpha=&#8221;50&#8243; shift_x=&#8221;0&#8243; shift_y=&#8221;0&#8243; shift_y_down=&#8221;0&#8243; z_index=&#8221;0&#8243; medium_width=&#8221;0&#8243; mobile_width=&#8221;0&#8243; width=&#8221;1\/2&#8243;][vc_single_image media=&#8221;2343&#8243; media_width_percent=&#8221;100&#8243; media_ratio=&#8221;sixteen-nine&#8221; uncode_shortcode_id=&#8221;608714&#8243;][vc_custom_heading heading_semantic=&#8221;h3&#8243; subheading=&#8221;Efter\u00e5ret i Kangerlussuaq byder p\u00e5 en eksplosion af farver, da tundraen kl\u00e6der sig i r\u00f8dt, orange og gult. Det er en fantastisk tid for vandreture og fotografering, hvor det k\u00f8ligere vejr og de klare dage skaber perfekte betingelser for at udforske det arktiske landskab. Efter\u00e5ret er ogs\u00e5 en god tid for dyrelivsobservationer, da mange arter forbereder sig p\u00e5 den kommende vinter. Denne \u00e5rstid bringer en f\u00f8lelse af ro og forberedelse, mens naturen g\u00f8r sig klar til de kolde m\u00e5neder.&#8221; uncode_shortcode_id=&#8221;354450&#8243;]Efter\u00e5r og Efter\u00e5rsferie i Kangerlussuaq[\/vc_custom_heading][vc_button button_color=&#8221;accent&#8221; border_width=&#8221;0&#8243; link=&#8221;url:https%3A%2F%2Farcticexcursions.com%2Fda%2Fudflugter%2F%3FdateFrom%3D2024-09-01%26dateTo%3D2024-11-30%26location%3Dkangerlussuaq-da&#8221; button_color_type=&#8221;uncode-palette&#8221; uncode_shortcode_id=&#8221;131906&#8243;]Efter\u00e5r[\/vc_button][\/vc_column][vc_column column_width_percent=&#8221;100&#8243; align_horizontal=&#8221;align_center&#8221; gutter_size=&#8221;3&#8243; overlay_alpha=&#8221;50&#8243; shift_x=&#8221;0&#8243; shift_y=&#8221;0&#8243; shift_y_down=&#8221;0&#8243; z_index=&#8221;0&#8243; medium_width=&#8221;0&#8243; mobile_width=&#8221;0&#8243; width=&#8221;1\/2&#8243;][vc_single_image media=&#8221;2306&#8243; media_width_percent=&#8221;100&#8243; media_ratio=&#8221;sixteen-nine&#8221; uncode_shortcode_id=&#8221;202593&#8243;][vc_custom_heading heading_semantic=&#8221;h3&#8243; subheading=&#8221;Vinteren i Kangerlussuaq er en magisk tid, hvor sneen d\u00e6kker landskabet, og de m\u00f8rke n\u00e6tter byder p\u00e5 chancen for at opleve nordlyset. Det er den perfekte s\u00e6son for snescooterk\u00f8rsel og ture til indlandsisen, hvor bes\u00f8gende kan nyde det snekl\u00e6dte landskab i fulde drag. Vinteren tilbyder ogs\u00e5 en unik mulighed for at opleve den arktiske stilhed og sk\u00f8nhed, der er karakteristisk for Gr\u00f8nlands vinterlandskab.&#8221; uncode_shortcode_id=&#8221;210302&#8243;]Vinter og Vinterferie i Kangerlussuaq[\/vc_custom_heading][vc_button button_color=&#8221;accent&#8221; border_width=&#8221;0&#8243; link=&#8221;url:https%3A%2F%2Farcticexcursions.com%2Fda%2Fudflugter%2F%3FdateFrom%3D2024-12-01%26dateTo%3D2025-02-28%26location%3Dkangerlussuaq-da&#8221; button_color_type=&#8221;uncode-palette&#8221; uncode_shortcode_id=&#8221;200503&#8243;]Vinter[\/vc_button][\/vc_column][\/vc_row]<\/p>\n<\/div>","protected":false},"excerpt":{"rendered":"<p>[vc_row unlock_row_content=&#8221;yes&#8221; row_height_percent=&#8221;75&#8243; override_padding=&#8221;yes&#8221; h_padding=&#8221;7&#8243; top_padding=&#8221;4&#8243; bottom_padding=&#8221;4&#8243; back_image=&#8221;2448&#8243; back_position=&#8221;center center&#8221; overlay_color=&#8221;color-prif&#8221; overlay_alpha=&#8221;20&#8243; gutter_size=&#8221;3&#8243; column_width_percent=&#8221;100&#8243; shift_y=&#8221;0&#8243; z_index=&#8221;0&#8243; uncode_shortcode_id=&#8221;109297&#8243; overlay_color_type=&#8221;uncode-palette&#8221; row_height_pixel=&#8221;370&#8243;][vc_column column_width_percent=&#8221;100&#8243; [&hellip;]<\/p>\n","protected":false},"author":3,"featured_media":0,"parent":0,"menu_order":0,"comment_status":"closed","ping_status":"closed","template":"","meta":{"_acf_changed":false,"footnotes":""},"class_list":["post-33997","page","type-page","status-publish","hentry"],"acf":[],"yoast_head":"<!-- This site is optimized with the Yoast SEO plugin v23.6 - https:\/\/yoast.com\/wordpress\/plugins\/seo\/ -->\n<title>Arctic Excursions<\/title>\n<meta name=\"description\" content=\"Fra vandring p\u00e5 indlandsisen til at iagttage af dyreliv og de dramatiske nordlys, bydes der p\u00e5 en bred palette af oplevelser i Kangerlussuaq.\" \/>\n<meta name=\"robots\" content=\"index, follow, max-snippet:-1, max-image-preview:large, max-video-preview:-1\" \/>\n<link rel=\"canonical\" href=\"https:\/\/arcticexcursions.com\/da\/oplevelser-i-kangerlussuaq\/\" \/>\n<meta property=\"og:locale\" content=\"da_DK\" \/>\n<meta property=\"og:type\" content=\"article\" \/>\n<meta property=\"og:title\" content=\"Oplevelser i Kangerlussuaq - Arctic Excursions\" \/>\n<meta property=\"og:description\" content=\"Fra vandring p\u00e5 indlandsisen til at iagttage af dyreliv og de dramatiske nordlys, bydes der p\u00e5 en bred palette af oplevelser i Kangerlussuaq.\" \/>\n<meta property=\"og:url\" content=\"https:\/\/arcticexcursions.com\/da\/oplevelser-i-kangerlussuaq\/\" \/>\n<meta property=\"og:site_name\" content=\"Arctic Excursions\" \/>\n<meta property=\"article:modified_time\" content=\"2024-02-27T12:34:51+00:00\" \/>\n<meta name=\"twitter:card\" content=\"summary_large_image\" \/>\n<meta name=\"twitter:label1\" content=\"Estimeret l\u00e6setid\" \/>\n\t<meta name=\"twitter:data1\" content=\"5 minutter\" \/>\n<script type=\"application\/ld+json\" class=\"yoast-schema-graph\">{\"@context\":\"https:\/\/schema.org\",\"@graph\":[{\"@type\":\"WebPage\",\"@id\":\"https:\/\/arcticexcursions.com\/da\/oplevelser-i-kangerlussuaq\/\",\"url\":\"https:\/\/arcticexcursions.com\/da\/oplevelser-i-kangerlussuaq\/\",\"name\":\"Oplevelser i Kangerlussuaq - Arctic Excursions\",\"isPartOf\":{\"@id\":\"https:\/\/arcticexcursions.com\/#website\"},\"datePublished\":\"2022-09-09T08:45:44+00:00\",\"dateModified\":\"2024-02-27T12:34:51+00:00\",\"description\":\"Fra vandring p\u00e5 indlandsisen til at iagttage af dyreliv og de dramatiske nordlys, bydes der p\u00e5 en bred palette af oplevelser i Kangerlussuaq.\",\"breadcrumb\":{\"@id\":\"https:\/\/arcticexcursions.com\/da\/oplevelser-i-kangerlussuaq\/#breadcrumb\"},\"inLanguage\":\"da-DK\",\"potentialAction\":[{\"@type\":\"ReadAction\",\"target\":[\"https:\/\/arcticexcursions.com\/da\/oplevelser-i-kangerlussuaq\/\"]}]},{\"@type\":\"BreadcrumbList\",\"@id\":\"https:\/\/arcticexcursions.com\/da\/oplevelser-i-kangerlussuaq\/#breadcrumb\",\"itemListElement\":[{\"@type\":\"ListItem\",\"position\":1,\"name\":\"Home\",\"item\":\"https:\/\/arcticexcursions.com\/da\/\"},{\"@type\":\"ListItem\",\"position\":2,\"name\":\"Oplevelser i Kangerlussuaq\"}]},{\"@type\":\"WebSite\",\"@id\":\"https:\/\/arcticexcursions.com\/#website\",\"url\":\"https:\/\/arcticexcursions.com\/\",\"name\":\"Arctic Excursions\",\"description\":\"New adventures. Every day.\",\"publisher\":{\"@id\":\"https:\/\/arcticexcursions.com\/#organization\"},\"potentialAction\":[{\"@type\":\"SearchAction\",\"target\":{\"@type\":\"EntryPoint\",\"urlTemplate\":\"https:\/\/arcticexcursions.com\/?s={search_term_string}\"},\"query-input\":{\"@type\":\"PropertyValueSpecification\",\"valueRequired\":true,\"valueName\":\"search_term_string\"}}],\"inLanguage\":\"da-DK\"},{\"@type\":\"Organization\",\"@id\":\"https:\/\/arcticexcursions.com\/#organization\",\"name\":\"Arctic Excursions\",\"url\":\"https:\/\/arcticexcursions.com\/\",\"logo\":{\"@type\":\"ImageObject\",\"inLanguage\":\"da-DK\",\"@id\":\"https:\/\/arcticexcursions.com\/#\/schema\/logo\/image\/\",\"url\":\"https:\/\/arcticexcursions.com\/wp-content\/uploads\/2022\/11\/fb-logo.png\",\"contentUrl\":\"https:\/\/arcticexcursions.com\/wp-content\/uploads\/2022\/11\/fb-logo.png\",\"width\":523,\"height\":523,\"caption\":\"Arctic Excursions\"},\"image\":{\"@id\":\"https:\/\/arcticexcursions.com\/#\/schema\/logo\/image\/\"}}]}<\/script>\n<!-- \/ Yoast SEO plugin. -->","yoast_head_json":{"title":"Arctic Excursions","description":"Fra vandring p\u00e5 indlandsisen til at iagttage af dyreliv og de dramatiske nordlys, bydes der p\u00e5 en bred palette af oplevelser i Kangerlussuaq.","robots":{"index":"index","follow":"follow","max-snippet":"max-snippet:-1","max-image-preview":"max-image-preview:large","max-video-preview":"max-video-preview:-1"},"canonical":"https:\/\/arcticexcursions.com\/da\/oplevelser-i-kangerlussuaq\/","og_locale":"da_DK","og_type":"article","og_title":"Oplevelser i Kangerlussuaq - Arctic Excursions","og_description":"Fra vandring p\u00e5 indlandsisen til at iagttage af dyreliv og de dramatiske nordlys, bydes der p\u00e5 en bred palette af oplevelser i Kangerlussuaq.","og_url":"https:\/\/arcticexcursions.com\/da\/oplevelser-i-kangerlussuaq\/","og_site_name":"Arctic Excursions","article_modified_time":"2024-02-27T12:34:51+00:00","twitter_card":"summary_large_image","twitter_misc":{"Estimeret l\u00e6setid":"5 minutter"},"schema":{"@context":"https:\/\/schema.org","@graph":[{"@type":"WebPage","@id":"https:\/\/arcticexcursions.com\/da\/oplevelser-i-kangerlussuaq\/","url":"https:\/\/arcticexcursions.com\/da\/oplevelser-i-kangerlussuaq\/","name":"Oplevelser i Kangerlussuaq - Arctic Excursions","isPartOf":{"@id":"https:\/\/arcticexcursions.com\/#website"},"datePublished":"2022-09-09T08:45:44+00:00","dateModified":"2024-02-27T12:34:51+00:00","description":"Fra vandring p\u00e5 indlandsisen til at iagttage af dyreliv og de dramatiske nordlys, bydes der p\u00e5 en bred palette af oplevelser i Kangerlussuaq.","breadcrumb":{"@id":"https:\/\/arcticexcursions.com\/da\/oplevelser-i-kangerlussuaq\/#breadcrumb"},"inLanguage":"da-DK","potentialAction":[{"@type":"ReadAction","target":["https:\/\/arcticexcursions.com\/da\/oplevelser-i-kangerlussuaq\/"]}]},{"@type":"BreadcrumbList","@id":"https:\/\/arcticexcursions.com\/da\/oplevelser-i-kangerlussuaq\/#breadcrumb","itemListElement":[{"@type":"ListItem","position":1,"name":"Home","item":"https:\/\/arcticexcursions.com\/da\/"},{"@type":"ListItem","position":2,"name":"Oplevelser i Kangerlussuaq"}]},{"@type":"WebSite","@id":"https:\/\/arcticexcursions.com\/#website","url":"https:\/\/arcticexcursions.com\/","name":"Arctic Excursions","description":"New adventures. Every day.","publisher":{"@id":"https:\/\/arcticexcursions.com\/#organization"},"potentialAction":[{"@type":"SearchAction","target":{"@type":"EntryPoint","urlTemplate":"https:\/\/arcticexcursions.com\/?s={search_term_string}"},"query-input":{"@type":"PropertyValueSpecification","valueRequired":true,"valueName":"search_term_string"}}],"inLanguage":"da-DK"},{"@type":"Organization","@id":"https:\/\/arcticexcursions.com\/#organization","name":"Arctic Excursions","url":"https:\/\/arcticexcursions.com\/","logo":{"@type":"ImageObject","inLanguage":"da-DK","@id":"https:\/\/arcticexcursions.com\/#\/schema\/logo\/image\/","url":"https:\/\/arcticexcursions.com\/wp-content\/uploads\/2022\/11\/fb-logo.png","contentUrl":"https:\/\/arcticexcursions.com\/wp-content\/uploads\/2022\/11\/fb-logo.png","width":523,"height":523,"caption":"Arctic Excursions"},"image":{"@id":"https:\/\/arcticexcursions.com\/#\/schema\/logo\/image\/"}}]}},"_links":{"self":[{"href":"https:\/\/arcticexcursions.com\/da\/wp-json\/wp\/v2\/pages\/33997"}],"collection":[{"href":"https:\/\/arcticexcursions.com\/da\/wp-json\/wp\/v2\/pages"}],"about":[{"href":"https:\/\/arcticexcursions.com\/da\/wp-json\/wp\/v2\/types\/page"}],"author":[{"embeddable":true,"href":"https:\/\/arcticexcursions.com\/da\/wp-json\/wp\/v2\/users\/3"}],"replies":[{"embeddable":true,"href":"https:\/\/arcticexcursions.com\/da\/wp-json\/wp\/v2\/comments?post=33997"}],"version-history":[{"count":0,"href":"https:\/\/arcticexcursions.com\/da\/wp-json\/wp\/v2\/pages\/33997\/revisions"}],"wp:attachment":[{"href":"https:\/\/arcticexcursions.com\/da\/wp-json\/wp\/v2\/media?parent=33997"}],"curies":[{"name":"wp","href":"https:\/\/api.w.org\/{rel}","templated":true}]}}