{"id":33998,"date":"2022-09-09T14:39:45","date_gmt":"2022-09-09T12:39:45","guid":{"rendered":"https:\/\/arcticexcursions.com\/?page_id=33998"},"modified":"2024-02-27T14:30:03","modified_gmt":"2024-02-27T12:30:03","slug":"oplevelser-i-narsarsuaq","status":"publish","type":"page","link":"https:\/\/arcticexcursions.com\/da\/oplevelser-i-narsarsuaq\/","title":{"rendered":"Oplevelser i Narsarsuaq"},"content":{"rendered":"<div class=\"wpb-content-wrapper\"><p>[vc_row unlock_row_content=&#8221;yes&#8221; row_height_percent=&#8221;75&#8243; override_padding=&#8221;yes&#8221; h_padding=&#8221;7&#8243; top_padding=&#8221;4&#8243; bottom_padding=&#8221;4&#8243; back_image=&#8221;2448&#8243; back_position=&#8221;center center&#8221; overlay_color=&#8221;color-prif&#8221; overlay_alpha=&#8221;20&#8243; gutter_size=&#8221;3&#8243; column_width_percent=&#8221;100&#8243; shift_y=&#8221;0&#8243; z_index=&#8221;0&#8243; uncode_shortcode_id=&#8221;109297&#8243; overlay_color_type=&#8221;uncode-palette&#8221; row_height_pixel=&#8221;370&#8243;][vc_column column_width_percent=&#8221;100&#8243; position_vertical=&#8221;middle&#8221; align_horizontal=&#8221;align_center&#8221; gutter_size=&#8221;3&#8243; override_padding=&#8221;yes&#8221; column_padding=&#8221;0&#8243; style=&#8221;dark&#8221; overlay_alpha=&#8221;50&#8243; shift_x=&#8221;0&#8243; shift_y=&#8221;0&#8243; shift_y_down=&#8221;0&#8243; z_index=&#8221;0&#8243; medium_width=&#8221;0&#8243; mobile_width=&#8221;0&#8243; css_animation=&#8221;alpha-anim&#8221; width=&#8221;1\/1&#8243; uncode_shortcode_id=&#8221;125113&#8243;][vc_custom_heading heading_semantic=&#8221;h1&#8243; text_size=&#8221;h1&#8243; text_height=&#8221;fontheight-112312&#8243; css_animation=&#8221;typewriter&#8221; animation_speed=&#8221;700&#8243; animation_delay=&#8221;300&#8243; uncode_shortcode_id=&#8221;145428&#8243;]Oplevelser i Narsarsuaq[\/vc_custom_heading][\/vc_column][\/vc_row][vc_row row_height_percent=&#8221;0&#8243; override_padding=&#8221;yes&#8221; h_padding=&#8221;3&#8243; top_padding=&#8221;3&#8243; bottom_padding=&#8221;3&#8243; overlay_alpha=&#8221;50&#8243; gutter_size=&#8221;3&#8243; column_width_percent=&#8221;100&#8243; shift_y=&#8221;0&#8243; z_index=&#8221;0&#8243; uncode_shortcode_id=&#8221;131094&#8243;][vc_column width=&#8221;2\/3&#8243;][vc_custom_heading heading_semantic=&#8221;h1&#8243; text_size=&#8221;h1&#8243; uncode_shortcode_id=&#8221;111630&#8243;]Oplevelser i Narsarsuaq[\/vc_custom_heading][vc_column_text uncode_shortcode_id=&#8221;433531&#8243;]Narsarsuaq er en lille, men betydningsfuld by i det sydlige Gr\u00f8nland, der fungerer som en gateway til nogle af de mest spektakul\u00e6re natursk\u00f8nheder i landet. Omringet af majest\u00e6tiske fjelde og t\u00e6t p\u00e5 den imponerende indlandsis, tilbydes oplevelser i Narsarsuaq til bes\u00f8gende med en unik mulighed for at dykke ned i Gr\u00f8nlands rige historie og opleve dens uber\u00f8rte natur.<\/p>\n<p>Fra vandring p\u00e5 indlandsisen til at udforske de historiske vikingesites, byder Narsarsuaq p\u00e5 en mangfoldighed af oplevelser, der vil tilfredsstille eventyrlystne sj\u00e6le og historieentusiaster.[\/vc_column_text][\/vc_column][vc_column width=&#8221;1\/3&#8243;][vc_single_image media=&#8221;1520&#8243; media_width_percent=&#8221;100&#8243; uncode_shortcode_id=&#8221;180199&#8243;][\/vc_column][\/vc_row][vc_row row_height_percent=&#8221;0&#8243; override_padding=&#8221;yes&#8221; h_padding=&#8221;2&#8243; top_padding=&#8221;5&#8243; bottom_padding=&#8221;5&#8243; overlay_alpha=&#8221;50&#8243; equal_height=&#8221;yes&#8221; gutter_size=&#8221;4&#8243; column_width_percent=&#8221;100&#8243; shift_y=&#8221;0&#8243; z_index=&#8221;0&#8243;][vc_column column_width_percent=&#8221;100&#8243; position_vertical=&#8221;middle&#8221; align_horizontal=&#8221;align_center&#8221; gutter_size=&#8221;3&#8243; overlay_alpha=&#8221;50&#8243; shift_x=&#8221;0&#8243; shift_y=&#8221;0&#8243; shift_y_down=&#8221;0&#8243; z_index=&#8221;0&#8243; medium_width=&#8221;0&#8243; mobile_width=&#8221;0&#8243; width=&#8221;1\/2&#8243;][vc_single_image media=&#8221;2289&#8243; media_width_percent=&#8221;100&#8243; media_ratio=&#8221;sixteen-nine&#8221; uncode_shortcode_id=&#8221;195628&#8243;][vc_custom_heading heading_semantic=&#8221;h3&#8243; subheading=&#8221;Sejlture fra Narsarsuaq er en fantastisk m\u00e5de at opleve den betagende sk\u00f8nhed af Gr\u00f8nlands fjorde og isbjerge p\u00e5. Disse ture tager bes\u00f8gende t\u00e6t p\u00e5 nogle af de mest imponerende isformationer, der flyder i det klare arktiske vand. Om sommeren, n\u00e5r solen n\u00e6sten aldrig g\u00e5r ned, kan g\u00e6sterne nyde den unikke oplevelse af midnatssolen, der kaster sit gyldne lys over landskabet. Det er ogs\u00e5 en fantastisk mulighed for at iagttage det lokale dyreliv, s\u00e5som hvaler og s\u00e6ler, i deres naturlige habitat.&#8221; uncode_shortcode_id=&#8221;615392&#8243;]Sejlture i Narsarsuaq[\/vc_custom_heading][vc_button button_color=&#8221;accent&#8221; border_width=&#8221;0&#8243; link=&#8221;url:https%3A%2F%2Farcticexcursions.com%2Fda%2Fudflugter%2F%3Flocation%3Dnarsarsuaq-da%26type%3Dbaadture&#8221; button_color_type=&#8221;uncode-palette&#8221; uncode_shortcode_id=&#8221;104145&#8243;]Sejlture[\/vc_button][\/vc_column][vc_column column_width_percent=&#8221;100&#8243; align_horizontal=&#8221;align_center&#8221; gutter_size=&#8221;3&#8243; overlay_alpha=&#8221;50&#8243; shift_x=&#8221;0&#8243; shift_y=&#8221;0&#8243; shift_y_down=&#8221;0&#8243; z_index=&#8221;0&#8243; medium_width=&#8221;0&#8243; mobile_width=&#8221;0&#8243; width=&#8221;1\/2&#8243;][vc_single_image media=&#8221;2335&#8243; media_width_percent=&#8221;100&#8243; media_ratio=&#8221;sixteen-nine&#8221; uncode_shortcode_id=&#8221;175427&#8243;][vc_custom_heading heading_semantic=&#8221;h3&#8243; subheading=&#8221;Sightseeing i Narsarsuaq byder p\u00e5 en rejse gennem tid og natur. Bes\u00f8gende kan udforske de historiske steder, der fort\u00e6ller om omr\u00e5dets tidlige inuitkultur og vikingehistorie, herunder det n\u00e6rliggende Brattahlid, Erik den R\u00f8des hjemsted. Narsarsuaq Museum tilbyder ogs\u00e5 indsigt i omr\u00e5dets rolle under Anden Verdenskrig og som en tidligere amerikansk milit\u00e6rbase. En tur gennem byen og de omkringliggende naturomr\u00e5der giver en dyb forst\u00e5else af regionens kulturelle og naturlige arv.&#8221; uncode_shortcode_id=&#8221;307449&#8243;]Sightseeing i Narsarsuaq[\/vc_custom_heading][vc_button button_color=&#8221;accent&#8221; border_width=&#8221;0&#8243; link=&#8221;url:https%3A%2F%2Farcticexcursions.com%2Fda%2Fudflugter%2F%3Flocation%3Dnarsarsuaq-da%26type%3Dbaadture%252Cbyvandring%252Cflightseeing%252Chvalsafari%252Cisbjerge%252Ckultur&#8221; button_color_type=&#8221;uncode-palette&#8221; uncode_shortcode_id=&#8221;920956&#8243;]Sightseeing[\/vc_button][\/vc_column][\/vc_row][vc_row row_height_percent=&#8221;0&#8243; override_padding=&#8221;yes&#8221; h_padding=&#8221;3&#8243; top_padding=&#8221;3&#8243; bottom_padding=&#8221;3&#8243; overlay_alpha=&#8221;50&#8243; gutter_size=&#8221;3&#8243; column_width_percent=&#8221;100&#8243; shift_y=&#8221;0&#8243; z_index=&#8221;0&#8243; inverted_device_order=&#8221;yes&#8221; uncode_shortcode_id=&#8221;113261&#8243;][vc_column width=&#8221;1\/3&#8243;][vc_single_image media=&#8221;14635&#8243; media_width_percent=&#8221;100&#8243; uncode_shortcode_id=&#8221;208582&#8243;][\/vc_column][vc_column width=&#8221;2\/3&#8243;][vc_custom_heading text_size=&#8221;h1&#8243; uncode_shortcode_id=&#8221;181587&#8243;]Isbjerge i Narsarsuaq[\/vc_custom_heading][vc_column_text uncode_shortcode_id=&#8221;217852&#8243;]Isbjerge i Narsarsuaq er en \u00e6gte manifestation af naturens kraft og sk\u00f8nhed. Disse kolossale isblokke, der har k\u00e6lvet fra Gr\u00f8nlands gigantiske gletsjere, kan ses p\u00e5 t\u00e6t hold under sejlture i omr\u00e5det. Is\u00e6r i de lyse sommern\u00e6tter, hvor isbjergene belyses af midnatssolen, skabes der et uforglemmeligt skue, der fanger essensen af den arktiske sommer. Hvert isbjerg er unik i sin form og st\u00f8rrelse, hvilket g\u00f8r hver oplevelse med dem forskellig og spektakul\u00e6r.[\/vc_column_text][vc_button border_width=&#8221;0&#8243; uncode_shortcode_id=&#8221;584332&#8243; link=&#8221;url:https%3A%2F%2Farcticexcursions.com%2Fda%2Fudflugter%2F%3Flocation%3Dnarsarsuaq-da%26type%3Disbjerge&#8221;]Isbjerge[\/vc_button][\/vc_column][\/vc_row][vc_row row_height_percent=&#8221;0&#8243; override_padding=&#8221;yes&#8221; h_padding=&#8221;2&#8243; top_padding=&#8221;5&#8243; bottom_padding=&#8221;5&#8243; overlay_alpha=&#8221;50&#8243; equal_height=&#8221;yes&#8221; gutter_size=&#8221;4&#8243; column_width_percent=&#8221;100&#8243; shift_y=&#8221;0&#8243; z_index=&#8221;0&#8243;][vc_column column_width_percent=&#8221;100&#8243; position_vertical=&#8221;middle&#8221; align_horizontal=&#8221;align_center&#8221; gutter_size=&#8221;3&#8243; overlay_alpha=&#8221;50&#8243; shift_x=&#8221;0&#8243; shift_y=&#8221;0&#8243; shift_y_down=&#8221;0&#8243; z_index=&#8221;0&#8243; medium_width=&#8221;0&#8243; mobile_width=&#8221;0&#8243; width=&#8221;1\/2&#8243;][vc_single_image media=&#8221;2301&#8243; media_width_percent=&#8221;100&#8243; media_ratio=&#8221;sixteen-nine&#8221; uncode_shortcode_id=&#8221;205222&#8243;][vc_custom_heading heading_semantic=&#8221;h3&#8243; subheading=&#8221;For\u00e5ret og p\u00e5skeferien i Narsarsuaq markerer begyndelsen p\u00e5 en ny s\u00e6son, hvor naturen langsomt v\u00e6kkes til live efter den lange vinter. Dette er en tid, hvor byen fejrer p\u00e5skens ankomst med traditionelle begivenheder og samlinger, der afspejler b\u00e5de den kristne tradition og inuitkulturens s\u00e6sonm\u00e6ssige skikke. Bes\u00f8gende kan opleve den gradvise forandring i landskabet, som sneen smelter, og de f\u00f8rste tegn p\u00e5 for\u00e5r begynder at vise sig, hvilket tilf\u00f8jer en fornyet f\u00f8lelse af h\u00e5b og begyndelse.&#8221; uncode_shortcode_id=&#8221;919851&#8243;]For\u00e5r og P\u00e5skeferie i Narsarsuaq[\/vc_custom_heading][vc_button button_color=&#8221;accent&#8221; border_width=&#8221;0&#8243; link=&#8221;url:https%3A%2F%2Farcticexcursions.com%2Fda%2Fudflugter%2F%3FdateFrom%3D2024-03-01%26dateTo%3D2024-05-31%26location%3Dnarsarsuaq-da&#8221; button_color_type=&#8221;uncode-palette&#8221; uncode_shortcode_id=&#8221;214185&#8243;]For\u00e5r[\/vc_button][\/vc_column][vc_column column_width_percent=&#8221;100&#8243; align_horizontal=&#8221;align_center&#8221; gutter_size=&#8221;3&#8243; overlay_alpha=&#8221;50&#8243; shift_x=&#8221;0&#8243; shift_y=&#8221;0&#8243; shift_y_down=&#8221;0&#8243; z_index=&#8221;0&#8243; medium_width=&#8221;0&#8243; mobile_width=&#8221;0&#8243; width=&#8221;1\/2&#8243;][vc_single_image media=&#8221;2295&#8243; media_width_percent=&#8221;100&#8243; media_ratio=&#8221;sixteen-nine&#8221; uncode_shortcode_id=&#8221;994807&#8243;][vc_custom_heading heading_semantic=&#8221;h3&#8243; subheading=&#8221;Sommeren i Narsarsuaq er en periode med uovertruffen naturlig sk\u00f8nhed, hvor landskabet eksploderer i liv med blomstrende flora og travle dyreliv. Denne tid af \u00e5ret tilbyder de bedste forhold for vandreture, kajakroning og udforskning af de n\u00e6rliggende gletsjere og fjorde. Den lange dagstid og midnatssol giver bes\u00f8gende masser af tid til at nyde de udend\u00f8rs aktiviteter og udforske det rige kulturelle landskab i og omkring Narsarsuaq.&#8221; uncode_shortcode_id=&#8221;166832&#8243;]Sommer og Sommerferie i Narsarsuaq[\/vc_custom_heading][vc_button button_color=&#8221;accent&#8221; border_width=&#8221;0&#8243; link=&#8221;url:https%3A%2F%2Farcticexcursions.com%2Fda%2Fudflugter%2F%3FdateFrom%3D2024-06-01%26dateTo%3D2024-08-31%26location%3Dnarsarsuaq-da&#8221; button_color_type=&#8221;uncode-palette&#8221; uncode_shortcode_id=&#8221;103572&#8243;]Sommer[\/vc_button][\/vc_column][\/vc_row][vc_row row_height_percent=&#8221;0&#8243; override_padding=&#8221;yes&#8221; h_padding=&#8221;3&#8243; top_padding=&#8221;3&#8243; bottom_padding=&#8221;3&#8243; overlay_alpha=&#8221;50&#8243; gutter_size=&#8221;3&#8243; column_width_percent=&#8221;100&#8243; shift_y=&#8221;0&#8243; z_index=&#8221;0&#8243; inverted_device_order=&#8221;yes&#8221; uncode_shortcode_id=&#8221;113261&#8243;][vc_column width=&#8221;1\/3&#8243;][vc_single_image media=&#8221;1608&#8243; media_width_percent=&#8221;100&#8243; uncode_shortcode_id=&#8221;867116&#8243;][\/vc_column][vc_column width=&#8221;2\/3&#8243;][vc_custom_heading text_size=&#8221;h1&#8243; uncode_shortcode_id=&#8221;208192&#8243;]Krydstogt i Narsarsuaq[\/vc_custom_heading][vc_column_text uncode_shortcode_id=&#8221;126655&#8243;]Krydstogter, der anl\u00f8ber Narsarsuaq, tilbyder en unik m\u00e5de at opleve Gr\u00f8nlands sydlige charme fra vandet. Disse rejser giver enest\u00e5ende udsigt over de dramatiske landskaber, isbjerge og det rige dyreliv, der karakteriserer regionen. Krydstogtg\u00e6ster har mulighed for at deltage i landudflugter, der udforsker Narsarsuaqs historiske steder, naturlige vidundere og kulturelle oplevelser, hvilket g\u00f8r det til en mindev\u00e6rdig del af deres gr\u00f8nlandske eventyr.[\/vc_column_text][\/vc_column][\/vc_row][vc_row row_height_percent=&#8221;0&#8243; override_padding=&#8221;yes&#8221; h_padding=&#8221;2&#8243; top_padding=&#8221;5&#8243; bottom_padding=&#8221;5&#8243; overlay_alpha=&#8221;50&#8243; equal_height=&#8221;yes&#8221; gutter_size=&#8221;4&#8243; column_width_percent=&#8221;100&#8243; shift_y=&#8221;0&#8243; z_index=&#8221;0&#8243;][vc_column column_width_percent=&#8221;100&#8243; position_vertical=&#8221;middle&#8221; align_horizontal=&#8221;align_center&#8221; gutter_size=&#8221;3&#8243; overlay_alpha=&#8221;50&#8243; shift_x=&#8221;0&#8243; shift_y=&#8221;0&#8243; shift_y_down=&#8221;0&#8243; z_index=&#8221;0&#8243; medium_width=&#8221;0&#8243; mobile_width=&#8221;0&#8243; width=&#8221;1\/2&#8243;][vc_single_image media=&#8221;2343&#8243; media_width_percent=&#8221;100&#8243; media_ratio=&#8221;sixteen-nine&#8221; uncode_shortcode_id=&#8221;236399&#8243;][vc_custom_heading heading_semantic=&#8221;h3&#8243; subheading=&#8221;Efter\u00e5ret i Narsarsuaq bringer en palette af farver til landskabet, som tundraen kl\u00e6der sig i gyldne, r\u00f8de og orange nuancer. Det er en fantastisk tid for vandreture og fotografering, hvor det k\u00f8ligere vejr og de skiftende farver skaber en unik atmosf\u00e6re. Efter\u00e5ret tilbyder ogs\u00e5 en chance for at opleve det nordlige lys, som begynder at danse over nattehimlen, hvilket tilf\u00f8jer en ekstra dimension til naturoplevelsen i Narsarsuaq.&#8221; uncode_shortcode_id=&#8221;108334&#8243;]Efter\u00e5r og Efter\u00e5rsferie i Narsarsuaq[\/vc_custom_heading][vc_button button_color=&#8221;accent&#8221; border_width=&#8221;0&#8243; link=&#8221;url:https%3A%2F%2Farcticexcursions.com%2Fda%2Fudflugter%2F%3FdateFrom%3D2024-09-01%26dateTo%3D2024-11-30%26location%3Dnarsarsuaq-da&#8221; button_color_type=&#8221;uncode-palette&#8221; uncode_shortcode_id=&#8221;143787&#8243;]Efter\u00e5r[\/vc_button][\/vc_column][vc_column column_width_percent=&#8221;100&#8243; align_horizontal=&#8221;align_center&#8221; gutter_size=&#8221;3&#8243; overlay_alpha=&#8221;50&#8243; shift_x=&#8221;0&#8243; shift_y=&#8221;0&#8243; shift_y_down=&#8221;0&#8243; z_index=&#8221;0&#8243; medium_width=&#8221;0&#8243; mobile_width=&#8221;0&#8243; width=&#8221;1\/2&#8243;][vc_single_image media=&#8221;2306&#8243; media_width_percent=&#8221;100&#8243; media_ratio=&#8221;sixteen-nine&#8221; uncode_shortcode_id=&#8221;194293&#8243;][vc_custom_heading heading_semantic=&#8221;h3&#8243; subheading=&#8221;Vinteren i Narsarsuaq er en tid for sne, is og den betagende ro, der kommer med den arktiske kulde. Selvom dagene er kortere, tilbyder vinterlandskabet en unik sk\u00f8nhed, der kan udforskes gennem aktiviteter som snescooterk\u00f8rsel. Vinteren giver ogs\u00e5 bes\u00f8gende en chance for at opleve nordlyset i al sin glans, hvilket skaber uforglemmelige n\u00e6tter under det funklende arktiske himmelhv\u00e6lv.&#8221; uncode_shortcode_id=&#8221;233195&#8243;]Vinter og Vinterferie i Narsarsuaq[\/vc_custom_heading][vc_button button_color=&#8221;accent&#8221; border_width=&#8221;0&#8243; link=&#8221;url:https%3A%2F%2Farcticexcursions.com%2Fda%2Fudflugter%2F%3FdateFrom%3D2024-12-01%26dateTo%3D2025-02-28%26location%3Dnarsarsuaq-da&#8221; button_color_type=&#8221;uncode-palette&#8221; uncode_shortcode_id=&#8221;101257&#8243;]Vinter[\/vc_button][\/vc_column][\/vc_row]<\/p>\n<\/div>","protected":false},"excerpt":{"rendered":"<p>[vc_row unlock_row_content=&#8221;yes&#8221; row_height_percent=&#8221;75&#8243; override_padding=&#8221;yes&#8221; h_padding=&#8221;7&#8243; top_padding=&#8221;4&#8243; bottom_padding=&#8221;4&#8243; back_image=&#8221;2448&#8243; back_position=&#8221;center center&#8221; overlay_color=&#8221;color-prif&#8221; overlay_alpha=&#8221;20&#8243; gutter_size=&#8221;3&#8243; column_width_percent=&#8221;100&#8243; shift_y=&#8221;0&#8243; z_index=&#8221;0&#8243; uncode_shortcode_id=&#8221;109297&#8243; overlay_color_type=&#8221;uncode-palette&#8221; row_height_pixel=&#8221;370&#8243;][vc_column column_width_percent=&#8221;100&#8243; [&hellip;]<\/p>\n","protected":false},"author":3,"featured_media":0,"parent":0,"menu_order":0,"comment_status":"closed","ping_status":"closed","template":"","meta":{"_acf_changed":false,"footnotes":""},"class_list":["post-33998","page","type-page","status-publish","hentry"],"acf":[],"yoast_head":"<!-- This site is optimized with the Yoast SEO plugin v23.6 - https:\/\/yoast.com\/wordpress\/plugins\/seo\/ -->\n<title>Arctic Excursions<\/title>\n<meta name=\"description\" content=\"Oplevelser i Narsarsuaq, der er en lille, men betydningsfuld by i Sydgr\u00f8nland med nogle af de mest spektakul\u00e6re natursk\u00f8nheder i landet.\" \/>\n<meta name=\"robots\" content=\"index, follow, max-snippet:-1, max-image-preview:large, max-video-preview:-1\" \/>\n<link rel=\"canonical\" href=\"https:\/\/arcticexcursions.com\/da\/oplevelser-i-narsarsuaq\/\" \/>\n<meta property=\"og:locale\" content=\"da_DK\" \/>\n<meta property=\"og:type\" content=\"article\" \/>\n<meta property=\"og:title\" content=\"Oplevelser i Narsarsuaq - Arctic Excursions\" \/>\n<meta property=\"og:description\" content=\"Oplevelser i Narsarsuaq, der er en lille, men betydningsfuld by i Sydgr\u00f8nland med nogle af de mest spektakul\u00e6re natursk\u00f8nheder i landet.\" \/>\n<meta property=\"og:url\" content=\"https:\/\/arcticexcursions.com\/da\/oplevelser-i-narsarsuaq\/\" \/>\n<meta property=\"og:site_name\" content=\"Arctic Excursions\" \/>\n<meta property=\"article:modified_time\" content=\"2024-02-27T12:30:03+00:00\" \/>\n<meta name=\"twitter:card\" content=\"summary_large_image\" \/>\n<meta name=\"twitter:label1\" content=\"Estimeret l\u00e6setid\" \/>\n\t<meta name=\"twitter:data1\" content=\"5 minutter\" \/>\n<script type=\"application\/ld+json\" class=\"yoast-schema-graph\">{\"@context\":\"https:\/\/schema.org\",\"@graph\":[{\"@type\":\"WebPage\",\"@id\":\"https:\/\/arcticexcursions.com\/da\/oplevelser-i-narsarsuaq\/\",\"url\":\"https:\/\/arcticexcursions.com\/da\/oplevelser-i-narsarsuaq\/\",\"name\":\"Oplevelser i Narsarsuaq - Arctic Excursions\",\"isPartOf\":{\"@id\":\"https:\/\/arcticexcursions.com\/#website\"},\"datePublished\":\"2022-09-09T12:39:45+00:00\",\"dateModified\":\"2024-02-27T12:30:03+00:00\",\"description\":\"Oplevelser i Narsarsuaq, der er en lille, men betydningsfuld by i Sydgr\u00f8nland med nogle af de mest spektakul\u00e6re natursk\u00f8nheder i landet.\",\"breadcrumb\":{\"@id\":\"https:\/\/arcticexcursions.com\/da\/oplevelser-i-narsarsuaq\/#breadcrumb\"},\"inLanguage\":\"da-DK\",\"potentialAction\":[{\"@type\":\"ReadAction\",\"target\":[\"https:\/\/arcticexcursions.com\/da\/oplevelser-i-narsarsuaq\/\"]}]},{\"@type\":\"BreadcrumbList\",\"@id\":\"https:\/\/arcticexcursions.com\/da\/oplevelser-i-narsarsuaq\/#breadcrumb\",\"itemListElement\":[{\"@type\":\"ListItem\",\"position\":1,\"name\":\"Home\",\"item\":\"https:\/\/arcticexcursions.com\/da\/\"},{\"@type\":\"ListItem\",\"position\":2,\"name\":\"Oplevelser i Narsarsuaq\"}]},{\"@type\":\"WebSite\",\"@id\":\"https:\/\/arcticexcursions.com\/#website\",\"url\":\"https:\/\/arcticexcursions.com\/\",\"name\":\"Arctic Excursions\",\"description\":\"New adventures. Every day.\",\"publisher\":{\"@id\":\"https:\/\/arcticexcursions.com\/#organization\"},\"potentialAction\":[{\"@type\":\"SearchAction\",\"target\":{\"@type\":\"EntryPoint\",\"urlTemplate\":\"https:\/\/arcticexcursions.com\/?s={search_term_string}\"},\"query-input\":{\"@type\":\"PropertyValueSpecification\",\"valueRequired\":true,\"valueName\":\"search_term_string\"}}],\"inLanguage\":\"da-DK\"},{\"@type\":\"Organization\",\"@id\":\"https:\/\/arcticexcursions.com\/#organization\",\"name\":\"Arctic Excursions\",\"url\":\"https:\/\/arcticexcursions.com\/\",\"logo\":{\"@type\":\"ImageObject\",\"inLanguage\":\"da-DK\",\"@id\":\"https:\/\/arcticexcursions.com\/#\/schema\/logo\/image\/\",\"url\":\"https:\/\/arcticexcursions.com\/wp-content\/uploads\/2022\/11\/fb-logo.png\",\"contentUrl\":\"https:\/\/arcticexcursions.com\/wp-content\/uploads\/2022\/11\/fb-logo.png\",\"width\":523,\"height\":523,\"caption\":\"Arctic Excursions\"},\"image\":{\"@id\":\"https:\/\/arcticexcursions.com\/#\/schema\/logo\/image\/\"}}]}<\/script>\n<!-- \/ Yoast SEO plugin. -->","yoast_head_json":{"title":"Arctic Excursions","description":"Oplevelser i Narsarsuaq, der er en lille, men betydningsfuld by i Sydgr\u00f8nland med nogle af de mest spektakul\u00e6re natursk\u00f8nheder i landet.","robots":{"index":"index","follow":"follow","max-snippet":"max-snippet:-1","max-image-preview":"max-image-preview:large","max-video-preview":"max-video-preview:-1"},"canonical":"https:\/\/arcticexcursions.com\/da\/oplevelser-i-narsarsuaq\/","og_locale":"da_DK","og_type":"article","og_title":"Oplevelser i Narsarsuaq - Arctic Excursions","og_description":"Oplevelser i Narsarsuaq, der er en lille, men betydningsfuld by i Sydgr\u00f8nland med nogle af de mest spektakul\u00e6re natursk\u00f8nheder i landet.","og_url":"https:\/\/arcticexcursions.com\/da\/oplevelser-i-narsarsuaq\/","og_site_name":"Arctic Excursions","article_modified_time":"2024-02-27T12:30:03+00:00","twitter_card":"summary_large_image","twitter_misc":{"Estimeret l\u00e6setid":"5 minutter"},"schema":{"@context":"https:\/\/schema.org","@graph":[{"@type":"WebPage","@id":"https:\/\/arcticexcursions.com\/da\/oplevelser-i-narsarsuaq\/","url":"https:\/\/arcticexcursions.com\/da\/oplevelser-i-narsarsuaq\/","name":"Oplevelser i Narsarsuaq - Arctic Excursions","isPartOf":{"@id":"https:\/\/arcticexcursions.com\/#website"},"datePublished":"2022-09-09T12:39:45+00:00","dateModified":"2024-02-27T12:30:03+00:00","description":"Oplevelser i Narsarsuaq, der er en lille, men betydningsfuld by i Sydgr\u00f8nland med nogle af de mest spektakul\u00e6re natursk\u00f8nheder i landet.","breadcrumb":{"@id":"https:\/\/arcticexcursions.com\/da\/oplevelser-i-narsarsuaq\/#breadcrumb"},"inLanguage":"da-DK","potentialAction":[{"@type":"ReadAction","target":["https:\/\/arcticexcursions.com\/da\/oplevelser-i-narsarsuaq\/"]}]},{"@type":"BreadcrumbList","@id":"https:\/\/arcticexcursions.com\/da\/oplevelser-i-narsarsuaq\/#breadcrumb","itemListElement":[{"@type":"ListItem","position":1,"name":"Home","item":"https:\/\/arcticexcursions.com\/da\/"},{"@type":"ListItem","position":2,"name":"Oplevelser i Narsarsuaq"}]},{"@type":"WebSite","@id":"https:\/\/arcticexcursions.com\/#website","url":"https:\/\/arcticexcursions.com\/","name":"Arctic Excursions","description":"New adventures. Every day.","publisher":{"@id":"https:\/\/arcticexcursions.com\/#organization"},"potentialAction":[{"@type":"SearchAction","target":{"@type":"EntryPoint","urlTemplate":"https:\/\/arcticexcursions.com\/?s={search_term_string}"},"query-input":{"@type":"PropertyValueSpecification","valueRequired":true,"valueName":"search_term_string"}}],"inLanguage":"da-DK"},{"@type":"Organization","@id":"https:\/\/arcticexcursions.com\/#organization","name":"Arctic Excursions","url":"https:\/\/arcticexcursions.com\/","logo":{"@type":"ImageObject","inLanguage":"da-DK","@id":"https:\/\/arcticexcursions.com\/#\/schema\/logo\/image\/","url":"https:\/\/arcticexcursions.com\/wp-content\/uploads\/2022\/11\/fb-logo.png","contentUrl":"https:\/\/arcticexcursions.com\/wp-content\/uploads\/2022\/11\/fb-logo.png","width":523,"height":523,"caption":"Arctic Excursions"},"image":{"@id":"https:\/\/arcticexcursions.com\/#\/schema\/logo\/image\/"}}]}},"_links":{"self":[{"href":"https:\/\/arcticexcursions.com\/da\/wp-json\/wp\/v2\/pages\/33998"}],"collection":[{"href":"https:\/\/arcticexcursions.com\/da\/wp-json\/wp\/v2\/pages"}],"about":[{"href":"https:\/\/arcticexcursions.com\/da\/wp-json\/wp\/v2\/types\/page"}],"author":[{"embeddable":true,"href":"https:\/\/arcticexcursions.com\/da\/wp-json\/wp\/v2\/users\/3"}],"replies":[{"embeddable":true,"href":"https:\/\/arcticexcursions.com\/da\/wp-json\/wp\/v2\/comments?post=33998"}],"version-history":[{"count":0,"href":"https:\/\/arcticexcursions.com\/da\/wp-json\/wp\/v2\/pages\/33998\/revisions"}],"wp:attachment":[{"href":"https:\/\/arcticexcursions.com\/da\/wp-json\/wp\/v2\/media?parent=33998"}],"curies":[{"name":"wp","href":"https:\/\/api.w.org\/{rel}","templated":true}]}}