{"id":34000,"date":"2022-09-09T14:39:45","date_gmt":"2022-09-09T12:39:45","guid":{"rendered":"https:\/\/arcticexcursions.com\/?page_id=34000"},"modified":"2024-02-27T15:50:48","modified_gmt":"2024-02-27T13:50:48","slug":"oplevelser-i-qaqortoq","status":"publish","type":"page","link":"https:\/\/arcticexcursions.com\/da\/oplevelser-i-qaqortoq\/","title":{"rendered":"Oplevelser i Qaqortoq"},"content":{"rendered":"<div class=\"wpb-content-wrapper\"><p>[vc_row unlock_row_content=&#8221;yes&#8221; row_height_percent=&#8221;75&#8243; override_padding=&#8221;yes&#8221; h_padding=&#8221;7&#8243; top_padding=&#8221;4&#8243; bottom_padding=&#8221;4&#8243; back_image=&#8221;2448&#8243; back_position=&#8221;center center&#8221; overlay_color=&#8221;color-prif&#8221; overlay_alpha=&#8221;20&#8243; gutter_size=&#8221;3&#8243; column_width_percent=&#8221;100&#8243; shift_y=&#8221;0&#8243; z_index=&#8221;0&#8243; uncode_shortcode_id=&#8221;109297&#8243; overlay_color_type=&#8221;uncode-palette&#8221; row_height_pixel=&#8221;370&#8243;][vc_column column_width_percent=&#8221;100&#8243; position_vertical=&#8221;middle&#8221; align_horizontal=&#8221;align_center&#8221; gutter_size=&#8221;3&#8243; override_padding=&#8221;yes&#8221; column_padding=&#8221;0&#8243; style=&#8221;dark&#8221; overlay_alpha=&#8221;50&#8243; shift_x=&#8221;0&#8243; shift_y=&#8221;0&#8243; shift_y_down=&#8221;0&#8243; z_index=&#8221;0&#8243; medium_width=&#8221;0&#8243; mobile_width=&#8221;0&#8243; css_animation=&#8221;alpha-anim&#8221; width=&#8221;1\/1&#8243; uncode_shortcode_id=&#8221;125113&#8243;][vc_custom_heading heading_semantic=&#8221;h1&#8243; text_size=&#8221;h1&#8243; text_height=&#8221;fontheight-112312&#8243; css_animation=&#8221;typewriter&#8221; animation_speed=&#8221;700&#8243; animation_delay=&#8221;300&#8243; uncode_shortcode_id=&#8221;132334&#8243;]Oplevelser i Qaqortoq[\/vc_custom_heading][\/vc_column][\/vc_row][vc_row row_height_percent=&#8221;0&#8243; override_padding=&#8221;yes&#8221; h_padding=&#8221;3&#8243; top_padding=&#8221;3&#8243; bottom_padding=&#8221;3&#8243; overlay_alpha=&#8221;50&#8243; gutter_size=&#8221;3&#8243; column_width_percent=&#8221;100&#8243; shift_y=&#8221;0&#8243; z_index=&#8221;0&#8243; uncode_shortcode_id=&#8221;131094&#8243;][vc_column width=&#8221;2\/3&#8243;][vc_custom_heading heading_semantic=&#8221;h1&#8243; text_size=&#8221;h1&#8243; uncode_shortcode_id=&#8221;143795&#8243;]Oplevelser i Qaqortoq[\/vc_custom_heading][vc_column_text uncode_shortcode_id=&#8221;605119&#8243;]Qaqortoq, beliggende i det sydlige Gr\u00f8nland, er en af de mest maleriske byer i landet, kendt for sin farverige arkitektur og rige historie. Oplevelser i Qaqortoq er et perfekt udgangspunkt for at udforske de naturlige sk\u00f8nheder og kulturelle skatte, som Sydgr\u00f8nland har at tilbyde.<\/p>\n<p>Fra termiske kilder til historiske nordbo-ruiner og moderne kunst, kombinerer Qaqortoq det bedste af tradition og innovation, hvilket g\u00f8r det til et fascinerende rejsem\u00e5l for enhver bes\u00f8gende, der s\u00f8ger b\u00e5de eventyr og afslapning.[\/vc_column_text][\/vc_column][vc_column width=&#8221;1\/3&#8243;][vc_single_image media=&#8221;1520&#8243; media_width_percent=&#8221;100&#8243; uncode_shortcode_id=&#8221;180199&#8243;][\/vc_column][\/vc_row][vc_row row_height_percent=&#8221;0&#8243; override_padding=&#8221;yes&#8221; h_padding=&#8221;2&#8243; top_padding=&#8221;5&#8243; bottom_padding=&#8221;5&#8243; overlay_alpha=&#8221;50&#8243; equal_height=&#8221;yes&#8221; gutter_size=&#8221;4&#8243; column_width_percent=&#8221;100&#8243; shift_y=&#8221;0&#8243; z_index=&#8221;0&#8243;][vc_column column_width_percent=&#8221;100&#8243; position_vertical=&#8221;middle&#8221; align_horizontal=&#8221;align_center&#8221; gutter_size=&#8221;3&#8243; overlay_alpha=&#8221;50&#8243; shift_x=&#8221;0&#8243; shift_y=&#8221;0&#8243; shift_y_down=&#8221;0&#8243; z_index=&#8221;0&#8243; medium_width=&#8221;0&#8243; mobile_width=&#8221;0&#8243; width=&#8221;1\/2&#8243;][vc_single_image media=&#8221;2289&#8243; media_width_percent=&#8221;100&#8243; media_ratio=&#8221;sixteen-nine&#8221; uncode_shortcode_id=&#8221;195628&#8243;][vc_custom_heading heading_semantic=&#8221;h3&#8243; subheading=&#8221;Sejlture fra Qaqortoq giver en unik mulighed for at opleve det betagende sydgr\u00f8nlandske landskab fra vandet. Bes\u00f8gende kan sejle forbi gigantiske isbjerge, bes\u00f8ge afsidesliggende inuitbygder og udforske de utallige fjorde, der pr\u00e6ger regionen. Disse ture tilbyder ikke kun spektakul\u00e6re udsigter, men ogs\u00e5 chancer for at se hvaler, s\u00e6ler og andet dyreliv i deres naturlige habitat, hvilket g\u00f8r dem til en uforglemmelig oplevelse for natur- og dyrelivsentusiaster.&#8221; uncode_shortcode_id=&#8221;136955&#8243;]Sejlture i Qaqortoq[\/vc_custom_heading][vc_button button_color=&#8221;accent&#8221; border_width=&#8221;0&#8243; link=&#8221;url:https%3A%2F%2Farcticexcursions.com%2Fda%2Fudflugter%2F%3Flocation%3Dqaqortoq-da%26type%3Dbaadture&#8221; button_color_type=&#8221;uncode-palette&#8221; uncode_shortcode_id=&#8221;138713&#8243;]Sejlture[\/vc_button][\/vc_column][vc_column column_width_percent=&#8221;100&#8243; align_horizontal=&#8221;align_center&#8221; gutter_size=&#8221;3&#8243; overlay_alpha=&#8221;50&#8243; shift_x=&#8221;0&#8243; shift_y=&#8221;0&#8243; shift_y_down=&#8221;0&#8243; z_index=&#8221;0&#8243; medium_width=&#8221;0&#8243; mobile_width=&#8221;0&#8243; width=&#8221;1\/2&#8243;][vc_single_image media=&#8221;2335&#8243; media_width_percent=&#8221;100&#8243; media_ratio=&#8221;sixteen-nine&#8221; uncode_shortcode_id=&#8221;155582&#8243;][vc_custom_heading heading_semantic=&#8221;h3&#8243; subheading=&#8221;Sightseeing i Qaqortoq afsl\u00f8rer byens rige kulturarv og levende kunstscene. Byvandringer f\u00f8rer bes\u00f8gende forbi farverige huse, til den historiske kirke og gennem byens offentlige kunstprojekt, &#8220;Sten og Menneske&#8220;, hvor moderne skulpturer er hugget direkte ind i klipperne. Det lokale museums fort\u00e6ller regionens historie, fra de tidlige inuitkulturer til europ\u00e6isk kolonisering. Sightseeing her tilbyder en dyb indsigt i Gr\u00f8nlands komplekse historie og dens nutidige kulturelle udtryk.&#8221; uncode_shortcode_id=&#8221;143263&#8243;]Sightseeing i Qaqortoq[\/vc_custom_heading][vc_button button_color=&#8221;accent&#8221; border_width=&#8221;0&#8243; link=&#8221;url:https%3A%2F%2Farcticexcursions.com%2Fda%2Fudflugter%2F%3Flocation%3Dqaqortoq-da%26type%3Dbaadture%252Cbyvandring%252Cflightseeing%252Chvalsafari%252Cisbjerge%252Ckultur&#8221; button_color_type=&#8221;uncode-palette&#8221; uncode_shortcode_id=&#8221;155250&#8243;]Sightseeing[\/vc_button][\/vc_column][\/vc_row][vc_row row_height_percent=&#8221;0&#8243; override_padding=&#8221;yes&#8221; h_padding=&#8221;3&#8243; top_padding=&#8221;3&#8243; bottom_padding=&#8221;3&#8243; overlay_alpha=&#8221;50&#8243; gutter_size=&#8221;3&#8243; column_width_percent=&#8221;100&#8243; shift_y=&#8221;0&#8243; z_index=&#8221;0&#8243; inverted_device_order=&#8221;yes&#8221; uncode_shortcode_id=&#8221;113261&#8243;][vc_column width=&#8221;1\/3&#8243;][vc_single_image media=&#8221;14635&#8243; media_width_percent=&#8221;100&#8243; uncode_shortcode_id=&#8221;146435&#8243;][\/vc_column][vc_column width=&#8221;2\/3&#8243;][vc_custom_heading text_size=&#8221;h1&#8243; uncode_shortcode_id=&#8221;111120&#8243;]Isbjerge i Qaqortoq[\/vc_custom_heading][vc_column_text uncode_shortcode_id=&#8221;152330&#8243;]Selvom Qaqortoq ikke er s\u00e5 ber\u00f8mt for sine isbjerge som andre dele af Gr\u00f8nland, tilbyder omr\u00e5det stadig mulighed for at opleve disse majest\u00e6tiske naturvidundere. En kort sejltur fra byen kan bringe bes\u00f8gende til omr\u00e5der, hvor isbjerge fra de n\u00e6rliggende fjorde og gletsjere kan ses p\u00e5 t\u00e6t hold. At observere de skiftende farver og former af isbjerge, der spejler sig i det klare arktiske vand, er en magisk oplevelse, der fremh\u00e6ver naturens sk\u00f8nhed og kraft.[\/vc_column_text][vc_button border_width=&#8221;0&#8243; uncode_shortcode_id=&#8221;297260&#8243; link=&#8221;url:https%3A%2F%2Farcticexcursions.com%2Fda%2Fudflugter%2F%3Flocation%3Dqaqortoq-da%26type%3Disbjerge&#8221;]Isbjerge[\/vc_button][\/vc_column][\/vc_row][vc_row row_height_percent=&#8221;0&#8243; override_padding=&#8221;yes&#8221; h_padding=&#8221;2&#8243; top_padding=&#8221;5&#8243; bottom_padding=&#8221;5&#8243; overlay_alpha=&#8221;50&#8243; equal_height=&#8221;yes&#8221; gutter_size=&#8221;4&#8243; column_width_percent=&#8221;100&#8243; shift_y=&#8221;0&#8243; z_index=&#8221;0&#8243;][vc_column column_width_percent=&#8221;100&#8243; position_vertical=&#8221;middle&#8221; align_horizontal=&#8221;align_center&#8221; gutter_size=&#8221;3&#8243; overlay_alpha=&#8221;50&#8243; shift_x=&#8221;0&#8243; shift_y=&#8221;0&#8243; shift_y_down=&#8221;0&#8243; z_index=&#8221;0&#8243; medium_width=&#8221;0&#8243; mobile_width=&#8221;0&#8243; width=&#8221;1\/2&#8243;][vc_single_image media=&#8221;2301&#8243; media_width_percent=&#8221;100&#8243; media_ratio=&#8221;sixteen-nine&#8221; uncode_shortcode_id=&#8221;205222&#8243;][vc_custom_heading heading_semantic=&#8221;h3&#8243; subheading=&#8221;For\u00e5ret og p\u00e5skeferien i Qaqortoq markerer en tid med fornyelse og fejring. Som sneen begynder at smelte, og dage bliver l\u00e6ngere, v\u00e5gner byen og dens omgivelser til live. P\u00e5sken er en vigtig h\u00f8jtid i Gr\u00f8nland, og i Qaqortoq fejres den med sociale sammenkomster, hvor lokalsamfundet samles for at nyde den begyndende for\u00e5rss\u00e6son. Det er en glimrende tid til at opleve lokalsamfundets varme og g\u00e6stfrihed.&#8221; uncode_shortcode_id=&#8221;134744&#8243;]For\u00e5r og P\u00e5skeferie i Qaqortoq[\/vc_custom_heading][vc_button button_color=&#8221;accent&#8221; border_width=&#8221;0&#8243; link=&#8221;url:https%3A%2F%2Farcticexcursions.com%2Fda%2Fudflugter%2F%3FdateFrom%3D2024-03-01%26dateTo%3D2024-05-31%26location%3Dqaqortoq-da&#8221; button_color_type=&#8221;uncode-palette&#8221; uncode_shortcode_id=&#8221;188195&#8243;]For\u00e5r[\/vc_button][\/vc_column][vc_column column_width_percent=&#8221;100&#8243; align_horizontal=&#8221;align_center&#8221; gutter_size=&#8221;3&#8243; overlay_alpha=&#8221;50&#8243; shift_x=&#8221;0&#8243; shift_y=&#8221;0&#8243; shift_y_down=&#8221;0&#8243; z_index=&#8221;0&#8243; medium_width=&#8221;0&#8243; mobile_width=&#8221;0&#8243; width=&#8221;1\/2&#8243;][vc_single_image media=&#8221;2295&#8243; media_width_percent=&#8221;100&#8243; media_ratio=&#8221;sixteen-nine&#8221; uncode_shortcode_id=&#8221;994807&#8243;][vc_custom_heading heading_semantic=&#8221;h3&#8243; subheading=&#8221;Sommeren i Qaqortoq er en periode med masser af sol, frodige landskaber og et v\u00e6ld af udend\u00f8rs aktiviteter. Vandring, kajakroning og fiskeri er popul\u00e6re aktiviteter, der giver bes\u00f8gende mulighed for at udforske det storsl\u00e5ede landskab og den rige kultur i omr\u00e5det. Byen bliver et livligt centrum for kulturelle festivaler og kunstneriske begivenheder, der tiltr\u00e6kker b\u00e5de lokale og turister. Sommeren er den bedste tid til at opleve Qaqortoqs naturlige sk\u00f8nhed i fuldt flor.&#8221; uncode_shortcode_id=&#8221;612396&#8243;]Sommer og Sommerferie i Qaqortoq[\/vc_custom_heading][vc_button button_color=&#8221;accent&#8221; border_width=&#8221;0&#8243; link=&#8221;url:https%3A%2F%2Farcticexcursions.com%2Fda%2Fudflugter%2F%3FdateFrom%3D2024-06-01%26dateTo%3D2024-08-31%26location%3Dqaqortoq-da&#8221; button_color_type=&#8221;uncode-palette&#8221; uncode_shortcode_id=&#8221;168597&#8243;]Sommer[\/vc_button][\/vc_column][\/vc_row][vc_row row_height_percent=&#8221;0&#8243; override_padding=&#8221;yes&#8221; h_padding=&#8221;3&#8243; top_padding=&#8221;3&#8243; bottom_padding=&#8221;3&#8243; overlay_alpha=&#8221;50&#8243; gutter_size=&#8221;3&#8243; column_width_percent=&#8221;100&#8243; shift_y=&#8221;0&#8243; z_index=&#8221;0&#8243; inverted_device_order=&#8221;yes&#8221; uncode_shortcode_id=&#8221;113261&#8243;][vc_column width=&#8221;1\/3&#8243;][vc_single_image media=&#8221;1608&#8243; media_width_percent=&#8221;100&#8243; uncode_shortcode_id=&#8221;126029&#8243;][\/vc_column][vc_column width=&#8221;2\/3&#8243;][vc_custom_heading text_size=&#8221;h1&#8243; uncode_shortcode_id=&#8221;164603&#8243;]Krydstogt i Qaqortoq[\/vc_custom_heading][vc_column_text uncode_shortcode_id=&#8221;290940&#8243;]Krydstogter til Qaqortoq er en fremragende m\u00e5de at opleve byen og det sydgr\u00f8nlandske landskab fra vandet. Disse rejser tilbyder en unik indsigt i regionens natur og kultur, med stop ved historiske steder, natursk\u00f8nne fjorde og mulighed for at interagere med det lokale samfund. Krydstogtg\u00e6ster kan nyde den komfortable rejse, mens de udforsker nogle af de mest maleriske og uber\u00f8rte omr\u00e5der i Gr\u00f8nland.[\/vc_column_text][\/vc_column][\/vc_row][vc_row row_height_percent=&#8221;0&#8243; override_padding=&#8221;yes&#8221; h_padding=&#8221;2&#8243; top_padding=&#8221;5&#8243; bottom_padding=&#8221;5&#8243; overlay_alpha=&#8221;50&#8243; equal_height=&#8221;yes&#8221; gutter_size=&#8221;4&#8243; column_width_percent=&#8221;100&#8243; shift_y=&#8221;0&#8243; z_index=&#8221;0&#8243;][vc_column column_width_percent=&#8221;100&#8243; position_vertical=&#8221;middle&#8221; align_horizontal=&#8221;align_center&#8221; gutter_size=&#8221;3&#8243; overlay_alpha=&#8221;50&#8243; shift_x=&#8221;0&#8243; shift_y=&#8221;0&#8243; shift_y_down=&#8221;0&#8243; z_index=&#8221;0&#8243; medium_width=&#8221;0&#8243; mobile_width=&#8221;0&#8243; width=&#8221;1\/2&#8243;][vc_single_image media=&#8221;2343&#8243; media_width_percent=&#8221;100&#8243; media_ratio=&#8221;sixteen-nine&#8221; uncode_shortcode_id=&#8221;236399&#8243;][vc_custom_heading heading_semantic=&#8221;h3&#8243; subheading=&#8221;Efter\u00e5ret i Qaqortoq er en tid med forandring, hvor landskabet kl\u00e6der sig i gyldne og r\u00f8de nuancer. Det er en fantastisk tid for vandreture og naturfotografering, hvor det k\u00f8ligere vejr og de skiftende farver skaber en helt s\u00e6rlig atmosf\u00e6re. Efter\u00e5ret er ogs\u00e5 h\u00f8js\u00e6son for b\u00e6rplukning, hvor lokale og bes\u00f8gende kan nyde at samle vilde b\u00e6r som en del af efter\u00e5rets h\u00f8st.&#8221; uncode_shortcode_id=&#8221;454262&#8243;]Efter\u00e5r og Efter\u00e5rsferie i Qaqortoq[\/vc_custom_heading][vc_button button_color=&#8221;accent&#8221; border_width=&#8221;0&#8243; link=&#8221;url:https%3A%2F%2Farcticexcursions.com%2Fda%2Fudflugter%2F%3FdateFrom%3D2024-09-01%26dateTo%3D2024-11-30%26location%3Dqaqortoq-da&#8221; button_color_type=&#8221;uncode-palette&#8221; uncode_shortcode_id=&#8221;128512&#8243;]Efter\u00e5r[\/vc_button][\/vc_column][vc_column column_width_percent=&#8221;100&#8243; align_horizontal=&#8221;align_center&#8221; gutter_size=&#8221;3&#8243; overlay_alpha=&#8221;50&#8243; shift_x=&#8221;0&#8243; shift_y=&#8221;0&#8243; shift_y_down=&#8221;0&#8243; z_index=&#8221;0&#8243; medium_width=&#8221;0&#8243; mobile_width=&#8221;0&#8243; width=&#8221;1\/2&#8243;][vc_single_image media=&#8221;2306&#8243; media_width_percent=&#8221;100&#8243; media_ratio=&#8221;sixteen-nine&#8221; uncode_shortcode_id=&#8221;194293&#8243;][vc_custom_heading heading_semantic=&#8221;h3&#8243; subheading=&#8221;Vinteren i Qaqortoq bringer sne, is og den magiske mulighed for at opleve nordlyset. Selvom udend\u00f8rs aktiviteter kan v\u00e6re begr\u00e6nsede p\u00e5 grund af vejret, tilbyder vinteren en unik chance for at opleve den arktiske ro og sk\u00f8nhed. Lokalsamfundet omfavner s\u00e6sonen med vinterfestivaler og hyggelige sammenkomster, der lyser op i de m\u00f8rke m\u00e5neder og tilbyder varme i det kolde klima.&#8221; uncode_shortcode_id=&#8221;234570&#8243;]Vinter og Vinterferie i Qaqortoq[\/vc_custom_heading][vc_button button_color=&#8221;accent&#8221; border_width=&#8221;0&#8243; link=&#8221;url:https%3A%2F%2Farcticexcursions.com%2Fda%2Fudflugter%2F%3FdateFrom%3D2024-12-01%26dateTo%3D2025-02-28%26location%3Dqaqortoq-da&#8221; button_color_type=&#8221;uncode-palette&#8221; uncode_shortcode_id=&#8221;326030&#8243;]Vinter[\/vc_button][\/vc_column][\/vc_row]<\/p>\n<\/div>","protected":false},"excerpt":{"rendered":"<p>[vc_row unlock_row_content=&#8221;yes&#8221; row_height_percent=&#8221;75&#8243; override_padding=&#8221;yes&#8221; h_padding=&#8221;7&#8243; top_padding=&#8221;4&#8243; bottom_padding=&#8221;4&#8243; back_image=&#8221;2448&#8243; back_position=&#8221;center center&#8221; overlay_color=&#8221;color-prif&#8221; overlay_alpha=&#8221;20&#8243; gutter_size=&#8221;3&#8243; column_width_percent=&#8221;100&#8243; shift_y=&#8221;0&#8243; z_index=&#8221;0&#8243; uncode_shortcode_id=&#8221;109297&#8243; overlay_color_type=&#8221;uncode-palette&#8221; row_height_pixel=&#8221;370&#8243;][vc_column column_width_percent=&#8221;100&#8243; [&hellip;]<\/p>\n","protected":false},"author":3,"featured_media":0,"parent":0,"menu_order":0,"comment_status":"closed","ping_status":"closed","template":"","meta":{"_acf_changed":false,"footnotes":""},"class_list":["post-34000","page","type-page","status-publish","hentry"],"acf":[],"yoast_head":"<!-- This site is optimized with the Yoast SEO plugin v23.6 - https:\/\/yoast.com\/wordpress\/plugins\/seo\/ -->\n<title>Arctic Excursions<\/title>\n<meta name=\"description\" content=\"Oplevelser i Qaqortoq er et perfekt udgangspunkt for at udforske de naturlige sk\u00f8nheder og kulturelle skatte, som Sydgr\u00f8nland har at tilbyde.\" \/>\n<meta name=\"robots\" content=\"index, follow, max-snippet:-1, max-image-preview:large, max-video-preview:-1\" \/>\n<link rel=\"canonical\" href=\"https:\/\/arcticexcursions.com\/da\/oplevelser-i-qaqortoq\/\" \/>\n<meta property=\"og:locale\" content=\"da_DK\" \/>\n<meta property=\"og:type\" content=\"article\" \/>\n<meta property=\"og:title\" content=\"Oplevelser i Qaqortoq - Arctic Excursions\" \/>\n<meta property=\"og:description\" content=\"Oplevelser i Qaqortoq er et perfekt udgangspunkt for at udforske de naturlige sk\u00f8nheder og kulturelle skatte, som Sydgr\u00f8nland har at tilbyde.\" \/>\n<meta property=\"og:url\" content=\"https:\/\/arcticexcursions.com\/da\/oplevelser-i-qaqortoq\/\" \/>\n<meta property=\"og:site_name\" content=\"Arctic Excursions\" \/>\n<meta property=\"article:modified_time\" content=\"2024-02-27T13:50:48+00:00\" \/>\n<meta name=\"twitter:card\" content=\"summary_large_image\" \/>\n<meta name=\"twitter:label1\" content=\"Estimeret l\u00e6setid\" \/>\n\t<meta name=\"twitter:data1\" content=\"5 minutter\" \/>\n<script type=\"application\/ld+json\" class=\"yoast-schema-graph\">{\"@context\":\"https:\/\/schema.org\",\"@graph\":[{\"@type\":\"WebPage\",\"@id\":\"https:\/\/arcticexcursions.com\/da\/oplevelser-i-qaqortoq\/\",\"url\":\"https:\/\/arcticexcursions.com\/da\/oplevelser-i-qaqortoq\/\",\"name\":\"Oplevelser i Qaqortoq - Arctic Excursions\",\"isPartOf\":{\"@id\":\"https:\/\/arcticexcursions.com\/#website\"},\"datePublished\":\"2022-09-09T12:39:45+00:00\",\"dateModified\":\"2024-02-27T13:50:48+00:00\",\"description\":\"Oplevelser i Qaqortoq er et perfekt udgangspunkt for at udforske de naturlige sk\u00f8nheder og kulturelle skatte, som Sydgr\u00f8nland har at tilbyde.\",\"breadcrumb\":{\"@id\":\"https:\/\/arcticexcursions.com\/da\/oplevelser-i-qaqortoq\/#breadcrumb\"},\"inLanguage\":\"da-DK\",\"potentialAction\":[{\"@type\":\"ReadAction\",\"target\":[\"https:\/\/arcticexcursions.com\/da\/oplevelser-i-qaqortoq\/\"]}]},{\"@type\":\"BreadcrumbList\",\"@id\":\"https:\/\/arcticexcursions.com\/da\/oplevelser-i-qaqortoq\/#breadcrumb\",\"itemListElement\":[{\"@type\":\"ListItem\",\"position\":1,\"name\":\"Home\",\"item\":\"https:\/\/arcticexcursions.com\/da\/\"},{\"@type\":\"ListItem\",\"position\":2,\"name\":\"Oplevelser i Qaqortoq\"}]},{\"@type\":\"WebSite\",\"@id\":\"https:\/\/arcticexcursions.com\/#website\",\"url\":\"https:\/\/arcticexcursions.com\/\",\"name\":\"Arctic Excursions\",\"description\":\"New adventures. Every day.\",\"publisher\":{\"@id\":\"https:\/\/arcticexcursions.com\/#organization\"},\"potentialAction\":[{\"@type\":\"SearchAction\",\"target\":{\"@type\":\"EntryPoint\",\"urlTemplate\":\"https:\/\/arcticexcursions.com\/?s={search_term_string}\"},\"query-input\":{\"@type\":\"PropertyValueSpecification\",\"valueRequired\":true,\"valueName\":\"search_term_string\"}}],\"inLanguage\":\"da-DK\"},{\"@type\":\"Organization\",\"@id\":\"https:\/\/arcticexcursions.com\/#organization\",\"name\":\"Arctic Excursions\",\"url\":\"https:\/\/arcticexcursions.com\/\",\"logo\":{\"@type\":\"ImageObject\",\"inLanguage\":\"da-DK\",\"@id\":\"https:\/\/arcticexcursions.com\/#\/schema\/logo\/image\/\",\"url\":\"https:\/\/arcticexcursions.com\/wp-content\/uploads\/2022\/11\/fb-logo.png\",\"contentUrl\":\"https:\/\/arcticexcursions.com\/wp-content\/uploads\/2022\/11\/fb-logo.png\",\"width\":523,\"height\":523,\"caption\":\"Arctic Excursions\"},\"image\":{\"@id\":\"https:\/\/arcticexcursions.com\/#\/schema\/logo\/image\/\"}}]}<\/script>\n<!-- \/ Yoast SEO plugin. -->","yoast_head_json":{"title":"Arctic Excursions","description":"Oplevelser i Qaqortoq er et perfekt udgangspunkt for at udforske de naturlige sk\u00f8nheder og kulturelle skatte, som Sydgr\u00f8nland har at tilbyde.","robots":{"index":"index","follow":"follow","max-snippet":"max-snippet:-1","max-image-preview":"max-image-preview:large","max-video-preview":"max-video-preview:-1"},"canonical":"https:\/\/arcticexcursions.com\/da\/oplevelser-i-qaqortoq\/","og_locale":"da_DK","og_type":"article","og_title":"Oplevelser i Qaqortoq - Arctic Excursions","og_description":"Oplevelser i Qaqortoq er et perfekt udgangspunkt for at udforske de naturlige sk\u00f8nheder og kulturelle skatte, som Sydgr\u00f8nland har at tilbyde.","og_url":"https:\/\/arcticexcursions.com\/da\/oplevelser-i-qaqortoq\/","og_site_name":"Arctic Excursions","article_modified_time":"2024-02-27T13:50:48+00:00","twitter_card":"summary_large_image","twitter_misc":{"Estimeret l\u00e6setid":"5 minutter"},"schema":{"@context":"https:\/\/schema.org","@graph":[{"@type":"WebPage","@id":"https:\/\/arcticexcursions.com\/da\/oplevelser-i-qaqortoq\/","url":"https:\/\/arcticexcursions.com\/da\/oplevelser-i-qaqortoq\/","name":"Oplevelser i Qaqortoq - Arctic Excursions","isPartOf":{"@id":"https:\/\/arcticexcursions.com\/#website"},"datePublished":"2022-09-09T12:39:45+00:00","dateModified":"2024-02-27T13:50:48+00:00","description":"Oplevelser i Qaqortoq er et perfekt udgangspunkt for at udforske de naturlige sk\u00f8nheder og kulturelle skatte, som Sydgr\u00f8nland har at tilbyde.","breadcrumb":{"@id":"https:\/\/arcticexcursions.com\/da\/oplevelser-i-qaqortoq\/#breadcrumb"},"inLanguage":"da-DK","potentialAction":[{"@type":"ReadAction","target":["https:\/\/arcticexcursions.com\/da\/oplevelser-i-qaqortoq\/"]}]},{"@type":"BreadcrumbList","@id":"https:\/\/arcticexcursions.com\/da\/oplevelser-i-qaqortoq\/#breadcrumb","itemListElement":[{"@type":"ListItem","position":1,"name":"Home","item":"https:\/\/arcticexcursions.com\/da\/"},{"@type":"ListItem","position":2,"name":"Oplevelser i Qaqortoq"}]},{"@type":"WebSite","@id":"https:\/\/arcticexcursions.com\/#website","url":"https:\/\/arcticexcursions.com\/","name":"Arctic Excursions","description":"New adventures. Every day.","publisher":{"@id":"https:\/\/arcticexcursions.com\/#organization"},"potentialAction":[{"@type":"SearchAction","target":{"@type":"EntryPoint","urlTemplate":"https:\/\/arcticexcursions.com\/?s={search_term_string}"},"query-input":{"@type":"PropertyValueSpecification","valueRequired":true,"valueName":"search_term_string"}}],"inLanguage":"da-DK"},{"@type":"Organization","@id":"https:\/\/arcticexcursions.com\/#organization","name":"Arctic Excursions","url":"https:\/\/arcticexcursions.com\/","logo":{"@type":"ImageObject","inLanguage":"da-DK","@id":"https:\/\/arcticexcursions.com\/#\/schema\/logo\/image\/","url":"https:\/\/arcticexcursions.com\/wp-content\/uploads\/2022\/11\/fb-logo.png","contentUrl":"https:\/\/arcticexcursions.com\/wp-content\/uploads\/2022\/11\/fb-logo.png","width":523,"height":523,"caption":"Arctic Excursions"},"image":{"@id":"https:\/\/arcticexcursions.com\/#\/schema\/logo\/image\/"}}]}},"_links":{"self":[{"href":"https:\/\/arcticexcursions.com\/da\/wp-json\/wp\/v2\/pages\/34000"}],"collection":[{"href":"https:\/\/arcticexcursions.com\/da\/wp-json\/wp\/v2\/pages"}],"about":[{"href":"https:\/\/arcticexcursions.com\/da\/wp-json\/wp\/v2\/types\/page"}],"author":[{"embeddable":true,"href":"https:\/\/arcticexcursions.com\/da\/wp-json\/wp\/v2\/users\/3"}],"replies":[{"embeddable":true,"href":"https:\/\/arcticexcursions.com\/da\/wp-json\/wp\/v2\/comments?post=34000"}],"version-history":[{"count":0,"href":"https:\/\/arcticexcursions.com\/da\/wp-json\/wp\/v2\/pages\/34000\/revisions"}],"wp:attachment":[{"href":"https:\/\/arcticexcursions.com\/da\/wp-json\/wp\/v2\/media?parent=34000"}],"curies":[{"name":"wp","href":"https:\/\/api.w.org\/{rel}","templated":true}]}}