{"id":34239,"date":"2022-05-12T14:16:49","date_gmt":"2022-05-12T12:16:49","guid":{"rendered":"https:\/\/arcticexcursions.com\/?page_id=34239"},"modified":"2024-02-29T16:12:20","modified_gmt":"2024-02-29T14:12:20","slug":"oplevelser-i-nanortalik","status":"publish","type":"page","link":"https:\/\/arcticexcursions.com\/da\/oplevelser-i-nanortalik\/","title":{"rendered":"Oplevelser i Nanortalik"},"content":{"rendered":"<div class=\"wpb-content-wrapper\"><p>[vc_row unlock_row_content=&#8221;yes&#8221; row_height_percent=&#8221;75&#8243; override_padding=&#8221;yes&#8221; h_padding=&#8221;7&#8243; top_padding=&#8221;4&#8243; bottom_padding=&#8221;4&#8243; back_image=&#8221;2448&#8243; back_position=&#8221;center center&#8221; overlay_color=&#8221;color-prif&#8221; overlay_alpha=&#8221;20&#8243; gutter_size=&#8221;3&#8243; column_width_percent=&#8221;100&#8243; shift_y=&#8221;0&#8243; z_index=&#8221;0&#8243; uncode_shortcode_id=&#8221;109297&#8243; overlay_color_type=&#8221;uncode-palette&#8221; row_height_pixel=&#8221;370&#8243;][vc_column column_width_percent=&#8221;100&#8243; position_vertical=&#8221;middle&#8221; align_horizontal=&#8221;align_center&#8221; gutter_size=&#8221;3&#8243; override_padding=&#8221;yes&#8221; column_padding=&#8221;0&#8243; style=&#8221;dark&#8221; overlay_alpha=&#8221;50&#8243; shift_x=&#8221;0&#8243; shift_y=&#8221;0&#8243; shift_y_down=&#8221;0&#8243; z_index=&#8221;0&#8243; medium_width=&#8221;0&#8243; mobile_width=&#8221;0&#8243; css_animation=&#8221;alpha-anim&#8221; width=&#8221;1\/1&#8243; uncode_shortcode_id=&#8221;125113&#8243;][vc_custom_heading heading_semantic=&#8221;h1&#8243; text_size=&#8221;h1&#8243; text_height=&#8221;fontheight-112312&#8243; css_animation=&#8221;typewriter&#8221; animation_speed=&#8221;700&#8243; animation_delay=&#8221;300&#8243; uncode_shortcode_id=&#8221;404755&#8243;]Oplevelser i Nanortalik[\/vc_custom_heading][\/vc_column][\/vc_row][vc_row row_height_percent=&#8221;0&#8243; override_padding=&#8221;yes&#8221; h_padding=&#8221;3&#8243; top_padding=&#8221;3&#8243; bottom_padding=&#8221;3&#8243; overlay_alpha=&#8221;50&#8243; gutter_size=&#8221;3&#8243; column_width_percent=&#8221;100&#8243; shift_y=&#8221;0&#8243; z_index=&#8221;0&#8243; uncode_shortcode_id=&#8221;131094&#8243;][vc_column width=&#8221;2\/3&#8243;][vc_custom_heading heading_semantic=&#8221;h1&#8243; text_size=&#8221;h1&#8243; uncode_shortcode_id=&#8221;393152&#8243;]Oplevelser i Nanortalik[\/vc_custom_heading][vc_column_text uncode_shortcode_id=&#8221;873228&#8243;]Nanortalik, beliggende p\u00e5 Gr\u00f8nlands sydspids, er en by, der er rig p\u00e5 kultur og omgivet af storsl\u00e5et natur. Oplevelser i Nanortalik er kendte for de dramatiske landskaber med stejle fjelde og dybe fjorde, som tilbyder en unik blanding af arktiske eventyr og kulturel indsigt.<\/p>\n<p>Byen er et perfekt udgangspunkt for at udforske de omkringliggende omr\u00e5ders rige vildmark, historiske steder og traditionelle gr\u00f8nlandske livsstil. Nanortalik byder bes\u00f8gende velkommen til at opleve den autentiske sj\u00e6l af Sydgr\u00f8nland.[\/vc_column_text][\/vc_column][vc_column width=&#8221;1\/3&#8243;][vc_single_image media=&#8221;1508&#8243; media_width_percent=&#8221;100&#8243; uncode_shortcode_id=&#8221;210561&#8243;][\/vc_column][\/vc_row][vc_row row_height_percent=&#8221;0&#8243; override_padding=&#8221;yes&#8221; h_padding=&#8221;2&#8243; top_padding=&#8221;5&#8243; bottom_padding=&#8221;5&#8243; overlay_alpha=&#8221;50&#8243; equal_height=&#8221;yes&#8221; gutter_size=&#8221;4&#8243; column_width_percent=&#8221;100&#8243; shift_y=&#8221;0&#8243; z_index=&#8221;0&#8243;][vc_column column_width_percent=&#8221;100&#8243; position_vertical=&#8221;middle&#8221; align_horizontal=&#8221;align_center&#8221; gutter_size=&#8221;3&#8243; overlay_alpha=&#8221;50&#8243; shift_x=&#8221;0&#8243; shift_y=&#8221;0&#8243; shift_y_down=&#8221;0&#8243; z_index=&#8221;0&#8243; medium_width=&#8221;0&#8243; mobile_width=&#8221;0&#8243; width=&#8221;1\/2&#8243;][vc_single_image media=&#8221;2301&#8243; media_width_percent=&#8221;100&#8243; media_ratio=&#8221;sixteen-nine&#8221; uncode_shortcode_id=&#8221;128165&#8243;][vc_custom_heading heading_semantic=&#8221;h3&#8243; subheading=&#8221;For\u00e5ret og p\u00e5skeferien i Nanortalik bringer en fornyet energi til byen, efter en lang og m\u00f8rk vinter. Dette er en tid, hvor lokalsamfundet samles for at fejre p\u00e5sken med traditionelle aktiviteter. Naturen begynder ogs\u00e5 at v\u00e5gne til live, sneen smelter, og de f\u00f8rste tegn p\u00e5 for\u00e5r viser sig. Det er en ideel tid for bes\u00f8gende at opleve den kulturelle rigdom af Nanortalik, mens de nyder de l\u00e6ngere dage og det bl\u00f8dg\u00f8rende landskab.&#8221; uncode_shortcode_id=&#8221;213186&#8243;]For\u00e5r og P\u00e5skeferie i Nanortalik[\/vc_custom_heading][vc_button button_color=&#8221;accent&#8221; border_width=&#8221;0&#8243; link=&#8221;url:https%3A%2F%2Farcticexcursions.com%2Fda%2Fudflugter%2F%3FdateFrom%3D2024-03-01%26dateTo%3D2024-05-31%26location%3Dnanortalik-da&#8221; button_color_type=&#8221;uncode-palette&#8221; uncode_shortcode_id=&#8221;546932&#8243;]For\u00e5r[\/vc_button][\/vc_column][vc_column column_width_percent=&#8221;100&#8243; align_horizontal=&#8221;align_center&#8221; gutter_size=&#8221;3&#8243; overlay_alpha=&#8221;50&#8243; shift_x=&#8221;0&#8243; shift_y=&#8221;0&#8243; shift_y_down=&#8221;0&#8243; z_index=&#8221;0&#8243; medium_width=&#8221;0&#8243; mobile_width=&#8221;0&#8243; width=&#8221;1\/2&#8243;][vc_single_image media=&#8221;2295&#8243; media_width_percent=&#8221;100&#8243; media_ratio=&#8221;sixteen-nine&#8221; uncode_shortcode_id=&#8221;212738&#8243;][vc_custom_heading heading_semantic=&#8221;h3&#8243; subheading=&#8221;Sommeren i Nanortalik er en tid med mange lyse timer, hvor landskabet bades i et bl\u00f8dt, gyldent lys. Sommerm\u00e5nederne byder p\u00e5 muligheder for vandreture i det omkringliggende fjeldlandskab, kajaksejlads i fjordene og observation af det rige dyreliv, herunder hvaler og s\u00e6ler. Byen oplever en b\u00f8lge af aktivitet med bes\u00f8gende og lokalbefolkningen, der nyder det udend\u00f8rs liv og de kulturelle festivaler, der fejrer den arktiske sommer.&#8221; uncode_shortcode_id=&#8221;301842&#8243;]Sommer og Sommerferie i Nanortalik[\/vc_custom_heading][vc_button button_color=&#8221;accent&#8221; border_width=&#8221;0&#8243; link=&#8221;url:https%3A%2F%2Farcticexcursions.com%2Fda%2Fudflugter%2F%3FdateFrom%3D2024-06-01%26dateTo%3D2024-08-31%26location%3Dnanortalik-da&#8221; button_color_type=&#8221;uncode-palette&#8221; uncode_shortcode_id=&#8221;856797&#8243;]Sommer[\/vc_button][\/vc_column][\/vc_row][vc_row row_height_percent=&#8221;0&#8243; override_padding=&#8221;yes&#8221; h_padding=&#8221;3&#8243; top_padding=&#8221;3&#8243; bottom_padding=&#8221;5&#8243; overlay_alpha=&#8221;50&#8243; gutter_size=&#8221;3&#8243; column_width_use_pixel=&#8221;yes&#8221; shift_y=&#8221;0&#8243; z_index=&#8221;0&#8243; uncode_shortcode_id=&#8221;457224&#8243;][vc_column column_width_percent=&#8221;100&#8243; gutter_size=&#8221;3&#8243; overlay_alpha=&#8221;50&#8243; shift_x=&#8221;0&#8243; shift_y=&#8221;0&#8243; shift_y_down=&#8221;0&#8243; z_index=&#8221;0&#8243; medium_width=&#8221;0&#8243; mobile_width=&#8221;0&#8243; css_animation=&#8221;bottom-t-top&#8221; width=&#8221;2\/3&#8243; uncode_shortcode_id=&#8221;149135&#8243;][vc_custom_heading text_size=&#8221;h1&#8243; uncode_shortcode_id=&#8221;812311&#8243;]Byvandring i Nanortalik[\/vc_custom_heading][vc_column_text uncode_shortcode_id=&#8221;211769&#8243;]En byvandring i Nanortalik afsl\u00f8rer en charmerende by, der bevarer traditioner, samtidig med at den byder det moderne liv velkommen. G\u00e5 gennem gader med farverige huse, bes\u00f8g det lokale museum for at dykke ned i byens maritime historie og oplev den gamle kirke. Byvandringen giver ogs\u00e5 et unikt indblik i det daglige liv i en gr\u00f8nlandsk by, hvor f\u00e6llesskab og tradition spiller en central rolle.[\/vc_column_text][vc_button border_width=&#8221;0&#8243; uncode_shortcode_id=&#8221;100621&#8243; link=&#8221;url:https%3A%2F%2Farcticexcursions.com%2Fda%2Fudflugter%2F%3Flocation%3Dnanortalik-da%26type%3Dbyvandring&#8221;]Byvandring[\/vc_button][\/vc_column][vc_column width=&#8221;1\/3&#8243;][vc_single_image media=&#8221;1077&#8243; media_width_percent=&#8221;100&#8243; uncode_shortcode_id=&#8221;202756&#8243;][\/vc_column][\/vc_row][vc_row row_height_percent=&#8221;0&#8243; override_padding=&#8221;yes&#8221; h_padding=&#8221;2&#8243; top_padding=&#8221;5&#8243; bottom_padding=&#8221;5&#8243; overlay_alpha=&#8221;50&#8243; equal_height=&#8221;yes&#8221; gutter_size=&#8221;4&#8243; column_width_percent=&#8221;100&#8243; shift_y=&#8221;0&#8243; z_index=&#8221;0&#8243;][vc_column column_width_percent=&#8221;100&#8243; position_vertical=&#8221;middle&#8221; align_horizontal=&#8221;align_center&#8221; gutter_size=&#8221;3&#8243; overlay_alpha=&#8221;50&#8243; shift_x=&#8221;0&#8243; shift_y=&#8221;0&#8243; shift_y_down=&#8221;0&#8243; z_index=&#8221;0&#8243; medium_width=&#8221;0&#8243; mobile_width=&#8221;0&#8243; width=&#8221;1\/2&#8243;][vc_single_image media=&#8221;2343&#8243; media_width_percent=&#8221;100&#8243; media_ratio=&#8221;sixteen-nine&#8221; uncode_shortcode_id=&#8221;608714&#8243;][vc_custom_heading heading_semantic=&#8221;h3&#8243; subheading=&#8221;Efter\u00e5ret i Nanortalik markerer en overgangstid, hvor landskabet kl\u00e6der sig i spektakul\u00e6re farver, og luften bliver skarpere. Det er en fantastisk tid for vandreture og at opleve nordlysets begyndende optr\u00e6dener p\u00e5 nattehimlen. Efter\u00e5ret bringer ogs\u00e5 en tid for refleksion og forberedelse til den forest\u00e5ende vinter, med lokalsamfundet, der samler ressourcer og nyder efter\u00e5rets h\u00f8st.&#8221; uncode_shortcode_id=&#8221;128062&#8243;]Efter\u00e5r og Efter\u00e5rsferie i Nanortalik[\/vc_custom_heading][vc_button button_color=&#8221;accent&#8221; border_width=&#8221;0&#8243; link=&#8221;url:https%3A%2F%2Farcticexcursions.com%2Fda%2Fudflugter%2F%3FdateFrom%3D2024-09-01%26dateTo%3D2024-11-30%26location%3Dnanortalik-da&#8221; button_color_type=&#8221;uncode-palette&#8221; uncode_shortcode_id=&#8221;153505&#8243;]Efter\u00e5r[\/vc_button][\/vc_column][vc_column column_width_percent=&#8221;100&#8243; align_horizontal=&#8221;align_center&#8221; gutter_size=&#8221;3&#8243; overlay_alpha=&#8221;50&#8243; shift_x=&#8221;0&#8243; shift_y=&#8221;0&#8243; shift_y_down=&#8221;0&#8243; z_index=&#8221;0&#8243; medium_width=&#8221;0&#8243; mobile_width=&#8221;0&#8243; width=&#8221;1\/2&#8243;][vc_single_image media=&#8221;2306&#8243; media_width_percent=&#8221;100&#8243; media_ratio=&#8221;sixteen-nine&#8221; uncode_shortcode_id=&#8221;202593&#8243;][vc_custom_heading heading_semantic=&#8221;h3&#8243; subheading=&#8221;Vinteren i Nanortalik er en tid for snekl\u00e6dte landskaber, isd\u00e6kkede fjorde og hyggelige aftener indend\u00f8rs. Det er den perfekte s\u00e6son for at opleve traditionelle vinteraktiviteter, s\u00e5som hundesl\u00e6dek\u00f8rsel og isfiskeri. Byen og dens omgivelser forvandles til et vinterparadis, der tilbyder enest\u00e5ende muligheder for at opleve den arktiske vinters sk\u00f8nhed og udfordringer. Vinteren er ogs\u00e5 en ideel tid for at iagttage det spektakul\u00e6re nordlys, der danser over den m\u00f8rke himmel.&#8221; uncode_shortcode_id=&#8221;160437&#8243;]Vinter og Vinterferie i Nanortalik[\/vc_custom_heading][vc_button button_color=&#8221;accent&#8221; border_width=&#8221;0&#8243; link=&#8221;url:https%3A%2F%2Farcticexcursions.com%2Fda%2Fudflugter%2F%3FdateFrom%3D2024-12-01%26dateTo%3D2025-02-28%26location%3Dnanortalik-da&#8221; button_color_type=&#8221;uncode-palette&#8221; uncode_shortcode_id=&#8221;181874&#8243;]Vinter[\/vc_button][\/vc_column][\/vc_row][vc_row row_height_percent=&#8221;0&#8243; override_padding=&#8221;yes&#8221; h_padding=&#8221;3&#8243; top_padding=&#8221;3&#8243; bottom_padding=&#8221;5&#8243; overlay_alpha=&#8221;50&#8243; gutter_size=&#8221;3&#8243; column_width_use_pixel=&#8221;yes&#8221; shift_y=&#8221;0&#8243; z_index=&#8221;0&#8243; uncode_shortcode_id=&#8221;457224&#8243;][vc_column column_width_percent=&#8221;100&#8243; gutter_size=&#8221;3&#8243; overlay_alpha=&#8221;50&#8243; shift_x=&#8221;0&#8243; shift_y=&#8221;0&#8243; shift_y_down=&#8221;0&#8243; z_index=&#8221;0&#8243; medium_width=&#8221;0&#8243; mobile_width=&#8221;0&#8243; css_animation=&#8221;bottom-t-top&#8221; width=&#8221;2\/3&#8243; uncode_shortcode_id=&#8221;149135&#8243;][vc_custom_heading text_size=&#8221;h1&#8243; uncode_shortcode_id=&#8221;115734&#8243;]Krydstogt i Nanortalik[\/vc_custom_heading][vc_column_text uncode_shortcode_id=&#8221;263181&#8243;]Krydstogter, der anl\u00f8ber Nanortalik, tilbyder en unik m\u00e5de at opleve byen og det sydgr\u00f8nlandske landskab fra vandet. Disse rejser giver bes\u00f8gende mulighed for at udforske den dramatiske kystlinje, bes\u00f8ge afsidesliggende inuitbygder og opleve det rige marine dyreliv. Krydstogter i Nanortalik er en oplevelse af kultur, historie, og natur, der sammen v\u00e6ver et uforglemmeligt billede af Sydgr\u00f8nland, og giver et dybere indblik i regionens unikke sk\u00f8nhed og traditioner.[\/vc_column_text][\/vc_column][vc_column width=&#8221;1\/3&#8243;][vc_single_image media=&#8221;1608&#8243; media_width_percent=&#8221;100&#8243; uncode_shortcode_id=&#8221;755483&#8243;][\/vc_column][\/vc_row]<\/p>\n<\/div>","protected":false},"excerpt":{"rendered":"<p>[vc_row unlock_row_content=&#8221;yes&#8221; row_height_percent=&#8221;75&#8243; override_padding=&#8221;yes&#8221; h_padding=&#8221;7&#8243; top_padding=&#8221;4&#8243; bottom_padding=&#8221;4&#8243; back_image=&#8221;2448&#8243; back_position=&#8221;center center&#8221; overlay_color=&#8221;color-prif&#8221; overlay_alpha=&#8221;20&#8243; gutter_size=&#8221;3&#8243; column_width_percent=&#8221;100&#8243; shift_y=&#8221;0&#8243; z_index=&#8221;0&#8243; uncode_shortcode_id=&#8221;109297&#8243; overlay_color_type=&#8221;uncode-palette&#8221; row_height_pixel=&#8221;370&#8243;][vc_column column_width_percent=&#8221;100&#8243; [&hellip;]<\/p>\n","protected":false},"author":3,"featured_media":0,"parent":0,"menu_order":0,"comment_status":"closed","ping_status":"closed","template":"","meta":{"_acf_changed":false,"footnotes":""},"class_list":["post-34239","page","type-page","status-publish","hentry"],"acf":[],"yoast_head":"<!-- This site is optimized with the Yoast SEO plugin v23.6 - https:\/\/yoast.com\/wordpress\/plugins\/seo\/ -->\n<title>Arctic Excursions<\/title>\n<meta name=\"description\" content=\"Oplevelser i Nanortalik er kendte for sine dramatiske landskaber med stejle fjelde og dybe fjorde, der tilbyder unikke arktiske eventyr.\" \/>\n<meta name=\"robots\" content=\"index, follow, max-snippet:-1, max-image-preview:large, max-video-preview:-1\" \/>\n<link rel=\"canonical\" href=\"https:\/\/arcticexcursions.com\/da\/oplevelser-i-nanortalik\/\" \/>\n<meta property=\"og:locale\" content=\"da_DK\" \/>\n<meta property=\"og:type\" content=\"article\" \/>\n<meta property=\"og:title\" content=\"Oplevelser i Nanortalik - Arctic Excursions\" \/>\n<meta property=\"og:description\" content=\"Oplevelser i Nanortalik er kendte for sine dramatiske landskaber med stejle fjelde og dybe fjorde, der tilbyder unikke arktiske eventyr.\" \/>\n<meta property=\"og:url\" content=\"https:\/\/arcticexcursions.com\/da\/oplevelser-i-nanortalik\/\" \/>\n<meta property=\"og:site_name\" content=\"Arctic Excursions\" \/>\n<meta property=\"article:modified_time\" content=\"2024-02-29T14:12:20+00:00\" \/>\n<meta name=\"twitter:card\" content=\"summary_large_image\" \/>\n<meta name=\"twitter:label1\" content=\"Estimeret l\u00e6setid\" \/>\n\t<meta name=\"twitter:data1\" content=\"4 minutter\" \/>\n<script type=\"application\/ld+json\" class=\"yoast-schema-graph\">{\"@context\":\"https:\/\/schema.org\",\"@graph\":[{\"@type\":\"WebPage\",\"@id\":\"https:\/\/arcticexcursions.com\/da\/oplevelser-i-nanortalik\/\",\"url\":\"https:\/\/arcticexcursions.com\/da\/oplevelser-i-nanortalik\/\",\"name\":\"Oplevelser i Nanortalik - Arctic Excursions\",\"isPartOf\":{\"@id\":\"https:\/\/arcticexcursions.com\/#website\"},\"datePublished\":\"2022-05-12T12:16:49+00:00\",\"dateModified\":\"2024-02-29T14:12:20+00:00\",\"description\":\"Oplevelser i Nanortalik er kendte for sine dramatiske landskaber med stejle fjelde og dybe fjorde, der tilbyder unikke arktiske eventyr.\",\"breadcrumb\":{\"@id\":\"https:\/\/arcticexcursions.com\/da\/oplevelser-i-nanortalik\/#breadcrumb\"},\"inLanguage\":\"da-DK\",\"potentialAction\":[{\"@type\":\"ReadAction\",\"target\":[\"https:\/\/arcticexcursions.com\/da\/oplevelser-i-nanortalik\/\"]}]},{\"@type\":\"BreadcrumbList\",\"@id\":\"https:\/\/arcticexcursions.com\/da\/oplevelser-i-nanortalik\/#breadcrumb\",\"itemListElement\":[{\"@type\":\"ListItem\",\"position\":1,\"name\":\"Home\",\"item\":\"https:\/\/arcticexcursions.com\/da\/\"},{\"@type\":\"ListItem\",\"position\":2,\"name\":\"Oplevelser i Nanortalik\"}]},{\"@type\":\"WebSite\",\"@id\":\"https:\/\/arcticexcursions.com\/#website\",\"url\":\"https:\/\/arcticexcursions.com\/\",\"name\":\"Arctic Excursions\",\"description\":\"New adventures. Every day.\",\"publisher\":{\"@id\":\"https:\/\/arcticexcursions.com\/#organization\"},\"potentialAction\":[{\"@type\":\"SearchAction\",\"target\":{\"@type\":\"EntryPoint\",\"urlTemplate\":\"https:\/\/arcticexcursions.com\/?s={search_term_string}\"},\"query-input\":{\"@type\":\"PropertyValueSpecification\",\"valueRequired\":true,\"valueName\":\"search_term_string\"}}],\"inLanguage\":\"da-DK\"},{\"@type\":\"Organization\",\"@id\":\"https:\/\/arcticexcursions.com\/#organization\",\"name\":\"Arctic Excursions\",\"url\":\"https:\/\/arcticexcursions.com\/\",\"logo\":{\"@type\":\"ImageObject\",\"inLanguage\":\"da-DK\",\"@id\":\"https:\/\/arcticexcursions.com\/#\/schema\/logo\/image\/\",\"url\":\"https:\/\/arcticexcursions.com\/wp-content\/uploads\/2022\/11\/fb-logo.png\",\"contentUrl\":\"https:\/\/arcticexcursions.com\/wp-content\/uploads\/2022\/11\/fb-logo.png\",\"width\":523,\"height\":523,\"caption\":\"Arctic Excursions\"},\"image\":{\"@id\":\"https:\/\/arcticexcursions.com\/#\/schema\/logo\/image\/\"}}]}<\/script>\n<!-- \/ Yoast SEO plugin. -->","yoast_head_json":{"title":"Arctic Excursions","description":"Oplevelser i Nanortalik er kendte for sine dramatiske landskaber med stejle fjelde og dybe fjorde, der tilbyder unikke arktiske eventyr.","robots":{"index":"index","follow":"follow","max-snippet":"max-snippet:-1","max-image-preview":"max-image-preview:large","max-video-preview":"max-video-preview:-1"},"canonical":"https:\/\/arcticexcursions.com\/da\/oplevelser-i-nanortalik\/","og_locale":"da_DK","og_type":"article","og_title":"Oplevelser i Nanortalik - Arctic Excursions","og_description":"Oplevelser i Nanortalik er kendte for sine dramatiske landskaber med stejle fjelde og dybe fjorde, der tilbyder unikke arktiske eventyr.","og_url":"https:\/\/arcticexcursions.com\/da\/oplevelser-i-nanortalik\/","og_site_name":"Arctic Excursions","article_modified_time":"2024-02-29T14:12:20+00:00","twitter_card":"summary_large_image","twitter_misc":{"Estimeret l\u00e6setid":"4 minutter"},"schema":{"@context":"https:\/\/schema.org","@graph":[{"@type":"WebPage","@id":"https:\/\/arcticexcursions.com\/da\/oplevelser-i-nanortalik\/","url":"https:\/\/arcticexcursions.com\/da\/oplevelser-i-nanortalik\/","name":"Oplevelser i Nanortalik - Arctic Excursions","isPartOf":{"@id":"https:\/\/arcticexcursions.com\/#website"},"datePublished":"2022-05-12T12:16:49+00:00","dateModified":"2024-02-29T14:12:20+00:00","description":"Oplevelser i Nanortalik er kendte for sine dramatiske landskaber med stejle fjelde og dybe fjorde, der tilbyder unikke arktiske eventyr.","breadcrumb":{"@id":"https:\/\/arcticexcursions.com\/da\/oplevelser-i-nanortalik\/#breadcrumb"},"inLanguage":"da-DK","potentialAction":[{"@type":"ReadAction","target":["https:\/\/arcticexcursions.com\/da\/oplevelser-i-nanortalik\/"]}]},{"@type":"BreadcrumbList","@id":"https:\/\/arcticexcursions.com\/da\/oplevelser-i-nanortalik\/#breadcrumb","itemListElement":[{"@type":"ListItem","position":1,"name":"Home","item":"https:\/\/arcticexcursions.com\/da\/"},{"@type":"ListItem","position":2,"name":"Oplevelser i Nanortalik"}]},{"@type":"WebSite","@id":"https:\/\/arcticexcursions.com\/#website","url":"https:\/\/arcticexcursions.com\/","name":"Arctic Excursions","description":"New adventures. Every day.","publisher":{"@id":"https:\/\/arcticexcursions.com\/#organization"},"potentialAction":[{"@type":"SearchAction","target":{"@type":"EntryPoint","urlTemplate":"https:\/\/arcticexcursions.com\/?s={search_term_string}"},"query-input":{"@type":"PropertyValueSpecification","valueRequired":true,"valueName":"search_term_string"}}],"inLanguage":"da-DK"},{"@type":"Organization","@id":"https:\/\/arcticexcursions.com\/#organization","name":"Arctic Excursions","url":"https:\/\/arcticexcursions.com\/","logo":{"@type":"ImageObject","inLanguage":"da-DK","@id":"https:\/\/arcticexcursions.com\/#\/schema\/logo\/image\/","url":"https:\/\/arcticexcursions.com\/wp-content\/uploads\/2022\/11\/fb-logo.png","contentUrl":"https:\/\/arcticexcursions.com\/wp-content\/uploads\/2022\/11\/fb-logo.png","width":523,"height":523,"caption":"Arctic Excursions"},"image":{"@id":"https:\/\/arcticexcursions.com\/#\/schema\/logo\/image\/"}}]}},"_links":{"self":[{"href":"https:\/\/arcticexcursions.com\/da\/wp-json\/wp\/v2\/pages\/34239"}],"collection":[{"href":"https:\/\/arcticexcursions.com\/da\/wp-json\/wp\/v2\/pages"}],"about":[{"href":"https:\/\/arcticexcursions.com\/da\/wp-json\/wp\/v2\/types\/page"}],"author":[{"embeddable":true,"href":"https:\/\/arcticexcursions.com\/da\/wp-json\/wp\/v2\/users\/3"}],"replies":[{"embeddable":true,"href":"https:\/\/arcticexcursions.com\/da\/wp-json\/wp\/v2\/comments?post=34239"}],"version-history":[{"count":0,"href":"https:\/\/arcticexcursions.com\/da\/wp-json\/wp\/v2\/pages\/34239\/revisions"}],"wp:attachment":[{"href":"https:\/\/arcticexcursions.com\/da\/wp-json\/wp\/v2\/media?parent=34239"}],"curies":[{"name":"wp","href":"https:\/\/api.w.org\/{rel}","templated":true}]}}