{"id":10227,"date":"2023-02-28T14:44:05","date_gmt":"2023-02-28T12:44:05","guid":{"rendered":"https:\/\/arcticexcursions.com\/?post_type=product&#038;p=10227"},"modified":"2025-11-03T13:56:51","modified_gmt":"2025-11-03T11:56:51","slug":"vinter-safari-v2","status":"publish","type":"product","link":"https:\/\/arcticexcursions.com\/da\/udflugter\/vinter-safari-v2\/","title":{"rendered":"Vinter Safari"},"content":{"rendered":"<p>Kom helt t\u00e6t p\u00e5 vinterlandskabet p\u00e5 denne vinter safari med UTV i Sisimiut. <\/p>\n<p>Turen starter fra byen og vi k\u00f8rer mod det smukke bagland gennem hundebyen, hvor man for muligheden for at opleve og se den gr\u00f8nlandske sl\u00e6dehund, som har v\u00e6ret en vigtig del af den gr\u00f8nlandske kultur i mange \u00e5r og generationer. <\/p>\n<p>Vi k\u00f8rer videre mod baglandet \u00f8st for Sisimiut og ser elven kaldt Kisaq, her ser man det betagende, frosne vandfald.  <\/p>\n<p>Stedet er det perfekte sted til at tage nogle gode billeder af Sisimiut og turen kan nydes af alle. <\/p>\n<p>Hele familien kan deltage p\u00e5 turen.<\/p>\n<p><b>Varighed:<\/b> 1 timer <\/p>\n<p><b>Deltagere:<\/b> Bem\u00e6rk venligst, at udflugten kun gennemf\u00f8res, hvis der er mindst 2 bookede billetter i alt. Hvis du for eksempel booker 1 billetter, skal der s\u00e6lges mindst 1 yderligere billetter til andre kunder, f\u00f8r turen kan finde sted. Der vil deltage maksimalt 8 personer. <\/p>\n<p><b>Sprog:<\/b> Guiden taler dansk, engelsk og gr\u00f8nlandsk <\/p>\n<p><b>Type af tur:<\/b> Guiden k\u00f8rer UTV. Deltagerne er passagerer. <\/p>\n<p><b>Forplejning:<\/b> Kaffe og te serveres <\/p>\n<p><b>Anbefalet p\u00e5kl\u00e6dning:<\/b> Varmt t\u00f8j inkl. hue og handsker. Hjelm og varm dragt inkluderet.<\/p>\n","protected":false},"excerpt":{"rendered":"<p>Oplev vinterlandskabet p\u00e5 en helt ny m\u00e5de.<\/p>\n","protected":false},"featured_media":3275,"comment_status":"open","ping_status":"closed","template":"","meta":{"_acf_changed":false},"product_brand":[],"product_cat":[170],"product_tag":[],"class_list":{"0":"post-10227","1":"product","2":"type-product","3":"status-publish","4":"has-post-thumbnail","6":"product_cat-udflugt","7":"pa_dato-729","8":"pa_dato-343","9":"pa_dato-371","10":"pa_dato-344","11":"pa_dato-412","12":"pa_dato-346","13":"pa_dato-372","14":"pa_dato-373","15":"pa_dato-374","16":"pa_dato-347","17":"pa_dato-413","18":"pa_dato-349","19":"pa_dato-350","20":"pa_dato-414","21":"pa_dato-352","22":"pa_dato-380","23":"pa_dato-353","24":"pa_dato-415","25":"pa_dato-355","26":"pa_dato-383","27":"pa_dato-356","28":"pa_dato-416","29":"pa_dato-358","30":"pa_dato-386","31":"pa_dato-417","32":"pa_dato-418","33":"pa_dato-390","34":"pa_dato-405","35":"pa_dato-419","36":"pa_dato-420","37":"pa_dato-394","38":"pa_dato-406","39":"pa_dato-421","40":"pa_dato-422","41":"pa_dato-398","42":"pa_dato-407","43":"pa_dato-810","44":"pa_dato-811","45":"pa_dato-812","46":"pa_dato-813","47":"pa_dato-814","48":"pa_dato-903","49":"pa_dato-905","50":"pa_dato-815","51":"pa_dato-816","52":"pa_dato-944","53":"pa_dato-907","54":"pa_dato-906","55":"pa_dato-854","56":"pa_dato-869","57":"pa_dato-946","58":"pa_dato-1145","59":"pa_dato-945","60":"pa_dato-904","61":"pa_dato-855","62":"pa_dato-870","63":"pa_dato-1142","64":"pa_dato-908","65":"pa_dato-883","66":"pa_dato-871","67":"pa_dato-856","68":"pa_dato-929","69":"pa_dato-884","70":"pa_dato-1168","71":"pa_dato-857","72":"pa_dato-955","73":"pa_dato-872","74":"pa_dato-956","75":"pa_dato-885","76":"pa_dato-858","77":"pa_dato-1169","78":"pa_dato-859","79":"pa_dato-886","80":"pa_dato-873","81":"pa_dato-987","82":"pa_dato-930","83":"pa_dato-860","84":"pa_dato-1170","85":"pa_dato-861","86":"pa_dato-887","87":"pa_dato-874","88":"pa_dato-947","89":"pa_dato-948","90":"pa_dato-888","91":"pa_dato-875","92":"pa_dato-863","93":"pa_dato-918","94":"pa_dato-1187","95":"pa_dato-1188","96":"pa_dato-889","97":"pa_dato-876","98":"pa_dato-1189","99":"pa_dato-864","100":"pa_dato-951","101":"pa_dato-952","102":"pa_dato-877","103":"pa_dato-953","104":"pa_dato-1078","105":"pa_dato-878","106":"pa_dato-865","107":"pa_dato-890","108":"pa_dato-949","109":"pa_dato-1190","110":"pa_dato-891","111":"pa_dato-879","112":"pa_dato-1191","113":"pa_dato-1192","114":"pa_dato-892","115":"pa_dato-880","116":"pa_dato-1181","117":"pa_dato-893","118":"pa_dato-1079","119":"pa_dato-1157","120":"pa_dato-894","121":"pa_dato-950","122":"pa_dato-862","123":"pa_dato-954","124":"pa_dato-866","125":"pa_dato-895","126":"pa_dato-881","127":"pa_dato-919","128":"pa_dato-867","129":"pa_dato-1090","130":"pa_dato-882","131":"pa_dato-896","132":"pa_dato-868","133":"pa_dato-1201","134":"pa_dato-1091","135":"pa_dato-1092","136":"pa_dato-1093","137":"pa_dato-1094","138":"pa_dato-1095","139":"pa_dato-1085","140":"pa_dato-1202","141":"pa_dato-920","142":"pa_dato-921","143":"pa_dato-1096","144":"pa_dato-1097","145":"pa_dato-1098","146":"pa_dato-1086","147":"pa_dato-1203","148":"pa_dato-1365","149":"pa_dato-1364","150":"pa_dato-1274","151":"pa_dato-1324","152":"pa_dato-728","153":"pa_tidspunkt-40","154":"pa_tidspunkt-308","155":"pa_tidspunkt-426","156":"pa_tidspunkt-110","157":"tour_location-sisimiut-da","158":"tour_type-outdoor-da","159":"tour_tickettype-arctic_excursions","160":"tour_operator-hotel-sisimiut-tours","162":"first","163":"outofstock","164":"shipping-taxable","165":"product-type-variable"},"acf":[],"yoast_head":"<!-- This site is optimized with the Yoast SEO plugin v23.6 - https:\/\/yoast.com\/wordpress\/plugins\/seo\/ -->\n<title>Arctic Excursions<\/title>\n<meta name=\"robots\" content=\"index, follow, max-snippet:-1, max-image-preview:large, max-video-preview:-1\" \/>\n<link rel=\"canonical\" href=\"https:\/\/arcticexcursions.com\/udflugter\/winter-safari-v2\/\" \/>\n<meta property=\"og:locale\" content=\"da_DK\" \/>\n<meta property=\"og:type\" content=\"article\" \/>\n<meta property=\"og:title\" content=\"Vinter Safari - Arctic Excursions\" \/>\n<meta property=\"og:description\" content=\"Oplev vinterlandskabet p\u00e5 en helt ny m\u00e5de.\" \/>\n<meta property=\"og:url\" content=\"https:\/\/arcticexcursions.com\/udflugter\/winter-safari-v2\/\" \/>\n<meta property=\"og:site_name\" content=\"Arctic Excursions\" \/>\n<meta property=\"article:modified_time\" content=\"2025-11-03T11:56:51+00:00\" \/>\n<meta property=\"og:image\" content=\"https:\/\/arcticexcursions.com\/wp-content\/uploads\/2022\/10\/Vinter-Safari-4-scaled.jpg\" \/>\n\t<meta property=\"og:image:width\" content=\"2560\" \/>\n\t<meta property=\"og:image:height\" content=\"1707\" \/>\n\t<meta property=\"og:image:type\" content=\"image\/jpeg\" \/>\n<meta name=\"twitter:card\" content=\"summary_large_image\" \/>\n<meta name=\"twitter:label1\" content=\"Estimeret l\u00e6setid\" \/>\n\t<meta name=\"twitter:data1\" content=\"1 minut\" \/>\n<script type=\"application\/ld+json\" class=\"yoast-schema-graph\">{\"@context\":\"https:\/\/schema.org\",\"@graph\":[{\"@type\":\"WebPage\",\"@id\":\"https:\/\/arcticexcursions.com\/udflugter\/winter-safari-v2\/\",\"url\":\"https:\/\/arcticexcursions.com\/udflugter\/winter-safari-v2\/\",\"name\":\"Vinter Safari - Arctic Excursions\",\"isPartOf\":{\"@id\":\"https:\/\/arcticexcursions.com\/#website\"},\"primaryImageOfPage\":{\"@id\":\"https:\/\/arcticexcursions.com\/udflugter\/winter-safari-v2\/#primaryimage\"},\"image\":{\"@id\":\"https:\/\/arcticexcursions.com\/udflugter\/winter-safari-v2\/#primaryimage\"},\"thumbnailUrl\":\"https:\/\/arcticexcursions.com\/wp-content\/uploads\/2022\/10\/Vinter-Safari-4-scaled.jpg\",\"datePublished\":\"2023-02-28T12:44:05+00:00\",\"dateModified\":\"2025-11-03T11:56:51+00:00\",\"breadcrumb\":{\"@id\":\"https:\/\/arcticexcursions.com\/udflugter\/winter-safari-v2\/#breadcrumb\"},\"inLanguage\":\"da-DK\",\"potentialAction\":[{\"@type\":\"ReadAction\",\"target\":[\"https:\/\/arcticexcursions.com\/udflugter\/winter-safari-v2\/\"]}]},{\"@type\":\"ImageObject\",\"inLanguage\":\"da-DK\",\"@id\":\"https:\/\/arcticexcursions.com\/udflugter\/winter-safari-v2\/#primaryimage\",\"url\":\"https:\/\/arcticexcursions.com\/wp-content\/uploads\/2022\/10\/Vinter-Safari-4-scaled.jpg\",\"contentUrl\":\"https:\/\/arcticexcursions.com\/wp-content\/uploads\/2022\/10\/Vinter-Safari-4-scaled.jpg\",\"width\":2560,\"height\":1707},{\"@type\":\"BreadcrumbList\",\"@id\":\"https:\/\/arcticexcursions.com\/udflugter\/winter-safari-v2\/#breadcrumb\",\"itemListElement\":[{\"@type\":\"ListItem\",\"position\":1,\"name\":\"Home\",\"item\":\"https:\/\/arcticexcursions.com\/da\/\"},{\"@type\":\"ListItem\",\"position\":2,\"name\":\"Udflugter i Gr\u00f8nland\",\"item\":\"https:\/\/arcticexcursions.com\/da\/udflugter\/\"},{\"@type\":\"ListItem\",\"position\":3,\"name\":\"Vinter Safari\"}]},{\"@type\":\"WebSite\",\"@id\":\"https:\/\/arcticexcursions.com\/#website\",\"url\":\"https:\/\/arcticexcursions.com\/\",\"name\":\"Arctic Excursions\",\"description\":\"New adventures. Every day.\",\"publisher\":{\"@id\":\"https:\/\/arcticexcursions.com\/#organization\"},\"potentialAction\":[{\"@type\":\"SearchAction\",\"target\":{\"@type\":\"EntryPoint\",\"urlTemplate\":\"https:\/\/arcticexcursions.com\/?s={search_term_string}\"},\"query-input\":{\"@type\":\"PropertyValueSpecification\",\"valueRequired\":true,\"valueName\":\"search_term_string\"}}],\"inLanguage\":\"da-DK\"},{\"@type\":\"Organization\",\"@id\":\"https:\/\/arcticexcursions.com\/#organization\",\"name\":\"Arctic Excursions\",\"url\":\"https:\/\/arcticexcursions.com\/\",\"logo\":{\"@type\":\"ImageObject\",\"inLanguage\":\"da-DK\",\"@id\":\"https:\/\/arcticexcursions.com\/#\/schema\/logo\/image\/\",\"url\":\"https:\/\/arcticexcursions.com\/wp-content\/uploads\/2022\/11\/fb-logo.png\",\"contentUrl\":\"https:\/\/arcticexcursions.com\/wp-content\/uploads\/2022\/11\/fb-logo.png\",\"width\":523,\"height\":523,\"caption\":\"Arctic Excursions\"},\"image\":{\"@id\":\"https:\/\/arcticexcursions.com\/#\/schema\/logo\/image\/\"}}]}<\/script>\n<!-- \/ Yoast SEO plugin. -->","yoast_head_json":{"title":"Arctic Excursions","robots":{"index":"index","follow":"follow","max-snippet":"max-snippet:-1","max-image-preview":"max-image-preview:large","max-video-preview":"max-video-preview:-1"},"canonical":"https:\/\/arcticexcursions.com\/udflugter\/winter-safari-v2\/","og_locale":"da_DK","og_type":"article","og_title":"Vinter Safari - Arctic Excursions","og_description":"Oplev vinterlandskabet p\u00e5 en helt ny m\u00e5de.","og_url":"https:\/\/arcticexcursions.com\/udflugter\/winter-safari-v2\/","og_site_name":"Arctic Excursions","article_modified_time":"2025-11-03T11:56:51+00:00","og_image":[{"width":2560,"height":1707,"url":"https:\/\/arcticexcursions.com\/wp-content\/uploads\/2022\/10\/Vinter-Safari-4-scaled.jpg","type":"image\/jpeg"}],"twitter_card":"summary_large_image","twitter_misc":{"Estimeret l\u00e6setid":"1 minut"},"schema":{"@context":"https:\/\/schema.org","@graph":[{"@type":"WebPage","@id":"https:\/\/arcticexcursions.com\/udflugter\/winter-safari-v2\/","url":"https:\/\/arcticexcursions.com\/udflugter\/winter-safari-v2\/","name":"Vinter Safari - Arctic Excursions","isPartOf":{"@id":"https:\/\/arcticexcursions.com\/#website"},"primaryImageOfPage":{"@id":"https:\/\/arcticexcursions.com\/udflugter\/winter-safari-v2\/#primaryimage"},"image":{"@id":"https:\/\/arcticexcursions.com\/udflugter\/winter-safari-v2\/#primaryimage"},"thumbnailUrl":"https:\/\/arcticexcursions.com\/wp-content\/uploads\/2022\/10\/Vinter-Safari-4-scaled.jpg","datePublished":"2023-02-28T12:44:05+00:00","dateModified":"2025-11-03T11:56:51+00:00","breadcrumb":{"@id":"https:\/\/arcticexcursions.com\/udflugter\/winter-safari-v2\/#breadcrumb"},"inLanguage":"da-DK","potentialAction":[{"@type":"ReadAction","target":["https:\/\/arcticexcursions.com\/udflugter\/winter-safari-v2\/"]}]},{"@type":"ImageObject","inLanguage":"da-DK","@id":"https:\/\/arcticexcursions.com\/udflugter\/winter-safari-v2\/#primaryimage","url":"https:\/\/arcticexcursions.com\/wp-content\/uploads\/2022\/10\/Vinter-Safari-4-scaled.jpg","contentUrl":"https:\/\/arcticexcursions.com\/wp-content\/uploads\/2022\/10\/Vinter-Safari-4-scaled.jpg","width":2560,"height":1707},{"@type":"BreadcrumbList","@id":"https:\/\/arcticexcursions.com\/udflugter\/winter-safari-v2\/#breadcrumb","itemListElement":[{"@type":"ListItem","position":1,"name":"Home","item":"https:\/\/arcticexcursions.com\/da\/"},{"@type":"ListItem","position":2,"name":"Udflugter i Gr\u00f8nland","item":"https:\/\/arcticexcursions.com\/da\/udflugter\/"},{"@type":"ListItem","position":3,"name":"Vinter Safari"}]},{"@type":"WebSite","@id":"https:\/\/arcticexcursions.com\/#website","url":"https:\/\/arcticexcursions.com\/","name":"Arctic Excursions","description":"New adventures. Every day.","publisher":{"@id":"https:\/\/arcticexcursions.com\/#organization"},"potentialAction":[{"@type":"SearchAction","target":{"@type":"EntryPoint","urlTemplate":"https:\/\/arcticexcursions.com\/?s={search_term_string}"},"query-input":{"@type":"PropertyValueSpecification","valueRequired":true,"valueName":"search_term_string"}}],"inLanguage":"da-DK"},{"@type":"Organization","@id":"https:\/\/arcticexcursions.com\/#organization","name":"Arctic Excursions","url":"https:\/\/arcticexcursions.com\/","logo":{"@type":"ImageObject","inLanguage":"da-DK","@id":"https:\/\/arcticexcursions.com\/#\/schema\/logo\/image\/","url":"https:\/\/arcticexcursions.com\/wp-content\/uploads\/2022\/11\/fb-logo.png","contentUrl":"https:\/\/arcticexcursions.com\/wp-content\/uploads\/2022\/11\/fb-logo.png","width":523,"height":523,"caption":"Arctic Excursions"},"image":{"@id":"https:\/\/arcticexcursions.com\/#\/schema\/logo\/image\/"}}]}},"_links":{"self":[{"href":"https:\/\/arcticexcursions.com\/da\/wp-json\/wp\/v2\/product\/10227"}],"collection":[{"href":"https:\/\/arcticexcursions.com\/da\/wp-json\/wp\/v2\/product"}],"about":[{"href":"https:\/\/arcticexcursions.com\/da\/wp-json\/wp\/v2\/types\/product"}],"replies":[{"embeddable":true,"href":"https:\/\/arcticexcursions.com\/da\/wp-json\/wp\/v2\/comments?post=10227"}],"wp:featuredmedia":[{"embeddable":true,"href":"https:\/\/arcticexcursions.com\/da\/wp-json\/wp\/v2\/media\/3275"}],"wp:attachment":[{"href":"https:\/\/arcticexcursions.com\/da\/wp-json\/wp\/v2\/media?parent=10227"}],"wp:term":[{"taxonomy":"product_brand","embeddable":true,"href":"https:\/\/arcticexcursions.com\/da\/wp-json\/wp\/v2\/product_brand?post=10227"},{"taxonomy":"product_cat","embeddable":true,"href":"https:\/\/arcticexcursions.com\/da\/wp-json\/wp\/v2\/product_cat?post=10227"},{"taxonomy":"product_tag","embeddable":true,"href":"https:\/\/arcticexcursions.com\/da\/wp-json\/wp\/v2\/product_tag?post=10227"}],"curies":[{"name":"wp","href":"https:\/\/api.w.org\/{rel}","templated":true}]}}