{"id":12900,"date":"2023-04-21T16:15:15","date_gmt":"2023-04-21T14:15:15","guid":{"rendered":"https:\/\/arcticexcursions.com\/?post_type=product&#038;p=12900"},"modified":"2026-03-02T00:27:42","modified_gmt":"2026-03-01T22:27:42","slug":"deep-sea-fishing-in-uummannaq","status":"publish","type":"product","link":"https:\/\/arcticexcursions.com\/da\/udflugter\/deep-sea-fishing-in-uummannaq\/","title":{"rendered":"Dybhavsfiskeri i Uummannaq"},"content":{"rendered":"<p>De dybe fjorde i Uummannaq kan n\u00e5 ned til 1.500 meter. Nede i de dybe farvande finder man hellefisk, r\u00f8dfisk, havkat, torsk og hellefisk samt mange andre arter. N\u00e5r lodden ankommer i sommerm\u00e5nederne, er der stor aktivitet omkring Uummannaq, hvor store og sm\u00e5 b\u00e5de sejler rundt for at fange masser af lodde. <\/p>\n<p>Hvis du vil pr\u00f8ve havfiskeri, er vi mere end klar til at tage dig med ud, inklusive fiskeudstyr og et 24-timers fiskekort til alle om bord. Hvis du \u00f8nsker det, er du mere end velkommen til at medbringe dit eget fiskeudstyr.<\/p>\n<p><b>Varighed:<\/b> 4 timer<\/p>\n<p><b>Deltagere:<\/b> Bem\u00e6rk, at udflugten kun finder sted, hvis der i alt er reserveret mindst 4 billetter. Hvis du f.eks. reserverer 2 billetter, skal der s\u00e6lges mindst 2 yderligere billetter til andre kunder, for at turen kan gennemf\u00f8res. Der kan maksimalt deltage 6 personer.<\/p>\n<p><b>Sprog:<\/b> Guiden\/kaptajnen taler engelsk, dansk og gr\u00f8nlandsk<\/p>\n<p><b>B\u00e5dtype:<\/b> Lukket b\u00e5d<\/p>\n<p><b>Toiletfaciliteter:<\/b> Der er toilet om bord<\/p>\n<p><b>Forplejning:<\/b> Der serveres kaffe og te om bord<\/p>\n<p><b>Anbefalet p\u00e5kl\u00e6dning:<\/b> Varmt t\u00f8j inkl. hue og handsker hele \u00e5ret. Solbriller. Solcreme om sommeren.<\/p>\n","protected":false},"excerpt":{"rendered":"<p>Kom med os ud p\u00e5 dybhavsfiskeri!<\/p>\n","protected":false},"featured_media":12891,"comment_status":"open","ping_status":"closed","template":"","meta":{"_acf_changed":false},"product_brand":[],"product_cat":[101,170],"product_tag":[],"class_list":{"0":"post-12900","1":"product","2":"type-product","3":"status-publish","4":"has-post-thumbnail","6":"product_cat-tour","7":"product_cat-udflugt","8":"pa_dato-666","9":"pa_dato-600","10":"pa_dato-1125","11":"pa_dato-1129","12":"pa_dato-6315","13":"pa_tidspunkt-72","14":"pa_tidspunkt-40","15":"pa_tidspunkt-314","16":"pa_tidspunkt-61","17":"tour_location-uummannaq-da","18":"tour_type-baadture","19":"tour_tickettype-arctic_excursions","20":"tour_operator-uummannaq-seasafaris","22":"first","23":"instock","24":"shipping-taxable","25":"purchasable","26":"product-type-variable"},"acf":[],"yoast_head":"<!-- This site is optimized with the Yoast SEO plugin v23.6 - https:\/\/yoast.com\/wordpress\/plugins\/seo\/ -->\n<title>Arctic Excursions<\/title>\n<meta name=\"robots\" content=\"index, follow, max-snippet:-1, max-image-preview:large, max-video-preview:-1\" \/>\n<link rel=\"canonical\" href=\"https:\/\/arcticexcursions.com\/udflugter\/deep-sea-fishing-in-uummannaq\/\" \/>\n<meta property=\"og:locale\" content=\"da_DK\" \/>\n<meta property=\"og:type\" content=\"article\" \/>\n<meta property=\"og:title\" content=\"Dybhavsfiskeri i Uummannaq - Arctic Excursions\" \/>\n<meta property=\"og:description\" content=\"Kom med os ud p\u00e5 dybhavsfiskeri!\" \/>\n<meta property=\"og:url\" content=\"https:\/\/arcticexcursions.com\/udflugter\/deep-sea-fishing-in-uummannaq\/\" \/>\n<meta property=\"og:site_name\" content=\"Arctic Excursions\" \/>\n<meta property=\"article:modified_time\" content=\"2026-03-01T22:27:42+00:00\" \/>\n<meta property=\"og:image\" content=\"https:\/\/arcticexcursions.com\/wp-content\/uploads\/2023\/04\/IMG_3692.jpeg\" \/>\n\t<meta property=\"og:image:width\" content=\"2048\" \/>\n\t<meta property=\"og:image:height\" content=\"1536\" \/>\n\t<meta property=\"og:image:type\" content=\"image\/jpeg\" \/>\n<meta name=\"twitter:card\" content=\"summary_large_image\" \/>\n<meta name=\"twitter:label1\" content=\"Estimeret l\u00e6setid\" \/>\n\t<meta name=\"twitter:data1\" content=\"1 minut\" \/>\n<script type=\"application\/ld+json\" class=\"yoast-schema-graph\">{\"@context\":\"https:\/\/schema.org\",\"@graph\":[{\"@type\":\"WebPage\",\"@id\":\"https:\/\/arcticexcursions.com\/udflugter\/deep-sea-fishing-in-uummannaq\/\",\"url\":\"https:\/\/arcticexcursions.com\/udflugter\/deep-sea-fishing-in-uummannaq\/\",\"name\":\"Dybhavsfiskeri i Uummannaq - Arctic Excursions\",\"isPartOf\":{\"@id\":\"https:\/\/arcticexcursions.com\/#website\"},\"primaryImageOfPage\":{\"@id\":\"https:\/\/arcticexcursions.com\/udflugter\/deep-sea-fishing-in-uummannaq\/#primaryimage\"},\"image\":{\"@id\":\"https:\/\/arcticexcursions.com\/udflugter\/deep-sea-fishing-in-uummannaq\/#primaryimage\"},\"thumbnailUrl\":\"https:\/\/arcticexcursions.com\/wp-content\/uploads\/2023\/04\/IMG_3692.jpeg\",\"datePublished\":\"2023-04-21T14:15:15+00:00\",\"dateModified\":\"2026-03-01T22:27:42+00:00\",\"breadcrumb\":{\"@id\":\"https:\/\/arcticexcursions.com\/udflugter\/deep-sea-fishing-in-uummannaq\/#breadcrumb\"},\"inLanguage\":\"da-DK\",\"potentialAction\":[{\"@type\":\"ReadAction\",\"target\":[\"https:\/\/arcticexcursions.com\/udflugter\/deep-sea-fishing-in-uummannaq\/\"]}]},{\"@type\":\"ImageObject\",\"inLanguage\":\"da-DK\",\"@id\":\"https:\/\/arcticexcursions.com\/udflugter\/deep-sea-fishing-in-uummannaq\/#primaryimage\",\"url\":\"https:\/\/arcticexcursions.com\/wp-content\/uploads\/2023\/04\/IMG_3692.jpeg\",\"contentUrl\":\"https:\/\/arcticexcursions.com\/wp-content\/uploads\/2023\/04\/IMG_3692.jpeg\",\"width\":2048,\"height\":1536},{\"@type\":\"BreadcrumbList\",\"@id\":\"https:\/\/arcticexcursions.com\/udflugter\/deep-sea-fishing-in-uummannaq\/#breadcrumb\",\"itemListElement\":[{\"@type\":\"ListItem\",\"position\":1,\"name\":\"Home\",\"item\":\"https:\/\/arcticexcursions.com\/da\/\"},{\"@type\":\"ListItem\",\"position\":2,\"name\":\"Udflugter i Gr\u00f8nland\",\"item\":\"https:\/\/arcticexcursions.com\/da\/udflugter\/\"},{\"@type\":\"ListItem\",\"position\":3,\"name\":\"Dybhavsfiskeri i Uummannaq\"}]},{\"@type\":\"WebSite\",\"@id\":\"https:\/\/arcticexcursions.com\/#website\",\"url\":\"https:\/\/arcticexcursions.com\/\",\"name\":\"Arctic Excursions\",\"description\":\"New adventures. Every day.\",\"publisher\":{\"@id\":\"https:\/\/arcticexcursions.com\/#organization\"},\"potentialAction\":[{\"@type\":\"SearchAction\",\"target\":{\"@type\":\"EntryPoint\",\"urlTemplate\":\"https:\/\/arcticexcursions.com\/?s={search_term_string}\"},\"query-input\":{\"@type\":\"PropertyValueSpecification\",\"valueRequired\":true,\"valueName\":\"search_term_string\"}}],\"inLanguage\":\"da-DK\"},{\"@type\":\"Organization\",\"@id\":\"https:\/\/arcticexcursions.com\/#organization\",\"name\":\"Arctic Excursions\",\"url\":\"https:\/\/arcticexcursions.com\/\",\"logo\":{\"@type\":\"ImageObject\",\"inLanguage\":\"da-DK\",\"@id\":\"https:\/\/arcticexcursions.com\/#\/schema\/logo\/image\/\",\"url\":\"https:\/\/arcticexcursions.com\/wp-content\/uploads\/2022\/11\/fb-logo.png\",\"contentUrl\":\"https:\/\/arcticexcursions.com\/wp-content\/uploads\/2022\/11\/fb-logo.png\",\"width\":523,\"height\":523,\"caption\":\"Arctic Excursions\"},\"image\":{\"@id\":\"https:\/\/arcticexcursions.com\/#\/schema\/logo\/image\/\"}}]}<\/script>\n<!-- \/ Yoast SEO plugin. -->","yoast_head_json":{"title":"Arctic Excursions","robots":{"index":"index","follow":"follow","max-snippet":"max-snippet:-1","max-image-preview":"max-image-preview:large","max-video-preview":"max-video-preview:-1"},"canonical":"https:\/\/arcticexcursions.com\/udflugter\/deep-sea-fishing-in-uummannaq\/","og_locale":"da_DK","og_type":"article","og_title":"Dybhavsfiskeri i Uummannaq - Arctic Excursions","og_description":"Kom med os ud p\u00e5 dybhavsfiskeri!","og_url":"https:\/\/arcticexcursions.com\/udflugter\/deep-sea-fishing-in-uummannaq\/","og_site_name":"Arctic Excursions","article_modified_time":"2026-03-01T22:27:42+00:00","og_image":[{"width":2048,"height":1536,"url":"https:\/\/arcticexcursions.com\/wp-content\/uploads\/2023\/04\/IMG_3692.jpeg","type":"image\/jpeg"}],"twitter_card":"summary_large_image","twitter_misc":{"Estimeret l\u00e6setid":"1 minut"},"schema":{"@context":"https:\/\/schema.org","@graph":[{"@type":"WebPage","@id":"https:\/\/arcticexcursions.com\/udflugter\/deep-sea-fishing-in-uummannaq\/","url":"https:\/\/arcticexcursions.com\/udflugter\/deep-sea-fishing-in-uummannaq\/","name":"Dybhavsfiskeri i Uummannaq - Arctic Excursions","isPartOf":{"@id":"https:\/\/arcticexcursions.com\/#website"},"primaryImageOfPage":{"@id":"https:\/\/arcticexcursions.com\/udflugter\/deep-sea-fishing-in-uummannaq\/#primaryimage"},"image":{"@id":"https:\/\/arcticexcursions.com\/udflugter\/deep-sea-fishing-in-uummannaq\/#primaryimage"},"thumbnailUrl":"https:\/\/arcticexcursions.com\/wp-content\/uploads\/2023\/04\/IMG_3692.jpeg","datePublished":"2023-04-21T14:15:15+00:00","dateModified":"2026-03-01T22:27:42+00:00","breadcrumb":{"@id":"https:\/\/arcticexcursions.com\/udflugter\/deep-sea-fishing-in-uummannaq\/#breadcrumb"},"inLanguage":"da-DK","potentialAction":[{"@type":"ReadAction","target":["https:\/\/arcticexcursions.com\/udflugter\/deep-sea-fishing-in-uummannaq\/"]}]},{"@type":"ImageObject","inLanguage":"da-DK","@id":"https:\/\/arcticexcursions.com\/udflugter\/deep-sea-fishing-in-uummannaq\/#primaryimage","url":"https:\/\/arcticexcursions.com\/wp-content\/uploads\/2023\/04\/IMG_3692.jpeg","contentUrl":"https:\/\/arcticexcursions.com\/wp-content\/uploads\/2023\/04\/IMG_3692.jpeg","width":2048,"height":1536},{"@type":"BreadcrumbList","@id":"https:\/\/arcticexcursions.com\/udflugter\/deep-sea-fishing-in-uummannaq\/#breadcrumb","itemListElement":[{"@type":"ListItem","position":1,"name":"Home","item":"https:\/\/arcticexcursions.com\/da\/"},{"@type":"ListItem","position":2,"name":"Udflugter i Gr\u00f8nland","item":"https:\/\/arcticexcursions.com\/da\/udflugter\/"},{"@type":"ListItem","position":3,"name":"Dybhavsfiskeri i Uummannaq"}]},{"@type":"WebSite","@id":"https:\/\/arcticexcursions.com\/#website","url":"https:\/\/arcticexcursions.com\/","name":"Arctic Excursions","description":"New adventures. Every day.","publisher":{"@id":"https:\/\/arcticexcursions.com\/#organization"},"potentialAction":[{"@type":"SearchAction","target":{"@type":"EntryPoint","urlTemplate":"https:\/\/arcticexcursions.com\/?s={search_term_string}"},"query-input":{"@type":"PropertyValueSpecification","valueRequired":true,"valueName":"search_term_string"}}],"inLanguage":"da-DK"},{"@type":"Organization","@id":"https:\/\/arcticexcursions.com\/#organization","name":"Arctic Excursions","url":"https:\/\/arcticexcursions.com\/","logo":{"@type":"ImageObject","inLanguage":"da-DK","@id":"https:\/\/arcticexcursions.com\/#\/schema\/logo\/image\/","url":"https:\/\/arcticexcursions.com\/wp-content\/uploads\/2022\/11\/fb-logo.png","contentUrl":"https:\/\/arcticexcursions.com\/wp-content\/uploads\/2022\/11\/fb-logo.png","width":523,"height":523,"caption":"Arctic Excursions"},"image":{"@id":"https:\/\/arcticexcursions.com\/#\/schema\/logo\/image\/"}}]}},"_links":{"self":[{"href":"https:\/\/arcticexcursions.com\/da\/wp-json\/wp\/v2\/product\/12900"}],"collection":[{"href":"https:\/\/arcticexcursions.com\/da\/wp-json\/wp\/v2\/product"}],"about":[{"href":"https:\/\/arcticexcursions.com\/da\/wp-json\/wp\/v2\/types\/product"}],"replies":[{"embeddable":true,"href":"https:\/\/arcticexcursions.com\/da\/wp-json\/wp\/v2\/comments?post=12900"}],"wp:featuredmedia":[{"embeddable":true,"href":"https:\/\/arcticexcursions.com\/da\/wp-json\/wp\/v2\/media\/12891"}],"wp:attachment":[{"href":"https:\/\/arcticexcursions.com\/da\/wp-json\/wp\/v2\/media?parent=12900"}],"wp:term":[{"taxonomy":"product_brand","embeddable":true,"href":"https:\/\/arcticexcursions.com\/da\/wp-json\/wp\/v2\/product_brand?post=12900"},{"taxonomy":"product_cat","embeddable":true,"href":"https:\/\/arcticexcursions.com\/da\/wp-json\/wp\/v2\/product_cat?post=12900"},{"taxonomy":"product_tag","embeddable":true,"href":"https:\/\/arcticexcursions.com\/da\/wp-json\/wp\/v2\/product_tag?post=12900"}],"curies":[{"name":"wp","href":"https:\/\/api.w.org\/{rel}","templated":true}]}}