{"id":13263,"date":"2023-05-15T19:22:04","date_gmt":"2023-05-15T17:22:04","guid":{"rendered":"https:\/\/arcticexcursions.com\/?post_type=product&#038;p=13263"},"modified":"2026-03-05T16:45:52","modified_gmt":"2026-03-05T14:45:52","slug":"kajak-ved-isfjorden","status":"publish","type":"product","link":"https:\/\/arcticexcursions.com\/da\/udflugter\/kajak-ved-isfjorden\/","title":{"rendered":"Kajak ved isfjorden"},"content":{"rendered":"<p>Dr\u00f8mmer du om at f\u00e5 den ultimative oplevelse ved isfjorden, s\u00e5 er dette turen! <\/p>\n<p>Vi tager kajakkerne med i b\u00e5den og sejler ud mod isfjorden. Omgivet af isskosser og gigantiske isfjelde, vil vi i et par timer opleve isfjorden p\u00e5 n\u00e6rmeste hold. <\/p>\n<p>Vores kajakture henvender sig til alle, lige fra nybegyndere til \u00f8vede. Sikkerheden er i top og vi har alt n\u00f8dvendigt udstyr. <\/p>\n<p>Vi \u00f8nsker at s\u00e6tte vores kunder i centrum og derfor servicere vi prim\u00e6rt sm\u00e5 grupper. Store grupper er dog ogs\u00e5 muligt <\/p>\n<p><b>Varighed:<\/b> 2 timer (1 time i kayak)<\/p>\n<p><b>Deltagere:<\/b> Bem\u00e6rk venligst, at udflugten kun gennemf\u00f8res, hvis der er mindst 2 bookede billetter i alt. Hvis du for eksempel booker 1 billetter, skal der s\u00e6lges mindst 1 yderligere billetter til andre kunder, f\u00f8r turen kan finde sted. Der vil deltage maksimalt 8 personer. <\/p>\n<p><b>Sprog:<\/b> Instrukt\u00f8ren taler dansk, engelsk og gr\u00f8nlandsk <\/p>\n<p><b>Sv\u00e6rhedsgrad:<\/b> Begyndervenlig tur <\/p>\n<p><b>Anbefalet p\u00e5kl\u00e6dning:<\/b> Varmt, praktisk t\u00f8j. Sikkerhedsudstyr inkluderet.<\/p>\n","protected":false},"excerpt":{"rendered":"<p>Tag med ud p\u00e5 vandet og f\u00e5 en uforglemmelig oplevelse!<\/p>\n","protected":false},"featured_media":8056,"comment_status":"open","ping_status":"closed","template":"","meta":{"_acf_changed":false},"product_brand":[],"product_cat":[170],"product_tag":[],"class_list":{"0":"post-13263","1":"product","2":"type-product","3":"status-publish","4":"has-post-thumbnail","6":"product_cat-udflugt","7":"pa_dato-654","8":"pa_dato-584","9":"pa_dato-575","10":"pa_dato-656","11":"pa_dato-657","12":"pa_dato-658","13":"pa_dato-659","14":"pa_dato-633","15":"pa_dato-662","16":"pa_dato-549","17":"pa_dato-600","18":"pa_dato-602","19":"pa_dato-603","20":"pa_dato-604","21":"pa_dato-605","22":"pa_dato-606","23":"pa_dato-894","24":"pa_dato-950","25":"pa_dato-954","26":"pa_dato-881","27":"pa_dato-919","28":"pa_dato-1085","29":"pa_dato-1202","30":"pa_dato-920","31":"pa_dato-921","32":"pa_dato-1098","33":"pa_dato-1086","34":"pa_dato-1203","35":"pa_dato-1099","36":"pa_dato-1100","37":"pa_dato-1101","38":"pa_dato-1102","39":"pa_dato-1103","40":"pa_dato-922","41":"pa_dato-1107","42":"pa_dato-1108","43":"pa_dato-1231","44":"pa_dato-1110","45":"pa_dato-1111","46":"pa_dato-1112","47":"pa_dato-1113","48":"pa_dato-1114","49":"pa_dato-1232","50":"pa_dato-1116","51":"pa_dato-1117","52":"pa_dato-1118","53":"pa_dato-1119","54":"pa_dato-1120","55":"pa_dato-1233","56":"pa_dato-1061","57":"pa_dato-1062","58":"pa_dato-1063","59":"pa_dato-1064","60":"pa_dato-1065","61":"pa_dato-1066","62":"pa_dato-901","63":"pa_dato-898","64":"pa_dato-1067","65":"pa_dato-912","66":"pa_dato-1125","67":"pa_dato-1126","68":"pa_dato-1127","69":"pa_dato-902","70":"pa_dato-1173","71":"pa_dato-1174","72":"pa_dato-963","73":"pa_dato-1128","74":"pa_dato-1129","75":"pa_dato-1130","76":"pa_dato-1141","77":"pa_dato-1023","78":"pa_dato-1024","79":"pa_dato-966","80":"pa_dato-1025","81":"pa_dato-1026","82":"pa_dato-1027","83":"pa_dato-1028","84":"pa_dato-1029","85":"pa_dato-1030","86":"pa_dato-1003","87":"pa_dato-1161","88":"pa_dato-1197","89":"pa_dato-1198","90":"pa_dato-1199","91":"pa_dato-1200","92":"pa_dato-1362","93":"pa_dato-1360","94":"pa_dato-1359","95":"pa_dato-1358","96":"pa_dato-1357","97":"pa_dato-1275","98":"pa_dato-1324","99":"pa_dato-1323","100":"pa_dato-6009","101":"pa_dato-6034","102":"pa_dato-6055","103":"pa_dato-5927","104":"pa_dato-6086","105":"pa_dato-6068","106":"pa_dato-6069","107":"pa_dato-6029","108":"pa_dato-5917","109":"pa_dato-6041","110":"pa_dato-5919","111":"pa_dato-1373","112":"pa_dato-5881","113":"pa_dato-5921","114":"pa_dato-6043","115":"pa_dato-5890","116":"pa_dato-5916","117":"pa_dato-5934","118":"pa_dato-6072","119":"pa_dato-5878","120":"pa_dato-6017","121":"pa_dato-6075","122":"pa_dato-5993","123":"pa_dato-5936","124":"pa_dato-6070","125":"pa_dato-6018","126":"pa_dato-6019","127":"pa_dato-5932","128":"pa_dato-6005","129":"pa_dato-5895","130":"pa_dato-5952","131":"pa_dato-6056","132":"pa_dato-5949","133":"pa_dato-5974","134":"pa_dato-6000","135":"pa_dato-5882","136":"pa_dato-5925","137":"pa_dato-5965","138":"pa_dato-5975","139":"pa_dato-6021","140":"pa_dato-6030","141":"pa_dato-6087","142":"pa_dato-5880","143":"pa_dato-6022","144":"pa_dato-6059","145":"pa_dato-5937","146":"pa_dato-6023","147":"pa_dato-5931","148":"pa_dato-6006","149":"pa_dato-6025","150":"pa_dato-5883","151":"pa_dato-5988","152":"pa_dato-6060","153":"pa_dato-5939","154":"pa_dato-5992","155":"pa_dato-6090","156":"pa_dato-6148","157":"pa_dato-5944","158":"pa_dato-5945","159":"pa_dato-6084","160":"pa_dato-6105","161":"pa_dato-6093","162":"pa_dato-6182","163":"pa_dato-6132","164":"pa_dato-6139","165":"pa_dato-6122","166":"pa_dato-6151","167":"pa_dato-6308","168":"pa_dato-6157","169":"pa_dato-6158","170":"pa_dato-6454","171":"pa_dato-6379","172":"pa_dato-6340","173":"pa_dato-6313","174":"pa_dato-6277","175":"pa_dato-6346","176":"pa_tidspunkt-38","177":"pa_tidspunkt-40","178":"pa_tidspunkt-304","179":"pa_tidspunkt-6324","180":"pa_tidspunkt-177","181":"pa_tidspunkt-1060","182":"pa_tidspunkt-314","183":"pa_tidspunkt-308","184":"pa_tidspunkt-27","185":"pa_tidspunkt-1087","186":"pa_tidspunkt-61","187":"pa_tidspunkt-426","188":"pa_tidspunkt-205","189":"pa_tidspunkt-770","190":"pa_tidspunkt-255","191":"pa_tidspunkt-86","192":"pa_tidspunkt-438","193":"pa_tidspunkt-1311","194":"pa_tidspunkt-231","195":"pa_tidspunkt-820","196":"tour_location-ilulissat-da","197":"tour_type-vandsport","198":"tour_tickettype-arctic_excursions","199":"tour_operator-inuk-adventure","201":"first","202":"instock","203":"shipping-taxable","204":"purchasable","205":"product-type-variable"},"acf":[],"yoast_head":"<!-- This site is optimized with the Yoast SEO plugin v23.6 - https:\/\/yoast.com\/wordpress\/plugins\/seo\/ -->\n<title>Arctic Excursions<\/title>\n<meta name=\"robots\" content=\"index, follow, max-snippet:-1, max-image-preview:large, max-video-preview:-1\" \/>\n<link rel=\"canonical\" href=\"https:\/\/arcticexcursions.com\/udflugter\/kayaking-by-the-icefjord\/\" \/>\n<meta property=\"og:locale\" content=\"da_DK\" \/>\n<meta property=\"og:type\" content=\"article\" \/>\n<meta property=\"og:title\" content=\"Kajak ved isfjorden - Arctic Excursions\" \/>\n<meta property=\"og:description\" content=\"Tag med ud p\u00e5 vandet og f\u00e5 en uforglemmelig oplevelse!\" \/>\n<meta property=\"og:url\" content=\"https:\/\/arcticexcursions.com\/udflugter\/kayaking-by-the-icefjord\/\" \/>\n<meta property=\"og:site_name\" content=\"Arctic Excursions\" \/>\n<meta property=\"article:modified_time\" content=\"2026-03-05T14:45:52+00:00\" \/>\n<meta property=\"og:image\" content=\"https:\/\/arcticexcursions.com\/wp-content\/uploads\/2023\/01\/DSC05298-2.jpg\" \/>\n\t<meta property=\"og:image:width\" content=\"1616\" \/>\n\t<meta property=\"og:image:height\" content=\"1080\" \/>\n\t<meta property=\"og:image:type\" content=\"image\/jpeg\" \/>\n<meta name=\"twitter:card\" content=\"summary_large_image\" \/>\n<meta name=\"twitter:label1\" content=\"Estimeret l\u00e6setid\" \/>\n\t<meta name=\"twitter:data1\" content=\"1 minut\" \/>\n<script type=\"application\/ld+json\" class=\"yoast-schema-graph\">{\"@context\":\"https:\/\/schema.org\",\"@graph\":[{\"@type\":\"WebPage\",\"@id\":\"https:\/\/arcticexcursions.com\/udflugter\/kayaking-by-the-icefjord\/\",\"url\":\"https:\/\/arcticexcursions.com\/udflugter\/kayaking-by-the-icefjord\/\",\"name\":\"Kajak ved isfjorden - Arctic Excursions\",\"isPartOf\":{\"@id\":\"https:\/\/arcticexcursions.com\/#website\"},\"primaryImageOfPage\":{\"@id\":\"https:\/\/arcticexcursions.com\/udflugter\/kayaking-by-the-icefjord\/#primaryimage\"},\"image\":{\"@id\":\"https:\/\/arcticexcursions.com\/udflugter\/kayaking-by-the-icefjord\/#primaryimage\"},\"thumbnailUrl\":\"https:\/\/arcticexcursions.com\/wp-content\/uploads\/2023\/01\/DSC05298-2.jpg\",\"datePublished\":\"2023-05-15T17:22:04+00:00\",\"dateModified\":\"2026-03-05T14:45:52+00:00\",\"breadcrumb\":{\"@id\":\"https:\/\/arcticexcursions.com\/udflugter\/kayaking-by-the-icefjord\/#breadcrumb\"},\"inLanguage\":\"da-DK\",\"potentialAction\":[{\"@type\":\"ReadAction\",\"target\":[\"https:\/\/arcticexcursions.com\/udflugter\/kayaking-by-the-icefjord\/\"]}]},{\"@type\":\"ImageObject\",\"inLanguage\":\"da-DK\",\"@id\":\"https:\/\/arcticexcursions.com\/udflugter\/kayaking-by-the-icefjord\/#primaryimage\",\"url\":\"https:\/\/arcticexcursions.com\/wp-content\/uploads\/2023\/01\/DSC05298-2.jpg\",\"contentUrl\":\"https:\/\/arcticexcursions.com\/wp-content\/uploads\/2023\/01\/DSC05298-2.jpg\",\"width\":1616,\"height\":1080},{\"@type\":\"BreadcrumbList\",\"@id\":\"https:\/\/arcticexcursions.com\/udflugter\/kayaking-by-the-icefjord\/#breadcrumb\",\"itemListElement\":[{\"@type\":\"ListItem\",\"position\":1,\"name\":\"Home\",\"item\":\"https:\/\/arcticexcursions.com\/da\/\"},{\"@type\":\"ListItem\",\"position\":2,\"name\":\"Udflugter i Gr\u00f8nland\",\"item\":\"https:\/\/arcticexcursions.com\/da\/udflugter\/\"},{\"@type\":\"ListItem\",\"position\":3,\"name\":\"Kajak ved isfjorden\"}]},{\"@type\":\"WebSite\",\"@id\":\"https:\/\/arcticexcursions.com\/#website\",\"url\":\"https:\/\/arcticexcursions.com\/\",\"name\":\"Arctic Excursions\",\"description\":\"New adventures. Every day.\",\"publisher\":{\"@id\":\"https:\/\/arcticexcursions.com\/#organization\"},\"potentialAction\":[{\"@type\":\"SearchAction\",\"target\":{\"@type\":\"EntryPoint\",\"urlTemplate\":\"https:\/\/arcticexcursions.com\/?s={search_term_string}\"},\"query-input\":{\"@type\":\"PropertyValueSpecification\",\"valueRequired\":true,\"valueName\":\"search_term_string\"}}],\"inLanguage\":\"da-DK\"},{\"@type\":\"Organization\",\"@id\":\"https:\/\/arcticexcursions.com\/#organization\",\"name\":\"Arctic Excursions\",\"url\":\"https:\/\/arcticexcursions.com\/\",\"logo\":{\"@type\":\"ImageObject\",\"inLanguage\":\"da-DK\",\"@id\":\"https:\/\/arcticexcursions.com\/#\/schema\/logo\/image\/\",\"url\":\"https:\/\/arcticexcursions.com\/wp-content\/uploads\/2022\/11\/fb-logo.png\",\"contentUrl\":\"https:\/\/arcticexcursions.com\/wp-content\/uploads\/2022\/11\/fb-logo.png\",\"width\":523,\"height\":523,\"caption\":\"Arctic Excursions\"},\"image\":{\"@id\":\"https:\/\/arcticexcursions.com\/#\/schema\/logo\/image\/\"}}]}<\/script>\n<!-- \/ Yoast SEO plugin. -->","yoast_head_json":{"title":"Arctic Excursions","robots":{"index":"index","follow":"follow","max-snippet":"max-snippet:-1","max-image-preview":"max-image-preview:large","max-video-preview":"max-video-preview:-1"},"canonical":"https:\/\/arcticexcursions.com\/udflugter\/kayaking-by-the-icefjord\/","og_locale":"da_DK","og_type":"article","og_title":"Kajak ved isfjorden - Arctic Excursions","og_description":"Tag med ud p\u00e5 vandet og f\u00e5 en uforglemmelig oplevelse!","og_url":"https:\/\/arcticexcursions.com\/udflugter\/kayaking-by-the-icefjord\/","og_site_name":"Arctic Excursions","article_modified_time":"2026-03-05T14:45:52+00:00","og_image":[{"width":1616,"height":1080,"url":"https:\/\/arcticexcursions.com\/wp-content\/uploads\/2023\/01\/DSC05298-2.jpg","type":"image\/jpeg"}],"twitter_card":"summary_large_image","twitter_misc":{"Estimeret l\u00e6setid":"1 minut"},"schema":{"@context":"https:\/\/schema.org","@graph":[{"@type":"WebPage","@id":"https:\/\/arcticexcursions.com\/udflugter\/kayaking-by-the-icefjord\/","url":"https:\/\/arcticexcursions.com\/udflugter\/kayaking-by-the-icefjord\/","name":"Kajak ved isfjorden - Arctic Excursions","isPartOf":{"@id":"https:\/\/arcticexcursions.com\/#website"},"primaryImageOfPage":{"@id":"https:\/\/arcticexcursions.com\/udflugter\/kayaking-by-the-icefjord\/#primaryimage"},"image":{"@id":"https:\/\/arcticexcursions.com\/udflugter\/kayaking-by-the-icefjord\/#primaryimage"},"thumbnailUrl":"https:\/\/arcticexcursions.com\/wp-content\/uploads\/2023\/01\/DSC05298-2.jpg","datePublished":"2023-05-15T17:22:04+00:00","dateModified":"2026-03-05T14:45:52+00:00","breadcrumb":{"@id":"https:\/\/arcticexcursions.com\/udflugter\/kayaking-by-the-icefjord\/#breadcrumb"},"inLanguage":"da-DK","potentialAction":[{"@type":"ReadAction","target":["https:\/\/arcticexcursions.com\/udflugter\/kayaking-by-the-icefjord\/"]}]},{"@type":"ImageObject","inLanguage":"da-DK","@id":"https:\/\/arcticexcursions.com\/udflugter\/kayaking-by-the-icefjord\/#primaryimage","url":"https:\/\/arcticexcursions.com\/wp-content\/uploads\/2023\/01\/DSC05298-2.jpg","contentUrl":"https:\/\/arcticexcursions.com\/wp-content\/uploads\/2023\/01\/DSC05298-2.jpg","width":1616,"height":1080},{"@type":"BreadcrumbList","@id":"https:\/\/arcticexcursions.com\/udflugter\/kayaking-by-the-icefjord\/#breadcrumb","itemListElement":[{"@type":"ListItem","position":1,"name":"Home","item":"https:\/\/arcticexcursions.com\/da\/"},{"@type":"ListItem","position":2,"name":"Udflugter i Gr\u00f8nland","item":"https:\/\/arcticexcursions.com\/da\/udflugter\/"},{"@type":"ListItem","position":3,"name":"Kajak ved isfjorden"}]},{"@type":"WebSite","@id":"https:\/\/arcticexcursions.com\/#website","url":"https:\/\/arcticexcursions.com\/","name":"Arctic Excursions","description":"New adventures. Every day.","publisher":{"@id":"https:\/\/arcticexcursions.com\/#organization"},"potentialAction":[{"@type":"SearchAction","target":{"@type":"EntryPoint","urlTemplate":"https:\/\/arcticexcursions.com\/?s={search_term_string}"},"query-input":{"@type":"PropertyValueSpecification","valueRequired":true,"valueName":"search_term_string"}}],"inLanguage":"da-DK"},{"@type":"Organization","@id":"https:\/\/arcticexcursions.com\/#organization","name":"Arctic Excursions","url":"https:\/\/arcticexcursions.com\/","logo":{"@type":"ImageObject","inLanguage":"da-DK","@id":"https:\/\/arcticexcursions.com\/#\/schema\/logo\/image\/","url":"https:\/\/arcticexcursions.com\/wp-content\/uploads\/2022\/11\/fb-logo.png","contentUrl":"https:\/\/arcticexcursions.com\/wp-content\/uploads\/2022\/11\/fb-logo.png","width":523,"height":523,"caption":"Arctic Excursions"},"image":{"@id":"https:\/\/arcticexcursions.com\/#\/schema\/logo\/image\/"}}]}},"_links":{"self":[{"href":"https:\/\/arcticexcursions.com\/da\/wp-json\/wp\/v2\/product\/13263"}],"collection":[{"href":"https:\/\/arcticexcursions.com\/da\/wp-json\/wp\/v2\/product"}],"about":[{"href":"https:\/\/arcticexcursions.com\/da\/wp-json\/wp\/v2\/types\/product"}],"replies":[{"embeddable":true,"href":"https:\/\/arcticexcursions.com\/da\/wp-json\/wp\/v2\/comments?post=13263"}],"wp:featuredmedia":[{"embeddable":true,"href":"https:\/\/arcticexcursions.com\/da\/wp-json\/wp\/v2\/media\/8056"}],"wp:attachment":[{"href":"https:\/\/arcticexcursions.com\/da\/wp-json\/wp\/v2\/media?parent=13263"}],"wp:term":[{"taxonomy":"product_brand","embeddable":true,"href":"https:\/\/arcticexcursions.com\/da\/wp-json\/wp\/v2\/product_brand?post=13263"},{"taxonomy":"product_cat","embeddable":true,"href":"https:\/\/arcticexcursions.com\/da\/wp-json\/wp\/v2\/product_cat?post=13263"},{"taxonomy":"product_tag","embeddable":true,"href":"https:\/\/arcticexcursions.com\/da\/wp-json\/wp\/v2\/product_tag?post=13263"}],"curies":[{"name":"wp","href":"https:\/\/api.w.org\/{rel}","templated":true}]}}