{"id":13449,"date":"2023-05-05T00:38:22","date_gmt":"2023-05-04T22:38:22","guid":{"rendered":"https:\/\/arcticexcursions.com\/?post_type=product&#038;p=13449"},"modified":"2026-01-13T02:42:45","modified_gmt":"2026-01-13T00:42:45","slug":"icefjord-sailing","status":"publish","type":"product","link":"https:\/\/arcticexcursions.com\/da\/udflugter\/icefjord-sailing\/","title":{"rendered":"Sejlads i isfjorden"},"content":{"rendered":"<p>En sejltur til Isfjorden, blandt verdens st\u00f8rste isbjerge, er en oplevelse for livet, du aldrig vil glemme! For mange er det h\u00f8jdepunktet p\u00e5 rejsen til Ilulissat. Isens fortryllende farver og kontraster skifter konstant afh\u00e6ngigt af vejret, og derfor er hver eneste tur helt unik. Om dagen ser vi ogs\u00e5 de travle fiskere, der fisker efter hellefisk med langliner fra deres joller. Nogle gange ser vi ogs\u00e5 pukkelhvaler p\u00e5 t\u00e6t hold, som typisk finder f\u00f8de i Isfjordens n\u00e6ringsrige hav.<\/p>\n<p>Med Tarajoq Tours er du garanteret en personlig og unik tur med vores erfarne skipper om bord p\u00e5 vores b\u00e5d.<\/p>\n<p><b>Varighed:<\/b> 2 timer <\/p>\n<p><b>Deltagere:<\/b> Bem\u00e6rk venligst, at udflugten kun gennemf\u00f8res, hvis der er mindst 2 bookede billetter i alt. Hvis du for eksempel booker 1 billetter, skal der s\u00e6lges mindst 1 yderligere billetter til andre kunder, f\u00f8r turen kan finde sted. Der vil deltage maksimalt 8 personer. <\/p>\n<p><b>Sprog:<\/b> Guiden\/kaptajnen taler dansk, engelsk og gr\u00f8nlandsk <\/p>\n<p><b>B\u00e5dtype:<\/b> \u00c5ben b\u00e5d <\/p>\n<p><b>Toiletforhold:<\/b> Der er ikke toilet p\u00e5 b\u00e5den <\/p>\n<p><b>Forplejning:<\/b> Kaffe og te serveres p\u00e5 b\u00e5den <\/p>\n<p><b>Anbefalet p\u00e5kl\u00e6dning:<\/b> Varmt t\u00f8j inkl. hue og handsker hele \u00e5ret. Solbriller. Solcreme om sommeren.<\/p>\n","protected":false},"excerpt":{"rendered":"<p>Deltag i vores eftermiddagstur blandt de imponerende isbjerge i Ilulissat<\/p>\n","protected":false},"featured_media":13465,"comment_status":"open","ping_status":"closed","template":"","meta":{"_acf_changed":false},"product_brand":[],"product_cat":[101,170],"product_tag":[],"class_list":{"0":"post-13449","1":"product","2":"type-product","3":"status-publish","4":"has-post-thumbnail","6":"product_cat-tour","7":"product_cat-udflugt","8":"pa_dato-676","9":"pa_dato-222","10":"pa_dato-675","11":"pa_dato-502","12":"pa_dato-503","13":"pa_dato-535","14":"pa_dato-534","15":"pa_dato-536","16":"pa_dato-537","17":"pa_dato-538","18":"pa_dato-539","19":"pa_dato-540","20":"pa_dato-500","21":"pa_dato-541","22":"pa_dato-542","23":"pa_dato-543","24":"pa_dato-465","25":"pa_dato-547","26":"pa_dato-548","27":"pa_dato-549","28":"pa_dato-550","29":"pa_dato-551","30":"pa_dato-552","31":"pa_dato-553","32":"pa_dato-554","33":"pa_dato-555","34":"pa_dato-556","35":"pa_dato-557","36":"pa_dato-558","37":"pa_dato-521","38":"pa_dato-522","39":"pa_dato-559","40":"pa_dato-560","41":"pa_dato-561","42":"pa_dato-587","43":"pa_dato-588","44":"pa_dato-589","45":"pa_dato-590","46":"pa_dato-687","47":"pa_dato-735","48":"pa_dato-591","49":"pa_dato-592","50":"pa_dato-593","51":"pa_dato-594","52":"pa_dato-595","53":"pa_dato-694","54":"pa_dato-736","55":"pa_dato-596","56":"pa_dato-510","57":"pa_dato-513","58":"pa_dato-511","59":"pa_dato-512","60":"pa_dato-695","61":"pa_dato-737","62":"pa_dato-597","63":"pa_dato-598","64":"pa_dato-599","65":"pa_dato-600","66":"pa_dato-739","67":"pa_dato-740","68":"pa_dato-738","69":"pa_dato-601","70":"pa_dato-602","71":"pa_dato-603","72":"pa_dato-604","73":"pa_dato-605","74":"pa_dato-689","75":"pa_dato-741","76":"pa_dato-606","77":"pa_dato-607","78":"pa_dato-608","79":"pa_dato-609","80":"pa_dato-610","81":"pa_dato-690","82":"pa_dato-742","83":"pa_dato-611","84":"pa_dato-612","85":"pa_dato-613","86":"pa_dato-614","87":"pa_dato-615","88":"pa_dato-743","89":"pa_dato-744","90":"pa_dato-616","91":"pa_dato-617","92":"pa_dato-618","93":"pa_dato-619","94":"pa_dato-620","95":"pa_dato-745","96":"pa_dato-746","97":"pa_dato-621","98":"pa_dato-1062","99":"pa_dato-1026","100":"pa_dato-1027","101":"pa_dato-1028","102":"pa_dato-1029","103":"pa_dato-1030","104":"pa_dato-1031","105":"pa_dato-1032","106":"pa_dato-988","107":"pa_dato-990","108":"pa_dato-989","109":"pa_dato-991","110":"pa_dato-992","111":"pa_dato-967","112":"pa_dato-1033","113":"pa_dato-993","114":"pa_dato-994","115":"pa_dato-995","116":"pa_dato-1034","117":"pa_dato-996","118":"pa_dato-964","119":"pa_dato-1035","120":"pa_dato-997","121":"pa_dato-998","122":"pa_dato-999","123":"pa_dato-1000","124":"pa_dato-1001","125":"pa_dato-1002","126":"pa_dato-1003","127":"pa_dato-1004","128":"pa_dato-1005","129":"pa_dato-1006","130":"pa_dato-1007","131":"pa_dato-1036","132":"pa_dato-1037","133":"pa_dato-1038","134":"pa_dato-1008","135":"pa_dato-1015","136":"pa_dato-1016","137":"pa_dato-965","138":"pa_dato-1041","139":"pa_dato-1017","140":"pa_dato-1018","141":"pa_dato-1019","142":"pa_dato-1020","143":"pa_dato-1021","144":"pa_dato-1022","145":"pa_dato-1042","146":"pa_dato-1043","147":"pa_dato-1044","148":"pa_dato-1045","149":"pa_dato-899","150":"pa_dato-1046","151":"pa_dato-1047","152":"pa_dato-1048","153":"pa_dato-1049","154":"pa_dato-1050","155":"pa_dato-1051","156":"pa_dato-1052","157":"pa_dato-1193","158":"pa_dato-5951","159":"pa_dato-5879","160":"pa_dato-6020","161":"pa_dato-5933","162":"pa_dato-5949","163":"pa_dato-5966","164":"pa_dato-5983","165":"pa_dato-6000","166":"pa_dato-5882","167":"pa_dato-5925","168":"pa_dato-5953","169":"pa_dato-5965","170":"pa_dato-5975","171":"pa_dato-5976","172":"pa_dato-6021","173":"pa_dato-6051","174":"pa_dato-6046","175":"pa_dato-6030","176":"pa_dato-6087","177":"pa_dato-5954","178":"pa_dato-6022","179":"pa_dato-6059","180":"pa_dato-5937","181":"pa_dato-5964","182":"pa_dato-5930","183":"pa_dato-6025","184":"pa_dato-5888","185":"pa_dato-5988","186":"pa_dato-5924","187":"pa_dato-5958","188":"pa_dato-5938","189":"pa_dato-5963","190":"pa_dato-6322","191":"pa_dato-6156","192":"pa_dato-6277","193":"pa_dato-6110","194":"pa_tidspunkt-187","195":"pa_tidspunkt-426","196":"pa_tidspunkt-57","197":"pa_tidspunkt-110","198":"pa_tidspunkt-205","199":"pa_tidspunkt-231","200":"tour_location-ilulissat-da","201":"tour_type-boat-trip","202":"tour_type-isbjerge","203":"tour_type-baadture","204":"tour_state-allowed_prebooking","205":"tour_state-show_always","206":"tour_tickettype-arctic_excursions","207":"tour_operator-tarajoq-tours","209":"first","210":"instock","211":"shipping-taxable","212":"purchasable","213":"product-type-variable"},"acf":[],"yoast_head":"<!-- This site is optimized with the Yoast SEO plugin v23.6 - https:\/\/yoast.com\/wordpress\/plugins\/seo\/ -->\n<title>Arctic Excursions<\/title>\n<meta name=\"robots\" content=\"index, follow, max-snippet:-1, max-image-preview:large, max-video-preview:-1\" \/>\n<link rel=\"canonical\" href=\"https:\/\/arcticexcursions.com\/udflugter\/icefjord-sailing\/\" \/>\n<meta property=\"og:locale\" content=\"da_DK\" \/>\n<meta property=\"og:type\" content=\"article\" \/>\n<meta property=\"og:title\" content=\"Sejlads i isfjorden - Arctic Excursions\" \/>\n<meta property=\"og:description\" content=\"Deltag i vores eftermiddagstur blandt de imponerende isbjerge i Ilulissat\" \/>\n<meta property=\"og:url\" content=\"https:\/\/arcticexcursions.com\/udflugter\/icefjord-sailing\/\" \/>\n<meta property=\"og:site_name\" content=\"Arctic Excursions\" \/>\n<meta property=\"article:modified_time\" content=\"2026-01-13T00:42:45+00:00\" \/>\n<meta property=\"og:image\" content=\"https:\/\/arcticexcursions.com\/wp-content\/uploads\/2023\/05\/Gronland2_08.jpg\" \/>\n\t<meta property=\"og:image:width\" content=\"2000\" \/>\n\t<meta property=\"og:image:height\" content=\"1335\" \/>\n\t<meta property=\"og:image:type\" content=\"image\/jpeg\" \/>\n<meta name=\"twitter:card\" content=\"summary_large_image\" \/>\n<meta name=\"twitter:label1\" content=\"Estimeret l\u00e6setid\" \/>\n\t<meta name=\"twitter:data1\" content=\"1 minut\" \/>\n<script type=\"application\/ld+json\" class=\"yoast-schema-graph\">{\"@context\":\"https:\/\/schema.org\",\"@graph\":[{\"@type\":\"WebPage\",\"@id\":\"https:\/\/arcticexcursions.com\/udflugter\/icefjord-sailing\/\",\"url\":\"https:\/\/arcticexcursions.com\/udflugter\/icefjord-sailing\/\",\"name\":\"Sejlads i isfjorden - Arctic Excursions\",\"isPartOf\":{\"@id\":\"https:\/\/arcticexcursions.com\/#website\"},\"primaryImageOfPage\":{\"@id\":\"https:\/\/arcticexcursions.com\/udflugter\/icefjord-sailing\/#primaryimage\"},\"image\":{\"@id\":\"https:\/\/arcticexcursions.com\/udflugter\/icefjord-sailing\/#primaryimage\"},\"thumbnailUrl\":\"https:\/\/arcticexcursions.com\/wp-content\/uploads\/2023\/05\/Gronland2_08.jpg\",\"datePublished\":\"2023-05-04T22:38:22+00:00\",\"dateModified\":\"2026-01-13T00:42:45+00:00\",\"breadcrumb\":{\"@id\":\"https:\/\/arcticexcursions.com\/udflugter\/icefjord-sailing\/#breadcrumb\"},\"inLanguage\":\"da-DK\",\"potentialAction\":[{\"@type\":\"ReadAction\",\"target\":[\"https:\/\/arcticexcursions.com\/udflugter\/icefjord-sailing\/\"]}]},{\"@type\":\"ImageObject\",\"inLanguage\":\"da-DK\",\"@id\":\"https:\/\/arcticexcursions.com\/udflugter\/icefjord-sailing\/#primaryimage\",\"url\":\"https:\/\/arcticexcursions.com\/wp-content\/uploads\/2023\/05\/Gronland2_08.jpg\",\"contentUrl\":\"https:\/\/arcticexcursions.com\/wp-content\/uploads\/2023\/05\/Gronland2_08.jpg\",\"width\":2000,\"height\":1335},{\"@type\":\"BreadcrumbList\",\"@id\":\"https:\/\/arcticexcursions.com\/udflugter\/icefjord-sailing\/#breadcrumb\",\"itemListElement\":[{\"@type\":\"ListItem\",\"position\":1,\"name\":\"Home\",\"item\":\"https:\/\/arcticexcursions.com\/da\/\"},{\"@type\":\"ListItem\",\"position\":2,\"name\":\"Udflugter i Gr\u00f8nland\",\"item\":\"https:\/\/arcticexcursions.com\/da\/udflugter\/\"},{\"@type\":\"ListItem\",\"position\":3,\"name\":\"Sejlads i isfjorden\"}]},{\"@type\":\"WebSite\",\"@id\":\"https:\/\/arcticexcursions.com\/#website\",\"url\":\"https:\/\/arcticexcursions.com\/\",\"name\":\"Arctic Excursions\",\"description\":\"New adventures. Every day.\",\"publisher\":{\"@id\":\"https:\/\/arcticexcursions.com\/#organization\"},\"potentialAction\":[{\"@type\":\"SearchAction\",\"target\":{\"@type\":\"EntryPoint\",\"urlTemplate\":\"https:\/\/arcticexcursions.com\/?s={search_term_string}\"},\"query-input\":{\"@type\":\"PropertyValueSpecification\",\"valueRequired\":true,\"valueName\":\"search_term_string\"}}],\"inLanguage\":\"da-DK\"},{\"@type\":\"Organization\",\"@id\":\"https:\/\/arcticexcursions.com\/#organization\",\"name\":\"Arctic Excursions\",\"url\":\"https:\/\/arcticexcursions.com\/\",\"logo\":{\"@type\":\"ImageObject\",\"inLanguage\":\"da-DK\",\"@id\":\"https:\/\/arcticexcursions.com\/#\/schema\/logo\/image\/\",\"url\":\"https:\/\/arcticexcursions.com\/wp-content\/uploads\/2022\/11\/fb-logo.png\",\"contentUrl\":\"https:\/\/arcticexcursions.com\/wp-content\/uploads\/2022\/11\/fb-logo.png\",\"width\":523,\"height\":523,\"caption\":\"Arctic Excursions\"},\"image\":{\"@id\":\"https:\/\/arcticexcursions.com\/#\/schema\/logo\/image\/\"}}]}<\/script>\n<!-- \/ Yoast SEO plugin. -->","yoast_head_json":{"title":"Arctic Excursions","robots":{"index":"index","follow":"follow","max-snippet":"max-snippet:-1","max-image-preview":"max-image-preview:large","max-video-preview":"max-video-preview:-1"},"canonical":"https:\/\/arcticexcursions.com\/udflugter\/icefjord-sailing\/","og_locale":"da_DK","og_type":"article","og_title":"Sejlads i isfjorden - Arctic Excursions","og_description":"Deltag i vores eftermiddagstur blandt de imponerende isbjerge i Ilulissat","og_url":"https:\/\/arcticexcursions.com\/udflugter\/icefjord-sailing\/","og_site_name":"Arctic Excursions","article_modified_time":"2026-01-13T00:42:45+00:00","og_image":[{"width":2000,"height":1335,"url":"https:\/\/arcticexcursions.com\/wp-content\/uploads\/2023\/05\/Gronland2_08.jpg","type":"image\/jpeg"}],"twitter_card":"summary_large_image","twitter_misc":{"Estimeret l\u00e6setid":"1 minut"},"schema":{"@context":"https:\/\/schema.org","@graph":[{"@type":"WebPage","@id":"https:\/\/arcticexcursions.com\/udflugter\/icefjord-sailing\/","url":"https:\/\/arcticexcursions.com\/udflugter\/icefjord-sailing\/","name":"Sejlads i isfjorden - Arctic Excursions","isPartOf":{"@id":"https:\/\/arcticexcursions.com\/#website"},"primaryImageOfPage":{"@id":"https:\/\/arcticexcursions.com\/udflugter\/icefjord-sailing\/#primaryimage"},"image":{"@id":"https:\/\/arcticexcursions.com\/udflugter\/icefjord-sailing\/#primaryimage"},"thumbnailUrl":"https:\/\/arcticexcursions.com\/wp-content\/uploads\/2023\/05\/Gronland2_08.jpg","datePublished":"2023-05-04T22:38:22+00:00","dateModified":"2026-01-13T00:42:45+00:00","breadcrumb":{"@id":"https:\/\/arcticexcursions.com\/udflugter\/icefjord-sailing\/#breadcrumb"},"inLanguage":"da-DK","potentialAction":[{"@type":"ReadAction","target":["https:\/\/arcticexcursions.com\/udflugter\/icefjord-sailing\/"]}]},{"@type":"ImageObject","inLanguage":"da-DK","@id":"https:\/\/arcticexcursions.com\/udflugter\/icefjord-sailing\/#primaryimage","url":"https:\/\/arcticexcursions.com\/wp-content\/uploads\/2023\/05\/Gronland2_08.jpg","contentUrl":"https:\/\/arcticexcursions.com\/wp-content\/uploads\/2023\/05\/Gronland2_08.jpg","width":2000,"height":1335},{"@type":"BreadcrumbList","@id":"https:\/\/arcticexcursions.com\/udflugter\/icefjord-sailing\/#breadcrumb","itemListElement":[{"@type":"ListItem","position":1,"name":"Home","item":"https:\/\/arcticexcursions.com\/da\/"},{"@type":"ListItem","position":2,"name":"Udflugter i Gr\u00f8nland","item":"https:\/\/arcticexcursions.com\/da\/udflugter\/"},{"@type":"ListItem","position":3,"name":"Sejlads i isfjorden"}]},{"@type":"WebSite","@id":"https:\/\/arcticexcursions.com\/#website","url":"https:\/\/arcticexcursions.com\/","name":"Arctic Excursions","description":"New adventures. Every day.","publisher":{"@id":"https:\/\/arcticexcursions.com\/#organization"},"potentialAction":[{"@type":"SearchAction","target":{"@type":"EntryPoint","urlTemplate":"https:\/\/arcticexcursions.com\/?s={search_term_string}"},"query-input":{"@type":"PropertyValueSpecification","valueRequired":true,"valueName":"search_term_string"}}],"inLanguage":"da-DK"},{"@type":"Organization","@id":"https:\/\/arcticexcursions.com\/#organization","name":"Arctic Excursions","url":"https:\/\/arcticexcursions.com\/","logo":{"@type":"ImageObject","inLanguage":"da-DK","@id":"https:\/\/arcticexcursions.com\/#\/schema\/logo\/image\/","url":"https:\/\/arcticexcursions.com\/wp-content\/uploads\/2022\/11\/fb-logo.png","contentUrl":"https:\/\/arcticexcursions.com\/wp-content\/uploads\/2022\/11\/fb-logo.png","width":523,"height":523,"caption":"Arctic Excursions"},"image":{"@id":"https:\/\/arcticexcursions.com\/#\/schema\/logo\/image\/"}}]}},"_links":{"self":[{"href":"https:\/\/arcticexcursions.com\/da\/wp-json\/wp\/v2\/product\/13449"}],"collection":[{"href":"https:\/\/arcticexcursions.com\/da\/wp-json\/wp\/v2\/product"}],"about":[{"href":"https:\/\/arcticexcursions.com\/da\/wp-json\/wp\/v2\/types\/product"}],"replies":[{"embeddable":true,"href":"https:\/\/arcticexcursions.com\/da\/wp-json\/wp\/v2\/comments?post=13449"}],"wp:featuredmedia":[{"embeddable":true,"href":"https:\/\/arcticexcursions.com\/da\/wp-json\/wp\/v2\/media\/13465"}],"wp:attachment":[{"href":"https:\/\/arcticexcursions.com\/da\/wp-json\/wp\/v2\/media?parent=13449"}],"wp:term":[{"taxonomy":"product_brand","embeddable":true,"href":"https:\/\/arcticexcursions.com\/da\/wp-json\/wp\/v2\/product_brand?post=13449"},{"taxonomy":"product_cat","embeddable":true,"href":"https:\/\/arcticexcursions.com\/da\/wp-json\/wp\/v2\/product_cat?post=13449"},{"taxonomy":"product_tag","embeddable":true,"href":"https:\/\/arcticexcursions.com\/da\/wp-json\/wp\/v2\/product_tag?post=13449"}],"curies":[{"name":"wp","href":"https:\/\/api.w.org\/{rel}","templated":true}]}}