{"id":13717,"date":"2023-05-05T03:08:49","date_gmt":"2023-05-05T01:08:49","guid":{"rendered":"https:\/\/arcticexcursions.com\/?post_type=product&#038;p=13717"},"modified":"2026-04-18T05:02:59","modified_gmt":"2026-04-18T03:02:59","slug":"boat-shuttle-from-ilulissat-to-oqaatsut","status":"publish","type":"product","link":"https:\/\/arcticexcursions.com\/da\/udflugter\/boat-shuttle-from-ilulissat-to-oqaatsut\/","title":{"rendered":"B\u00e5dtransport fra Ilulissat til Oqaatsut"},"content":{"rendered":"<p>Hvis du kan lide at vandre, s\u00e5 er den gamle postrute mellem bygden Oqaatsut og Ilulissat det perfekte bud p\u00e5 en storsl\u00e5et dagstur gennem arktisk tundra og med udsigt til havet. Ruten er tydeligt markeret med orange prikker og er omkring 20 kilometer. De fleste klarer turen p\u00e5 6-7 timer.<\/p>\n<p>Vores b\u00e5d afg\u00e5r to fra Ilulissat to gange dagligt, kl. 09.00 og kl. 15:30. Efter 30 minutters sejlads n\u00e5r vi bygden Oqaatsut (ogs\u00e5 kendt som Rodebay). B\u00e5dens skipper vil udpege rutens start og give en kort introduktion til bygden, hvor det fleste g\u00e5r p\u00e5 opdagelse en times tid, inden vandringen begynder. Du kan selvf\u00f8lgelig ogs\u00e5 bruge hele dagen i Oqaatsut, men husk at booke transport tilbage om eftermiddagen. <\/p>\n<p>Husk sko\/st\u00f8vler til vandring, varmt t\u00f8j, handsker og hue. <\/p>\n<p>Vandrerutens sv\u00e6rhedsgrad er moderat og kan gennemf\u00f8res af alle med en nogenlunde form. <\/p>\n<p><b>Varighed:<\/b> 1 timer <\/p>\n<p><b>Deltagere:<\/b> Bem\u00e6rk venligst, at udflugten kun gennemf\u00f8res, hvis der er mindst 2 bookede billetter i alt. Hvis du for eksempel booker 1 billetter, skal der s\u00e6lges mindst 1 yderligere billetter til andre kunder, f\u00f8r turen kan finde sted. Der vil deltage maksimalt 8 personer. <\/p>\n<p><b>Sprog:<\/b> Guiden\/kaptajnen taler dansk, engelsk og gr\u00f8nlandsk <\/p>\n<p><b>B\u00e5dtype:<\/b> \u00c5ben b\u00e5d <\/p>\n<p><b>Toiletforhold:<\/b> Der er ikke toilet p\u00e5 b\u00e5den <\/p>\n<p><b>Forplejning:<\/b> Kaffe og te serveres p\u00e5 b\u00e5den <\/p>\n<p><b>Anbefalet p\u00e5kl\u00e6dning:<\/b> Varmt t\u00f8j inkl. hue og handsker hele \u00e5ret. Solbriller. Solcreme om sommeren.<\/p>\n","protected":false},"excerpt":{"rendered":"<p>Sejl til Oqaatsut og vandr hjem langs den ikoniske &#8220;postrute&#8221;<\/p>\n","protected":false},"featured_media":13473,"comment_status":"open","ping_status":"closed","template":"","meta":{"_acf_changed":false},"product_brand":[],"product_cat":[101,170],"product_tag":[],"class_list":{"0":"post-13717","1":"product","2":"type-product","3":"status-publish","4":"has-post-thumbnail","6":"product_cat-tour","7":"product_cat-udflugt","8":"pa_dato-502","9":"pa_dato-503","10":"pa_dato-535","11":"pa_dato-534","12":"pa_dato-536","13":"pa_dato-537","14":"pa_dato-538","15":"pa_dato-539","16":"pa_dato-540","17":"pa_dato-500","18":"pa_dato-541","19":"pa_dato-542","20":"pa_dato-543","21":"pa_dato-465","22":"pa_dato-547","23":"pa_dato-548","24":"pa_dato-549","25":"pa_dato-550","26":"pa_dato-551","27":"pa_dato-552","28":"pa_dato-553","29":"pa_dato-554","30":"pa_dato-555","31":"pa_dato-556","32":"pa_dato-557","33":"pa_dato-558","34":"pa_dato-521","35":"pa_dato-522","36":"pa_dato-559","37":"pa_dato-560","38":"pa_dato-561","39":"pa_dato-588","40":"pa_dato-589","41":"pa_dato-590","42":"pa_dato-687","43":"pa_dato-735","44":"pa_dato-591","45":"pa_dato-592","46":"pa_dato-593","47":"pa_dato-594","48":"pa_dato-595","49":"pa_dato-694","50":"pa_dato-736","51":"pa_dato-596","52":"pa_dato-510","53":"pa_dato-513","54":"pa_dato-511","55":"pa_dato-512","56":"pa_dato-695","57":"pa_dato-737","58":"pa_dato-597","59":"pa_dato-598","60":"pa_dato-599","61":"pa_dato-600","62":"pa_dato-739","63":"pa_dato-740","64":"pa_dato-738","65":"pa_dato-601","66":"pa_dato-602","67":"pa_dato-603","68":"pa_dato-604","69":"pa_dato-605","70":"pa_dato-689","71":"pa_dato-741","72":"pa_dato-606","73":"pa_dato-607","74":"pa_dato-608","75":"pa_dato-609","76":"pa_dato-610","77":"pa_dato-690","78":"pa_dato-742","79":"pa_dato-611","80":"pa_dato-1025","81":"pa_dato-1026","82":"pa_dato-1027","83":"pa_dato-1028","84":"pa_dato-1029","85":"pa_dato-1030","86":"pa_dato-1031","87":"pa_dato-1032","88":"pa_dato-988","89":"pa_dato-990","90":"pa_dato-989","91":"pa_dato-991","92":"pa_dato-992","93":"pa_dato-967","94":"pa_dato-1033","95":"pa_dato-993","96":"pa_dato-994","97":"pa_dato-995","98":"pa_dato-1034","99":"pa_dato-996","100":"pa_dato-964","101":"pa_dato-1035","102":"pa_dato-997","103":"pa_dato-998","104":"pa_dato-999","105":"pa_dato-1000","106":"pa_dato-1001","107":"pa_dato-1002","108":"pa_dato-1003","109":"pa_dato-1004","110":"pa_dato-1005","111":"pa_dato-1006","112":"pa_dato-1007","113":"pa_dato-1036","114":"pa_dato-1037","115":"pa_dato-1038","116":"pa_dato-1015","117":"pa_dato-1016","118":"pa_dato-965","119":"pa_dato-1041","120":"pa_dato-1017","121":"pa_dato-1018","122":"pa_dato-1019","123":"pa_dato-1020","124":"pa_dato-1021","125":"pa_dato-1022","126":"pa_dato-1042","127":"pa_dato-1043","128":"pa_dato-1044","129":"pa_dato-1045","130":"pa_dato-899","131":"pa_dato-1046","132":"pa_dato-1047","133":"pa_dato-1048","134":"pa_dato-1049","135":"pa_dato-1050","136":"pa_dato-1051","137":"pa_dato-1052","138":"pa_dato-5895","139":"pa_dato-5952","140":"pa_dato-6056","141":"pa_dato-5951","142":"pa_dato-5879","143":"pa_dato-6020","144":"pa_dato-5948","145":"pa_dato-5933","146":"pa_dato-5983","147":"pa_dato-5974","148":"pa_dato-6000","149":"pa_dato-5882","150":"pa_dato-5925","151":"pa_dato-5953","152":"pa_dato-5965","153":"pa_dato-5975","154":"pa_dato-5976","155":"pa_dato-6021","156":"pa_dato-6087","157":"pa_dato-5954","158":"pa_dato-6059","159":"pa_dato-6067","160":"pa_dato-6023","161":"pa_dato-5931","162":"pa_dato-5926","163":"pa_dato-6006","164":"pa_dato-5955","165":"pa_dato-5930","166":"pa_dato-6025","167":"pa_dato-5929","168":"pa_dato-5888","169":"pa_dato-5988","170":"pa_dato-5924","171":"pa_dato-5889","172":"pa_dato-5958","173":"pa_dato-5938","174":"pa_dato-5963","175":"pa_dato-6357","176":"pa_dato-6407","177":"pa_dato-6313","178":"pa_dato-6417","179":"pa_dato-6350","180":"pa_dato-6276","181":"pa_dato-6364","182":"pa_dato-6156","183":"pa_dato-6277","184":"pa_dato-6240","185":"pa_dato-6238","186":"pa_dato-6497","187":"pa_dato-6414","188":"pa_dato-6348","189":"pa_tidspunkt-72","190":"pa_tidspunkt-60","191":"tour_location-ilulissat-da","192":"tour_type-baadture","193":"tour_state-allowed_prebooking","194":"tour_state-show_always","195":"tour_tickettype-arctic_excursions","196":"tour_operator-tarajoq-tours","198":"first","199":"instock","200":"shipping-taxable","201":"purchasable","202":"product-type-variable"},"acf":[],"yoast_head":"<!-- This site is optimized with the Yoast SEO plugin v23.6 - https:\/\/yoast.com\/wordpress\/plugins\/seo\/ -->\n<title>Arctic Excursions<\/title>\n<meta name=\"robots\" content=\"index, follow, max-snippet:-1, max-image-preview:large, max-video-preview:-1\" \/>\n<link rel=\"canonical\" href=\"https:\/\/arcticexcursions.com\/udflugter\/boat-shuttle-from-ilulissat-to-oqaatsut\/\" \/>\n<meta property=\"og:locale\" content=\"da_DK\" \/>\n<meta property=\"og:type\" content=\"article\" \/>\n<meta property=\"og:title\" content=\"B\u00e5dtransport fra Ilulissat til Oqaatsut - Arctic Excursions\" \/>\n<meta property=\"og:description\" content=\"Sejl til Oqaatsut og vandr hjem langs den ikoniske &quot;postrute&quot;\" \/>\n<meta property=\"og:url\" content=\"https:\/\/arcticexcursions.com\/udflugter\/boat-shuttle-from-ilulissat-to-oqaatsut\/\" \/>\n<meta property=\"og:site_name\" content=\"Arctic Excursions\" \/>\n<meta property=\"article:modified_time\" content=\"2026-04-18T03:02:59+00:00\" \/>\n<meta property=\"og:image\" content=\"https:\/\/arcticexcursions.com\/wp-content\/uploads\/2023\/05\/DSC1678-scaled.jpg\" \/>\n\t<meta property=\"og:image:width\" content=\"2560\" \/>\n\t<meta property=\"og:image:height\" content=\"1707\" \/>\n\t<meta property=\"og:image:type\" content=\"image\/jpeg\" \/>\n<meta name=\"twitter:card\" content=\"summary_large_image\" \/>\n<meta name=\"twitter:label1\" content=\"Estimeret l\u00e6setid\" \/>\n\t<meta name=\"twitter:data1\" content=\"1 minut\" \/>\n<script type=\"application\/ld+json\" class=\"yoast-schema-graph\">{\"@context\":\"https:\/\/schema.org\",\"@graph\":[{\"@type\":\"WebPage\",\"@id\":\"https:\/\/arcticexcursions.com\/udflugter\/boat-shuttle-from-ilulissat-to-oqaatsut\/\",\"url\":\"https:\/\/arcticexcursions.com\/udflugter\/boat-shuttle-from-ilulissat-to-oqaatsut\/\",\"name\":\"B\u00e5dtransport fra Ilulissat til Oqaatsut - Arctic Excursions\",\"isPartOf\":{\"@id\":\"https:\/\/arcticexcursions.com\/#website\"},\"primaryImageOfPage\":{\"@id\":\"https:\/\/arcticexcursions.com\/udflugter\/boat-shuttle-from-ilulissat-to-oqaatsut\/#primaryimage\"},\"image\":{\"@id\":\"https:\/\/arcticexcursions.com\/udflugter\/boat-shuttle-from-ilulissat-to-oqaatsut\/#primaryimage\"},\"thumbnailUrl\":\"https:\/\/arcticexcursions.com\/wp-content\/uploads\/2023\/05\/DSC1678-scaled.jpg\",\"datePublished\":\"2023-05-05T01:08:49+00:00\",\"dateModified\":\"2026-04-18T03:02:59+00:00\",\"breadcrumb\":{\"@id\":\"https:\/\/arcticexcursions.com\/udflugter\/boat-shuttle-from-ilulissat-to-oqaatsut\/#breadcrumb\"},\"inLanguage\":\"da-DK\",\"potentialAction\":[{\"@type\":\"ReadAction\",\"target\":[\"https:\/\/arcticexcursions.com\/udflugter\/boat-shuttle-from-ilulissat-to-oqaatsut\/\"]}]},{\"@type\":\"ImageObject\",\"inLanguage\":\"da-DK\",\"@id\":\"https:\/\/arcticexcursions.com\/udflugter\/boat-shuttle-from-ilulissat-to-oqaatsut\/#primaryimage\",\"url\":\"https:\/\/arcticexcursions.com\/wp-content\/uploads\/2023\/05\/DSC1678-scaled.jpg\",\"contentUrl\":\"https:\/\/arcticexcursions.com\/wp-content\/uploads\/2023\/05\/DSC1678-scaled.jpg\",\"width\":2560,\"height\":1707},{\"@type\":\"BreadcrumbList\",\"@id\":\"https:\/\/arcticexcursions.com\/udflugter\/boat-shuttle-from-ilulissat-to-oqaatsut\/#breadcrumb\",\"itemListElement\":[{\"@type\":\"ListItem\",\"position\":1,\"name\":\"Home\",\"item\":\"https:\/\/arcticexcursions.com\/da\/\"},{\"@type\":\"ListItem\",\"position\":2,\"name\":\"Udflugter i Gr\u00f8nland\",\"item\":\"https:\/\/arcticexcursions.com\/da\/udflugter\/\"},{\"@type\":\"ListItem\",\"position\":3,\"name\":\"B\u00e5dtransport fra Ilulissat til Oqaatsut\"}]},{\"@type\":\"WebSite\",\"@id\":\"https:\/\/arcticexcursions.com\/#website\",\"url\":\"https:\/\/arcticexcursions.com\/\",\"name\":\"Arctic Excursions\",\"description\":\"New adventures. Every day.\",\"publisher\":{\"@id\":\"https:\/\/arcticexcursions.com\/#organization\"},\"potentialAction\":[{\"@type\":\"SearchAction\",\"target\":{\"@type\":\"EntryPoint\",\"urlTemplate\":\"https:\/\/arcticexcursions.com\/?s={search_term_string}\"},\"query-input\":{\"@type\":\"PropertyValueSpecification\",\"valueRequired\":true,\"valueName\":\"search_term_string\"}}],\"inLanguage\":\"da-DK\"},{\"@type\":\"Organization\",\"@id\":\"https:\/\/arcticexcursions.com\/#organization\",\"name\":\"Arctic Excursions\",\"url\":\"https:\/\/arcticexcursions.com\/\",\"logo\":{\"@type\":\"ImageObject\",\"inLanguage\":\"da-DK\",\"@id\":\"https:\/\/arcticexcursions.com\/#\/schema\/logo\/image\/\",\"url\":\"https:\/\/arcticexcursions.com\/wp-content\/uploads\/2022\/11\/fb-logo.png\",\"contentUrl\":\"https:\/\/arcticexcursions.com\/wp-content\/uploads\/2022\/11\/fb-logo.png\",\"width\":523,\"height\":523,\"caption\":\"Arctic Excursions\"},\"image\":{\"@id\":\"https:\/\/arcticexcursions.com\/#\/schema\/logo\/image\/\"}}]}<\/script>\n<!-- \/ Yoast SEO plugin. -->","yoast_head_json":{"title":"Arctic Excursions","robots":{"index":"index","follow":"follow","max-snippet":"max-snippet:-1","max-image-preview":"max-image-preview:large","max-video-preview":"max-video-preview:-1"},"canonical":"https:\/\/arcticexcursions.com\/udflugter\/boat-shuttle-from-ilulissat-to-oqaatsut\/","og_locale":"da_DK","og_type":"article","og_title":"B\u00e5dtransport fra Ilulissat til Oqaatsut - Arctic Excursions","og_description":"Sejl til Oqaatsut og vandr hjem langs den ikoniske \"postrute\"","og_url":"https:\/\/arcticexcursions.com\/udflugter\/boat-shuttle-from-ilulissat-to-oqaatsut\/","og_site_name":"Arctic Excursions","article_modified_time":"2026-04-18T03:02:59+00:00","og_image":[{"width":2560,"height":1707,"url":"https:\/\/arcticexcursions.com\/wp-content\/uploads\/2023\/05\/DSC1678-scaled.jpg","type":"image\/jpeg"}],"twitter_card":"summary_large_image","twitter_misc":{"Estimeret l\u00e6setid":"1 minut"},"schema":{"@context":"https:\/\/schema.org","@graph":[{"@type":"WebPage","@id":"https:\/\/arcticexcursions.com\/udflugter\/boat-shuttle-from-ilulissat-to-oqaatsut\/","url":"https:\/\/arcticexcursions.com\/udflugter\/boat-shuttle-from-ilulissat-to-oqaatsut\/","name":"B\u00e5dtransport fra Ilulissat til Oqaatsut - Arctic Excursions","isPartOf":{"@id":"https:\/\/arcticexcursions.com\/#website"},"primaryImageOfPage":{"@id":"https:\/\/arcticexcursions.com\/udflugter\/boat-shuttle-from-ilulissat-to-oqaatsut\/#primaryimage"},"image":{"@id":"https:\/\/arcticexcursions.com\/udflugter\/boat-shuttle-from-ilulissat-to-oqaatsut\/#primaryimage"},"thumbnailUrl":"https:\/\/arcticexcursions.com\/wp-content\/uploads\/2023\/05\/DSC1678-scaled.jpg","datePublished":"2023-05-05T01:08:49+00:00","dateModified":"2026-04-18T03:02:59+00:00","breadcrumb":{"@id":"https:\/\/arcticexcursions.com\/udflugter\/boat-shuttle-from-ilulissat-to-oqaatsut\/#breadcrumb"},"inLanguage":"da-DK","potentialAction":[{"@type":"ReadAction","target":["https:\/\/arcticexcursions.com\/udflugter\/boat-shuttle-from-ilulissat-to-oqaatsut\/"]}]},{"@type":"ImageObject","inLanguage":"da-DK","@id":"https:\/\/arcticexcursions.com\/udflugter\/boat-shuttle-from-ilulissat-to-oqaatsut\/#primaryimage","url":"https:\/\/arcticexcursions.com\/wp-content\/uploads\/2023\/05\/DSC1678-scaled.jpg","contentUrl":"https:\/\/arcticexcursions.com\/wp-content\/uploads\/2023\/05\/DSC1678-scaled.jpg","width":2560,"height":1707},{"@type":"BreadcrumbList","@id":"https:\/\/arcticexcursions.com\/udflugter\/boat-shuttle-from-ilulissat-to-oqaatsut\/#breadcrumb","itemListElement":[{"@type":"ListItem","position":1,"name":"Home","item":"https:\/\/arcticexcursions.com\/da\/"},{"@type":"ListItem","position":2,"name":"Udflugter i Gr\u00f8nland","item":"https:\/\/arcticexcursions.com\/da\/udflugter\/"},{"@type":"ListItem","position":3,"name":"B\u00e5dtransport fra Ilulissat til Oqaatsut"}]},{"@type":"WebSite","@id":"https:\/\/arcticexcursions.com\/#website","url":"https:\/\/arcticexcursions.com\/","name":"Arctic Excursions","description":"New adventures. Every day.","publisher":{"@id":"https:\/\/arcticexcursions.com\/#organization"},"potentialAction":[{"@type":"SearchAction","target":{"@type":"EntryPoint","urlTemplate":"https:\/\/arcticexcursions.com\/?s={search_term_string}"},"query-input":{"@type":"PropertyValueSpecification","valueRequired":true,"valueName":"search_term_string"}}],"inLanguage":"da-DK"},{"@type":"Organization","@id":"https:\/\/arcticexcursions.com\/#organization","name":"Arctic Excursions","url":"https:\/\/arcticexcursions.com\/","logo":{"@type":"ImageObject","inLanguage":"da-DK","@id":"https:\/\/arcticexcursions.com\/#\/schema\/logo\/image\/","url":"https:\/\/arcticexcursions.com\/wp-content\/uploads\/2022\/11\/fb-logo.png","contentUrl":"https:\/\/arcticexcursions.com\/wp-content\/uploads\/2022\/11\/fb-logo.png","width":523,"height":523,"caption":"Arctic Excursions"},"image":{"@id":"https:\/\/arcticexcursions.com\/#\/schema\/logo\/image\/"}}]}},"_links":{"self":[{"href":"https:\/\/arcticexcursions.com\/da\/wp-json\/wp\/v2\/product\/13717"}],"collection":[{"href":"https:\/\/arcticexcursions.com\/da\/wp-json\/wp\/v2\/product"}],"about":[{"href":"https:\/\/arcticexcursions.com\/da\/wp-json\/wp\/v2\/types\/product"}],"replies":[{"embeddable":true,"href":"https:\/\/arcticexcursions.com\/da\/wp-json\/wp\/v2\/comments?post=13717"}],"wp:featuredmedia":[{"embeddable":true,"href":"https:\/\/arcticexcursions.com\/da\/wp-json\/wp\/v2\/media\/13473"}],"wp:attachment":[{"href":"https:\/\/arcticexcursions.com\/da\/wp-json\/wp\/v2\/media?parent=13717"}],"wp:term":[{"taxonomy":"product_brand","embeddable":true,"href":"https:\/\/arcticexcursions.com\/da\/wp-json\/wp\/v2\/product_brand?post=13717"},{"taxonomy":"product_cat","embeddable":true,"href":"https:\/\/arcticexcursions.com\/da\/wp-json\/wp\/v2\/product_cat?post=13717"},{"taxonomy":"product_tag","embeddable":true,"href":"https:\/\/arcticexcursions.com\/da\/wp-json\/wp\/v2\/product_tag?post=13717"}],"curies":[{"name":"wp","href":"https:\/\/api.w.org\/{rel}","templated":true}]}}