{"id":13719,"date":"2023-05-05T01:33:58","date_gmt":"2023-05-04T23:33:58","guid":{"rendered":"https:\/\/arcticexcursions.com\/?post_type=product&#038;p=13719"},"modified":"2026-04-19T22:24:49","modified_gmt":"2026-04-19T20:24:49","slug":"icefjord-midnight-sailing","status":"publish","type":"product","link":"https:\/\/arcticexcursions.com\/da\/udflugter\/icefjord-midnight-sailing\/","title":{"rendered":"Midnatssejlads i Isfjorden"},"content":{"rendered":"<p>At sejle mellem verdens st\u00f8rste isbjerge i Ilulissat Isfjord b\u00f8r v\u00e6re p\u00e5 din bucket-liste. P\u00e5 denne midnatsudflugt vil vi tilbringe aftenen med at sejle langsomt rundt mellem de imponerende isbjerge. Vi ser normalt ogs\u00e5 pukkelhvaler p\u00e5 t\u00e6t hold, mens de \u00e6der i det n\u00e6ringsrige vand i isfjorden. Dette er en oplevelse, der kan g\u00f8re selv berejste mennesker m\u00e5ll\u00f8se, og for mange er det h\u00f8jdepunktet p\u00e5 deres bes\u00f8g i Gr\u00f8nland. <\/p>\n<p>Med Tarajoq Tours er du garanteret en personlig og unik oplevelse i en lille gruppe ombord p\u00e5 vores ni-personers b\u00e5d, t\u00e6t p\u00e5 vandet og isen. <\/p>\n<p><b>Varighed:<\/b> 2 timer <\/p>\n<p><b>Deltagere:<\/b> Bem\u00e6rk venligst, at udflugten kun gennemf\u00f8res, hvis der er mindst 2 bookede billetter i alt. Hvis du for eksempel booker 1 billetter, skal der s\u00e6lges mindst 1 yderligere billetter til andre kunder, f\u00f8r turen kan finde sted. Der vil deltage maksimalt 8 personer. <\/p>\n<p><b>Sprog:<\/b> Guiden\/kaptajnen taler dansk, engelsk og gr\u00f8nlandsk <\/p>\n<p><b>B\u00e5dtype:<\/b> \u00c5ben b\u00e5d <\/p>\n<p><b>Toiletforhold:<\/b> Der er ikke toilet p\u00e5 b\u00e5den <\/p>\n<p><b>Forplejning:<\/b> Kaffe og te serveres p\u00e5 b\u00e5den <\/p>\n<p><b>Anbefalet p\u00e5kl\u00e6dning:<\/b> Varmt t\u00f8j inkl. hue og handsker hele \u00e5ret. Solbriller. Solcreme om sommeren.<\/p>\n","protected":false},"excerpt":{"rendered":"<p>Oplev den fascinerende sk\u00f8nhed ved Ilulissat Isfjord om natten<\/p>\n","protected":false},"featured_media":25541,"comment_status":"open","ping_status":"closed","template":"","meta":{"_acf_changed":false},"product_brand":[],"product_cat":[101,170],"product_tag":[],"class_list":{"0":"post-13719","1":"product","2":"type-product","3":"status-publish","4":"has-post-thumbnail","6":"product_cat-tour","7":"product_cat-udflugt","8":"pa_dato-502","9":"pa_dato-503","10":"pa_dato-535","11":"pa_dato-534","12":"pa_dato-536","13":"pa_dato-537","14":"pa_dato-538","15":"pa_dato-539","16":"pa_dato-540","17":"pa_dato-500","18":"pa_dato-541","19":"pa_dato-542","20":"pa_dato-543","21":"pa_dato-465","22":"pa_dato-547","23":"pa_dato-548","24":"pa_dato-549","25":"pa_dato-550","26":"pa_dato-551","27":"pa_dato-552","28":"pa_dato-553","29":"pa_dato-554","30":"pa_dato-555","31":"pa_dato-556","32":"pa_dato-557","33":"pa_dato-558","34":"pa_dato-521","35":"pa_dato-522","36":"pa_dato-559","37":"pa_dato-560","38":"pa_dato-561","39":"pa_dato-587","40":"pa_dato-588","41":"pa_dato-589","42":"pa_dato-590","43":"pa_dato-687","44":"pa_dato-735","45":"pa_dato-591","46":"pa_dato-592","47":"pa_dato-593","48":"pa_dato-594","49":"pa_dato-595","50":"pa_dato-694","51":"pa_dato-736","52":"pa_dato-596","53":"pa_dato-510","54":"pa_dato-513","55":"pa_dato-511","56":"pa_dato-512","57":"pa_dato-695","58":"pa_dato-737","59":"pa_dato-746","60":"pa_dato-1026","61":"pa_dato-1027","62":"pa_dato-1028","63":"pa_dato-1029","64":"pa_dato-1030","65":"pa_dato-1031","66":"pa_dato-1032","67":"pa_dato-988","68":"pa_dato-990","69":"pa_dato-989","70":"pa_dato-991","71":"pa_dato-992","72":"pa_dato-967","73":"pa_dato-1033","74":"pa_dato-993","75":"pa_dato-994","76":"pa_dato-995","77":"pa_dato-1034","78":"pa_dato-996","79":"pa_dato-964","80":"pa_dato-1035","81":"pa_dato-997","82":"pa_dato-998","83":"pa_dato-999","84":"pa_dato-1000","85":"pa_dato-1001","86":"pa_dato-1002","87":"pa_dato-1003","88":"pa_dato-1004","89":"pa_dato-1005","90":"pa_dato-1006","91":"pa_dato-1007","92":"pa_dato-1036","93":"pa_dato-1037","94":"pa_dato-1038","95":"pa_dato-1015","96":"pa_dato-1016","97":"pa_dato-965","98":"pa_dato-1041","99":"pa_dato-1017","100":"pa_dato-1018","101":"pa_dato-1019","102":"pa_dato-1020","103":"pa_dato-1021","104":"pa_dato-1022","105":"pa_dato-1042","106":"pa_dato-1043","107":"pa_dato-1044","108":"pa_dato-1045","109":"pa_dato-899","110":"pa_dato-1046","111":"pa_dato-1047","112":"pa_dato-1048","113":"pa_dato-1049","114":"pa_dato-1050","115":"pa_dato-1051","116":"pa_dato-1052","117":"pa_dato-5895","118":"pa_dato-5952","119":"pa_dato-5892","120":"pa_dato-5951","121":"pa_dato-5948","122":"pa_dato-5933","123":"pa_dato-5949","124":"pa_dato-5966","125":"pa_dato-5983","126":"pa_dato-5974","127":"pa_dato-6000","128":"pa_dato-5882","129":"pa_dato-5925","130":"pa_dato-5953","131":"pa_dato-5965","132":"pa_dato-5975","133":"pa_dato-5976","134":"pa_dato-6021","135":"pa_dato-6051","136":"pa_dato-6046","137":"pa_dato-6030","138":"pa_dato-6087","139":"pa_dato-5954","140":"pa_dato-5880","141":"pa_dato-6059","142":"pa_dato-5937","143":"pa_dato-5964","144":"pa_dato-6062","145":"pa_dato-5930","146":"pa_dato-6025","147":"pa_dato-5883","148":"pa_dato-5928","149":"pa_dato-5888","150":"pa_dato-5958","151":"pa_dato-5938","152":"pa_dato-5963","153":"pa_dato-6357","154":"pa_dato-6248","155":"pa_dato-6366","156":"pa_dato-6296","157":"pa_dato-6109","158":"pa_dato-6350","159":"pa_dato-6410","160":"pa_dato-6436","161":"pa_dato-6409","162":"pa_dato-6447","163":"pa_dato-6364","164":"pa_dato-6365","165":"pa_dato-6326","166":"pa_dato-6156","167":"pa_tidspunkt-187","168":"pa_tidspunkt-72","169":"pa_tidspunkt-86","170":"pa_tidspunkt-231","171":"pa_tidspunkt-463","172":"tour_location-ilulissat-da","173":"tour_type-baadture","174":"tour_state-allowed_prebooking","175":"tour_state-show_always","176":"tour_tickettype-arctic_excursions","177":"tour_operator-tarajoq-tours","179":"first","180":"instock","181":"shipping-taxable","182":"purchasable","183":"product-type-variable"},"acf":[],"yoast_head":"<!-- This site is optimized with the Yoast SEO plugin v23.6 - https:\/\/yoast.com\/wordpress\/plugins\/seo\/ -->\n<title>Arctic Excursions<\/title>\n<meta name=\"robots\" content=\"index, follow, max-snippet:-1, max-image-preview:large, max-video-preview:-1\" \/>\n<link rel=\"canonical\" href=\"https:\/\/arcticexcursions.com\/udflugter\/icefjord-midnight-sailing\/\" \/>\n<meta property=\"og:locale\" content=\"da_DK\" \/>\n<meta property=\"og:type\" content=\"article\" \/>\n<meta property=\"og:title\" content=\"Midnatssejlads i Isfjorden - Arctic Excursions\" \/>\n<meta property=\"og:description\" content=\"Oplev den fascinerende sk\u00f8nhed ved Ilulissat Isfjord om natten\" \/>\n<meta property=\"og:url\" content=\"https:\/\/arcticexcursions.com\/udflugter\/icefjord-midnight-sailing\/\" \/>\n<meta property=\"og:site_name\" content=\"Arctic Excursions\" \/>\n<meta property=\"article:modified_time\" content=\"2026-04-19T20:24:49+00:00\" \/>\n<meta property=\"og:image\" content=\"https:\/\/arcticexcursions.com\/wp-content\/uploads\/2023\/12\/937A1310-scaled.jpg\" \/>\n\t<meta property=\"og:image:width\" content=\"1669\" \/>\n\t<meta property=\"og:image:height\" content=\"2560\" \/>\n\t<meta property=\"og:image:type\" content=\"image\/jpeg\" \/>\n<meta name=\"twitter:card\" content=\"summary_large_image\" \/>\n<meta name=\"twitter:label1\" content=\"Estimeret l\u00e6setid\" \/>\n\t<meta name=\"twitter:data1\" content=\"1 minut\" \/>\n<script type=\"application\/ld+json\" class=\"yoast-schema-graph\">{\"@context\":\"https:\/\/schema.org\",\"@graph\":[{\"@type\":\"WebPage\",\"@id\":\"https:\/\/arcticexcursions.com\/udflugter\/icefjord-midnight-sailing\/\",\"url\":\"https:\/\/arcticexcursions.com\/udflugter\/icefjord-midnight-sailing\/\",\"name\":\"Midnatssejlads i Isfjorden - Arctic Excursions\",\"isPartOf\":{\"@id\":\"https:\/\/arcticexcursions.com\/#website\"},\"primaryImageOfPage\":{\"@id\":\"https:\/\/arcticexcursions.com\/udflugter\/icefjord-midnight-sailing\/#primaryimage\"},\"image\":{\"@id\":\"https:\/\/arcticexcursions.com\/udflugter\/icefjord-midnight-sailing\/#primaryimage\"},\"thumbnailUrl\":\"https:\/\/arcticexcursions.com\/wp-content\/uploads\/2023\/12\/937A1310-scaled.jpg\",\"datePublished\":\"2023-05-04T23:33:58+00:00\",\"dateModified\":\"2026-04-19T20:24:49+00:00\",\"breadcrumb\":{\"@id\":\"https:\/\/arcticexcursions.com\/udflugter\/icefjord-midnight-sailing\/#breadcrumb\"},\"inLanguage\":\"da-DK\",\"potentialAction\":[{\"@type\":\"ReadAction\",\"target\":[\"https:\/\/arcticexcursions.com\/udflugter\/icefjord-midnight-sailing\/\"]}]},{\"@type\":\"ImageObject\",\"inLanguage\":\"da-DK\",\"@id\":\"https:\/\/arcticexcursions.com\/udflugter\/icefjord-midnight-sailing\/#primaryimage\",\"url\":\"https:\/\/arcticexcursions.com\/wp-content\/uploads\/2023\/12\/937A1310-scaled.jpg\",\"contentUrl\":\"https:\/\/arcticexcursions.com\/wp-content\/uploads\/2023\/12\/937A1310-scaled.jpg\",\"width\":1669,\"height\":2560},{\"@type\":\"BreadcrumbList\",\"@id\":\"https:\/\/arcticexcursions.com\/udflugter\/icefjord-midnight-sailing\/#breadcrumb\",\"itemListElement\":[{\"@type\":\"ListItem\",\"position\":1,\"name\":\"Home\",\"item\":\"https:\/\/arcticexcursions.com\/da\/\"},{\"@type\":\"ListItem\",\"position\":2,\"name\":\"Udflugter i Gr\u00f8nland\",\"item\":\"https:\/\/arcticexcursions.com\/da\/udflugter\/\"},{\"@type\":\"ListItem\",\"position\":3,\"name\":\"Midnatssejlads i Isfjorden\"}]},{\"@type\":\"WebSite\",\"@id\":\"https:\/\/arcticexcursions.com\/#website\",\"url\":\"https:\/\/arcticexcursions.com\/\",\"name\":\"Arctic Excursions\",\"description\":\"New adventures. Every day.\",\"publisher\":{\"@id\":\"https:\/\/arcticexcursions.com\/#organization\"},\"potentialAction\":[{\"@type\":\"SearchAction\",\"target\":{\"@type\":\"EntryPoint\",\"urlTemplate\":\"https:\/\/arcticexcursions.com\/?s={search_term_string}\"},\"query-input\":{\"@type\":\"PropertyValueSpecification\",\"valueRequired\":true,\"valueName\":\"search_term_string\"}}],\"inLanguage\":\"da-DK\"},{\"@type\":\"Organization\",\"@id\":\"https:\/\/arcticexcursions.com\/#organization\",\"name\":\"Arctic Excursions\",\"url\":\"https:\/\/arcticexcursions.com\/\",\"logo\":{\"@type\":\"ImageObject\",\"inLanguage\":\"da-DK\",\"@id\":\"https:\/\/arcticexcursions.com\/#\/schema\/logo\/image\/\",\"url\":\"https:\/\/arcticexcursions.com\/wp-content\/uploads\/2022\/11\/fb-logo.png\",\"contentUrl\":\"https:\/\/arcticexcursions.com\/wp-content\/uploads\/2022\/11\/fb-logo.png\",\"width\":523,\"height\":523,\"caption\":\"Arctic Excursions\"},\"image\":{\"@id\":\"https:\/\/arcticexcursions.com\/#\/schema\/logo\/image\/\"}}]}<\/script>\n<!-- \/ Yoast SEO plugin. -->","yoast_head_json":{"title":"Arctic Excursions","robots":{"index":"index","follow":"follow","max-snippet":"max-snippet:-1","max-image-preview":"max-image-preview:large","max-video-preview":"max-video-preview:-1"},"canonical":"https:\/\/arcticexcursions.com\/udflugter\/icefjord-midnight-sailing\/","og_locale":"da_DK","og_type":"article","og_title":"Midnatssejlads i Isfjorden - Arctic Excursions","og_description":"Oplev den fascinerende sk\u00f8nhed ved Ilulissat Isfjord om natten","og_url":"https:\/\/arcticexcursions.com\/udflugter\/icefjord-midnight-sailing\/","og_site_name":"Arctic Excursions","article_modified_time":"2026-04-19T20:24:49+00:00","og_image":[{"width":1669,"height":2560,"url":"https:\/\/arcticexcursions.com\/wp-content\/uploads\/2023\/12\/937A1310-scaled.jpg","type":"image\/jpeg"}],"twitter_card":"summary_large_image","twitter_misc":{"Estimeret l\u00e6setid":"1 minut"},"schema":{"@context":"https:\/\/schema.org","@graph":[{"@type":"WebPage","@id":"https:\/\/arcticexcursions.com\/udflugter\/icefjord-midnight-sailing\/","url":"https:\/\/arcticexcursions.com\/udflugter\/icefjord-midnight-sailing\/","name":"Midnatssejlads i Isfjorden - Arctic Excursions","isPartOf":{"@id":"https:\/\/arcticexcursions.com\/#website"},"primaryImageOfPage":{"@id":"https:\/\/arcticexcursions.com\/udflugter\/icefjord-midnight-sailing\/#primaryimage"},"image":{"@id":"https:\/\/arcticexcursions.com\/udflugter\/icefjord-midnight-sailing\/#primaryimage"},"thumbnailUrl":"https:\/\/arcticexcursions.com\/wp-content\/uploads\/2023\/12\/937A1310-scaled.jpg","datePublished":"2023-05-04T23:33:58+00:00","dateModified":"2026-04-19T20:24:49+00:00","breadcrumb":{"@id":"https:\/\/arcticexcursions.com\/udflugter\/icefjord-midnight-sailing\/#breadcrumb"},"inLanguage":"da-DK","potentialAction":[{"@type":"ReadAction","target":["https:\/\/arcticexcursions.com\/udflugter\/icefjord-midnight-sailing\/"]}]},{"@type":"ImageObject","inLanguage":"da-DK","@id":"https:\/\/arcticexcursions.com\/udflugter\/icefjord-midnight-sailing\/#primaryimage","url":"https:\/\/arcticexcursions.com\/wp-content\/uploads\/2023\/12\/937A1310-scaled.jpg","contentUrl":"https:\/\/arcticexcursions.com\/wp-content\/uploads\/2023\/12\/937A1310-scaled.jpg","width":1669,"height":2560},{"@type":"BreadcrumbList","@id":"https:\/\/arcticexcursions.com\/udflugter\/icefjord-midnight-sailing\/#breadcrumb","itemListElement":[{"@type":"ListItem","position":1,"name":"Home","item":"https:\/\/arcticexcursions.com\/da\/"},{"@type":"ListItem","position":2,"name":"Udflugter i Gr\u00f8nland","item":"https:\/\/arcticexcursions.com\/da\/udflugter\/"},{"@type":"ListItem","position":3,"name":"Midnatssejlads i Isfjorden"}]},{"@type":"WebSite","@id":"https:\/\/arcticexcursions.com\/#website","url":"https:\/\/arcticexcursions.com\/","name":"Arctic Excursions","description":"New adventures. Every day.","publisher":{"@id":"https:\/\/arcticexcursions.com\/#organization"},"potentialAction":[{"@type":"SearchAction","target":{"@type":"EntryPoint","urlTemplate":"https:\/\/arcticexcursions.com\/?s={search_term_string}"},"query-input":{"@type":"PropertyValueSpecification","valueRequired":true,"valueName":"search_term_string"}}],"inLanguage":"da-DK"},{"@type":"Organization","@id":"https:\/\/arcticexcursions.com\/#organization","name":"Arctic Excursions","url":"https:\/\/arcticexcursions.com\/","logo":{"@type":"ImageObject","inLanguage":"da-DK","@id":"https:\/\/arcticexcursions.com\/#\/schema\/logo\/image\/","url":"https:\/\/arcticexcursions.com\/wp-content\/uploads\/2022\/11\/fb-logo.png","contentUrl":"https:\/\/arcticexcursions.com\/wp-content\/uploads\/2022\/11\/fb-logo.png","width":523,"height":523,"caption":"Arctic Excursions"},"image":{"@id":"https:\/\/arcticexcursions.com\/#\/schema\/logo\/image\/"}}]}},"_links":{"self":[{"href":"https:\/\/arcticexcursions.com\/da\/wp-json\/wp\/v2\/product\/13719"}],"collection":[{"href":"https:\/\/arcticexcursions.com\/da\/wp-json\/wp\/v2\/product"}],"about":[{"href":"https:\/\/arcticexcursions.com\/da\/wp-json\/wp\/v2\/types\/product"}],"replies":[{"embeddable":true,"href":"https:\/\/arcticexcursions.com\/da\/wp-json\/wp\/v2\/comments?post=13719"}],"wp:featuredmedia":[{"embeddable":true,"href":"https:\/\/arcticexcursions.com\/da\/wp-json\/wp\/v2\/media\/25541"}],"wp:attachment":[{"href":"https:\/\/arcticexcursions.com\/da\/wp-json\/wp\/v2\/media?parent=13719"}],"wp:term":[{"taxonomy":"product_brand","embeddable":true,"href":"https:\/\/arcticexcursions.com\/da\/wp-json\/wp\/v2\/product_brand?post=13719"},{"taxonomy":"product_cat","embeddable":true,"href":"https:\/\/arcticexcursions.com\/da\/wp-json\/wp\/v2\/product_cat?post=13719"},{"taxonomy":"product_tag","embeddable":true,"href":"https:\/\/arcticexcursions.com\/da\/wp-json\/wp\/v2\/product_tag?post=13719"}],"curies":[{"name":"wp","href":"https:\/\/api.w.org\/{rel}","templated":true}]}}