{"id":13720,"date":"2023-05-05T02:16:29","date_gmt":"2023-05-05T00:16:29","guid":{"rendered":"https:\/\/arcticexcursions.com\/?post_type=product&#038;p=13720"},"modified":"2026-03-29T17:55:44","modified_gmt":"2026-03-29T15:55:44","slug":"hike-to-hidden-waterfall-and-lunch-in-oqaatsut","status":"publish","type":"product","link":"https:\/\/arcticexcursions.com\/da\/udflugter\/hike-to-hidden-waterfall-and-lunch-in-oqaatsut\/","title":{"rendered":"Vandretur til skjult vandfald og frokost p\u00e5 Restaurant H8 i Oqaatsut"},"content":{"rendered":"<p>Vores vandretur gennem den arktiske tundra f\u00f8rer os forbi ferskvandsfloder, krystalklare s\u00f8er og smukke udsigter over Diskobugten. Efter ca. 30 minutters vandring n\u00e5r vi det fantastiske og maleriske vandfald, hvor du kan smage det reneste, iskolde smeltevand og udforske det omkringliggende omr\u00e5de. Tag dig god tid til at komme t\u00e6t p\u00e5 vandfaldet og tage det perfekte foto, inden vi vandrer tilbage til b\u00e5den for at sejle til den lille bos\u00e6ttelse Oqaatsut (ogs\u00e5 kendt som Rodebay).<\/p>\n<p>I Oqaatsut tager vi en tur rundt i landsbyen og f\u00e5r en introduktion til historien og hverdagslivet af vores kyndige guide, inden vi nyder en l\u00e6kker frokost p\u00e5 den lokale Restaurant H8. Derefter sejler vi tilbage til Ilulissat, hvor vi holder \u00f8je med hvaler undervejs.<\/p>\n<p><b>Varighed:<\/b> 5 timer <\/p>\n<p><b>Deltagere:<\/b> Bem\u00e6rk venligst, at udflugten kun gennemf\u00f8res, hvis der er mindst 4 bookede billetter i alt. Hvis du for eksempel booker 2 billetter, skal der s\u00e6lges mindst 2 yderligere billetter til andre kunder, f\u00f8r turen kan finde sted. Der vil deltage maksimalt 8 personer. <\/p>\n<p><b>Sprog:<\/b> Guiden\/kaptajnen taler dansk, engelsk og gr\u00f8nlandsk <\/p>\n<p><b>B\u00e5dtype:<\/b> \u00c5ben b\u00e5d <\/p>\n<p><b>Toiletforhold:<\/b> Der er ikke toilet p\u00e5 b\u00e5den <\/p>\n<p><b>Forplejning:<\/b> Frokost, Kaffe og te serveres p\u00e5 b\u00e5den <\/p>\n<p><b>Sv\u00e6rhedsgrad:<\/b> Begyndervenlig tur. Anbefales ikke hvis du har rygproblemer. <\/p>\n<p><b>Anbefalet p\u00e5kl\u00e6dning:<\/b> Varmt t\u00f8j inkl. hue og handsker hele \u00e5ret. Solbriller. Solcreme om sommeren.<\/p>\n","protected":false},"excerpt":{"rendered":"<p>M\u00e6rk suset fra et brusende vandfald og udforsk en af de skjulte perler i Diskobugten med efterf\u00f8lgende frokost p\u00e5 Restaurant H8. <\/p>\n","protected":false},"featured_media":13470,"comment_status":"open","ping_status":"closed","template":"","meta":{"_acf_changed":false},"product_brand":[],"product_cat":[101,170],"product_tag":[],"class_list":{"0":"post-13720","1":"product","2":"type-product","3":"status-publish","4":"has-post-thumbnail","6":"product_cat-tour","7":"product_cat-udflugt","8":"pa_dato-502","9":"pa_dato-503","10":"pa_dato-535","11":"pa_dato-534","12":"pa_dato-536","13":"pa_dato-537","14":"pa_dato-538","15":"pa_dato-539","16":"pa_dato-540","17":"pa_dato-500","18":"pa_dato-541","19":"pa_dato-542","20":"pa_dato-543","21":"pa_dato-465","22":"pa_dato-547","23":"pa_dato-548","24":"pa_dato-549","25":"pa_dato-550","26":"pa_dato-551","27":"pa_dato-552","28":"pa_dato-553","29":"pa_dato-554","30":"pa_dato-555","31":"pa_dato-556","32":"pa_dato-557","33":"pa_dato-558","34":"pa_dato-521","35":"pa_dato-522","36":"pa_dato-559","37":"pa_dato-560","38":"pa_dato-561","39":"pa_dato-587","40":"pa_dato-588","41":"pa_dato-589","42":"pa_dato-590","43":"pa_dato-687","44":"pa_dato-735","45":"pa_dato-591","46":"pa_dato-592","47":"pa_dato-593","48":"pa_dato-594","49":"pa_dato-595","50":"pa_dato-694","51":"pa_dato-736","52":"pa_dato-596","53":"pa_dato-510","54":"pa_dato-513","55":"pa_dato-511","56":"pa_dato-512","57":"pa_dato-695","58":"pa_dato-737","59":"pa_dato-597","60":"pa_dato-598","61":"pa_dato-599","62":"pa_dato-600","63":"pa_dato-739","64":"pa_dato-740","65":"pa_dato-738","66":"pa_dato-601","67":"pa_dato-602","68":"pa_dato-603","69":"pa_dato-604","70":"pa_dato-605","71":"pa_dato-689","72":"pa_dato-741","73":"pa_dato-606","74":"pa_dato-607","75":"pa_dato-608","76":"pa_dato-609","77":"pa_dato-610","78":"pa_dato-690","79":"pa_dato-742","80":"pa_dato-611","81":"pa_dato-612","82":"pa_dato-613","83":"pa_dato-614","84":"pa_dato-615","85":"pa_dato-1026","86":"pa_dato-1027","87":"pa_dato-1028","88":"pa_dato-1029","89":"pa_dato-1030","90":"pa_dato-1031","91":"pa_dato-1032","92":"pa_dato-988","93":"pa_dato-990","94":"pa_dato-989","95":"pa_dato-991","96":"pa_dato-992","97":"pa_dato-967","98":"pa_dato-1033","99":"pa_dato-993","100":"pa_dato-994","101":"pa_dato-995","102":"pa_dato-1034","103":"pa_dato-996","104":"pa_dato-964","105":"pa_dato-1035","106":"pa_dato-997","107":"pa_dato-998","108":"pa_dato-999","109":"pa_dato-1000","110":"pa_dato-1001","111":"pa_dato-1002","112":"pa_dato-1003","113":"pa_dato-1004","114":"pa_dato-1005","115":"pa_dato-1006","116":"pa_dato-1007","117":"pa_dato-1036","118":"pa_dato-1037","119":"pa_dato-1038","120":"pa_dato-1015","121":"pa_dato-1016","122":"pa_dato-965","123":"pa_dato-1041","124":"pa_dato-1017","125":"pa_dato-1018","126":"pa_dato-1019","127":"pa_dato-1020","128":"pa_dato-1021","129":"pa_dato-1022","130":"pa_dato-1042","131":"pa_dato-1043","132":"pa_dato-1044","133":"pa_dato-1045","134":"pa_dato-899","135":"pa_dato-1046","136":"pa_dato-1047","137":"pa_dato-1050","138":"pa_dato-1051","139":"pa_dato-1052","140":"pa_dato-5895","141":"pa_dato-5892","142":"pa_dato-5951","143":"pa_dato-5879","144":"pa_dato-5933","145":"pa_dato-5983","146":"pa_dato-5974","147":"pa_dato-6000","148":"pa_dato-5925","149":"pa_dato-5953","150":"pa_dato-5975","151":"pa_dato-5976","152":"pa_dato-6051","153":"pa_dato-6022","154":"pa_dato-6058","155":"pa_dato-6059","156":"pa_dato-5937","157":"pa_dato-5964","158":"pa_dato-6062","159":"pa_dato-5930","160":"pa_dato-5929","161":"pa_dato-5928","162":"pa_dato-5889","163":"pa_dato-5958","164":"pa_dato-5938","165":"pa_dato-5963","166":"pa_dato-5961","167":"pa_dato-6366","168":"pa_dato-6394","169":"pa_dato-6447","170":"pa_dato-6276","171":"pa_dato-6364","172":"pa_dato-6156","173":"pa_dato-6277","174":"pa_dato-6482","175":"pa_tidspunkt-70","176":"pa_tidspunkt-72","177":"pa_tidspunkt-40","178":"pa_tidspunkt-110","179":"tour_location-ilulissat-da","180":"tour_type-baadture","181":"tour_state-allowed_prebooking","182":"tour_state-show_always","183":"tour_tickettype-arctic_excursions","184":"tour_operator-tarajoq-tours","186":"first","187":"instock","188":"shipping-taxable","189":"purchasable","190":"product-type-variable"},"acf":[],"yoast_head":"<!-- This site is optimized with the Yoast SEO plugin v23.6 - https:\/\/yoast.com\/wordpress\/plugins\/seo\/ -->\n<title>Arctic Excursions<\/title>\n<meta name=\"robots\" content=\"index, follow, max-snippet:-1, max-image-preview:large, max-video-preview:-1\" \/>\n<link rel=\"canonical\" href=\"https:\/\/arcticexcursions.com\/da\/udflugter\/hike-to-hidden-waterfall-and-lunch-in-oqaatsut\/\" \/>\n<meta property=\"og:locale\" content=\"da_DK\" \/>\n<meta property=\"og:type\" content=\"article\" \/>\n<meta property=\"og:title\" content=\"Vandretur til skjult vandfald og frokost p\u00e5 Restaurant H8 i Oqaatsut - Arctic Excursions\" \/>\n<meta property=\"og:description\" content=\"M\u00e6rk suset fra et brusende vandfald og udforsk en af de skjulte perler i Diskobugten med efterf\u00f8lgende frokost p\u00e5 Restaurant H8.\" \/>\n<meta property=\"og:url\" content=\"https:\/\/arcticexcursions.com\/da\/udflugter\/hike-to-hidden-waterfall-and-lunch-in-oqaatsut\/\" \/>\n<meta property=\"og:site_name\" content=\"Arctic Excursions\" \/>\n<meta property=\"article:modified_time\" content=\"2026-03-29T15:55:44+00:00\" \/>\n<meta property=\"og:image\" content=\"https:\/\/arcticexcursions.com\/wp-content\/uploads\/2023\/05\/DSC_8212-scaled.jpg\" \/>\n\t<meta property=\"og:image:width\" content=\"2560\" \/>\n\t<meta property=\"og:image:height\" content=\"1707\" \/>\n\t<meta property=\"og:image:type\" content=\"image\/jpeg\" \/>\n<meta name=\"twitter:card\" content=\"summary_large_image\" \/>\n<meta name=\"twitter:label1\" content=\"Estimeret l\u00e6setid\" \/>\n\t<meta name=\"twitter:data1\" content=\"1 minut\" \/>\n<script type=\"application\/ld+json\" class=\"yoast-schema-graph\">{\"@context\":\"https:\/\/schema.org\",\"@graph\":[{\"@type\":\"WebPage\",\"@id\":\"https:\/\/arcticexcursions.com\/da\/udflugter\/hike-to-hidden-waterfall-and-lunch-in-oqaatsut\/\",\"url\":\"https:\/\/arcticexcursions.com\/da\/udflugter\/hike-to-hidden-waterfall-and-lunch-in-oqaatsut\/\",\"name\":\"Vandretur til skjult vandfald og frokost p\u00e5 Restaurant H8 i Oqaatsut - Arctic Excursions\",\"isPartOf\":{\"@id\":\"https:\/\/arcticexcursions.com\/#website\"},\"primaryImageOfPage\":{\"@id\":\"https:\/\/arcticexcursions.com\/da\/udflugter\/hike-to-hidden-waterfall-and-lunch-in-oqaatsut\/#primaryimage\"},\"image\":{\"@id\":\"https:\/\/arcticexcursions.com\/da\/udflugter\/hike-to-hidden-waterfall-and-lunch-in-oqaatsut\/#primaryimage\"},\"thumbnailUrl\":\"https:\/\/arcticexcursions.com\/wp-content\/uploads\/2023\/05\/DSC_8212-scaled.jpg\",\"datePublished\":\"2023-05-05T00:16:29+00:00\",\"dateModified\":\"2026-03-29T15:55:44+00:00\",\"breadcrumb\":{\"@id\":\"https:\/\/arcticexcursions.com\/da\/udflugter\/hike-to-hidden-waterfall-and-lunch-in-oqaatsut\/#breadcrumb\"},\"inLanguage\":\"da-DK\",\"potentialAction\":[{\"@type\":\"ReadAction\",\"target\":[\"https:\/\/arcticexcursions.com\/da\/udflugter\/hike-to-hidden-waterfall-and-lunch-in-oqaatsut\/\"]}]},{\"@type\":\"ImageObject\",\"inLanguage\":\"da-DK\",\"@id\":\"https:\/\/arcticexcursions.com\/da\/udflugter\/hike-to-hidden-waterfall-and-lunch-in-oqaatsut\/#primaryimage\",\"url\":\"https:\/\/arcticexcursions.com\/wp-content\/uploads\/2023\/05\/DSC_8212-scaled.jpg\",\"contentUrl\":\"https:\/\/arcticexcursions.com\/wp-content\/uploads\/2023\/05\/DSC_8212-scaled.jpg\",\"width\":2560,\"height\":1707},{\"@type\":\"BreadcrumbList\",\"@id\":\"https:\/\/arcticexcursions.com\/da\/udflugter\/hike-to-hidden-waterfall-and-lunch-in-oqaatsut\/#breadcrumb\",\"itemListElement\":[{\"@type\":\"ListItem\",\"position\":1,\"name\":\"Home\",\"item\":\"https:\/\/arcticexcursions.com\/da\/\"},{\"@type\":\"ListItem\",\"position\":2,\"name\":\"Udflugter i Gr\u00f8nland\",\"item\":\"https:\/\/arcticexcursions.com\/da\/udflugter\/\"},{\"@type\":\"ListItem\",\"position\":3,\"name\":\"Vandretur til skjult vandfald og frokost p\u00e5 Restaurant H8 i Oqaatsut\"}]},{\"@type\":\"WebSite\",\"@id\":\"https:\/\/arcticexcursions.com\/#website\",\"url\":\"https:\/\/arcticexcursions.com\/\",\"name\":\"Arctic Excursions\",\"description\":\"New adventures. Every day.\",\"publisher\":{\"@id\":\"https:\/\/arcticexcursions.com\/#organization\"},\"potentialAction\":[{\"@type\":\"SearchAction\",\"target\":{\"@type\":\"EntryPoint\",\"urlTemplate\":\"https:\/\/arcticexcursions.com\/?s={search_term_string}\"},\"query-input\":{\"@type\":\"PropertyValueSpecification\",\"valueRequired\":true,\"valueName\":\"search_term_string\"}}],\"inLanguage\":\"da-DK\"},{\"@type\":\"Organization\",\"@id\":\"https:\/\/arcticexcursions.com\/#organization\",\"name\":\"Arctic Excursions\",\"url\":\"https:\/\/arcticexcursions.com\/\",\"logo\":{\"@type\":\"ImageObject\",\"inLanguage\":\"da-DK\",\"@id\":\"https:\/\/arcticexcursions.com\/#\/schema\/logo\/image\/\",\"url\":\"https:\/\/arcticexcursions.com\/wp-content\/uploads\/2022\/11\/fb-logo.png\",\"contentUrl\":\"https:\/\/arcticexcursions.com\/wp-content\/uploads\/2022\/11\/fb-logo.png\",\"width\":523,\"height\":523,\"caption\":\"Arctic Excursions\"},\"image\":{\"@id\":\"https:\/\/arcticexcursions.com\/#\/schema\/logo\/image\/\"}}]}<\/script>\n<!-- \/ Yoast SEO plugin. -->","yoast_head_json":{"title":"Arctic Excursions","robots":{"index":"index","follow":"follow","max-snippet":"max-snippet:-1","max-image-preview":"max-image-preview:large","max-video-preview":"max-video-preview:-1"},"canonical":"https:\/\/arcticexcursions.com\/da\/udflugter\/hike-to-hidden-waterfall-and-lunch-in-oqaatsut\/","og_locale":"da_DK","og_type":"article","og_title":"Vandretur til skjult vandfald og frokost p\u00e5 Restaurant H8 i Oqaatsut - Arctic Excursions","og_description":"M\u00e6rk suset fra et brusende vandfald og udforsk en af de skjulte perler i Diskobugten med efterf\u00f8lgende frokost p\u00e5 Restaurant H8.","og_url":"https:\/\/arcticexcursions.com\/da\/udflugter\/hike-to-hidden-waterfall-and-lunch-in-oqaatsut\/","og_site_name":"Arctic Excursions","article_modified_time":"2026-03-29T15:55:44+00:00","og_image":[{"width":2560,"height":1707,"url":"https:\/\/arcticexcursions.com\/wp-content\/uploads\/2023\/05\/DSC_8212-scaled.jpg","type":"image\/jpeg"}],"twitter_card":"summary_large_image","twitter_misc":{"Estimeret l\u00e6setid":"1 minut"},"schema":{"@context":"https:\/\/schema.org","@graph":[{"@type":"WebPage","@id":"https:\/\/arcticexcursions.com\/da\/udflugter\/hike-to-hidden-waterfall-and-lunch-in-oqaatsut\/","url":"https:\/\/arcticexcursions.com\/da\/udflugter\/hike-to-hidden-waterfall-and-lunch-in-oqaatsut\/","name":"Vandretur til skjult vandfald og frokost p\u00e5 Restaurant H8 i Oqaatsut - Arctic Excursions","isPartOf":{"@id":"https:\/\/arcticexcursions.com\/#website"},"primaryImageOfPage":{"@id":"https:\/\/arcticexcursions.com\/da\/udflugter\/hike-to-hidden-waterfall-and-lunch-in-oqaatsut\/#primaryimage"},"image":{"@id":"https:\/\/arcticexcursions.com\/da\/udflugter\/hike-to-hidden-waterfall-and-lunch-in-oqaatsut\/#primaryimage"},"thumbnailUrl":"https:\/\/arcticexcursions.com\/wp-content\/uploads\/2023\/05\/DSC_8212-scaled.jpg","datePublished":"2023-05-05T00:16:29+00:00","dateModified":"2026-03-29T15:55:44+00:00","breadcrumb":{"@id":"https:\/\/arcticexcursions.com\/da\/udflugter\/hike-to-hidden-waterfall-and-lunch-in-oqaatsut\/#breadcrumb"},"inLanguage":"da-DK","potentialAction":[{"@type":"ReadAction","target":["https:\/\/arcticexcursions.com\/da\/udflugter\/hike-to-hidden-waterfall-and-lunch-in-oqaatsut\/"]}]},{"@type":"ImageObject","inLanguage":"da-DK","@id":"https:\/\/arcticexcursions.com\/da\/udflugter\/hike-to-hidden-waterfall-and-lunch-in-oqaatsut\/#primaryimage","url":"https:\/\/arcticexcursions.com\/wp-content\/uploads\/2023\/05\/DSC_8212-scaled.jpg","contentUrl":"https:\/\/arcticexcursions.com\/wp-content\/uploads\/2023\/05\/DSC_8212-scaled.jpg","width":2560,"height":1707},{"@type":"BreadcrumbList","@id":"https:\/\/arcticexcursions.com\/da\/udflugter\/hike-to-hidden-waterfall-and-lunch-in-oqaatsut\/#breadcrumb","itemListElement":[{"@type":"ListItem","position":1,"name":"Home","item":"https:\/\/arcticexcursions.com\/da\/"},{"@type":"ListItem","position":2,"name":"Udflugter i Gr\u00f8nland","item":"https:\/\/arcticexcursions.com\/da\/udflugter\/"},{"@type":"ListItem","position":3,"name":"Vandretur til skjult vandfald og frokost p\u00e5 Restaurant H8 i Oqaatsut"}]},{"@type":"WebSite","@id":"https:\/\/arcticexcursions.com\/#website","url":"https:\/\/arcticexcursions.com\/","name":"Arctic Excursions","description":"New adventures. Every day.","publisher":{"@id":"https:\/\/arcticexcursions.com\/#organization"},"potentialAction":[{"@type":"SearchAction","target":{"@type":"EntryPoint","urlTemplate":"https:\/\/arcticexcursions.com\/?s={search_term_string}"},"query-input":{"@type":"PropertyValueSpecification","valueRequired":true,"valueName":"search_term_string"}}],"inLanguage":"da-DK"},{"@type":"Organization","@id":"https:\/\/arcticexcursions.com\/#organization","name":"Arctic Excursions","url":"https:\/\/arcticexcursions.com\/","logo":{"@type":"ImageObject","inLanguage":"da-DK","@id":"https:\/\/arcticexcursions.com\/#\/schema\/logo\/image\/","url":"https:\/\/arcticexcursions.com\/wp-content\/uploads\/2022\/11\/fb-logo.png","contentUrl":"https:\/\/arcticexcursions.com\/wp-content\/uploads\/2022\/11\/fb-logo.png","width":523,"height":523,"caption":"Arctic Excursions"},"image":{"@id":"https:\/\/arcticexcursions.com\/#\/schema\/logo\/image\/"}}]}},"_links":{"self":[{"href":"https:\/\/arcticexcursions.com\/da\/wp-json\/wp\/v2\/product\/13720"}],"collection":[{"href":"https:\/\/arcticexcursions.com\/da\/wp-json\/wp\/v2\/product"}],"about":[{"href":"https:\/\/arcticexcursions.com\/da\/wp-json\/wp\/v2\/types\/product"}],"replies":[{"embeddable":true,"href":"https:\/\/arcticexcursions.com\/da\/wp-json\/wp\/v2\/comments?post=13720"}],"wp:featuredmedia":[{"embeddable":true,"href":"https:\/\/arcticexcursions.com\/da\/wp-json\/wp\/v2\/media\/13470"}],"wp:attachment":[{"href":"https:\/\/arcticexcursions.com\/da\/wp-json\/wp\/v2\/media?parent=13720"}],"wp:term":[{"taxonomy":"product_brand","embeddable":true,"href":"https:\/\/arcticexcursions.com\/da\/wp-json\/wp\/v2\/product_brand?post=13720"},{"taxonomy":"product_cat","embeddable":true,"href":"https:\/\/arcticexcursions.com\/da\/wp-json\/wp\/v2\/product_cat?post=13720"},{"taxonomy":"product_tag","embeddable":true,"href":"https:\/\/arcticexcursions.com\/da\/wp-json\/wp\/v2\/product_tag?post=13720"}],"curies":[{"name":"wp","href":"https:\/\/api.w.org\/{rel}","templated":true}]}}