{"id":13729,"date":"2023-05-17T12:35:57","date_gmt":"2023-05-17T10:35:57","guid":{"rendered":"https:\/\/arcticexcursions.com\/?post_type=product&#038;p=13729"},"modified":"2025-11-04T16:05:20","modified_gmt":"2025-11-04T14:05:20","slug":"ilulissat-unesco-icefjord-blue-lakes","status":"publish","type":"product","link":"https:\/\/arcticexcursions.com\/da\/udflugter\/ilulissat-unesco-icefjord-blue-lakes\/","title":{"rendered":"Ilulissats UNESCO-isfjord og bl\u00e5 s\u00f8er"},"content":{"rendered":"<p>F\u00f8r vi stiger op over indlandsisen til de ber\u00f8mte gletsjere, starter vi med den nordlige gletsjer &#8220;Sermeq Kujalleq&#8221;. Du vil helt sikkert blive imponeret, da det er den st\u00f8rste producent af isbjerge p\u00e5 hele den nordlige halvkugle og samtidig kilden til isen i Ilulissat Isfjord, som er p\u00e5 UNESCO\u00b4s verdensarvsliste. <\/p>\n<p>Vi vil flyve ned ad fjorden i lavest mulige h\u00f8jde for at f\u00e5 en fornemmelse af den imponerende skala, mens vi passerer nye isbjerge, der konstant fodrer isfjorden fra denne enorme gletsjer.<\/p>\n<p>Vi vil fors\u00f8ge at finde hvaler, n\u00e5r vi n\u00e5r frem til isfjordens udmunding efter at have fulgt isbjergene ud til bugten.<\/p>\n<p><b>Varighed:<\/b> ca. 55-60 minutter<\/p>\n<p><b>Deltagere:<\/b> Bem\u00e6rk venligst, at udflugten kun finder sted, hvis der i alt er booket mindst 4 billetter. For eksempel, hvis du booker 2 billetter, skal der s\u00e6lges mindst 2 yderligere billetter til andre kunder, for at turen kan gennemf\u00f8res. Der deltager maksimalt 5 personer (eller 400 kg).<\/p>\n<p><b>Praktisk info:<\/b> Piloten bestemmer siddepladserne ud fra en sikkerhedsvurdering.<\/p>\n<p><b>Bem\u00e6rk venligst:<\/b> Vi beder dig venligst oplyse din v\u00e6gt i kommentarfeltet ved bestilling p\u00e5 betalingssiden.<\/p>\n<p><b>Anbefalet p\u00e5kl\u00e6dning:<\/b> Varmt t\u00f8j inkl. hue og handsker \u00e5ret rundt. Solbriller. Solcreme om sommeren.<\/p>\n<p><b>Sprog:<\/b> Piloten taler dansk og engelsk.<\/p>\n<p><b>Bem\u00e6rk venligst:<\/b> Uden for lufthavnens \u00e5bningstider (mandag\u2013l\u00f8rdag kl. 08.00\u201317.00) opkr\u00e6ves et \u00e5bningsgebyr p\u00e5 650 DKK.<\/p>\n","protected":false},"excerpt":{"rendered":"<p>P\u00e5 denne tur kan du b\u00e5de opleve gletsjere, indlandsisen, enorme isbjerge og dyrelivet i Ilulissat-regionen p\u00e5 denne rejse, som kun finder sted \u00e9n gang i livet.<\/p>\n","protected":false},"featured_media":4001,"comment_status":"open","ping_status":"closed","template":"","meta":{"_acf_changed":false},"product_brand":[],"product_cat":[101,170],"product_tag":[],"class_list":{"0":"post-13729","1":"product","2":"type-product","3":"status-publish","4":"has-post-thumbnail","6":"product_cat-tour","7":"product_cat-udflugt","8":"pa_dato-670","9":"pa_dato-511","10":"pa_dato-695","11":"pa_dato-1027","12":"pa_dato-1370","13":"pa_dato-6010","14":"pa_dato-5981","15":"pa_dato-6031","16":"pa_dato-5950","17":"pa_dato-6107","18":"pa_dato-6103","19":"pa_dato-6040","20":"pa_dato-5917","21":"pa_dato-6041","22":"pa_dato-1193","23":"pa_dato-6056","24":"pa_dato-5892","25":"pa_dato-5951","26":"pa_dato-5879","27":"pa_dato-5948","28":"pa_dato-5933","29":"pa_dato-5966","30":"pa_tidspunkt-70","31":"pa_tidspunkt-72","32":"pa_tidspunkt-40","33":"pa_tidspunkt-76","34":"pa_tidspunkt-304","35":"pa_tidspunkt-177","36":"pa_tidspunkt-314","37":"pa_tidspunkt-308","38":"pa_tidspunkt-61","39":"pa_tidspunkt-426","40":"tour_location-ilulissat-da","41":"tour_type-flightseeing","42":"tour_tickettype-arctic_excursions","43":"tour_operator-airzafari","45":"first","46":"outofstock","47":"shipping-taxable","48":"product-type-variable"},"acf":[],"yoast_head":"<!-- This site is optimized with the Yoast SEO plugin v23.6 - https:\/\/yoast.com\/wordpress\/plugins\/seo\/ -->\n<title>Arctic Excursions<\/title>\n<meta name=\"robots\" content=\"index, follow, max-snippet:-1, max-image-preview:large, max-video-preview:-1\" \/>\n<link rel=\"canonical\" href=\"https:\/\/arcticexcursions.com\/da\/udflugter\/ilulissat-unesco-icefjord-blue-lakes\/\" \/>\n<meta property=\"og:locale\" content=\"da_DK\" \/>\n<meta property=\"og:type\" content=\"article\" \/>\n<meta property=\"og:title\" content=\"Ilulissats UNESCO-isfjord og bl\u00e5 s\u00f8er - Arctic Excursions\" \/>\n<meta property=\"og:description\" content=\"P\u00e5 denne tur kan du b\u00e5de opleve gletsjere, indlandsisen, enorme isbjerge og dyrelivet i Ilulissat-regionen p\u00e5 denne rejse, som kun finder sted \u00e9n gang i livet.\" \/>\n<meta property=\"og:url\" content=\"https:\/\/arcticexcursions.com\/da\/udflugter\/ilulissat-unesco-icefjord-blue-lakes\/\" \/>\n<meta property=\"og:site_name\" content=\"Arctic Excursions\" \/>\n<meta property=\"article:modified_time\" content=\"2025-11-04T14:05:20+00:00\" \/>\n<meta property=\"og:image\" content=\"https:\/\/arcticexcursions.com\/wp-content\/uploads\/2022\/10\/Airzafari-JAV-2022.png\" \/>\n\t<meta property=\"og:image:width\" content=\"1078\" \/>\n\t<meta property=\"og:image:height\" content=\"804\" \/>\n\t<meta property=\"og:image:type\" content=\"image\/png\" \/>\n<meta name=\"twitter:card\" content=\"summary_large_image\" \/>\n<meta name=\"twitter:label1\" content=\"Estimeret l\u00e6setid\" \/>\n\t<meta name=\"twitter:data1\" content=\"1 minut\" \/>\n<script type=\"application\/ld+json\" class=\"yoast-schema-graph\">{\"@context\":\"https:\/\/schema.org\",\"@graph\":[{\"@type\":\"WebPage\",\"@id\":\"https:\/\/arcticexcursions.com\/da\/udflugter\/ilulissat-unesco-icefjord-blue-lakes\/\",\"url\":\"https:\/\/arcticexcursions.com\/da\/udflugter\/ilulissat-unesco-icefjord-blue-lakes\/\",\"name\":\"Ilulissats UNESCO-isfjord og bl\u00e5 s\u00f8er - Arctic Excursions\",\"isPartOf\":{\"@id\":\"https:\/\/arcticexcursions.com\/#website\"},\"primaryImageOfPage\":{\"@id\":\"https:\/\/arcticexcursions.com\/da\/udflugter\/ilulissat-unesco-icefjord-blue-lakes\/#primaryimage\"},\"image\":{\"@id\":\"https:\/\/arcticexcursions.com\/da\/udflugter\/ilulissat-unesco-icefjord-blue-lakes\/#primaryimage\"},\"thumbnailUrl\":\"https:\/\/arcticexcursions.com\/wp-content\/uploads\/2022\/10\/Airzafari-JAV-2022.png\",\"datePublished\":\"2023-05-17T10:35:57+00:00\",\"dateModified\":\"2025-11-04T14:05:20+00:00\",\"breadcrumb\":{\"@id\":\"https:\/\/arcticexcursions.com\/da\/udflugter\/ilulissat-unesco-icefjord-blue-lakes\/#breadcrumb\"},\"inLanguage\":\"da-DK\",\"potentialAction\":[{\"@type\":\"ReadAction\",\"target\":[\"https:\/\/arcticexcursions.com\/da\/udflugter\/ilulissat-unesco-icefjord-blue-lakes\/\"]}]},{\"@type\":\"ImageObject\",\"inLanguage\":\"da-DK\",\"@id\":\"https:\/\/arcticexcursions.com\/da\/udflugter\/ilulissat-unesco-icefjord-blue-lakes\/#primaryimage\",\"url\":\"https:\/\/arcticexcursions.com\/wp-content\/uploads\/2022\/10\/Airzafari-JAV-2022.png\",\"contentUrl\":\"https:\/\/arcticexcursions.com\/wp-content\/uploads\/2022\/10\/Airzafari-JAV-2022.png\",\"width\":1078,\"height\":804},{\"@type\":\"BreadcrumbList\",\"@id\":\"https:\/\/arcticexcursions.com\/da\/udflugter\/ilulissat-unesco-icefjord-blue-lakes\/#breadcrumb\",\"itemListElement\":[{\"@type\":\"ListItem\",\"position\":1,\"name\":\"Home\",\"item\":\"https:\/\/arcticexcursions.com\/da\/\"},{\"@type\":\"ListItem\",\"position\":2,\"name\":\"Udflugter i Gr\u00f8nland\",\"item\":\"https:\/\/arcticexcursions.com\/da\/udflugter\/\"},{\"@type\":\"ListItem\",\"position\":3,\"name\":\"Ilulissats UNESCO-isfjord og bl\u00e5 s\u00f8er\"}]},{\"@type\":\"WebSite\",\"@id\":\"https:\/\/arcticexcursions.com\/#website\",\"url\":\"https:\/\/arcticexcursions.com\/\",\"name\":\"Arctic Excursions\",\"description\":\"New adventures. Every day.\",\"publisher\":{\"@id\":\"https:\/\/arcticexcursions.com\/#organization\"},\"potentialAction\":[{\"@type\":\"SearchAction\",\"target\":{\"@type\":\"EntryPoint\",\"urlTemplate\":\"https:\/\/arcticexcursions.com\/?s={search_term_string}\"},\"query-input\":{\"@type\":\"PropertyValueSpecification\",\"valueRequired\":true,\"valueName\":\"search_term_string\"}}],\"inLanguage\":\"da-DK\"},{\"@type\":\"Organization\",\"@id\":\"https:\/\/arcticexcursions.com\/#organization\",\"name\":\"Arctic Excursions\",\"url\":\"https:\/\/arcticexcursions.com\/\",\"logo\":{\"@type\":\"ImageObject\",\"inLanguage\":\"da-DK\",\"@id\":\"https:\/\/arcticexcursions.com\/#\/schema\/logo\/image\/\",\"url\":\"https:\/\/arcticexcursions.com\/wp-content\/uploads\/2022\/11\/fb-logo.png\",\"contentUrl\":\"https:\/\/arcticexcursions.com\/wp-content\/uploads\/2022\/11\/fb-logo.png\",\"width\":523,\"height\":523,\"caption\":\"Arctic Excursions\"},\"image\":{\"@id\":\"https:\/\/arcticexcursions.com\/#\/schema\/logo\/image\/\"}}]}<\/script>\n<!-- \/ Yoast SEO plugin. -->","yoast_head_json":{"title":"Arctic Excursions","robots":{"index":"index","follow":"follow","max-snippet":"max-snippet:-1","max-image-preview":"max-image-preview:large","max-video-preview":"max-video-preview:-1"},"canonical":"https:\/\/arcticexcursions.com\/da\/udflugter\/ilulissat-unesco-icefjord-blue-lakes\/","og_locale":"da_DK","og_type":"article","og_title":"Ilulissats UNESCO-isfjord og bl\u00e5 s\u00f8er - Arctic Excursions","og_description":"P\u00e5 denne tur kan du b\u00e5de opleve gletsjere, indlandsisen, enorme isbjerge og dyrelivet i Ilulissat-regionen p\u00e5 denne rejse, som kun finder sted \u00e9n gang i livet.","og_url":"https:\/\/arcticexcursions.com\/da\/udflugter\/ilulissat-unesco-icefjord-blue-lakes\/","og_site_name":"Arctic Excursions","article_modified_time":"2025-11-04T14:05:20+00:00","og_image":[{"width":1078,"height":804,"url":"https:\/\/arcticexcursions.com\/wp-content\/uploads\/2022\/10\/Airzafari-JAV-2022.png","type":"image\/png"}],"twitter_card":"summary_large_image","twitter_misc":{"Estimeret l\u00e6setid":"1 minut"},"schema":{"@context":"https:\/\/schema.org","@graph":[{"@type":"WebPage","@id":"https:\/\/arcticexcursions.com\/da\/udflugter\/ilulissat-unesco-icefjord-blue-lakes\/","url":"https:\/\/arcticexcursions.com\/da\/udflugter\/ilulissat-unesco-icefjord-blue-lakes\/","name":"Ilulissats UNESCO-isfjord og bl\u00e5 s\u00f8er - Arctic Excursions","isPartOf":{"@id":"https:\/\/arcticexcursions.com\/#website"},"primaryImageOfPage":{"@id":"https:\/\/arcticexcursions.com\/da\/udflugter\/ilulissat-unesco-icefjord-blue-lakes\/#primaryimage"},"image":{"@id":"https:\/\/arcticexcursions.com\/da\/udflugter\/ilulissat-unesco-icefjord-blue-lakes\/#primaryimage"},"thumbnailUrl":"https:\/\/arcticexcursions.com\/wp-content\/uploads\/2022\/10\/Airzafari-JAV-2022.png","datePublished":"2023-05-17T10:35:57+00:00","dateModified":"2025-11-04T14:05:20+00:00","breadcrumb":{"@id":"https:\/\/arcticexcursions.com\/da\/udflugter\/ilulissat-unesco-icefjord-blue-lakes\/#breadcrumb"},"inLanguage":"da-DK","potentialAction":[{"@type":"ReadAction","target":["https:\/\/arcticexcursions.com\/da\/udflugter\/ilulissat-unesco-icefjord-blue-lakes\/"]}]},{"@type":"ImageObject","inLanguage":"da-DK","@id":"https:\/\/arcticexcursions.com\/da\/udflugter\/ilulissat-unesco-icefjord-blue-lakes\/#primaryimage","url":"https:\/\/arcticexcursions.com\/wp-content\/uploads\/2022\/10\/Airzafari-JAV-2022.png","contentUrl":"https:\/\/arcticexcursions.com\/wp-content\/uploads\/2022\/10\/Airzafari-JAV-2022.png","width":1078,"height":804},{"@type":"BreadcrumbList","@id":"https:\/\/arcticexcursions.com\/da\/udflugter\/ilulissat-unesco-icefjord-blue-lakes\/#breadcrumb","itemListElement":[{"@type":"ListItem","position":1,"name":"Home","item":"https:\/\/arcticexcursions.com\/da\/"},{"@type":"ListItem","position":2,"name":"Udflugter i Gr\u00f8nland","item":"https:\/\/arcticexcursions.com\/da\/udflugter\/"},{"@type":"ListItem","position":3,"name":"Ilulissats UNESCO-isfjord og bl\u00e5 s\u00f8er"}]},{"@type":"WebSite","@id":"https:\/\/arcticexcursions.com\/#website","url":"https:\/\/arcticexcursions.com\/","name":"Arctic Excursions","description":"New adventures. Every day.","publisher":{"@id":"https:\/\/arcticexcursions.com\/#organization"},"potentialAction":[{"@type":"SearchAction","target":{"@type":"EntryPoint","urlTemplate":"https:\/\/arcticexcursions.com\/?s={search_term_string}"},"query-input":{"@type":"PropertyValueSpecification","valueRequired":true,"valueName":"search_term_string"}}],"inLanguage":"da-DK"},{"@type":"Organization","@id":"https:\/\/arcticexcursions.com\/#organization","name":"Arctic Excursions","url":"https:\/\/arcticexcursions.com\/","logo":{"@type":"ImageObject","inLanguage":"da-DK","@id":"https:\/\/arcticexcursions.com\/#\/schema\/logo\/image\/","url":"https:\/\/arcticexcursions.com\/wp-content\/uploads\/2022\/11\/fb-logo.png","contentUrl":"https:\/\/arcticexcursions.com\/wp-content\/uploads\/2022\/11\/fb-logo.png","width":523,"height":523,"caption":"Arctic Excursions"},"image":{"@id":"https:\/\/arcticexcursions.com\/#\/schema\/logo\/image\/"}}]}},"_links":{"self":[{"href":"https:\/\/arcticexcursions.com\/da\/wp-json\/wp\/v2\/product\/13729"}],"collection":[{"href":"https:\/\/arcticexcursions.com\/da\/wp-json\/wp\/v2\/product"}],"about":[{"href":"https:\/\/arcticexcursions.com\/da\/wp-json\/wp\/v2\/types\/product"}],"replies":[{"embeddable":true,"href":"https:\/\/arcticexcursions.com\/da\/wp-json\/wp\/v2\/comments?post=13729"}],"wp:featuredmedia":[{"embeddable":true,"href":"https:\/\/arcticexcursions.com\/da\/wp-json\/wp\/v2\/media\/4001"}],"wp:attachment":[{"href":"https:\/\/arcticexcursions.com\/da\/wp-json\/wp\/v2\/media?parent=13729"}],"wp:term":[{"taxonomy":"product_brand","embeddable":true,"href":"https:\/\/arcticexcursions.com\/da\/wp-json\/wp\/v2\/product_brand?post=13729"},{"taxonomy":"product_cat","embeddable":true,"href":"https:\/\/arcticexcursions.com\/da\/wp-json\/wp\/v2\/product_cat?post=13729"},{"taxonomy":"product_tag","embeddable":true,"href":"https:\/\/arcticexcursions.com\/da\/wp-json\/wp\/v2\/product_tag?post=13729"}],"curies":[{"name":"wp","href":"https:\/\/api.w.org\/{rel}","templated":true}]}}