{"id":14622,"date":"2023-05-29T18:50:58","date_gmt":"2023-05-29T16:50:58","guid":{"rendered":"https:\/\/arcticexcursions.com\/?post_type=product&#038;p=14622"},"modified":"2026-03-24T16:07:55","modified_gmt":"2026-03-24T14:07:55","slug":"summit-ukkusassaq","status":"publish","type":"product","link":"https:\/\/arcticexcursions.com\/da\/udflugter\/summit-ukkusassaq\/","title":{"rendered":"Toptur til Ukkusissaq"},"content":{"rendered":"<p>P\u00e5 dette eventyr vil du opleve, hvordan det er virkelig at bestige et bjerg p\u00e5 denne 5-timers tur med os. Til sidst vil du kunne st\u00e5 p\u00e5 toppen og skue ud over fjorden, bjergene og havet fra alle vinkler. <\/p>\n<p>Derudover vil du kunne se hele hovedstaden fra oven, hvilket er en betagende udsigt! <\/p>\n<p>Ukkusissat, som er 761 meter h\u00f8jt, er et popul\u00e6rt m\u00e5l blandt lokale vandrere, men ikke desto mindre et udfordrende bjerg, der kr\u00e6ver lokal ekspertise og forst\u00e5else for at bestige sikkert. <\/p>\n<p><b>Varighed:<\/b> 5 timer<\/p>\n<p><b>Deltagere:<\/b> Bem\u00e6rk venligst, at udflugten kun gennemf\u00f8res, hvis der er mindst 3 bookede billetter i alt. Hvis du for eksempel booker 1 billetter, skal der s\u00e6lges mindst 2 yderligere billetter til andre kunder, f\u00f8r turen kan finde sted. Der vil deltage maksimalt 8 personer. <\/p>\n<p><b>Sprog:<\/b> Guiden taler dansk, engelsk og gr\u00f8nlandsk <\/p>\n<p><b>Sv\u00e6rhedsgrad:<\/b> Begyndervenlig tur. Anbefales ikke hvis du har rygproblemer. <\/p>\n<p><b>Forplejning:<\/b> Kaffe og te serveres <\/p>\n<p><b>Anbefalet p\u00e5kl\u00e6dning:<\/b> Varmt, praktisk t\u00f8j og vandresko.<\/p>\n","protected":false},"excerpt":{"rendered":"<p>Oplev det unikke bjerg, Ukkusissat.<\/p>\n","protected":false},"featured_media":52033,"comment_status":"open","ping_status":"closed","template":"","meta":{"_acf_changed":false},"product_brand":[],"product_cat":[101,170],"product_tag":[],"class_list":{"0":"post-14622","1":"product","2":"type-product","3":"status-publish","4":"has-post-thumbnail","6":"product_cat-tour","7":"product_cat-udflugt","8":"pa_dato-584","9":"pa_dato-656","10":"pa_dato-660","11":"pa_dato-662","12":"pa_dato-665","13":"pa_dato-491","14":"pa_dato-670","15":"pa_dato-673","16":"pa_dato-502","17":"pa_dato-534","18":"pa_dato-539","19":"pa_dato-541","20":"pa_dato-554","21":"pa_dato-557","22":"pa_dato-559","23":"pa_dato-587","24":"pa_dato-687","25":"pa_dato-592","26":"pa_dato-694","27":"pa_dato-510","28":"pa_dato-695","29":"pa_dato-598","30":"pa_dato-740","31":"pa_dato-602","32":"pa_dato-689","33":"pa_dato-607","34":"pa_dato-690","35":"pa_dato-612","36":"pa_dato-743","37":"pa_dato-617","38":"pa_dato-745","39":"pa_dato-622","40":"pa_dato-747","41":"pa_dato-771","42":"pa_dato-772","43":"pa_dato-775","44":"pa_dato-957","45":"pa_dato-778","46":"pa_dato-958","47":"pa_dato-780","48":"pa_dato-844","49":"pa_dato-783","50":"pa_dato-969","51":"pa_dato-786","52":"pa_dato-789","53":"pa_dato-926","54":"pa_dato-792","55":"pa_dato-970","56":"pa_dato-795","57":"pa_dato-971","58":"pa_dato-798","59":"pa_dato-938","60":"pa_dato-801","61":"pa_dato-955","62":"pa_dato-956","63":"pa_dato-886","64":"pa_dato-987","65":"pa_dato-887","66":"pa_dato-947","67":"pa_dato-918","68":"pa_dato-1188","69":"pa_dato-951","70":"pa_dato-877","71":"pa_dato-890","72":"pa_dato-1190","73":"pa_dato-892","74":"pa_dato-1181","75":"pa_dato-950","76":"pa_dato-954","77":"pa_dato-867","78":"pa_dato-882","79":"pa_dato-1092","80":"pa_dato-1094","81":"pa_dato-921","82":"pa_dato-1097","83":"pa_dato-1100","84":"pa_dato-1102","85":"pa_dato-923","86":"pa_dato-1106","87":"pa_dato-1110","88":"pa_dato-1112","89":"pa_dato-1116","90":"pa_dato-1118","91":"pa_dato-1121","92":"pa_dato-1123","93":"pa_dato-1064","94":"pa_dato-1066","95":"pa_dato-1125","96":"pa_dato-1127","97":"pa_dato-1128","98":"pa_dato-1130","99":"pa_dato-1025","100":"pa_dato-1027","101":"pa_dato-1032","102":"pa_dato-990","103":"pa_dato-1033","104":"pa_dato-994","105":"pa_dato-1035","106":"pa_dato-998","107":"pa_dato-1003","108":"pa_dato-1005","109":"pa_dato-1038","110":"pa_dato-1040","111":"pa_dato-1011","112":"pa_dato-1013","113":"pa_dato-1041","114":"pa_dato-1018","115":"pa_dato-1042","116":"pa_dato-1044","117":"pa_dato-1048","118":"pa_dato-1050","119":"pa_dato-1055","120":"pa_dato-1057","121":"pa_dato-1132","122":"pa_dato-1134","123":"pa_dato-1137","124":"pa_dato-1139","125":"pa_dato-1146","126":"pa_dato-1161","127":"pa_dato-1205","128":"pa_dato-1163","129":"pa_dato-1147","130":"pa_dato-1211","131":"pa_dato-1216","132":"pa_dato-1218","133":"pa_dato-1148","134":"pa_dato-1296","135":"pa_dato-1149","136":"pa_dato-1297","137":"pa_dato-1150","138":"pa_dato-1298","139":"pa_dato-1151","140":"pa_dato-1299","141":"pa_dato-1152","142":"pa_dato-1300","143":"pa_dato-1153","144":"pa_dato-1301","145":"pa_dato-1154","146":"pa_dato-1241","147":"pa_dato-1155","148":"pa_dato-1302","149":"pa_dato-1156","150":"pa_dato-1303","151":"pa_dato-5947","152":"pa_dato-5883","153":"pa_dato-6003","154":"pa_dato-6106","155":"pa_dato-6253","156":"pa_tidspunkt-187","157":"pa_tidspunkt-40","158":"pa_tidspunkt-304","159":"pa_tidspunkt-61","160":"tour_location-nuuk-da","161":"tour_type-vandreture","162":"tour_tickettype-arctic_excursions","163":"tour_operator-two-ravens","165":"first","166":"outofstock","167":"shipping-taxable","168":"product-type-variable"},"acf":[],"yoast_head":"<!-- This site is optimized with the Yoast SEO plugin v23.6 - https:\/\/yoast.com\/wordpress\/plugins\/seo\/ -->\n<title>Arctic Excursions<\/title>\n<meta name=\"robots\" content=\"index, follow, max-snippet:-1, max-image-preview:large, max-video-preview:-1\" \/>\n<link rel=\"canonical\" href=\"https:\/\/arcticexcursions.com\/da\/udflugter\/summit-ukkusassaq\/\" \/>\n<meta property=\"og:locale\" content=\"da_DK\" \/>\n<meta property=\"og:type\" content=\"article\" \/>\n<meta property=\"og:title\" content=\"Toptur til Ukkusissaq - Arctic Excursions\" \/>\n<meta property=\"og:description\" content=\"Oplev det unikke bjerg, Ukkusissat.\" \/>\n<meta property=\"og:url\" content=\"https:\/\/arcticexcursions.com\/da\/udflugter\/summit-ukkusassaq\/\" \/>\n<meta property=\"og:site_name\" content=\"Arctic Excursions\" \/>\n<meta property=\"article:modified_time\" content=\"2026-03-24T14:07:55+00:00\" \/>\n<meta property=\"og:image\" content=\"https:\/\/arcticexcursions.com\/wp-content\/uploads\/2025\/05\/IMG_4703-2-scaled.jpg\" \/>\n\t<meta property=\"og:image:width\" content=\"1920\" \/>\n\t<meta property=\"og:image:height\" content=\"2560\" \/>\n\t<meta property=\"og:image:type\" content=\"image\/jpeg\" \/>\n<meta name=\"twitter:card\" content=\"summary_large_image\" \/>\n<meta name=\"twitter:label1\" content=\"Estimeret l\u00e6setid\" \/>\n\t<meta name=\"twitter:data1\" content=\"1 minut\" \/>\n<script type=\"application\/ld+json\" class=\"yoast-schema-graph\">{\"@context\":\"https:\/\/schema.org\",\"@graph\":[{\"@type\":\"WebPage\",\"@id\":\"https:\/\/arcticexcursions.com\/da\/udflugter\/summit-ukkusassaq\/\",\"url\":\"https:\/\/arcticexcursions.com\/da\/udflugter\/summit-ukkusassaq\/\",\"name\":\"Toptur til Ukkusissaq - Arctic Excursions\",\"isPartOf\":{\"@id\":\"https:\/\/arcticexcursions.com\/#website\"},\"primaryImageOfPage\":{\"@id\":\"https:\/\/arcticexcursions.com\/da\/udflugter\/summit-ukkusassaq\/#primaryimage\"},\"image\":{\"@id\":\"https:\/\/arcticexcursions.com\/da\/udflugter\/summit-ukkusassaq\/#primaryimage\"},\"thumbnailUrl\":\"https:\/\/arcticexcursions.com\/wp-content\/uploads\/2025\/05\/IMG_4703-2-scaled.jpg\",\"datePublished\":\"2023-05-29T16:50:58+00:00\",\"dateModified\":\"2026-03-24T14:07:55+00:00\",\"breadcrumb\":{\"@id\":\"https:\/\/arcticexcursions.com\/da\/udflugter\/summit-ukkusassaq\/#breadcrumb\"},\"inLanguage\":\"da-DK\",\"potentialAction\":[{\"@type\":\"ReadAction\",\"target\":[\"https:\/\/arcticexcursions.com\/da\/udflugter\/summit-ukkusassaq\/\"]}]},{\"@type\":\"ImageObject\",\"inLanguage\":\"da-DK\",\"@id\":\"https:\/\/arcticexcursions.com\/da\/udflugter\/summit-ukkusassaq\/#primaryimage\",\"url\":\"https:\/\/arcticexcursions.com\/wp-content\/uploads\/2025\/05\/IMG_4703-2-scaled.jpg\",\"contentUrl\":\"https:\/\/arcticexcursions.com\/wp-content\/uploads\/2025\/05\/IMG_4703-2-scaled.jpg\",\"width\":1920,\"height\":2560},{\"@type\":\"BreadcrumbList\",\"@id\":\"https:\/\/arcticexcursions.com\/da\/udflugter\/summit-ukkusassaq\/#breadcrumb\",\"itemListElement\":[{\"@type\":\"ListItem\",\"position\":1,\"name\":\"Home\",\"item\":\"https:\/\/arcticexcursions.com\/da\/\"},{\"@type\":\"ListItem\",\"position\":2,\"name\":\"Udflugter i Gr\u00f8nland\",\"item\":\"https:\/\/arcticexcursions.com\/da\/udflugter\/\"},{\"@type\":\"ListItem\",\"position\":3,\"name\":\"Toptur til Ukkusissaq\"}]},{\"@type\":\"WebSite\",\"@id\":\"https:\/\/arcticexcursions.com\/#website\",\"url\":\"https:\/\/arcticexcursions.com\/\",\"name\":\"Arctic Excursions\",\"description\":\"New adventures. Every day.\",\"publisher\":{\"@id\":\"https:\/\/arcticexcursions.com\/#organization\"},\"potentialAction\":[{\"@type\":\"SearchAction\",\"target\":{\"@type\":\"EntryPoint\",\"urlTemplate\":\"https:\/\/arcticexcursions.com\/?s={search_term_string}\"},\"query-input\":{\"@type\":\"PropertyValueSpecification\",\"valueRequired\":true,\"valueName\":\"search_term_string\"}}],\"inLanguage\":\"da-DK\"},{\"@type\":\"Organization\",\"@id\":\"https:\/\/arcticexcursions.com\/#organization\",\"name\":\"Arctic Excursions\",\"url\":\"https:\/\/arcticexcursions.com\/\",\"logo\":{\"@type\":\"ImageObject\",\"inLanguage\":\"da-DK\",\"@id\":\"https:\/\/arcticexcursions.com\/#\/schema\/logo\/image\/\",\"url\":\"https:\/\/arcticexcursions.com\/wp-content\/uploads\/2022\/11\/fb-logo.png\",\"contentUrl\":\"https:\/\/arcticexcursions.com\/wp-content\/uploads\/2022\/11\/fb-logo.png\",\"width\":523,\"height\":523,\"caption\":\"Arctic Excursions\"},\"image\":{\"@id\":\"https:\/\/arcticexcursions.com\/#\/schema\/logo\/image\/\"}}]}<\/script>\n<!-- \/ Yoast SEO plugin. -->","yoast_head_json":{"title":"Arctic Excursions","robots":{"index":"index","follow":"follow","max-snippet":"max-snippet:-1","max-image-preview":"max-image-preview:large","max-video-preview":"max-video-preview:-1"},"canonical":"https:\/\/arcticexcursions.com\/da\/udflugter\/summit-ukkusassaq\/","og_locale":"da_DK","og_type":"article","og_title":"Toptur til Ukkusissaq - Arctic Excursions","og_description":"Oplev det unikke bjerg, Ukkusissat.","og_url":"https:\/\/arcticexcursions.com\/da\/udflugter\/summit-ukkusassaq\/","og_site_name":"Arctic Excursions","article_modified_time":"2026-03-24T14:07:55+00:00","og_image":[{"width":1920,"height":2560,"url":"https:\/\/arcticexcursions.com\/wp-content\/uploads\/2025\/05\/IMG_4703-2-scaled.jpg","type":"image\/jpeg"}],"twitter_card":"summary_large_image","twitter_misc":{"Estimeret l\u00e6setid":"1 minut"},"schema":{"@context":"https:\/\/schema.org","@graph":[{"@type":"WebPage","@id":"https:\/\/arcticexcursions.com\/da\/udflugter\/summit-ukkusassaq\/","url":"https:\/\/arcticexcursions.com\/da\/udflugter\/summit-ukkusassaq\/","name":"Toptur til Ukkusissaq - Arctic Excursions","isPartOf":{"@id":"https:\/\/arcticexcursions.com\/#website"},"primaryImageOfPage":{"@id":"https:\/\/arcticexcursions.com\/da\/udflugter\/summit-ukkusassaq\/#primaryimage"},"image":{"@id":"https:\/\/arcticexcursions.com\/da\/udflugter\/summit-ukkusassaq\/#primaryimage"},"thumbnailUrl":"https:\/\/arcticexcursions.com\/wp-content\/uploads\/2025\/05\/IMG_4703-2-scaled.jpg","datePublished":"2023-05-29T16:50:58+00:00","dateModified":"2026-03-24T14:07:55+00:00","breadcrumb":{"@id":"https:\/\/arcticexcursions.com\/da\/udflugter\/summit-ukkusassaq\/#breadcrumb"},"inLanguage":"da-DK","potentialAction":[{"@type":"ReadAction","target":["https:\/\/arcticexcursions.com\/da\/udflugter\/summit-ukkusassaq\/"]}]},{"@type":"ImageObject","inLanguage":"da-DK","@id":"https:\/\/arcticexcursions.com\/da\/udflugter\/summit-ukkusassaq\/#primaryimage","url":"https:\/\/arcticexcursions.com\/wp-content\/uploads\/2025\/05\/IMG_4703-2-scaled.jpg","contentUrl":"https:\/\/arcticexcursions.com\/wp-content\/uploads\/2025\/05\/IMG_4703-2-scaled.jpg","width":1920,"height":2560},{"@type":"BreadcrumbList","@id":"https:\/\/arcticexcursions.com\/da\/udflugter\/summit-ukkusassaq\/#breadcrumb","itemListElement":[{"@type":"ListItem","position":1,"name":"Home","item":"https:\/\/arcticexcursions.com\/da\/"},{"@type":"ListItem","position":2,"name":"Udflugter i Gr\u00f8nland","item":"https:\/\/arcticexcursions.com\/da\/udflugter\/"},{"@type":"ListItem","position":3,"name":"Toptur til Ukkusissaq"}]},{"@type":"WebSite","@id":"https:\/\/arcticexcursions.com\/#website","url":"https:\/\/arcticexcursions.com\/","name":"Arctic Excursions","description":"New adventures. Every day.","publisher":{"@id":"https:\/\/arcticexcursions.com\/#organization"},"potentialAction":[{"@type":"SearchAction","target":{"@type":"EntryPoint","urlTemplate":"https:\/\/arcticexcursions.com\/?s={search_term_string}"},"query-input":{"@type":"PropertyValueSpecification","valueRequired":true,"valueName":"search_term_string"}}],"inLanguage":"da-DK"},{"@type":"Organization","@id":"https:\/\/arcticexcursions.com\/#organization","name":"Arctic Excursions","url":"https:\/\/arcticexcursions.com\/","logo":{"@type":"ImageObject","inLanguage":"da-DK","@id":"https:\/\/arcticexcursions.com\/#\/schema\/logo\/image\/","url":"https:\/\/arcticexcursions.com\/wp-content\/uploads\/2022\/11\/fb-logo.png","contentUrl":"https:\/\/arcticexcursions.com\/wp-content\/uploads\/2022\/11\/fb-logo.png","width":523,"height":523,"caption":"Arctic Excursions"},"image":{"@id":"https:\/\/arcticexcursions.com\/#\/schema\/logo\/image\/"}}]}},"_links":{"self":[{"href":"https:\/\/arcticexcursions.com\/da\/wp-json\/wp\/v2\/product\/14622"}],"collection":[{"href":"https:\/\/arcticexcursions.com\/da\/wp-json\/wp\/v2\/product"}],"about":[{"href":"https:\/\/arcticexcursions.com\/da\/wp-json\/wp\/v2\/types\/product"}],"replies":[{"embeddable":true,"href":"https:\/\/arcticexcursions.com\/da\/wp-json\/wp\/v2\/comments?post=14622"}],"wp:featuredmedia":[{"embeddable":true,"href":"https:\/\/arcticexcursions.com\/da\/wp-json\/wp\/v2\/media\/52033"}],"wp:attachment":[{"href":"https:\/\/arcticexcursions.com\/da\/wp-json\/wp\/v2\/media?parent=14622"}],"wp:term":[{"taxonomy":"product_brand","embeddable":true,"href":"https:\/\/arcticexcursions.com\/da\/wp-json\/wp\/v2\/product_brand?post=14622"},{"taxonomy":"product_cat","embeddable":true,"href":"https:\/\/arcticexcursions.com\/da\/wp-json\/wp\/v2\/product_cat?post=14622"},{"taxonomy":"product_tag","embeddable":true,"href":"https:\/\/arcticexcursions.com\/da\/wp-json\/wp\/v2\/product_tag?post=14622"}],"curies":[{"name":"wp","href":"https:\/\/api.w.org\/{rel}","templated":true}]}}