{"id":15079,"date":"2023-06-20T15:01:34","date_gmt":"2023-06-20T13:01:34","guid":{"rendered":"https:\/\/arcticexcursions.com\/?post_type=product&#038;p=15079"},"modified":"2025-11-03T13:14:45","modified_gmt":"2025-11-03T11:14:45","slug":"byrundtur-i-bus","status":"publish","type":"product","link":"https:\/\/arcticexcursions.com\/da\/udflugter\/byrundtur-i-bus\/","title":{"rendered":"Byrundtur i bus"},"content":{"rendered":"<p>P\u00e5 en behagelig m\u00e5de vil du blive k\u00f8rt rundt i Sisimiut og omr\u00e5det, som har v\u00e6ret beboet i mere end 4000 \u00e5r. Guiden vil fort\u00e6lle om byens historie, kultur og tage dig med til de bedste udsigtspunkter, hvor der ikke kun er udsigt over byen men ogs\u00e5 den spektakul\u00e6re arktiske natur der omkranser Sisimiut. Der vil v\u00e6re rig mulighed for, at tage fantastiske billeder af byen og landskabet. Ruten kommer omkring hundebyen med de mange gr\u00f8nlandske sl\u00e6dehunde, den travle havn og museet som udg\u00f8r omr\u00e5det hvor kolonien Holsteinsborg blev grundlagt.<br \/>\nTuren vil danne dig et rigtig godt overblik over byen, s\u00e5 du er klar til at drage ud p\u00e5 egen h\u00e5nd. <\/p>\n<p><b>Varighed:<\/b> 1 time<\/p>\n<p><b>Deltagere:<\/b> Bem\u00e6rk venligst, at udflugten kun gennemf\u00f8res, hvis der er mindst 4 bookede billetter i alt. Hvis du for eksempel booker 2 billetter, skal der s\u00e6lges mindst 2 yderligere billetter til andre kunder, f\u00f8r turen kan finde sted. Der vil deltage maksimalt 8 personer. <\/p>\n<p><b>Sprog:<\/b> Guiden taler dansk, engelsk og gr\u00f8nlandsk <\/p>\n<p><b>Forplejning:<\/b> Intet inkluderet, medbring gerne snacks og drikkevarer <\/p>\n<p><b>Anbefalet p\u00e5kl\u00e6dning:<\/b> Praktiske sko og varmt t\u00f8j hvis temperaturen er lav. Solbriller og solcreme om sommeren.<\/p>\n","protected":false},"excerpt":{"rendered":"<p>En guidet byrundtur i Gr\u00f8nlands andenst\u00f8rste by, Sisimiut. <\/p>\n","protected":false},"featured_media":15077,"comment_status":"open","ping_status":"closed","template":"","meta":{"_acf_changed":false},"product_brand":[],"product_cat":[170],"product_tag":[],"class_list":{"0":"post-15079","1":"product","2":"type-product","3":"status-publish","4":"has-post-thumbnail","6":"product_cat-udflugt","7":"pa_dato-666","8":"pa_dato-670","9":"pa_dato-672","10":"pa_dato-502","11":"pa_dato-535","12":"pa_dato-539","13":"pa_dato-500","14":"pa_dato-547","15":"pa_dato-549","16":"pa_dato-554","17":"pa_dato-556","18":"pa_dato-559","19":"pa_dato-561","20":"pa_dato-687","21":"pa_dato-591","22":"pa_dato-694","23":"pa_dato-695","24":"pa_dato-740","25":"pa_dato-907","26":"pa_dato-1145","27":"pa_dato-904","28":"pa_dato-883","29":"pa_dato-856","30":"pa_dato-955","31":"pa_dato-956","32":"pa_dato-886","33":"pa_dato-987","34":"pa_dato-887","35":"pa_dato-947","36":"pa_dato-918","37":"pa_dato-1188","38":"pa_dato-951","39":"pa_dato-877","40":"pa_dato-890","41":"pa_dato-1190","42":"pa_dato-892","43":"pa_dato-1181","44":"pa_dato-950","45":"pa_dato-954","46":"pa_dato-867","47":"pa_dato-882","48":"pa_dato-1092","49":"pa_dato-1094","50":"pa_dato-921","51":"pa_dato-1097","52":"pa_dato-1100","53":"pa_dato-1102","54":"pa_dato-923","55":"pa_dato-1106","56":"pa_dato-1110","57":"pa_dato-1112","58":"pa_dato-1116","59":"pa_dato-1118","60":"pa_dato-1121","61":"pa_dato-1123","62":"pa_dato-1061","63":"pa_dato-1063","64":"pa_dato-898","65":"pa_dato-912","66":"pa_dato-1173","67":"pa_dato-963","68":"pa_dato-1023","69":"pa_dato-966","70":"pa_dato-1029","71":"pa_dato-1031","72":"pa_dato-991","73":"pa_dato-967","74":"pa_dato-1034","75":"pa_dato-1000","76":"pa_dato-1002","77":"pa_dato-1007","78":"pa_dato-1037","79":"pa_dato-1009","80":"pa_dato-968","81":"pa_dato-1015","82":"pa_dato-965","83":"pa_dato-1020","84":"pa_dato-1022","85":"pa_dato-899","86":"pa_dato-1047","87":"pa_dato-1052","88":"pa_dato-1054","89":"pa_dato-1143","90":"pa_dato-1131","91":"pa_dato-1136","92":"pa_dato-1194","93":"pa_dato-1196","94":"pa_dato-1198","95":"pa_dato-1200","96":"pa_dato-1207","97":"pa_dato-1209","98":"pa_dato-1214","99":"pa_dato-1215","100":"pa_dato-1382","101":"pa_dato-1337","102":"pa_dato-6020","103":"pa_dato-5925","104":"pa_dato-6024","105":"pa_dato-5929","106":"pa_dato-5988","107":"pa_dato-5958","108":"pa_dato-5956","109":"pa_dato-5977","110":"pa_dato-5961","111":"pa_tidspunkt-40","112":"pa_tidspunkt-308","113":"tour_location-sisimiut-da","114":"tour_type-byvandring","115":"tour_tickettype-arctic_excursions","116":"tour_operator-hotel-sisimiut-tours","118":"first","119":"outofstock","120":"shipping-taxable","121":"product-type-variable"},"acf":[],"yoast_head":"<!-- This site is optimized with the Yoast SEO plugin v23.6 - https:\/\/yoast.com\/wordpress\/plugins\/seo\/ -->\n<title>Arctic Excursions<\/title>\n<meta name=\"robots\" content=\"index, follow, max-snippet:-1, max-image-preview:large, max-video-preview:-1\" \/>\n<link rel=\"canonical\" href=\"https:\/\/arcticexcursions.com\/da\/udflugter\/byrundtur-i-bus\/\" \/>\n<meta property=\"og:locale\" content=\"da_DK\" \/>\n<meta property=\"og:type\" content=\"article\" \/>\n<meta property=\"og:title\" content=\"Byrundtur i bus - Arctic Excursions\" \/>\n<meta property=\"og:description\" content=\"En guidet byrundtur i Gr\u00f8nlands andenst\u00f8rste by, Sisimiut.\" \/>\n<meta property=\"og:url\" content=\"https:\/\/arcticexcursions.com\/da\/udflugter\/byrundtur-i-bus\/\" \/>\n<meta property=\"og:site_name\" content=\"Arctic Excursions\" \/>\n<meta property=\"article:modified_time\" content=\"2025-11-03T11:14:45+00:00\" \/>\n<meta property=\"og:image\" content=\"https:\/\/arcticexcursions.com\/wp-content\/uploads\/2023\/05\/sisimiut-fra-kirken-scaled.jpg\" \/>\n\t<meta property=\"og:image:width\" content=\"2560\" \/>\n\t<meta property=\"og:image:height\" content=\"1920\" \/>\n\t<meta property=\"og:image:type\" content=\"image\/jpeg\" \/>\n<meta name=\"twitter:card\" content=\"summary_large_image\" \/>\n<meta name=\"twitter:label1\" content=\"Estimeret l\u00e6setid\" \/>\n\t<meta name=\"twitter:data1\" content=\"1 minut\" \/>\n<script type=\"application\/ld+json\" class=\"yoast-schema-graph\">{\"@context\":\"https:\/\/schema.org\",\"@graph\":[{\"@type\":\"WebPage\",\"@id\":\"https:\/\/arcticexcursions.com\/da\/udflugter\/byrundtur-i-bus\/\",\"url\":\"https:\/\/arcticexcursions.com\/da\/udflugter\/byrundtur-i-bus\/\",\"name\":\"Byrundtur i bus - Arctic Excursions\",\"isPartOf\":{\"@id\":\"https:\/\/arcticexcursions.com\/#website\"},\"primaryImageOfPage\":{\"@id\":\"https:\/\/arcticexcursions.com\/da\/udflugter\/byrundtur-i-bus\/#primaryimage\"},\"image\":{\"@id\":\"https:\/\/arcticexcursions.com\/da\/udflugter\/byrundtur-i-bus\/#primaryimage\"},\"thumbnailUrl\":\"https:\/\/arcticexcursions.com\/wp-content\/uploads\/2023\/05\/sisimiut-fra-kirken-scaled.jpg\",\"datePublished\":\"2023-06-20T13:01:34+00:00\",\"dateModified\":\"2025-11-03T11:14:45+00:00\",\"breadcrumb\":{\"@id\":\"https:\/\/arcticexcursions.com\/da\/udflugter\/byrundtur-i-bus\/#breadcrumb\"},\"inLanguage\":\"da-DK\",\"potentialAction\":[{\"@type\":\"ReadAction\",\"target\":[\"https:\/\/arcticexcursions.com\/da\/udflugter\/byrundtur-i-bus\/\"]}]},{\"@type\":\"ImageObject\",\"inLanguage\":\"da-DK\",\"@id\":\"https:\/\/arcticexcursions.com\/da\/udflugter\/byrundtur-i-bus\/#primaryimage\",\"url\":\"https:\/\/arcticexcursions.com\/wp-content\/uploads\/2023\/05\/sisimiut-fra-kirken-scaled.jpg\",\"contentUrl\":\"https:\/\/arcticexcursions.com\/wp-content\/uploads\/2023\/05\/sisimiut-fra-kirken-scaled.jpg\",\"width\":2560,\"height\":1920},{\"@type\":\"BreadcrumbList\",\"@id\":\"https:\/\/arcticexcursions.com\/da\/udflugter\/byrundtur-i-bus\/#breadcrumb\",\"itemListElement\":[{\"@type\":\"ListItem\",\"position\":1,\"name\":\"Home\",\"item\":\"https:\/\/arcticexcursions.com\/da\/\"},{\"@type\":\"ListItem\",\"position\":2,\"name\":\"Udflugter i Gr\u00f8nland\",\"item\":\"https:\/\/arcticexcursions.com\/da\/udflugter\/\"},{\"@type\":\"ListItem\",\"position\":3,\"name\":\"Byrundtur i bus\"}]},{\"@type\":\"WebSite\",\"@id\":\"https:\/\/arcticexcursions.com\/#website\",\"url\":\"https:\/\/arcticexcursions.com\/\",\"name\":\"Arctic Excursions\",\"description\":\"New adventures. Every day.\",\"publisher\":{\"@id\":\"https:\/\/arcticexcursions.com\/#organization\"},\"potentialAction\":[{\"@type\":\"SearchAction\",\"target\":{\"@type\":\"EntryPoint\",\"urlTemplate\":\"https:\/\/arcticexcursions.com\/?s={search_term_string}\"},\"query-input\":{\"@type\":\"PropertyValueSpecification\",\"valueRequired\":true,\"valueName\":\"search_term_string\"}}],\"inLanguage\":\"da-DK\"},{\"@type\":\"Organization\",\"@id\":\"https:\/\/arcticexcursions.com\/#organization\",\"name\":\"Arctic Excursions\",\"url\":\"https:\/\/arcticexcursions.com\/\",\"logo\":{\"@type\":\"ImageObject\",\"inLanguage\":\"da-DK\",\"@id\":\"https:\/\/arcticexcursions.com\/#\/schema\/logo\/image\/\",\"url\":\"https:\/\/arcticexcursions.com\/wp-content\/uploads\/2022\/11\/fb-logo.png\",\"contentUrl\":\"https:\/\/arcticexcursions.com\/wp-content\/uploads\/2022\/11\/fb-logo.png\",\"width\":523,\"height\":523,\"caption\":\"Arctic Excursions\"},\"image\":{\"@id\":\"https:\/\/arcticexcursions.com\/#\/schema\/logo\/image\/\"}}]}<\/script>\n<!-- \/ Yoast SEO plugin. -->","yoast_head_json":{"title":"Arctic Excursions","robots":{"index":"index","follow":"follow","max-snippet":"max-snippet:-1","max-image-preview":"max-image-preview:large","max-video-preview":"max-video-preview:-1"},"canonical":"https:\/\/arcticexcursions.com\/da\/udflugter\/byrundtur-i-bus\/","og_locale":"da_DK","og_type":"article","og_title":"Byrundtur i bus - Arctic Excursions","og_description":"En guidet byrundtur i Gr\u00f8nlands andenst\u00f8rste by, Sisimiut.","og_url":"https:\/\/arcticexcursions.com\/da\/udflugter\/byrundtur-i-bus\/","og_site_name":"Arctic Excursions","article_modified_time":"2025-11-03T11:14:45+00:00","og_image":[{"width":2560,"height":1920,"url":"https:\/\/arcticexcursions.com\/wp-content\/uploads\/2023\/05\/sisimiut-fra-kirken-scaled.jpg","type":"image\/jpeg"}],"twitter_card":"summary_large_image","twitter_misc":{"Estimeret l\u00e6setid":"1 minut"},"schema":{"@context":"https:\/\/schema.org","@graph":[{"@type":"WebPage","@id":"https:\/\/arcticexcursions.com\/da\/udflugter\/byrundtur-i-bus\/","url":"https:\/\/arcticexcursions.com\/da\/udflugter\/byrundtur-i-bus\/","name":"Byrundtur i bus - Arctic Excursions","isPartOf":{"@id":"https:\/\/arcticexcursions.com\/#website"},"primaryImageOfPage":{"@id":"https:\/\/arcticexcursions.com\/da\/udflugter\/byrundtur-i-bus\/#primaryimage"},"image":{"@id":"https:\/\/arcticexcursions.com\/da\/udflugter\/byrundtur-i-bus\/#primaryimage"},"thumbnailUrl":"https:\/\/arcticexcursions.com\/wp-content\/uploads\/2023\/05\/sisimiut-fra-kirken-scaled.jpg","datePublished":"2023-06-20T13:01:34+00:00","dateModified":"2025-11-03T11:14:45+00:00","breadcrumb":{"@id":"https:\/\/arcticexcursions.com\/da\/udflugter\/byrundtur-i-bus\/#breadcrumb"},"inLanguage":"da-DK","potentialAction":[{"@type":"ReadAction","target":["https:\/\/arcticexcursions.com\/da\/udflugter\/byrundtur-i-bus\/"]}]},{"@type":"ImageObject","inLanguage":"da-DK","@id":"https:\/\/arcticexcursions.com\/da\/udflugter\/byrundtur-i-bus\/#primaryimage","url":"https:\/\/arcticexcursions.com\/wp-content\/uploads\/2023\/05\/sisimiut-fra-kirken-scaled.jpg","contentUrl":"https:\/\/arcticexcursions.com\/wp-content\/uploads\/2023\/05\/sisimiut-fra-kirken-scaled.jpg","width":2560,"height":1920},{"@type":"BreadcrumbList","@id":"https:\/\/arcticexcursions.com\/da\/udflugter\/byrundtur-i-bus\/#breadcrumb","itemListElement":[{"@type":"ListItem","position":1,"name":"Home","item":"https:\/\/arcticexcursions.com\/da\/"},{"@type":"ListItem","position":2,"name":"Udflugter i Gr\u00f8nland","item":"https:\/\/arcticexcursions.com\/da\/udflugter\/"},{"@type":"ListItem","position":3,"name":"Byrundtur i bus"}]},{"@type":"WebSite","@id":"https:\/\/arcticexcursions.com\/#website","url":"https:\/\/arcticexcursions.com\/","name":"Arctic Excursions","description":"New adventures. Every day.","publisher":{"@id":"https:\/\/arcticexcursions.com\/#organization"},"potentialAction":[{"@type":"SearchAction","target":{"@type":"EntryPoint","urlTemplate":"https:\/\/arcticexcursions.com\/?s={search_term_string}"},"query-input":{"@type":"PropertyValueSpecification","valueRequired":true,"valueName":"search_term_string"}}],"inLanguage":"da-DK"},{"@type":"Organization","@id":"https:\/\/arcticexcursions.com\/#organization","name":"Arctic Excursions","url":"https:\/\/arcticexcursions.com\/","logo":{"@type":"ImageObject","inLanguage":"da-DK","@id":"https:\/\/arcticexcursions.com\/#\/schema\/logo\/image\/","url":"https:\/\/arcticexcursions.com\/wp-content\/uploads\/2022\/11\/fb-logo.png","contentUrl":"https:\/\/arcticexcursions.com\/wp-content\/uploads\/2022\/11\/fb-logo.png","width":523,"height":523,"caption":"Arctic Excursions"},"image":{"@id":"https:\/\/arcticexcursions.com\/#\/schema\/logo\/image\/"}}]}},"_links":{"self":[{"href":"https:\/\/arcticexcursions.com\/da\/wp-json\/wp\/v2\/product\/15079"}],"collection":[{"href":"https:\/\/arcticexcursions.com\/da\/wp-json\/wp\/v2\/product"}],"about":[{"href":"https:\/\/arcticexcursions.com\/da\/wp-json\/wp\/v2\/types\/product"}],"replies":[{"embeddable":true,"href":"https:\/\/arcticexcursions.com\/da\/wp-json\/wp\/v2\/comments?post=15079"}],"wp:featuredmedia":[{"embeddable":true,"href":"https:\/\/arcticexcursions.com\/da\/wp-json\/wp\/v2\/media\/15077"}],"wp:attachment":[{"href":"https:\/\/arcticexcursions.com\/da\/wp-json\/wp\/v2\/media?parent=15079"}],"wp:term":[{"taxonomy":"product_brand","embeddable":true,"href":"https:\/\/arcticexcursions.com\/da\/wp-json\/wp\/v2\/product_brand?post=15079"},{"taxonomy":"product_cat","embeddable":true,"href":"https:\/\/arcticexcursions.com\/da\/wp-json\/wp\/v2\/product_cat?post=15079"},{"taxonomy":"product_tag","embeddable":true,"href":"https:\/\/arcticexcursions.com\/da\/wp-json\/wp\/v2\/product_tag?post=15079"}],"curies":[{"name":"wp","href":"https:\/\/api.w.org\/{rel}","templated":true}]}}