{"id":15090,"date":"2023-05-31T17:09:13","date_gmt":"2023-05-31T15:09:13","guid":{"rendered":"https:\/\/arcticexcursions.com\/?post_type=product&#038;p=15090"},"modified":"2025-11-03T13:20:23","modified_gmt":"2025-11-03T11:20:23","slug":"assaqutaq-trail-transfer","status":"publish","type":"product","link":"https:\/\/arcticexcursions.com\/da\/udflugter\/assaqutaq-trail-transfer\/","title":{"rendered":"Assaqutaq Trail Transfer"},"content":{"rendered":"<p>Har du mod p\u00e5 et eventyr i den barske Gr\u00f8nlandske natur p\u00e5 egen h\u00e5nd? S\u00e5 er denne tur perfekt til dig.<br \/>\nSelve b\u00e5dturen tager ca. 30 minutter fra Sisimiut ind i fjorden til den forladte bygd Assaqutaq. Du vil have alt den tid du vil til at udforske de gamle, forladte bygninger, inden du krydser h\u00e6ngebroen over til starten af vandreturen. Det f\u00f8rste stykke af ruten er meget stejl, men der er et reb til hj\u00e6lp. Vandreturen er forholdsvis godt markeret hele vejen og er en utrolig smuk tur med det h\u00f8je fjeld p\u00e5 den ene side og fjorden p\u00e5 den anden side. Terr\u00e6net skifter meget p\u00e5 turen og kan nogle steder v\u00e6re udfordrende. Vandreturen tager ca. 6-8 timer og vi anbefaler altid, at man tager min. 2 personer afsted sammen og medbringer en madpakke. <\/p>\n<p><b>Varighed:<\/b> 8 timer <\/p>\n<p><b>Deltagere:<\/b> Bem\u00e6rk venligst, at udflugten kun gennemf\u00f8res, hvis der er mindst 2 bookede billetter i alt. Hvis du for eksempel booker 1 billetter, skal der s\u00e6lges mindst 1 yderligere billetter til andre kunder, f\u00f8r turen kan finde sted. Der vil deltage maksimalt 6 personer. <\/p>\n<p><b>Sv\u00e6rhedsgrad:<\/b> Begyndervenlig tur. Anbefales ikke hvis du har rygproblemer. <\/p>\n<p><b>Anbefalet p\u00e5kl\u00e6dning:<\/b> Varmt, praktisk t\u00f8j og vandresko.<\/p>\n","protected":false},"excerpt":{"rendered":"<p>Tag med denne b\u00e5dtransport til den forladte bygd Assaqutaq og tag ud p\u00e5 den smukke vandretur tilbage til Sisimiut p\u00e5 egen h\u00e5nd. <\/p>\n","protected":false},"featured_media":15268,"comment_status":"open","ping_status":"closed","template":"","meta":{"_acf_changed":false},"product_brand":[],"product_cat":[170],"product_tag":[],"class_list":{"0":"post-15090","1":"product","2":"type-product","3":"status-publish","4":"has-post-thumbnail","6":"product_cat-udflugt","7":"pa_dato-663","8":"pa_dato-439","9":"pa_dato-665","10":"pa_dato-491","11":"pa_dato-668","12":"pa_dato-670","13":"pa_dato-673","14":"pa_dato-222","15":"pa_dato-502","16":"pa_dato-534","17":"pa_dato-537","18":"pa_dato-539","19":"pa_dato-541","20":"pa_dato-543","21":"pa_dato-547","22":"pa_dato-550","23":"pa_dato-552","24":"pa_dato-554","25":"pa_dato-557","26":"pa_dato-521","27":"pa_dato-559","28":"pa_dato-587","29":"pa_dato-589","30":"pa_dato-687","31":"pa_dato-592","32":"pa_dato-594","33":"pa_dato-694","34":"pa_dato-510","35":"pa_dato-511","36":"pa_dato-695","37":"pa_dato-598","38":"pa_dato-600","39":"pa_dato-740","40":"pa_dato-602","41":"pa_dato-604","42":"pa_dato-689","43":"pa_dato-607","44":"pa_dato-609","45":"pa_dato-690","46":"pa_dato-612","47":"pa_dato-614","48":"pa_dato-813","49":"pa_dato-1128","50":"pa_dato-1130","51":"pa_dato-1023","52":"pa_dato-1025","53":"pa_dato-1027","54":"pa_dato-1029","55":"pa_dato-1032","56":"pa_dato-990","57":"pa_dato-991","58":"pa_dato-1033","59":"pa_dato-994","60":"pa_dato-1034","61":"pa_dato-1035","62":"pa_dato-998","63":"pa_dato-1000","64":"pa_dato-1003","65":"pa_dato-1005","66":"pa_dato-1007","67":"pa_dato-1038","68":"pa_dato-1040","69":"pa_dato-1009","70":"pa_dato-1011","71":"pa_dato-1013","72":"pa_dato-1015","73":"pa_dato-1041","74":"pa_dato-1018","75":"pa_dato-1020","76":"pa_dato-1042","77":"pa_dato-1044","78":"pa_dato-899","79":"pa_dato-1048","80":"pa_dato-1050","81":"pa_dato-1052","82":"pa_dato-1055","83":"pa_dato-1057","84":"pa_dato-1143","85":"pa_dato-1132","86":"pa_dato-1134","87":"pa_dato-1185","88":"pa_dato-5983","89":"pa_dato-5946","90":"pa_dato-5977","91":"pa_dato-5940","92":"pa_tidspunkt-70","93":"pa_tidspunkt-189","94":"pa_tidspunkt-72","95":"tour_location-sisimiut-da","96":"tour_type-vandreture","97":"tour_tickettype-arctic_excursions","98":"tour_operator-hotel-sisimiut-tours","100":"first","101":"outofstock","102":"shipping-taxable","103":"product-type-variable"},"acf":[],"yoast_head":"<!-- This site is optimized with the Yoast SEO plugin v23.6 - https:\/\/yoast.com\/wordpress\/plugins\/seo\/ -->\n<title>Arctic Excursions<\/title>\n<meta name=\"robots\" content=\"index, follow, max-snippet:-1, max-image-preview:large, max-video-preview:-1\" \/>\n<link rel=\"canonical\" href=\"https:\/\/arcticexcursions.com\/da\/udflugter\/assaqutaq-trail-transfer\/\" \/>\n<meta property=\"og:locale\" content=\"da_DK\" \/>\n<meta property=\"og:type\" content=\"article\" \/>\n<meta property=\"og:title\" content=\"Assaqutaq Trail Transfer - Arctic Excursions\" \/>\n<meta property=\"og:description\" content=\"Tag med denne b\u00e5dtransport til den forladte bygd Assaqutaq og tag ud p\u00e5 den smukke vandretur tilbage til Sisimiut p\u00e5 egen h\u00e5nd.\" \/>\n<meta property=\"og:url\" content=\"https:\/\/arcticexcursions.com\/da\/udflugter\/assaqutaq-trail-transfer\/\" \/>\n<meta property=\"og:site_name\" content=\"Arctic Excursions\" \/>\n<meta property=\"article:modified_time\" content=\"2025-11-03T11:20:23+00:00\" \/>\n<meta property=\"og:image\" content=\"https:\/\/arcticexcursions.com\/wp-content\/uploads\/2023\/06\/IMG_3911-scaled.jpg\" \/>\n\t<meta property=\"og:image:width\" content=\"2560\" \/>\n\t<meta property=\"og:image:height\" content=\"1920\" \/>\n\t<meta property=\"og:image:type\" content=\"image\/jpeg\" \/>\n<meta name=\"twitter:card\" content=\"summary_large_image\" \/>\n<meta name=\"twitter:label1\" content=\"Estimeret l\u00e6setid\" \/>\n\t<meta name=\"twitter:data1\" content=\"1 minut\" \/>\n<script type=\"application\/ld+json\" class=\"yoast-schema-graph\">{\"@context\":\"https:\/\/schema.org\",\"@graph\":[{\"@type\":\"WebPage\",\"@id\":\"https:\/\/arcticexcursions.com\/da\/udflugter\/assaqutaq-trail-transfer\/\",\"url\":\"https:\/\/arcticexcursions.com\/da\/udflugter\/assaqutaq-trail-transfer\/\",\"name\":\"Assaqutaq Trail Transfer - Arctic Excursions\",\"isPartOf\":{\"@id\":\"https:\/\/arcticexcursions.com\/#website\"},\"primaryImageOfPage\":{\"@id\":\"https:\/\/arcticexcursions.com\/da\/udflugter\/assaqutaq-trail-transfer\/#primaryimage\"},\"image\":{\"@id\":\"https:\/\/arcticexcursions.com\/da\/udflugter\/assaqutaq-trail-transfer\/#primaryimage\"},\"thumbnailUrl\":\"https:\/\/arcticexcursions.com\/wp-content\/uploads\/2023\/06\/IMG_3911-scaled.jpg\",\"datePublished\":\"2023-05-31T15:09:13+00:00\",\"dateModified\":\"2025-11-03T11:20:23+00:00\",\"breadcrumb\":{\"@id\":\"https:\/\/arcticexcursions.com\/da\/udflugter\/assaqutaq-trail-transfer\/#breadcrumb\"},\"inLanguage\":\"da-DK\",\"potentialAction\":[{\"@type\":\"ReadAction\",\"target\":[\"https:\/\/arcticexcursions.com\/da\/udflugter\/assaqutaq-trail-transfer\/\"]}]},{\"@type\":\"ImageObject\",\"inLanguage\":\"da-DK\",\"@id\":\"https:\/\/arcticexcursions.com\/da\/udflugter\/assaqutaq-trail-transfer\/#primaryimage\",\"url\":\"https:\/\/arcticexcursions.com\/wp-content\/uploads\/2023\/06\/IMG_3911-scaled.jpg\",\"contentUrl\":\"https:\/\/arcticexcursions.com\/wp-content\/uploads\/2023\/06\/IMG_3911-scaled.jpg\",\"width\":2560,\"height\":1920},{\"@type\":\"BreadcrumbList\",\"@id\":\"https:\/\/arcticexcursions.com\/da\/udflugter\/assaqutaq-trail-transfer\/#breadcrumb\",\"itemListElement\":[{\"@type\":\"ListItem\",\"position\":1,\"name\":\"Home\",\"item\":\"https:\/\/arcticexcursions.com\/da\/\"},{\"@type\":\"ListItem\",\"position\":2,\"name\":\"Udflugter i Gr\u00f8nland\",\"item\":\"https:\/\/arcticexcursions.com\/da\/udflugter\/\"},{\"@type\":\"ListItem\",\"position\":3,\"name\":\"Assaqutaq Trail Transfer\"}]},{\"@type\":\"WebSite\",\"@id\":\"https:\/\/arcticexcursions.com\/#website\",\"url\":\"https:\/\/arcticexcursions.com\/\",\"name\":\"Arctic Excursions\",\"description\":\"New adventures. Every day.\",\"publisher\":{\"@id\":\"https:\/\/arcticexcursions.com\/#organization\"},\"potentialAction\":[{\"@type\":\"SearchAction\",\"target\":{\"@type\":\"EntryPoint\",\"urlTemplate\":\"https:\/\/arcticexcursions.com\/?s={search_term_string}\"},\"query-input\":{\"@type\":\"PropertyValueSpecification\",\"valueRequired\":true,\"valueName\":\"search_term_string\"}}],\"inLanguage\":\"da-DK\"},{\"@type\":\"Organization\",\"@id\":\"https:\/\/arcticexcursions.com\/#organization\",\"name\":\"Arctic Excursions\",\"url\":\"https:\/\/arcticexcursions.com\/\",\"logo\":{\"@type\":\"ImageObject\",\"inLanguage\":\"da-DK\",\"@id\":\"https:\/\/arcticexcursions.com\/#\/schema\/logo\/image\/\",\"url\":\"https:\/\/arcticexcursions.com\/wp-content\/uploads\/2022\/11\/fb-logo.png\",\"contentUrl\":\"https:\/\/arcticexcursions.com\/wp-content\/uploads\/2022\/11\/fb-logo.png\",\"width\":523,\"height\":523,\"caption\":\"Arctic Excursions\"},\"image\":{\"@id\":\"https:\/\/arcticexcursions.com\/#\/schema\/logo\/image\/\"}}]}<\/script>\n<!-- \/ Yoast SEO plugin. -->","yoast_head_json":{"title":"Arctic Excursions","robots":{"index":"index","follow":"follow","max-snippet":"max-snippet:-1","max-image-preview":"max-image-preview:large","max-video-preview":"max-video-preview:-1"},"canonical":"https:\/\/arcticexcursions.com\/da\/udflugter\/assaqutaq-trail-transfer\/","og_locale":"da_DK","og_type":"article","og_title":"Assaqutaq Trail Transfer - Arctic Excursions","og_description":"Tag med denne b\u00e5dtransport til den forladte bygd Assaqutaq og tag ud p\u00e5 den smukke vandretur tilbage til Sisimiut p\u00e5 egen h\u00e5nd.","og_url":"https:\/\/arcticexcursions.com\/da\/udflugter\/assaqutaq-trail-transfer\/","og_site_name":"Arctic Excursions","article_modified_time":"2025-11-03T11:20:23+00:00","og_image":[{"width":2560,"height":1920,"url":"https:\/\/arcticexcursions.com\/wp-content\/uploads\/2023\/06\/IMG_3911-scaled.jpg","type":"image\/jpeg"}],"twitter_card":"summary_large_image","twitter_misc":{"Estimeret l\u00e6setid":"1 minut"},"schema":{"@context":"https:\/\/schema.org","@graph":[{"@type":"WebPage","@id":"https:\/\/arcticexcursions.com\/da\/udflugter\/assaqutaq-trail-transfer\/","url":"https:\/\/arcticexcursions.com\/da\/udflugter\/assaqutaq-trail-transfer\/","name":"Assaqutaq Trail Transfer - Arctic Excursions","isPartOf":{"@id":"https:\/\/arcticexcursions.com\/#website"},"primaryImageOfPage":{"@id":"https:\/\/arcticexcursions.com\/da\/udflugter\/assaqutaq-trail-transfer\/#primaryimage"},"image":{"@id":"https:\/\/arcticexcursions.com\/da\/udflugter\/assaqutaq-trail-transfer\/#primaryimage"},"thumbnailUrl":"https:\/\/arcticexcursions.com\/wp-content\/uploads\/2023\/06\/IMG_3911-scaled.jpg","datePublished":"2023-05-31T15:09:13+00:00","dateModified":"2025-11-03T11:20:23+00:00","breadcrumb":{"@id":"https:\/\/arcticexcursions.com\/da\/udflugter\/assaqutaq-trail-transfer\/#breadcrumb"},"inLanguage":"da-DK","potentialAction":[{"@type":"ReadAction","target":["https:\/\/arcticexcursions.com\/da\/udflugter\/assaqutaq-trail-transfer\/"]}]},{"@type":"ImageObject","inLanguage":"da-DK","@id":"https:\/\/arcticexcursions.com\/da\/udflugter\/assaqutaq-trail-transfer\/#primaryimage","url":"https:\/\/arcticexcursions.com\/wp-content\/uploads\/2023\/06\/IMG_3911-scaled.jpg","contentUrl":"https:\/\/arcticexcursions.com\/wp-content\/uploads\/2023\/06\/IMG_3911-scaled.jpg","width":2560,"height":1920},{"@type":"BreadcrumbList","@id":"https:\/\/arcticexcursions.com\/da\/udflugter\/assaqutaq-trail-transfer\/#breadcrumb","itemListElement":[{"@type":"ListItem","position":1,"name":"Home","item":"https:\/\/arcticexcursions.com\/da\/"},{"@type":"ListItem","position":2,"name":"Udflugter i Gr\u00f8nland","item":"https:\/\/arcticexcursions.com\/da\/udflugter\/"},{"@type":"ListItem","position":3,"name":"Assaqutaq Trail Transfer"}]},{"@type":"WebSite","@id":"https:\/\/arcticexcursions.com\/#website","url":"https:\/\/arcticexcursions.com\/","name":"Arctic Excursions","description":"New adventures. Every day.","publisher":{"@id":"https:\/\/arcticexcursions.com\/#organization"},"potentialAction":[{"@type":"SearchAction","target":{"@type":"EntryPoint","urlTemplate":"https:\/\/arcticexcursions.com\/?s={search_term_string}"},"query-input":{"@type":"PropertyValueSpecification","valueRequired":true,"valueName":"search_term_string"}}],"inLanguage":"da-DK"},{"@type":"Organization","@id":"https:\/\/arcticexcursions.com\/#organization","name":"Arctic Excursions","url":"https:\/\/arcticexcursions.com\/","logo":{"@type":"ImageObject","inLanguage":"da-DK","@id":"https:\/\/arcticexcursions.com\/#\/schema\/logo\/image\/","url":"https:\/\/arcticexcursions.com\/wp-content\/uploads\/2022\/11\/fb-logo.png","contentUrl":"https:\/\/arcticexcursions.com\/wp-content\/uploads\/2022\/11\/fb-logo.png","width":523,"height":523,"caption":"Arctic Excursions"},"image":{"@id":"https:\/\/arcticexcursions.com\/#\/schema\/logo\/image\/"}}]}},"_links":{"self":[{"href":"https:\/\/arcticexcursions.com\/da\/wp-json\/wp\/v2\/product\/15090"}],"collection":[{"href":"https:\/\/arcticexcursions.com\/da\/wp-json\/wp\/v2\/product"}],"about":[{"href":"https:\/\/arcticexcursions.com\/da\/wp-json\/wp\/v2\/types\/product"}],"replies":[{"embeddable":true,"href":"https:\/\/arcticexcursions.com\/da\/wp-json\/wp\/v2\/comments?post=15090"}],"wp:featuredmedia":[{"embeddable":true,"href":"https:\/\/arcticexcursions.com\/da\/wp-json\/wp\/v2\/media\/15268"}],"wp:attachment":[{"href":"https:\/\/arcticexcursions.com\/da\/wp-json\/wp\/v2\/media?parent=15090"}],"wp:term":[{"taxonomy":"product_brand","embeddable":true,"href":"https:\/\/arcticexcursions.com\/da\/wp-json\/wp\/v2\/product_brand?post=15090"},{"taxonomy":"product_cat","embeddable":true,"href":"https:\/\/arcticexcursions.com\/da\/wp-json\/wp\/v2\/product_cat?post=15090"},{"taxonomy":"product_tag","embeddable":true,"href":"https:\/\/arcticexcursions.com\/da\/wp-json\/wp\/v2\/product_tag?post=15090"}],"curies":[{"name":"wp","href":"https:\/\/api.w.org\/{rel}","templated":true}]}}