{"id":15229,"date":"2023-06-01T17:35:03","date_gmt":"2023-06-01T15:35:03","guid":{"rendered":"https:\/\/arcticexcursions.com\/?post_type=product&#038;p=15229"},"modified":"2025-11-03T13:34:18","modified_gmt":"2025-11-03T11:34:18","slug":"hav-safari","status":"publish","type":"product","link":"https:\/\/arcticexcursions.com\/da\/udflugter\/hav-safari\/","title":{"rendered":"Havsafari i Sisimiut"},"content":{"rendered":"<p>En havsafari i Sisimiut er en smuk og mindev\u00e6rdig oplevelse, som giver bes\u00f8gende mulighed for at udforske og opleve det rige marineliv i omr\u00e5det, som er og altid har v\u00e6ret vigtigt for den gr\u00f8nlandske befolkning. Vi sejler ind i fjorden mellem de barske, men smukke fjelde, der str\u00e6kker sig s\u00e5 langt \u00f8jet r\u00e6kker. P\u00e5 denne tur passerer vi gamle bygder og holder godt \u00f8je med det marine liv som s\u00e6ler og forskellige fuglearter, der trives i omr\u00e5det. P\u00e5 en heldig dag er der ogs\u00e5 mulighed for at se de hvaler, der kommer for at s\u00f8ge f\u00f8de i omr\u00e5det.<br \/>\nEn havsafari er en god mulighed for at opleve Gr\u00f8nlands unikke natur og dyreliv helt t\u00e6t p\u00e5.<\/p>\n<p><b>Varighed:<\/b>  2 timer.<\/p>\n<p><b>Deltagere:<\/b> Bem\u00e6rk venligst, at udflugten kun gennemf\u00f8res, hvis der er mindst 4 bookede billetter i alt. Hvis du for eksempel booker 2 billetter, skal der s\u00e6lges mindst 2 yderligere billetter til andre kunder, f\u00f8r turen kan finde sted. Der vil deltage maksimalt 8 personer. <\/p>\n<p><b>Sprog:<\/b> Guiden\/kaptajnen taler dansk, engelsk og gr\u00f8nlandsk <\/p>\n<p><b>B\u00e5dtype:<\/b> Lukket b\u00e5d <\/p>\n<p><b>Toiletforhold:<\/b> Der er toilet p\u00e5 b\u00e5den <\/p>\n<p><b>Forplejning:<\/b> Kaffe og te serveres p\u00e5 b\u00e5den <\/p>\n<p><b>Anbefalet p\u00e5kl\u00e6dning:<\/b> Varmt t\u00f8j inkl. hue og handsker hele \u00e5ret. Solbriller. Solcreme om sommeren.<\/p>\n","protected":false},"excerpt":{"rendered":"<p>Oplev Gr\u00f8nland fra s\u00f8siden p\u00e5 denne s\u00f8safari, hvor vi sejler ind i fjorden med udsigt til Sisimiuts pelslinje.<\/p>\n","protected":false},"featured_media":15285,"comment_status":"open","ping_status":"closed","template":"","meta":{"_acf_changed":false},"product_brand":[],"product_cat":[170],"product_tag":[],"class_list":{"0":"post-15229","1":"product","2":"type-product","3":"status-publish","4":"has-post-thumbnail","6":"product_cat-udflugt","7":"pa_dato-672","8":"pa_dato-674","9":"pa_dato-675","10":"pa_dato-535","11":"pa_dato-536","12":"pa_dato-538","13":"pa_dato-500","14":"pa_dato-542","15":"pa_dato-465","16":"pa_dato-549","17":"pa_dato-551","18":"pa_dato-553","19":"pa_dato-556","20":"pa_dato-558","21":"pa_dato-522","22":"pa_dato-561","23":"pa_dato-588","24":"pa_dato-590","25":"pa_dato-591","26":"pa_dato-593","27":"pa_dato-595","28":"pa_dato-596","29":"pa_dato-513","30":"pa_dato-512","31":"pa_dato-604","32":"pa_dato-963","33":"pa_dato-1129","34":"pa_dato-1141","35":"pa_dato-966","36":"pa_dato-1026","37":"pa_dato-1028","38":"pa_dato-1031","39":"pa_dato-988","40":"pa_dato-989","41":"pa_dato-967","42":"pa_dato-993","43":"pa_dato-995","44":"pa_dato-964","45":"pa_dato-997","46":"pa_dato-999","47":"pa_dato-1002","48":"pa_dato-1004","49":"pa_dato-1006","50":"pa_dato-1037","51":"pa_dato-1039","52":"pa_dato-1008","53":"pa_dato-968","54":"pa_dato-1012","55":"pa_dato-1014","56":"pa_dato-965","57":"pa_dato-1017","58":"pa_dato-1019","59":"pa_dato-1022","60":"pa_dato-1043","61":"pa_dato-1045","62":"pa_dato-1047","63":"pa_dato-1049","64":"pa_dato-1051","65":"pa_dato-1054","66":"pa_dato-1056","67":"pa_dato-1058","68":"pa_dato-1131","69":"pa_dato-1133","70":"pa_dato-1135","71":"pa_dato-1283","72":"pa_dato-1287","73":"pa_dato-5895","74":"pa_dato-6020","75":"pa_dato-6006","76":"pa_dato-5883","77":"pa_dato-5988","78":"pa_dato-5946","79":"pa_dato-5889","80":"pa_dato-5938","81":"pa_dato-5956","82":"pa_dato-5918","83":"pa_tidspunkt-70","84":"pa_tidspunkt-40","85":"pa_tidspunkt-190","86":"pa_tidspunkt-308","87":"pa_tidspunkt-86","88":"tour_location-sisimiut-da","89":"tour_type-hvalsafari","90":"tour_tickettype-arctic_excursions","91":"tour_operator-hotel-sisimiut-tours","93":"first","94":"outofstock","95":"shipping-taxable","96":"product-type-variable"},"acf":[],"yoast_head":"<!-- This site is optimized with the Yoast SEO plugin v23.6 - https:\/\/yoast.com\/wordpress\/plugins\/seo\/ -->\n<title>Arctic Excursions<\/title>\n<meta name=\"robots\" content=\"index, follow, max-snippet:-1, max-image-preview:large, max-video-preview:-1\" \/>\n<link rel=\"canonical\" href=\"https:\/\/arcticexcursions.com\/da\/udflugter\/hav-safari\/\" \/>\n<meta property=\"og:locale\" content=\"da_DK\" \/>\n<meta property=\"og:type\" content=\"article\" \/>\n<meta property=\"og:title\" content=\"Havsafari i Sisimiut - Arctic Excursions\" \/>\n<meta property=\"og:description\" content=\"Oplev Gr\u00f8nland fra s\u00f8siden p\u00e5 denne s\u00f8safari, hvor vi sejler ind i fjorden med udsigt til Sisimiuts pelslinje.\" \/>\n<meta property=\"og:url\" content=\"https:\/\/arcticexcursions.com\/da\/udflugter\/hav-safari\/\" \/>\n<meta property=\"og:site_name\" content=\"Arctic Excursions\" \/>\n<meta property=\"article:modified_time\" content=\"2025-11-03T11:34:18+00:00\" \/>\n<meta property=\"og:image\" content=\"https:\/\/arcticexcursions.com\/wp-content\/uploads\/2023\/06\/Hotel_Sisimiut-28-scaled.jpg\" \/>\n\t<meta property=\"og:image:width\" content=\"2560\" \/>\n\t<meta property=\"og:image:height\" content=\"1707\" \/>\n\t<meta property=\"og:image:type\" content=\"image\/jpeg\" \/>\n<meta name=\"twitter:card\" content=\"summary_large_image\" \/>\n<meta name=\"twitter:label1\" content=\"Estimeret l\u00e6setid\" \/>\n\t<meta name=\"twitter:data1\" content=\"1 minut\" \/>\n<script type=\"application\/ld+json\" class=\"yoast-schema-graph\">{\"@context\":\"https:\/\/schema.org\",\"@graph\":[{\"@type\":\"WebPage\",\"@id\":\"https:\/\/arcticexcursions.com\/da\/udflugter\/hav-safari\/\",\"url\":\"https:\/\/arcticexcursions.com\/da\/udflugter\/hav-safari\/\",\"name\":\"Havsafari i Sisimiut - Arctic Excursions\",\"isPartOf\":{\"@id\":\"https:\/\/arcticexcursions.com\/#website\"},\"primaryImageOfPage\":{\"@id\":\"https:\/\/arcticexcursions.com\/da\/udflugter\/hav-safari\/#primaryimage\"},\"image\":{\"@id\":\"https:\/\/arcticexcursions.com\/da\/udflugter\/hav-safari\/#primaryimage\"},\"thumbnailUrl\":\"https:\/\/arcticexcursions.com\/wp-content\/uploads\/2023\/06\/Hotel_Sisimiut-28-scaled.jpg\",\"datePublished\":\"2023-06-01T15:35:03+00:00\",\"dateModified\":\"2025-11-03T11:34:18+00:00\",\"breadcrumb\":{\"@id\":\"https:\/\/arcticexcursions.com\/da\/udflugter\/hav-safari\/#breadcrumb\"},\"inLanguage\":\"da-DK\",\"potentialAction\":[{\"@type\":\"ReadAction\",\"target\":[\"https:\/\/arcticexcursions.com\/da\/udflugter\/hav-safari\/\"]}]},{\"@type\":\"ImageObject\",\"inLanguage\":\"da-DK\",\"@id\":\"https:\/\/arcticexcursions.com\/da\/udflugter\/hav-safari\/#primaryimage\",\"url\":\"https:\/\/arcticexcursions.com\/wp-content\/uploads\/2023\/06\/Hotel_Sisimiut-28-scaled.jpg\",\"contentUrl\":\"https:\/\/arcticexcursions.com\/wp-content\/uploads\/2023\/06\/Hotel_Sisimiut-28-scaled.jpg\",\"width\":2560,\"height\":1707},{\"@type\":\"BreadcrumbList\",\"@id\":\"https:\/\/arcticexcursions.com\/da\/udflugter\/hav-safari\/#breadcrumb\",\"itemListElement\":[{\"@type\":\"ListItem\",\"position\":1,\"name\":\"Home\",\"item\":\"https:\/\/arcticexcursions.com\/da\/\"},{\"@type\":\"ListItem\",\"position\":2,\"name\":\"Udflugter i Gr\u00f8nland\",\"item\":\"https:\/\/arcticexcursions.com\/da\/udflugter\/\"},{\"@type\":\"ListItem\",\"position\":3,\"name\":\"Havsafari i Sisimiut\"}]},{\"@type\":\"WebSite\",\"@id\":\"https:\/\/arcticexcursions.com\/#website\",\"url\":\"https:\/\/arcticexcursions.com\/\",\"name\":\"Arctic Excursions\",\"description\":\"New adventures. Every day.\",\"publisher\":{\"@id\":\"https:\/\/arcticexcursions.com\/#organization\"},\"potentialAction\":[{\"@type\":\"SearchAction\",\"target\":{\"@type\":\"EntryPoint\",\"urlTemplate\":\"https:\/\/arcticexcursions.com\/?s={search_term_string}\"},\"query-input\":{\"@type\":\"PropertyValueSpecification\",\"valueRequired\":true,\"valueName\":\"search_term_string\"}}],\"inLanguage\":\"da-DK\"},{\"@type\":\"Organization\",\"@id\":\"https:\/\/arcticexcursions.com\/#organization\",\"name\":\"Arctic Excursions\",\"url\":\"https:\/\/arcticexcursions.com\/\",\"logo\":{\"@type\":\"ImageObject\",\"inLanguage\":\"da-DK\",\"@id\":\"https:\/\/arcticexcursions.com\/#\/schema\/logo\/image\/\",\"url\":\"https:\/\/arcticexcursions.com\/wp-content\/uploads\/2022\/11\/fb-logo.png\",\"contentUrl\":\"https:\/\/arcticexcursions.com\/wp-content\/uploads\/2022\/11\/fb-logo.png\",\"width\":523,\"height\":523,\"caption\":\"Arctic Excursions\"},\"image\":{\"@id\":\"https:\/\/arcticexcursions.com\/#\/schema\/logo\/image\/\"}}]}<\/script>\n<!-- \/ Yoast SEO plugin. -->","yoast_head_json":{"title":"Arctic Excursions","robots":{"index":"index","follow":"follow","max-snippet":"max-snippet:-1","max-image-preview":"max-image-preview:large","max-video-preview":"max-video-preview:-1"},"canonical":"https:\/\/arcticexcursions.com\/da\/udflugter\/hav-safari\/","og_locale":"da_DK","og_type":"article","og_title":"Havsafari i Sisimiut - Arctic Excursions","og_description":"Oplev Gr\u00f8nland fra s\u00f8siden p\u00e5 denne s\u00f8safari, hvor vi sejler ind i fjorden med udsigt til Sisimiuts pelslinje.","og_url":"https:\/\/arcticexcursions.com\/da\/udflugter\/hav-safari\/","og_site_name":"Arctic Excursions","article_modified_time":"2025-11-03T11:34:18+00:00","og_image":[{"width":2560,"height":1707,"url":"https:\/\/arcticexcursions.com\/wp-content\/uploads\/2023\/06\/Hotel_Sisimiut-28-scaled.jpg","type":"image\/jpeg"}],"twitter_card":"summary_large_image","twitter_misc":{"Estimeret l\u00e6setid":"1 minut"},"schema":{"@context":"https:\/\/schema.org","@graph":[{"@type":"WebPage","@id":"https:\/\/arcticexcursions.com\/da\/udflugter\/hav-safari\/","url":"https:\/\/arcticexcursions.com\/da\/udflugter\/hav-safari\/","name":"Havsafari i Sisimiut - Arctic Excursions","isPartOf":{"@id":"https:\/\/arcticexcursions.com\/#website"},"primaryImageOfPage":{"@id":"https:\/\/arcticexcursions.com\/da\/udflugter\/hav-safari\/#primaryimage"},"image":{"@id":"https:\/\/arcticexcursions.com\/da\/udflugter\/hav-safari\/#primaryimage"},"thumbnailUrl":"https:\/\/arcticexcursions.com\/wp-content\/uploads\/2023\/06\/Hotel_Sisimiut-28-scaled.jpg","datePublished":"2023-06-01T15:35:03+00:00","dateModified":"2025-11-03T11:34:18+00:00","breadcrumb":{"@id":"https:\/\/arcticexcursions.com\/da\/udflugter\/hav-safari\/#breadcrumb"},"inLanguage":"da-DK","potentialAction":[{"@type":"ReadAction","target":["https:\/\/arcticexcursions.com\/da\/udflugter\/hav-safari\/"]}]},{"@type":"ImageObject","inLanguage":"da-DK","@id":"https:\/\/arcticexcursions.com\/da\/udflugter\/hav-safari\/#primaryimage","url":"https:\/\/arcticexcursions.com\/wp-content\/uploads\/2023\/06\/Hotel_Sisimiut-28-scaled.jpg","contentUrl":"https:\/\/arcticexcursions.com\/wp-content\/uploads\/2023\/06\/Hotel_Sisimiut-28-scaled.jpg","width":2560,"height":1707},{"@type":"BreadcrumbList","@id":"https:\/\/arcticexcursions.com\/da\/udflugter\/hav-safari\/#breadcrumb","itemListElement":[{"@type":"ListItem","position":1,"name":"Home","item":"https:\/\/arcticexcursions.com\/da\/"},{"@type":"ListItem","position":2,"name":"Udflugter i Gr\u00f8nland","item":"https:\/\/arcticexcursions.com\/da\/udflugter\/"},{"@type":"ListItem","position":3,"name":"Havsafari i Sisimiut"}]},{"@type":"WebSite","@id":"https:\/\/arcticexcursions.com\/#website","url":"https:\/\/arcticexcursions.com\/","name":"Arctic Excursions","description":"New adventures. Every day.","publisher":{"@id":"https:\/\/arcticexcursions.com\/#organization"},"potentialAction":[{"@type":"SearchAction","target":{"@type":"EntryPoint","urlTemplate":"https:\/\/arcticexcursions.com\/?s={search_term_string}"},"query-input":{"@type":"PropertyValueSpecification","valueRequired":true,"valueName":"search_term_string"}}],"inLanguage":"da-DK"},{"@type":"Organization","@id":"https:\/\/arcticexcursions.com\/#organization","name":"Arctic Excursions","url":"https:\/\/arcticexcursions.com\/","logo":{"@type":"ImageObject","inLanguage":"da-DK","@id":"https:\/\/arcticexcursions.com\/#\/schema\/logo\/image\/","url":"https:\/\/arcticexcursions.com\/wp-content\/uploads\/2022\/11\/fb-logo.png","contentUrl":"https:\/\/arcticexcursions.com\/wp-content\/uploads\/2022\/11\/fb-logo.png","width":523,"height":523,"caption":"Arctic Excursions"},"image":{"@id":"https:\/\/arcticexcursions.com\/#\/schema\/logo\/image\/"}}]}},"_links":{"self":[{"href":"https:\/\/arcticexcursions.com\/da\/wp-json\/wp\/v2\/product\/15229"}],"collection":[{"href":"https:\/\/arcticexcursions.com\/da\/wp-json\/wp\/v2\/product"}],"about":[{"href":"https:\/\/arcticexcursions.com\/da\/wp-json\/wp\/v2\/types\/product"}],"replies":[{"embeddable":true,"href":"https:\/\/arcticexcursions.com\/da\/wp-json\/wp\/v2\/comments?post=15229"}],"wp:featuredmedia":[{"embeddable":true,"href":"https:\/\/arcticexcursions.com\/da\/wp-json\/wp\/v2\/media\/15285"}],"wp:attachment":[{"href":"https:\/\/arcticexcursions.com\/da\/wp-json\/wp\/v2\/media?parent=15229"}],"wp:term":[{"taxonomy":"product_brand","embeddable":true,"href":"https:\/\/arcticexcursions.com\/da\/wp-json\/wp\/v2\/product_brand?post=15229"},{"taxonomy":"product_cat","embeddable":true,"href":"https:\/\/arcticexcursions.com\/da\/wp-json\/wp\/v2\/product_cat?post=15229"},{"taxonomy":"product_tag","embeddable":true,"href":"https:\/\/arcticexcursions.com\/da\/wp-json\/wp\/v2\/product_tag?post=15229"}],"curies":[{"name":"wp","href":"https:\/\/api.w.org\/{rel}","templated":true}]}}