{"id":15270,"date":"2023-06-02T13:02:57","date_gmt":"2023-06-02T11:02:57","guid":{"rendered":"https:\/\/arcticexcursions.com\/?post_type=product&#038;p=15270"},"modified":"2025-11-03T13:26:37","modified_gmt":"2025-11-03T11:26:37","slug":"mini-cruise-og-besoeg-i-assaqutaq","status":"publish","type":"product","link":"https:\/\/arcticexcursions.com\/da\/udflugter\/mini-cruise-og-besoeg-i-assaqutaq\/","title":{"rendered":"Minicruise og bes\u00f8g i Assaqutaq"},"content":{"rendered":"<p>Tag med os p\u00e5 en mindev\u00e6rdig tur gennem historien og naturen, n\u00e5r vi sejler ud fra Sisimiut og s\u00e6tter kursen mod Assaqutaq. Under sejlturen f\u00e5r du en smuk udsigt over den majest\u00e6tiske kystlinje med bjergene som baggrund, mens vi holder \u00f8je og kigger efter havdyr, der gemmer sig i de arktiske farvande. N\u00e5r vi kommer til Assaqutaq, vil guiden vise vejen i sp\u00f8gelsesbopladsen, der engang var hjemsted for en livlig fiskerboplads. Du bliver suget ind i historien om bebyggelsens fortid, levevilk\u00e5r og de \u00e6ndringer, der f\u00f8rte til dens lukning. P\u00e5 rundvisningen blandt de gamle huse er der rig mulighed for at opleve, hvordan det var at bo s\u00e5 afsides og barsk et sted og med de udfordringer, det kan give.<br \/>\nEfter turen vil der blive serveret en let forfriskning p\u00e5 b\u00e5den, mens vi rejser tilbage mod Sisimiut.<\/p>\n<p><b>Varighed:<\/b> 3 timer <\/p>\n<p><b>Deltagere:<\/b> Bem\u00e6rk venligst, at udflugten kun gennemf\u00f8res, hvis der er mindst 4 bookede billetter i alt. Hvis du for eksempel booker 2 billetter, skal der s\u00e6lges mindst 2 yderligere billetter til andre kunder, f\u00f8r turen kan finde sted. Der vil deltage maksimalt 8 personer. <\/p>\n<p><b>Sprog:<\/b> Guiden\/kaptajnen taler dansk, engelsk og gr\u00f8nlandsk <\/p>\n<p><b>B\u00e5dtype:<\/b> Lukket b\u00e5d <\/p>\n<p><b>Toiletforhold:<\/b> Der er toilet p\u00e5 b\u00e5den <\/p>\n<p><b>Forplejning:<\/b> Kaffe og te serveres p\u00e5 b\u00e5den <\/p>\n<p><b>Anbefalet p\u00e5kl\u00e6dning:<\/b> Varmt t\u00f8j inkl. hue og handsker hele \u00e5ret. Solbriller. Solcreme om sommeren.<\/p>\n","protected":false},"excerpt":{"rendered":"<p>Vores sejltur til Assaqutaq med en guidet tur p\u00e5 den forladte bygd er en unik mulighed for at opleve dette forladte samfund og dets fantastiske natur. <\/p>\n","protected":false},"featured_media":15248,"comment_status":"open","ping_status":"closed","template":"","meta":{"_acf_changed":false},"product_brand":[],"product_cat":[170],"product_tag":[],"class_list":{"0":"post-15270","1":"product","2":"type-product","3":"status-publish","4":"has-post-thumbnail","6":"product_cat-udflugt","7":"pa_dato-671","8":"pa_dato-675","9":"pa_dato-503","10":"pa_dato-538","11":"pa_dato-539","12":"pa_dato-540","13":"pa_dato-465","14":"pa_dato-548","15":"pa_dato-553","16":"pa_dato-555","17":"pa_dato-557","18":"pa_dato-522","19":"pa_dato-560","20":"pa_dato-687","21":"pa_dato-735","22":"pa_dato-595","23":"pa_dato-736","24":"pa_dato-739","25":"pa_dato-738","26":"pa_dato-605","27":"pa_dato-610","28":"pa_dato-1062","29":"pa_dato-901","30":"pa_dato-1067","31":"pa_dato-902","32":"pa_dato-1174","33":"pa_dato-1141","34":"pa_dato-1024","35":"pa_dato-1028","36":"pa_dato-1030","37":"pa_dato-989","38":"pa_dato-992","39":"pa_dato-995","40":"pa_dato-996","41":"pa_dato-999","42":"pa_dato-1001","43":"pa_dato-1036","44":"pa_dato-1008","45":"pa_dato-1010","46":"pa_dato-1014","47":"pa_dato-1016","48":"pa_dato-1019","49":"pa_dato-1021","50":"pa_dato-1046","51":"pa_dato-1051","52":"pa_dato-1053","53":"pa_dato-1058","54":"pa_dato-1144","55":"pa_dato-1135","56":"pa_dato-1186","57":"pa_dato-1140","58":"pa_dato-1195","59":"pa_dato-1197","60":"pa_dato-1199","61":"pa_dato-1206","62":"pa_dato-1208","63":"pa_dato-1212","64":"pa_dato-1213","65":"pa_dato-5921","66":"pa_dato-5993","67":"pa_dato-5936","68":"pa_dato-5937","69":"pa_dato-5938","70":"pa_dato-5939","71":"pa_dato-5940","72":"pa_dato-5941","73":"pa_dato-5942","74":"pa_dato-5943","75":"pa_dato-5944","76":"pa_dato-5945","77":"pa_tidspunkt-72","78":"pa_tidspunkt-40","79":"pa_tidspunkt-314","80":"pa_tidspunkt-308","81":"pa_tidspunkt-61","82":"tour_location-sisimiut-da","83":"tour_type-baadture","84":"tour_tickettype-arctic_excursions","85":"tour_operator-hotel-sisimiut-tours","87":"first","88":"outofstock","89":"shipping-taxable","90":"product-type-variable"},"acf":[],"yoast_head":"<!-- This site is optimized with the Yoast SEO plugin v23.6 - https:\/\/yoast.com\/wordpress\/plugins\/seo\/ -->\n<title>Arctic Excursions<\/title>\n<meta name=\"robots\" content=\"index, follow, max-snippet:-1, max-image-preview:large, max-video-preview:-1\" \/>\n<link rel=\"canonical\" href=\"https:\/\/arcticexcursions.com\/udflugter\/mini-cruise-og-besoeg-i-assaqutaq\/\" \/>\n<meta property=\"og:locale\" content=\"da_DK\" \/>\n<meta property=\"og:type\" content=\"article\" \/>\n<meta property=\"og:title\" content=\"Minicruise og bes\u00f8g i Assaqutaq - Arctic Excursions\" \/>\n<meta property=\"og:description\" content=\"Vores sejltur til Assaqutaq med en guidet tur p\u00e5 den forladte bygd er en unik mulighed for at opleve dette forladte samfund og dets fantastiske natur.\" \/>\n<meta property=\"og:url\" content=\"https:\/\/arcticexcursions.com\/udflugter\/mini-cruise-og-besoeg-i-assaqutaq\/\" \/>\n<meta property=\"og:site_name\" content=\"Arctic Excursions\" \/>\n<meta property=\"article:modified_time\" content=\"2025-11-03T11:26:37+00:00\" \/>\n<meta property=\"og:image\" content=\"https:\/\/arcticexcursions.com\/wp-content\/uploads\/2023\/06\/file10.jpeg\" \/>\n\t<meta property=\"og:image:width\" content=\"1616\" \/>\n\t<meta property=\"og:image:height\" content=\"1080\" \/>\n\t<meta property=\"og:image:type\" content=\"image\/jpeg\" \/>\n<meta name=\"twitter:card\" content=\"summary_large_image\" \/>\n<meta name=\"twitter:label1\" content=\"Estimeret l\u00e6setid\" \/>\n\t<meta name=\"twitter:data1\" content=\"1 minut\" \/>\n<script type=\"application\/ld+json\" class=\"yoast-schema-graph\">{\"@context\":\"https:\/\/schema.org\",\"@graph\":[{\"@type\":\"WebPage\",\"@id\":\"https:\/\/arcticexcursions.com\/udflugter\/mini-cruise-og-besoeg-i-assaqutaq\/\",\"url\":\"https:\/\/arcticexcursions.com\/udflugter\/mini-cruise-og-besoeg-i-assaqutaq\/\",\"name\":\"Minicruise og bes\u00f8g i Assaqutaq - Arctic Excursions\",\"isPartOf\":{\"@id\":\"https:\/\/arcticexcursions.com\/#website\"},\"primaryImageOfPage\":{\"@id\":\"https:\/\/arcticexcursions.com\/udflugter\/mini-cruise-og-besoeg-i-assaqutaq\/#primaryimage\"},\"image\":{\"@id\":\"https:\/\/arcticexcursions.com\/udflugter\/mini-cruise-og-besoeg-i-assaqutaq\/#primaryimage\"},\"thumbnailUrl\":\"https:\/\/arcticexcursions.com\/wp-content\/uploads\/2023\/06\/file10.jpeg\",\"datePublished\":\"2023-06-02T11:02:57+00:00\",\"dateModified\":\"2025-11-03T11:26:37+00:00\",\"breadcrumb\":{\"@id\":\"https:\/\/arcticexcursions.com\/udflugter\/mini-cruise-og-besoeg-i-assaqutaq\/#breadcrumb\"},\"inLanguage\":\"da-DK\",\"potentialAction\":[{\"@type\":\"ReadAction\",\"target\":[\"https:\/\/arcticexcursions.com\/udflugter\/mini-cruise-og-besoeg-i-assaqutaq\/\"]}]},{\"@type\":\"ImageObject\",\"inLanguage\":\"da-DK\",\"@id\":\"https:\/\/arcticexcursions.com\/udflugter\/mini-cruise-og-besoeg-i-assaqutaq\/#primaryimage\",\"url\":\"https:\/\/arcticexcursions.com\/wp-content\/uploads\/2023\/06\/file10.jpeg\",\"contentUrl\":\"https:\/\/arcticexcursions.com\/wp-content\/uploads\/2023\/06\/file10.jpeg\",\"width\":1616,\"height\":1080},{\"@type\":\"BreadcrumbList\",\"@id\":\"https:\/\/arcticexcursions.com\/udflugter\/mini-cruise-og-besoeg-i-assaqutaq\/#breadcrumb\",\"itemListElement\":[{\"@type\":\"ListItem\",\"position\":1,\"name\":\"Home\",\"item\":\"https:\/\/arcticexcursions.com\/da\/\"},{\"@type\":\"ListItem\",\"position\":2,\"name\":\"Udflugter i Gr\u00f8nland\",\"item\":\"https:\/\/arcticexcursions.com\/da\/udflugter\/\"},{\"@type\":\"ListItem\",\"position\":3,\"name\":\"Minicruise og bes\u00f8g i Assaqutaq\"}]},{\"@type\":\"WebSite\",\"@id\":\"https:\/\/arcticexcursions.com\/#website\",\"url\":\"https:\/\/arcticexcursions.com\/\",\"name\":\"Arctic Excursions\",\"description\":\"New adventures. Every day.\",\"publisher\":{\"@id\":\"https:\/\/arcticexcursions.com\/#organization\"},\"potentialAction\":[{\"@type\":\"SearchAction\",\"target\":{\"@type\":\"EntryPoint\",\"urlTemplate\":\"https:\/\/arcticexcursions.com\/?s={search_term_string}\"},\"query-input\":{\"@type\":\"PropertyValueSpecification\",\"valueRequired\":true,\"valueName\":\"search_term_string\"}}],\"inLanguage\":\"da-DK\"},{\"@type\":\"Organization\",\"@id\":\"https:\/\/arcticexcursions.com\/#organization\",\"name\":\"Arctic Excursions\",\"url\":\"https:\/\/arcticexcursions.com\/\",\"logo\":{\"@type\":\"ImageObject\",\"inLanguage\":\"da-DK\",\"@id\":\"https:\/\/arcticexcursions.com\/#\/schema\/logo\/image\/\",\"url\":\"https:\/\/arcticexcursions.com\/wp-content\/uploads\/2022\/11\/fb-logo.png\",\"contentUrl\":\"https:\/\/arcticexcursions.com\/wp-content\/uploads\/2022\/11\/fb-logo.png\",\"width\":523,\"height\":523,\"caption\":\"Arctic Excursions\"},\"image\":{\"@id\":\"https:\/\/arcticexcursions.com\/#\/schema\/logo\/image\/\"}}]}<\/script>\n<!-- \/ Yoast SEO plugin. -->","yoast_head_json":{"title":"Arctic Excursions","robots":{"index":"index","follow":"follow","max-snippet":"max-snippet:-1","max-image-preview":"max-image-preview:large","max-video-preview":"max-video-preview:-1"},"canonical":"https:\/\/arcticexcursions.com\/udflugter\/mini-cruise-og-besoeg-i-assaqutaq\/","og_locale":"da_DK","og_type":"article","og_title":"Minicruise og bes\u00f8g i Assaqutaq - Arctic Excursions","og_description":"Vores sejltur til Assaqutaq med en guidet tur p\u00e5 den forladte bygd er en unik mulighed for at opleve dette forladte samfund og dets fantastiske natur.","og_url":"https:\/\/arcticexcursions.com\/udflugter\/mini-cruise-og-besoeg-i-assaqutaq\/","og_site_name":"Arctic Excursions","article_modified_time":"2025-11-03T11:26:37+00:00","og_image":[{"width":1616,"height":1080,"url":"https:\/\/arcticexcursions.com\/wp-content\/uploads\/2023\/06\/file10.jpeg","type":"image\/jpeg"}],"twitter_card":"summary_large_image","twitter_misc":{"Estimeret l\u00e6setid":"1 minut"},"schema":{"@context":"https:\/\/schema.org","@graph":[{"@type":"WebPage","@id":"https:\/\/arcticexcursions.com\/udflugter\/mini-cruise-og-besoeg-i-assaqutaq\/","url":"https:\/\/arcticexcursions.com\/udflugter\/mini-cruise-og-besoeg-i-assaqutaq\/","name":"Minicruise og bes\u00f8g i Assaqutaq - Arctic Excursions","isPartOf":{"@id":"https:\/\/arcticexcursions.com\/#website"},"primaryImageOfPage":{"@id":"https:\/\/arcticexcursions.com\/udflugter\/mini-cruise-og-besoeg-i-assaqutaq\/#primaryimage"},"image":{"@id":"https:\/\/arcticexcursions.com\/udflugter\/mini-cruise-og-besoeg-i-assaqutaq\/#primaryimage"},"thumbnailUrl":"https:\/\/arcticexcursions.com\/wp-content\/uploads\/2023\/06\/file10.jpeg","datePublished":"2023-06-02T11:02:57+00:00","dateModified":"2025-11-03T11:26:37+00:00","breadcrumb":{"@id":"https:\/\/arcticexcursions.com\/udflugter\/mini-cruise-og-besoeg-i-assaqutaq\/#breadcrumb"},"inLanguage":"da-DK","potentialAction":[{"@type":"ReadAction","target":["https:\/\/arcticexcursions.com\/udflugter\/mini-cruise-og-besoeg-i-assaqutaq\/"]}]},{"@type":"ImageObject","inLanguage":"da-DK","@id":"https:\/\/arcticexcursions.com\/udflugter\/mini-cruise-og-besoeg-i-assaqutaq\/#primaryimage","url":"https:\/\/arcticexcursions.com\/wp-content\/uploads\/2023\/06\/file10.jpeg","contentUrl":"https:\/\/arcticexcursions.com\/wp-content\/uploads\/2023\/06\/file10.jpeg","width":1616,"height":1080},{"@type":"BreadcrumbList","@id":"https:\/\/arcticexcursions.com\/udflugter\/mini-cruise-og-besoeg-i-assaqutaq\/#breadcrumb","itemListElement":[{"@type":"ListItem","position":1,"name":"Home","item":"https:\/\/arcticexcursions.com\/da\/"},{"@type":"ListItem","position":2,"name":"Udflugter i Gr\u00f8nland","item":"https:\/\/arcticexcursions.com\/da\/udflugter\/"},{"@type":"ListItem","position":3,"name":"Minicruise og bes\u00f8g i Assaqutaq"}]},{"@type":"WebSite","@id":"https:\/\/arcticexcursions.com\/#website","url":"https:\/\/arcticexcursions.com\/","name":"Arctic Excursions","description":"New adventures. Every day.","publisher":{"@id":"https:\/\/arcticexcursions.com\/#organization"},"potentialAction":[{"@type":"SearchAction","target":{"@type":"EntryPoint","urlTemplate":"https:\/\/arcticexcursions.com\/?s={search_term_string}"},"query-input":{"@type":"PropertyValueSpecification","valueRequired":true,"valueName":"search_term_string"}}],"inLanguage":"da-DK"},{"@type":"Organization","@id":"https:\/\/arcticexcursions.com\/#organization","name":"Arctic Excursions","url":"https:\/\/arcticexcursions.com\/","logo":{"@type":"ImageObject","inLanguage":"da-DK","@id":"https:\/\/arcticexcursions.com\/#\/schema\/logo\/image\/","url":"https:\/\/arcticexcursions.com\/wp-content\/uploads\/2022\/11\/fb-logo.png","contentUrl":"https:\/\/arcticexcursions.com\/wp-content\/uploads\/2022\/11\/fb-logo.png","width":523,"height":523,"caption":"Arctic Excursions"},"image":{"@id":"https:\/\/arcticexcursions.com\/#\/schema\/logo\/image\/"}}]}},"_links":{"self":[{"href":"https:\/\/arcticexcursions.com\/da\/wp-json\/wp\/v2\/product\/15270"}],"collection":[{"href":"https:\/\/arcticexcursions.com\/da\/wp-json\/wp\/v2\/product"}],"about":[{"href":"https:\/\/arcticexcursions.com\/da\/wp-json\/wp\/v2\/types\/product"}],"replies":[{"embeddable":true,"href":"https:\/\/arcticexcursions.com\/da\/wp-json\/wp\/v2\/comments?post=15270"}],"wp:featuredmedia":[{"embeddable":true,"href":"https:\/\/arcticexcursions.com\/da\/wp-json\/wp\/v2\/media\/15248"}],"wp:attachment":[{"href":"https:\/\/arcticexcursions.com\/da\/wp-json\/wp\/v2\/media?parent=15270"}],"wp:term":[{"taxonomy":"product_brand","embeddable":true,"href":"https:\/\/arcticexcursions.com\/da\/wp-json\/wp\/v2\/product_brand?post=15270"},{"taxonomy":"product_cat","embeddable":true,"href":"https:\/\/arcticexcursions.com\/da\/wp-json\/wp\/v2\/product_cat?post=15270"},{"taxonomy":"product_tag","embeddable":true,"href":"https:\/\/arcticexcursions.com\/da\/wp-json\/wp\/v2\/product_tag?post=15270"}],"curies":[{"name":"wp","href":"https:\/\/api.w.org\/{rel}","templated":true}]}}