{"id":15390,"date":"2023-06-01T16:53:19","date_gmt":"2023-06-01T14:53:19","guid":{"rendered":"https:\/\/arcticexcursions.com\/?post_type=product&#038;p=15390"},"modified":"2025-11-03T13:50:21","modified_gmt":"2025-11-03T11:50:21","slug":"unesco-classic-cruise","status":"publish","type":"product","link":"https:\/\/arcticexcursions.com\/da\/udflugter\/unesco-classic-cruise\/","title":{"rendered":"UNESCO Cruise"},"content":{"rendered":"<p>Turen fokuserer p\u00e5 at udforske en del af det bem\u00e6rkelsesv\u00e6rdige UNESCO-omr\u00e5de Aasivissuit &#8211; Nipisat. Omr\u00e5det g\u00e5r fra indlandsisen til kysten syd for Sisimiut og er gennem tusinder af \u00e5r blevet brugt som jagtomr\u00e5de. Jagt p\u00e5 rensdyr indlands og jagt p\u00e5 havdyr ved kysten. P\u00e5 turen sejler vi rundt blandt \u00f8erne og g\u00e5r p\u00e5 land p\u00e5 \u00f8en Nipisat, som har en rig kulturel historie for flere indvandringer af Inuitter, men ogs\u00e5 nyere historie om de hollandske og dansk\/norske hvalfangere. Der vil v\u00e6re en guidet vandretur p\u00e5 \u00f8en, som ogs\u00e5 byder p\u00e5 en stor del af den gr\u00f8nlandske flora, der eksisterer i dette omr\u00e5de. Efter vandreturen sejles der retur mod Sisimiut, hvor der nydes den medbragte forplejning og holdes udkig efter havdyr.<\/p>\n<p><b>Varighed:<\/b> 4 timer <\/p>\n<p><b>Deltagere:<\/b> Bem\u00e6rk venligst, at udflugten kun gennemf\u00f8res, hvis der er mindst 4 bookede billetter i alt. Hvis du for eksempel booker 2 billetter, skal der s\u00e6lges mindst 2 yderligere billetter til andre kunder, f\u00f8r turen kan finde sted. Der vil deltage maksimalt 8 personer. <\/p>\n<p><b>Sprog:<\/b> Guiden\/kaptajnen taler dansk, engelsk og gr\u00f8nlandsk <\/p>\n<p><b>B\u00e5dtype:<\/b> Lukket b\u00e5d <\/p>\n<p><b>Toiletforhold:<\/b> Der er toilet p\u00e5 b\u00e5den <\/p>\n<p><b>Forplejning:<\/b> Kaffe, te og madpakke serveres p\u00e5 b\u00e5den. <\/p>\n<p><b>Anbefalet p\u00e5kl\u00e6dning:<\/b> Varmt t\u00f8j inkl. hue og handsker hele \u00e5ret. Solbriller. Solcreme om sommeren.<\/p>\n","protected":false},"excerpt":{"rendered":"<p>En unik sejltur, der byder p\u00e5 en uforglemmelig oplevelse i den storsl\u00e5ede natur og kulturarvsomr\u00e5det, hvor der vil v\u00e6re en guidet vandretur p\u00e5 \u00f8en Nipisat.<\/p>\n","protected":false},"featured_media":15236,"comment_status":"open","ping_status":"closed","template":"","meta":{"_acf_changed":false},"product_brand":[],"product_cat":[101,170],"product_tag":[],"class_list":{"0":"post-15390","1":"product","2":"type-product","3":"status-publish","4":"has-post-thumbnail","6":"product_cat-tour","7":"product_cat-udflugt","8":"pa_dato-667","9":"pa_dato-673","10":"pa_dato-534","11":"pa_dato-541","12":"pa_dato-550","13":"pa_dato-557","14":"pa_dato-587","15":"pa_dato-592","16":"pa_dato-510","17":"pa_dato-598","18":"pa_dato-1128","19":"pa_dato-1025","20":"pa_dato-1032","21":"pa_dato-1033","22":"pa_dato-994","23":"pa_dato-1035","24":"pa_dato-1003","25":"pa_dato-1011","26":"pa_dato-1041","27":"pa_dato-1048","28":"pa_dato-1055","29":"pa_dato-1132","30":"pa_tidspunkt-40","31":"pa_tidspunkt-308","32":"tour_location-sisimiut-da","33":"tour_type-vandreture","34":"tour_tickettype-arctic_excursions","35":"tour_operator-hotel-sisimiut-tours","37":"first","38":"outofstock","39":"shipping-taxable","40":"product-type-variable"},"acf":[],"yoast_head":"<!-- This site is optimized with the Yoast SEO plugin v23.6 - https:\/\/yoast.com\/wordpress\/plugins\/seo\/ -->\n<title>Arctic Excursions<\/title>\n<meta name=\"robots\" content=\"index, follow, max-snippet:-1, max-image-preview:large, max-video-preview:-1\" \/>\n<link rel=\"canonical\" href=\"https:\/\/arcticexcursions.com\/udflugter\/unesco-classic-cruise\/\" \/>\n<meta property=\"og:locale\" content=\"da_DK\" \/>\n<meta property=\"og:type\" content=\"article\" \/>\n<meta property=\"og:title\" content=\"UNESCO Cruise - Arctic Excursions\" \/>\n<meta property=\"og:description\" content=\"En unik sejltur, der byder p\u00e5 en uforglemmelig oplevelse i den storsl\u00e5ede natur og kulturarvsomr\u00e5det, hvor der vil v\u00e6re en guidet vandretur p\u00e5 \u00f8en Nipisat.\" \/>\n<meta property=\"og:url\" content=\"https:\/\/arcticexcursions.com\/udflugter\/unesco-classic-cruise\/\" \/>\n<meta property=\"og:site_name\" content=\"Arctic Excursions\" \/>\n<meta property=\"article:modified_time\" content=\"2025-11-03T11:50:21+00:00\" \/>\n<meta property=\"og:image\" content=\"https:\/\/arcticexcursions.com\/wp-content\/uploads\/2023\/05\/Nipisat-11-scaled.jpg\" \/>\n\t<meta property=\"og:image:width\" content=\"2560\" \/>\n\t<meta property=\"og:image:height\" content=\"1600\" \/>\n\t<meta property=\"og:image:type\" content=\"image\/jpeg\" \/>\n<meta name=\"twitter:card\" content=\"summary_large_image\" \/>\n<meta name=\"twitter:label1\" content=\"Estimeret l\u00e6setid\" \/>\n\t<meta name=\"twitter:data1\" content=\"1 minut\" \/>\n<script type=\"application\/ld+json\" class=\"yoast-schema-graph\">{\"@context\":\"https:\/\/schema.org\",\"@graph\":[{\"@type\":\"WebPage\",\"@id\":\"https:\/\/arcticexcursions.com\/udflugter\/unesco-classic-cruise\/\",\"url\":\"https:\/\/arcticexcursions.com\/udflugter\/unesco-classic-cruise\/\",\"name\":\"UNESCO Cruise - Arctic Excursions\",\"isPartOf\":{\"@id\":\"https:\/\/arcticexcursions.com\/#website\"},\"primaryImageOfPage\":{\"@id\":\"https:\/\/arcticexcursions.com\/udflugter\/unesco-classic-cruise\/#primaryimage\"},\"image\":{\"@id\":\"https:\/\/arcticexcursions.com\/udflugter\/unesco-classic-cruise\/#primaryimage\"},\"thumbnailUrl\":\"https:\/\/arcticexcursions.com\/wp-content\/uploads\/2023\/05\/Nipisat-11-scaled.jpg\",\"datePublished\":\"2023-06-01T14:53:19+00:00\",\"dateModified\":\"2025-11-03T11:50:21+00:00\",\"breadcrumb\":{\"@id\":\"https:\/\/arcticexcursions.com\/udflugter\/unesco-classic-cruise\/#breadcrumb\"},\"inLanguage\":\"da-DK\",\"potentialAction\":[{\"@type\":\"ReadAction\",\"target\":[\"https:\/\/arcticexcursions.com\/udflugter\/unesco-classic-cruise\/\"]}]},{\"@type\":\"ImageObject\",\"inLanguage\":\"da-DK\",\"@id\":\"https:\/\/arcticexcursions.com\/udflugter\/unesco-classic-cruise\/#primaryimage\",\"url\":\"https:\/\/arcticexcursions.com\/wp-content\/uploads\/2023\/05\/Nipisat-11-scaled.jpg\",\"contentUrl\":\"https:\/\/arcticexcursions.com\/wp-content\/uploads\/2023\/05\/Nipisat-11-scaled.jpg\",\"width\":2560,\"height\":1600},{\"@type\":\"BreadcrumbList\",\"@id\":\"https:\/\/arcticexcursions.com\/udflugter\/unesco-classic-cruise\/#breadcrumb\",\"itemListElement\":[{\"@type\":\"ListItem\",\"position\":1,\"name\":\"Home\",\"item\":\"https:\/\/arcticexcursions.com\/da\/\"},{\"@type\":\"ListItem\",\"position\":2,\"name\":\"Udflugter i Gr\u00f8nland\",\"item\":\"https:\/\/arcticexcursions.com\/da\/udflugter\/\"},{\"@type\":\"ListItem\",\"position\":3,\"name\":\"UNESCO Cruise\"}]},{\"@type\":\"WebSite\",\"@id\":\"https:\/\/arcticexcursions.com\/#website\",\"url\":\"https:\/\/arcticexcursions.com\/\",\"name\":\"Arctic Excursions\",\"description\":\"New adventures. Every day.\",\"publisher\":{\"@id\":\"https:\/\/arcticexcursions.com\/#organization\"},\"potentialAction\":[{\"@type\":\"SearchAction\",\"target\":{\"@type\":\"EntryPoint\",\"urlTemplate\":\"https:\/\/arcticexcursions.com\/?s={search_term_string}\"},\"query-input\":{\"@type\":\"PropertyValueSpecification\",\"valueRequired\":true,\"valueName\":\"search_term_string\"}}],\"inLanguage\":\"da-DK\"},{\"@type\":\"Organization\",\"@id\":\"https:\/\/arcticexcursions.com\/#organization\",\"name\":\"Arctic Excursions\",\"url\":\"https:\/\/arcticexcursions.com\/\",\"logo\":{\"@type\":\"ImageObject\",\"inLanguage\":\"da-DK\",\"@id\":\"https:\/\/arcticexcursions.com\/#\/schema\/logo\/image\/\",\"url\":\"https:\/\/arcticexcursions.com\/wp-content\/uploads\/2022\/11\/fb-logo.png\",\"contentUrl\":\"https:\/\/arcticexcursions.com\/wp-content\/uploads\/2022\/11\/fb-logo.png\",\"width\":523,\"height\":523,\"caption\":\"Arctic Excursions\"},\"image\":{\"@id\":\"https:\/\/arcticexcursions.com\/#\/schema\/logo\/image\/\"}}]}<\/script>\n<!-- \/ Yoast SEO plugin. -->","yoast_head_json":{"title":"Arctic Excursions","robots":{"index":"index","follow":"follow","max-snippet":"max-snippet:-1","max-image-preview":"max-image-preview:large","max-video-preview":"max-video-preview:-1"},"canonical":"https:\/\/arcticexcursions.com\/udflugter\/unesco-classic-cruise\/","og_locale":"da_DK","og_type":"article","og_title":"UNESCO Cruise - Arctic Excursions","og_description":"En unik sejltur, der byder p\u00e5 en uforglemmelig oplevelse i den storsl\u00e5ede natur og kulturarvsomr\u00e5det, hvor der vil v\u00e6re en guidet vandretur p\u00e5 \u00f8en Nipisat.","og_url":"https:\/\/arcticexcursions.com\/udflugter\/unesco-classic-cruise\/","og_site_name":"Arctic Excursions","article_modified_time":"2025-11-03T11:50:21+00:00","og_image":[{"width":2560,"height":1600,"url":"https:\/\/arcticexcursions.com\/wp-content\/uploads\/2023\/05\/Nipisat-11-scaled.jpg","type":"image\/jpeg"}],"twitter_card":"summary_large_image","twitter_misc":{"Estimeret l\u00e6setid":"1 minut"},"schema":{"@context":"https:\/\/schema.org","@graph":[{"@type":"WebPage","@id":"https:\/\/arcticexcursions.com\/udflugter\/unesco-classic-cruise\/","url":"https:\/\/arcticexcursions.com\/udflugter\/unesco-classic-cruise\/","name":"UNESCO Cruise - Arctic Excursions","isPartOf":{"@id":"https:\/\/arcticexcursions.com\/#website"},"primaryImageOfPage":{"@id":"https:\/\/arcticexcursions.com\/udflugter\/unesco-classic-cruise\/#primaryimage"},"image":{"@id":"https:\/\/arcticexcursions.com\/udflugter\/unesco-classic-cruise\/#primaryimage"},"thumbnailUrl":"https:\/\/arcticexcursions.com\/wp-content\/uploads\/2023\/05\/Nipisat-11-scaled.jpg","datePublished":"2023-06-01T14:53:19+00:00","dateModified":"2025-11-03T11:50:21+00:00","breadcrumb":{"@id":"https:\/\/arcticexcursions.com\/udflugter\/unesco-classic-cruise\/#breadcrumb"},"inLanguage":"da-DK","potentialAction":[{"@type":"ReadAction","target":["https:\/\/arcticexcursions.com\/udflugter\/unesco-classic-cruise\/"]}]},{"@type":"ImageObject","inLanguage":"da-DK","@id":"https:\/\/arcticexcursions.com\/udflugter\/unesco-classic-cruise\/#primaryimage","url":"https:\/\/arcticexcursions.com\/wp-content\/uploads\/2023\/05\/Nipisat-11-scaled.jpg","contentUrl":"https:\/\/arcticexcursions.com\/wp-content\/uploads\/2023\/05\/Nipisat-11-scaled.jpg","width":2560,"height":1600},{"@type":"BreadcrumbList","@id":"https:\/\/arcticexcursions.com\/udflugter\/unesco-classic-cruise\/#breadcrumb","itemListElement":[{"@type":"ListItem","position":1,"name":"Home","item":"https:\/\/arcticexcursions.com\/da\/"},{"@type":"ListItem","position":2,"name":"Udflugter i Gr\u00f8nland","item":"https:\/\/arcticexcursions.com\/da\/udflugter\/"},{"@type":"ListItem","position":3,"name":"UNESCO Cruise"}]},{"@type":"WebSite","@id":"https:\/\/arcticexcursions.com\/#website","url":"https:\/\/arcticexcursions.com\/","name":"Arctic Excursions","description":"New adventures. Every day.","publisher":{"@id":"https:\/\/arcticexcursions.com\/#organization"},"potentialAction":[{"@type":"SearchAction","target":{"@type":"EntryPoint","urlTemplate":"https:\/\/arcticexcursions.com\/?s={search_term_string}"},"query-input":{"@type":"PropertyValueSpecification","valueRequired":true,"valueName":"search_term_string"}}],"inLanguage":"da-DK"},{"@type":"Organization","@id":"https:\/\/arcticexcursions.com\/#organization","name":"Arctic Excursions","url":"https:\/\/arcticexcursions.com\/","logo":{"@type":"ImageObject","inLanguage":"da-DK","@id":"https:\/\/arcticexcursions.com\/#\/schema\/logo\/image\/","url":"https:\/\/arcticexcursions.com\/wp-content\/uploads\/2022\/11\/fb-logo.png","contentUrl":"https:\/\/arcticexcursions.com\/wp-content\/uploads\/2022\/11\/fb-logo.png","width":523,"height":523,"caption":"Arctic Excursions"},"image":{"@id":"https:\/\/arcticexcursions.com\/#\/schema\/logo\/image\/"}}]}},"_links":{"self":[{"href":"https:\/\/arcticexcursions.com\/da\/wp-json\/wp\/v2\/product\/15390"}],"collection":[{"href":"https:\/\/arcticexcursions.com\/da\/wp-json\/wp\/v2\/product"}],"about":[{"href":"https:\/\/arcticexcursions.com\/da\/wp-json\/wp\/v2\/types\/product"}],"replies":[{"embeddable":true,"href":"https:\/\/arcticexcursions.com\/da\/wp-json\/wp\/v2\/comments?post=15390"}],"wp:featuredmedia":[{"embeddable":true,"href":"https:\/\/arcticexcursions.com\/da\/wp-json\/wp\/v2\/media\/15236"}],"wp:attachment":[{"href":"https:\/\/arcticexcursions.com\/da\/wp-json\/wp\/v2\/media?parent=15390"}],"wp:term":[{"taxonomy":"product_brand","embeddable":true,"href":"https:\/\/arcticexcursions.com\/da\/wp-json\/wp\/v2\/product_brand?post=15390"},{"taxonomy":"product_cat","embeddable":true,"href":"https:\/\/arcticexcursions.com\/da\/wp-json\/wp\/v2\/product_cat?post=15390"},{"taxonomy":"product_tag","embeddable":true,"href":"https:\/\/arcticexcursions.com\/da\/wp-json\/wp\/v2\/product_tag?post=15390"}],"curies":[{"name":"wp","href":"https:\/\/api.w.org\/{rel}","templated":true}]}}