{"id":1542,"date":"2022-05-25T14:20:58","date_gmt":"2022-05-25T12:20:58","guid":{"rendered":"https:\/\/arcticexcursions.com\/?post_type=product&#038;p=1542"},"modified":"2025-08-31T11:01:54","modified_gmt":"2025-08-31T09:01:54","slug":"sommer-gletsjereventyr","status":"publish","type":"product","link":"https:\/\/arcticexcursions.com\/da\/udflugter\/sommer-gletsjereventyr\/","title":{"rendered":"Glacier Adventure &#8211; m\u00e5let er indlandsisen"},"content":{"rendered":"<p><b>Lokation:<\/b> Ilulissat<\/p>\n<p>Forbered dig p\u00e5 en uforglemmelig oplevelse, mens du oplever to forskellige b\u00e5dture, krydser land i et amfibiek\u00f8ret\u00f8j, g\u00e5r p\u00e5 en betagende sti og st\u00e5r p\u00e5 den majest\u00e6tiske indlandsis.<\/p>\n<p>Isfjord &#8211; Du begynder din rejse i Ilulissat med at sejle forbi de majest\u00e6tiske isbjerge, der sidder fast ved udmundingen af Isfjorden og videre mod syd til den rolige strand, Itilliup Ilua.<\/p>\n<p>Amfibieudflugt &#8211; Hold godt fast, mens vi problemfrit skifter fra vand til land i vores banebrydende amfibiske k\u00f8ret\u00f8j! M\u00e6rk suset af sp\u00e6nding, mens vi navigerer rundt i forskellige terr\u00e6ner, fra frodige landskaber til barske stier.<\/p>\n<p>Boat Bliss &#8211; Nyd dit eventyr med de beroligende lyde af vand under dig, mens du sejler videre p\u00e5 den anden b\u00e5dtur. Fordyb dig i omgivelsernes rolige sk\u00f8nhed, og indfang en fantastisk udsigt, der vil v\u00e6re \u00e6tset i din hukommelse for evigt.<\/p>\n<p>Vandretur &#8211; Tr\u00e6d ind i hjertet af naturen, mens du begiver dig ud p\u00e5 en kort, men alligevel forfriskende vandretur. Oplev den sk\u00f8nhed, der omgiver dig, mens du kommer t\u00e6ttere p\u00e5 den fantastiske Indlandsis. Dette korte mellemspil vil efterlade dig frisk og klar til den store finale.<\/p>\n<p>St\u00e5 p\u00e5 Indlandsisen &#8211; Vi klatrer til nye h\u00f8jder, n\u00e5r du n\u00e5r toppen af dit eventyr &#8211; st\u00e5 p\u00e5 den \u00e6refrygtindgydende Indlandsis! Du vil forundr dig over den store flade af skinnende is under dine f\u00f8dder, omgivet af panoramaudsigter, der str\u00e6kker sig s\u00e5 langt \u00f8jet r\u00e6kker. Fang dette \u00f8jeblik, velvidende at du har erobret et eventyr som ingen anden.<\/p>\n<p><b>Hvorfor v\u00e6lge vores ultimative eventyrtur?<\/b><br \/>\nUovertruffen variation: Oplev to b\u00e5dture, en amfibisk k\u00f8ret\u00f8jsekspedition, en natursk\u00f8n vandretur og kronen p\u00e5 v\u00e6rket ved at st\u00e5 p\u00e5 Indlandsisen &#8211; alt sammen p\u00e5 \u00e9n tur!<\/p>\n<p>Ekspertguider: Vores kyndige guider sikrer din sikkerhed og giver fascinerende indsigt i de unikke landskaber, du vil st\u00f8de p\u00e5.<\/p>\n<p>Minder, der holder hele livet: Skab uforglemmelige minder, mens du erobrer land og is og fordyber dig i naturens vidundere.<\/p>\n<p>Pigge og vandrestokke stilles til r\u00e5dighed, inden vi tr\u00e6der ind i isen. Hold din vandflaske ved h\u00e5nden for at nyde det friske, k\u00f8lige smeltevand.<\/p>\n<p><b>Bem\u00e6rk venligst<\/b><br \/>\n&#8211; Medbring varmt t\u00f8j<br \/>\n&#8211; Vi s\u00f8rger for alt det specielle udstyr, der er n\u00f8dvendigt til turen<br \/>\n&#8211; Medbring en flaske vand og en snack i lommen<br \/>\n&#8211; Vi serverer en sandwich, kaffe og te under turen<\/p>\n<p><b>Varighed:\u00a0<\/b>Ca. 8 timer<\/p>\n<p><b>S\u00e6son:\u00a0<\/b>Sommer<\/p>\n<p><b>Deltagere:\u00a0<\/b>Bem\u00e6rk venligst, at udflugten kun gennemf\u00f8res, hvis der er mindst 4 bookede billetter i alt. Hvis du for eksempel booker 2 billetter, skal der s\u00e6lges mindst 2 yderligere billetter til andre kunder, f\u00f8r turen kan finde sted. Der vil deltage maksimalt 10 personer.<\/p>\n<p><b>Sv\u00e6rhedsgrad:\u00a0<\/b>Niveau 2\/3 af 5<\/p>\n","protected":false},"excerpt":{"rendered":"<p>Tag p\u00e5 gletsjer-eventyr! To b\u00e5dture, et amfibiek\u00f8ret\u00f8j, en natursk\u00f8n vandretur og vandretur p\u00e5 indlandsisen samles i \u00e9n tur for at skabe en symfoni af sp\u00e6nding og \u00e6refrygt.<\/p>\n","protected":false},"featured_media":2238,"comment_status":"open","ping_status":"closed","template":"","meta":{"_acf_changed":false},"product_brand":[],"product_cat":[170],"product_tag":[160,159],"class_list":{"0":"post-1542","1":"product","2":"type-product","3":"status-publish","4":"has-post-thumbnail","6":"product_cat-udflugt","7":"product_tag-2-da","8":"product_tag-1-da","9":"pa_dato-168","10":"pa_dato-382","11":"pa_dato-966","12":"pa_dato-1025","13":"pa_dato-1026","14":"pa_dato-1028","15":"pa_dato-1029","16":"pa_dato-1030","17":"pa_dato-999","18":"pa_dato-1000","19":"pa_dato-5879","20":"pa_dato-6020","21":"pa_dato-5974","22":"pa_dato-5925","23":"pa_dato-5975","24":"pa_dato-5976","25":"pa_dato-6030","26":"pa_dato-5880","27":"pa_dato-5931","28":"pa_dato-5929","29":"pa_dato-5958","30":"pa_dato-5977","31":"pa_dato-5978","32":"pa_tidspunkt-187","33":"pa_tidspunkt-70","34":"pa_tidspunkt-72","35":"pa_tidspunkt-308","36":"tour_location-ilulissat-da","37":"tour_type-isbjerge","38":"tour_state-show_always","39":"tour_state-allowed_prebooking","40":"tour_tickettype-greenland_travel_tour","41":"tour_tickettype-greenland_travel_team","42":"tour_tickettype-arctic_excursions","43":"tour_operator-diskobay-tours","45":"first","46":"outofstock","47":"shipping-taxable","48":"product-type-variable"},"acf":[],"yoast_head":"<!-- This site is optimized with the Yoast SEO plugin v23.6 - https:\/\/yoast.com\/wordpress\/plugins\/seo\/ -->\n<title>Arctic Excursions<\/title>\n<meta name=\"robots\" content=\"index, follow, max-snippet:-1, max-image-preview:large, max-video-preview:-1\" \/>\n<link rel=\"canonical\" href=\"https:\/\/arcticexcursions.com\/udflugter\/summer-glacier-adventure\/\" \/>\n<meta property=\"og:locale\" content=\"da_DK\" \/>\n<meta property=\"og:type\" content=\"article\" \/>\n<meta property=\"og:title\" content=\"Glacier Adventure - m\u00e5let er indlandsisen - Arctic Excursions\" \/>\n<meta property=\"og:description\" content=\"Tag p\u00e5 gletsjer-eventyr! To b\u00e5dture, et amfibiek\u00f8ret\u00f8j, en natursk\u00f8n vandretur og vandretur p\u00e5 indlandsisen samles i \u00e9n tur for at skabe en symfoni af sp\u00e6nding og \u00e6refrygt.\" \/>\n<meta property=\"og:url\" content=\"https:\/\/arcticexcursions.com\/udflugter\/summer-glacier-adventure\/\" \/>\n<meta property=\"og:site_name\" content=\"Arctic Excursions\" \/>\n<meta property=\"article:modified_time\" content=\"2025-08-31T09:01:54+00:00\" \/>\n<meta property=\"og:image\" content=\"https:\/\/arcticexcursions.com\/wp-content\/uploads\/2022\/06\/qasigiannguit-sommer-glacier-adventure-ellen-fjellanger-schmidt.jpg\" \/>\n\t<meta property=\"og:image:width\" content=\"1920\" \/>\n\t<meta property=\"og:image:height\" content=\"1080\" \/>\n\t<meta property=\"og:image:type\" content=\"image\/jpeg\" \/>\n<meta name=\"twitter:card\" content=\"summary_large_image\" \/>\n<meta name=\"twitter:label1\" content=\"Estimeret l\u00e6setid\" \/>\n\t<meta name=\"twitter:data1\" content=\"1 minut\" \/>\n<script type=\"application\/ld+json\" class=\"yoast-schema-graph\">{\"@context\":\"https:\/\/schema.org\",\"@graph\":[{\"@type\":\"WebPage\",\"@id\":\"https:\/\/arcticexcursions.com\/udflugter\/summer-glacier-adventure\/\",\"url\":\"https:\/\/arcticexcursions.com\/udflugter\/summer-glacier-adventure\/\",\"name\":\"Glacier Adventure - m\u00e5let er indlandsisen - Arctic Excursions\",\"isPartOf\":{\"@id\":\"https:\/\/arcticexcursions.com\/#website\"},\"primaryImageOfPage\":{\"@id\":\"https:\/\/arcticexcursions.com\/udflugter\/summer-glacier-adventure\/#primaryimage\"},\"image\":{\"@id\":\"https:\/\/arcticexcursions.com\/udflugter\/summer-glacier-adventure\/#primaryimage\"},\"thumbnailUrl\":\"https:\/\/arcticexcursions.com\/wp-content\/uploads\/2022\/06\/qasigiannguit-sommer-glacier-adventure-ellen-fjellanger-schmidt.jpg\",\"datePublished\":\"2022-05-25T12:20:58+00:00\",\"dateModified\":\"2025-08-31T09:01:54+00:00\",\"breadcrumb\":{\"@id\":\"https:\/\/arcticexcursions.com\/udflugter\/summer-glacier-adventure\/#breadcrumb\"},\"inLanguage\":\"da-DK\",\"potentialAction\":[{\"@type\":\"ReadAction\",\"target\":[\"https:\/\/arcticexcursions.com\/udflugter\/summer-glacier-adventure\/\"]}]},{\"@type\":\"ImageObject\",\"inLanguage\":\"da-DK\",\"@id\":\"https:\/\/arcticexcursions.com\/udflugter\/summer-glacier-adventure\/#primaryimage\",\"url\":\"https:\/\/arcticexcursions.com\/wp-content\/uploads\/2022\/06\/qasigiannguit-sommer-glacier-adventure-ellen-fjellanger-schmidt.jpg\",\"contentUrl\":\"https:\/\/arcticexcursions.com\/wp-content\/uploads\/2022\/06\/qasigiannguit-sommer-glacier-adventure-ellen-fjellanger-schmidt.jpg\",\"width\":1920,\"height\":1080},{\"@type\":\"BreadcrumbList\",\"@id\":\"https:\/\/arcticexcursions.com\/udflugter\/summer-glacier-adventure\/#breadcrumb\",\"itemListElement\":[{\"@type\":\"ListItem\",\"position\":1,\"name\":\"Home\",\"item\":\"https:\/\/arcticexcursions.com\/da\/\"},{\"@type\":\"ListItem\",\"position\":2,\"name\":\"Udflugter i Gr\u00f8nland\",\"item\":\"https:\/\/arcticexcursions.com\/da\/udflugter\/\"},{\"@type\":\"ListItem\",\"position\":3,\"name\":\"Glacier Adventure &#8211; m\u00e5let er indlandsisen\"}]},{\"@type\":\"WebSite\",\"@id\":\"https:\/\/arcticexcursions.com\/#website\",\"url\":\"https:\/\/arcticexcursions.com\/\",\"name\":\"Arctic Excursions\",\"description\":\"New adventures. Every day.\",\"publisher\":{\"@id\":\"https:\/\/arcticexcursions.com\/#organization\"},\"potentialAction\":[{\"@type\":\"SearchAction\",\"target\":{\"@type\":\"EntryPoint\",\"urlTemplate\":\"https:\/\/arcticexcursions.com\/?s={search_term_string}\"},\"query-input\":{\"@type\":\"PropertyValueSpecification\",\"valueRequired\":true,\"valueName\":\"search_term_string\"}}],\"inLanguage\":\"da-DK\"},{\"@type\":\"Organization\",\"@id\":\"https:\/\/arcticexcursions.com\/#organization\",\"name\":\"Arctic Excursions\",\"url\":\"https:\/\/arcticexcursions.com\/\",\"logo\":{\"@type\":\"ImageObject\",\"inLanguage\":\"da-DK\",\"@id\":\"https:\/\/arcticexcursions.com\/#\/schema\/logo\/image\/\",\"url\":\"https:\/\/arcticexcursions.com\/wp-content\/uploads\/2022\/11\/fb-logo.png\",\"contentUrl\":\"https:\/\/arcticexcursions.com\/wp-content\/uploads\/2022\/11\/fb-logo.png\",\"width\":523,\"height\":523,\"caption\":\"Arctic Excursions\"},\"image\":{\"@id\":\"https:\/\/arcticexcursions.com\/#\/schema\/logo\/image\/\"}}]}<\/script>\n<!-- \/ Yoast SEO plugin. -->","yoast_head_json":{"title":"Arctic Excursions","robots":{"index":"index","follow":"follow","max-snippet":"max-snippet:-1","max-image-preview":"max-image-preview:large","max-video-preview":"max-video-preview:-1"},"canonical":"https:\/\/arcticexcursions.com\/udflugter\/summer-glacier-adventure\/","og_locale":"da_DK","og_type":"article","og_title":"Glacier Adventure - m\u00e5let er indlandsisen - Arctic Excursions","og_description":"Tag p\u00e5 gletsjer-eventyr! To b\u00e5dture, et amfibiek\u00f8ret\u00f8j, en natursk\u00f8n vandretur og vandretur p\u00e5 indlandsisen samles i \u00e9n tur for at skabe en symfoni af sp\u00e6nding og \u00e6refrygt.","og_url":"https:\/\/arcticexcursions.com\/udflugter\/summer-glacier-adventure\/","og_site_name":"Arctic Excursions","article_modified_time":"2025-08-31T09:01:54+00:00","og_image":[{"width":1920,"height":1080,"url":"https:\/\/arcticexcursions.com\/wp-content\/uploads\/2022\/06\/qasigiannguit-sommer-glacier-adventure-ellen-fjellanger-schmidt.jpg","type":"image\/jpeg"}],"twitter_card":"summary_large_image","twitter_misc":{"Estimeret l\u00e6setid":"1 minut"},"schema":{"@context":"https:\/\/schema.org","@graph":[{"@type":"WebPage","@id":"https:\/\/arcticexcursions.com\/udflugter\/summer-glacier-adventure\/","url":"https:\/\/arcticexcursions.com\/udflugter\/summer-glacier-adventure\/","name":"Glacier Adventure - m\u00e5let er indlandsisen - Arctic Excursions","isPartOf":{"@id":"https:\/\/arcticexcursions.com\/#website"},"primaryImageOfPage":{"@id":"https:\/\/arcticexcursions.com\/udflugter\/summer-glacier-adventure\/#primaryimage"},"image":{"@id":"https:\/\/arcticexcursions.com\/udflugter\/summer-glacier-adventure\/#primaryimage"},"thumbnailUrl":"https:\/\/arcticexcursions.com\/wp-content\/uploads\/2022\/06\/qasigiannguit-sommer-glacier-adventure-ellen-fjellanger-schmidt.jpg","datePublished":"2022-05-25T12:20:58+00:00","dateModified":"2025-08-31T09:01:54+00:00","breadcrumb":{"@id":"https:\/\/arcticexcursions.com\/udflugter\/summer-glacier-adventure\/#breadcrumb"},"inLanguage":"da-DK","potentialAction":[{"@type":"ReadAction","target":["https:\/\/arcticexcursions.com\/udflugter\/summer-glacier-adventure\/"]}]},{"@type":"ImageObject","inLanguage":"da-DK","@id":"https:\/\/arcticexcursions.com\/udflugter\/summer-glacier-adventure\/#primaryimage","url":"https:\/\/arcticexcursions.com\/wp-content\/uploads\/2022\/06\/qasigiannguit-sommer-glacier-adventure-ellen-fjellanger-schmidt.jpg","contentUrl":"https:\/\/arcticexcursions.com\/wp-content\/uploads\/2022\/06\/qasigiannguit-sommer-glacier-adventure-ellen-fjellanger-schmidt.jpg","width":1920,"height":1080},{"@type":"BreadcrumbList","@id":"https:\/\/arcticexcursions.com\/udflugter\/summer-glacier-adventure\/#breadcrumb","itemListElement":[{"@type":"ListItem","position":1,"name":"Home","item":"https:\/\/arcticexcursions.com\/da\/"},{"@type":"ListItem","position":2,"name":"Udflugter i Gr\u00f8nland","item":"https:\/\/arcticexcursions.com\/da\/udflugter\/"},{"@type":"ListItem","position":3,"name":"Glacier Adventure &#8211; m\u00e5let er indlandsisen"}]},{"@type":"WebSite","@id":"https:\/\/arcticexcursions.com\/#website","url":"https:\/\/arcticexcursions.com\/","name":"Arctic Excursions","description":"New adventures. Every day.","publisher":{"@id":"https:\/\/arcticexcursions.com\/#organization"},"potentialAction":[{"@type":"SearchAction","target":{"@type":"EntryPoint","urlTemplate":"https:\/\/arcticexcursions.com\/?s={search_term_string}"},"query-input":{"@type":"PropertyValueSpecification","valueRequired":true,"valueName":"search_term_string"}}],"inLanguage":"da-DK"},{"@type":"Organization","@id":"https:\/\/arcticexcursions.com\/#organization","name":"Arctic Excursions","url":"https:\/\/arcticexcursions.com\/","logo":{"@type":"ImageObject","inLanguage":"da-DK","@id":"https:\/\/arcticexcursions.com\/#\/schema\/logo\/image\/","url":"https:\/\/arcticexcursions.com\/wp-content\/uploads\/2022\/11\/fb-logo.png","contentUrl":"https:\/\/arcticexcursions.com\/wp-content\/uploads\/2022\/11\/fb-logo.png","width":523,"height":523,"caption":"Arctic Excursions"},"image":{"@id":"https:\/\/arcticexcursions.com\/#\/schema\/logo\/image\/"}}]}},"_links":{"self":[{"href":"https:\/\/arcticexcursions.com\/da\/wp-json\/wp\/v2\/product\/1542"}],"collection":[{"href":"https:\/\/arcticexcursions.com\/da\/wp-json\/wp\/v2\/product"}],"about":[{"href":"https:\/\/arcticexcursions.com\/da\/wp-json\/wp\/v2\/types\/product"}],"replies":[{"embeddable":true,"href":"https:\/\/arcticexcursions.com\/da\/wp-json\/wp\/v2\/comments?post=1542"}],"wp:featuredmedia":[{"embeddable":true,"href":"https:\/\/arcticexcursions.com\/da\/wp-json\/wp\/v2\/media\/2238"}],"wp:attachment":[{"href":"https:\/\/arcticexcursions.com\/da\/wp-json\/wp\/v2\/media?parent=1542"}],"wp:term":[{"taxonomy":"product_brand","embeddable":true,"href":"https:\/\/arcticexcursions.com\/da\/wp-json\/wp\/v2\/product_brand?post=1542"},{"taxonomy":"product_cat","embeddable":true,"href":"https:\/\/arcticexcursions.com\/da\/wp-json\/wp\/v2\/product_cat?post=1542"},{"taxonomy":"product_tag","embeddable":true,"href":"https:\/\/arcticexcursions.com\/da\/wp-json\/wp\/v2\/product_tag?post=1542"}],"curies":[{"name":"wp","href":"https:\/\/api.w.org\/{rel}","templated":true}]}}