{"id":15533,"date":"2023-06-21T16:15:11","date_gmt":"2023-06-21T14:15:11","guid":{"rendered":"https:\/\/arcticexcursions.com\/?post_type=product&#038;p=15533"},"modified":"2026-02-19T18:18:04","modified_gmt":"2026-02-19T16:18:04","slug":"icefiord-cruise","status":"publish","type":"product","link":"https:\/\/arcticexcursions.com\/da\/udflugter\/icefiord-cruise\/","title":{"rendered":"Isfjordscruise"},"content":{"rendered":"<p>Ilulissats kronjuvel er den fortryllede isfjord, og det er med god grund. Det er forbl\u00f8ffende syn.<br \/>\nDe enorme isbjerge i forskellige former er fantastiske.<br \/>\nAntallet af isbjerge, der flyder i n\u00e6rheden af Ilulissat, varierer med vind og vejr, men jo t\u00e6ttere man kommer p\u00e5 isfjorden, jo mere is er der.<\/p>\n<p><b>Varighed:<\/b> 2 timer. <\/p>\n<p><b>Deltagere:<\/b> Bem\u00e6rk venligst, at udflugten kun gennemf\u00f8res, hvis der er mindst 4 bookede billetter i alt. Hvis du for eksempel booker 2 billetter, skal der s\u00e6lges mindst 2 yderligere billetter til andre kunder, f\u00f8r turen kan finde sted. Der vil deltage maksimalt 12 personer.<\/p>\n<p><b>Sprog:<\/b> Guiden\/kaptajnen taler dansk, engelsk og gr\u00f8nlandsk<\/p>\n<p><b>B\u00e5dtype:<\/b> Lukket b\u00e5d<\/p>\n<p><b>Toiletforhold:<\/b> Der er toilet p\u00e5 b\u00e5den<\/p>\n<p><b>Forplejning:<\/b> Kaffe og te serveres p\u00e5 b\u00e5den<\/p>\n<p><b>Anbefalet p\u00e5kl\u00e6dning:<\/b> Varmt t\u00f8j inkl. hue og handsker hele \u00e5ret. Solbriller. Solcreme om sommeren.<\/p>\n","protected":false},"excerpt":{"rendered":"<p>Oplev isfjorden i Ilulissat i en lukket b\u00e5d<\/p>\n","protected":false},"featured_media":4563,"comment_status":"open","ping_status":"closed","template":"","meta":{"_acf_changed":false},"product_brand":[],"product_cat":[101,170],"product_tag":[],"class_list":{"0":"post-15533","1":"product","2":"type-product","3":"status-publish","4":"has-post-thumbnail","6":"product_cat-tour","7":"product_cat-udflugt","8":"pa_dato-1104","9":"pa_dato-962","10":"pa_dato-922","11":"pa_dato-923","12":"pa_dato-1105","13":"pa_dato-1106","14":"pa_dato-1107","15":"pa_dato-1108","16":"pa_dato-1231","17":"pa_dato-1109","18":"pa_dato-1110","19":"pa_dato-1111","20":"pa_dato-1112","21":"pa_dato-1113","22":"pa_dato-1114","23":"pa_dato-1232","24":"pa_dato-1115","25":"pa_dato-1116","26":"pa_dato-1117","27":"pa_dato-1118","28":"pa_dato-1119","29":"pa_dato-1120","30":"pa_dato-1233","31":"pa_dato-900","32":"pa_dato-1121","33":"pa_dato-1122","34":"pa_dato-1123","35":"pa_dato-1124","36":"pa_dato-1061","37":"pa_dato-1062","38":"pa_dato-1063","39":"pa_dato-1064","40":"pa_dato-1065","41":"pa_dato-1066","42":"pa_dato-901","43":"pa_dato-898","44":"pa_dato-1067","45":"pa_dato-912","46":"pa_dato-1125","47":"pa_dato-1126","48":"pa_dato-1127","49":"pa_dato-902","50":"pa_dato-1173","51":"pa_dato-1174","52":"pa_dato-963","53":"pa_dato-1128","54":"pa_dato-1129","55":"pa_dato-1130","56":"pa_dato-1141","57":"pa_dato-1023","58":"pa_dato-1024","59":"pa_dato-966","60":"pa_dato-1025","61":"pa_dato-1026","62":"pa_dato-1027","63":"pa_dato-1028","64":"pa_dato-1029","65":"pa_dato-1030","66":"pa_dato-1031","67":"pa_dato-1032","68":"pa_dato-988","69":"pa_dato-990","70":"pa_dato-989","71":"pa_dato-991","72":"pa_dato-992","73":"pa_dato-967","74":"pa_dato-1033","75":"pa_dato-993","76":"pa_dato-994","77":"pa_dato-995","78":"pa_dato-1034","79":"pa_dato-996","80":"pa_dato-964","81":"pa_dato-1035","82":"pa_dato-997","83":"pa_dato-998","84":"pa_dato-999","85":"pa_dato-1000","86":"pa_dato-1001","87":"pa_dato-1003","88":"pa_dato-1004","89":"pa_dato-1006","90":"pa_dato-1007","91":"pa_dato-1036","92":"pa_dato-1037","93":"pa_dato-1038","94":"pa_dato-1039","95":"pa_dato-1040","96":"pa_dato-1008","97":"pa_dato-1009","98":"pa_dato-1010","99":"pa_dato-968","100":"pa_dato-1011","101":"pa_dato-1012","102":"pa_dato-1013","103":"pa_dato-1014","104":"pa_dato-1015","105":"pa_dato-1016","106":"pa_dato-965","107":"pa_dato-1041","108":"pa_dato-1017","109":"pa_dato-1018","110":"pa_dato-1019","111":"pa_dato-1020","112":"pa_dato-1021","113":"pa_dato-1022","114":"pa_dato-1042","115":"pa_dato-1044","116":"pa_dato-1045","117":"pa_dato-899","118":"pa_dato-1046","119":"pa_dato-1047","120":"pa_dato-1048","121":"pa_dato-1049","122":"pa_dato-1050","123":"pa_dato-1051","124":"pa_dato-1052","125":"pa_dato-1053","126":"pa_dato-1054","127":"pa_dato-1055","128":"pa_dato-1056","129":"pa_dato-1057","130":"pa_dato-1058","131":"pa_dato-1143","132":"pa_dato-1144","133":"pa_dato-1131","134":"pa_dato-1132","135":"pa_dato-1133","136":"pa_dato-1134","137":"pa_dato-1135","138":"pa_dato-1185","139":"pa_dato-1186","140":"pa_dato-1136","141":"pa_dato-1137","142":"pa_dato-1138","143":"pa_dato-1139","144":"pa_dato-1140","145":"pa_dato-1194","146":"pa_dato-1195","147":"pa_dato-1196","148":"pa_dato-1146","149":"pa_dato-1160","150":"pa_dato-1161","151":"pa_dato-1197","152":"pa_dato-1198","153":"pa_dato-1199","154":"pa_dato-1200","155":"pa_dato-1205","156":"pa_dato-1162","157":"pa_dato-1163","158":"pa_dato-1206","159":"pa_dato-1207","160":"pa_dato-1208","161":"pa_dato-1209","162":"pa_dato-1147","163":"pa_dato-1210","164":"pa_dato-1211","165":"pa_dato-1212","166":"pa_dato-1214","167":"pa_dato-1213","168":"pa_dato-1215","169":"pa_dato-1216","170":"pa_dato-1217","171":"pa_dato-1218","172":"pa_dato-1219","173":"pa_dato-1220","174":"pa_dato-1221","175":"pa_dato-1297","176":"pa_dato-1151","177":"pa_dato-6100","178":"pa_dato-6079","179":"pa_dato-6101","180":"pa_dato-6102","181":"pa_dato-6031","182":"pa_dato-6069","183":"pa_dato-6048","184":"pa_dato-6038","185":"pa_dato-6029","186":"pa_dato-5923","187":"pa_dato-5921","188":"pa_dato-5890","189":"pa_dato-5916","190":"pa_dato-6072","191":"pa_dato-6066","192":"pa_dato-6065","193":"pa_dato-5878","194":"pa_dato-6071","195":"pa_dato-5947","196":"pa_dato-5932","197":"pa_dato-5999","198":"pa_dato-5895","199":"pa_dato-5951","200":"pa_dato-5879","201":"pa_dato-5974","202":"pa_dato-5882","203":"pa_dato-5965","204":"pa_dato-6021","205":"pa_dato-6030","206":"pa_dato-6087","207":"pa_dato-6022","208":"pa_dato-6058","209":"pa_dato-5937","210":"pa_dato-5964","211":"pa_dato-6067","212":"pa_dato-6062","213":"pa_dato-6025","214":"pa_dato-5883","215":"pa_dato-5929","216":"pa_dato-5928","217":"pa_dato-5946","218":"pa_dato-5958","219":"pa_dato-5938","220":"pa_dato-5963","221":"pa_dato-5980","222":"pa_dato-5961","223":"pa_dato-5990","224":"pa_dato-6003","225":"pa_dato-6027","226":"pa_dato-5943","227":"pa_dato-6148","228":"pa_dato-5945","229":"pa_dato-6137","230":"pa_dato-6131","231":"pa_dato-6245","232":"pa_dato-6156","233":"pa_dato-6246","234":"pa_tidspunkt-304","235":"pa_tidspunkt-314","236":"pa_tidspunkt-308","237":"pa_tidspunkt-61","238":"pa_tidspunkt-426","239":"pa_tidspunkt-1204","240":"pa_tidspunkt-69","241":"pa_tidspunkt-255","242":"pa_tidspunkt-86","243":"pa_tidspunkt-80","244":"pa_tidspunkt-82","245":"tour_location-ilulissat-da","246":"tour_type-baadture","247":"tour_tickettype-arctic_excursions","248":"tour_tickettype-greenland_travel_tour","249":"tour_tickettype-greenland_travel_team","250":"tour_operator-unique-tours","252":"first","253":"instock","254":"shipping-taxable","255":"purchasable","256":"product-type-variable"},"acf":[],"yoast_head":"<!-- This site is optimized with the Yoast SEO plugin v23.6 - https:\/\/yoast.com\/wordpress\/plugins\/seo\/ -->\n<title>Arctic Excursions<\/title>\n<meta name=\"robots\" content=\"index, follow, max-snippet:-1, max-image-preview:large, max-video-preview:-1\" \/>\n<link rel=\"canonical\" href=\"https:\/\/arcticexcursions.com\/udflugter\/icefiord-cruise-2\/\" \/>\n<meta property=\"og:locale\" content=\"da_DK\" \/>\n<meta property=\"og:type\" content=\"article\" \/>\n<meta property=\"og:title\" content=\"Isfjordscruise - Arctic Excursions\" \/>\n<meta property=\"og:description\" content=\"Oplev isfjorden i Ilulissat i en lukket b\u00e5d\" \/>\n<meta property=\"og:url\" content=\"https:\/\/arcticexcursions.com\/udflugter\/icefiord-cruise-2\/\" \/>\n<meta property=\"og:site_name\" content=\"Arctic Excursions\" \/>\n<meta property=\"article:modified_time\" content=\"2026-02-19T16:18:04+00:00\" \/>\n<meta property=\"og:image\" content=\"https:\/\/arcticexcursions.com\/wp-content\/uploads\/2022\/11\/Unique-Tours-bad-med-is.png\" \/>\n\t<meta property=\"og:image:width\" content=\"1024\" \/>\n\t<meta property=\"og:image:height\" content=\"496\" \/>\n\t<meta property=\"og:image:type\" content=\"image\/png\" \/>\n<meta name=\"twitter:card\" content=\"summary_large_image\" \/>\n<meta name=\"twitter:label1\" content=\"Estimeret l\u00e6setid\" \/>\n\t<meta name=\"twitter:data1\" content=\"1 minut\" \/>\n<script type=\"application\/ld+json\" class=\"yoast-schema-graph\">{\"@context\":\"https:\/\/schema.org\",\"@graph\":[{\"@type\":\"WebPage\",\"@id\":\"https:\/\/arcticexcursions.com\/udflugter\/icefiord-cruise-2\/\",\"url\":\"https:\/\/arcticexcursions.com\/udflugter\/icefiord-cruise-2\/\",\"name\":\"Isfjordscruise - Arctic Excursions\",\"isPartOf\":{\"@id\":\"https:\/\/arcticexcursions.com\/#website\"},\"primaryImageOfPage\":{\"@id\":\"https:\/\/arcticexcursions.com\/udflugter\/icefiord-cruise-2\/#primaryimage\"},\"image\":{\"@id\":\"https:\/\/arcticexcursions.com\/udflugter\/icefiord-cruise-2\/#primaryimage\"},\"thumbnailUrl\":\"https:\/\/arcticexcursions.com\/wp-content\/uploads\/2022\/11\/Unique-Tours-bad-med-is.png\",\"datePublished\":\"2023-06-21T14:15:11+00:00\",\"dateModified\":\"2026-02-19T16:18:04+00:00\",\"breadcrumb\":{\"@id\":\"https:\/\/arcticexcursions.com\/udflugter\/icefiord-cruise-2\/#breadcrumb\"},\"inLanguage\":\"da-DK\",\"potentialAction\":[{\"@type\":\"ReadAction\",\"target\":[\"https:\/\/arcticexcursions.com\/udflugter\/icefiord-cruise-2\/\"]}]},{\"@type\":\"ImageObject\",\"inLanguage\":\"da-DK\",\"@id\":\"https:\/\/arcticexcursions.com\/udflugter\/icefiord-cruise-2\/#primaryimage\",\"url\":\"https:\/\/arcticexcursions.com\/wp-content\/uploads\/2022\/11\/Unique-Tours-bad-med-is.png\",\"contentUrl\":\"https:\/\/arcticexcursions.com\/wp-content\/uploads\/2022\/11\/Unique-Tours-bad-med-is.png\",\"width\":1024,\"height\":496},{\"@type\":\"BreadcrumbList\",\"@id\":\"https:\/\/arcticexcursions.com\/udflugter\/icefiord-cruise-2\/#breadcrumb\",\"itemListElement\":[{\"@type\":\"ListItem\",\"position\":1,\"name\":\"Home\",\"item\":\"https:\/\/arcticexcursions.com\/da\/\"},{\"@type\":\"ListItem\",\"position\":2,\"name\":\"Udflugter i Gr\u00f8nland\",\"item\":\"https:\/\/arcticexcursions.com\/da\/udflugter\/\"},{\"@type\":\"ListItem\",\"position\":3,\"name\":\"Isfjordscruise\"}]},{\"@type\":\"WebSite\",\"@id\":\"https:\/\/arcticexcursions.com\/#website\",\"url\":\"https:\/\/arcticexcursions.com\/\",\"name\":\"Arctic Excursions\",\"description\":\"New adventures. Every day.\",\"publisher\":{\"@id\":\"https:\/\/arcticexcursions.com\/#organization\"},\"potentialAction\":[{\"@type\":\"SearchAction\",\"target\":{\"@type\":\"EntryPoint\",\"urlTemplate\":\"https:\/\/arcticexcursions.com\/?s={search_term_string}\"},\"query-input\":{\"@type\":\"PropertyValueSpecification\",\"valueRequired\":true,\"valueName\":\"search_term_string\"}}],\"inLanguage\":\"da-DK\"},{\"@type\":\"Organization\",\"@id\":\"https:\/\/arcticexcursions.com\/#organization\",\"name\":\"Arctic Excursions\",\"url\":\"https:\/\/arcticexcursions.com\/\",\"logo\":{\"@type\":\"ImageObject\",\"inLanguage\":\"da-DK\",\"@id\":\"https:\/\/arcticexcursions.com\/#\/schema\/logo\/image\/\",\"url\":\"https:\/\/arcticexcursions.com\/wp-content\/uploads\/2022\/11\/fb-logo.png\",\"contentUrl\":\"https:\/\/arcticexcursions.com\/wp-content\/uploads\/2022\/11\/fb-logo.png\",\"width\":523,\"height\":523,\"caption\":\"Arctic Excursions\"},\"image\":{\"@id\":\"https:\/\/arcticexcursions.com\/#\/schema\/logo\/image\/\"}}]}<\/script>\n<!-- \/ Yoast SEO plugin. -->","yoast_head_json":{"title":"Arctic Excursions","robots":{"index":"index","follow":"follow","max-snippet":"max-snippet:-1","max-image-preview":"max-image-preview:large","max-video-preview":"max-video-preview:-1"},"canonical":"https:\/\/arcticexcursions.com\/udflugter\/icefiord-cruise-2\/","og_locale":"da_DK","og_type":"article","og_title":"Isfjordscruise - Arctic Excursions","og_description":"Oplev isfjorden i Ilulissat i en lukket b\u00e5d","og_url":"https:\/\/arcticexcursions.com\/udflugter\/icefiord-cruise-2\/","og_site_name":"Arctic Excursions","article_modified_time":"2026-02-19T16:18:04+00:00","og_image":[{"width":1024,"height":496,"url":"https:\/\/arcticexcursions.com\/wp-content\/uploads\/2022\/11\/Unique-Tours-bad-med-is.png","type":"image\/png"}],"twitter_card":"summary_large_image","twitter_misc":{"Estimeret l\u00e6setid":"1 minut"},"schema":{"@context":"https:\/\/schema.org","@graph":[{"@type":"WebPage","@id":"https:\/\/arcticexcursions.com\/udflugter\/icefiord-cruise-2\/","url":"https:\/\/arcticexcursions.com\/udflugter\/icefiord-cruise-2\/","name":"Isfjordscruise - Arctic Excursions","isPartOf":{"@id":"https:\/\/arcticexcursions.com\/#website"},"primaryImageOfPage":{"@id":"https:\/\/arcticexcursions.com\/udflugter\/icefiord-cruise-2\/#primaryimage"},"image":{"@id":"https:\/\/arcticexcursions.com\/udflugter\/icefiord-cruise-2\/#primaryimage"},"thumbnailUrl":"https:\/\/arcticexcursions.com\/wp-content\/uploads\/2022\/11\/Unique-Tours-bad-med-is.png","datePublished":"2023-06-21T14:15:11+00:00","dateModified":"2026-02-19T16:18:04+00:00","breadcrumb":{"@id":"https:\/\/arcticexcursions.com\/udflugter\/icefiord-cruise-2\/#breadcrumb"},"inLanguage":"da-DK","potentialAction":[{"@type":"ReadAction","target":["https:\/\/arcticexcursions.com\/udflugter\/icefiord-cruise-2\/"]}]},{"@type":"ImageObject","inLanguage":"da-DK","@id":"https:\/\/arcticexcursions.com\/udflugter\/icefiord-cruise-2\/#primaryimage","url":"https:\/\/arcticexcursions.com\/wp-content\/uploads\/2022\/11\/Unique-Tours-bad-med-is.png","contentUrl":"https:\/\/arcticexcursions.com\/wp-content\/uploads\/2022\/11\/Unique-Tours-bad-med-is.png","width":1024,"height":496},{"@type":"BreadcrumbList","@id":"https:\/\/arcticexcursions.com\/udflugter\/icefiord-cruise-2\/#breadcrumb","itemListElement":[{"@type":"ListItem","position":1,"name":"Home","item":"https:\/\/arcticexcursions.com\/da\/"},{"@type":"ListItem","position":2,"name":"Udflugter i Gr\u00f8nland","item":"https:\/\/arcticexcursions.com\/da\/udflugter\/"},{"@type":"ListItem","position":3,"name":"Isfjordscruise"}]},{"@type":"WebSite","@id":"https:\/\/arcticexcursions.com\/#website","url":"https:\/\/arcticexcursions.com\/","name":"Arctic Excursions","description":"New adventures. Every day.","publisher":{"@id":"https:\/\/arcticexcursions.com\/#organization"},"potentialAction":[{"@type":"SearchAction","target":{"@type":"EntryPoint","urlTemplate":"https:\/\/arcticexcursions.com\/?s={search_term_string}"},"query-input":{"@type":"PropertyValueSpecification","valueRequired":true,"valueName":"search_term_string"}}],"inLanguage":"da-DK"},{"@type":"Organization","@id":"https:\/\/arcticexcursions.com\/#organization","name":"Arctic Excursions","url":"https:\/\/arcticexcursions.com\/","logo":{"@type":"ImageObject","inLanguage":"da-DK","@id":"https:\/\/arcticexcursions.com\/#\/schema\/logo\/image\/","url":"https:\/\/arcticexcursions.com\/wp-content\/uploads\/2022\/11\/fb-logo.png","contentUrl":"https:\/\/arcticexcursions.com\/wp-content\/uploads\/2022\/11\/fb-logo.png","width":523,"height":523,"caption":"Arctic Excursions"},"image":{"@id":"https:\/\/arcticexcursions.com\/#\/schema\/logo\/image\/"}}]}},"_links":{"self":[{"href":"https:\/\/arcticexcursions.com\/da\/wp-json\/wp\/v2\/product\/15533"}],"collection":[{"href":"https:\/\/arcticexcursions.com\/da\/wp-json\/wp\/v2\/product"}],"about":[{"href":"https:\/\/arcticexcursions.com\/da\/wp-json\/wp\/v2\/types\/product"}],"replies":[{"embeddable":true,"href":"https:\/\/arcticexcursions.com\/da\/wp-json\/wp\/v2\/comments?post=15533"}],"wp:featuredmedia":[{"embeddable":true,"href":"https:\/\/arcticexcursions.com\/da\/wp-json\/wp\/v2\/media\/4563"}],"wp:attachment":[{"href":"https:\/\/arcticexcursions.com\/da\/wp-json\/wp\/v2\/media?parent=15533"}],"wp:term":[{"taxonomy":"product_brand","embeddable":true,"href":"https:\/\/arcticexcursions.com\/da\/wp-json\/wp\/v2\/product_brand?post=15533"},{"taxonomy":"product_cat","embeddable":true,"href":"https:\/\/arcticexcursions.com\/da\/wp-json\/wp\/v2\/product_cat?post=15533"},{"taxonomy":"product_tag","embeddable":true,"href":"https:\/\/arcticexcursions.com\/da\/wp-json\/wp\/v2\/product_tag?post=15533"}],"curies":[{"name":"wp","href":"https:\/\/api.w.org\/{rel}","templated":true}]}}