{"id":15539,"date":"2023-10-17T09:23:56","date_gmt":"2023-10-17T07:23:56","guid":{"rendered":"https:\/\/arcticexcursions.com\/?post_type=product&#038;p=15539"},"modified":"2026-04-04T12:45:31","modified_gmt":"2026-04-04T10:45:31","slug":"meet-sled-dogs","status":"publish","type":"product","link":"https:\/\/arcticexcursions.com\/da\/udflugter\/meet-sled-dogs\/","title":{"rendered":"M\u00f8d Gr\u00f8nlandske sl\u00e6dehunde"},"content":{"rendered":"<p>Vi inviterer dig til at fodre en flok sl\u00e6dehunde, s\u00e5 du kan se, klappe og selvf\u00f8lgelig h\u00f8re en flok hylende hunde.<br \/>\nHundeejeren vil fort\u00e6lle om livet som sl\u00e6dehund og demonstrere, hvordan man bruger sl\u00e6den, selerne og pisken.<br \/>\nDenne bem\u00e6rkelsesv\u00e6rdige oplevelse kan du kun f\u00e5 her i Gr\u00f8nland.<br \/>\nHvis du er heldig, kan du hj\u00e6lpe med at fodre hundene.<br \/>\nN\u00e5r du f\u00f8rst ankommer til hundeg\u00e5rden, bedes du holde afstand til hundene.<br \/>\nEjeren vil vise dig, hvilke hunde du trygt kan klappe. Husk fornuftig p\u00e5kl\u00e6dning.<br \/>\nHundeomr\u00e5det kan indeholde snavs.<\/p>\n<p><b>Varighed:<\/b> 2 timer. <\/p>\n<p><b>Deltagere:<\/b> Bem\u00e6rk venligst, at udflugten kun gennemf\u00f8res, hvis der er mindst 4 bookede billetter i alt. Hvis du for eksempel booker 2 billetter, skal der s\u00e6lges mindst 2 yderligere billetter til andre kunder, f\u00f8r turen kan finde sted. Der vil deltage maksimalt 12 personer.<\/p>\n<p><b>Sprog:<\/b> Guiden\/kaptajnen taler dansk, engelsk og gr\u00f8nlandsk<\/p>\n","protected":false},"excerpt":{"rendered":"<p>Oplev at m\u00f8de de ikoniske gr\u00f8nlandske sl\u00e6dehunde<\/p>\n","protected":false},"featured_media":21520,"comment_status":"open","ping_status":"closed","template":"","meta":{"_acf_changed":false},"product_brand":[],"product_cat":[101,170],"product_tag":[],"class_list":{"0":"post-15539","1":"product","2":"type-product","3":"status-publish","4":"has-post-thumbnail","6":"product_cat-tour","7":"product_cat-udflugt","8":"pa_dato-777","9":"pa_dato-779","10":"pa_dato-781","11":"pa_dato-784","12":"pa_dato-787","13":"pa_dato-790","14":"pa_dato-793","15":"pa_dato-1169","16":"pa_dato-1170","17":"pa_dato-875","18":"pa_dato-1189","19":"pa_dato-878","20":"pa_dato-1191","21":"pa_dato-1157","22":"pa_dato-923","23":"pa_dato-1061","24":"pa_dato-1062","25":"pa_dato-1063","26":"pa_dato-1064","27":"pa_dato-1065","28":"pa_dato-1066","29":"pa_dato-901","30":"pa_dato-898","31":"pa_dato-1067","32":"pa_dato-912","33":"pa_dato-1125","34":"pa_dato-1126","35":"pa_dato-1127","36":"pa_dato-902","37":"pa_dato-1173","38":"pa_dato-1174","39":"pa_dato-963","40":"pa_dato-1128","41":"pa_dato-1129","42":"pa_dato-1130","43":"pa_dato-1141","44":"pa_dato-1023","45":"pa_dato-1024","46":"pa_dato-966","47":"pa_dato-1025","48":"pa_dato-1026","49":"pa_dato-1027","50":"pa_dato-1028","51":"pa_dato-1029","52":"pa_dato-1030","53":"pa_dato-1031","54":"pa_dato-1032","55":"pa_dato-988","56":"pa_dato-990","57":"pa_dato-989","58":"pa_dato-1135","59":"pa_dato-1186","60":"pa_dato-1196","61":"pa_dato-6015","62":"pa_dato-1361","63":"pa_dato-1360","64":"pa_dato-6112","65":"pa_dato-6049","66":"pa_dato-6041","67":"pa_dato-6017","68":"pa_dato-6075","69":"pa_dato-6018","70":"pa_dato-6005","71":"pa_dato-1193","72":"pa_dato-5892","73":"pa_dato-5965","74":"pa_dato-6021","75":"pa_dato-6087","76":"pa_dato-5946","77":"pa_dato-5958","78":"pa_dato-5980","79":"pa_dato-6061","80":"pa_dato-5957","81":"pa_dato-6093","82":"pa_dato-6153","83":"pa_dato-6172","84":"pa_dato-6132","85":"pa_dato-6185","86":"pa_dato-6189","87":"pa_dato-6149","88":"pa_dato-6297","89":"pa_dato-6257","90":"pa_dato-6261","91":"pa_dato-6362","92":"pa_dato-6367","93":"pa_dato-6281","94":"pa_dato-6269","95":"pa_dato-6212","96":"pa_dato-6171","97":"pa_dato-6225","98":"pa_dato-6227","99":"pa_dato-6215","100":"pa_dato-6219","101":"pa_dato-6445","102":"pa_dato-6220","103":"pa_dato-6228","104":"pa_dato-6364","105":"pa_dato-6452","106":"pa_dato-6450","107":"pa_dato-6396","108":"pa_tidspunkt-40","109":"pa_tidspunkt-308","110":"pa_tidspunkt-61","111":"pa_tidspunkt-426","112":"tour_location-ilulissat-da","113":"tour_type-outdoor-da","114":"tour_tickettype-arctic_excursions","115":"tour_operator-unique-tours","117":"first","118":"instock","119":"shipping-taxable","120":"purchasable","121":"product-type-variable"},"acf":[],"yoast_head":"<!-- This site is optimized with the Yoast SEO plugin v23.6 - https:\/\/yoast.com\/wordpress\/plugins\/seo\/ -->\n<title>Arctic Excursions<\/title>\n<meta name=\"robots\" content=\"index, follow, max-snippet:-1, max-image-preview:large, max-video-preview:-1\" \/>\n<link rel=\"canonical\" href=\"https:\/\/arcticexcursions.com\/udflugter\/meet-sled-dogs\/\" \/>\n<meta property=\"og:locale\" content=\"da_DK\" \/>\n<meta property=\"og:type\" content=\"article\" \/>\n<meta property=\"og:title\" content=\"M\u00f8d Gr\u00f8nlandske sl\u00e6dehunde - Arctic Excursions\" \/>\n<meta property=\"og:description\" content=\"Oplev at m\u00f8de de ikoniske gr\u00f8nlandske sl\u00e6dehunde\" \/>\n<meta property=\"og:url\" content=\"https:\/\/arcticexcursions.com\/udflugter\/meet-sled-dogs\/\" \/>\n<meta property=\"og:site_name\" content=\"Arctic Excursions\" \/>\n<meta property=\"article:modified_time\" content=\"2026-04-04T10:45:31+00:00\" \/>\n<meta property=\"og:image\" content=\"https:\/\/arcticexcursions.com\/wp-content\/uploads\/2023\/10\/chanett-slaedehund.jpg\" \/>\n\t<meta property=\"og:image:width\" content=\"800\" \/>\n\t<meta property=\"og:image:height\" content=\"473\" \/>\n\t<meta property=\"og:image:type\" content=\"image\/jpeg\" \/>\n<meta name=\"twitter:card\" content=\"summary_large_image\" \/>\n<meta name=\"twitter:label1\" content=\"Estimeret l\u00e6setid\" \/>\n\t<meta name=\"twitter:data1\" content=\"1 minut\" \/>\n<script type=\"application\/ld+json\" class=\"yoast-schema-graph\">{\"@context\":\"https:\/\/schema.org\",\"@graph\":[{\"@type\":\"WebPage\",\"@id\":\"https:\/\/arcticexcursions.com\/udflugter\/meet-sled-dogs\/\",\"url\":\"https:\/\/arcticexcursions.com\/udflugter\/meet-sled-dogs\/\",\"name\":\"M\u00f8d Gr\u00f8nlandske sl\u00e6dehunde - Arctic Excursions\",\"isPartOf\":{\"@id\":\"https:\/\/arcticexcursions.com\/#website\"},\"primaryImageOfPage\":{\"@id\":\"https:\/\/arcticexcursions.com\/udflugter\/meet-sled-dogs\/#primaryimage\"},\"image\":{\"@id\":\"https:\/\/arcticexcursions.com\/udflugter\/meet-sled-dogs\/#primaryimage\"},\"thumbnailUrl\":\"https:\/\/arcticexcursions.com\/wp-content\/uploads\/2023\/10\/chanett-slaedehund.jpg\",\"datePublished\":\"2023-10-17T07:23:56+00:00\",\"dateModified\":\"2026-04-04T10:45:31+00:00\",\"breadcrumb\":{\"@id\":\"https:\/\/arcticexcursions.com\/udflugter\/meet-sled-dogs\/#breadcrumb\"},\"inLanguage\":\"da-DK\",\"potentialAction\":[{\"@type\":\"ReadAction\",\"target\":[\"https:\/\/arcticexcursions.com\/udflugter\/meet-sled-dogs\/\"]}]},{\"@type\":\"ImageObject\",\"inLanguage\":\"da-DK\",\"@id\":\"https:\/\/arcticexcursions.com\/udflugter\/meet-sled-dogs\/#primaryimage\",\"url\":\"https:\/\/arcticexcursions.com\/wp-content\/uploads\/2023\/10\/chanett-slaedehund.jpg\",\"contentUrl\":\"https:\/\/arcticexcursions.com\/wp-content\/uploads\/2023\/10\/chanett-slaedehund.jpg\",\"width\":800,\"height\":473},{\"@type\":\"BreadcrumbList\",\"@id\":\"https:\/\/arcticexcursions.com\/udflugter\/meet-sled-dogs\/#breadcrumb\",\"itemListElement\":[{\"@type\":\"ListItem\",\"position\":1,\"name\":\"Home\",\"item\":\"https:\/\/arcticexcursions.com\/da\/\"},{\"@type\":\"ListItem\",\"position\":2,\"name\":\"Udflugter i Gr\u00f8nland\",\"item\":\"https:\/\/arcticexcursions.com\/da\/udflugter\/\"},{\"@type\":\"ListItem\",\"position\":3,\"name\":\"M\u00f8d Gr\u00f8nlandske sl\u00e6dehunde\"}]},{\"@type\":\"WebSite\",\"@id\":\"https:\/\/arcticexcursions.com\/#website\",\"url\":\"https:\/\/arcticexcursions.com\/\",\"name\":\"Arctic Excursions\",\"description\":\"New adventures. Every day.\",\"publisher\":{\"@id\":\"https:\/\/arcticexcursions.com\/#organization\"},\"potentialAction\":[{\"@type\":\"SearchAction\",\"target\":{\"@type\":\"EntryPoint\",\"urlTemplate\":\"https:\/\/arcticexcursions.com\/?s={search_term_string}\"},\"query-input\":{\"@type\":\"PropertyValueSpecification\",\"valueRequired\":true,\"valueName\":\"search_term_string\"}}],\"inLanguage\":\"da-DK\"},{\"@type\":\"Organization\",\"@id\":\"https:\/\/arcticexcursions.com\/#organization\",\"name\":\"Arctic Excursions\",\"url\":\"https:\/\/arcticexcursions.com\/\",\"logo\":{\"@type\":\"ImageObject\",\"inLanguage\":\"da-DK\",\"@id\":\"https:\/\/arcticexcursions.com\/#\/schema\/logo\/image\/\",\"url\":\"https:\/\/arcticexcursions.com\/wp-content\/uploads\/2022\/11\/fb-logo.png\",\"contentUrl\":\"https:\/\/arcticexcursions.com\/wp-content\/uploads\/2022\/11\/fb-logo.png\",\"width\":523,\"height\":523,\"caption\":\"Arctic Excursions\"},\"image\":{\"@id\":\"https:\/\/arcticexcursions.com\/#\/schema\/logo\/image\/\"}}]}<\/script>\n<!-- \/ Yoast SEO plugin. -->","yoast_head_json":{"title":"Arctic Excursions","robots":{"index":"index","follow":"follow","max-snippet":"max-snippet:-1","max-image-preview":"max-image-preview:large","max-video-preview":"max-video-preview:-1"},"canonical":"https:\/\/arcticexcursions.com\/udflugter\/meet-sled-dogs\/","og_locale":"da_DK","og_type":"article","og_title":"M\u00f8d Gr\u00f8nlandske sl\u00e6dehunde - Arctic Excursions","og_description":"Oplev at m\u00f8de de ikoniske gr\u00f8nlandske sl\u00e6dehunde","og_url":"https:\/\/arcticexcursions.com\/udflugter\/meet-sled-dogs\/","og_site_name":"Arctic Excursions","article_modified_time":"2026-04-04T10:45:31+00:00","og_image":[{"width":800,"height":473,"url":"https:\/\/arcticexcursions.com\/wp-content\/uploads\/2023\/10\/chanett-slaedehund.jpg","type":"image\/jpeg"}],"twitter_card":"summary_large_image","twitter_misc":{"Estimeret l\u00e6setid":"1 minut"},"schema":{"@context":"https:\/\/schema.org","@graph":[{"@type":"WebPage","@id":"https:\/\/arcticexcursions.com\/udflugter\/meet-sled-dogs\/","url":"https:\/\/arcticexcursions.com\/udflugter\/meet-sled-dogs\/","name":"M\u00f8d Gr\u00f8nlandske sl\u00e6dehunde - Arctic Excursions","isPartOf":{"@id":"https:\/\/arcticexcursions.com\/#website"},"primaryImageOfPage":{"@id":"https:\/\/arcticexcursions.com\/udflugter\/meet-sled-dogs\/#primaryimage"},"image":{"@id":"https:\/\/arcticexcursions.com\/udflugter\/meet-sled-dogs\/#primaryimage"},"thumbnailUrl":"https:\/\/arcticexcursions.com\/wp-content\/uploads\/2023\/10\/chanett-slaedehund.jpg","datePublished":"2023-10-17T07:23:56+00:00","dateModified":"2026-04-04T10:45:31+00:00","breadcrumb":{"@id":"https:\/\/arcticexcursions.com\/udflugter\/meet-sled-dogs\/#breadcrumb"},"inLanguage":"da-DK","potentialAction":[{"@type":"ReadAction","target":["https:\/\/arcticexcursions.com\/udflugter\/meet-sled-dogs\/"]}]},{"@type":"ImageObject","inLanguage":"da-DK","@id":"https:\/\/arcticexcursions.com\/udflugter\/meet-sled-dogs\/#primaryimage","url":"https:\/\/arcticexcursions.com\/wp-content\/uploads\/2023\/10\/chanett-slaedehund.jpg","contentUrl":"https:\/\/arcticexcursions.com\/wp-content\/uploads\/2023\/10\/chanett-slaedehund.jpg","width":800,"height":473},{"@type":"BreadcrumbList","@id":"https:\/\/arcticexcursions.com\/udflugter\/meet-sled-dogs\/#breadcrumb","itemListElement":[{"@type":"ListItem","position":1,"name":"Home","item":"https:\/\/arcticexcursions.com\/da\/"},{"@type":"ListItem","position":2,"name":"Udflugter i Gr\u00f8nland","item":"https:\/\/arcticexcursions.com\/da\/udflugter\/"},{"@type":"ListItem","position":3,"name":"M\u00f8d Gr\u00f8nlandske sl\u00e6dehunde"}]},{"@type":"WebSite","@id":"https:\/\/arcticexcursions.com\/#website","url":"https:\/\/arcticexcursions.com\/","name":"Arctic Excursions","description":"New adventures. Every day.","publisher":{"@id":"https:\/\/arcticexcursions.com\/#organization"},"potentialAction":[{"@type":"SearchAction","target":{"@type":"EntryPoint","urlTemplate":"https:\/\/arcticexcursions.com\/?s={search_term_string}"},"query-input":{"@type":"PropertyValueSpecification","valueRequired":true,"valueName":"search_term_string"}}],"inLanguage":"da-DK"},{"@type":"Organization","@id":"https:\/\/arcticexcursions.com\/#organization","name":"Arctic Excursions","url":"https:\/\/arcticexcursions.com\/","logo":{"@type":"ImageObject","inLanguage":"da-DK","@id":"https:\/\/arcticexcursions.com\/#\/schema\/logo\/image\/","url":"https:\/\/arcticexcursions.com\/wp-content\/uploads\/2022\/11\/fb-logo.png","contentUrl":"https:\/\/arcticexcursions.com\/wp-content\/uploads\/2022\/11\/fb-logo.png","width":523,"height":523,"caption":"Arctic Excursions"},"image":{"@id":"https:\/\/arcticexcursions.com\/#\/schema\/logo\/image\/"}}]}},"_links":{"self":[{"href":"https:\/\/arcticexcursions.com\/da\/wp-json\/wp\/v2\/product\/15539"}],"collection":[{"href":"https:\/\/arcticexcursions.com\/da\/wp-json\/wp\/v2\/product"}],"about":[{"href":"https:\/\/arcticexcursions.com\/da\/wp-json\/wp\/v2\/types\/product"}],"replies":[{"embeddable":true,"href":"https:\/\/arcticexcursions.com\/da\/wp-json\/wp\/v2\/comments?post=15539"}],"wp:featuredmedia":[{"embeddable":true,"href":"https:\/\/arcticexcursions.com\/da\/wp-json\/wp\/v2\/media\/21520"}],"wp:attachment":[{"href":"https:\/\/arcticexcursions.com\/da\/wp-json\/wp\/v2\/media?parent=15539"}],"wp:term":[{"taxonomy":"product_brand","embeddable":true,"href":"https:\/\/arcticexcursions.com\/da\/wp-json\/wp\/v2\/product_brand?post=15539"},{"taxonomy":"product_cat","embeddable":true,"href":"https:\/\/arcticexcursions.com\/da\/wp-json\/wp\/v2\/product_cat?post=15539"},{"taxonomy":"product_tag","embeddable":true,"href":"https:\/\/arcticexcursions.com\/da\/wp-json\/wp\/v2\/product_tag?post=15539"}],"curies":[{"name":"wp","href":"https:\/\/api.w.org\/{rel}","templated":true}]}}