{"id":15602,"date":"2023-06-07T19:24:21","date_gmt":"2023-06-07T17:24:21","guid":{"rendered":"https:\/\/arcticexcursions.com\/?post_type=product&#038;p=15602"},"modified":"2024-03-30T23:53:30","modified_gmt":"2024-03-30T21:53:30","slug":"laer-groenlandshunden-at-kende-med-os","status":"publish","type":"product","link":"https:\/\/arcticexcursions.com\/da\/udflugter\/laer-groenlandshunden-at-kende-med-os\/","title":{"rendered":"M\u00f8d den gr\u00f8nlandske sl\u00e6dehund"},"content":{"rendered":"<p>L\u00e6r mere om den gr\u00f8nlandske sl\u00e6dehund, og hvordan den er blevet et s\u00e5 ikonisk symbol for Gr\u00f8nland. <\/p>\n<p>Hvorfor er sl\u00e6dehundene bydende n\u00f8dvendige for vores fortsatte eksistens i det kolde Arktis, og hvad er det, som g\u00f8r hundene s\u00e5 st\u00e6rke?<br \/>\nM\u00f8d de nuttede hundehvalpe og h\u00f8r en musher fort\u00e6lle om, hvorfor det gr\u00f8nlandske folk er s\u00e5 stolte over de gr\u00f8nlandske sl\u00e6dehunde, <\/p>\n<p><b>Varighed:<\/b> 1 time<\/p>\n<p><b>Minimum:<\/b> 4 personer<\/p>\n","protected":false},"excerpt":{"rendered":"<p>Oplev den gr\u00f8nlandske hund og l\u00e6r den at kende sammen med os.<\/p>\n","protected":false},"featured_media":15582,"comment_status":"open","ping_status":"closed","template":"","meta":{"_acf_changed":false},"product_brand":[],"product_cat":[101,170],"product_tag":[],"class_list":{"0":"post-15602","1":"product","2":"type-product","3":"status-publish","4":"has-post-thumbnail","6":"product_cat-tour","7":"product_cat-udflugt","8":"pa_dato-633","9":"pa_dato-662","10":"pa_dato-663","11":"pa_dato-439","12":"pa_dato-664","13":"pa_dato-665","14":"pa_dato-666","15":"pa_dato-491","16":"pa_dato-667","17":"pa_dato-668","18":"pa_dato-669","19":"pa_dato-670","20":"pa_dato-672","21":"pa_dato-673","22":"pa_dato-535","23":"pa_dato-910","24":"pa_dato-911","25":"pa_dato-813","26":"pa_dato-907","27":"pa_dato-860","28":"pa_dato-888","29":"pa_dato-876","30":"pa_dato-1078","31":"pa_dato-879","32":"pa_dato-1079","33":"pa_tidspunkt-61","34":"pa_tidspunkt-426","35":"pa_tidspunkt-110","36":"tour_location-ilulissat-da","37":"tour_type-kultur","38":"tour_tickettype-arctic_excursions","39":"tour_operator-wonderful-ilulissat","41":"first","42":"outofstock","43":"shipping-taxable","44":"product-type-variable"},"acf":[],"yoast_head":"<!-- This site is optimized with the Yoast SEO plugin v23.6 - https:\/\/yoast.com\/wordpress\/plugins\/seo\/ -->\n<title>Arctic Excursions<\/title>\n<meta name=\"robots\" content=\"index, follow, max-snippet:-1, max-image-preview:large, max-video-preview:-1\" \/>\n<link rel=\"canonical\" href=\"https:\/\/arcticexcursions.com\/udflugter\/get-to-know-the-greenland-dog\/\" \/>\n<meta property=\"og:locale\" content=\"da_DK\" \/>\n<meta property=\"og:type\" content=\"article\" \/>\n<meta property=\"og:title\" content=\"M\u00f8d den gr\u00f8nlandske sl\u00e6dehund - Arctic Excursions\" \/>\n<meta property=\"og:description\" content=\"Oplev den gr\u00f8nlandske hund og l\u00e6r den at kende sammen med os.\" \/>\n<meta property=\"og:url\" content=\"https:\/\/arcticexcursions.com\/udflugter\/get-to-know-the-greenland-dog\/\" \/>\n<meta property=\"og:site_name\" content=\"Arctic Excursions\" \/>\n<meta property=\"article:modified_time\" content=\"2024-03-30T21:53:30+00:00\" \/>\n<meta property=\"og:image\" content=\"https:\/\/arcticexcursions.com\/wp-content\/uploads\/2023\/06\/MicrosoftTeams-image-19.png\" \/>\n\t<meta property=\"og:image:width\" content=\"1086\" \/>\n\t<meta property=\"og:image:height\" content=\"702\" \/>\n\t<meta property=\"og:image:type\" content=\"image\/png\" \/>\n<meta name=\"twitter:card\" content=\"summary_large_image\" \/>\n<script type=\"application\/ld+json\" class=\"yoast-schema-graph\">{\"@context\":\"https:\/\/schema.org\",\"@graph\":[{\"@type\":\"WebPage\",\"@id\":\"https:\/\/arcticexcursions.com\/udflugter\/get-to-know-the-greenland-dog\/\",\"url\":\"https:\/\/arcticexcursions.com\/udflugter\/get-to-know-the-greenland-dog\/\",\"name\":\"M\u00f8d den gr\u00f8nlandske sl\u00e6dehund - Arctic Excursions\",\"isPartOf\":{\"@id\":\"https:\/\/arcticexcursions.com\/#website\"},\"primaryImageOfPage\":{\"@id\":\"https:\/\/arcticexcursions.com\/udflugter\/get-to-know-the-greenland-dog\/#primaryimage\"},\"image\":{\"@id\":\"https:\/\/arcticexcursions.com\/udflugter\/get-to-know-the-greenland-dog\/#primaryimage\"},\"thumbnailUrl\":\"https:\/\/arcticexcursions.com\/wp-content\/uploads\/2023\/06\/MicrosoftTeams-image-19.png\",\"datePublished\":\"2023-06-07T17:24:21+00:00\",\"dateModified\":\"2024-03-30T21:53:30+00:00\",\"breadcrumb\":{\"@id\":\"https:\/\/arcticexcursions.com\/udflugter\/get-to-know-the-greenland-dog\/#breadcrumb\"},\"inLanguage\":\"da-DK\",\"potentialAction\":[{\"@type\":\"ReadAction\",\"target\":[\"https:\/\/arcticexcursions.com\/udflugter\/get-to-know-the-greenland-dog\/\"]}]},{\"@type\":\"ImageObject\",\"inLanguage\":\"da-DK\",\"@id\":\"https:\/\/arcticexcursions.com\/udflugter\/get-to-know-the-greenland-dog\/#primaryimage\",\"url\":\"https:\/\/arcticexcursions.com\/wp-content\/uploads\/2023\/06\/MicrosoftTeams-image-19.png\",\"contentUrl\":\"https:\/\/arcticexcursions.com\/wp-content\/uploads\/2023\/06\/MicrosoftTeams-image-19.png\",\"width\":1086,\"height\":702},{\"@type\":\"BreadcrumbList\",\"@id\":\"https:\/\/arcticexcursions.com\/udflugter\/get-to-know-the-greenland-dog\/#breadcrumb\",\"itemListElement\":[{\"@type\":\"ListItem\",\"position\":1,\"name\":\"Home\",\"item\":\"https:\/\/arcticexcursions.com\/da\/\"},{\"@type\":\"ListItem\",\"position\":2,\"name\":\"Udflugter i Gr\u00f8nland\",\"item\":\"https:\/\/arcticexcursions.com\/da\/udflugter\/\"},{\"@type\":\"ListItem\",\"position\":3,\"name\":\"M\u00f8d den gr\u00f8nlandske sl\u00e6dehund\"}]},{\"@type\":\"WebSite\",\"@id\":\"https:\/\/arcticexcursions.com\/#website\",\"url\":\"https:\/\/arcticexcursions.com\/\",\"name\":\"Arctic Excursions\",\"description\":\"New adventures. Every day.\",\"publisher\":{\"@id\":\"https:\/\/arcticexcursions.com\/#organization\"},\"potentialAction\":[{\"@type\":\"SearchAction\",\"target\":{\"@type\":\"EntryPoint\",\"urlTemplate\":\"https:\/\/arcticexcursions.com\/?s={search_term_string}\"},\"query-input\":{\"@type\":\"PropertyValueSpecification\",\"valueRequired\":true,\"valueName\":\"search_term_string\"}}],\"inLanguage\":\"da-DK\"},{\"@type\":\"Organization\",\"@id\":\"https:\/\/arcticexcursions.com\/#organization\",\"name\":\"Arctic Excursions\",\"url\":\"https:\/\/arcticexcursions.com\/\",\"logo\":{\"@type\":\"ImageObject\",\"inLanguage\":\"da-DK\",\"@id\":\"https:\/\/arcticexcursions.com\/#\/schema\/logo\/image\/\",\"url\":\"https:\/\/arcticexcursions.com\/wp-content\/uploads\/2022\/11\/fb-logo.png\",\"contentUrl\":\"https:\/\/arcticexcursions.com\/wp-content\/uploads\/2022\/11\/fb-logo.png\",\"width\":523,\"height\":523,\"caption\":\"Arctic Excursions\"},\"image\":{\"@id\":\"https:\/\/arcticexcursions.com\/#\/schema\/logo\/image\/\"}}]}<\/script>\n<!-- \/ Yoast SEO plugin. -->","yoast_head_json":{"title":"Arctic Excursions","robots":{"index":"index","follow":"follow","max-snippet":"max-snippet:-1","max-image-preview":"max-image-preview:large","max-video-preview":"max-video-preview:-1"},"canonical":"https:\/\/arcticexcursions.com\/udflugter\/get-to-know-the-greenland-dog\/","og_locale":"da_DK","og_type":"article","og_title":"M\u00f8d den gr\u00f8nlandske sl\u00e6dehund - Arctic Excursions","og_description":"Oplev den gr\u00f8nlandske hund og l\u00e6r den at kende sammen med os.","og_url":"https:\/\/arcticexcursions.com\/udflugter\/get-to-know-the-greenland-dog\/","og_site_name":"Arctic Excursions","article_modified_time":"2024-03-30T21:53:30+00:00","og_image":[{"width":1086,"height":702,"url":"https:\/\/arcticexcursions.com\/wp-content\/uploads\/2023\/06\/MicrosoftTeams-image-19.png","type":"image\/png"}],"twitter_card":"summary_large_image","schema":{"@context":"https:\/\/schema.org","@graph":[{"@type":"WebPage","@id":"https:\/\/arcticexcursions.com\/udflugter\/get-to-know-the-greenland-dog\/","url":"https:\/\/arcticexcursions.com\/udflugter\/get-to-know-the-greenland-dog\/","name":"M\u00f8d den gr\u00f8nlandske sl\u00e6dehund - Arctic Excursions","isPartOf":{"@id":"https:\/\/arcticexcursions.com\/#website"},"primaryImageOfPage":{"@id":"https:\/\/arcticexcursions.com\/udflugter\/get-to-know-the-greenland-dog\/#primaryimage"},"image":{"@id":"https:\/\/arcticexcursions.com\/udflugter\/get-to-know-the-greenland-dog\/#primaryimage"},"thumbnailUrl":"https:\/\/arcticexcursions.com\/wp-content\/uploads\/2023\/06\/MicrosoftTeams-image-19.png","datePublished":"2023-06-07T17:24:21+00:00","dateModified":"2024-03-30T21:53:30+00:00","breadcrumb":{"@id":"https:\/\/arcticexcursions.com\/udflugter\/get-to-know-the-greenland-dog\/#breadcrumb"},"inLanguage":"da-DK","potentialAction":[{"@type":"ReadAction","target":["https:\/\/arcticexcursions.com\/udflugter\/get-to-know-the-greenland-dog\/"]}]},{"@type":"ImageObject","inLanguage":"da-DK","@id":"https:\/\/arcticexcursions.com\/udflugter\/get-to-know-the-greenland-dog\/#primaryimage","url":"https:\/\/arcticexcursions.com\/wp-content\/uploads\/2023\/06\/MicrosoftTeams-image-19.png","contentUrl":"https:\/\/arcticexcursions.com\/wp-content\/uploads\/2023\/06\/MicrosoftTeams-image-19.png","width":1086,"height":702},{"@type":"BreadcrumbList","@id":"https:\/\/arcticexcursions.com\/udflugter\/get-to-know-the-greenland-dog\/#breadcrumb","itemListElement":[{"@type":"ListItem","position":1,"name":"Home","item":"https:\/\/arcticexcursions.com\/da\/"},{"@type":"ListItem","position":2,"name":"Udflugter i Gr\u00f8nland","item":"https:\/\/arcticexcursions.com\/da\/udflugter\/"},{"@type":"ListItem","position":3,"name":"M\u00f8d den gr\u00f8nlandske sl\u00e6dehund"}]},{"@type":"WebSite","@id":"https:\/\/arcticexcursions.com\/#website","url":"https:\/\/arcticexcursions.com\/","name":"Arctic Excursions","description":"New adventures. Every day.","publisher":{"@id":"https:\/\/arcticexcursions.com\/#organization"},"potentialAction":[{"@type":"SearchAction","target":{"@type":"EntryPoint","urlTemplate":"https:\/\/arcticexcursions.com\/?s={search_term_string}"},"query-input":{"@type":"PropertyValueSpecification","valueRequired":true,"valueName":"search_term_string"}}],"inLanguage":"da-DK"},{"@type":"Organization","@id":"https:\/\/arcticexcursions.com\/#organization","name":"Arctic Excursions","url":"https:\/\/arcticexcursions.com\/","logo":{"@type":"ImageObject","inLanguage":"da-DK","@id":"https:\/\/arcticexcursions.com\/#\/schema\/logo\/image\/","url":"https:\/\/arcticexcursions.com\/wp-content\/uploads\/2022\/11\/fb-logo.png","contentUrl":"https:\/\/arcticexcursions.com\/wp-content\/uploads\/2022\/11\/fb-logo.png","width":523,"height":523,"caption":"Arctic Excursions"},"image":{"@id":"https:\/\/arcticexcursions.com\/#\/schema\/logo\/image\/"}}]}},"_links":{"self":[{"href":"https:\/\/arcticexcursions.com\/da\/wp-json\/wp\/v2\/product\/15602"}],"collection":[{"href":"https:\/\/arcticexcursions.com\/da\/wp-json\/wp\/v2\/product"}],"about":[{"href":"https:\/\/arcticexcursions.com\/da\/wp-json\/wp\/v2\/types\/product"}],"replies":[{"embeddable":true,"href":"https:\/\/arcticexcursions.com\/da\/wp-json\/wp\/v2\/comments?post=15602"}],"wp:featuredmedia":[{"embeddable":true,"href":"https:\/\/arcticexcursions.com\/da\/wp-json\/wp\/v2\/media\/15582"}],"wp:attachment":[{"href":"https:\/\/arcticexcursions.com\/da\/wp-json\/wp\/v2\/media?parent=15602"}],"wp:term":[{"taxonomy":"product_brand","embeddable":true,"href":"https:\/\/arcticexcursions.com\/da\/wp-json\/wp\/v2\/product_brand?post=15602"},{"taxonomy":"product_cat","embeddable":true,"href":"https:\/\/arcticexcursions.com\/da\/wp-json\/wp\/v2\/product_cat?post=15602"},{"taxonomy":"product_tag","embeddable":true,"href":"https:\/\/arcticexcursions.com\/da\/wp-json\/wp\/v2\/product_tag?post=15602"}],"curies":[{"name":"wp","href":"https:\/\/api.w.org\/{rel}","templated":true}]}}