{"id":15766,"date":"2023-06-10T16:01:18","date_gmt":"2023-06-10T14:01:18","guid":{"rendered":"https:\/\/arcticexcursions.com\/?post_type=product&#038;p=15766"},"modified":"2025-10-24T13:12:55","modified_gmt":"2025-10-24T11:12:55","slug":"beach-iglos-lodged","status":"publish","type":"product","link":"https:\/\/arcticexcursions.com\/da\/udflugter\/beach-iglos-lodged\/","title":{"rendered":"Overnatning i Iglo Hytte"},"content":{"rendered":"<p>I denne vidunderlige Iglo Lodge har hver s\u00e6son sine egne vidunderlige oplevelser at byde p\u00e5. Om vinteren kan du se stjerner eller nordlys lige fra din seng. Om sommeren kan du nyde udsigten over stranden og vandet. Beach Iglo Lodge er det perfekte sted at slappe af og komme tilbage i kontakt med naturen, mens du genoplader dine batterier.<\/p>\n<p>Igloen har en \u00e5ben grundplan, et lille k\u00f8kken og et badev\u00e6relse. <\/p>\n<p><b>Varighed:<\/b> Der skal bookes 1 billet pr. nat. <\/p>\n<p><b>Deltagere:<\/b> Hytten kan rumme 4 overnattende g\u00e6ster.<\/p>\n<p><b>Faciliteter:<\/b> K\u00f8kken, badev\u00e6relse, sengelinned og h\u00e5ndkl\u00e6der,<\/p>\n<p><b>Forplejning:<\/b> Medbring mad og drikke<\/p>\n<p><b>Check-in og check-out:<\/b> Hentes p\u00e5 m\u00f8dested p\u00e5 det valgte afgangstidspunkt.<\/p>\n","protected":false},"excerpt":{"rendered":"<p>Oplev en overnatning i igloen &#8220;Beach Iglo Lodge&#8221; i Qeqertarsuaq<\/p>\n","protected":false},"featured_media":15741,"comment_status":"open","ping_status":"closed","template":"","meta":{"_acf_changed":false},"product_brand":[],"product_cat":[101,170],"product_tag":[],"class_list":{"0":"post-15766","1":"product","2":"type-product","3":"status-publish","4":"has-post-thumbnail","6":"product_cat-tour","7":"product_cat-udflugt","8":"pa_dato-781","9":"pa_dato-974","10":"pa_dato-782","11":"pa_dato-783","12":"pa_dato-913","13":"pa_dato-975","14":"pa_dato-969","15":"pa_dato-784","16":"pa_dato-1068","17":"pa_dato-785","18":"pa_dato-786","19":"pa_dato-915","20":"pa_dato-976","21":"pa_dato-978","22":"pa_dato-787","23":"pa_dato-979","24":"pa_dato-788","25":"pa_dato-789","26":"pa_dato-916","27":"pa_dato-925","28":"pa_dato-926","29":"pa_dato-790","30":"pa_dato-980","31":"pa_dato-791","32":"pa_dato-792","33":"pa_dato-914","34":"pa_dato-977","35":"pa_dato-970","36":"pa_dato-793","37":"pa_dato-841","38":"pa_dato-794","39":"pa_dato-795","40":"pa_dato-931","41":"pa_dato-981","42":"pa_dato-971","43":"pa_dato-796","44":"pa_dato-984","45":"pa_dato-797","46":"pa_dato-798","47":"pa_dato-932","48":"pa_dato-799","49":"pa_dato-939","50":"pa_dato-800","51":"pa_dato-801","52":"pa_dato-933","53":"pa_dato-982","54":"pa_dato-983","55":"pa_dato-802","56":"pa_dato-985","57":"pa_dato-1077","58":"pa_dato-903","59":"pa_dato-854","60":"pa_dato-870","61":"pa_dato-884","62":"pa_dato-858","63":"pa_dato-930","64":"pa_dato-860","65":"pa_dato-1170","66":"pa_dato-876","67":"pa_dato-1189","68":"pa_dato-1078","69":"pa_dato-949","70":"pa_dato-879","71":"pa_dato-880","72":"pa_dato-1079","73":"pa_dato-862","74":"pa_dato-895","75":"pa_dato-1090","76":"pa_dato-868","77":"pa_dato-1093","78":"pa_dato-1085","79":"pa_dato-1096","80":"pa_dato-1086","81":"pa_dato-1130","82":"pa_dato-1027","83":"pa_dato-990","84":"pa_dato-994","85":"pa_dato-998","86":"pa_dato-1005","87":"pa_dato-1015","88":"pa_dato-1135","89":"pa_dato-1185","90":"pa_dato-1186","91":"pa_dato-1215","92":"pa_dato-5989","93":"pa_dato-5919","94":"pa_dato-5941","95":"pa_tidspunkt-177","96":"pa_tidspunkt-308","97":"pa_tidspunkt-61","98":"pa_tidspunkt-426","99":"pa_tidspunkt-110","100":"tour_location-qeqertarsuatsiaat-da","101":"tour_type-ophold","102":"tour_tickettype-arctic_excursions","103":"tour_operator-qeqertarsuaq-tours","105":"first","106":"outofstock","107":"shipping-taxable","108":"product-type-variable"},"acf":[],"yoast_head":"<!-- This site is optimized with the Yoast SEO plugin v23.6 - https:\/\/yoast.com\/wordpress\/plugins\/seo\/ -->\n<title>Arctic Excursions<\/title>\n<meta name=\"robots\" content=\"index, follow, max-snippet:-1, max-image-preview:large, max-video-preview:-1\" \/>\n<link rel=\"canonical\" href=\"https:\/\/arcticexcursions.com\/da\/udflugter\/beach-iglos-lodged\/\" \/>\n<meta property=\"og:locale\" content=\"da_DK\" \/>\n<meta property=\"og:type\" content=\"article\" \/>\n<meta property=\"og:title\" content=\"Overnatning i Iglo Hytte - Arctic Excursions\" \/>\n<meta property=\"og:description\" content=\"Oplev en overnatning i igloen &quot;Beach Iglo Lodge&quot; i Qeqertarsuaq\" \/>\n<meta property=\"og:url\" content=\"https:\/\/arcticexcursions.com\/da\/udflugter\/beach-iglos-lodged\/\" \/>\n<meta property=\"og:site_name\" content=\"Arctic Excursions\" \/>\n<meta property=\"article:modified_time\" content=\"2025-10-24T11:12:55+00:00\" \/>\n<meta property=\"og:image\" content=\"https:\/\/arcticexcursions.com\/wp-content\/uploads\/2023\/06\/351443924_804598324350221_4463261192840590394_n.jpg\" \/>\n\t<meta property=\"og:image:width\" content=\"1536\" \/>\n\t<meta property=\"og:image:height\" content=\"2048\" \/>\n\t<meta property=\"og:image:type\" content=\"image\/jpeg\" \/>\n<meta name=\"twitter:card\" content=\"summary_large_image\" \/>\n<meta name=\"twitter:label1\" content=\"Estimeret l\u00e6setid\" \/>\n\t<meta name=\"twitter:data1\" content=\"1 minut\" \/>\n<script type=\"application\/ld+json\" class=\"yoast-schema-graph\">{\"@context\":\"https:\/\/schema.org\",\"@graph\":[{\"@type\":\"WebPage\",\"@id\":\"https:\/\/arcticexcursions.com\/da\/udflugter\/beach-iglos-lodged\/\",\"url\":\"https:\/\/arcticexcursions.com\/da\/udflugter\/beach-iglos-lodged\/\",\"name\":\"Overnatning i Iglo Hytte - Arctic Excursions\",\"isPartOf\":{\"@id\":\"https:\/\/arcticexcursions.com\/#website\"},\"primaryImageOfPage\":{\"@id\":\"https:\/\/arcticexcursions.com\/da\/udflugter\/beach-iglos-lodged\/#primaryimage\"},\"image\":{\"@id\":\"https:\/\/arcticexcursions.com\/da\/udflugter\/beach-iglos-lodged\/#primaryimage\"},\"thumbnailUrl\":\"https:\/\/arcticexcursions.com\/wp-content\/uploads\/2023\/06\/351443924_804598324350221_4463261192840590394_n.jpg\",\"datePublished\":\"2023-06-10T14:01:18+00:00\",\"dateModified\":\"2025-10-24T11:12:55+00:00\",\"breadcrumb\":{\"@id\":\"https:\/\/arcticexcursions.com\/da\/udflugter\/beach-iglos-lodged\/#breadcrumb\"},\"inLanguage\":\"da-DK\",\"potentialAction\":[{\"@type\":\"ReadAction\",\"target\":[\"https:\/\/arcticexcursions.com\/da\/udflugter\/beach-iglos-lodged\/\"]}]},{\"@type\":\"ImageObject\",\"inLanguage\":\"da-DK\",\"@id\":\"https:\/\/arcticexcursions.com\/da\/udflugter\/beach-iglos-lodged\/#primaryimage\",\"url\":\"https:\/\/arcticexcursions.com\/wp-content\/uploads\/2023\/06\/351443924_804598324350221_4463261192840590394_n.jpg\",\"contentUrl\":\"https:\/\/arcticexcursions.com\/wp-content\/uploads\/2023\/06\/351443924_804598324350221_4463261192840590394_n.jpg\",\"width\":1536,\"height\":2048},{\"@type\":\"BreadcrumbList\",\"@id\":\"https:\/\/arcticexcursions.com\/da\/udflugter\/beach-iglos-lodged\/#breadcrumb\",\"itemListElement\":[{\"@type\":\"ListItem\",\"position\":1,\"name\":\"Home\",\"item\":\"https:\/\/arcticexcursions.com\/da\/\"},{\"@type\":\"ListItem\",\"position\":2,\"name\":\"Udflugter i Gr\u00f8nland\",\"item\":\"https:\/\/arcticexcursions.com\/da\/udflugter\/\"},{\"@type\":\"ListItem\",\"position\":3,\"name\":\"Overnatning i Iglo Hytte\"}]},{\"@type\":\"WebSite\",\"@id\":\"https:\/\/arcticexcursions.com\/#website\",\"url\":\"https:\/\/arcticexcursions.com\/\",\"name\":\"Arctic Excursions\",\"description\":\"New adventures. Every day.\",\"publisher\":{\"@id\":\"https:\/\/arcticexcursions.com\/#organization\"},\"potentialAction\":[{\"@type\":\"SearchAction\",\"target\":{\"@type\":\"EntryPoint\",\"urlTemplate\":\"https:\/\/arcticexcursions.com\/?s={search_term_string}\"},\"query-input\":{\"@type\":\"PropertyValueSpecification\",\"valueRequired\":true,\"valueName\":\"search_term_string\"}}],\"inLanguage\":\"da-DK\"},{\"@type\":\"Organization\",\"@id\":\"https:\/\/arcticexcursions.com\/#organization\",\"name\":\"Arctic Excursions\",\"url\":\"https:\/\/arcticexcursions.com\/\",\"logo\":{\"@type\":\"ImageObject\",\"inLanguage\":\"da-DK\",\"@id\":\"https:\/\/arcticexcursions.com\/#\/schema\/logo\/image\/\",\"url\":\"https:\/\/arcticexcursions.com\/wp-content\/uploads\/2022\/11\/fb-logo.png\",\"contentUrl\":\"https:\/\/arcticexcursions.com\/wp-content\/uploads\/2022\/11\/fb-logo.png\",\"width\":523,\"height\":523,\"caption\":\"Arctic Excursions\"},\"image\":{\"@id\":\"https:\/\/arcticexcursions.com\/#\/schema\/logo\/image\/\"}}]}<\/script>\n<!-- \/ Yoast SEO plugin. -->","yoast_head_json":{"title":"Arctic Excursions","robots":{"index":"index","follow":"follow","max-snippet":"max-snippet:-1","max-image-preview":"max-image-preview:large","max-video-preview":"max-video-preview:-1"},"canonical":"https:\/\/arcticexcursions.com\/da\/udflugter\/beach-iglos-lodged\/","og_locale":"da_DK","og_type":"article","og_title":"Overnatning i Iglo Hytte - Arctic Excursions","og_description":"Oplev en overnatning i igloen \"Beach Iglo Lodge\" i Qeqertarsuaq","og_url":"https:\/\/arcticexcursions.com\/da\/udflugter\/beach-iglos-lodged\/","og_site_name":"Arctic Excursions","article_modified_time":"2025-10-24T11:12:55+00:00","og_image":[{"width":1536,"height":2048,"url":"https:\/\/arcticexcursions.com\/wp-content\/uploads\/2023\/06\/351443924_804598324350221_4463261192840590394_n.jpg","type":"image\/jpeg"}],"twitter_card":"summary_large_image","twitter_misc":{"Estimeret l\u00e6setid":"1 minut"},"schema":{"@context":"https:\/\/schema.org","@graph":[{"@type":"WebPage","@id":"https:\/\/arcticexcursions.com\/da\/udflugter\/beach-iglos-lodged\/","url":"https:\/\/arcticexcursions.com\/da\/udflugter\/beach-iglos-lodged\/","name":"Overnatning i Iglo Hytte - Arctic Excursions","isPartOf":{"@id":"https:\/\/arcticexcursions.com\/#website"},"primaryImageOfPage":{"@id":"https:\/\/arcticexcursions.com\/da\/udflugter\/beach-iglos-lodged\/#primaryimage"},"image":{"@id":"https:\/\/arcticexcursions.com\/da\/udflugter\/beach-iglos-lodged\/#primaryimage"},"thumbnailUrl":"https:\/\/arcticexcursions.com\/wp-content\/uploads\/2023\/06\/351443924_804598324350221_4463261192840590394_n.jpg","datePublished":"2023-06-10T14:01:18+00:00","dateModified":"2025-10-24T11:12:55+00:00","breadcrumb":{"@id":"https:\/\/arcticexcursions.com\/da\/udflugter\/beach-iglos-lodged\/#breadcrumb"},"inLanguage":"da-DK","potentialAction":[{"@type":"ReadAction","target":["https:\/\/arcticexcursions.com\/da\/udflugter\/beach-iglos-lodged\/"]}]},{"@type":"ImageObject","inLanguage":"da-DK","@id":"https:\/\/arcticexcursions.com\/da\/udflugter\/beach-iglos-lodged\/#primaryimage","url":"https:\/\/arcticexcursions.com\/wp-content\/uploads\/2023\/06\/351443924_804598324350221_4463261192840590394_n.jpg","contentUrl":"https:\/\/arcticexcursions.com\/wp-content\/uploads\/2023\/06\/351443924_804598324350221_4463261192840590394_n.jpg","width":1536,"height":2048},{"@type":"BreadcrumbList","@id":"https:\/\/arcticexcursions.com\/da\/udflugter\/beach-iglos-lodged\/#breadcrumb","itemListElement":[{"@type":"ListItem","position":1,"name":"Home","item":"https:\/\/arcticexcursions.com\/da\/"},{"@type":"ListItem","position":2,"name":"Udflugter i Gr\u00f8nland","item":"https:\/\/arcticexcursions.com\/da\/udflugter\/"},{"@type":"ListItem","position":3,"name":"Overnatning i Iglo Hytte"}]},{"@type":"WebSite","@id":"https:\/\/arcticexcursions.com\/#website","url":"https:\/\/arcticexcursions.com\/","name":"Arctic Excursions","description":"New adventures. Every day.","publisher":{"@id":"https:\/\/arcticexcursions.com\/#organization"},"potentialAction":[{"@type":"SearchAction","target":{"@type":"EntryPoint","urlTemplate":"https:\/\/arcticexcursions.com\/?s={search_term_string}"},"query-input":{"@type":"PropertyValueSpecification","valueRequired":true,"valueName":"search_term_string"}}],"inLanguage":"da-DK"},{"@type":"Organization","@id":"https:\/\/arcticexcursions.com\/#organization","name":"Arctic Excursions","url":"https:\/\/arcticexcursions.com\/","logo":{"@type":"ImageObject","inLanguage":"da-DK","@id":"https:\/\/arcticexcursions.com\/#\/schema\/logo\/image\/","url":"https:\/\/arcticexcursions.com\/wp-content\/uploads\/2022\/11\/fb-logo.png","contentUrl":"https:\/\/arcticexcursions.com\/wp-content\/uploads\/2022\/11\/fb-logo.png","width":523,"height":523,"caption":"Arctic Excursions"},"image":{"@id":"https:\/\/arcticexcursions.com\/#\/schema\/logo\/image\/"}}]}},"_links":{"self":[{"href":"https:\/\/arcticexcursions.com\/da\/wp-json\/wp\/v2\/product\/15766"}],"collection":[{"href":"https:\/\/arcticexcursions.com\/da\/wp-json\/wp\/v2\/product"}],"about":[{"href":"https:\/\/arcticexcursions.com\/da\/wp-json\/wp\/v2\/types\/product"}],"replies":[{"embeddable":true,"href":"https:\/\/arcticexcursions.com\/da\/wp-json\/wp\/v2\/comments?post=15766"}],"wp:featuredmedia":[{"embeddable":true,"href":"https:\/\/arcticexcursions.com\/da\/wp-json\/wp\/v2\/media\/15741"}],"wp:attachment":[{"href":"https:\/\/arcticexcursions.com\/da\/wp-json\/wp\/v2\/media?parent=15766"}],"wp:term":[{"taxonomy":"product_brand","embeddable":true,"href":"https:\/\/arcticexcursions.com\/da\/wp-json\/wp\/v2\/product_brand?post=15766"},{"taxonomy":"product_cat","embeddable":true,"href":"https:\/\/arcticexcursions.com\/da\/wp-json\/wp\/v2\/product_cat?post=15766"},{"taxonomy":"product_tag","embeddable":true,"href":"https:\/\/arcticexcursions.com\/da\/wp-json\/wp\/v2\/product_tag?post=15766"}],"curies":[{"name":"wp","href":"https:\/\/api.w.org\/{rel}","templated":true}]}}