{"id":16662,"date":"2024-01-17T19:01:42","date_gmt":"2024-01-17T17:01:42","guid":{"rendered":"https:\/\/arcticexcursions.com\/?post_type=product&#038;p=16662"},"modified":"2026-02-03T18:32:24","modified_gmt":"2026-02-03T16:32:24","slug":"midnight-sailing-to-the-icefjord","status":"publish","type":"product","link":"https:\/\/arcticexcursions.com\/da\/udflugter\/midnight-sailing-to-the-icefjord\/","title":{"rendered":"Midnatssejlads til isfjorden"},"content":{"rendered":"<p>Isbjergene har en silkeagtig glans, der skifter fra hvide og bl\u00e5lige toner om natten til mere violette, gule og r\u00f8dlige nuancer, n\u00e5r solen bev\u00e6ger sig t\u00e6ttere p\u00e5 horisonten eller lige under den. <\/p>\n<p>Vi sejler til isfjorden og tilbringer aftenen der.<\/p>\n<p>P\u00e5 grund af Ilulissats breddegrad p\u00e5 69 grader nord bringer sommeren ikke kun et varmere milj\u00f8 med sig, men ogs\u00e5 midnatssolen fra cirka 20. maj til 23. juli. N\u00e5r midnatssolens s\u00e6son er overst\u00e5et, kan du reservere vores &#8220;Icefjord Sailing&#8221;-eventyr.<\/p>\n<p><b>Varighed:<\/b> 2 timer og 30 minutter.<\/p>\n<p><b>Deltagere:<\/b> Bem\u00e6rk venligst, at udflugten kun gennemf\u00f8res, hvis der er mindst 4 bookede billetter i alt. Hvis du for eksempel booker 2 billetter, skal der s\u00e6lges mindst 2 yderligere billetter til andre kunder, f\u00f8r turen kan finde sted. Der vil deltage maksimalt 12 personer.<\/p>\n<p><b>Sprog:<\/b> Guiden\/kaptajnen taler dansk, engelsk og gr\u00f8nlandsk<\/p>\n<p><b>B\u00e5dtype:<\/b> Lukket b\u00e5d<\/p>\n<p><b>Toiletforhold:<\/b> Der er toilet p\u00e5 b\u00e5den<\/p>\n<p><b>Forplejning:<\/b> Kaffe og te serveres p\u00e5 b\u00e5den<\/p>\n<p><b>Anbefalet p\u00e5kl\u00e6dning:<\/b> Varmt t\u00f8j inkl. hue og handsker hele \u00e5ret. Solbriller. Solcreme om sommeren.<\/p>\n","protected":false},"excerpt":{"rendered":"<p>Oplev midnatssejlads til isfjorden med en lukket b\u00e5d sammen med os.<\/p>\n","protected":false},"featured_media":28326,"comment_status":"open","ping_status":"closed","template":"","meta":{"_acf_changed":false},"product_brand":[],"product_cat":[101,170],"product_tag":[],"class_list":{"0":"post-16662","1":"product","2":"type-product","3":"status-publish","4":"has-post-thumbnail","6":"product_cat-tour","7":"product_cat-udflugt","8":"pa_dato-1061","9":"pa_dato-1064","10":"pa_dato-1066","11":"pa_dato-901","12":"pa_dato-898","13":"pa_dato-1067","14":"pa_dato-912","15":"pa_dato-1125","16":"pa_dato-1127","17":"pa_dato-902","18":"pa_dato-1173","19":"pa_dato-1174","20":"pa_dato-963","21":"pa_dato-1128","22":"pa_dato-1129","23":"pa_dato-1023","24":"pa_dato-966","25":"pa_dato-1025","26":"pa_dato-1026","27":"pa_dato-1027","28":"pa_dato-1028","29":"pa_dato-1029","30":"pa_dato-1030","31":"pa_dato-1031","32":"pa_dato-988","33":"pa_dato-990","34":"pa_dato-993","35":"pa_dato-994","36":"pa_dato-995","37":"pa_dato-1034","38":"pa_dato-996","39":"pa_dato-997","40":"pa_dato-998","41":"pa_dato-999","42":"pa_dato-1000","43":"pa_dato-1001","44":"pa_dato-1002","45":"pa_dato-1005","46":"pa_dato-1036","47":"pa_dato-1040","48":"pa_dato-1010","49":"pa_dato-968","50":"pa_dato-1012","51":"pa_dato-1013","52":"pa_dato-1018","53":"pa_dato-1019","54":"pa_dato-1022","55":"pa_dato-1049","56":"pa_dato-5922","57":"pa_dato-5881","58":"pa_dato-5923","59":"pa_dato-5921","60":"pa_dato-6042","61":"pa_dato-6043","62":"pa_dato-5890","63":"pa_dato-5916","64":"pa_dato-5934","65":"pa_dato-6072","66":"pa_dato-6066","67":"pa_dato-6065","68":"pa_dato-5878","69":"pa_dato-6017","70":"pa_dato-6071","71":"pa_dato-5993","72":"pa_dato-5936","73":"pa_dato-6070","74":"pa_dato-6018","75":"pa_dato-6019","76":"pa_dato-5947","77":"pa_dato-6064","78":"pa_dato-6047","79":"pa_dato-5932","80":"pa_dato-5999","81":"pa_dato-6005","82":"pa_dato-5895","83":"pa_dato-5952","84":"pa_dato-1193","85":"pa_dato-5949","86":"pa_dato-5974","87":"pa_dato-5965","88":"pa_dato-5975","89":"pa_dato-6021","90":"pa_dato-6051","91":"pa_dato-5880","92":"pa_dato-5937","93":"pa_dato-5964","94":"pa_dato-6024","95":"pa_dato-5931","96":"pa_dato-5926","97":"pa_tidspunkt-828","98":"pa_tidspunkt-82","99":"tour_location-ilulissat-da","100":"tour_type-boat-trip","101":"tour_type-isbjerge","102":"tour_type-baadture","103":"tour_tickettype-arctic_excursions","104":"tour_operator-albatros-arctic-circle-ilulissat","106":"first","107":"outofstock","108":"shipping-taxable","109":"product-type-variable"},"acf":[],"yoast_head":"<!-- This site is optimized with the Yoast SEO plugin v23.6 - https:\/\/yoast.com\/wordpress\/plugins\/seo\/ -->\n<title>Arctic Excursions<\/title>\n<meta name=\"robots\" content=\"index, follow, max-snippet:-1, max-image-preview:large, max-video-preview:-1\" \/>\n<link rel=\"canonical\" href=\"https:\/\/arcticexcursions.com\/udflugter\/midnight-sailing-to-the-icefjord\/\" \/>\n<meta property=\"og:locale\" content=\"da_DK\" \/>\n<meta property=\"og:type\" content=\"article\" \/>\n<meta property=\"og:title\" content=\"Midnatssejlads til isfjorden - Arctic Excursions\" \/>\n<meta property=\"og:description\" content=\"Oplev midnatssejlads til isfjorden med en lukket b\u00e5d sammen med os.\" \/>\n<meta property=\"og:url\" content=\"https:\/\/arcticexcursions.com\/udflugter\/midnight-sailing-to-the-icefjord\/\" \/>\n<meta property=\"og:site_name\" content=\"Arctic Excursions\" \/>\n<meta property=\"article:modified_time\" content=\"2026-02-03T16:32:24+00:00\" \/>\n<meta property=\"og:image\" content=\"https:\/\/arcticexcursions.com\/wp-content\/uploads\/2024\/01\/ILULISSAT-scaled.jpg\" \/>\n\t<meta property=\"og:image:width\" content=\"2560\" \/>\n\t<meta property=\"og:image:height\" content=\"1350\" \/>\n\t<meta property=\"og:image:type\" content=\"image\/jpeg\" \/>\n<meta name=\"twitter:card\" content=\"summary_large_image\" \/>\n<meta name=\"twitter:label1\" content=\"Estimeret l\u00e6setid\" \/>\n\t<meta name=\"twitter:data1\" content=\"1 minut\" \/>\n<script type=\"application\/ld+json\" class=\"yoast-schema-graph\">{\"@context\":\"https:\/\/schema.org\",\"@graph\":[{\"@type\":\"WebPage\",\"@id\":\"https:\/\/arcticexcursions.com\/udflugter\/midnight-sailing-to-the-icefjord\/\",\"url\":\"https:\/\/arcticexcursions.com\/udflugter\/midnight-sailing-to-the-icefjord\/\",\"name\":\"Midnatssejlads til isfjorden - Arctic Excursions\",\"isPartOf\":{\"@id\":\"https:\/\/arcticexcursions.com\/#website\"},\"primaryImageOfPage\":{\"@id\":\"https:\/\/arcticexcursions.com\/udflugter\/midnight-sailing-to-the-icefjord\/#primaryimage\"},\"image\":{\"@id\":\"https:\/\/arcticexcursions.com\/udflugter\/midnight-sailing-to-the-icefjord\/#primaryimage\"},\"thumbnailUrl\":\"https:\/\/arcticexcursions.com\/wp-content\/uploads\/2024\/01\/ILULISSAT-scaled.jpg\",\"datePublished\":\"2024-01-17T17:01:42+00:00\",\"dateModified\":\"2026-02-03T16:32:24+00:00\",\"breadcrumb\":{\"@id\":\"https:\/\/arcticexcursions.com\/udflugter\/midnight-sailing-to-the-icefjord\/#breadcrumb\"},\"inLanguage\":\"da-DK\",\"potentialAction\":[{\"@type\":\"ReadAction\",\"target\":[\"https:\/\/arcticexcursions.com\/udflugter\/midnight-sailing-to-the-icefjord\/\"]}]},{\"@type\":\"ImageObject\",\"inLanguage\":\"da-DK\",\"@id\":\"https:\/\/arcticexcursions.com\/udflugter\/midnight-sailing-to-the-icefjord\/#primaryimage\",\"url\":\"https:\/\/arcticexcursions.com\/wp-content\/uploads\/2024\/01\/ILULISSAT-scaled.jpg\",\"contentUrl\":\"https:\/\/arcticexcursions.com\/wp-content\/uploads\/2024\/01\/ILULISSAT-scaled.jpg\",\"width\":2560,\"height\":1350},{\"@type\":\"BreadcrumbList\",\"@id\":\"https:\/\/arcticexcursions.com\/udflugter\/midnight-sailing-to-the-icefjord\/#breadcrumb\",\"itemListElement\":[{\"@type\":\"ListItem\",\"position\":1,\"name\":\"Home\",\"item\":\"https:\/\/arcticexcursions.com\/da\/\"},{\"@type\":\"ListItem\",\"position\":2,\"name\":\"Udflugter i Gr\u00f8nland\",\"item\":\"https:\/\/arcticexcursions.com\/da\/udflugter\/\"},{\"@type\":\"ListItem\",\"position\":3,\"name\":\"Midnatssejlads til isfjorden\"}]},{\"@type\":\"WebSite\",\"@id\":\"https:\/\/arcticexcursions.com\/#website\",\"url\":\"https:\/\/arcticexcursions.com\/\",\"name\":\"Arctic Excursions\",\"description\":\"New adventures. Every day.\",\"publisher\":{\"@id\":\"https:\/\/arcticexcursions.com\/#organization\"},\"potentialAction\":[{\"@type\":\"SearchAction\",\"target\":{\"@type\":\"EntryPoint\",\"urlTemplate\":\"https:\/\/arcticexcursions.com\/?s={search_term_string}\"},\"query-input\":{\"@type\":\"PropertyValueSpecification\",\"valueRequired\":true,\"valueName\":\"search_term_string\"}}],\"inLanguage\":\"da-DK\"},{\"@type\":\"Organization\",\"@id\":\"https:\/\/arcticexcursions.com\/#organization\",\"name\":\"Arctic Excursions\",\"url\":\"https:\/\/arcticexcursions.com\/\",\"logo\":{\"@type\":\"ImageObject\",\"inLanguage\":\"da-DK\",\"@id\":\"https:\/\/arcticexcursions.com\/#\/schema\/logo\/image\/\",\"url\":\"https:\/\/arcticexcursions.com\/wp-content\/uploads\/2022\/11\/fb-logo.png\",\"contentUrl\":\"https:\/\/arcticexcursions.com\/wp-content\/uploads\/2022\/11\/fb-logo.png\",\"width\":523,\"height\":523,\"caption\":\"Arctic Excursions\"},\"image\":{\"@id\":\"https:\/\/arcticexcursions.com\/#\/schema\/logo\/image\/\"}}]}<\/script>\n<!-- \/ Yoast SEO plugin. -->","yoast_head_json":{"title":"Arctic Excursions","robots":{"index":"index","follow":"follow","max-snippet":"max-snippet:-1","max-image-preview":"max-image-preview:large","max-video-preview":"max-video-preview:-1"},"canonical":"https:\/\/arcticexcursions.com\/udflugter\/midnight-sailing-to-the-icefjord\/","og_locale":"da_DK","og_type":"article","og_title":"Midnatssejlads til isfjorden - Arctic Excursions","og_description":"Oplev midnatssejlads til isfjorden med en lukket b\u00e5d sammen med os.","og_url":"https:\/\/arcticexcursions.com\/udflugter\/midnight-sailing-to-the-icefjord\/","og_site_name":"Arctic Excursions","article_modified_time":"2026-02-03T16:32:24+00:00","og_image":[{"width":2560,"height":1350,"url":"https:\/\/arcticexcursions.com\/wp-content\/uploads\/2024\/01\/ILULISSAT-scaled.jpg","type":"image\/jpeg"}],"twitter_card":"summary_large_image","twitter_misc":{"Estimeret l\u00e6setid":"1 minut"},"schema":{"@context":"https:\/\/schema.org","@graph":[{"@type":"WebPage","@id":"https:\/\/arcticexcursions.com\/udflugter\/midnight-sailing-to-the-icefjord\/","url":"https:\/\/arcticexcursions.com\/udflugter\/midnight-sailing-to-the-icefjord\/","name":"Midnatssejlads til isfjorden - Arctic Excursions","isPartOf":{"@id":"https:\/\/arcticexcursions.com\/#website"},"primaryImageOfPage":{"@id":"https:\/\/arcticexcursions.com\/udflugter\/midnight-sailing-to-the-icefjord\/#primaryimage"},"image":{"@id":"https:\/\/arcticexcursions.com\/udflugter\/midnight-sailing-to-the-icefjord\/#primaryimage"},"thumbnailUrl":"https:\/\/arcticexcursions.com\/wp-content\/uploads\/2024\/01\/ILULISSAT-scaled.jpg","datePublished":"2024-01-17T17:01:42+00:00","dateModified":"2026-02-03T16:32:24+00:00","breadcrumb":{"@id":"https:\/\/arcticexcursions.com\/udflugter\/midnight-sailing-to-the-icefjord\/#breadcrumb"},"inLanguage":"da-DK","potentialAction":[{"@type":"ReadAction","target":["https:\/\/arcticexcursions.com\/udflugter\/midnight-sailing-to-the-icefjord\/"]}]},{"@type":"ImageObject","inLanguage":"da-DK","@id":"https:\/\/arcticexcursions.com\/udflugter\/midnight-sailing-to-the-icefjord\/#primaryimage","url":"https:\/\/arcticexcursions.com\/wp-content\/uploads\/2024\/01\/ILULISSAT-scaled.jpg","contentUrl":"https:\/\/arcticexcursions.com\/wp-content\/uploads\/2024\/01\/ILULISSAT-scaled.jpg","width":2560,"height":1350},{"@type":"BreadcrumbList","@id":"https:\/\/arcticexcursions.com\/udflugter\/midnight-sailing-to-the-icefjord\/#breadcrumb","itemListElement":[{"@type":"ListItem","position":1,"name":"Home","item":"https:\/\/arcticexcursions.com\/da\/"},{"@type":"ListItem","position":2,"name":"Udflugter i Gr\u00f8nland","item":"https:\/\/arcticexcursions.com\/da\/udflugter\/"},{"@type":"ListItem","position":3,"name":"Midnatssejlads til isfjorden"}]},{"@type":"WebSite","@id":"https:\/\/arcticexcursions.com\/#website","url":"https:\/\/arcticexcursions.com\/","name":"Arctic Excursions","description":"New adventures. Every day.","publisher":{"@id":"https:\/\/arcticexcursions.com\/#organization"},"potentialAction":[{"@type":"SearchAction","target":{"@type":"EntryPoint","urlTemplate":"https:\/\/arcticexcursions.com\/?s={search_term_string}"},"query-input":{"@type":"PropertyValueSpecification","valueRequired":true,"valueName":"search_term_string"}}],"inLanguage":"da-DK"},{"@type":"Organization","@id":"https:\/\/arcticexcursions.com\/#organization","name":"Arctic Excursions","url":"https:\/\/arcticexcursions.com\/","logo":{"@type":"ImageObject","inLanguage":"da-DK","@id":"https:\/\/arcticexcursions.com\/#\/schema\/logo\/image\/","url":"https:\/\/arcticexcursions.com\/wp-content\/uploads\/2022\/11\/fb-logo.png","contentUrl":"https:\/\/arcticexcursions.com\/wp-content\/uploads\/2022\/11\/fb-logo.png","width":523,"height":523,"caption":"Arctic Excursions"},"image":{"@id":"https:\/\/arcticexcursions.com\/#\/schema\/logo\/image\/"}}]}},"_links":{"self":[{"href":"https:\/\/arcticexcursions.com\/da\/wp-json\/wp\/v2\/product\/16662"}],"collection":[{"href":"https:\/\/arcticexcursions.com\/da\/wp-json\/wp\/v2\/product"}],"about":[{"href":"https:\/\/arcticexcursions.com\/da\/wp-json\/wp\/v2\/types\/product"}],"replies":[{"embeddable":true,"href":"https:\/\/arcticexcursions.com\/da\/wp-json\/wp\/v2\/comments?post=16662"}],"wp:featuredmedia":[{"embeddable":true,"href":"https:\/\/arcticexcursions.com\/da\/wp-json\/wp\/v2\/media\/28326"}],"wp:attachment":[{"href":"https:\/\/arcticexcursions.com\/da\/wp-json\/wp\/v2\/media?parent=16662"}],"wp:term":[{"taxonomy":"product_brand","embeddable":true,"href":"https:\/\/arcticexcursions.com\/da\/wp-json\/wp\/v2\/product_brand?post=16662"},{"taxonomy":"product_cat","embeddable":true,"href":"https:\/\/arcticexcursions.com\/da\/wp-json\/wp\/v2\/product_cat?post=16662"},{"taxonomy":"product_tag","embeddable":true,"href":"https:\/\/arcticexcursions.com\/da\/wp-json\/wp\/v2\/product_tag?post=16662"}],"curies":[{"name":"wp","href":"https:\/\/api.w.org\/{rel}","templated":true}]}}