{"id":16668,"date":"2024-01-17T19:02:55","date_gmt":"2024-01-17T17:02:55","guid":{"rendered":"https:\/\/arcticexcursions.com\/?post_type=product&#038;p=16668"},"modified":"2026-03-27T18:32:12","modified_gmt":"2026-03-27T16:32:12","slug":"sailing-to-the-icefjord","status":"publish","type":"product","link":"https:\/\/arcticexcursions.com\/da\/udflugter\/sailing-to-the-icefjord\/","title":{"rendered":"Isfjordsejlads"},"content":{"rendered":"<p>B\u00e5dtur med vores licenserede turb\u00e5d Pivik og kyndige guide til den ber\u00f8mte Ilulissat Unesco Isfjord.<br \/>\nOplev et af verdens mest fantastiske steder.<br \/>\nEn af de mest produktive isproducerende regioner p\u00e5 planeten er Ilulissat Isfjord, eller &#8220;Ilulissat Kangerlua&#8221; p\u00e5 gr\u00f8nlandsk.<br \/>\nDen eneste m\u00e5de at komme helt t\u00e6t p\u00e5 de enorme isbjerge og opleve deres \u00e6gte sk\u00f8nhed er fra en b\u00e5d, hvilket er den eneste m\u00e5de at g\u00f8re det p\u00e5.<\/p>\n<p><b>B\u00e5dtur p\u00e5 UNESCO&#8217;s verdensarvsliste<\/b><br \/>\nHele Ilulissat Isfjord er anerkendt som et stykke verdensarv af UNESCO.<br \/>\nDet skyldes, at gletsjeren Sermeq Kujalleq i bunden af isfjorden producerer en masse isbjerge, og at flere enorme isbjerge er fanget der.<br \/>\nIsbjergene er altid betagende, uanset vejret. Mens isens bl\u00e5 farver virkelig skiller sig ud, n\u00e5r det er overskyet, f\u00e5r solen isen til at glitre og bl\u00e6nde.<br \/>\nAlle vores b\u00e5dture gennemf\u00f8res med kvalificerede turb\u00e5de og kyndige kaptajner. De vil briefe dig om isen og dens betydning for regionen, mens vi passerer gigantiske isbjerge p\u00e5 n\u00e6rt hold.<\/p>\n<p><b>Varighed:<\/b> 2 timer og 30 minutter.<\/p>\n<p><b>Deltagere:<\/b> Bem\u00e6rk venligst, at udflugten kun gennemf\u00f8res, hvis der er mindst 4 bookede billetter i alt. Hvis du for eksempel booker 2 billetter, skal der s\u00e6lges mindst 2 yderligere billetter til andre kunder, f\u00f8r turen kan finde sted. Der vil deltage maksimalt 12 personer.<\/p>\n<p><b>Sprog:<\/b> Guiden\/kaptajnen taler dansk, engelsk og gr\u00f8nlandsk<\/p>\n<p><b>B\u00e5dtype:<\/b> Lukket b\u00e5d<\/p>\n<p><b>Toiletforhold:<\/b> Der er toilet p\u00e5 b\u00e5den<\/p>\n<p><b>Forplejning:<\/b> Kaffe og te serveres p\u00e5 b\u00e5den<\/p>\n<p><b>Anbefalet p\u00e5kl\u00e6dning:<\/b> Varmt t\u00f8j inkl. hue og handsker hele \u00e5ret. Solbriller. Solcreme om sommeren.<\/p>\n","protected":false},"excerpt":{"rendered":"<p>Oplev et af klodens mest fantastiske steder, som er p\u00e5 UNESCO&#8217;s verdensarvsliste.<\/p>\n","protected":false},"featured_media":28334,"comment_status":"open","ping_status":"closed","template":"","meta":{"_acf_changed":false},"product_brand":[],"product_cat":[101,170],"product_tag":[],"class_list":{"0":"post-16668","1":"product","2":"type-product","3":"status-publish","4":"has-post-thumbnail","6":"product_cat-tour","7":"product_cat-udflugt","8":"pa_dato-1358","9":"pa_dato-1357","10":"pa_dato-1356","11":"pa_dato-1275","12":"pa_dato-1355","13":"pa_dato-1324","14":"pa_dato-1323","15":"pa_dato-6007","16":"pa_dato-6008","17":"pa_dato-1276","18":"pa_dato-5876","19":"pa_dato-6027","20":"pa_dato-5942","21":"pa_dato-6078","22":"pa_dato-6028","23":"pa_dato-6168","24":"pa_dato-6172","25":"pa_dato-6182","26":"pa_dato-6132","27":"pa_dato-6179","28":"pa_dato-6137","29":"pa_dato-6189","30":"pa_dato-6152","31":"pa_dato-6187","32":"pa_dato-6307","33":"pa_dato-6190","34":"pa_dato-6149","35":"pa_dato-6175","36":"pa_dato-6282","37":"pa_dato-6256","38":"pa_dato-6192","39":"pa_dato-6193","40":"pa_dato-6194","41":"pa_dato-6195","42":"pa_dato-6196","43":"pa_dato-6197","44":"pa_dato-6198","45":"pa_dato-6199","46":"pa_dato-6200","47":"pa_dato-6201","48":"pa_dato-6142","49":"pa_dato-6274","50":"pa_dato-6202","51":"pa_dato-6203","52":"pa_dato-6166","53":"pa_dato-6167","54":"pa_dato-6305","55":"pa_dato-6268","56":"pa_dato-6269","57":"pa_dato-6270","58":"pa_dato-6336","59":"pa_dato-6415","60":"pa_dato-6212","61":"pa_dato-6178","62":"pa_dato-6376","63":"pa_dato-6225","64":"pa_dato-6224","65":"pa_dato-6318","66":"pa_dato-6213","67":"pa_dato-6116","68":"pa_dato-6227","69":"pa_dato-6405","70":"pa_dato-6222","71":"pa_dato-6314","72":"pa_dato-6214","73":"pa_dato-6215","74":"pa_dato-6427","75":"pa_dato-6145","76":"pa_dato-6440","77":"pa_dato-6334","78":"pa_dato-6216","79":"pa_dato-6118","80":"pa_dato-6117","81":"pa_dato-6377","82":"pa_dato-6217","83":"pa_dato-6218","84":"pa_dato-6339","85":"pa_dato-6378","86":"pa_dato-6349","87":"pa_dato-6443","88":"pa_dato-6219","89":"pa_dato-6283","90":"pa_dato-6445","91":"pa_dato-6173","92":"pa_dato-6426","93":"pa_dato-6280","94":"pa_dato-6220","95":"pa_dato-6353","96":"pa_dato-6323","97":"pa_dato-6138","98":"pa_dato-6235","99":"pa_dato-6236","100":"pa_dato-6237","101":"pa_dato-6293","102":"pa_dato-6356","103":"pa_dato-6177","104":"pa_dato-6229","105":"pa_dato-6230","106":"pa_dato-6231","107":"pa_dato-6249","108":"pa_dato-6338","109":"pa_dato-6233","110":"pa_dato-6234","111":"pa_dato-6337","112":"pa_dato-6492","113":"pa_tidspunkt-38","114":"pa_tidspunkt-40","115":"pa_tidspunkt-76","116":"pa_tidspunkt-77","117":"pa_tidspunkt-177","118":"pa_tidspunkt-229","119":"pa_tidspunkt-314","120":"pa_tidspunkt-317","121":"pa_tidspunkt-308","122":"pa_tidspunkt-6275","123":"pa_tidspunkt-61","124":"pa_tidspunkt-426","125":"pa_tidspunkt-57","126":"pa_tidspunkt-110","127":"tour_location-ilulissat-da","128":"tour_type-baadture","129":"tour_tickettype-arctic_excursions","130":"tour_operator-albatros-arctic-circle-ilulissat","132":"first","133":"instock","134":"shipping-taxable","135":"purchasable","136":"product-type-variable"},"acf":[],"yoast_head":"<!-- This site is optimized with the Yoast SEO plugin v23.6 - https:\/\/yoast.com\/wordpress\/plugins\/seo\/ -->\n<title>Arctic Excursions<\/title>\n<meta name=\"robots\" content=\"index, follow, max-snippet:-1, max-image-preview:large, max-video-preview:-1\" \/>\n<link rel=\"canonical\" href=\"https:\/\/arcticexcursions.com\/da\/udflugter\/sailing-to-the-icefjord\/\" \/>\n<meta property=\"og:locale\" content=\"da_DK\" \/>\n<meta property=\"og:type\" content=\"article\" \/>\n<meta property=\"og:title\" content=\"Isfjordsejlads - Arctic Excursions\" \/>\n<meta property=\"og:description\" content=\"Oplev et af klodens mest fantastiske steder, som er p\u00e5 UNESCO&#039;s verdensarvsliste.\" \/>\n<meta property=\"og:url\" content=\"https:\/\/arcticexcursions.com\/da\/udflugter\/sailing-to-the-icefjord\/\" \/>\n<meta property=\"og:site_name\" content=\"Arctic Excursions\" \/>\n<meta property=\"article:modified_time\" content=\"2026-03-27T16:32:12+00:00\" \/>\n<meta property=\"og:image\" content=\"https:\/\/arcticexcursions.com\/wp-content\/uploads\/2024\/01\/Icefjord-sailing-scaled.jpg\" \/>\n\t<meta property=\"og:image:width\" content=\"2560\" \/>\n\t<meta property=\"og:image:height\" content=\"1703\" \/>\n\t<meta property=\"og:image:type\" content=\"image\/jpeg\" \/>\n<meta name=\"twitter:card\" content=\"summary_large_image\" \/>\n<meta name=\"twitter:label1\" content=\"Estimeret l\u00e6setid\" \/>\n\t<meta name=\"twitter:data1\" content=\"1 minut\" \/>\n<script type=\"application\/ld+json\" class=\"yoast-schema-graph\">{\"@context\":\"https:\/\/schema.org\",\"@graph\":[{\"@type\":\"WebPage\",\"@id\":\"https:\/\/arcticexcursions.com\/da\/udflugter\/sailing-to-the-icefjord\/\",\"url\":\"https:\/\/arcticexcursions.com\/da\/udflugter\/sailing-to-the-icefjord\/\",\"name\":\"Isfjordsejlads - Arctic Excursions\",\"isPartOf\":{\"@id\":\"https:\/\/arcticexcursions.com\/#website\"},\"primaryImageOfPage\":{\"@id\":\"https:\/\/arcticexcursions.com\/da\/udflugter\/sailing-to-the-icefjord\/#primaryimage\"},\"image\":{\"@id\":\"https:\/\/arcticexcursions.com\/da\/udflugter\/sailing-to-the-icefjord\/#primaryimage\"},\"thumbnailUrl\":\"https:\/\/arcticexcursions.com\/wp-content\/uploads\/2024\/01\/Icefjord-sailing-scaled.jpg\",\"datePublished\":\"2024-01-17T17:02:55+00:00\",\"dateModified\":\"2026-03-27T16:32:12+00:00\",\"breadcrumb\":{\"@id\":\"https:\/\/arcticexcursions.com\/da\/udflugter\/sailing-to-the-icefjord\/#breadcrumb\"},\"inLanguage\":\"da-DK\",\"potentialAction\":[{\"@type\":\"ReadAction\",\"target\":[\"https:\/\/arcticexcursions.com\/da\/udflugter\/sailing-to-the-icefjord\/\"]}]},{\"@type\":\"ImageObject\",\"inLanguage\":\"da-DK\",\"@id\":\"https:\/\/arcticexcursions.com\/da\/udflugter\/sailing-to-the-icefjord\/#primaryimage\",\"url\":\"https:\/\/arcticexcursions.com\/wp-content\/uploads\/2024\/01\/Icefjord-sailing-scaled.jpg\",\"contentUrl\":\"https:\/\/arcticexcursions.com\/wp-content\/uploads\/2024\/01\/Icefjord-sailing-scaled.jpg\",\"width\":2560,\"height\":1703,\"caption\":\"Big icebergs in the Ilulissat icefjord, Greenland\"},{\"@type\":\"BreadcrumbList\",\"@id\":\"https:\/\/arcticexcursions.com\/da\/udflugter\/sailing-to-the-icefjord\/#breadcrumb\",\"itemListElement\":[{\"@type\":\"ListItem\",\"position\":1,\"name\":\"Home\",\"item\":\"https:\/\/arcticexcursions.com\/da\/\"},{\"@type\":\"ListItem\",\"position\":2,\"name\":\"Udflugter i Gr\u00f8nland\",\"item\":\"https:\/\/arcticexcursions.com\/da\/udflugter\/\"},{\"@type\":\"ListItem\",\"position\":3,\"name\":\"Isfjordsejlads\"}]},{\"@type\":\"WebSite\",\"@id\":\"https:\/\/arcticexcursions.com\/#website\",\"url\":\"https:\/\/arcticexcursions.com\/\",\"name\":\"Arctic Excursions\",\"description\":\"New adventures. Every day.\",\"publisher\":{\"@id\":\"https:\/\/arcticexcursions.com\/#organization\"},\"potentialAction\":[{\"@type\":\"SearchAction\",\"target\":{\"@type\":\"EntryPoint\",\"urlTemplate\":\"https:\/\/arcticexcursions.com\/?s={search_term_string}\"},\"query-input\":{\"@type\":\"PropertyValueSpecification\",\"valueRequired\":true,\"valueName\":\"search_term_string\"}}],\"inLanguage\":\"da-DK\"},{\"@type\":\"Organization\",\"@id\":\"https:\/\/arcticexcursions.com\/#organization\",\"name\":\"Arctic Excursions\",\"url\":\"https:\/\/arcticexcursions.com\/\",\"logo\":{\"@type\":\"ImageObject\",\"inLanguage\":\"da-DK\",\"@id\":\"https:\/\/arcticexcursions.com\/#\/schema\/logo\/image\/\",\"url\":\"https:\/\/arcticexcursions.com\/wp-content\/uploads\/2022\/11\/fb-logo.png\",\"contentUrl\":\"https:\/\/arcticexcursions.com\/wp-content\/uploads\/2022\/11\/fb-logo.png\",\"width\":523,\"height\":523,\"caption\":\"Arctic Excursions\"},\"image\":{\"@id\":\"https:\/\/arcticexcursions.com\/#\/schema\/logo\/image\/\"}}]}<\/script>\n<!-- \/ Yoast SEO plugin. -->","yoast_head_json":{"title":"Arctic Excursions","robots":{"index":"index","follow":"follow","max-snippet":"max-snippet:-1","max-image-preview":"max-image-preview:large","max-video-preview":"max-video-preview:-1"},"canonical":"https:\/\/arcticexcursions.com\/da\/udflugter\/sailing-to-the-icefjord\/","og_locale":"da_DK","og_type":"article","og_title":"Isfjordsejlads - Arctic Excursions","og_description":"Oplev et af klodens mest fantastiske steder, som er p\u00e5 UNESCO's verdensarvsliste.","og_url":"https:\/\/arcticexcursions.com\/da\/udflugter\/sailing-to-the-icefjord\/","og_site_name":"Arctic Excursions","article_modified_time":"2026-03-27T16:32:12+00:00","og_image":[{"width":2560,"height":1703,"url":"https:\/\/arcticexcursions.com\/wp-content\/uploads\/2024\/01\/Icefjord-sailing-scaled.jpg","type":"image\/jpeg"}],"twitter_card":"summary_large_image","twitter_misc":{"Estimeret l\u00e6setid":"1 minut"},"schema":{"@context":"https:\/\/schema.org","@graph":[{"@type":"WebPage","@id":"https:\/\/arcticexcursions.com\/da\/udflugter\/sailing-to-the-icefjord\/","url":"https:\/\/arcticexcursions.com\/da\/udflugter\/sailing-to-the-icefjord\/","name":"Isfjordsejlads - Arctic Excursions","isPartOf":{"@id":"https:\/\/arcticexcursions.com\/#website"},"primaryImageOfPage":{"@id":"https:\/\/arcticexcursions.com\/da\/udflugter\/sailing-to-the-icefjord\/#primaryimage"},"image":{"@id":"https:\/\/arcticexcursions.com\/da\/udflugter\/sailing-to-the-icefjord\/#primaryimage"},"thumbnailUrl":"https:\/\/arcticexcursions.com\/wp-content\/uploads\/2024\/01\/Icefjord-sailing-scaled.jpg","datePublished":"2024-01-17T17:02:55+00:00","dateModified":"2026-03-27T16:32:12+00:00","breadcrumb":{"@id":"https:\/\/arcticexcursions.com\/da\/udflugter\/sailing-to-the-icefjord\/#breadcrumb"},"inLanguage":"da-DK","potentialAction":[{"@type":"ReadAction","target":["https:\/\/arcticexcursions.com\/da\/udflugter\/sailing-to-the-icefjord\/"]}]},{"@type":"ImageObject","inLanguage":"da-DK","@id":"https:\/\/arcticexcursions.com\/da\/udflugter\/sailing-to-the-icefjord\/#primaryimage","url":"https:\/\/arcticexcursions.com\/wp-content\/uploads\/2024\/01\/Icefjord-sailing-scaled.jpg","contentUrl":"https:\/\/arcticexcursions.com\/wp-content\/uploads\/2024\/01\/Icefjord-sailing-scaled.jpg","width":2560,"height":1703,"caption":"Big icebergs in the Ilulissat icefjord, Greenland"},{"@type":"BreadcrumbList","@id":"https:\/\/arcticexcursions.com\/da\/udflugter\/sailing-to-the-icefjord\/#breadcrumb","itemListElement":[{"@type":"ListItem","position":1,"name":"Home","item":"https:\/\/arcticexcursions.com\/da\/"},{"@type":"ListItem","position":2,"name":"Udflugter i Gr\u00f8nland","item":"https:\/\/arcticexcursions.com\/da\/udflugter\/"},{"@type":"ListItem","position":3,"name":"Isfjordsejlads"}]},{"@type":"WebSite","@id":"https:\/\/arcticexcursions.com\/#website","url":"https:\/\/arcticexcursions.com\/","name":"Arctic Excursions","description":"New adventures. Every day.","publisher":{"@id":"https:\/\/arcticexcursions.com\/#organization"},"potentialAction":[{"@type":"SearchAction","target":{"@type":"EntryPoint","urlTemplate":"https:\/\/arcticexcursions.com\/?s={search_term_string}"},"query-input":{"@type":"PropertyValueSpecification","valueRequired":true,"valueName":"search_term_string"}}],"inLanguage":"da-DK"},{"@type":"Organization","@id":"https:\/\/arcticexcursions.com\/#organization","name":"Arctic Excursions","url":"https:\/\/arcticexcursions.com\/","logo":{"@type":"ImageObject","inLanguage":"da-DK","@id":"https:\/\/arcticexcursions.com\/#\/schema\/logo\/image\/","url":"https:\/\/arcticexcursions.com\/wp-content\/uploads\/2022\/11\/fb-logo.png","contentUrl":"https:\/\/arcticexcursions.com\/wp-content\/uploads\/2022\/11\/fb-logo.png","width":523,"height":523,"caption":"Arctic Excursions"},"image":{"@id":"https:\/\/arcticexcursions.com\/#\/schema\/logo\/image\/"}}]}},"_links":{"self":[{"href":"https:\/\/arcticexcursions.com\/da\/wp-json\/wp\/v2\/product\/16668"}],"collection":[{"href":"https:\/\/arcticexcursions.com\/da\/wp-json\/wp\/v2\/product"}],"about":[{"href":"https:\/\/arcticexcursions.com\/da\/wp-json\/wp\/v2\/types\/product"}],"replies":[{"embeddable":true,"href":"https:\/\/arcticexcursions.com\/da\/wp-json\/wp\/v2\/comments?post=16668"}],"wp:featuredmedia":[{"embeddable":true,"href":"https:\/\/arcticexcursions.com\/da\/wp-json\/wp\/v2\/media\/28334"}],"wp:attachment":[{"href":"https:\/\/arcticexcursions.com\/da\/wp-json\/wp\/v2\/media?parent=16668"}],"wp:term":[{"taxonomy":"product_brand","embeddable":true,"href":"https:\/\/arcticexcursions.com\/da\/wp-json\/wp\/v2\/product_brand?post=16668"},{"taxonomy":"product_cat","embeddable":true,"href":"https:\/\/arcticexcursions.com\/da\/wp-json\/wp\/v2\/product_cat?post=16668"},{"taxonomy":"product_tag","embeddable":true,"href":"https:\/\/arcticexcursions.com\/da\/wp-json\/wp\/v2\/product_tag?post=16668"}],"curies":[{"name":"wp","href":"https:\/\/api.w.org\/{rel}","templated":true}]}}