{"id":16670,"date":"2024-01-17T19:00:55","date_gmt":"2024-01-17T17:00:55","guid":{"rendered":"https:\/\/arcticexcursions.com\/?post_type=product&#038;p=16670"},"modified":"2026-02-03T18:34:33","modified_gmt":"2026-02-03T16:34:33","slug":"hiking-along-the-icefjord","status":"publish","type":"product","link":"https:\/\/arcticexcursions.com\/da\/udflugter\/hiking-along-the-icefjord\/","title":{"rendered":"Vandring langs isfjorden"},"content":{"rendered":"<p>En af Ilulissats smukkeste stier er Blue Trail. Stien f\u00f8lger stort set isfjordens bred, som er en del af UNESCO&#8217;s verdensarvsliste. <\/p>\n<p>Her har vi en storsl\u00e5et udsigt til de smukke isbjerge og passerer mange flere fantastiske udsigtspunkter. <\/p>\n<p>Vi begynder ved det tidligere stenbrud og forts\u00e6tter gennem en lang kl\u00f8ft, f\u00f8r vi n\u00e5r det fantastiske bakkede omr\u00e5de, der omgiver Ilulissat.<br \/>\nP\u00e5 vej til det \u00e5bne omr\u00e5de ved siden af isfjorden kommer vi forbi en stor s\u00f8.<br \/>\nDerudover k\u00f8rer vi forbi det gamle Sermermiut, hvor inuitter har boet i over 4.000 \u00e5r.<br \/>\nVandreturen slutter ved den tidligere heliport, hvor en bil kommer og henter os.<\/p>\n<p><b>Varighed:<\/b> 4 timer.<\/p>\n<p><b>Deltagere:<\/b> Bem\u00e6rk venligst, at udflugten kun gennemf\u00f8res, hvis der er mindst 2 bookede billetter i alt. Hvis du for eksempel booker 1 billetter, skal der s\u00e6lges mindst 1 yderligere billetter til andre kunder, f\u00f8r turen kan finde sted. Der vil deltage maksimalt 12 personer.<\/p>\n<p><b>Sprog:<\/b> Guiden taler dansk, engelsk og gr\u00f8nlandsk<\/p>\n<p><b>Sv\u00e6rhedsgrad:<\/b> Begyndervenlig tur. Anbefales ikke hvis du har rygproblemer.<\/p>\n<p><b>Forplejning:<\/b> Kaffe og te serveres<\/p>\n<p><b>Anbefalet p\u00e5kl\u00e6dning:<\/b> Varmt, praktisk t\u00f8j og vandresko.<\/p>\n","protected":false},"excerpt":{"rendered":"<p>Vandring i Ilulissat er et must, n\u00e5r du er i Ilulissat. Tag med os p\u00e5 vandretur langs den storsl\u00e5ede isfjord p\u00e5 Blue Trail.<\/p>\n","protected":false},"featured_media":28354,"comment_status":"open","ping_status":"closed","template":"","meta":{"_acf_changed":false},"product_brand":[],"product_cat":[101,170],"product_tag":[],"class_list":{"0":"post-16670","1":"product","2":"type-product","3":"status-publish","4":"has-post-thumbnail","6":"product_cat-tour","7":"product_cat-udflugt","8":"pa_dato-1067","9":"pa_dato-1125","10":"pa_dato-1126","11":"pa_dato-1127","12":"pa_dato-1128","13":"pa_dato-1130","14":"pa_dato-1023","15":"pa_dato-1027","16":"pa_dato-1029","17":"pa_dato-1032","18":"pa_dato-991","19":"pa_dato-1033","20":"pa_dato-994","21":"pa_dato-1034","22":"pa_dato-1035","23":"pa_dato-998","24":"pa_dato-1000","25":"pa_dato-1003","26":"pa_dato-1005","27":"pa_dato-1040","28":"pa_dato-1009","29":"pa_dato-1015","30":"pa_dato-1041","31":"pa_dato-1018","32":"pa_dato-1020","33":"pa_dato-1042","34":"pa_dato-1044","35":"pa_dato-899","36":"pa_dato-1048","37":"pa_dato-1052","38":"pa_dato-1057","39":"pa_dato-1143","40":"pa_dato-1132","41":"pa_dato-1134","42":"pa_dato-1185","43":"pa_dato-1137","44":"pa_dato-1139","45":"pa_dato-1194","46":"pa_dato-1146","47":"pa_dato-1161","48":"pa_dato-1198","49":"pa_tidspunkt-308","50":"pa_tidspunkt-27","51":"tour_location-ilulissat-da","52":"tour_type-outdoor-da","53":"tour_tickettype-arctic_excursions","54":"tour_operator-albatros-arctic-circle-ilulissat","56":"first","57":"outofstock","58":"shipping-taxable","59":"product-type-variable"},"acf":[],"yoast_head":"<!-- This site is optimized with the Yoast SEO plugin v23.6 - https:\/\/yoast.com\/wordpress\/plugins\/seo\/ -->\n<title>Arctic Excursions<\/title>\n<meta name=\"robots\" content=\"index, follow, max-snippet:-1, max-image-preview:large, max-video-preview:-1\" \/>\n<link rel=\"canonical\" href=\"https:\/\/arcticexcursions.com\/udflugter\/hiking-along-the-icefjord\/\" \/>\n<meta property=\"og:locale\" content=\"da_DK\" \/>\n<meta property=\"og:type\" content=\"article\" \/>\n<meta property=\"og:title\" content=\"Vandring langs isfjorden - Arctic Excursions\" \/>\n<meta property=\"og:description\" content=\"Vandring i Ilulissat er et must, n\u00e5r du er i Ilulissat. Tag med os p\u00e5 vandretur langs den storsl\u00e5ede isfjord p\u00e5 Blue Trail.\" \/>\n<meta property=\"og:url\" content=\"https:\/\/arcticexcursions.com\/udflugter\/hiking-along-the-icefjord\/\" \/>\n<meta property=\"og:site_name\" content=\"Arctic Excursions\" \/>\n<meta property=\"article:modified_time\" content=\"2026-02-03T16:34:33+00:00\" \/>\n<meta property=\"og:image\" content=\"https:\/\/arcticexcursions.com\/wp-content\/uploads\/2024\/01\/Sermermiut-Hike-scaled.jpg\" \/>\n\t<meta property=\"og:image:width\" content=\"2560\" \/>\n\t<meta property=\"og:image:height\" content=\"1707\" \/>\n\t<meta property=\"og:image:type\" content=\"image\/jpeg\" \/>\n<meta name=\"twitter:card\" content=\"summary_large_image\" \/>\n<meta name=\"twitter:label1\" content=\"Estimeret l\u00e6setid\" \/>\n\t<meta name=\"twitter:data1\" content=\"1 minut\" \/>\n<script type=\"application\/ld+json\" class=\"yoast-schema-graph\">{\"@context\":\"https:\/\/schema.org\",\"@graph\":[{\"@type\":\"WebPage\",\"@id\":\"https:\/\/arcticexcursions.com\/udflugter\/hiking-along-the-icefjord\/\",\"url\":\"https:\/\/arcticexcursions.com\/udflugter\/hiking-along-the-icefjord\/\",\"name\":\"Vandring langs isfjorden - Arctic Excursions\",\"isPartOf\":{\"@id\":\"https:\/\/arcticexcursions.com\/#website\"},\"primaryImageOfPage\":{\"@id\":\"https:\/\/arcticexcursions.com\/udflugter\/hiking-along-the-icefjord\/#primaryimage\"},\"image\":{\"@id\":\"https:\/\/arcticexcursions.com\/udflugter\/hiking-along-the-icefjord\/#primaryimage\"},\"thumbnailUrl\":\"https:\/\/arcticexcursions.com\/wp-content\/uploads\/2024\/01\/Sermermiut-Hike-scaled.jpg\",\"datePublished\":\"2024-01-17T17:00:55+00:00\",\"dateModified\":\"2026-02-03T16:34:33+00:00\",\"breadcrumb\":{\"@id\":\"https:\/\/arcticexcursions.com\/udflugter\/hiking-along-the-icefjord\/#breadcrumb\"},\"inLanguage\":\"da-DK\",\"potentialAction\":[{\"@type\":\"ReadAction\",\"target\":[\"https:\/\/arcticexcursions.com\/udflugter\/hiking-along-the-icefjord\/\"]}]},{\"@type\":\"ImageObject\",\"inLanguage\":\"da-DK\",\"@id\":\"https:\/\/arcticexcursions.com\/udflugter\/hiking-along-the-icefjord\/#primaryimage\",\"url\":\"https:\/\/arcticexcursions.com\/wp-content\/uploads\/2024\/01\/Sermermiut-Hike-scaled.jpg\",\"contentUrl\":\"https:\/\/arcticexcursions.com\/wp-content\/uploads\/2024\/01\/Sermermiut-Hike-scaled.jpg\",\"width\":2560,\"height\":1707},{\"@type\":\"BreadcrumbList\",\"@id\":\"https:\/\/arcticexcursions.com\/udflugter\/hiking-along-the-icefjord\/#breadcrumb\",\"itemListElement\":[{\"@type\":\"ListItem\",\"position\":1,\"name\":\"Home\",\"item\":\"https:\/\/arcticexcursions.com\/da\/\"},{\"@type\":\"ListItem\",\"position\":2,\"name\":\"Udflugter i Gr\u00f8nland\",\"item\":\"https:\/\/arcticexcursions.com\/da\/udflugter\/\"},{\"@type\":\"ListItem\",\"position\":3,\"name\":\"Vandring langs isfjorden\"}]},{\"@type\":\"WebSite\",\"@id\":\"https:\/\/arcticexcursions.com\/#website\",\"url\":\"https:\/\/arcticexcursions.com\/\",\"name\":\"Arctic Excursions\",\"description\":\"New adventures. Every day.\",\"publisher\":{\"@id\":\"https:\/\/arcticexcursions.com\/#organization\"},\"potentialAction\":[{\"@type\":\"SearchAction\",\"target\":{\"@type\":\"EntryPoint\",\"urlTemplate\":\"https:\/\/arcticexcursions.com\/?s={search_term_string}\"},\"query-input\":{\"@type\":\"PropertyValueSpecification\",\"valueRequired\":true,\"valueName\":\"search_term_string\"}}],\"inLanguage\":\"da-DK\"},{\"@type\":\"Organization\",\"@id\":\"https:\/\/arcticexcursions.com\/#organization\",\"name\":\"Arctic Excursions\",\"url\":\"https:\/\/arcticexcursions.com\/\",\"logo\":{\"@type\":\"ImageObject\",\"inLanguage\":\"da-DK\",\"@id\":\"https:\/\/arcticexcursions.com\/#\/schema\/logo\/image\/\",\"url\":\"https:\/\/arcticexcursions.com\/wp-content\/uploads\/2022\/11\/fb-logo.png\",\"contentUrl\":\"https:\/\/arcticexcursions.com\/wp-content\/uploads\/2022\/11\/fb-logo.png\",\"width\":523,\"height\":523,\"caption\":\"Arctic Excursions\"},\"image\":{\"@id\":\"https:\/\/arcticexcursions.com\/#\/schema\/logo\/image\/\"}}]}<\/script>\n<!-- \/ Yoast SEO plugin. -->","yoast_head_json":{"title":"Arctic Excursions","robots":{"index":"index","follow":"follow","max-snippet":"max-snippet:-1","max-image-preview":"max-image-preview:large","max-video-preview":"max-video-preview:-1"},"canonical":"https:\/\/arcticexcursions.com\/udflugter\/hiking-along-the-icefjord\/","og_locale":"da_DK","og_type":"article","og_title":"Vandring langs isfjorden - Arctic Excursions","og_description":"Vandring i Ilulissat er et must, n\u00e5r du er i Ilulissat. Tag med os p\u00e5 vandretur langs den storsl\u00e5ede isfjord p\u00e5 Blue Trail.","og_url":"https:\/\/arcticexcursions.com\/udflugter\/hiking-along-the-icefjord\/","og_site_name":"Arctic Excursions","article_modified_time":"2026-02-03T16:34:33+00:00","og_image":[{"width":2560,"height":1707,"url":"https:\/\/arcticexcursions.com\/wp-content\/uploads\/2024\/01\/Sermermiut-Hike-scaled.jpg","type":"image\/jpeg"}],"twitter_card":"summary_large_image","twitter_misc":{"Estimeret l\u00e6setid":"1 minut"},"schema":{"@context":"https:\/\/schema.org","@graph":[{"@type":"WebPage","@id":"https:\/\/arcticexcursions.com\/udflugter\/hiking-along-the-icefjord\/","url":"https:\/\/arcticexcursions.com\/udflugter\/hiking-along-the-icefjord\/","name":"Vandring langs isfjorden - Arctic Excursions","isPartOf":{"@id":"https:\/\/arcticexcursions.com\/#website"},"primaryImageOfPage":{"@id":"https:\/\/arcticexcursions.com\/udflugter\/hiking-along-the-icefjord\/#primaryimage"},"image":{"@id":"https:\/\/arcticexcursions.com\/udflugter\/hiking-along-the-icefjord\/#primaryimage"},"thumbnailUrl":"https:\/\/arcticexcursions.com\/wp-content\/uploads\/2024\/01\/Sermermiut-Hike-scaled.jpg","datePublished":"2024-01-17T17:00:55+00:00","dateModified":"2026-02-03T16:34:33+00:00","breadcrumb":{"@id":"https:\/\/arcticexcursions.com\/udflugter\/hiking-along-the-icefjord\/#breadcrumb"},"inLanguage":"da-DK","potentialAction":[{"@type":"ReadAction","target":["https:\/\/arcticexcursions.com\/udflugter\/hiking-along-the-icefjord\/"]}]},{"@type":"ImageObject","inLanguage":"da-DK","@id":"https:\/\/arcticexcursions.com\/udflugter\/hiking-along-the-icefjord\/#primaryimage","url":"https:\/\/arcticexcursions.com\/wp-content\/uploads\/2024\/01\/Sermermiut-Hike-scaled.jpg","contentUrl":"https:\/\/arcticexcursions.com\/wp-content\/uploads\/2024\/01\/Sermermiut-Hike-scaled.jpg","width":2560,"height":1707},{"@type":"BreadcrumbList","@id":"https:\/\/arcticexcursions.com\/udflugter\/hiking-along-the-icefjord\/#breadcrumb","itemListElement":[{"@type":"ListItem","position":1,"name":"Home","item":"https:\/\/arcticexcursions.com\/da\/"},{"@type":"ListItem","position":2,"name":"Udflugter i Gr\u00f8nland","item":"https:\/\/arcticexcursions.com\/da\/udflugter\/"},{"@type":"ListItem","position":3,"name":"Vandring langs isfjorden"}]},{"@type":"WebSite","@id":"https:\/\/arcticexcursions.com\/#website","url":"https:\/\/arcticexcursions.com\/","name":"Arctic Excursions","description":"New adventures. Every day.","publisher":{"@id":"https:\/\/arcticexcursions.com\/#organization"},"potentialAction":[{"@type":"SearchAction","target":{"@type":"EntryPoint","urlTemplate":"https:\/\/arcticexcursions.com\/?s={search_term_string}"},"query-input":{"@type":"PropertyValueSpecification","valueRequired":true,"valueName":"search_term_string"}}],"inLanguage":"da-DK"},{"@type":"Organization","@id":"https:\/\/arcticexcursions.com\/#organization","name":"Arctic Excursions","url":"https:\/\/arcticexcursions.com\/","logo":{"@type":"ImageObject","inLanguage":"da-DK","@id":"https:\/\/arcticexcursions.com\/#\/schema\/logo\/image\/","url":"https:\/\/arcticexcursions.com\/wp-content\/uploads\/2022\/11\/fb-logo.png","contentUrl":"https:\/\/arcticexcursions.com\/wp-content\/uploads\/2022\/11\/fb-logo.png","width":523,"height":523,"caption":"Arctic Excursions"},"image":{"@id":"https:\/\/arcticexcursions.com\/#\/schema\/logo\/image\/"}}]}},"_links":{"self":[{"href":"https:\/\/arcticexcursions.com\/da\/wp-json\/wp\/v2\/product\/16670"}],"collection":[{"href":"https:\/\/arcticexcursions.com\/da\/wp-json\/wp\/v2\/product"}],"about":[{"href":"https:\/\/arcticexcursions.com\/da\/wp-json\/wp\/v2\/types\/product"}],"replies":[{"embeddable":true,"href":"https:\/\/arcticexcursions.com\/da\/wp-json\/wp\/v2\/comments?post=16670"}],"wp:featuredmedia":[{"embeddable":true,"href":"https:\/\/arcticexcursions.com\/da\/wp-json\/wp\/v2\/media\/28354"}],"wp:attachment":[{"href":"https:\/\/arcticexcursions.com\/da\/wp-json\/wp\/v2\/media?parent=16670"}],"wp:term":[{"taxonomy":"product_brand","embeddable":true,"href":"https:\/\/arcticexcursions.com\/da\/wp-json\/wp\/v2\/product_brand?post=16670"},{"taxonomy":"product_cat","embeddable":true,"href":"https:\/\/arcticexcursions.com\/da\/wp-json\/wp\/v2\/product_cat?post=16670"},{"taxonomy":"product_tag","embeddable":true,"href":"https:\/\/arcticexcursions.com\/da\/wp-json\/wp\/v2\/product_tag?post=16670"}],"curies":[{"name":"wp","href":"https:\/\/api.w.org\/{rel}","templated":true}]}}