{"id":16672,"date":"2024-01-17T19:04:10","date_gmt":"2024-01-17T17:04:10","guid":{"rendered":"https:\/\/arcticexcursions.com\/?post_type=product&#038;p=16672"},"modified":"2026-04-17T11:59:41","modified_gmt":"2026-04-17T09:59:41","slug":"sermermiut-icefjord-hiking","status":"publish","type":"product","link":"https:\/\/arcticexcursions.com\/da\/udflugter\/sermermiut-icefjord-hiking\/","title":{"rendered":"Sermermiut &amp; Vandring i isfjorden"},"content":{"rendered":"<p>Vi begynder vores rejse ved den tidligere heliport og bev\u00e6ger os hurtigt ned ad tr\u00e6ruten ind i UNESCO-regionen. <\/p>\n<p>De velkendte Sermermiut-ruiner vil derefter v\u00e6re vores n\u00e6ste stop.<\/p>\n<p>Forskellige inuitgrupper har boet i Sermermiut i over 4.000 \u00e5r. Sermermiut er det bedste sted for en koloni i det barske og ubarmhjertige milj\u00f8 i Gr\u00f8nland p\u00e5 grund af det rige dyreliv i omr\u00e5det og det faktum, at hele omr\u00e5det er beskyttet af enorme bakker.<\/p>\n<p>P\u00e5 rejsen kommer vi forbi stenresterne af de gamle t\u00f8rvehuse, som ligger p\u00e5 et par n\u00e6rliggende bakker med udsigt over isfjorden. Da Sermermiut var p\u00e5 sit h\u00f8jeste, boede der mere end 250 inuitter her.<\/p>\n<p><b>Varighed:<\/b> 2 timer.<\/p>\n<p><b>Deltagere:<\/b> Bem\u00e6rk venligst, at udflugten kun gennemf\u00f8res, hvis der er mindst 2 bookede billetter i alt. Hvis du for eksempel booker 1 billetter, skal der s\u00e6lges mindst 1 yderligere billetter til andre kunder, f\u00f8r turen kan finde sted. Der vil deltage maksimalt 12 personer.<\/p>\n<p><b>Sprog:<\/b> Guiden taler dansk, engelsk og gr\u00f8nlandsk<\/p>\n<p><b>Sv\u00e6rhedsgrad:<\/b> Begyndervenlig tur. Anbefales ikke hvis du har rygproblemer.<\/p>\n<p><b>Forplejning:<\/b> Kaffe og te serveres<\/p>\n<p><b>Anbefalet p\u00e5kl\u00e6dning:<\/b> Varmt, praktisk t\u00f8j og vandresko.<\/p>\n","protected":false},"excerpt":{"rendered":"<p>Hvis du vil opleve den betagende udsigt over isbjergene fra Ilulissat Isfjord, s\u00e5 tag med os p\u00e5 en malerisk vandretur til Sermermiut og UNESCOs verdensarvsomr\u00e5de.<\/p>\n","protected":false},"featured_media":28354,"comment_status":"open","ping_status":"closed","template":"","meta":{"_acf_changed":false},"product_brand":[],"product_cat":[101,170],"product_tag":[],"class_list":{"0":"post-16672","1":"product","2":"type-product","3":"status-publish","4":"has-post-thumbnail","6":"product_cat-tour","7":"product_cat-udflugt","8":"pa_dato-948","9":"pa_dato-888","10":"pa_dato-875","11":"pa_dato-863","12":"pa_dato-918","13":"pa_dato-1187","14":"pa_dato-889","15":"pa_dato-952","16":"pa_dato-1078","17":"pa_dato-878","18":"pa_dato-890","19":"pa_dato-949","20":"pa_dato-891","21":"pa_dato-892","22":"pa_dato-1064","23":"pa_dato-1066","24":"pa_dato-901","25":"pa_dato-1067","26":"pa_dato-912","27":"pa_dato-1125","28":"pa_dato-1126","29":"pa_dato-1127","30":"pa_dato-1173","31":"pa_dato-963","32":"pa_dato-1128","33":"pa_dato-1023","34":"pa_dato-1025","35":"pa_dato-1027","36":"pa_dato-1028","37":"pa_dato-1029","38":"pa_dato-988","39":"pa_dato-989","40":"pa_dato-992","41":"pa_dato-967","42":"pa_dato-994","43":"pa_dato-1034","44":"pa_dato-996","45":"pa_dato-1035","46":"pa_dato-997","47":"pa_dato-998","48":"pa_dato-1001","49":"pa_dato-1006","50":"pa_dato-1039","51":"pa_dato-1040","52":"pa_dato-1009","53":"pa_dato-1012","54":"pa_dato-1014","55":"pa_dato-1018","56":"pa_dato-1019","57":"pa_dato-1020","58":"pa_dato-1042","59":"pa_dato-1045","60":"pa_dato-899","61":"pa_dato-1047","62":"pa_dato-1048","63":"pa_dato-1049","64":"pa_dato-1050","65":"pa_dato-1052","66":"pa_dato-1053","67":"pa_dato-1054","68":"pa_dato-1055","69":"pa_dato-1056","70":"pa_dato-1057","71":"pa_dato-1058","72":"pa_dato-1143","73":"pa_dato-1131","74":"pa_dato-1134","75":"pa_dato-1135","76":"pa_dato-1185","77":"pa_dato-1186","78":"pa_dato-1136","79":"pa_dato-1138","80":"pa_dato-1139","81":"pa_dato-1140","82":"pa_dato-1194","83":"pa_dato-1195","84":"pa_dato-1196","85":"pa_dato-1146","86":"pa_dato-1160","87":"pa_dato-1161","88":"pa_dato-1197","89":"pa_dato-1198","90":"pa_dato-1199","91":"pa_dato-1200","92":"pa_dato-1360","93":"pa_dato-1357","94":"pa_dato-1355","95":"pa_dato-5881","96":"pa_dato-5921","97":"pa_dato-6042","98":"pa_dato-5890","99":"pa_dato-6065","100":"pa_dato-5878","101":"pa_dato-6017","102":"pa_dato-5947","103":"pa_dato-5952","104":"pa_dato-5951","105":"pa_dato-5879","106":"pa_dato-5948","107":"pa_dato-5983","108":"pa_dato-5976","109":"pa_dato-6087","110":"pa_dato-6022","111":"pa_dato-6058","112":"pa_dato-5931","113":"pa_dato-5926","114":"pa_dato-5946","115":"pa_dato-5956","116":"pa_dato-5939","117":"pa_dato-5978","118":"pa_dato-6026","119":"pa_dato-5990","120":"pa_dato-5940","121":"pa_dato-6027","122":"pa_dato-5957","123":"pa_dato-6074","124":"pa_dato-6081","125":"pa_dato-6088","126":"pa_dato-6090","127":"pa_dato-6148","128":"pa_dato-6089","129":"pa_dato-5944","130":"pa_dato-6163","131":"pa_dato-6172","132":"pa_dato-6182","133":"pa_dato-6164","134":"pa_dato-6189","135":"pa_dato-6190","136":"pa_dato-6149","137":"pa_dato-6151","138":"pa_dato-6308","139":"pa_dato-6111","140":"pa_dato-6221","141":"pa_dato-6309","142":"pa_dato-6256","143":"pa_dato-6252","144":"pa_dato-6184","145":"pa_dato-6192","146":"pa_dato-6204","147":"pa_dato-6193","148":"pa_dato-6205","149":"pa_dato-6194","150":"pa_dato-6206","151":"pa_dato-6195","152":"pa_dato-6207","153":"pa_dato-6208","154":"pa_dato-6196","155":"pa_dato-6209","156":"pa_dato-6197","157":"pa_dato-6210","158":"pa_dato-6198","159":"pa_dato-6199","160":"pa_dato-6211","161":"pa_dato-6200","162":"pa_dato-6121","163":"pa_dato-6201","164":"pa_dato-6142","165":"pa_dato-6202","166":"pa_dato-6435","167":"pa_dato-6167","168":"pa_dato-6464","169":"pa_dato-6305","170":"pa_dato-6268","171":"pa_dato-6269","172":"pa_dato-6212","173":"pa_dato-6178","174":"pa_dato-6288","175":"pa_dato-6171","176":"pa_dato-6225","177":"pa_dato-6162","178":"pa_dato-6115","179":"pa_dato-6405","180":"pa_dato-6222","181":"pa_dato-6214","182":"pa_dato-6439","183":"pa_dato-6145","184":"pa_dato-6223","185":"pa_dato-6117","186":"pa_dato-6218","187":"pa_dato-6339","188":"pa_dato-6280","189":"pa_dato-6353","190":"pa_dato-6138","191":"pa_dato-6228","192":"pa_dato-6293","193":"pa_dato-6356","194":"pa_dato-6176","195":"pa_dato-6239","196":"pa_dato-6229","197":"pa_dato-6230","198":"pa_dato-6231","199":"pa_dato-6337","200":"pa_tidspunkt-40","201":"pa_tidspunkt-76","202":"pa_tidspunkt-304","203":"pa_tidspunkt-177","204":"pa_tidspunkt-229","205":"pa_tidspunkt-61","206":"tour_location-ilulissat-da","207":"tour_type-vandreture","208":"tour_type-outdoor-da","209":"tour_tickettype-arctic_excursions","210":"tour_operator-albatros-arctic-circle-ilulissat","212":"first","213":"instock","214":"shipping-taxable","215":"purchasable","216":"product-type-variable"},"acf":[],"yoast_head":"<!-- This site is optimized with the Yoast SEO plugin v23.6 - https:\/\/yoast.com\/wordpress\/plugins\/seo\/ -->\n<title>Arctic Excursions<\/title>\n<meta name=\"robots\" content=\"index, follow, max-snippet:-1, max-image-preview:large, max-video-preview:-1\" \/>\n<link rel=\"canonical\" href=\"https:\/\/arcticexcursions.com\/udflugter\/sermermiut-icefjord-hiking\/\" \/>\n<meta property=\"og:locale\" content=\"da_DK\" \/>\n<meta property=\"og:type\" content=\"article\" \/>\n<meta property=\"og:title\" content=\"Sermermiut &amp; Vandring i isfjorden - Arctic Excursions\" \/>\n<meta property=\"og:description\" content=\"Hvis du vil opleve den betagende udsigt over isbjergene fra Ilulissat Isfjord, s\u00e5 tag med os p\u00e5 en malerisk vandretur til Sermermiut og UNESCOs verdensarvsomr\u00e5de.\" \/>\n<meta property=\"og:url\" content=\"https:\/\/arcticexcursions.com\/udflugter\/sermermiut-icefjord-hiking\/\" \/>\n<meta property=\"og:site_name\" content=\"Arctic Excursions\" \/>\n<meta property=\"article:modified_time\" content=\"2026-04-17T09:59:41+00:00\" \/>\n<meta property=\"og:image\" content=\"https:\/\/arcticexcursions.com\/wp-content\/uploads\/2024\/01\/Sermermiut-Hike-scaled.jpg\" \/>\n\t<meta property=\"og:image:width\" content=\"2560\" \/>\n\t<meta property=\"og:image:height\" content=\"1707\" \/>\n\t<meta property=\"og:image:type\" content=\"image\/jpeg\" \/>\n<meta name=\"twitter:card\" content=\"summary_large_image\" \/>\n<meta name=\"twitter:label1\" content=\"Estimeret l\u00e6setid\" \/>\n\t<meta name=\"twitter:data1\" content=\"1 minut\" \/>\n<script type=\"application\/ld+json\" class=\"yoast-schema-graph\">{\"@context\":\"https:\/\/schema.org\",\"@graph\":[{\"@type\":\"WebPage\",\"@id\":\"https:\/\/arcticexcursions.com\/udflugter\/sermermiut-icefjord-hiking\/\",\"url\":\"https:\/\/arcticexcursions.com\/udflugter\/sermermiut-icefjord-hiking\/\",\"name\":\"Sermermiut &amp; Vandring i isfjorden - Arctic Excursions\",\"isPartOf\":{\"@id\":\"https:\/\/arcticexcursions.com\/#website\"},\"primaryImageOfPage\":{\"@id\":\"https:\/\/arcticexcursions.com\/udflugter\/sermermiut-icefjord-hiking\/#primaryimage\"},\"image\":{\"@id\":\"https:\/\/arcticexcursions.com\/udflugter\/sermermiut-icefjord-hiking\/#primaryimage\"},\"thumbnailUrl\":\"https:\/\/arcticexcursions.com\/wp-content\/uploads\/2024\/01\/Sermermiut-Hike-scaled.jpg\",\"datePublished\":\"2024-01-17T17:04:10+00:00\",\"dateModified\":\"2026-04-17T09:59:41+00:00\",\"breadcrumb\":{\"@id\":\"https:\/\/arcticexcursions.com\/udflugter\/sermermiut-icefjord-hiking\/#breadcrumb\"},\"inLanguage\":\"da-DK\",\"potentialAction\":[{\"@type\":\"ReadAction\",\"target\":[\"https:\/\/arcticexcursions.com\/udflugter\/sermermiut-icefjord-hiking\/\"]}]},{\"@type\":\"ImageObject\",\"inLanguage\":\"da-DK\",\"@id\":\"https:\/\/arcticexcursions.com\/udflugter\/sermermiut-icefjord-hiking\/#primaryimage\",\"url\":\"https:\/\/arcticexcursions.com\/wp-content\/uploads\/2024\/01\/Sermermiut-Hike-scaled.jpg\",\"contentUrl\":\"https:\/\/arcticexcursions.com\/wp-content\/uploads\/2024\/01\/Sermermiut-Hike-scaled.jpg\",\"width\":2560,\"height\":1707},{\"@type\":\"BreadcrumbList\",\"@id\":\"https:\/\/arcticexcursions.com\/udflugter\/sermermiut-icefjord-hiking\/#breadcrumb\",\"itemListElement\":[{\"@type\":\"ListItem\",\"position\":1,\"name\":\"Home\",\"item\":\"https:\/\/arcticexcursions.com\/da\/\"},{\"@type\":\"ListItem\",\"position\":2,\"name\":\"Udflugter i Gr\u00f8nland\",\"item\":\"https:\/\/arcticexcursions.com\/da\/udflugter\/\"},{\"@type\":\"ListItem\",\"position\":3,\"name\":\"Sermermiut &amp; Vandring i isfjorden\"}]},{\"@type\":\"WebSite\",\"@id\":\"https:\/\/arcticexcursions.com\/#website\",\"url\":\"https:\/\/arcticexcursions.com\/\",\"name\":\"Arctic Excursions\",\"description\":\"New adventures. Every day.\",\"publisher\":{\"@id\":\"https:\/\/arcticexcursions.com\/#organization\"},\"potentialAction\":[{\"@type\":\"SearchAction\",\"target\":{\"@type\":\"EntryPoint\",\"urlTemplate\":\"https:\/\/arcticexcursions.com\/?s={search_term_string}\"},\"query-input\":{\"@type\":\"PropertyValueSpecification\",\"valueRequired\":true,\"valueName\":\"search_term_string\"}}],\"inLanguage\":\"da-DK\"},{\"@type\":\"Organization\",\"@id\":\"https:\/\/arcticexcursions.com\/#organization\",\"name\":\"Arctic Excursions\",\"url\":\"https:\/\/arcticexcursions.com\/\",\"logo\":{\"@type\":\"ImageObject\",\"inLanguage\":\"da-DK\",\"@id\":\"https:\/\/arcticexcursions.com\/#\/schema\/logo\/image\/\",\"url\":\"https:\/\/arcticexcursions.com\/wp-content\/uploads\/2022\/11\/fb-logo.png\",\"contentUrl\":\"https:\/\/arcticexcursions.com\/wp-content\/uploads\/2022\/11\/fb-logo.png\",\"width\":523,\"height\":523,\"caption\":\"Arctic Excursions\"},\"image\":{\"@id\":\"https:\/\/arcticexcursions.com\/#\/schema\/logo\/image\/\"}}]}<\/script>\n<!-- \/ Yoast SEO plugin. -->","yoast_head_json":{"title":"Arctic Excursions","robots":{"index":"index","follow":"follow","max-snippet":"max-snippet:-1","max-image-preview":"max-image-preview:large","max-video-preview":"max-video-preview:-1"},"canonical":"https:\/\/arcticexcursions.com\/udflugter\/sermermiut-icefjord-hiking\/","og_locale":"da_DK","og_type":"article","og_title":"Sermermiut &amp; Vandring i isfjorden - Arctic Excursions","og_description":"Hvis du vil opleve den betagende udsigt over isbjergene fra Ilulissat Isfjord, s\u00e5 tag med os p\u00e5 en malerisk vandretur til Sermermiut og UNESCOs verdensarvsomr\u00e5de.","og_url":"https:\/\/arcticexcursions.com\/udflugter\/sermermiut-icefjord-hiking\/","og_site_name":"Arctic Excursions","article_modified_time":"2026-04-17T09:59:41+00:00","og_image":[{"width":2560,"height":1707,"url":"https:\/\/arcticexcursions.com\/wp-content\/uploads\/2024\/01\/Sermermiut-Hike-scaled.jpg","type":"image\/jpeg"}],"twitter_card":"summary_large_image","twitter_misc":{"Estimeret l\u00e6setid":"1 minut"},"schema":{"@context":"https:\/\/schema.org","@graph":[{"@type":"WebPage","@id":"https:\/\/arcticexcursions.com\/udflugter\/sermermiut-icefjord-hiking\/","url":"https:\/\/arcticexcursions.com\/udflugter\/sermermiut-icefjord-hiking\/","name":"Sermermiut &amp; Vandring i isfjorden - Arctic Excursions","isPartOf":{"@id":"https:\/\/arcticexcursions.com\/#website"},"primaryImageOfPage":{"@id":"https:\/\/arcticexcursions.com\/udflugter\/sermermiut-icefjord-hiking\/#primaryimage"},"image":{"@id":"https:\/\/arcticexcursions.com\/udflugter\/sermermiut-icefjord-hiking\/#primaryimage"},"thumbnailUrl":"https:\/\/arcticexcursions.com\/wp-content\/uploads\/2024\/01\/Sermermiut-Hike-scaled.jpg","datePublished":"2024-01-17T17:04:10+00:00","dateModified":"2026-04-17T09:59:41+00:00","breadcrumb":{"@id":"https:\/\/arcticexcursions.com\/udflugter\/sermermiut-icefjord-hiking\/#breadcrumb"},"inLanguage":"da-DK","potentialAction":[{"@type":"ReadAction","target":["https:\/\/arcticexcursions.com\/udflugter\/sermermiut-icefjord-hiking\/"]}]},{"@type":"ImageObject","inLanguage":"da-DK","@id":"https:\/\/arcticexcursions.com\/udflugter\/sermermiut-icefjord-hiking\/#primaryimage","url":"https:\/\/arcticexcursions.com\/wp-content\/uploads\/2024\/01\/Sermermiut-Hike-scaled.jpg","contentUrl":"https:\/\/arcticexcursions.com\/wp-content\/uploads\/2024\/01\/Sermermiut-Hike-scaled.jpg","width":2560,"height":1707},{"@type":"BreadcrumbList","@id":"https:\/\/arcticexcursions.com\/udflugter\/sermermiut-icefjord-hiking\/#breadcrumb","itemListElement":[{"@type":"ListItem","position":1,"name":"Home","item":"https:\/\/arcticexcursions.com\/da\/"},{"@type":"ListItem","position":2,"name":"Udflugter i Gr\u00f8nland","item":"https:\/\/arcticexcursions.com\/da\/udflugter\/"},{"@type":"ListItem","position":3,"name":"Sermermiut &amp; Vandring i isfjorden"}]},{"@type":"WebSite","@id":"https:\/\/arcticexcursions.com\/#website","url":"https:\/\/arcticexcursions.com\/","name":"Arctic Excursions","description":"New adventures. Every day.","publisher":{"@id":"https:\/\/arcticexcursions.com\/#organization"},"potentialAction":[{"@type":"SearchAction","target":{"@type":"EntryPoint","urlTemplate":"https:\/\/arcticexcursions.com\/?s={search_term_string}"},"query-input":{"@type":"PropertyValueSpecification","valueRequired":true,"valueName":"search_term_string"}}],"inLanguage":"da-DK"},{"@type":"Organization","@id":"https:\/\/arcticexcursions.com\/#organization","name":"Arctic Excursions","url":"https:\/\/arcticexcursions.com\/","logo":{"@type":"ImageObject","inLanguage":"da-DK","@id":"https:\/\/arcticexcursions.com\/#\/schema\/logo\/image\/","url":"https:\/\/arcticexcursions.com\/wp-content\/uploads\/2022\/11\/fb-logo.png","contentUrl":"https:\/\/arcticexcursions.com\/wp-content\/uploads\/2022\/11\/fb-logo.png","width":523,"height":523,"caption":"Arctic Excursions"},"image":{"@id":"https:\/\/arcticexcursions.com\/#\/schema\/logo\/image\/"}}]}},"_links":{"self":[{"href":"https:\/\/arcticexcursions.com\/da\/wp-json\/wp\/v2\/product\/16672"}],"collection":[{"href":"https:\/\/arcticexcursions.com\/da\/wp-json\/wp\/v2\/product"}],"about":[{"href":"https:\/\/arcticexcursions.com\/da\/wp-json\/wp\/v2\/types\/product"}],"replies":[{"embeddable":true,"href":"https:\/\/arcticexcursions.com\/da\/wp-json\/wp\/v2\/comments?post=16672"}],"wp:featuredmedia":[{"embeddable":true,"href":"https:\/\/arcticexcursions.com\/da\/wp-json\/wp\/v2\/media\/28354"}],"wp:attachment":[{"href":"https:\/\/arcticexcursions.com\/da\/wp-json\/wp\/v2\/media?parent=16672"}],"wp:term":[{"taxonomy":"product_brand","embeddable":true,"href":"https:\/\/arcticexcursions.com\/da\/wp-json\/wp\/v2\/product_brand?post=16672"},{"taxonomy":"product_cat","embeddable":true,"href":"https:\/\/arcticexcursions.com\/da\/wp-json\/wp\/v2\/product_cat?post=16672"},{"taxonomy":"product_tag","embeddable":true,"href":"https:\/\/arcticexcursions.com\/da\/wp-json\/wp\/v2\/product_tag?post=16672"}],"curies":[{"name":"wp","href":"https:\/\/api.w.org\/{rel}","templated":true}]}}