{"id":16674,"date":"2024-01-26T12:35:33","date_gmt":"2024-01-26T10:35:33","guid":{"rendered":"https:\/\/arcticexcursions.com\/?post_type=product&#038;p=16674"},"modified":"2026-03-26T20:18:57","modified_gmt":"2026-03-26T18:18:57","slug":"town-tour","status":"publish","type":"product","link":"https:\/\/arcticexcursions.com\/da\/udflugter\/town-tour\/","title":{"rendered":"Byrundtur"},"content":{"rendered":"<p>Tag med p\u00e5 en vandretur til Ilulissats kulturelle og historiske steder, hvor vi stopper for at tage et par smukke billeder undervejs.<\/p>\n<p>Vi tager afsted fra det historiske Hotel Hvide Falk og stopper ved Zionkirken, kvarterets fiskemarked, museerne*, havnen og flere betagende udsigtspunkter undervejs. <\/p>\n<p>Alle steder, der er vigtige for byen eller har en sp\u00e6ndende historie.<\/p>\n<p>Du kan f\u00e5 mere at vide om Ilulissats historie, hvordan byen har \u00e6ndret sig gennem tiden, hvorfor inuitterne har boet i n\u00e6rheden s\u00e5 l\u00e6nge, hvor vigtigt fiskeri er for Ilulissat-folket og meget mere ved at tage p\u00e5 en guidet byrundtur.<\/p>\n<p>Selvom hver tur er unik, vil vores kyndige guider fors\u00f8ge at tilpasse hver tur til de bes\u00f8gendes interesser og sp\u00f8rgsm\u00e5l.<br \/>\nV\u00e6r opm\u00e6rksom p\u00e5, at vi ikke g\u00e5r ind p\u00e5 nogen museer p\u00e5 vores tur.<\/p>\n<p><b>Varighed:<\/b> 2 timer.\t<\/p>\n<p><b>Deltagere:<\/b> Bem\u00e6rk venligst, at udflugten kun gennemf\u00f8res, hvis der er mindst 3 bookede billetter i alt. Hvis du for eksempel booker 1 billetter, skal der s\u00e6lges mindst 2 yderligere billetter til andre kunder, f\u00f8r turen kan finde sted. Der vil deltage maksimalt 8 personer.<\/p>\n<p><b>Sprog:<\/b> Guiden taler dansk, engelsk og gr\u00f8nlandsk<\/p>\n<p><b>S\u00e6son:<\/b> Februar &#8211; november.<\/p>\n<p><b>Sv\u00e6rhedsgrad:<\/b> Alle der kan g\u00e5 i roligt tempo med pauser ved sev\u00e6rdighederne, kan deltage i denne tur<\/p>\n<p><b>Forplejning:<\/b> Intet inkluderet, medbring gerne snacks og drikkevarer<\/p>\n<p><b>Anbefalet p\u00e5kl\u00e6dning:<\/b> Praktiske sko og varmt t\u00f8j hvis temperaturen er lav. Solbriller og solcreme om sommeren.<\/p>\n","protected":false},"excerpt":{"rendered":"<p>Oplev lyset, n\u00e5r du vandrer gennem Ilulissat, og f\u00e5 historien. Oplev Ilulissats fortid og nutid.<\/p>\n","protected":false},"featured_media":38328,"comment_status":"open","ping_status":"closed","template":"","meta":{"_acf_changed":false},"product_brand":[],"product_cat":[101,170],"product_tag":[],"class_list":{"0":"post-16674","1":"product","2":"type-product","3":"status-publish","4":"has-post-thumbnail","6":"product_cat-tour","7":"product_cat-udflugt","8":"pa_dato-1168","9":"pa_dato-948","10":"pa_dato-888","11":"pa_dato-875","12":"pa_dato-863","13":"pa_dato-918","14":"pa_dato-1187","15":"pa_dato-1189","16":"pa_dato-864","17":"pa_dato-951","18":"pa_dato-953","19":"pa_dato-1078","20":"pa_dato-878","21":"pa_dato-865","22":"pa_dato-890","23":"pa_dato-949","24":"pa_dato-879","25":"pa_dato-892","26":"pa_dato-880","27":"pa_dato-1079","28":"pa_dato-1157","29":"pa_dato-1124","30":"pa_dato-901","31":"pa_dato-898","32":"pa_dato-902","33":"pa_dato-1173","34":"pa_dato-963","35":"pa_dato-1128","36":"pa_dato-1023","37":"pa_dato-966","38":"pa_dato-1025","39":"pa_dato-1028","40":"pa_dato-988","41":"pa_dato-990","42":"pa_dato-989","43":"pa_dato-995","44":"pa_dato-964","45":"pa_dato-1035","46":"pa_dato-998","47":"pa_dato-1001","48":"pa_dato-1003","49":"pa_dato-1006","50":"pa_dato-1036","51":"pa_dato-1037","52":"pa_dato-1038","53":"pa_dato-1039","54":"pa_dato-1040","55":"pa_dato-1010","56":"pa_dato-1012","57":"pa_dato-1013","58":"pa_dato-1014","59":"pa_dato-1016","60":"pa_dato-965","61":"pa_dato-1041","62":"pa_dato-1018","63":"pa_dato-1019","64":"pa_dato-1021","65":"pa_dato-1022","66":"pa_dato-1042","67":"pa_dato-1045","68":"pa_dato-899","69":"pa_dato-1047","70":"pa_dato-1050","71":"pa_dato-1052","72":"pa_dato-1053","73":"pa_dato-1054","74":"pa_dato-1056","75":"pa_dato-1057","76":"pa_dato-1058","77":"pa_dato-1143","78":"pa_dato-1131","79":"pa_dato-1134","80":"pa_dato-1135","81":"pa_dato-1186","82":"pa_dato-1136","83":"pa_dato-1137","84":"pa_dato-1138","85":"pa_dato-1140","86":"pa_dato-1195","87":"pa_dato-1146","88":"pa_dato-1160","89":"pa_dato-1161","90":"pa_dato-1197","91":"pa_dato-1198","92":"pa_dato-1199","93":"pa_dato-1275","94":"pa_dato-1355","95":"pa_dato-5923","96":"pa_dato-5921","97":"pa_dato-6043","98":"pa_dato-5890","99":"pa_dato-5916","100":"pa_dato-5932","101":"pa_dato-5999","102":"pa_dato-5952","103":"pa_dato-1193","104":"pa_dato-5951","105":"pa_dato-6020","106":"pa_dato-5974","107":"pa_dato-6030","108":"pa_dato-5954","109":"pa_dato-5937","110":"pa_dato-6067","111":"pa_dato-6024","112":"pa_dato-5888","113":"pa_dato-5924","114":"pa_dato-5889","115":"pa_dato-5980","116":"pa_dato-5961","117":"pa_dato-5939","118":"pa_dato-5990","119":"pa_dato-5942","120":"pa_dato-6078","121":"pa_dato-6028","122":"pa_dato-6080","123":"pa_dato-5944","124":"pa_dato-6084","125":"pa_dato-6105","126":"pa_dato-6168","127":"pa_dato-6172","128":"pa_dato-6164","129":"pa_dato-6139","130":"pa_dato-6137","131":"pa_dato-6111","132":"pa_dato-6297","133":"pa_dato-6309","134":"pa_dato-6192","135":"pa_dato-6204","136":"pa_dato-6193","137":"pa_dato-6205","138":"pa_dato-6194","139":"pa_dato-6195","140":"pa_dato-6207","141":"pa_dato-6197","142":"pa_dato-6210","143":"pa_dato-6198","144":"pa_dato-6200","145":"pa_dato-6274","146":"pa_dato-6203","147":"pa_dato-6120","148":"pa_dato-6166","149":"pa_dato-6167","150":"pa_dato-6281","151":"pa_dato-6305","152":"pa_dato-6336","153":"pa_dato-6178","154":"pa_dato-6171","155":"pa_dato-6225","156":"pa_dato-6116","157":"pa_dato-6405","158":"pa_dato-6215","159":"pa_dato-6145","160":"pa_dato-6223","161":"pa_dato-6377","162":"pa_dato-6173","163":"pa_dato-6426","164":"pa_dato-6220","165":"pa_dato-6323","166":"pa_dato-6138","167":"pa_dato-6228","168":"pa_dato-6237","169":"pa_dato-6293","170":"pa_dato-6356","171":"pa_dato-6229","172":"pa_dato-6230","173":"pa_dato-6231","174":"pa_dato-6232","175":"pa_dato-6233","176":"pa_dato-6234","177":"pa_tidspunkt-72","178":"pa_tidspunkt-40","179":"pa_tidspunkt-177","180":"pa_tidspunkt-229","181":"pa_tidspunkt-314","182":"pa_tidspunkt-308","183":"pa_tidspunkt-27","184":"pa_tidspunkt-61","185":"pa_tidspunkt-60","186":"pa_tidspunkt-426","187":"tour_location-ilulissat-da","188":"tour_type-vandreture","189":"tour_type-byvandring","190":"tour_tickettype-arctic_excursions","191":"tour_operator-albatros-arctic-circle-ilulissat","193":"first","194":"instock","195":"shipping-taxable","196":"purchasable","197":"product-type-variable"},"acf":[],"yoast_head":"<!-- This site is optimized with the Yoast SEO plugin v23.6 - https:\/\/yoast.com\/wordpress\/plugins\/seo\/ -->\n<title>Arctic Excursions<\/title>\n<meta name=\"robots\" content=\"index, follow, max-snippet:-1, max-image-preview:large, max-video-preview:-1\" \/>\n<link rel=\"canonical\" href=\"https:\/\/arcticexcursions.com\/udflugter\/town-tour\/\" \/>\n<meta property=\"og:locale\" content=\"da_DK\" \/>\n<meta property=\"og:type\" content=\"article\" \/>\n<meta property=\"og:title\" content=\"Byrundtur - Arctic Excursions\" \/>\n<meta property=\"og:description\" content=\"Oplev lyset, n\u00e5r du vandrer gennem Ilulissat, og f\u00e5 historien. Oplev Ilulissats fortid og nutid.\" \/>\n<meta property=\"og:url\" content=\"https:\/\/arcticexcursions.com\/udflugter\/town-tour\/\" \/>\n<meta property=\"og:site_name\" content=\"Arctic Excursions\" \/>\n<meta property=\"article:modified_time\" content=\"2026-03-26T18:18:57+00:00\" \/>\n<meta property=\"og:image\" content=\"https:\/\/arcticexcursions.com\/wp-content\/uploads\/2024\/06\/museum_in_ilulissat_aerial_at_sunset._photo-aningaaq_r_carlsen_-_visit_greenland-scaled.jpg\" \/>\n\t<meta property=\"og:image:width\" content=\"2560\" \/>\n\t<meta property=\"og:image:height\" content=\"1920\" \/>\n\t<meta property=\"og:image:type\" content=\"image\/jpeg\" \/>\n<meta name=\"twitter:card\" content=\"summary_large_image\" \/>\n<meta name=\"twitter:label1\" content=\"Estimeret l\u00e6setid\" \/>\n\t<meta name=\"twitter:data1\" content=\"1 minut\" \/>\n<script type=\"application\/ld+json\" class=\"yoast-schema-graph\">{\"@context\":\"https:\/\/schema.org\",\"@graph\":[{\"@type\":\"WebPage\",\"@id\":\"https:\/\/arcticexcursions.com\/udflugter\/town-tour\/\",\"url\":\"https:\/\/arcticexcursions.com\/udflugter\/town-tour\/\",\"name\":\"Byrundtur - Arctic Excursions\",\"isPartOf\":{\"@id\":\"https:\/\/arcticexcursions.com\/#website\"},\"primaryImageOfPage\":{\"@id\":\"https:\/\/arcticexcursions.com\/udflugter\/town-tour\/#primaryimage\"},\"image\":{\"@id\":\"https:\/\/arcticexcursions.com\/udflugter\/town-tour\/#primaryimage\"},\"thumbnailUrl\":\"https:\/\/arcticexcursions.com\/wp-content\/uploads\/2024\/06\/museum_in_ilulissat_aerial_at_sunset._photo-aningaaq_r_carlsen_-_visit_greenland-scaled.jpg\",\"datePublished\":\"2024-01-26T10:35:33+00:00\",\"dateModified\":\"2026-03-26T18:18:57+00:00\",\"breadcrumb\":{\"@id\":\"https:\/\/arcticexcursions.com\/udflugter\/town-tour\/#breadcrumb\"},\"inLanguage\":\"da-DK\",\"potentialAction\":[{\"@type\":\"ReadAction\",\"target\":[\"https:\/\/arcticexcursions.com\/udflugter\/town-tour\/\"]}]},{\"@type\":\"ImageObject\",\"inLanguage\":\"da-DK\",\"@id\":\"https:\/\/arcticexcursions.com\/udflugter\/town-tour\/#primaryimage\",\"url\":\"https:\/\/arcticexcursions.com\/wp-content\/uploads\/2024\/06\/museum_in_ilulissat_aerial_at_sunset._photo-aningaaq_r_carlsen_-_visit_greenland-scaled.jpg\",\"contentUrl\":\"https:\/\/arcticexcursions.com\/wp-content\/uploads\/2024\/06\/museum_in_ilulissat_aerial_at_sunset._photo-aningaaq_r_carlsen_-_visit_greenland-scaled.jpg\",\"width\":2560,\"height\":1920,\"caption\":\"Crediting is required when using photos from our galleries. This means you have to credit both the photographer and Visit Greenland (http:\/\/vg.gl\/accr) Photo by Aningaaq Rosing Carlsen - Visit Greenland This photo is licensed under Visit Greenland License Agreement. Please refer to the license agreement for more info about the rights of use associated with the image. Download the agreement here: http:\/\/vg.gl\/vglicense When downloading or sharing this image you enter into an agreement with Visit Greenland A\/S about the use of the image under this license. If you want to apply for extended user rights for downloads on this database please read these guidelines: http:\/\/vg.gl\/guidel\"},{\"@type\":\"BreadcrumbList\",\"@id\":\"https:\/\/arcticexcursions.com\/udflugter\/town-tour\/#breadcrumb\",\"itemListElement\":[{\"@type\":\"ListItem\",\"position\":1,\"name\":\"Home\",\"item\":\"https:\/\/arcticexcursions.com\/da\/\"},{\"@type\":\"ListItem\",\"position\":2,\"name\":\"Udflugter i Gr\u00f8nland\",\"item\":\"https:\/\/arcticexcursions.com\/da\/udflugter\/\"},{\"@type\":\"ListItem\",\"position\":3,\"name\":\"Byrundtur\"}]},{\"@type\":\"WebSite\",\"@id\":\"https:\/\/arcticexcursions.com\/#website\",\"url\":\"https:\/\/arcticexcursions.com\/\",\"name\":\"Arctic Excursions\",\"description\":\"New adventures. Every day.\",\"publisher\":{\"@id\":\"https:\/\/arcticexcursions.com\/#organization\"},\"potentialAction\":[{\"@type\":\"SearchAction\",\"target\":{\"@type\":\"EntryPoint\",\"urlTemplate\":\"https:\/\/arcticexcursions.com\/?s={search_term_string}\"},\"query-input\":{\"@type\":\"PropertyValueSpecification\",\"valueRequired\":true,\"valueName\":\"search_term_string\"}}],\"inLanguage\":\"da-DK\"},{\"@type\":\"Organization\",\"@id\":\"https:\/\/arcticexcursions.com\/#organization\",\"name\":\"Arctic Excursions\",\"url\":\"https:\/\/arcticexcursions.com\/\",\"logo\":{\"@type\":\"ImageObject\",\"inLanguage\":\"da-DK\",\"@id\":\"https:\/\/arcticexcursions.com\/#\/schema\/logo\/image\/\",\"url\":\"https:\/\/arcticexcursions.com\/wp-content\/uploads\/2022\/11\/fb-logo.png\",\"contentUrl\":\"https:\/\/arcticexcursions.com\/wp-content\/uploads\/2022\/11\/fb-logo.png\",\"width\":523,\"height\":523,\"caption\":\"Arctic Excursions\"},\"image\":{\"@id\":\"https:\/\/arcticexcursions.com\/#\/schema\/logo\/image\/\"}}]}<\/script>\n<!-- \/ Yoast SEO plugin. -->","yoast_head_json":{"title":"Arctic Excursions","robots":{"index":"index","follow":"follow","max-snippet":"max-snippet:-1","max-image-preview":"max-image-preview:large","max-video-preview":"max-video-preview:-1"},"canonical":"https:\/\/arcticexcursions.com\/udflugter\/town-tour\/","og_locale":"da_DK","og_type":"article","og_title":"Byrundtur - Arctic Excursions","og_description":"Oplev lyset, n\u00e5r du vandrer gennem Ilulissat, og f\u00e5 historien. Oplev Ilulissats fortid og nutid.","og_url":"https:\/\/arcticexcursions.com\/udflugter\/town-tour\/","og_site_name":"Arctic Excursions","article_modified_time":"2026-03-26T18:18:57+00:00","og_image":[{"width":2560,"height":1920,"url":"https:\/\/arcticexcursions.com\/wp-content\/uploads\/2024\/06\/museum_in_ilulissat_aerial_at_sunset._photo-aningaaq_r_carlsen_-_visit_greenland-scaled.jpg","type":"image\/jpeg"}],"twitter_card":"summary_large_image","twitter_misc":{"Estimeret l\u00e6setid":"1 minut"},"schema":{"@context":"https:\/\/schema.org","@graph":[{"@type":"WebPage","@id":"https:\/\/arcticexcursions.com\/udflugter\/town-tour\/","url":"https:\/\/arcticexcursions.com\/udflugter\/town-tour\/","name":"Byrundtur - Arctic Excursions","isPartOf":{"@id":"https:\/\/arcticexcursions.com\/#website"},"primaryImageOfPage":{"@id":"https:\/\/arcticexcursions.com\/udflugter\/town-tour\/#primaryimage"},"image":{"@id":"https:\/\/arcticexcursions.com\/udflugter\/town-tour\/#primaryimage"},"thumbnailUrl":"https:\/\/arcticexcursions.com\/wp-content\/uploads\/2024\/06\/museum_in_ilulissat_aerial_at_sunset._photo-aningaaq_r_carlsen_-_visit_greenland-scaled.jpg","datePublished":"2024-01-26T10:35:33+00:00","dateModified":"2026-03-26T18:18:57+00:00","breadcrumb":{"@id":"https:\/\/arcticexcursions.com\/udflugter\/town-tour\/#breadcrumb"},"inLanguage":"da-DK","potentialAction":[{"@type":"ReadAction","target":["https:\/\/arcticexcursions.com\/udflugter\/town-tour\/"]}]},{"@type":"ImageObject","inLanguage":"da-DK","@id":"https:\/\/arcticexcursions.com\/udflugter\/town-tour\/#primaryimage","url":"https:\/\/arcticexcursions.com\/wp-content\/uploads\/2024\/06\/museum_in_ilulissat_aerial_at_sunset._photo-aningaaq_r_carlsen_-_visit_greenland-scaled.jpg","contentUrl":"https:\/\/arcticexcursions.com\/wp-content\/uploads\/2024\/06\/museum_in_ilulissat_aerial_at_sunset._photo-aningaaq_r_carlsen_-_visit_greenland-scaled.jpg","width":2560,"height":1920,"caption":"Crediting is required when using photos from our galleries. This means you have to credit both the photographer and Visit Greenland (http:\/\/vg.gl\/accr) Photo by Aningaaq Rosing Carlsen - Visit Greenland This photo is licensed under Visit Greenland License Agreement. Please refer to the license agreement for more info about the rights of use associated with the image. Download the agreement here: http:\/\/vg.gl\/vglicense When downloading or sharing this image you enter into an agreement with Visit Greenland A\/S about the use of the image under this license. If you want to apply for extended user rights for downloads on this database please read these guidelines: http:\/\/vg.gl\/guidel"},{"@type":"BreadcrumbList","@id":"https:\/\/arcticexcursions.com\/udflugter\/town-tour\/#breadcrumb","itemListElement":[{"@type":"ListItem","position":1,"name":"Home","item":"https:\/\/arcticexcursions.com\/da\/"},{"@type":"ListItem","position":2,"name":"Udflugter i Gr\u00f8nland","item":"https:\/\/arcticexcursions.com\/da\/udflugter\/"},{"@type":"ListItem","position":3,"name":"Byrundtur"}]},{"@type":"WebSite","@id":"https:\/\/arcticexcursions.com\/#website","url":"https:\/\/arcticexcursions.com\/","name":"Arctic Excursions","description":"New adventures. Every day.","publisher":{"@id":"https:\/\/arcticexcursions.com\/#organization"},"potentialAction":[{"@type":"SearchAction","target":{"@type":"EntryPoint","urlTemplate":"https:\/\/arcticexcursions.com\/?s={search_term_string}"},"query-input":{"@type":"PropertyValueSpecification","valueRequired":true,"valueName":"search_term_string"}}],"inLanguage":"da-DK"},{"@type":"Organization","@id":"https:\/\/arcticexcursions.com\/#organization","name":"Arctic Excursions","url":"https:\/\/arcticexcursions.com\/","logo":{"@type":"ImageObject","inLanguage":"da-DK","@id":"https:\/\/arcticexcursions.com\/#\/schema\/logo\/image\/","url":"https:\/\/arcticexcursions.com\/wp-content\/uploads\/2022\/11\/fb-logo.png","contentUrl":"https:\/\/arcticexcursions.com\/wp-content\/uploads\/2022\/11\/fb-logo.png","width":523,"height":523,"caption":"Arctic Excursions"},"image":{"@id":"https:\/\/arcticexcursions.com\/#\/schema\/logo\/image\/"}}]}},"_links":{"self":[{"href":"https:\/\/arcticexcursions.com\/da\/wp-json\/wp\/v2\/product\/16674"}],"collection":[{"href":"https:\/\/arcticexcursions.com\/da\/wp-json\/wp\/v2\/product"}],"about":[{"href":"https:\/\/arcticexcursions.com\/da\/wp-json\/wp\/v2\/types\/product"}],"replies":[{"embeddable":true,"href":"https:\/\/arcticexcursions.com\/da\/wp-json\/wp\/v2\/comments?post=16674"}],"wp:featuredmedia":[{"embeddable":true,"href":"https:\/\/arcticexcursions.com\/da\/wp-json\/wp\/v2\/media\/38328"}],"wp:attachment":[{"href":"https:\/\/arcticexcursions.com\/da\/wp-json\/wp\/v2\/media?parent=16674"}],"wp:term":[{"taxonomy":"product_brand","embeddable":true,"href":"https:\/\/arcticexcursions.com\/da\/wp-json\/wp\/v2\/product_brand?post=16674"},{"taxonomy":"product_cat","embeddable":true,"href":"https:\/\/arcticexcursions.com\/da\/wp-json\/wp\/v2\/product_cat?post=16674"},{"taxonomy":"product_tag","embeddable":true,"href":"https:\/\/arcticexcursions.com\/da\/wp-json\/wp\/v2\/product_tag?post=16674"}],"curies":[{"name":"wp","href":"https:\/\/api.w.org\/{rel}","templated":true}]}}