{"id":17043,"date":"2023-06-16T18:50:44","date_gmt":"2023-06-16T16:50:44","guid":{"rendered":"https:\/\/arcticexcursions.com\/?post_type=product&#038;p=17043"},"modified":"2026-04-23T00:37:13","modified_gmt":"2026-04-22T22:37:13","slug":"whale-tour","status":"publish","type":"product","link":"https:\/\/arcticexcursions.com\/da\/udflugter\/whale-tour\/","title":{"rendered":"Hvaltur"},"content":{"rendered":"<p>P\u00e5 denne tur vil vi fors\u00f8ge at finde og se pukkelhvaler og nogle gange endda finhvaler, der krydser mellem isbjerge for at s\u00f8ge f\u00f8de. Jeg l\u00e6gger v\u00e6gt p\u00e5 etisk hvalsafari efter internationale retningslinjer.<\/p>\n<p>Varmt t\u00f8j er n\u00f8dvendigt under vores to timers udflugt.<\/p>\n<p>Der vil maksimalt v\u00e6re seks passagerer, og jeg fors\u00f8ger altid at give hver af jer en personlig oplevelse. Jeg er f\u00f8dt i Ilulissat og har sejlet siden min barndom, og jeg vil fort\u00e6lle jer om Isfjordens omgivelser og hvalernes adf\u00e6rd.<\/p>\n<p><b>Varighed:<\/b> 3 timer<\/p>\n<p><b>Deltagere:<\/b> Bem\u00e6rk venligst, at udflugten kun gennemf\u00f8res, hvis der er mindst 4 bookede billetter i alt. Hvis du for eksempel booker 2 billetter, skal der s\u00e6lges mindst 2 yderligere billetter til andre kunder, f\u00f8r turen kan finde sted. Der vil deltage maksimalt 6 personer.<\/p>\n<p><b>Sprog:<\/b> Guiden\/kaptajnen taler dansk, engelsk og gr\u00f8nlandsk<\/p>\n<p><b>B\u00e5dtype:<\/b> \u00c5ben b\u00e5d<\/p>\n<p><b>Toiletforhold:<\/b> Der er ikke toilet p\u00e5 b\u00e5den<\/p>\n<p><b>Forplejning:<\/b> Kaffe og te serveres p\u00e5 b\u00e5den<\/p>\n<p><b>Anbefalet p\u00e5kl\u00e6dning:<\/b> Varmt t\u00f8j inkl. hue og handsker hele \u00e5ret. Solbriller. Solcreme om sommeren.<\/p>\n","protected":false},"excerpt":{"rendered":"<p>Hvalsafari blandt k\u00e6mpe isbjerge ved mundingen af Isfjorden syd for Ilulissat.<\/p>\n","protected":false},"featured_media":32825,"comment_status":"open","ping_status":"closed","template":"","meta":{"_acf_changed":false},"product_brand":[],"product_cat":[101,170],"product_tag":[],"class_list":{"0":"post-17043","1":"product","2":"type-product","3":"status-publish","4":"has-post-thumbnail","6":"product_cat-tour","7":"product_cat-udflugt","8":"pa_dato-861","9":"pa_dato-1061","10":"pa_dato-1062","11":"pa_dato-1063","12":"pa_dato-1064","13":"pa_dato-1065","14":"pa_dato-1066","15":"pa_dato-901","16":"pa_dato-898","17":"pa_dato-1067","18":"pa_dato-912","19":"pa_dato-1125","20":"pa_dato-1126","21":"pa_dato-1127","22":"pa_dato-902","23":"pa_dato-1173","24":"pa_dato-1174","25":"pa_dato-963","26":"pa_dato-1128","27":"pa_dato-1129","28":"pa_dato-1130","29":"pa_dato-1141","30":"pa_dato-1023","31":"pa_dato-1024","32":"pa_dato-966","33":"pa_dato-1025","34":"pa_dato-1026","35":"pa_dato-1027","36":"pa_dato-1028","37":"pa_dato-1029","38":"pa_dato-1030","39":"pa_dato-1031","40":"pa_dato-1032","41":"pa_dato-988","42":"pa_dato-990","43":"pa_dato-989","44":"pa_dato-991","45":"pa_dato-992","46":"pa_dato-967","47":"pa_dato-1033","48":"pa_dato-993","49":"pa_dato-994","50":"pa_dato-995","51":"pa_dato-1034","52":"pa_dato-996","53":"pa_dato-964","54":"pa_dato-1035","55":"pa_dato-997","56":"pa_dato-998","57":"pa_dato-999","58":"pa_dato-1000","59":"pa_dato-1001","60":"pa_dato-1002","61":"pa_dato-1003","62":"pa_dato-1004","63":"pa_dato-1005","64":"pa_dato-1006","65":"pa_dato-1007","66":"pa_dato-1036","67":"pa_dato-1037","68":"pa_dato-1038","69":"pa_dato-1039","70":"pa_dato-1040","71":"pa_dato-1008","72":"pa_dato-1009","73":"pa_dato-1010","74":"pa_dato-968","75":"pa_dato-1011","76":"pa_dato-1012","77":"pa_dato-1013","78":"pa_dato-1014","79":"pa_dato-1015","80":"pa_dato-1016","81":"pa_dato-965","82":"pa_dato-1041","83":"pa_dato-1017","84":"pa_dato-1018","85":"pa_dato-1019","86":"pa_dato-1020","87":"pa_dato-1021","88":"pa_dato-1022","89":"pa_dato-1042","90":"pa_dato-1043","91":"pa_dato-1044","92":"pa_dato-1045","93":"pa_dato-899","94":"pa_dato-1046","95":"pa_dato-1047","96":"pa_dato-1048","97":"pa_dato-1049","98":"pa_dato-1050","99":"pa_dato-1051","100":"pa_dato-1052","101":"pa_dato-1053","102":"pa_dato-1054","103":"pa_dato-1055","104":"pa_dato-1056","105":"pa_dato-1057","106":"pa_dato-1058","107":"pa_dato-1143","108":"pa_dato-1144","109":"pa_dato-1131","110":"pa_dato-1132","111":"pa_dato-1133","112":"pa_dato-1134","113":"pa_dato-1135","114":"pa_dato-1185","115":"pa_dato-1186","116":"pa_dato-5922","117":"pa_dato-5923","118":"pa_dato-5916","119":"pa_dato-5934","120":"pa_dato-6065","121":"pa_dato-5878","122":"pa_dato-6071","123":"pa_dato-6070","124":"pa_dato-6019","125":"pa_dato-5947","126":"pa_dato-6064","127":"pa_dato-5892","128":"pa_dato-5951","129":"pa_dato-5879","130":"pa_dato-6020","131":"pa_dato-5948","132":"pa_dato-5949","133":"pa_dato-5925","134":"pa_dato-5953","135":"pa_dato-5975","136":"pa_dato-5976","137":"pa_dato-6021","138":"pa_dato-6030","139":"pa_dato-6087","140":"pa_dato-5954","141":"pa_dato-5937","142":"pa_dato-5964","143":"pa_dato-6023","144":"pa_dato-6006","145":"pa_dato-5928","146":"pa_dato-5888","147":"pa_dato-5924","148":"pa_dato-5946","149":"pa_dato-5958","150":"pa_dato-5938","151":"pa_dato-5963","152":"pa_dato-5956","153":"pa_dato-5980","154":"pa_dato-5977","155":"pa_dato-6002","156":"pa_dato-6060","157":"pa_dato-5939","158":"pa_dato-5918","159":"pa_dato-5978","160":"pa_dato-6028","161":"pa_dato-6105","162":"pa_dato-6459","163":"pa_dato-6315","164":"pa_dato-6294","165":"pa_dato-6447","166":"pa_dato-6277","167":"pa_tidspunkt-314","168":"pa_tidspunkt-61","169":"tour_location-ilulissat-da","170":"tour_type-hvalsafari","171":"tour_tickettype-arctic_excursions","172":"tour_operator-whale-tours","174":"first","175":"instock","176":"shipping-taxable","177":"purchasable","178":"product-type-variable"},"acf":[],"yoast_head":"<!-- This site is optimized with the Yoast SEO plugin v23.6 - https:\/\/yoast.com\/wordpress\/plugins\/seo\/ -->\n<title>Arctic Excursions<\/title>\n<meta name=\"robots\" content=\"index, follow, max-snippet:-1, max-image-preview:large, max-video-preview:-1\" \/>\n<link rel=\"canonical\" href=\"https:\/\/arcticexcursions.com\/udflugter\/whale-tour\/\" \/>\n<meta property=\"og:locale\" content=\"da_DK\" \/>\n<meta property=\"og:type\" content=\"article\" \/>\n<meta property=\"og:title\" content=\"Hvaltur - Arctic Excursions\" \/>\n<meta property=\"og:description\" content=\"Hvalsafari blandt k\u00e6mpe isbjerge ved mundingen af Isfjorden syd for Ilulissat.\" \/>\n<meta property=\"og:url\" content=\"https:\/\/arcticexcursions.com\/udflugter\/whale-tour\/\" \/>\n<meta property=\"og:site_name\" content=\"Arctic Excursions\" \/>\n<meta property=\"article:modified_time\" content=\"2026-04-22T22:37:13+00:00\" \/>\n<meta property=\"og:image\" content=\"https:\/\/arcticexcursions.com\/wp-content\/uploads\/2024\/02\/IMG_2860-1024x576.png\" \/>\n\t<meta property=\"og:image:width\" content=\"1024\" \/>\n\t<meta property=\"og:image:height\" content=\"576\" \/>\n\t<meta property=\"og:image:type\" content=\"image\/png\" \/>\n<meta name=\"twitter:card\" content=\"summary_large_image\" \/>\n<meta name=\"twitter:label1\" content=\"Estimeret l\u00e6setid\" \/>\n\t<meta name=\"twitter:data1\" content=\"1 minut\" \/>\n<script type=\"application\/ld+json\" class=\"yoast-schema-graph\">{\"@context\":\"https:\/\/schema.org\",\"@graph\":[{\"@type\":\"WebPage\",\"@id\":\"https:\/\/arcticexcursions.com\/udflugter\/whale-tour\/\",\"url\":\"https:\/\/arcticexcursions.com\/udflugter\/whale-tour\/\",\"name\":\"Hvaltur - Arctic Excursions\",\"isPartOf\":{\"@id\":\"https:\/\/arcticexcursions.com\/#website\"},\"primaryImageOfPage\":{\"@id\":\"https:\/\/arcticexcursions.com\/udflugter\/whale-tour\/#primaryimage\"},\"image\":{\"@id\":\"https:\/\/arcticexcursions.com\/udflugter\/whale-tour\/#primaryimage\"},\"thumbnailUrl\":\"https:\/\/arcticexcursions.com\/wp-content\/uploads\/2024\/02\/IMG_2860.png\",\"datePublished\":\"2023-06-16T16:50:44+00:00\",\"dateModified\":\"2026-04-22T22:37:13+00:00\",\"breadcrumb\":{\"@id\":\"https:\/\/arcticexcursions.com\/udflugter\/whale-tour\/#breadcrumb\"},\"inLanguage\":\"da-DK\",\"potentialAction\":[{\"@type\":\"ReadAction\",\"target\":[\"https:\/\/arcticexcursions.com\/udflugter\/whale-tour\/\"]}]},{\"@type\":\"ImageObject\",\"inLanguage\":\"da-DK\",\"@id\":\"https:\/\/arcticexcursions.com\/udflugter\/whale-tour\/#primaryimage\",\"url\":\"https:\/\/arcticexcursions.com\/wp-content\/uploads\/2024\/02\/IMG_2860.png\",\"contentUrl\":\"https:\/\/arcticexcursions.com\/wp-content\/uploads\/2024\/02\/IMG_2860.png\",\"width\":1334,\"height\":750},{\"@type\":\"BreadcrumbList\",\"@id\":\"https:\/\/arcticexcursions.com\/udflugter\/whale-tour\/#breadcrumb\",\"itemListElement\":[{\"@type\":\"ListItem\",\"position\":1,\"name\":\"Home\",\"item\":\"https:\/\/arcticexcursions.com\/da\/\"},{\"@type\":\"ListItem\",\"position\":2,\"name\":\"Udflugter i Gr\u00f8nland\",\"item\":\"https:\/\/arcticexcursions.com\/da\/udflugter\/\"},{\"@type\":\"ListItem\",\"position\":3,\"name\":\"Hvaltur\"}]},{\"@type\":\"WebSite\",\"@id\":\"https:\/\/arcticexcursions.com\/#website\",\"url\":\"https:\/\/arcticexcursions.com\/\",\"name\":\"Arctic Excursions\",\"description\":\"New adventures. Every day.\",\"publisher\":{\"@id\":\"https:\/\/arcticexcursions.com\/#organization\"},\"potentialAction\":[{\"@type\":\"SearchAction\",\"target\":{\"@type\":\"EntryPoint\",\"urlTemplate\":\"https:\/\/arcticexcursions.com\/?s={search_term_string}\"},\"query-input\":{\"@type\":\"PropertyValueSpecification\",\"valueRequired\":true,\"valueName\":\"search_term_string\"}}],\"inLanguage\":\"da-DK\"},{\"@type\":\"Organization\",\"@id\":\"https:\/\/arcticexcursions.com\/#organization\",\"name\":\"Arctic Excursions\",\"url\":\"https:\/\/arcticexcursions.com\/\",\"logo\":{\"@type\":\"ImageObject\",\"inLanguage\":\"da-DK\",\"@id\":\"https:\/\/arcticexcursions.com\/#\/schema\/logo\/image\/\",\"url\":\"https:\/\/arcticexcursions.com\/wp-content\/uploads\/2022\/11\/fb-logo.png\",\"contentUrl\":\"https:\/\/arcticexcursions.com\/wp-content\/uploads\/2022\/11\/fb-logo.png\",\"width\":523,\"height\":523,\"caption\":\"Arctic Excursions\"},\"image\":{\"@id\":\"https:\/\/arcticexcursions.com\/#\/schema\/logo\/image\/\"}}]}<\/script>\n<!-- \/ Yoast SEO plugin. -->","yoast_head_json":{"title":"Arctic Excursions","robots":{"index":"index","follow":"follow","max-snippet":"max-snippet:-1","max-image-preview":"max-image-preview:large","max-video-preview":"max-video-preview:-1"},"canonical":"https:\/\/arcticexcursions.com\/udflugter\/whale-tour\/","og_locale":"da_DK","og_type":"article","og_title":"Hvaltur - Arctic Excursions","og_description":"Hvalsafari blandt k\u00e6mpe isbjerge ved mundingen af Isfjorden syd for Ilulissat.","og_url":"https:\/\/arcticexcursions.com\/udflugter\/whale-tour\/","og_site_name":"Arctic Excursions","article_modified_time":"2026-04-22T22:37:13+00:00","og_image":[{"width":1024,"height":576,"url":"https:\/\/arcticexcursions.com\/wp-content\/uploads\/2024\/02\/IMG_2860-1024x576.png","type":"image\/png"}],"twitter_card":"summary_large_image","twitter_misc":{"Estimeret l\u00e6setid":"1 minut"},"schema":{"@context":"https:\/\/schema.org","@graph":[{"@type":"WebPage","@id":"https:\/\/arcticexcursions.com\/udflugter\/whale-tour\/","url":"https:\/\/arcticexcursions.com\/udflugter\/whale-tour\/","name":"Hvaltur - Arctic Excursions","isPartOf":{"@id":"https:\/\/arcticexcursions.com\/#website"},"primaryImageOfPage":{"@id":"https:\/\/arcticexcursions.com\/udflugter\/whale-tour\/#primaryimage"},"image":{"@id":"https:\/\/arcticexcursions.com\/udflugter\/whale-tour\/#primaryimage"},"thumbnailUrl":"https:\/\/arcticexcursions.com\/wp-content\/uploads\/2024\/02\/IMG_2860.png","datePublished":"2023-06-16T16:50:44+00:00","dateModified":"2026-04-22T22:37:13+00:00","breadcrumb":{"@id":"https:\/\/arcticexcursions.com\/udflugter\/whale-tour\/#breadcrumb"},"inLanguage":"da-DK","potentialAction":[{"@type":"ReadAction","target":["https:\/\/arcticexcursions.com\/udflugter\/whale-tour\/"]}]},{"@type":"ImageObject","inLanguage":"da-DK","@id":"https:\/\/arcticexcursions.com\/udflugter\/whale-tour\/#primaryimage","url":"https:\/\/arcticexcursions.com\/wp-content\/uploads\/2024\/02\/IMG_2860.png","contentUrl":"https:\/\/arcticexcursions.com\/wp-content\/uploads\/2024\/02\/IMG_2860.png","width":1334,"height":750},{"@type":"BreadcrumbList","@id":"https:\/\/arcticexcursions.com\/udflugter\/whale-tour\/#breadcrumb","itemListElement":[{"@type":"ListItem","position":1,"name":"Home","item":"https:\/\/arcticexcursions.com\/da\/"},{"@type":"ListItem","position":2,"name":"Udflugter i Gr\u00f8nland","item":"https:\/\/arcticexcursions.com\/da\/udflugter\/"},{"@type":"ListItem","position":3,"name":"Hvaltur"}]},{"@type":"WebSite","@id":"https:\/\/arcticexcursions.com\/#website","url":"https:\/\/arcticexcursions.com\/","name":"Arctic Excursions","description":"New adventures. Every day.","publisher":{"@id":"https:\/\/arcticexcursions.com\/#organization"},"potentialAction":[{"@type":"SearchAction","target":{"@type":"EntryPoint","urlTemplate":"https:\/\/arcticexcursions.com\/?s={search_term_string}"},"query-input":{"@type":"PropertyValueSpecification","valueRequired":true,"valueName":"search_term_string"}}],"inLanguage":"da-DK"},{"@type":"Organization","@id":"https:\/\/arcticexcursions.com\/#organization","name":"Arctic Excursions","url":"https:\/\/arcticexcursions.com\/","logo":{"@type":"ImageObject","inLanguage":"da-DK","@id":"https:\/\/arcticexcursions.com\/#\/schema\/logo\/image\/","url":"https:\/\/arcticexcursions.com\/wp-content\/uploads\/2022\/11\/fb-logo.png","contentUrl":"https:\/\/arcticexcursions.com\/wp-content\/uploads\/2022\/11\/fb-logo.png","width":523,"height":523,"caption":"Arctic Excursions"},"image":{"@id":"https:\/\/arcticexcursions.com\/#\/schema\/logo\/image\/"}}]}},"_links":{"self":[{"href":"https:\/\/arcticexcursions.com\/da\/wp-json\/wp\/v2\/product\/17043"}],"collection":[{"href":"https:\/\/arcticexcursions.com\/da\/wp-json\/wp\/v2\/product"}],"about":[{"href":"https:\/\/arcticexcursions.com\/da\/wp-json\/wp\/v2\/types\/product"}],"replies":[{"embeddable":true,"href":"https:\/\/arcticexcursions.com\/da\/wp-json\/wp\/v2\/comments?post=17043"}],"wp:featuredmedia":[{"embeddable":true,"href":"https:\/\/arcticexcursions.com\/da\/wp-json\/wp\/v2\/media\/32825"}],"wp:attachment":[{"href":"https:\/\/arcticexcursions.com\/da\/wp-json\/wp\/v2\/media?parent=17043"}],"wp:term":[{"taxonomy":"product_brand","embeddable":true,"href":"https:\/\/arcticexcursions.com\/da\/wp-json\/wp\/v2\/product_brand?post=17043"},{"taxonomy":"product_cat","embeddable":true,"href":"https:\/\/arcticexcursions.com\/da\/wp-json\/wp\/v2\/product_cat?post=17043"},{"taxonomy":"product_tag","embeddable":true,"href":"https:\/\/arcticexcursions.com\/da\/wp-json\/wp\/v2\/product_tag?post=17043"}],"curies":[{"name":"wp","href":"https:\/\/api.w.org\/{rel}","templated":true}]}}