{"id":17044,"date":"2023-06-16T18:46:37","date_gmt":"2023-06-16T16:46:37","guid":{"rendered":"https:\/\/arcticexcursions.com\/?post_type=product&#038;p=17044"},"modified":"2026-02-27T18:31:39","modified_gmt":"2026-02-27T16:31:39","slug":"isfjordstur-2","status":"publish","type":"product","link":"https:\/\/arcticexcursions.com\/da\/udflugter\/isfjordstur-2\/","title":{"rendered":"Isfjordstur"},"content":{"rendered":"<p>Vi sejler i \u00e5ben b\u00e5d og kommer t\u00e6t p\u00e5 de smukke omgivelser med perfekte fotomuligheder.<br \/>\nDet begr\u00e6nsede antal passagerer giver dig en personlig oplevelse, og som lokalf\u00f8dt guide, der har sejlet her siden barndommen, kan jeg fort\u00e6lle dig alt om det.<br \/>\nVarmt t\u00f8j er n\u00f8dvendigt p\u00e5 den to timer lange udflugt.<\/p>\n<p><b>Varighed:<\/b> 2 timer<\/p>\n<p><b>Deltagere:<\/b> Bem\u00e6rk venligst, at udflugten kun gennemf\u00f8res, hvis der er mindst 4 bookede billetter i alt. Hvis du for eksempel booker 2 billetter, skal der s\u00e6lges mindst 2 yderligere billetter til andre kunder, f\u00f8r turen kan finde sted. Der vil deltage maksimalt 6 personer.<\/p>\n<p><b>Sprog:<\/b> Guiden\/kaptajnen taler dansk, engelsk og gr\u00f8nlandsk<\/p>\n<p><b>B\u00e5dtype:<\/b> \u00c5ben b\u00e5d<\/p>\n<p><b>Toiletforhold:<\/b> Der er ikke toilet p\u00e5 b\u00e5den<\/p>\n<p><b>Forplejning:<\/b> Kaffe og te serveres p\u00e5 b\u00e5den<\/p>\n<p><b>Anbefalet p\u00e5kl\u00e6dning:<\/b> Varmt t\u00f8j inkl. hue og handsker hele \u00e5ret. Solbriller. Solcreme om sommeren.<\/p>\n","protected":false},"excerpt":{"rendered":"<p>Sejlads blandt de gigantiske isbjerge ved udmundingen af Isfjorden syd for Ilulissat.<\/p>\n","protected":false},"featured_media":17013,"comment_status":"open","ping_status":"closed","template":"","meta":{"_acf_changed":false},"product_brand":[],"product_cat":[101,170],"product_tag":[],"class_list":{"0":"post-17044","1":"product","2":"type-product","3":"status-publish","4":"has-post-thumbnail","6":"product_cat-tour","7":"product_cat-udflugt","8":"pa_dato-439","9":"pa_dato-667","10":"pa_dato-855","11":"pa_dato-886","12":"pa_dato-987","13":"pa_dato-874","14":"pa_dato-1061","15":"pa_dato-1062","16":"pa_dato-1063","17":"pa_dato-1064","18":"pa_dato-1065","19":"pa_dato-1066","20":"pa_dato-901","21":"pa_dato-898","22":"pa_dato-1067","23":"pa_dato-912","24":"pa_dato-1125","25":"pa_dato-1126","26":"pa_dato-1127","27":"pa_dato-902","28":"pa_dato-1173","29":"pa_dato-1174","30":"pa_dato-963","31":"pa_dato-1128","32":"pa_dato-1129","33":"pa_dato-1130","34":"pa_dato-1141","35":"pa_dato-1023","36":"pa_dato-1024","37":"pa_dato-966","38":"pa_dato-1025","39":"pa_dato-1026","40":"pa_dato-1027","41":"pa_dato-1028","42":"pa_dato-1029","43":"pa_dato-1030","44":"pa_dato-1031","45":"pa_dato-1032","46":"pa_dato-988","47":"pa_dato-990","48":"pa_dato-989","49":"pa_dato-991","50":"pa_dato-992","51":"pa_dato-967","52":"pa_dato-1033","53":"pa_dato-993","54":"pa_dato-994","55":"pa_dato-995","56":"pa_dato-1034","57":"pa_dato-996","58":"pa_dato-964","59":"pa_dato-1035","60":"pa_dato-997","61":"pa_dato-998","62":"pa_dato-999","63":"pa_dato-1000","64":"pa_dato-1001","65":"pa_dato-1002","66":"pa_dato-1003","67":"pa_dato-1004","68":"pa_dato-1005","69":"pa_dato-1006","70":"pa_dato-1007","71":"pa_dato-1036","72":"pa_dato-1037","73":"pa_dato-1038","74":"pa_dato-1039","75":"pa_dato-1040","76":"pa_dato-1008","77":"pa_dato-1009","78":"pa_dato-1010","79":"pa_dato-968","80":"pa_dato-1011","81":"pa_dato-1012","82":"pa_dato-1013","83":"pa_dato-1014","84":"pa_dato-1015","85":"pa_dato-1016","86":"pa_dato-965","87":"pa_dato-1041","88":"pa_dato-1017","89":"pa_dato-1018","90":"pa_dato-1019","91":"pa_dato-1020","92":"pa_dato-1021","93":"pa_dato-1022","94":"pa_dato-1042","95":"pa_dato-1043","96":"pa_dato-1044","97":"pa_dato-1045","98":"pa_dato-899","99":"pa_dato-1046","100":"pa_dato-1047","101":"pa_dato-1048","102":"pa_dato-1049","103":"pa_dato-1050","104":"pa_dato-1051","105":"pa_dato-1052","106":"pa_dato-1053","107":"pa_dato-1054","108":"pa_dato-1055","109":"pa_dato-1056","110":"pa_dato-1057","111":"pa_dato-1058","112":"pa_dato-1143","113":"pa_dato-1144","114":"pa_dato-1131","115":"pa_dato-1132","116":"pa_dato-5922","117":"pa_dato-5916","118":"pa_dato-6017","119":"pa_dato-5993","120":"pa_dato-5947","121":"pa_dato-6064","122":"pa_dato-5879","123":"pa_dato-6020","124":"pa_dato-5983","125":"pa_dato-5882","126":"pa_dato-5953","127":"pa_dato-6051","128":"pa_dato-6087","129":"pa_dato-5954","130":"pa_dato-5880","131":"pa_dato-5937","132":"pa_dato-5964","133":"pa_dato-6067","134":"pa_dato-6006","135":"pa_dato-5928","136":"pa_dato-5958","137":"pa_dato-5963","138":"pa_dato-5956","139":"pa_dato-5980","140":"pa_dato-5977","141":"pa_dato-6002","142":"pa_dato-5961","143":"pa_dato-5978","144":"pa_dato-6459","145":"pa_dato-6174","146":"pa_dato-6419","147":"pa_dato-6489","148":"pa_tidspunkt-40","149":"pa_tidspunkt-77","150":"tour_location-ilulissat-da","151":"tour_type-baadture","152":"tour_tickettype-arctic_excursions","153":"tour_operator-whale-tours","155":"first","156":"instock","157":"shipping-taxable","158":"purchasable","159":"product-type-variable"},"acf":[],"yoast_head":"<!-- This site is optimized with the Yoast SEO plugin v23.6 - https:\/\/yoast.com\/wordpress\/plugins\/seo\/ -->\n<title>Arctic Excursions<\/title>\n<meta name=\"robots\" content=\"index, follow, max-snippet:-1, max-image-preview:large, max-video-preview:-1\" \/>\n<link rel=\"canonical\" href=\"https:\/\/arcticexcursions.com\/da\/udflugter\/isfjordstur-2\/\" \/>\n<meta property=\"og:locale\" content=\"da_DK\" \/>\n<meta property=\"og:type\" content=\"article\" \/>\n<meta property=\"og:title\" content=\"Isfjordstur - Arctic Excursions\" \/>\n<meta property=\"og:description\" content=\"Sejlads blandt de gigantiske isbjerge ved udmundingen af Isfjorden syd for Ilulissat.\" \/>\n<meta property=\"og:url\" content=\"https:\/\/arcticexcursions.com\/da\/udflugter\/isfjordstur-2\/\" \/>\n<meta property=\"og:site_name\" content=\"Arctic Excursions\" \/>\n<meta property=\"article:modified_time\" content=\"2026-02-27T16:31:39+00:00\" \/>\n<meta property=\"og:image\" content=\"https:\/\/arcticexcursions.com\/wp-content\/uploads\/2023\/06\/image002.png\" \/>\n\t<meta property=\"og:image:width\" content=\"640\" \/>\n\t<meta property=\"og:image:height\" content=\"295\" \/>\n\t<meta property=\"og:image:type\" content=\"image\/png\" \/>\n<meta name=\"twitter:card\" content=\"summary_large_image\" \/>\n<meta name=\"twitter:label1\" content=\"Estimeret l\u00e6setid\" \/>\n\t<meta name=\"twitter:data1\" content=\"1 minut\" \/>\n<script type=\"application\/ld+json\" class=\"yoast-schema-graph\">{\"@context\":\"https:\/\/schema.org\",\"@graph\":[{\"@type\":\"WebPage\",\"@id\":\"https:\/\/arcticexcursions.com\/da\/udflugter\/isfjordstur-2\/\",\"url\":\"https:\/\/arcticexcursions.com\/da\/udflugter\/isfjordstur-2\/\",\"name\":\"Isfjordstur - Arctic Excursions\",\"isPartOf\":{\"@id\":\"https:\/\/arcticexcursions.com\/#website\"},\"primaryImageOfPage\":{\"@id\":\"https:\/\/arcticexcursions.com\/da\/udflugter\/isfjordstur-2\/#primaryimage\"},\"image\":{\"@id\":\"https:\/\/arcticexcursions.com\/da\/udflugter\/isfjordstur-2\/#primaryimage\"},\"thumbnailUrl\":\"https:\/\/arcticexcursions.com\/wp-content\/uploads\/2023\/06\/image002.png\",\"datePublished\":\"2023-06-16T16:46:37+00:00\",\"dateModified\":\"2026-02-27T16:31:39+00:00\",\"breadcrumb\":{\"@id\":\"https:\/\/arcticexcursions.com\/da\/udflugter\/isfjordstur-2\/#breadcrumb\"},\"inLanguage\":\"da-DK\",\"potentialAction\":[{\"@type\":\"ReadAction\",\"target\":[\"https:\/\/arcticexcursions.com\/da\/udflugter\/isfjordstur-2\/\"]}]},{\"@type\":\"ImageObject\",\"inLanguage\":\"da-DK\",\"@id\":\"https:\/\/arcticexcursions.com\/da\/udflugter\/isfjordstur-2\/#primaryimage\",\"url\":\"https:\/\/arcticexcursions.com\/wp-content\/uploads\/2023\/06\/image002.png\",\"contentUrl\":\"https:\/\/arcticexcursions.com\/wp-content\/uploads\/2023\/06\/image002.png\",\"width\":640,\"height\":295},{\"@type\":\"BreadcrumbList\",\"@id\":\"https:\/\/arcticexcursions.com\/da\/udflugter\/isfjordstur-2\/#breadcrumb\",\"itemListElement\":[{\"@type\":\"ListItem\",\"position\":1,\"name\":\"Home\",\"item\":\"https:\/\/arcticexcursions.com\/da\/\"},{\"@type\":\"ListItem\",\"position\":2,\"name\":\"Udflugter i Gr\u00f8nland\",\"item\":\"https:\/\/arcticexcursions.com\/da\/udflugter\/\"},{\"@type\":\"ListItem\",\"position\":3,\"name\":\"Isfjordstur\"}]},{\"@type\":\"WebSite\",\"@id\":\"https:\/\/arcticexcursions.com\/#website\",\"url\":\"https:\/\/arcticexcursions.com\/\",\"name\":\"Arctic Excursions\",\"description\":\"New adventures. Every day.\",\"publisher\":{\"@id\":\"https:\/\/arcticexcursions.com\/#organization\"},\"potentialAction\":[{\"@type\":\"SearchAction\",\"target\":{\"@type\":\"EntryPoint\",\"urlTemplate\":\"https:\/\/arcticexcursions.com\/?s={search_term_string}\"},\"query-input\":{\"@type\":\"PropertyValueSpecification\",\"valueRequired\":true,\"valueName\":\"search_term_string\"}}],\"inLanguage\":\"da-DK\"},{\"@type\":\"Organization\",\"@id\":\"https:\/\/arcticexcursions.com\/#organization\",\"name\":\"Arctic Excursions\",\"url\":\"https:\/\/arcticexcursions.com\/\",\"logo\":{\"@type\":\"ImageObject\",\"inLanguage\":\"da-DK\",\"@id\":\"https:\/\/arcticexcursions.com\/#\/schema\/logo\/image\/\",\"url\":\"https:\/\/arcticexcursions.com\/wp-content\/uploads\/2022\/11\/fb-logo.png\",\"contentUrl\":\"https:\/\/arcticexcursions.com\/wp-content\/uploads\/2022\/11\/fb-logo.png\",\"width\":523,\"height\":523,\"caption\":\"Arctic Excursions\"},\"image\":{\"@id\":\"https:\/\/arcticexcursions.com\/#\/schema\/logo\/image\/\"}}]}<\/script>\n<!-- \/ Yoast SEO plugin. -->","yoast_head_json":{"title":"Arctic Excursions","robots":{"index":"index","follow":"follow","max-snippet":"max-snippet:-1","max-image-preview":"max-image-preview:large","max-video-preview":"max-video-preview:-1"},"canonical":"https:\/\/arcticexcursions.com\/da\/udflugter\/isfjordstur-2\/","og_locale":"da_DK","og_type":"article","og_title":"Isfjordstur - Arctic Excursions","og_description":"Sejlads blandt de gigantiske isbjerge ved udmundingen af Isfjorden syd for Ilulissat.","og_url":"https:\/\/arcticexcursions.com\/da\/udflugter\/isfjordstur-2\/","og_site_name":"Arctic Excursions","article_modified_time":"2026-02-27T16:31:39+00:00","og_image":[{"width":640,"height":295,"url":"https:\/\/arcticexcursions.com\/wp-content\/uploads\/2023\/06\/image002.png","type":"image\/png"}],"twitter_card":"summary_large_image","twitter_misc":{"Estimeret l\u00e6setid":"1 minut"},"schema":{"@context":"https:\/\/schema.org","@graph":[{"@type":"WebPage","@id":"https:\/\/arcticexcursions.com\/da\/udflugter\/isfjordstur-2\/","url":"https:\/\/arcticexcursions.com\/da\/udflugter\/isfjordstur-2\/","name":"Isfjordstur - Arctic Excursions","isPartOf":{"@id":"https:\/\/arcticexcursions.com\/#website"},"primaryImageOfPage":{"@id":"https:\/\/arcticexcursions.com\/da\/udflugter\/isfjordstur-2\/#primaryimage"},"image":{"@id":"https:\/\/arcticexcursions.com\/da\/udflugter\/isfjordstur-2\/#primaryimage"},"thumbnailUrl":"https:\/\/arcticexcursions.com\/wp-content\/uploads\/2023\/06\/image002.png","datePublished":"2023-06-16T16:46:37+00:00","dateModified":"2026-02-27T16:31:39+00:00","breadcrumb":{"@id":"https:\/\/arcticexcursions.com\/da\/udflugter\/isfjordstur-2\/#breadcrumb"},"inLanguage":"da-DK","potentialAction":[{"@type":"ReadAction","target":["https:\/\/arcticexcursions.com\/da\/udflugter\/isfjordstur-2\/"]}]},{"@type":"ImageObject","inLanguage":"da-DK","@id":"https:\/\/arcticexcursions.com\/da\/udflugter\/isfjordstur-2\/#primaryimage","url":"https:\/\/arcticexcursions.com\/wp-content\/uploads\/2023\/06\/image002.png","contentUrl":"https:\/\/arcticexcursions.com\/wp-content\/uploads\/2023\/06\/image002.png","width":640,"height":295},{"@type":"BreadcrumbList","@id":"https:\/\/arcticexcursions.com\/da\/udflugter\/isfjordstur-2\/#breadcrumb","itemListElement":[{"@type":"ListItem","position":1,"name":"Home","item":"https:\/\/arcticexcursions.com\/da\/"},{"@type":"ListItem","position":2,"name":"Udflugter i Gr\u00f8nland","item":"https:\/\/arcticexcursions.com\/da\/udflugter\/"},{"@type":"ListItem","position":3,"name":"Isfjordstur"}]},{"@type":"WebSite","@id":"https:\/\/arcticexcursions.com\/#website","url":"https:\/\/arcticexcursions.com\/","name":"Arctic Excursions","description":"New adventures. Every day.","publisher":{"@id":"https:\/\/arcticexcursions.com\/#organization"},"potentialAction":[{"@type":"SearchAction","target":{"@type":"EntryPoint","urlTemplate":"https:\/\/arcticexcursions.com\/?s={search_term_string}"},"query-input":{"@type":"PropertyValueSpecification","valueRequired":true,"valueName":"search_term_string"}}],"inLanguage":"da-DK"},{"@type":"Organization","@id":"https:\/\/arcticexcursions.com\/#organization","name":"Arctic Excursions","url":"https:\/\/arcticexcursions.com\/","logo":{"@type":"ImageObject","inLanguage":"da-DK","@id":"https:\/\/arcticexcursions.com\/#\/schema\/logo\/image\/","url":"https:\/\/arcticexcursions.com\/wp-content\/uploads\/2022\/11\/fb-logo.png","contentUrl":"https:\/\/arcticexcursions.com\/wp-content\/uploads\/2022\/11\/fb-logo.png","width":523,"height":523,"caption":"Arctic Excursions"},"image":{"@id":"https:\/\/arcticexcursions.com\/#\/schema\/logo\/image\/"}}]}},"_links":{"self":[{"href":"https:\/\/arcticexcursions.com\/da\/wp-json\/wp\/v2\/product\/17044"}],"collection":[{"href":"https:\/\/arcticexcursions.com\/da\/wp-json\/wp\/v2\/product"}],"about":[{"href":"https:\/\/arcticexcursions.com\/da\/wp-json\/wp\/v2\/types\/product"}],"replies":[{"embeddable":true,"href":"https:\/\/arcticexcursions.com\/da\/wp-json\/wp\/v2\/comments?post=17044"}],"wp:featuredmedia":[{"embeddable":true,"href":"https:\/\/arcticexcursions.com\/da\/wp-json\/wp\/v2\/media\/17013"}],"wp:attachment":[{"href":"https:\/\/arcticexcursions.com\/da\/wp-json\/wp\/v2\/media?parent=17044"}],"wp:term":[{"taxonomy":"product_brand","embeddable":true,"href":"https:\/\/arcticexcursions.com\/da\/wp-json\/wp\/v2\/product_brand?post=17044"},{"taxonomy":"product_cat","embeddable":true,"href":"https:\/\/arcticexcursions.com\/da\/wp-json\/wp\/v2\/product_cat?post=17044"},{"taxonomy":"product_tag","embeddable":true,"href":"https:\/\/arcticexcursions.com\/da\/wp-json\/wp\/v2\/product_tag?post=17044"}],"curies":[{"name":"wp","href":"https:\/\/api.w.org\/{rel}","templated":true}]}}