{"id":17045,"date":"2023-06-21T16:20:08","date_gmt":"2023-06-21T14:20:08","guid":{"rendered":"https:\/\/arcticexcursions.com\/?post_type=product&#038;p=17045"},"modified":"2025-11-13T19:42:02","modified_gmt":"2025-11-13T17:42:02","slug":"midnatstur","status":"publish","type":"product","link":"https:\/\/arcticexcursions.com\/da\/udflugter\/midnatstur\/","title":{"rendered":"Midnatstur"},"content":{"rendered":"<p>Vi sejler under midnatssolen blandt gigantiske isbjerge ved mundingen af isfjorden, syd for Ilulissat.<br \/>\nOplev midnatssolens smukke farver reflekteret i isbjergene, n\u00e5r vi sejler rundt om isen.<\/p>\n<p>Her har vi endda en god chance for at se pukkelhvaler i vandet.<\/p>\n<p>Varmt t\u00f8j er n\u00f8dvendigt p\u00e5 den to timer lange tur, da temperaturen falder markant p\u00e5 havet.<\/p>\n<p>Jeg tager h\u00f8jst seks passagerer med og fors\u00f8ger at give hver af jer en personlig oplevelse. Jeg er f\u00f8dt i Ilulissat og har sejlet siden min barndom.<\/p>\n<p><b>Varighed:<\/b> 2 timer<\/p>\n<p><b>Deltagere:<\/b> Bem\u00e6rk venligst, at udflugten kun gennemf\u00f8res, hvis der er mindst 4 bookede billetter i alt. Hvis du for eksempel booker 2 billetter, skal der s\u00e6lges mindst 2 yderligere billetter til andre kunder, f\u00f8r turen kan finde sted. Der vil deltage maksimalt 6 personer.<\/p>\n<p><b>Sprog:<\/b> Guiden\/kaptajnen taler dansk, engelsk og gr\u00f8nlandsk<\/p>\n<p><b>B\u00e5dtype:<\/b> \u00c5ben b\u00e5d<\/p>\n<p><b>Toiletforhold:<\/b> Der er ikke toilet p\u00e5 b\u00e5den<\/p>\n<p><b>Forplejning:<\/b> Kaffe og te serveres p\u00e5 b\u00e5den<\/p>\n<p><b>Anbefalet p\u00e5kl\u00e6dning:<\/b> Varmt t\u00f8j inkl. hue og handsker hele \u00e5ret. Solbriller. Solcreme om sommeren.<\/p>\n","protected":false},"excerpt":{"rendered":"<p>Oplev en midnatstur med \u00e5ben b\u00e5d<\/p>\n","protected":false},"featured_media":17019,"comment_status":"open","ping_status":"closed","template":"","meta":{"_acf_changed":false},"product_brand":[],"product_cat":[101,170],"product_tag":[],"class_list":{"0":"post-17045","1":"product","2":"type-product","3":"status-publish","4":"has-post-thumbnail","6":"product_cat-tour","7":"product_cat-udflugt","8":"pa_dato-1142","9":"pa_dato-859","10":"pa_dato-1157","11":"pa_dato-1061","12":"pa_dato-1062","13":"pa_dato-1063","14":"pa_dato-1064","15":"pa_dato-1065","16":"pa_dato-1066","17":"pa_dato-901","18":"pa_dato-898","19":"pa_dato-1067","20":"pa_dato-912","21":"pa_dato-1125","22":"pa_dato-1126","23":"pa_dato-1127","24":"pa_dato-902","25":"pa_dato-1173","26":"pa_dato-1174","27":"pa_dato-963","28":"pa_dato-1128","29":"pa_dato-1129","30":"pa_dato-1130","31":"pa_dato-1141","32":"pa_dato-1023","33":"pa_dato-1024","34":"pa_dato-966","35":"pa_dato-1025","36":"pa_dato-1026","37":"pa_dato-1027","38":"pa_dato-1028","39":"pa_dato-1029","40":"pa_dato-1030","41":"pa_dato-1031","42":"pa_dato-1032","43":"pa_dato-988","44":"pa_dato-990","45":"pa_dato-989","46":"pa_dato-991","47":"pa_dato-992","48":"pa_dato-967","49":"pa_dato-1033","50":"pa_dato-993","51":"pa_dato-994","52":"pa_dato-995","53":"pa_dato-1034","54":"pa_dato-996","55":"pa_dato-964","56":"pa_dato-1035","57":"pa_dato-997","58":"pa_dato-998","59":"pa_dato-999","60":"pa_dato-1000","61":"pa_dato-1001","62":"pa_dato-1002","63":"pa_dato-1003","64":"pa_dato-1004","65":"pa_dato-1005","66":"pa_dato-1006","67":"pa_dato-1007","68":"pa_dato-1036","69":"pa_dato-1037","70":"pa_dato-1038","71":"pa_dato-1039","72":"pa_dato-1040","73":"pa_dato-1008","74":"pa_dato-1009","75":"pa_dato-1010","76":"pa_dato-968","77":"pa_dato-1011","78":"pa_dato-1012","79":"pa_dato-1013","80":"pa_dato-1014","81":"pa_dato-1015","82":"pa_dato-1016","83":"pa_dato-965","84":"pa_dato-1041","85":"pa_dato-1017","86":"pa_dato-1018","87":"pa_dato-1019","88":"pa_dato-1020","89":"pa_dato-1021","90":"pa_dato-1022","91":"pa_dato-1042","92":"pa_dato-1043","93":"pa_dato-1044","94":"pa_dato-1045","95":"pa_dato-899","96":"pa_dato-1046","97":"pa_dato-1047","98":"pa_dato-1048","99":"pa_dato-1049","100":"pa_dato-1050","101":"pa_dato-1051","102":"pa_dato-1052","103":"pa_dato-5922","104":"pa_dato-5881","105":"pa_dato-5916","106":"pa_dato-5878","107":"pa_dato-6075","108":"pa_dato-6019","109":"pa_dato-5947","110":"pa_dato-6064","111":"pa_dato-6047","112":"pa_dato-5932","113":"pa_dato-5951","114":"pa_dato-5879","115":"pa_dato-6020","116":"pa_dato-5882","117":"pa_dato-5965","118":"pa_dato-5975","119":"pa_dato-5976","120":"pa_dato-6087","121":"pa_dato-5954","122":"pa_dato-5880","123":"pa_dato-6058","124":"pa_dato-6059","125":"pa_dato-5937","126":"pa_dato-5964","127":"pa_dato-6023","128":"pa_dato-6006","129":"pa_dato-6062","130":"pa_dato-5930","131":"pa_dato-5929","132":"pa_dato-5888","133":"pa_dato-5988","134":"pa_dato-5924","135":"pa_dato-5946","136":"pa_dato-5889","137":"pa_dato-5958","138":"pa_dato-5938","139":"pa_dato-5963","140":"pa_dato-5956","141":"pa_dato-5980","142":"pa_dato-5977","143":"pa_dato-6002","144":"pa_dato-5961","145":"pa_dato-6060","146":"pa_dato-5939","147":"pa_dato-5918","148":"pa_dato-5978","149":"pa_tidspunkt-229","150":"pa_tidspunkt-27","151":"pa_tidspunkt-80","152":"pa_tidspunkt-231","153":"pa_tidspunkt-82","154":"tour_location-ilulissat-da","155":"tour_type-baadture","156":"tour_tickettype-arctic_excursions","157":"tour_operator-whale-tours","159":"first","160":"outofstock","161":"shipping-taxable","162":"product-type-variable"},"acf":[],"yoast_head":"<!-- This site is optimized with the Yoast SEO plugin v23.6 - https:\/\/yoast.com\/wordpress\/plugins\/seo\/ -->\n<title>Arctic Excursions<\/title>\n<meta name=\"robots\" content=\"index, follow, max-snippet:-1, max-image-preview:large, max-video-preview:-1\" \/>\n<link rel=\"canonical\" href=\"https:\/\/arcticexcursions.com\/udflugter\/midnight-tour\/\" \/>\n<meta property=\"og:locale\" content=\"da_DK\" \/>\n<meta property=\"og:type\" content=\"article\" \/>\n<meta property=\"og:title\" content=\"Midnatstur - Arctic Excursions\" \/>\n<meta property=\"og:description\" content=\"Oplev en midnatstur med \u00e5ben b\u00e5d\" \/>\n<meta property=\"og:url\" content=\"https:\/\/arcticexcursions.com\/udflugter\/midnight-tour\/\" \/>\n<meta property=\"og:site_name\" content=\"Arctic Excursions\" \/>\n<meta property=\"article:modified_time\" content=\"2025-11-13T17:42:02+00:00\" \/>\n<meta property=\"og:image\" content=\"https:\/\/arcticexcursions.com\/wp-content\/uploads\/2023\/06\/image007.jpg\" \/>\n\t<meta property=\"og:image:width\" content=\"640\" \/>\n\t<meta property=\"og:image:height\" content=\"405\" \/>\n\t<meta property=\"og:image:type\" content=\"image\/jpeg\" \/>\n<meta name=\"twitter:card\" content=\"summary_large_image\" \/>\n<meta name=\"twitter:label1\" content=\"Estimeret l\u00e6setid\" \/>\n\t<meta name=\"twitter:data1\" content=\"1 minut\" \/>\n<script type=\"application\/ld+json\" class=\"yoast-schema-graph\">{\"@context\":\"https:\/\/schema.org\",\"@graph\":[{\"@type\":\"WebPage\",\"@id\":\"https:\/\/arcticexcursions.com\/udflugter\/midnight-tour\/\",\"url\":\"https:\/\/arcticexcursions.com\/udflugter\/midnight-tour\/\",\"name\":\"Midnatstur - Arctic Excursions\",\"isPartOf\":{\"@id\":\"https:\/\/arcticexcursions.com\/#website\"},\"primaryImageOfPage\":{\"@id\":\"https:\/\/arcticexcursions.com\/udflugter\/midnight-tour\/#primaryimage\"},\"image\":{\"@id\":\"https:\/\/arcticexcursions.com\/udflugter\/midnight-tour\/#primaryimage\"},\"thumbnailUrl\":\"https:\/\/arcticexcursions.com\/wp-content\/uploads\/2023\/06\/image007.jpg\",\"datePublished\":\"2023-06-21T14:20:08+00:00\",\"dateModified\":\"2025-11-13T17:42:02+00:00\",\"breadcrumb\":{\"@id\":\"https:\/\/arcticexcursions.com\/udflugter\/midnight-tour\/#breadcrumb\"},\"inLanguage\":\"da-DK\",\"potentialAction\":[{\"@type\":\"ReadAction\",\"target\":[\"https:\/\/arcticexcursions.com\/udflugter\/midnight-tour\/\"]}]},{\"@type\":\"ImageObject\",\"inLanguage\":\"da-DK\",\"@id\":\"https:\/\/arcticexcursions.com\/udflugter\/midnight-tour\/#primaryimage\",\"url\":\"https:\/\/arcticexcursions.com\/wp-content\/uploads\/2023\/06\/image007.jpg\",\"contentUrl\":\"https:\/\/arcticexcursions.com\/wp-content\/uploads\/2023\/06\/image007.jpg\",\"width\":640,\"height\":405},{\"@type\":\"BreadcrumbList\",\"@id\":\"https:\/\/arcticexcursions.com\/udflugter\/midnight-tour\/#breadcrumb\",\"itemListElement\":[{\"@type\":\"ListItem\",\"position\":1,\"name\":\"Home\",\"item\":\"https:\/\/arcticexcursions.com\/da\/\"},{\"@type\":\"ListItem\",\"position\":2,\"name\":\"Udflugter i Gr\u00f8nland\",\"item\":\"https:\/\/arcticexcursions.com\/da\/udflugter\/\"},{\"@type\":\"ListItem\",\"position\":3,\"name\":\"Midnatstur\"}]},{\"@type\":\"WebSite\",\"@id\":\"https:\/\/arcticexcursions.com\/#website\",\"url\":\"https:\/\/arcticexcursions.com\/\",\"name\":\"Arctic Excursions\",\"description\":\"New adventures. Every day.\",\"publisher\":{\"@id\":\"https:\/\/arcticexcursions.com\/#organization\"},\"potentialAction\":[{\"@type\":\"SearchAction\",\"target\":{\"@type\":\"EntryPoint\",\"urlTemplate\":\"https:\/\/arcticexcursions.com\/?s={search_term_string}\"},\"query-input\":{\"@type\":\"PropertyValueSpecification\",\"valueRequired\":true,\"valueName\":\"search_term_string\"}}],\"inLanguage\":\"da-DK\"},{\"@type\":\"Organization\",\"@id\":\"https:\/\/arcticexcursions.com\/#organization\",\"name\":\"Arctic Excursions\",\"url\":\"https:\/\/arcticexcursions.com\/\",\"logo\":{\"@type\":\"ImageObject\",\"inLanguage\":\"da-DK\",\"@id\":\"https:\/\/arcticexcursions.com\/#\/schema\/logo\/image\/\",\"url\":\"https:\/\/arcticexcursions.com\/wp-content\/uploads\/2022\/11\/fb-logo.png\",\"contentUrl\":\"https:\/\/arcticexcursions.com\/wp-content\/uploads\/2022\/11\/fb-logo.png\",\"width\":523,\"height\":523,\"caption\":\"Arctic Excursions\"},\"image\":{\"@id\":\"https:\/\/arcticexcursions.com\/#\/schema\/logo\/image\/\"}}]}<\/script>\n<!-- \/ Yoast SEO plugin. -->","yoast_head_json":{"title":"Arctic Excursions","robots":{"index":"index","follow":"follow","max-snippet":"max-snippet:-1","max-image-preview":"max-image-preview:large","max-video-preview":"max-video-preview:-1"},"canonical":"https:\/\/arcticexcursions.com\/udflugter\/midnight-tour\/","og_locale":"da_DK","og_type":"article","og_title":"Midnatstur - Arctic Excursions","og_description":"Oplev en midnatstur med \u00e5ben b\u00e5d","og_url":"https:\/\/arcticexcursions.com\/udflugter\/midnight-tour\/","og_site_name":"Arctic Excursions","article_modified_time":"2025-11-13T17:42:02+00:00","og_image":[{"width":640,"height":405,"url":"https:\/\/arcticexcursions.com\/wp-content\/uploads\/2023\/06\/image007.jpg","type":"image\/jpeg"}],"twitter_card":"summary_large_image","twitter_misc":{"Estimeret l\u00e6setid":"1 minut"},"schema":{"@context":"https:\/\/schema.org","@graph":[{"@type":"WebPage","@id":"https:\/\/arcticexcursions.com\/udflugter\/midnight-tour\/","url":"https:\/\/arcticexcursions.com\/udflugter\/midnight-tour\/","name":"Midnatstur - Arctic Excursions","isPartOf":{"@id":"https:\/\/arcticexcursions.com\/#website"},"primaryImageOfPage":{"@id":"https:\/\/arcticexcursions.com\/udflugter\/midnight-tour\/#primaryimage"},"image":{"@id":"https:\/\/arcticexcursions.com\/udflugter\/midnight-tour\/#primaryimage"},"thumbnailUrl":"https:\/\/arcticexcursions.com\/wp-content\/uploads\/2023\/06\/image007.jpg","datePublished":"2023-06-21T14:20:08+00:00","dateModified":"2025-11-13T17:42:02+00:00","breadcrumb":{"@id":"https:\/\/arcticexcursions.com\/udflugter\/midnight-tour\/#breadcrumb"},"inLanguage":"da-DK","potentialAction":[{"@type":"ReadAction","target":["https:\/\/arcticexcursions.com\/udflugter\/midnight-tour\/"]}]},{"@type":"ImageObject","inLanguage":"da-DK","@id":"https:\/\/arcticexcursions.com\/udflugter\/midnight-tour\/#primaryimage","url":"https:\/\/arcticexcursions.com\/wp-content\/uploads\/2023\/06\/image007.jpg","contentUrl":"https:\/\/arcticexcursions.com\/wp-content\/uploads\/2023\/06\/image007.jpg","width":640,"height":405},{"@type":"BreadcrumbList","@id":"https:\/\/arcticexcursions.com\/udflugter\/midnight-tour\/#breadcrumb","itemListElement":[{"@type":"ListItem","position":1,"name":"Home","item":"https:\/\/arcticexcursions.com\/da\/"},{"@type":"ListItem","position":2,"name":"Udflugter i Gr\u00f8nland","item":"https:\/\/arcticexcursions.com\/da\/udflugter\/"},{"@type":"ListItem","position":3,"name":"Midnatstur"}]},{"@type":"WebSite","@id":"https:\/\/arcticexcursions.com\/#website","url":"https:\/\/arcticexcursions.com\/","name":"Arctic Excursions","description":"New adventures. Every day.","publisher":{"@id":"https:\/\/arcticexcursions.com\/#organization"},"potentialAction":[{"@type":"SearchAction","target":{"@type":"EntryPoint","urlTemplate":"https:\/\/arcticexcursions.com\/?s={search_term_string}"},"query-input":{"@type":"PropertyValueSpecification","valueRequired":true,"valueName":"search_term_string"}}],"inLanguage":"da-DK"},{"@type":"Organization","@id":"https:\/\/arcticexcursions.com\/#organization","name":"Arctic Excursions","url":"https:\/\/arcticexcursions.com\/","logo":{"@type":"ImageObject","inLanguage":"da-DK","@id":"https:\/\/arcticexcursions.com\/#\/schema\/logo\/image\/","url":"https:\/\/arcticexcursions.com\/wp-content\/uploads\/2022\/11\/fb-logo.png","contentUrl":"https:\/\/arcticexcursions.com\/wp-content\/uploads\/2022\/11\/fb-logo.png","width":523,"height":523,"caption":"Arctic Excursions"},"image":{"@id":"https:\/\/arcticexcursions.com\/#\/schema\/logo\/image\/"}}]}},"_links":{"self":[{"href":"https:\/\/arcticexcursions.com\/da\/wp-json\/wp\/v2\/product\/17045"}],"collection":[{"href":"https:\/\/arcticexcursions.com\/da\/wp-json\/wp\/v2\/product"}],"about":[{"href":"https:\/\/arcticexcursions.com\/da\/wp-json\/wp\/v2\/types\/product"}],"replies":[{"embeddable":true,"href":"https:\/\/arcticexcursions.com\/da\/wp-json\/wp\/v2\/comments?post=17045"}],"wp:featuredmedia":[{"embeddable":true,"href":"https:\/\/arcticexcursions.com\/da\/wp-json\/wp\/v2\/media\/17019"}],"wp:attachment":[{"href":"https:\/\/arcticexcursions.com\/da\/wp-json\/wp\/v2\/media?parent=17045"}],"wp:term":[{"taxonomy":"product_brand","embeddable":true,"href":"https:\/\/arcticexcursions.com\/da\/wp-json\/wp\/v2\/product_brand?post=17045"},{"taxonomy":"product_cat","embeddable":true,"href":"https:\/\/arcticexcursions.com\/da\/wp-json\/wp\/v2\/product_cat?post=17045"},{"taxonomy":"product_tag","embeddable":true,"href":"https:\/\/arcticexcursions.com\/da\/wp-json\/wp\/v2\/product_tag?post=17045"}],"curies":[{"name":"wp","href":"https:\/\/api.w.org\/{rel}","templated":true}]}}