{"id":17161,"date":"2023-06-16T21:02:12","date_gmt":"2023-06-16T19:02:12","guid":{"rendered":"https:\/\/arcticexcursions.com\/?post_type=product&#038;p=17161"},"modified":"2026-04-14T18:23:11","modified_gmt":"2026-04-14T16:23:11","slug":"midtnight-sailing-at-isfjord-with-heidi","status":"publish","type":"product","link":"https:\/\/arcticexcursions.com\/da\/udflugter\/midtnight-sailing-at-isfjord-with-heidi\/","title":{"rendered":"Midtnatssejlads p\u00e5 isfjorden med Heidi"},"content":{"rendered":"<p>Oplev sejlads i midnatssolen med Heidi<\/p>\n<p>At sejle i midnatssol i Ilulissat er en oplevelse ud over det s\u00e6dvanlige. <\/p>\n<p>Vi sejler i en st\u00f8rre b\u00e5d, der tidligere var politikutter i Gr\u00f8nland. <\/p>\n<p>Varighed: 2 timer.<\/p>\n<p>Minimum: 6 personer.<\/p>\n<p>Maximum: 12 personer.<\/p>\n<p>Inkl. kaffe &#038; the<\/p>\n","protected":false},"excerpt":{"rendered":"<p>Oplev sejlads i midnatssolen med Heidi<\/p>\n","protected":false},"featured_media":4767,"comment_status":"open","ping_status":"closed","template":"","meta":{"_acf_changed":false},"product_brand":[],"product_cat":[101,170],"product_tag":[],"class_list":{"0":"post-17161","1":"product","2":"type-product","3":"status-publish","4":"has-post-thumbnail","6":"product_cat-tour","7":"product_cat-udflugt","8":"pa_dato-663","9":"pa_dato-666","10":"pa_dato-669","11":"pa_dato-671","12":"pa_dato-672","13":"pa_dato-673","14":"pa_dato-674","15":"pa_dato-222","16":"pa_dato-675","17":"pa_dato-502","18":"pa_dato-503","19":"pa_dato-535","20":"pa_dato-538","21":"pa_dato-539","22":"pa_dato-540","23":"pa_dato-500","24":"pa_dato-541","25":"pa_dato-542","26":"pa_dato-543","27":"pa_dato-465","28":"pa_dato-547","29":"pa_dato-555","30":"pa_dato-556","31":"pa_dato-557","32":"pa_dato-558","33":"pa_dato-522","34":"pa_dato-559","35":"pa_dato-560","36":"pa_dato-587","37":"pa_dato-588","38":"pa_dato-589","39":"pa_dato-590","40":"pa_dato-598","41":"pa_dato-599","42":"pa_dato-600","43":"pa_dato-739","44":"pa_dato-740","45":"pa_dato-738","46":"pa_dato-601","47":"pa_dato-1141","48":"pa_dato-1023","49":"pa_dato-1024","50":"pa_dato-1028","51":"pa_dato-1029","52":"pa_dato-1030","53":"pa_dato-1031","54":"pa_dato-989","55":"pa_dato-991","56":"pa_dato-992","57":"pa_dato-995","58":"pa_dato-1034","59":"pa_dato-996","60":"pa_dato-1035","61":"pa_dato-998","62":"pa_dato-999","63":"pa_dato-1000","64":"pa_dato-1001","65":"pa_dato-1002","66":"pa_dato-1006","67":"pa_dato-1007","68":"pa_dato-1036","69":"pa_dato-1037","70":"pa_dato-1038","71":"pa_dato-1008","72":"pa_dato-1009","73":"pa_dato-1010","74":"pa_dato-1014","75":"pa_dato-1015","76":"pa_dato-1016","77":"pa_dato-1041","78":"pa_dato-1017","79":"pa_dato-1019","80":"pa_dato-1020","81":"pa_dato-1021","82":"pa_dato-1045","83":"pa_dato-899","84":"pa_dato-1046","85":"pa_dato-1047","86":"pa_dato-1051","87":"pa_dato-1052","88":"pa_dato-1053","89":"pa_dato-1058","90":"pa_dato-1143","91":"pa_dato-1144","92":"pa_dato-6040","93":"pa_dato-6456","94":"pa_dato-6375","95":"pa_dato-6428","96":"pa_dato-6384","97":"pa_dato-6315","98":"pa_dato-6242","99":"pa_tidspunkt-6400","100":"pa_tidspunkt-69","101":"pa_tidspunkt-826","102":"pa_tidspunkt-463","103":"pa_tidspunkt-6508","104":"tour_location-ilulissat-da","105":"tour_type-baadture","106":"tour_tickettype-arctic_excursions","107":"tour_operator-naleraq-sea-safari","109":"first","110":"instock","111":"shipping-taxable","112":"purchasable","113":"product-type-variable"},"acf":[],"yoast_head":"<!-- This site is optimized with the Yoast SEO plugin v23.6 - https:\/\/yoast.com\/wordpress\/plugins\/seo\/ -->\n<title>Arctic Excursions<\/title>\n<meta name=\"robots\" content=\"index, follow, max-snippet:-1, max-image-preview:large, max-video-preview:-1\" \/>\n<link rel=\"canonical\" href=\"https:\/\/arcticexcursions.com\/da\/udflugter\/midtnight-sailing-at-isfjord-with-heidi\/\" \/>\n<meta property=\"og:locale\" content=\"da_DK\" \/>\n<meta property=\"og:type\" content=\"article\" \/>\n<meta property=\"og:title\" content=\"Midtnatssejlads p\u00e5 isfjorden med Heidi - Arctic Excursions\" \/>\n<meta property=\"og:description\" content=\"Oplev sejlads i midnatssolen med Heidi\" \/>\n<meta property=\"og:url\" content=\"https:\/\/arcticexcursions.com\/da\/udflugter\/midtnight-sailing-at-isfjord-with-heidi\/\" \/>\n<meta property=\"og:site_name\" content=\"Arctic Excursions\" \/>\n<meta property=\"article:modified_time\" content=\"2026-04-14T16:23:11+00:00\" \/>\n<meta property=\"og:image\" content=\"https:\/\/arcticexcursions.com\/wp-content\/uploads\/2022\/11\/9.jpeg\" \/>\n\t<meta property=\"og:image:width\" content=\"2000\" \/>\n\t<meta property=\"og:image:height\" content=\"1501\" \/>\n\t<meta property=\"og:image:type\" content=\"image\/jpeg\" \/>\n<meta name=\"twitter:card\" content=\"summary_large_image\" \/>\n<script type=\"application\/ld+json\" class=\"yoast-schema-graph\">{\"@context\":\"https:\/\/schema.org\",\"@graph\":[{\"@type\":\"WebPage\",\"@id\":\"https:\/\/arcticexcursions.com\/da\/udflugter\/midtnight-sailing-at-isfjord-with-heidi\/\",\"url\":\"https:\/\/arcticexcursions.com\/da\/udflugter\/midtnight-sailing-at-isfjord-with-heidi\/\",\"name\":\"Midtnatssejlads p\u00e5 isfjorden med Heidi - Arctic Excursions\",\"isPartOf\":{\"@id\":\"https:\/\/arcticexcursions.com\/#website\"},\"primaryImageOfPage\":{\"@id\":\"https:\/\/arcticexcursions.com\/da\/udflugter\/midtnight-sailing-at-isfjord-with-heidi\/#primaryimage\"},\"image\":{\"@id\":\"https:\/\/arcticexcursions.com\/da\/udflugter\/midtnight-sailing-at-isfjord-with-heidi\/#primaryimage\"},\"thumbnailUrl\":\"https:\/\/arcticexcursions.com\/wp-content\/uploads\/2022\/11\/9.jpeg\",\"datePublished\":\"2023-06-16T19:02:12+00:00\",\"dateModified\":\"2026-04-14T16:23:11+00:00\",\"breadcrumb\":{\"@id\":\"https:\/\/arcticexcursions.com\/da\/udflugter\/midtnight-sailing-at-isfjord-with-heidi\/#breadcrumb\"},\"inLanguage\":\"da-DK\",\"potentialAction\":[{\"@type\":\"ReadAction\",\"target\":[\"https:\/\/arcticexcursions.com\/da\/udflugter\/midtnight-sailing-at-isfjord-with-heidi\/\"]}]},{\"@type\":\"ImageObject\",\"inLanguage\":\"da-DK\",\"@id\":\"https:\/\/arcticexcursions.com\/da\/udflugter\/midtnight-sailing-at-isfjord-with-heidi\/#primaryimage\",\"url\":\"https:\/\/arcticexcursions.com\/wp-content\/uploads\/2022\/11\/9.jpeg\",\"contentUrl\":\"https:\/\/arcticexcursions.com\/wp-content\/uploads\/2022\/11\/9.jpeg\",\"width\":2000,\"height\":1501},{\"@type\":\"BreadcrumbList\",\"@id\":\"https:\/\/arcticexcursions.com\/da\/udflugter\/midtnight-sailing-at-isfjord-with-heidi\/#breadcrumb\",\"itemListElement\":[{\"@type\":\"ListItem\",\"position\":1,\"name\":\"Home\",\"item\":\"https:\/\/arcticexcursions.com\/da\/\"},{\"@type\":\"ListItem\",\"position\":2,\"name\":\"Udflugter i Gr\u00f8nland\",\"item\":\"https:\/\/arcticexcursions.com\/da\/udflugter\/\"},{\"@type\":\"ListItem\",\"position\":3,\"name\":\"Midtnatssejlads p\u00e5 isfjorden med Heidi\"}]},{\"@type\":\"WebSite\",\"@id\":\"https:\/\/arcticexcursions.com\/#website\",\"url\":\"https:\/\/arcticexcursions.com\/\",\"name\":\"Arctic Excursions\",\"description\":\"New adventures. Every day.\",\"publisher\":{\"@id\":\"https:\/\/arcticexcursions.com\/#organization\"},\"potentialAction\":[{\"@type\":\"SearchAction\",\"target\":{\"@type\":\"EntryPoint\",\"urlTemplate\":\"https:\/\/arcticexcursions.com\/?s={search_term_string}\"},\"query-input\":{\"@type\":\"PropertyValueSpecification\",\"valueRequired\":true,\"valueName\":\"search_term_string\"}}],\"inLanguage\":\"da-DK\"},{\"@type\":\"Organization\",\"@id\":\"https:\/\/arcticexcursions.com\/#organization\",\"name\":\"Arctic Excursions\",\"url\":\"https:\/\/arcticexcursions.com\/\",\"logo\":{\"@type\":\"ImageObject\",\"inLanguage\":\"da-DK\",\"@id\":\"https:\/\/arcticexcursions.com\/#\/schema\/logo\/image\/\",\"url\":\"https:\/\/arcticexcursions.com\/wp-content\/uploads\/2022\/11\/fb-logo.png\",\"contentUrl\":\"https:\/\/arcticexcursions.com\/wp-content\/uploads\/2022\/11\/fb-logo.png\",\"width\":523,\"height\":523,\"caption\":\"Arctic Excursions\"},\"image\":{\"@id\":\"https:\/\/arcticexcursions.com\/#\/schema\/logo\/image\/\"}}]}<\/script>\n<!-- \/ Yoast SEO plugin. -->","yoast_head_json":{"title":"Arctic Excursions","robots":{"index":"index","follow":"follow","max-snippet":"max-snippet:-1","max-image-preview":"max-image-preview:large","max-video-preview":"max-video-preview:-1"},"canonical":"https:\/\/arcticexcursions.com\/da\/udflugter\/midtnight-sailing-at-isfjord-with-heidi\/","og_locale":"da_DK","og_type":"article","og_title":"Midtnatssejlads p\u00e5 isfjorden med Heidi - Arctic Excursions","og_description":"Oplev sejlads i midnatssolen med Heidi","og_url":"https:\/\/arcticexcursions.com\/da\/udflugter\/midtnight-sailing-at-isfjord-with-heidi\/","og_site_name":"Arctic Excursions","article_modified_time":"2026-04-14T16:23:11+00:00","og_image":[{"width":2000,"height":1501,"url":"https:\/\/arcticexcursions.com\/wp-content\/uploads\/2022\/11\/9.jpeg","type":"image\/jpeg"}],"twitter_card":"summary_large_image","schema":{"@context":"https:\/\/schema.org","@graph":[{"@type":"WebPage","@id":"https:\/\/arcticexcursions.com\/da\/udflugter\/midtnight-sailing-at-isfjord-with-heidi\/","url":"https:\/\/arcticexcursions.com\/da\/udflugter\/midtnight-sailing-at-isfjord-with-heidi\/","name":"Midtnatssejlads p\u00e5 isfjorden med Heidi - Arctic Excursions","isPartOf":{"@id":"https:\/\/arcticexcursions.com\/#website"},"primaryImageOfPage":{"@id":"https:\/\/arcticexcursions.com\/da\/udflugter\/midtnight-sailing-at-isfjord-with-heidi\/#primaryimage"},"image":{"@id":"https:\/\/arcticexcursions.com\/da\/udflugter\/midtnight-sailing-at-isfjord-with-heidi\/#primaryimage"},"thumbnailUrl":"https:\/\/arcticexcursions.com\/wp-content\/uploads\/2022\/11\/9.jpeg","datePublished":"2023-06-16T19:02:12+00:00","dateModified":"2026-04-14T16:23:11+00:00","breadcrumb":{"@id":"https:\/\/arcticexcursions.com\/da\/udflugter\/midtnight-sailing-at-isfjord-with-heidi\/#breadcrumb"},"inLanguage":"da-DK","potentialAction":[{"@type":"ReadAction","target":["https:\/\/arcticexcursions.com\/da\/udflugter\/midtnight-sailing-at-isfjord-with-heidi\/"]}]},{"@type":"ImageObject","inLanguage":"da-DK","@id":"https:\/\/arcticexcursions.com\/da\/udflugter\/midtnight-sailing-at-isfjord-with-heidi\/#primaryimage","url":"https:\/\/arcticexcursions.com\/wp-content\/uploads\/2022\/11\/9.jpeg","contentUrl":"https:\/\/arcticexcursions.com\/wp-content\/uploads\/2022\/11\/9.jpeg","width":2000,"height":1501},{"@type":"BreadcrumbList","@id":"https:\/\/arcticexcursions.com\/da\/udflugter\/midtnight-sailing-at-isfjord-with-heidi\/#breadcrumb","itemListElement":[{"@type":"ListItem","position":1,"name":"Home","item":"https:\/\/arcticexcursions.com\/da\/"},{"@type":"ListItem","position":2,"name":"Udflugter i Gr\u00f8nland","item":"https:\/\/arcticexcursions.com\/da\/udflugter\/"},{"@type":"ListItem","position":3,"name":"Midtnatssejlads p\u00e5 isfjorden med Heidi"}]},{"@type":"WebSite","@id":"https:\/\/arcticexcursions.com\/#website","url":"https:\/\/arcticexcursions.com\/","name":"Arctic Excursions","description":"New adventures. Every day.","publisher":{"@id":"https:\/\/arcticexcursions.com\/#organization"},"potentialAction":[{"@type":"SearchAction","target":{"@type":"EntryPoint","urlTemplate":"https:\/\/arcticexcursions.com\/?s={search_term_string}"},"query-input":{"@type":"PropertyValueSpecification","valueRequired":true,"valueName":"search_term_string"}}],"inLanguage":"da-DK"},{"@type":"Organization","@id":"https:\/\/arcticexcursions.com\/#organization","name":"Arctic Excursions","url":"https:\/\/arcticexcursions.com\/","logo":{"@type":"ImageObject","inLanguage":"da-DK","@id":"https:\/\/arcticexcursions.com\/#\/schema\/logo\/image\/","url":"https:\/\/arcticexcursions.com\/wp-content\/uploads\/2022\/11\/fb-logo.png","contentUrl":"https:\/\/arcticexcursions.com\/wp-content\/uploads\/2022\/11\/fb-logo.png","width":523,"height":523,"caption":"Arctic Excursions"},"image":{"@id":"https:\/\/arcticexcursions.com\/#\/schema\/logo\/image\/"}}]}},"_links":{"self":[{"href":"https:\/\/arcticexcursions.com\/da\/wp-json\/wp\/v2\/product\/17161"}],"collection":[{"href":"https:\/\/arcticexcursions.com\/da\/wp-json\/wp\/v2\/product"}],"about":[{"href":"https:\/\/arcticexcursions.com\/da\/wp-json\/wp\/v2\/types\/product"}],"replies":[{"embeddable":true,"href":"https:\/\/arcticexcursions.com\/da\/wp-json\/wp\/v2\/comments?post=17161"}],"wp:featuredmedia":[{"embeddable":true,"href":"https:\/\/arcticexcursions.com\/da\/wp-json\/wp\/v2\/media\/4767"}],"wp:attachment":[{"href":"https:\/\/arcticexcursions.com\/da\/wp-json\/wp\/v2\/media?parent=17161"}],"wp:term":[{"taxonomy":"product_brand","embeddable":true,"href":"https:\/\/arcticexcursions.com\/da\/wp-json\/wp\/v2\/product_brand?post=17161"},{"taxonomy":"product_cat","embeddable":true,"href":"https:\/\/arcticexcursions.com\/da\/wp-json\/wp\/v2\/product_cat?post=17161"},{"taxonomy":"product_tag","embeddable":true,"href":"https:\/\/arcticexcursions.com\/da\/wp-json\/wp\/v2\/product_tag?post=17161"}],"curies":[{"name":"wp","href":"https:\/\/api.w.org\/{rel}","templated":true}]}}