{"id":17162,"date":"2023-06-16T21:00:30","date_gmt":"2023-06-16T19:00:30","guid":{"rendered":"https:\/\/arcticexcursions.com\/?post_type=product&#038;p=17162"},"modified":"2024-08-31T18:04:20","modified_gmt":"2024-08-31T16:04:20","slug":"whale-safari-at-ilulissat-isfjord","status":"publish","type":"product","link":"https:\/\/arcticexcursions.com\/da\/udflugter\/whale-safari-at-ilulissat-isfjord\/","title":{"rendered":"Hvalsafari i Ilulissat Isfjord"},"content":{"rendered":"<p>Oplev en hvalsafari i Ilulissat med den ber\u00f8mte b\u00e5d Heidi<\/p>\n<p>At sejle p\u00e5 isfjorden i Ilulissat er en oplevelse ud over det s\u00e6dvanlige. <\/p>\n<p>Vi sejler i en st\u00f8rre b\u00e5d, der tidligere var politib\u00e5d i Gr\u00f8nland. <\/p>\n<p><b>Varighed:<\/b> 3 timer<\/p>\n<p><b>Minimum:<\/b> 6 personer<\/p>\n<p><b>Maximum:<\/b> 12 personer<\/p>\n<p><b>Inkl.<\/b> Kaffe og te<\/p>\n","protected":false},"excerpt":{"rendered":"<p>Oplev, hvorfor Ilulissat kaldes isens land.<\/p>\n","protected":false},"featured_media":17087,"comment_status":"open","ping_status":"closed","template":"","meta":{"_acf_changed":false},"product_brand":[],"product_cat":[170],"product_tag":[],"class_list":{"0":"post-17162","1":"product","2":"type-product","3":"status-publish","4":"has-post-thumbnail","6":"product_cat-udflugt","7":"pa_dato-666","8":"pa_dato-669","9":"pa_dato-671","10":"pa_dato-672","11":"pa_dato-674","12":"pa_dato-222","13":"pa_dato-675","14":"pa_dato-502","15":"pa_dato-503","16":"pa_dato-535","17":"pa_dato-538","18":"pa_dato-539","19":"pa_dato-540","20":"pa_dato-500","21":"pa_dato-541","22":"pa_dato-542","23":"pa_dato-543","24":"pa_dato-465","25":"pa_dato-547","26":"pa_dato-555","27":"pa_dato-556","28":"pa_dato-557","29":"pa_dato-558","30":"pa_dato-522","31":"pa_dato-559","32":"pa_dato-560","33":"pa_dato-587","34":"pa_dato-588","35":"pa_dato-589","36":"pa_dato-590","37":"pa_dato-598","38":"pa_dato-599","39":"pa_dato-600","40":"pa_dato-739","41":"pa_dato-740","42":"pa_dato-738","43":"pa_dato-601","44":"pa_dato-1040","45":"pa_dato-1041","46":"pa_dato-1017","47":"pa_dato-1051","48":"pa_dato-1052","49":"pa_tidspunkt-308","50":"pa_tidspunkt-61","51":"pa_tidspunkt-60","52":"tour_location-ilulissat-da","53":"tour_type-baadture","54":"tour_tickettype-arctic_excursions","55":"tour_operator-naleraq-sea-safari","57":"first","58":"outofstock","59":"shipping-taxable","60":"product-type-variable"},"acf":[],"yoast_head":"<!-- This site is optimized with the Yoast SEO plugin v23.6 - https:\/\/yoast.com\/wordpress\/plugins\/seo\/ -->\n<title>Arctic Excursions<\/title>\n<meta name=\"robots\" content=\"index, follow, max-snippet:-1, max-image-preview:large, max-video-preview:-1\" \/>\n<link rel=\"canonical\" href=\"https:\/\/arcticexcursions.com\/udflugter\/whale-safari-at-ilulissat-isfjord\/\" \/>\n<meta property=\"og:locale\" content=\"da_DK\" \/>\n<meta property=\"og:type\" content=\"article\" \/>\n<meta property=\"og:title\" content=\"Hvalsafari i Ilulissat Isfjord - Arctic Excursions\" \/>\n<meta property=\"og:description\" content=\"Oplev, hvorfor Ilulissat kaldes isens land.\" \/>\n<meta property=\"og:url\" content=\"https:\/\/arcticexcursions.com\/udflugter\/whale-safari-at-ilulissat-isfjord\/\" \/>\n<meta property=\"og:site_name\" content=\"Arctic Excursions\" \/>\n<meta property=\"article:modified_time\" content=\"2024-08-31T16:04:20+00:00\" \/>\n<meta property=\"og:image\" content=\"https:\/\/arcticexcursions.com\/wp-content\/uploads\/2023\/06\/354488471_984378482740986_6127840558942401844_n.jpg\" \/>\n\t<meta property=\"og:image:width\" content=\"1536\" \/>\n\t<meta property=\"og:image:height\" content=\"2048\" \/>\n\t<meta property=\"og:image:type\" content=\"image\/jpeg\" \/>\n<meta name=\"twitter:card\" content=\"summary_large_image\" \/>\n<script type=\"application\/ld+json\" class=\"yoast-schema-graph\">{\"@context\":\"https:\/\/schema.org\",\"@graph\":[{\"@type\":\"WebPage\",\"@id\":\"https:\/\/arcticexcursions.com\/udflugter\/whale-safari-at-ilulissat-isfjord\/\",\"url\":\"https:\/\/arcticexcursions.com\/udflugter\/whale-safari-at-ilulissat-isfjord\/\",\"name\":\"Hvalsafari i Ilulissat Isfjord - Arctic Excursions\",\"isPartOf\":{\"@id\":\"https:\/\/arcticexcursions.com\/#website\"},\"primaryImageOfPage\":{\"@id\":\"https:\/\/arcticexcursions.com\/udflugter\/whale-safari-at-ilulissat-isfjord\/#primaryimage\"},\"image\":{\"@id\":\"https:\/\/arcticexcursions.com\/udflugter\/whale-safari-at-ilulissat-isfjord\/#primaryimage\"},\"thumbnailUrl\":\"https:\/\/arcticexcursions.com\/wp-content\/uploads\/2023\/06\/354488471_984378482740986_6127840558942401844_n.jpg\",\"datePublished\":\"2023-06-16T19:00:30+00:00\",\"dateModified\":\"2024-08-31T16:04:20+00:00\",\"breadcrumb\":{\"@id\":\"https:\/\/arcticexcursions.com\/udflugter\/whale-safari-at-ilulissat-isfjord\/#breadcrumb\"},\"inLanguage\":\"da-DK\",\"potentialAction\":[{\"@type\":\"ReadAction\",\"target\":[\"https:\/\/arcticexcursions.com\/udflugter\/whale-safari-at-ilulissat-isfjord\/\"]}]},{\"@type\":\"ImageObject\",\"inLanguage\":\"da-DK\",\"@id\":\"https:\/\/arcticexcursions.com\/udflugter\/whale-safari-at-ilulissat-isfjord\/#primaryimage\",\"url\":\"https:\/\/arcticexcursions.com\/wp-content\/uploads\/2023\/06\/354488471_984378482740986_6127840558942401844_n.jpg\",\"contentUrl\":\"https:\/\/arcticexcursions.com\/wp-content\/uploads\/2023\/06\/354488471_984378482740986_6127840558942401844_n.jpg\",\"width\":1536,\"height\":2048},{\"@type\":\"BreadcrumbList\",\"@id\":\"https:\/\/arcticexcursions.com\/udflugter\/whale-safari-at-ilulissat-isfjord\/#breadcrumb\",\"itemListElement\":[{\"@type\":\"ListItem\",\"position\":1,\"name\":\"Home\",\"item\":\"https:\/\/arcticexcursions.com\/da\/\"},{\"@type\":\"ListItem\",\"position\":2,\"name\":\"Udflugter i Gr\u00f8nland\",\"item\":\"https:\/\/arcticexcursions.com\/da\/udflugter\/\"},{\"@type\":\"ListItem\",\"position\":3,\"name\":\"Hvalsafari i Ilulissat Isfjord\"}]},{\"@type\":\"WebSite\",\"@id\":\"https:\/\/arcticexcursions.com\/#website\",\"url\":\"https:\/\/arcticexcursions.com\/\",\"name\":\"Arctic Excursions\",\"description\":\"New adventures. Every day.\",\"publisher\":{\"@id\":\"https:\/\/arcticexcursions.com\/#organization\"},\"potentialAction\":[{\"@type\":\"SearchAction\",\"target\":{\"@type\":\"EntryPoint\",\"urlTemplate\":\"https:\/\/arcticexcursions.com\/?s={search_term_string}\"},\"query-input\":{\"@type\":\"PropertyValueSpecification\",\"valueRequired\":true,\"valueName\":\"search_term_string\"}}],\"inLanguage\":\"da-DK\"},{\"@type\":\"Organization\",\"@id\":\"https:\/\/arcticexcursions.com\/#organization\",\"name\":\"Arctic Excursions\",\"url\":\"https:\/\/arcticexcursions.com\/\",\"logo\":{\"@type\":\"ImageObject\",\"inLanguage\":\"da-DK\",\"@id\":\"https:\/\/arcticexcursions.com\/#\/schema\/logo\/image\/\",\"url\":\"https:\/\/arcticexcursions.com\/wp-content\/uploads\/2022\/11\/fb-logo.png\",\"contentUrl\":\"https:\/\/arcticexcursions.com\/wp-content\/uploads\/2022\/11\/fb-logo.png\",\"width\":523,\"height\":523,\"caption\":\"Arctic Excursions\"},\"image\":{\"@id\":\"https:\/\/arcticexcursions.com\/#\/schema\/logo\/image\/\"}}]}<\/script>\n<!-- \/ Yoast SEO plugin. -->","yoast_head_json":{"title":"Arctic Excursions","robots":{"index":"index","follow":"follow","max-snippet":"max-snippet:-1","max-image-preview":"max-image-preview:large","max-video-preview":"max-video-preview:-1"},"canonical":"https:\/\/arcticexcursions.com\/udflugter\/whale-safari-at-ilulissat-isfjord\/","og_locale":"da_DK","og_type":"article","og_title":"Hvalsafari i Ilulissat Isfjord - Arctic Excursions","og_description":"Oplev, hvorfor Ilulissat kaldes isens land.","og_url":"https:\/\/arcticexcursions.com\/udflugter\/whale-safari-at-ilulissat-isfjord\/","og_site_name":"Arctic Excursions","article_modified_time":"2024-08-31T16:04:20+00:00","og_image":[{"width":1536,"height":2048,"url":"https:\/\/arcticexcursions.com\/wp-content\/uploads\/2023\/06\/354488471_984378482740986_6127840558942401844_n.jpg","type":"image\/jpeg"}],"twitter_card":"summary_large_image","schema":{"@context":"https:\/\/schema.org","@graph":[{"@type":"WebPage","@id":"https:\/\/arcticexcursions.com\/udflugter\/whale-safari-at-ilulissat-isfjord\/","url":"https:\/\/arcticexcursions.com\/udflugter\/whale-safari-at-ilulissat-isfjord\/","name":"Hvalsafari i Ilulissat Isfjord - Arctic Excursions","isPartOf":{"@id":"https:\/\/arcticexcursions.com\/#website"},"primaryImageOfPage":{"@id":"https:\/\/arcticexcursions.com\/udflugter\/whale-safari-at-ilulissat-isfjord\/#primaryimage"},"image":{"@id":"https:\/\/arcticexcursions.com\/udflugter\/whale-safari-at-ilulissat-isfjord\/#primaryimage"},"thumbnailUrl":"https:\/\/arcticexcursions.com\/wp-content\/uploads\/2023\/06\/354488471_984378482740986_6127840558942401844_n.jpg","datePublished":"2023-06-16T19:00:30+00:00","dateModified":"2024-08-31T16:04:20+00:00","breadcrumb":{"@id":"https:\/\/arcticexcursions.com\/udflugter\/whale-safari-at-ilulissat-isfjord\/#breadcrumb"},"inLanguage":"da-DK","potentialAction":[{"@type":"ReadAction","target":["https:\/\/arcticexcursions.com\/udflugter\/whale-safari-at-ilulissat-isfjord\/"]}]},{"@type":"ImageObject","inLanguage":"da-DK","@id":"https:\/\/arcticexcursions.com\/udflugter\/whale-safari-at-ilulissat-isfjord\/#primaryimage","url":"https:\/\/arcticexcursions.com\/wp-content\/uploads\/2023\/06\/354488471_984378482740986_6127840558942401844_n.jpg","contentUrl":"https:\/\/arcticexcursions.com\/wp-content\/uploads\/2023\/06\/354488471_984378482740986_6127840558942401844_n.jpg","width":1536,"height":2048},{"@type":"BreadcrumbList","@id":"https:\/\/arcticexcursions.com\/udflugter\/whale-safari-at-ilulissat-isfjord\/#breadcrumb","itemListElement":[{"@type":"ListItem","position":1,"name":"Home","item":"https:\/\/arcticexcursions.com\/da\/"},{"@type":"ListItem","position":2,"name":"Udflugter i Gr\u00f8nland","item":"https:\/\/arcticexcursions.com\/da\/udflugter\/"},{"@type":"ListItem","position":3,"name":"Hvalsafari i Ilulissat Isfjord"}]},{"@type":"WebSite","@id":"https:\/\/arcticexcursions.com\/#website","url":"https:\/\/arcticexcursions.com\/","name":"Arctic Excursions","description":"New adventures. Every day.","publisher":{"@id":"https:\/\/arcticexcursions.com\/#organization"},"potentialAction":[{"@type":"SearchAction","target":{"@type":"EntryPoint","urlTemplate":"https:\/\/arcticexcursions.com\/?s={search_term_string}"},"query-input":{"@type":"PropertyValueSpecification","valueRequired":true,"valueName":"search_term_string"}}],"inLanguage":"da-DK"},{"@type":"Organization","@id":"https:\/\/arcticexcursions.com\/#organization","name":"Arctic Excursions","url":"https:\/\/arcticexcursions.com\/","logo":{"@type":"ImageObject","inLanguage":"da-DK","@id":"https:\/\/arcticexcursions.com\/#\/schema\/logo\/image\/","url":"https:\/\/arcticexcursions.com\/wp-content\/uploads\/2022\/11\/fb-logo.png","contentUrl":"https:\/\/arcticexcursions.com\/wp-content\/uploads\/2022\/11\/fb-logo.png","width":523,"height":523,"caption":"Arctic Excursions"},"image":{"@id":"https:\/\/arcticexcursions.com\/#\/schema\/logo\/image\/"}}]}},"_links":{"self":[{"href":"https:\/\/arcticexcursions.com\/da\/wp-json\/wp\/v2\/product\/17162"}],"collection":[{"href":"https:\/\/arcticexcursions.com\/da\/wp-json\/wp\/v2\/product"}],"about":[{"href":"https:\/\/arcticexcursions.com\/da\/wp-json\/wp\/v2\/types\/product"}],"replies":[{"embeddable":true,"href":"https:\/\/arcticexcursions.com\/da\/wp-json\/wp\/v2\/comments?post=17162"}],"wp:featuredmedia":[{"embeddable":true,"href":"https:\/\/arcticexcursions.com\/da\/wp-json\/wp\/v2\/media\/17087"}],"wp:attachment":[{"href":"https:\/\/arcticexcursions.com\/da\/wp-json\/wp\/v2\/media?parent=17162"}],"wp:term":[{"taxonomy":"product_brand","embeddable":true,"href":"https:\/\/arcticexcursions.com\/da\/wp-json\/wp\/v2\/product_brand?post=17162"},{"taxonomy":"product_cat","embeddable":true,"href":"https:\/\/arcticexcursions.com\/da\/wp-json\/wp\/v2\/product_cat?post=17162"},{"taxonomy":"product_tag","embeddable":true,"href":"https:\/\/arcticexcursions.com\/da\/wp-json\/wp\/v2\/product_tag?post=17162"}],"curies":[{"name":"wp","href":"https:\/\/api.w.org\/{rel}","templated":true}]}}