{"id":17169,"date":"2023-06-16T21:01:29","date_gmt":"2023-06-16T19:01:29","guid":{"rendered":"https:\/\/arcticexcursions.com\/?post_type=product&#038;p=17169"},"modified":"2026-04-14T17:05:21","modified_gmt":"2026-04-14T15:05:21","slug":"ice-trip","status":"publish","type":"product","link":"https:\/\/arcticexcursions.com\/da\/udflugter\/ice-trip\/","title":{"rendered":"Isfjordstur med skibet HEIDI"},"content":{"rendered":"<p>Det er et MUST at f\u00e5 denne oplevelse med i baggagen.<br \/>\nKom med ud og oplev Nordens mest produktive isfjord, med den tidligere solide og s\u00f8st\u00e6rke Politikutter, der nu g\u00e5r under navnet HEIDI.<\/p>\n<p>Varighed 2 timer.<\/p>\n<p>Der vil v\u00e6re Kaffe og The ombord til g\u00e6sterne.<\/p>\n<p>Medbring;<br \/>\nVarm jakke<br \/>\nHue<br \/>\nVanter <\/p>\n<p><b>Minimum:<\/b> 6 personer<\/p>\n<p><b>Maximum:<\/b> 12 personer<\/p>\n<p>Der er toilet faciliteter ombord.<\/p>\n","protected":false},"excerpt":{"rendered":"<p>Oplev isfjorden ved Ilulissat-omr\u00e5det med den ber\u00f8mte HEIDI<\/p>\n","protected":false},"featured_media":4767,"comment_status":"open","ping_status":"closed","template":"","meta":{"_acf_changed":false},"product_brand":[],"product_cat":[101,170],"product_tag":[],"class_list":{"0":"post-17169","1":"product","2":"type-product","3":"status-publish","4":"has-post-thumbnail","6":"product_cat-tour","7":"product_cat-udflugt","8":"pa_dato-666","9":"pa_dato-669","10":"pa_dato-671","11":"pa_dato-672","12":"pa_dato-674","13":"pa_dato-222","14":"pa_dato-675","15":"pa_dato-502","16":"pa_dato-503","17":"pa_dato-535","18":"pa_dato-534","19":"pa_dato-536","20":"pa_dato-538","21":"pa_dato-539","22":"pa_dato-540","23":"pa_dato-500","24":"pa_dato-541","25":"pa_dato-542","26":"pa_dato-543","27":"pa_dato-465","28":"pa_dato-555","29":"pa_dato-556","30":"pa_dato-557","31":"pa_dato-558","32":"pa_dato-522","33":"pa_dato-559","34":"pa_dato-560","35":"pa_dato-587","36":"pa_dato-588","37":"pa_dato-589","38":"pa_dato-590","39":"pa_dato-598","40":"pa_dato-599","41":"pa_dato-600","42":"pa_dato-739","43":"pa_dato-740","44":"pa_dato-738","45":"pa_dato-979","46":"pa_dato-926","47":"pa_dato-970","48":"pa_dato-971","49":"pa_dato-938","50":"pa_dato-983","51":"pa_dato-1069","52":"pa_dato-1071","53":"pa_dato-807","54":"pa_dato-1074","55":"pa_dato-942","56":"pa_dato-811","57":"pa_dato-816","58":"pa_dato-1145","59":"pa_dato-883","60":"pa_dato-955","61":"pa_dato-886","62":"pa_dato-887","63":"pa_dato-918","64":"pa_dato-951","65":"pa_dato-890","66":"pa_dato-892","67":"pa_dato-893","68":"pa_dato-1157","69":"pa_dato-894","70":"pa_dato-950","71":"pa_dato-867","72":"pa_dato-1092","73":"pa_dato-921","74":"pa_dato-1100","75":"pa_dato-923","76":"pa_dato-1110","77":"pa_dato-1116","78":"pa_dato-1121","79":"pa_dato-1064","80":"pa_dato-1174","81":"pa_dato-1128","82":"pa_dato-1031","83":"pa_dato-1032","84":"pa_dato-1035","85":"pa_dato-998","86":"pa_dato-1001","87":"pa_dato-1037","88":"pa_dato-1038","89":"pa_dato-1039","90":"pa_dato-1010","91":"pa_dato-1041","92":"pa_dato-1018","93":"pa_dato-1019","94":"pa_dato-1020","95":"pa_dato-1048","96":"pa_dato-1132","97":"pa_dato-1134","98":"pa_dato-1139","99":"pa_dato-1194","100":"pa_dato-1196","101":"pa_dato-1146","102":"pa_dato-1160","103":"pa_dato-1197","104":"pa_dato-1199","105":"pa_dato-1205","106":"pa_dato-1163","107":"pa_dato-1207","108":"pa_dato-1209","109":"pa_dato-1147","110":"pa_dato-1210","111":"pa_dato-1212","112":"pa_dato-1213","113":"pa_dato-1218","114":"pa_dato-1220","115":"pa_dato-1277","116":"pa_dato-1148","117":"pa_dato-1278","118":"pa_dato-1330","119":"pa_dato-1377","120":"pa_dato-1149","121":"pa_dato-1297","122":"pa_dato-1252","123":"pa_dato-1281","124":"pa_dato-1150","125":"pa_dato-1282","126":"pa_dato-1382","127":"pa_dato-1383","128":"pa_dato-1151","129":"pa_dato-1299","130":"pa_dato-1254","131":"pa_dato-1285","132":"pa_dato-1152","133":"pa_dato-1286","134":"pa_dato-1337","135":"pa_dato-1384","136":"pa_dato-1153","137":"pa_dato-1301","138":"pa_dato-1256","139":"pa_dato-1239","140":"pa_dato-1154","141":"pa_dato-1240","142":"pa_dato-1242","143":"pa_dato-1385","144":"pa_dato-1155","145":"pa_dato-1302","146":"pa_dato-1258","147":"pa_dato-1291","148":"pa_dato-1156","149":"pa_dato-1292","150":"pa_dato-1244","151":"pa_dato-1180","152":"pa_dato-1386","153":"pa_dato-1387","154":"pa_dato-1245","155":"pa_dato-1259","156":"pa_dato-1388","157":"pa_dato-1295","158":"pa_dato-1389","159":"pa_dato-1260","160":"pa_dato-1390","161":"pa_dato-5973","162":"pa_dato-1266","163":"pa_dato-1352","164":"pa_dato-1375","165":"pa_dato-5986","166":"pa_dato-1158","167":"pa_dato-6048","168":"pa_dato-6049","169":"pa_dato-6092","170":"pa_dato-5919","171":"pa_dato-5890","172":"pa_dato-5916","173":"pa_dato-5934","174":"pa_dato-6072","175":"pa_dato-6066","176":"pa_dato-6065","177":"pa_dato-5878","178":"pa_dato-6017","179":"pa_dato-6071","180":"pa_dato-6075","181":"pa_dato-5993","182":"pa_dato-5936","183":"pa_dato-6070","184":"pa_dato-6018","185":"pa_dato-6019","186":"pa_dato-5947","187":"pa_dato-6047","188":"pa_dato-5932","189":"pa_dato-5999","190":"pa_dato-6005","191":"pa_dato-5895","192":"pa_dato-5952","193":"pa_dato-1193","194":"pa_dato-6056","195":"pa_dato-5892","196":"pa_dato-5951","197":"pa_dato-6256","198":"pa_dato-6252","199":"pa_dato-6257","200":"pa_dato-6253","201":"pa_dato-6259","202":"pa_dato-6264","203":"pa_dato-6184","204":"pa_dato-6134","205":"pa_dato-6254","206":"pa_dato-6131","207":"pa_dato-6180","208":"pa_dato-6181","209":"pa_dato-6133","210":"pa_dato-6311","211":"pa_dato-6261","212":"pa_dato-6255","213":"pa_dato-6183","214":"pa_dato-6157","215":"pa_dato-6158","216":"pa_dato-6186","217":"pa_dato-6312","218":"pa_dato-6262","219":"pa_dato-6360","220":"pa_dato-6358","221":"pa_dato-6359","222":"pa_dato-6363","223":"pa_dato-6362","224":"pa_dato-6321","225":"pa_dato-6367","226":"pa_dato-6361","227":"pa_dato-6403","228":"pa_dato-6370","229":"pa_dato-6298","230":"pa_dato-6431","231":"pa_dato-6420","232":"pa_dato-6432","233":"pa_dato-6433","234":"pa_dato-6192","235":"pa_dato-6193","236":"pa_dato-6205","237":"pa_dato-6194","238":"pa_dato-6195","239":"pa_dato-6207","240":"pa_dato-6208","241":"pa_dato-6196","242":"pa_dato-6209","243":"pa_dato-6197","244":"pa_dato-6210","245":"pa_dato-6198","246":"pa_dato-6199","247":"pa_dato-6200","248":"pa_dato-6121","249":"pa_dato-6201","250":"pa_dato-6446","251":"pa_dato-6434","252":"pa_dato-6142","253":"pa_dato-6274","254":"pa_dato-6202","255":"pa_dato-6435","256":"pa_dato-6203","257":"pa_dato-6166","258":"pa_dato-6167","259":"pa_dato-6464","260":"pa_dato-6281","261":"pa_dato-6305","262":"pa_dato-6268","263":"pa_dato-6269","264":"pa_dato-6270","265":"pa_dato-6336","266":"pa_dato-6212","267":"pa_dato-6178","268":"pa_dato-6331","269":"pa_dato-6376","270":"pa_dato-6288","271":"pa_dato-6171","272":"pa_dato-6225","273":"pa_dato-6224","274":"pa_dato-6162","275":"pa_dato-6318","276":"pa_dato-6319","277":"pa_dato-6213","278":"pa_dato-6115","279":"pa_dato-6116","280":"pa_dato-6227","281":"pa_dato-6405","282":"pa_dato-6222","283":"pa_dato-6314","284":"pa_dato-6214","285":"pa_dato-6439","286":"pa_dato-6215","287":"pa_dato-6427","288":"pa_dato-6145","289":"pa_dato-6440","290":"pa_dato-6334","291":"pa_dato-6223","292":"pa_dato-6441","293":"pa_dato-6216","294":"pa_dato-6118","295":"pa_dato-6117","296":"pa_dato-6265","297":"pa_dato-6377","298":"pa_dato-6217","299":"pa_dato-6442","300":"pa_dato-6218","301":"pa_dato-6251","302":"pa_dato-6339","303":"pa_dato-6378","304":"pa_dato-6349","305":"pa_dato-6443","306":"pa_dato-6444","307":"pa_dato-6219","308":"pa_dato-6283","309":"pa_dato-6445","310":"pa_dato-6173","311":"pa_dato-6426","312":"pa_dato-6280","313":"pa_dato-6300","314":"pa_dato-6220","315":"pa_dato-6353","316":"pa_dato-6323","317":"pa_dato-6138","318":"pa_dato-6235","319":"pa_dato-6228","320":"pa_dato-6236","321":"pa_dato-6237","322":"pa_dato-6293","323":"pa_dato-6356","324":"pa_dato-6471","325":"pa_dato-6176","326":"pa_dato-6239","327":"pa_dato-6177","328":"pa_dato-6355","329":"pa_dato-6230","330":"pa_dato-6479","331":"pa_dato-6249","332":"pa_dato-6338","333":"pa_dato-6232","334":"pa_dato-6233","335":"pa_dato-6495","336":"pa_dato-6234","337":"pa_dato-6472","338":"pa_dato-6337","339":"pa_dato-6496","340":"pa_dato-6341","341":"pa_dato-6413","342":"pa_dato-6504","343":"pa_dato-6460","344":"pa_dato-6461","345":"pa_dato-6380","346":"pa_dato-6502","347":"pa_dato-6505","348":"pa_dato-6342","349":"pa_dato-6381","350":"pa_dato-6480","351":"pa_dato-6382","352":"pa_dato-6459","353":"pa_dato-6456","354":"pa_dato-6506","355":"pa_dato-6375","356":"pa_dato-6428","357":"pa_dato-6384","358":"pa_dato-6470","359":"pa_tidspunkt-682","360":"pa_tidspunkt-70","361":"pa_tidspunkt-189","362":"pa_tidspunkt-72","363":"pa_tidspunkt-37","364":"pa_tidspunkt-38","365":"pa_tidspunkt-40","366":"pa_tidspunkt-58","367":"pa_tidspunkt-748","368":"pa_tidspunkt-568","369":"pa_tidspunkt-77","370":"pa_tidspunkt-221","371":"pa_tidspunkt-190","372":"pa_tidspunkt-223","373":"pa_tidspunkt-229","374":"pa_tidspunkt-6425","375":"pa_tidspunkt-314","376":"pa_tidspunkt-317","377":"pa_tidspunkt-227","378":"pa_tidspunkt-308","379":"pa_tidspunkt-6275","380":"pa_tidspunkt-27","381":"pa_tidspunkt-430","382":"pa_tidspunkt-61","383":"pa_tidspunkt-6507","384":"pa_tidspunkt-83","385":"pa_tidspunkt-93","386":"pa_tidspunkt-426","387":"pa_tidspunkt-68","388":"pa_tidspunkt-110","389":"pa_tidspunkt-69","390":"pa_tidspunkt-205","391":"pa_tidspunkt-255","392":"pa_tidspunkt-1175","393":"pa_tidspunkt-826","394":"tour_location-ilulissat-da","395":"tour_type-baadture","396":"tour_tickettype-arctic_excursions","397":"tour_operator-naleraq-sea-safari","399":"first","400":"instock","401":"shipping-taxable","402":"purchasable","403":"product-type-variable"},"acf":[],"yoast_head":"<!-- This site is optimized with the Yoast SEO plugin v23.6 - https:\/\/yoast.com\/wordpress\/plugins\/seo\/ -->\n<title>Arctic Excursions<\/title>\n<meta name=\"robots\" content=\"index, follow, max-snippet:-1, max-image-preview:large, max-video-preview:-1\" \/>\n<link rel=\"canonical\" href=\"https:\/\/arcticexcursions.com\/da\/udflugter\/ice-trip\/\" \/>\n<meta property=\"og:locale\" content=\"da_DK\" \/>\n<meta property=\"og:type\" content=\"article\" \/>\n<meta property=\"og:title\" content=\"Isfjordstur med skibet HEIDI - Arctic Excursions\" \/>\n<meta property=\"og:description\" content=\"Oplev isfjorden ved Ilulissat-omr\u00e5det med den ber\u00f8mte HEIDI\" \/>\n<meta property=\"og:url\" content=\"https:\/\/arcticexcursions.com\/da\/udflugter\/ice-trip\/\" \/>\n<meta property=\"og:site_name\" content=\"Arctic Excursions\" \/>\n<meta property=\"article:modified_time\" content=\"2026-04-14T15:05:21+00:00\" \/>\n<meta property=\"og:image\" content=\"https:\/\/arcticexcursions.com\/wp-content\/uploads\/2022\/11\/9.jpeg\" \/>\n\t<meta property=\"og:image:width\" content=\"2000\" \/>\n\t<meta property=\"og:image:height\" content=\"1501\" \/>\n\t<meta property=\"og:image:type\" content=\"image\/jpeg\" \/>\n<meta name=\"twitter:card\" content=\"summary_large_image\" \/>\n<script type=\"application\/ld+json\" class=\"yoast-schema-graph\">{\"@context\":\"https:\/\/schema.org\",\"@graph\":[{\"@type\":\"WebPage\",\"@id\":\"https:\/\/arcticexcursions.com\/da\/udflugter\/ice-trip\/\",\"url\":\"https:\/\/arcticexcursions.com\/da\/udflugter\/ice-trip\/\",\"name\":\"Isfjordstur med skibet HEIDI - Arctic Excursions\",\"isPartOf\":{\"@id\":\"https:\/\/arcticexcursions.com\/#website\"},\"primaryImageOfPage\":{\"@id\":\"https:\/\/arcticexcursions.com\/da\/udflugter\/ice-trip\/#primaryimage\"},\"image\":{\"@id\":\"https:\/\/arcticexcursions.com\/da\/udflugter\/ice-trip\/#primaryimage\"},\"thumbnailUrl\":\"https:\/\/arcticexcursions.com\/wp-content\/uploads\/2022\/11\/9.jpeg\",\"datePublished\":\"2023-06-16T19:01:29+00:00\",\"dateModified\":\"2026-04-14T15:05:21+00:00\",\"breadcrumb\":{\"@id\":\"https:\/\/arcticexcursions.com\/da\/udflugter\/ice-trip\/#breadcrumb\"},\"inLanguage\":\"da-DK\",\"potentialAction\":[{\"@type\":\"ReadAction\",\"target\":[\"https:\/\/arcticexcursions.com\/da\/udflugter\/ice-trip\/\"]}]},{\"@type\":\"ImageObject\",\"inLanguage\":\"da-DK\",\"@id\":\"https:\/\/arcticexcursions.com\/da\/udflugter\/ice-trip\/#primaryimage\",\"url\":\"https:\/\/arcticexcursions.com\/wp-content\/uploads\/2022\/11\/9.jpeg\",\"contentUrl\":\"https:\/\/arcticexcursions.com\/wp-content\/uploads\/2022\/11\/9.jpeg\",\"width\":2000,\"height\":1501},{\"@type\":\"BreadcrumbList\",\"@id\":\"https:\/\/arcticexcursions.com\/da\/udflugter\/ice-trip\/#breadcrumb\",\"itemListElement\":[{\"@type\":\"ListItem\",\"position\":1,\"name\":\"Home\",\"item\":\"https:\/\/arcticexcursions.com\/da\/\"},{\"@type\":\"ListItem\",\"position\":2,\"name\":\"Udflugter i Gr\u00f8nland\",\"item\":\"https:\/\/arcticexcursions.com\/da\/udflugter\/\"},{\"@type\":\"ListItem\",\"position\":3,\"name\":\"Isfjordstur med skibet HEIDI\"}]},{\"@type\":\"WebSite\",\"@id\":\"https:\/\/arcticexcursions.com\/#website\",\"url\":\"https:\/\/arcticexcursions.com\/\",\"name\":\"Arctic Excursions\",\"description\":\"New adventures. Every day.\",\"publisher\":{\"@id\":\"https:\/\/arcticexcursions.com\/#organization\"},\"potentialAction\":[{\"@type\":\"SearchAction\",\"target\":{\"@type\":\"EntryPoint\",\"urlTemplate\":\"https:\/\/arcticexcursions.com\/?s={search_term_string}\"},\"query-input\":{\"@type\":\"PropertyValueSpecification\",\"valueRequired\":true,\"valueName\":\"search_term_string\"}}],\"inLanguage\":\"da-DK\"},{\"@type\":\"Organization\",\"@id\":\"https:\/\/arcticexcursions.com\/#organization\",\"name\":\"Arctic Excursions\",\"url\":\"https:\/\/arcticexcursions.com\/\",\"logo\":{\"@type\":\"ImageObject\",\"inLanguage\":\"da-DK\",\"@id\":\"https:\/\/arcticexcursions.com\/#\/schema\/logo\/image\/\",\"url\":\"https:\/\/arcticexcursions.com\/wp-content\/uploads\/2022\/11\/fb-logo.png\",\"contentUrl\":\"https:\/\/arcticexcursions.com\/wp-content\/uploads\/2022\/11\/fb-logo.png\",\"width\":523,\"height\":523,\"caption\":\"Arctic Excursions\"},\"image\":{\"@id\":\"https:\/\/arcticexcursions.com\/#\/schema\/logo\/image\/\"}}]}<\/script>\n<!-- \/ Yoast SEO plugin. -->","yoast_head_json":{"title":"Arctic Excursions","robots":{"index":"index","follow":"follow","max-snippet":"max-snippet:-1","max-image-preview":"max-image-preview:large","max-video-preview":"max-video-preview:-1"},"canonical":"https:\/\/arcticexcursions.com\/da\/udflugter\/ice-trip\/","og_locale":"da_DK","og_type":"article","og_title":"Isfjordstur med skibet HEIDI - Arctic Excursions","og_description":"Oplev isfjorden ved Ilulissat-omr\u00e5det med den ber\u00f8mte HEIDI","og_url":"https:\/\/arcticexcursions.com\/da\/udflugter\/ice-trip\/","og_site_name":"Arctic Excursions","article_modified_time":"2026-04-14T15:05:21+00:00","og_image":[{"width":2000,"height":1501,"url":"https:\/\/arcticexcursions.com\/wp-content\/uploads\/2022\/11\/9.jpeg","type":"image\/jpeg"}],"twitter_card":"summary_large_image","schema":{"@context":"https:\/\/schema.org","@graph":[{"@type":"WebPage","@id":"https:\/\/arcticexcursions.com\/da\/udflugter\/ice-trip\/","url":"https:\/\/arcticexcursions.com\/da\/udflugter\/ice-trip\/","name":"Isfjordstur med skibet HEIDI - Arctic Excursions","isPartOf":{"@id":"https:\/\/arcticexcursions.com\/#website"},"primaryImageOfPage":{"@id":"https:\/\/arcticexcursions.com\/da\/udflugter\/ice-trip\/#primaryimage"},"image":{"@id":"https:\/\/arcticexcursions.com\/da\/udflugter\/ice-trip\/#primaryimage"},"thumbnailUrl":"https:\/\/arcticexcursions.com\/wp-content\/uploads\/2022\/11\/9.jpeg","datePublished":"2023-06-16T19:01:29+00:00","dateModified":"2026-04-14T15:05:21+00:00","breadcrumb":{"@id":"https:\/\/arcticexcursions.com\/da\/udflugter\/ice-trip\/#breadcrumb"},"inLanguage":"da-DK","potentialAction":[{"@type":"ReadAction","target":["https:\/\/arcticexcursions.com\/da\/udflugter\/ice-trip\/"]}]},{"@type":"ImageObject","inLanguage":"da-DK","@id":"https:\/\/arcticexcursions.com\/da\/udflugter\/ice-trip\/#primaryimage","url":"https:\/\/arcticexcursions.com\/wp-content\/uploads\/2022\/11\/9.jpeg","contentUrl":"https:\/\/arcticexcursions.com\/wp-content\/uploads\/2022\/11\/9.jpeg","width":2000,"height":1501},{"@type":"BreadcrumbList","@id":"https:\/\/arcticexcursions.com\/da\/udflugter\/ice-trip\/#breadcrumb","itemListElement":[{"@type":"ListItem","position":1,"name":"Home","item":"https:\/\/arcticexcursions.com\/da\/"},{"@type":"ListItem","position":2,"name":"Udflugter i Gr\u00f8nland","item":"https:\/\/arcticexcursions.com\/da\/udflugter\/"},{"@type":"ListItem","position":3,"name":"Isfjordstur med skibet HEIDI"}]},{"@type":"WebSite","@id":"https:\/\/arcticexcursions.com\/#website","url":"https:\/\/arcticexcursions.com\/","name":"Arctic Excursions","description":"New adventures. Every day.","publisher":{"@id":"https:\/\/arcticexcursions.com\/#organization"},"potentialAction":[{"@type":"SearchAction","target":{"@type":"EntryPoint","urlTemplate":"https:\/\/arcticexcursions.com\/?s={search_term_string}"},"query-input":{"@type":"PropertyValueSpecification","valueRequired":true,"valueName":"search_term_string"}}],"inLanguage":"da-DK"},{"@type":"Organization","@id":"https:\/\/arcticexcursions.com\/#organization","name":"Arctic Excursions","url":"https:\/\/arcticexcursions.com\/","logo":{"@type":"ImageObject","inLanguage":"da-DK","@id":"https:\/\/arcticexcursions.com\/#\/schema\/logo\/image\/","url":"https:\/\/arcticexcursions.com\/wp-content\/uploads\/2022\/11\/fb-logo.png","contentUrl":"https:\/\/arcticexcursions.com\/wp-content\/uploads\/2022\/11\/fb-logo.png","width":523,"height":523,"caption":"Arctic Excursions"},"image":{"@id":"https:\/\/arcticexcursions.com\/#\/schema\/logo\/image\/"}}]}},"_links":{"self":[{"href":"https:\/\/arcticexcursions.com\/da\/wp-json\/wp\/v2\/product\/17169"}],"collection":[{"href":"https:\/\/arcticexcursions.com\/da\/wp-json\/wp\/v2\/product"}],"about":[{"href":"https:\/\/arcticexcursions.com\/da\/wp-json\/wp\/v2\/types\/product"}],"replies":[{"embeddable":true,"href":"https:\/\/arcticexcursions.com\/da\/wp-json\/wp\/v2\/comments?post=17169"}],"wp:featuredmedia":[{"embeddable":true,"href":"https:\/\/arcticexcursions.com\/da\/wp-json\/wp\/v2\/media\/4767"}],"wp:attachment":[{"href":"https:\/\/arcticexcursions.com\/da\/wp-json\/wp\/v2\/media?parent=17169"}],"wp:term":[{"taxonomy":"product_brand","embeddable":true,"href":"https:\/\/arcticexcursions.com\/da\/wp-json\/wp\/v2\/product_brand?post=17169"},{"taxonomy":"product_cat","embeddable":true,"href":"https:\/\/arcticexcursions.com\/da\/wp-json\/wp\/v2\/product_cat?post=17169"},{"taxonomy":"product_tag","embeddable":true,"href":"https:\/\/arcticexcursions.com\/da\/wp-json\/wp\/v2\/product_tag?post=17169"}],"curies":[{"name":"wp","href":"https:\/\/api.w.org\/{rel}","templated":true}]}}