{"id":17457,"date":"2023-06-20T15:14:17","date_gmt":"2023-06-20T13:14:17","guid":{"rendered":"https:\/\/arcticexcursions.com\/?post_type=product&#038;p=17457"},"modified":"2023-08-09T17:49:32","modified_gmt":"2023-08-09T15:49:32","slug":"whale-watching-in-ilimanaq","status":"publish","type":"product","link":"https:\/\/arcticexcursions.com\/da\/udflugter\/whale-watching-in-ilimanaq\/","title":{"rendered":"Hvalsafari i Ilimanaq"},"content":{"rendered":"<p>Hvals\u00e6sonen er en virkelig magisk oplevelse. Diskobugten er et paradis for hvalsafari, da hvalerne elsker at komme her og spise af vandets rige ressourcer.<\/p>\n<p>Disse vidunderlige skabningers naturlige sk\u00f8nhed er fantastisk og meget fascinerende. <\/p>\n<p>N\u00e5r hvalerne kommer tilbage \u00e5r efter \u00e5r, kan vi nogle gange genkende nogle af dem p\u00e5 grund af deres &#8220;fingeraftryk&#8221; p\u00e5 halen. <\/p>\n<p>Sagen er, at hver hval har sit eget m\u00f8nster under halen, og man ser det, n\u00e5r de dykker ned i vandet med halen h\u00e6vet.<\/p>\n<p>Vi kan ikke garantere, at hvalerne bliver set, men chancerne er store.<\/p>\n<p><b>Varighed:<\/b> 2 timer. <\/p>\n<p><b>Inkluderet:<\/b> B\u00e5dtur og kaffe\/te<\/p>\n<p><b>S\u00e6son:<\/b> Sommer <\/p>\n<p><b>B\u00e5d:<\/b> Husky 7, med plads til 7 personer<\/p>\n","protected":false},"excerpt":{"rendered":"<p>Kom t\u00e6t p\u00e5 nogle af de st\u00f8rste dyr i verden. St\u00f8rrelsen p\u00e5 vores b\u00e5d g\u00f8r, at du kommer t\u00e6ttere p\u00e5 overfladen, og du f\u00e5r mulighed for at tage nogle fantastiske billeder.<\/p>\n","protected":false},"featured_media":0,"comment_status":"open","ping_status":"closed","template":"","meta":{"_acf_changed":false},"product_brand":[],"product_cat":[101,170],"product_tag":[],"class_list":{"0":"post-17457","1":"product","2":"type-product","3":"status-publish","5":"product_cat-tour","6":"product_cat-udflugt","7":"pa_dato-592","8":"pa_dato-593","9":"pa_tidspunkt-40","10":"pa_tidspunkt-227","11":"pa_tidspunkt-69","12":"pa_tidspunkt-818","13":"tour_location-ilimanaq-da","14":"tour_type-hvalsafari","15":"tour_tickettype-arctic_excursions","16":"tour_operator-iws-tours","18":"first","19":"outofstock","20":"shipping-taxable","21":"product-type-variable"},"acf":[],"yoast_head":"<!-- This site is optimized with the Yoast SEO plugin v23.6 - https:\/\/yoast.com\/wordpress\/plugins\/seo\/ -->\n<title>Arctic Excursions<\/title>\n<meta name=\"robots\" content=\"index, follow, max-snippet:-1, max-image-preview:large, max-video-preview:-1\" \/>\n<link rel=\"canonical\" href=\"https:\/\/arcticexcursions.com\/udflugter\/whale-watching-in-ilimanaq\/\" \/>\n<meta property=\"og:locale\" content=\"da_DK\" \/>\n<meta property=\"og:type\" content=\"article\" \/>\n<meta property=\"og:title\" content=\"Hvalsafari i Ilimanaq - Arctic Excursions\" \/>\n<meta property=\"og:description\" content=\"Kom t\u00e6t p\u00e5 nogle af de st\u00f8rste dyr i verden. St\u00f8rrelsen p\u00e5 vores b\u00e5d g\u00f8r, at du kommer t\u00e6ttere p\u00e5 overfladen, og du f\u00e5r mulighed for at tage nogle fantastiske billeder.\" \/>\n<meta property=\"og:url\" content=\"https:\/\/arcticexcursions.com\/udflugter\/whale-watching-in-ilimanaq\/\" \/>\n<meta property=\"og:site_name\" content=\"Arctic Excursions\" \/>\n<meta property=\"article:modified_time\" content=\"2023-08-09T15:49:32+00:00\" \/>\n<meta property=\"og:image\" content=\"https:\/\/arcticexcursions.com\/wp-content\/uploads\/2022\/12\/IMG_8350-1-scaled.jpg\" \/>\n\t<meta property=\"og:image:width\" content=\"2560\" \/>\n\t<meta property=\"og:image:height\" content=\"1743\" \/>\n\t<meta property=\"og:image:type\" content=\"image\/jpeg\" \/>\n<meta name=\"twitter:card\" content=\"summary_large_image\" \/>\n<meta name=\"twitter:label1\" content=\"Estimeret l\u00e6setid\" \/>\n\t<meta name=\"twitter:data1\" content=\"1 minut\" \/>\n<script type=\"application\/ld+json\" class=\"yoast-schema-graph\">{\"@context\":\"https:\/\/schema.org\",\"@graph\":[{\"@type\":\"WebPage\",\"@id\":\"https:\/\/arcticexcursions.com\/udflugter\/whale-watching-in-ilimanaq\/\",\"url\":\"https:\/\/arcticexcursions.com\/udflugter\/whale-watching-in-ilimanaq\/\",\"name\":\"Hvalsafari i Ilimanaq - Arctic Excursions\",\"isPartOf\":{\"@id\":\"https:\/\/arcticexcursions.com\/#website\"},\"datePublished\":\"2023-06-20T13:14:17+00:00\",\"dateModified\":\"2023-08-09T15:49:32+00:00\",\"breadcrumb\":{\"@id\":\"https:\/\/arcticexcursions.com\/udflugter\/whale-watching-in-ilimanaq\/#breadcrumb\"},\"inLanguage\":\"da-DK\",\"potentialAction\":[{\"@type\":\"ReadAction\",\"target\":[\"https:\/\/arcticexcursions.com\/udflugter\/whale-watching-in-ilimanaq\/\"]}]},{\"@type\":\"BreadcrumbList\",\"@id\":\"https:\/\/arcticexcursions.com\/udflugter\/whale-watching-in-ilimanaq\/#breadcrumb\",\"itemListElement\":[{\"@type\":\"ListItem\",\"position\":1,\"name\":\"Home\",\"item\":\"https:\/\/arcticexcursions.com\/da\/\"},{\"@type\":\"ListItem\",\"position\":2,\"name\":\"Udflugter i Gr\u00f8nland\",\"item\":\"https:\/\/arcticexcursions.com\/da\/udflugter\/\"},{\"@type\":\"ListItem\",\"position\":3,\"name\":\"Hvalsafari i Ilimanaq\"}]},{\"@type\":\"WebSite\",\"@id\":\"https:\/\/arcticexcursions.com\/#website\",\"url\":\"https:\/\/arcticexcursions.com\/\",\"name\":\"Arctic Excursions\",\"description\":\"New adventures. Every day.\",\"publisher\":{\"@id\":\"https:\/\/arcticexcursions.com\/#organization\"},\"potentialAction\":[{\"@type\":\"SearchAction\",\"target\":{\"@type\":\"EntryPoint\",\"urlTemplate\":\"https:\/\/arcticexcursions.com\/?s={search_term_string}\"},\"query-input\":{\"@type\":\"PropertyValueSpecification\",\"valueRequired\":true,\"valueName\":\"search_term_string\"}}],\"inLanguage\":\"da-DK\"},{\"@type\":\"Organization\",\"@id\":\"https:\/\/arcticexcursions.com\/#organization\",\"name\":\"Arctic Excursions\",\"url\":\"https:\/\/arcticexcursions.com\/\",\"logo\":{\"@type\":\"ImageObject\",\"inLanguage\":\"da-DK\",\"@id\":\"https:\/\/arcticexcursions.com\/#\/schema\/logo\/image\/\",\"url\":\"https:\/\/arcticexcursions.com\/wp-content\/uploads\/2022\/11\/fb-logo.png\",\"contentUrl\":\"https:\/\/arcticexcursions.com\/wp-content\/uploads\/2022\/11\/fb-logo.png\",\"width\":523,\"height\":523,\"caption\":\"Arctic Excursions\"},\"image\":{\"@id\":\"https:\/\/arcticexcursions.com\/#\/schema\/logo\/image\/\"}}]}<\/script>\n<!-- \/ Yoast SEO plugin. -->","yoast_head_json":{"title":"Arctic Excursions","robots":{"index":"index","follow":"follow","max-snippet":"max-snippet:-1","max-image-preview":"max-image-preview:large","max-video-preview":"max-video-preview:-1"},"canonical":"https:\/\/arcticexcursions.com\/udflugter\/whale-watching-in-ilimanaq\/","og_locale":"da_DK","og_type":"article","og_title":"Hvalsafari i Ilimanaq - Arctic Excursions","og_description":"Kom t\u00e6t p\u00e5 nogle af de st\u00f8rste dyr i verden. St\u00f8rrelsen p\u00e5 vores b\u00e5d g\u00f8r, at du kommer t\u00e6ttere p\u00e5 overfladen, og du f\u00e5r mulighed for at tage nogle fantastiske billeder.","og_url":"https:\/\/arcticexcursions.com\/udflugter\/whale-watching-in-ilimanaq\/","og_site_name":"Arctic Excursions","article_modified_time":"2023-08-09T15:49:32+00:00","og_image":[{"width":2560,"height":1743,"url":"https:\/\/arcticexcursions.com\/wp-content\/uploads\/2022\/12\/IMG_8350-1-scaled.jpg","type":"image\/jpeg"}],"twitter_card":"summary_large_image","twitter_misc":{"Estimeret l\u00e6setid":"1 minut"},"schema":{"@context":"https:\/\/schema.org","@graph":[{"@type":"WebPage","@id":"https:\/\/arcticexcursions.com\/udflugter\/whale-watching-in-ilimanaq\/","url":"https:\/\/arcticexcursions.com\/udflugter\/whale-watching-in-ilimanaq\/","name":"Hvalsafari i Ilimanaq - Arctic Excursions","isPartOf":{"@id":"https:\/\/arcticexcursions.com\/#website"},"datePublished":"2023-06-20T13:14:17+00:00","dateModified":"2023-08-09T15:49:32+00:00","breadcrumb":{"@id":"https:\/\/arcticexcursions.com\/udflugter\/whale-watching-in-ilimanaq\/#breadcrumb"},"inLanguage":"da-DK","potentialAction":[{"@type":"ReadAction","target":["https:\/\/arcticexcursions.com\/udflugter\/whale-watching-in-ilimanaq\/"]}]},{"@type":"BreadcrumbList","@id":"https:\/\/arcticexcursions.com\/udflugter\/whale-watching-in-ilimanaq\/#breadcrumb","itemListElement":[{"@type":"ListItem","position":1,"name":"Home","item":"https:\/\/arcticexcursions.com\/da\/"},{"@type":"ListItem","position":2,"name":"Udflugter i Gr\u00f8nland","item":"https:\/\/arcticexcursions.com\/da\/udflugter\/"},{"@type":"ListItem","position":3,"name":"Hvalsafari i Ilimanaq"}]},{"@type":"WebSite","@id":"https:\/\/arcticexcursions.com\/#website","url":"https:\/\/arcticexcursions.com\/","name":"Arctic Excursions","description":"New adventures. Every day.","publisher":{"@id":"https:\/\/arcticexcursions.com\/#organization"},"potentialAction":[{"@type":"SearchAction","target":{"@type":"EntryPoint","urlTemplate":"https:\/\/arcticexcursions.com\/?s={search_term_string}"},"query-input":{"@type":"PropertyValueSpecification","valueRequired":true,"valueName":"search_term_string"}}],"inLanguage":"da-DK"},{"@type":"Organization","@id":"https:\/\/arcticexcursions.com\/#organization","name":"Arctic Excursions","url":"https:\/\/arcticexcursions.com\/","logo":{"@type":"ImageObject","inLanguage":"da-DK","@id":"https:\/\/arcticexcursions.com\/#\/schema\/logo\/image\/","url":"https:\/\/arcticexcursions.com\/wp-content\/uploads\/2022\/11\/fb-logo.png","contentUrl":"https:\/\/arcticexcursions.com\/wp-content\/uploads\/2022\/11\/fb-logo.png","width":523,"height":523,"caption":"Arctic Excursions"},"image":{"@id":"https:\/\/arcticexcursions.com\/#\/schema\/logo\/image\/"}}]}},"_links":{"self":[{"href":"https:\/\/arcticexcursions.com\/da\/wp-json\/wp\/v2\/product\/17457"}],"collection":[{"href":"https:\/\/arcticexcursions.com\/da\/wp-json\/wp\/v2\/product"}],"about":[{"href":"https:\/\/arcticexcursions.com\/da\/wp-json\/wp\/v2\/types\/product"}],"replies":[{"embeddable":true,"href":"https:\/\/arcticexcursions.com\/da\/wp-json\/wp\/v2\/comments?post=17457"}],"wp:attachment":[{"href":"https:\/\/arcticexcursions.com\/da\/wp-json\/wp\/v2\/media?parent=17457"}],"wp:term":[{"taxonomy":"product_brand","embeddable":true,"href":"https:\/\/arcticexcursions.com\/da\/wp-json\/wp\/v2\/product_brand?post=17457"},{"taxonomy":"product_cat","embeddable":true,"href":"https:\/\/arcticexcursions.com\/da\/wp-json\/wp\/v2\/product_cat?post=17457"},{"taxonomy":"product_tag","embeddable":true,"href":"https:\/\/arcticexcursions.com\/da\/wp-json\/wp\/v2\/product_tag?post=17457"}],"curies":[{"name":"wp","href":"https:\/\/api.w.org\/{rel}","templated":true}]}}