{"id":17600,"date":"2023-06-27T14:13:13","date_gmt":"2023-06-27T12:13:13","guid":{"rendered":"https:\/\/arcticexcursions.com\/?post_type=product&#038;p=17600"},"modified":"2026-03-20T22:32:56","modified_gmt":"2026-03-20T20:32:56","slug":"whale-safari","status":"publish","type":"product","link":"https:\/\/arcticexcursions.com\/da\/udflugter\/whale-safari\/","title":{"rendered":"Hvalsafari"},"content":{"rendered":"<p>Vi sejler mod det sidste sted, hvor hvalerne er blevet set i Ilulissat-omr\u00e5det, og din kaptajn vil tage dig med p\u00e5 en uforglemmelig tur.<\/p>\n<p>N\u00e5r du sidder udenfor, kan du m\u00e6rke den kolde luft, men ogs\u00e5 dufte havet og h\u00f8re isen knage. <\/p>\n<p>Vi anbefaler, at du medbringer en varm jakke, hue, handsker og solbriller. <\/p>\n<p><b>Varighed:<\/b> 2 timer<\/p>\n<p><b>Deltagere:<\/b> Bem\u00e6rk venligst, at udflugten kun gennemf\u00f8res, hvis der er mindst 4 bookede billetter i alt. Hvis du for eksempel booker 2 billetter, skal der s\u00e6lges mindst 2 yderligere billetter til andre kunder, f\u00f8r turen kan finde sted. Der vil deltage maksimalt 8 personer.<\/p>\n<p><b>Sprog:<\/b> Guiden\/kaptajnen taler dansk, engelsk og gr\u00f8nlandsk<\/p>\n<p><b>B\u00e5dtype:<\/b> \u00c5ben b\u00e5d<\/p>\n<p><b>Toiletforhold:<\/b> Der er toilet p\u00e5 b\u00e5den<\/p>\n<p><b>Forplejning:<\/b> Kaffe og te serveres p\u00e5 b\u00e5den<\/p>\n<p><b>Anbefalet p\u00e5kl\u00e6dning:<\/b> Varmt t\u00f8j inkl. hue og handsker hele \u00e5ret. Solbriller. Solcreme om sommeren.<\/p>\n","protected":false},"excerpt":{"rendered":"<p>Oplev en sp\u00e6ndende hvalsafari i Ilulissat.<\/p>\n","protected":false},"featured_media":9716,"comment_status":"open","ping_status":"closed","template":"","meta":{"_acf_changed":false},"product_brand":[],"product_cat":[101,170],"product_tag":[],"class_list":{"0":"post-17600","1":"product","2":"type-product","3":"status-publish","4":"has-post-thumbnail","6":"product_cat-tour","7":"product_cat-udflugt","8":"pa_dato-998","9":"pa_dato-1048","10":"pa_dato-1054","11":"pa_dato-1055","12":"pa_dato-1135","13":"pa_dato-1185","14":"pa_dato-1186","15":"pa_dato-6034","16":"pa_dato-6100","17":"pa_dato-6082","18":"pa_dato-6077","19":"pa_dato-6055","20":"pa_dato-5927","21":"pa_dato-5877","22":"pa_dato-6086","23":"pa_dato-6031","24":"pa_dato-6039","25":"pa_dato-6029","26":"pa_dato-5917","27":"pa_dato-5919","28":"pa_dato-1373","29":"pa_dato-5922","30":"pa_dato-5881","31":"pa_dato-5923","32":"pa_dato-5921","33":"pa_dato-6042","34":"pa_dato-6043","35":"pa_dato-5890","36":"pa_dato-5934","37":"pa_dato-6072","38":"pa_dato-6066","39":"pa_dato-6065","40":"pa_dato-5878","41":"pa_dato-6017","42":"pa_dato-6075","43":"pa_dato-5936","44":"pa_dato-6018","45":"pa_dato-5947","46":"pa_dato-5952","47":"pa_dato-1193","48":"pa_dato-6056","49":"pa_dato-5892","50":"pa_dato-5951","51":"pa_dato-5879","52":"pa_dato-5949","53":"pa_dato-5966","54":"pa_dato-5953","55":"pa_dato-6021","56":"pa_dato-5880","57":"pa_dato-6022","58":"pa_dato-6058","59":"pa_dato-6023","60":"pa_dato-5926","61":"pa_dato-5930","62":"pa_dato-5883","63":"pa_dato-5888","64":"pa_dato-5924","65":"pa_dato-5938","66":"pa_dato-6456","67":"pa_dato-6483","68":"pa_dato-6296","69":"pa_dato-6316","70":"pa_dato-6395","71":"pa_dato-6273","72":"pa_tidspunkt-40","73":"pa_tidspunkt-314","74":"pa_tidspunkt-308","75":"pa_tidspunkt-61","76":"tour_location-ilulissat-da","77":"tour_type-hvalsafari","78":"tour_tickettype-arctic_excursions","79":"tour_operator-authentic-greenland","81":"first","82":"instock","83":"shipping-taxable","84":"purchasable","85":"product-type-variable"},"acf":[],"yoast_head":"<!-- This site is optimized with the Yoast SEO plugin v23.6 - https:\/\/yoast.com\/wordpress\/plugins\/seo\/ -->\n<title>Arctic Excursions<\/title>\n<meta name=\"robots\" content=\"index, follow, max-snippet:-1, max-image-preview:large, max-video-preview:-1\" \/>\n<link rel=\"canonical\" href=\"https:\/\/arcticexcursions.com\/udflugter\/whale-safari-3\/\" \/>\n<meta property=\"og:locale\" content=\"da_DK\" \/>\n<meta property=\"og:type\" content=\"article\" \/>\n<meta property=\"og:title\" content=\"Hvalsafari - Arctic Excursions\" \/>\n<meta property=\"og:description\" content=\"Oplev en sp\u00e6ndende hvalsafari i Ilulissat.\" \/>\n<meta property=\"og:url\" content=\"https:\/\/arcticexcursions.com\/udflugter\/whale-safari-3\/\" \/>\n<meta property=\"og:site_name\" content=\"Arctic Excursions\" \/>\n<meta property=\"article:modified_time\" content=\"2026-03-20T20:32:56+00:00\" \/>\n<meta property=\"og:image\" content=\"https:\/\/arcticexcursions.com\/wp-content\/uploads\/2023\/02\/C2D8619B-4669-4391-92FD-AD8DCF7F1443.jpeg\" \/>\n\t<meta property=\"og:image:width\" content=\"1704\" \/>\n\t<meta property=\"og:image:height\" content=\"1704\" \/>\n\t<meta property=\"og:image:type\" content=\"image\/jpeg\" \/>\n<meta name=\"twitter:card\" content=\"summary_large_image\" \/>\n<meta name=\"twitter:label1\" content=\"Estimeret l\u00e6setid\" \/>\n\t<meta name=\"twitter:data1\" content=\"1 minut\" \/>\n<script type=\"application\/ld+json\" class=\"yoast-schema-graph\">{\"@context\":\"https:\/\/schema.org\",\"@graph\":[{\"@type\":\"WebPage\",\"@id\":\"https:\/\/arcticexcursions.com\/udflugter\/whale-safari-3\/\",\"url\":\"https:\/\/arcticexcursions.com\/udflugter\/whale-safari-3\/\",\"name\":\"Hvalsafari - Arctic Excursions\",\"isPartOf\":{\"@id\":\"https:\/\/arcticexcursions.com\/#website\"},\"primaryImageOfPage\":{\"@id\":\"https:\/\/arcticexcursions.com\/udflugter\/whale-safari-3\/#primaryimage\"},\"image\":{\"@id\":\"https:\/\/arcticexcursions.com\/udflugter\/whale-safari-3\/#primaryimage\"},\"thumbnailUrl\":\"https:\/\/arcticexcursions.com\/wp-content\/uploads\/2023\/02\/C2D8619B-4669-4391-92FD-AD8DCF7F1443.jpeg\",\"datePublished\":\"2023-06-27T12:13:13+00:00\",\"dateModified\":\"2026-03-20T20:32:56+00:00\",\"breadcrumb\":{\"@id\":\"https:\/\/arcticexcursions.com\/udflugter\/whale-safari-3\/#breadcrumb\"},\"inLanguage\":\"da-DK\",\"potentialAction\":[{\"@type\":\"ReadAction\",\"target\":[\"https:\/\/arcticexcursions.com\/udflugter\/whale-safari-3\/\"]}]},{\"@type\":\"ImageObject\",\"inLanguage\":\"da-DK\",\"@id\":\"https:\/\/arcticexcursions.com\/udflugter\/whale-safari-3\/#primaryimage\",\"url\":\"https:\/\/arcticexcursions.com\/wp-content\/uploads\/2023\/02\/C2D8619B-4669-4391-92FD-AD8DCF7F1443.jpeg\",\"contentUrl\":\"https:\/\/arcticexcursions.com\/wp-content\/uploads\/2023\/02\/C2D8619B-4669-4391-92FD-AD8DCF7F1443.jpeg\",\"width\":1704,\"height\":1704},{\"@type\":\"BreadcrumbList\",\"@id\":\"https:\/\/arcticexcursions.com\/udflugter\/whale-safari-3\/#breadcrumb\",\"itemListElement\":[{\"@type\":\"ListItem\",\"position\":1,\"name\":\"Home\",\"item\":\"https:\/\/arcticexcursions.com\/da\/\"},{\"@type\":\"ListItem\",\"position\":2,\"name\":\"Udflugter i Gr\u00f8nland\",\"item\":\"https:\/\/arcticexcursions.com\/da\/udflugter\/\"},{\"@type\":\"ListItem\",\"position\":3,\"name\":\"Hvalsafari\"}]},{\"@type\":\"WebSite\",\"@id\":\"https:\/\/arcticexcursions.com\/#website\",\"url\":\"https:\/\/arcticexcursions.com\/\",\"name\":\"Arctic Excursions\",\"description\":\"New adventures. Every day.\",\"publisher\":{\"@id\":\"https:\/\/arcticexcursions.com\/#organization\"},\"potentialAction\":[{\"@type\":\"SearchAction\",\"target\":{\"@type\":\"EntryPoint\",\"urlTemplate\":\"https:\/\/arcticexcursions.com\/?s={search_term_string}\"},\"query-input\":{\"@type\":\"PropertyValueSpecification\",\"valueRequired\":true,\"valueName\":\"search_term_string\"}}],\"inLanguage\":\"da-DK\"},{\"@type\":\"Organization\",\"@id\":\"https:\/\/arcticexcursions.com\/#organization\",\"name\":\"Arctic Excursions\",\"url\":\"https:\/\/arcticexcursions.com\/\",\"logo\":{\"@type\":\"ImageObject\",\"inLanguage\":\"da-DK\",\"@id\":\"https:\/\/arcticexcursions.com\/#\/schema\/logo\/image\/\",\"url\":\"https:\/\/arcticexcursions.com\/wp-content\/uploads\/2022\/11\/fb-logo.png\",\"contentUrl\":\"https:\/\/arcticexcursions.com\/wp-content\/uploads\/2022\/11\/fb-logo.png\",\"width\":523,\"height\":523,\"caption\":\"Arctic Excursions\"},\"image\":{\"@id\":\"https:\/\/arcticexcursions.com\/#\/schema\/logo\/image\/\"}}]}<\/script>\n<!-- \/ Yoast SEO plugin. -->","yoast_head_json":{"title":"Arctic Excursions","robots":{"index":"index","follow":"follow","max-snippet":"max-snippet:-1","max-image-preview":"max-image-preview:large","max-video-preview":"max-video-preview:-1"},"canonical":"https:\/\/arcticexcursions.com\/udflugter\/whale-safari-3\/","og_locale":"da_DK","og_type":"article","og_title":"Hvalsafari - Arctic Excursions","og_description":"Oplev en sp\u00e6ndende hvalsafari i Ilulissat.","og_url":"https:\/\/arcticexcursions.com\/udflugter\/whale-safari-3\/","og_site_name":"Arctic Excursions","article_modified_time":"2026-03-20T20:32:56+00:00","og_image":[{"width":1704,"height":1704,"url":"https:\/\/arcticexcursions.com\/wp-content\/uploads\/2023\/02\/C2D8619B-4669-4391-92FD-AD8DCF7F1443.jpeg","type":"image\/jpeg"}],"twitter_card":"summary_large_image","twitter_misc":{"Estimeret l\u00e6setid":"1 minut"},"schema":{"@context":"https:\/\/schema.org","@graph":[{"@type":"WebPage","@id":"https:\/\/arcticexcursions.com\/udflugter\/whale-safari-3\/","url":"https:\/\/arcticexcursions.com\/udflugter\/whale-safari-3\/","name":"Hvalsafari - Arctic Excursions","isPartOf":{"@id":"https:\/\/arcticexcursions.com\/#website"},"primaryImageOfPage":{"@id":"https:\/\/arcticexcursions.com\/udflugter\/whale-safari-3\/#primaryimage"},"image":{"@id":"https:\/\/arcticexcursions.com\/udflugter\/whale-safari-3\/#primaryimage"},"thumbnailUrl":"https:\/\/arcticexcursions.com\/wp-content\/uploads\/2023\/02\/C2D8619B-4669-4391-92FD-AD8DCF7F1443.jpeg","datePublished":"2023-06-27T12:13:13+00:00","dateModified":"2026-03-20T20:32:56+00:00","breadcrumb":{"@id":"https:\/\/arcticexcursions.com\/udflugter\/whale-safari-3\/#breadcrumb"},"inLanguage":"da-DK","potentialAction":[{"@type":"ReadAction","target":["https:\/\/arcticexcursions.com\/udflugter\/whale-safari-3\/"]}]},{"@type":"ImageObject","inLanguage":"da-DK","@id":"https:\/\/arcticexcursions.com\/udflugter\/whale-safari-3\/#primaryimage","url":"https:\/\/arcticexcursions.com\/wp-content\/uploads\/2023\/02\/C2D8619B-4669-4391-92FD-AD8DCF7F1443.jpeg","contentUrl":"https:\/\/arcticexcursions.com\/wp-content\/uploads\/2023\/02\/C2D8619B-4669-4391-92FD-AD8DCF7F1443.jpeg","width":1704,"height":1704},{"@type":"BreadcrumbList","@id":"https:\/\/arcticexcursions.com\/udflugter\/whale-safari-3\/#breadcrumb","itemListElement":[{"@type":"ListItem","position":1,"name":"Home","item":"https:\/\/arcticexcursions.com\/da\/"},{"@type":"ListItem","position":2,"name":"Udflugter i Gr\u00f8nland","item":"https:\/\/arcticexcursions.com\/da\/udflugter\/"},{"@type":"ListItem","position":3,"name":"Hvalsafari"}]},{"@type":"WebSite","@id":"https:\/\/arcticexcursions.com\/#website","url":"https:\/\/arcticexcursions.com\/","name":"Arctic Excursions","description":"New adventures. Every day.","publisher":{"@id":"https:\/\/arcticexcursions.com\/#organization"},"potentialAction":[{"@type":"SearchAction","target":{"@type":"EntryPoint","urlTemplate":"https:\/\/arcticexcursions.com\/?s={search_term_string}"},"query-input":{"@type":"PropertyValueSpecification","valueRequired":true,"valueName":"search_term_string"}}],"inLanguage":"da-DK"},{"@type":"Organization","@id":"https:\/\/arcticexcursions.com\/#organization","name":"Arctic Excursions","url":"https:\/\/arcticexcursions.com\/","logo":{"@type":"ImageObject","inLanguage":"da-DK","@id":"https:\/\/arcticexcursions.com\/#\/schema\/logo\/image\/","url":"https:\/\/arcticexcursions.com\/wp-content\/uploads\/2022\/11\/fb-logo.png","contentUrl":"https:\/\/arcticexcursions.com\/wp-content\/uploads\/2022\/11\/fb-logo.png","width":523,"height":523,"caption":"Arctic Excursions"},"image":{"@id":"https:\/\/arcticexcursions.com\/#\/schema\/logo\/image\/"}}]}},"_links":{"self":[{"href":"https:\/\/arcticexcursions.com\/da\/wp-json\/wp\/v2\/product\/17600"}],"collection":[{"href":"https:\/\/arcticexcursions.com\/da\/wp-json\/wp\/v2\/product"}],"about":[{"href":"https:\/\/arcticexcursions.com\/da\/wp-json\/wp\/v2\/types\/product"}],"replies":[{"embeddable":true,"href":"https:\/\/arcticexcursions.com\/da\/wp-json\/wp\/v2\/comments?post=17600"}],"wp:featuredmedia":[{"embeddable":true,"href":"https:\/\/arcticexcursions.com\/da\/wp-json\/wp\/v2\/media\/9716"}],"wp:attachment":[{"href":"https:\/\/arcticexcursions.com\/da\/wp-json\/wp\/v2\/media?parent=17600"}],"wp:term":[{"taxonomy":"product_brand","embeddable":true,"href":"https:\/\/arcticexcursions.com\/da\/wp-json\/wp\/v2\/product_brand?post=17600"},{"taxonomy":"product_cat","embeddable":true,"href":"https:\/\/arcticexcursions.com\/da\/wp-json\/wp\/v2\/product_cat?post=17600"},{"taxonomy":"product_tag","embeddable":true,"href":"https:\/\/arcticexcursions.com\/da\/wp-json\/wp\/v2\/product_tag?post=17600"}],"curies":[{"name":"wp","href":"https:\/\/api.w.org\/{rel}","templated":true}]}}