{"id":17713,"date":"2023-07-04T15:29:43","date_gmt":"2023-07-04T13:29:43","guid":{"rendered":"https:\/\/arcticexcursions.com\/?post_type=product&#038;p=17713"},"modified":"2026-03-26T18:12:03","modified_gmt":"2026-03-26T16:12:03","slug":"qooqqut-nuan-fish-dish","status":"publish","type":"product","link":"https:\/\/arcticexcursions.com\/da\/udflugter\/qooqqut-nuan-fish-dish\/","title":{"rendered":"Qooqqut Nuan &#8211; Fish &#038; Dish"},"content":{"rendered":"<p>Vi sejler med en lukket b\u00e5d, og selve sejlturen er en oplevelse i sig selv!<br \/>\nVi sejler i ca. 1 time, og s\u00e5 fisker vi efter r\u00f8dfisk og torsk. Herefter sejler vi videre ind til Qooqqut Nuan, s\u00e5 I kan f\u00e5 tilberedt jeres friske fangst og f\u00e5 smagt nogle l\u00e6kre retter. <\/p>\n<p>Sejlturen til og fra Qooqut, fiskeri er inkluderet (spisning i restauranten er ikke inkluderet, og drikkevarer er ikke inkluderet) <\/p>\n<p><b>Varighed:<\/b> Omkring 6 timer. <\/p>\n<p><b>Sprog:<\/b> Guiden\/kaptajnen taler dansk, engelsk og gr\u00f8nlandsk <\/p>\n<p><b>B\u00e5dtype:<\/b> Lukket b\u00e5d <\/p>\n<p><b>Toiletforhold:<\/b> Der er toilet p\u00e5 b\u00e5den <\/p>\n<p><b>Forplejning:<\/b> Kaffe og te serveres p\u00e5 b\u00e5den <\/p>\n<p><b>Anbefalet p\u00e5kl\u00e6dning:<\/b> Varmt t\u00f8j inkl. hue og handsker hele \u00e5ret. Solbriller. Solcreme om sommeren. <\/p>\n<p><b>Deltagere:<\/b> Bem\u00e6rk venligst, at udflugten kun finder sted, hvis der er bestilt mindst 4 billetter i alt. Hvis du f.eks. bestiller 2 billetter, skal der s\u00e6lges mindst 2 ekstra billetter til andre kunder, for at turen kan gennemf\u00f8res. H\u00f8jst 8 personer kan deltage.<\/p>\n","protected":false},"excerpt":{"rendered":"<p>Oplev den fantastiske natur i Nuuks fjord<\/p>\n","protected":false},"featured_media":17700,"comment_status":"open","ping_status":"closed","template":"","meta":{"_acf_changed":false},"product_brand":[],"product_cat":[170],"product_tag":[],"class_list":{"0":"post-17713","1":"product","2":"type-product","3":"status-publish","4":"has-post-thumbnail","6":"product_cat-udflugt","7":"pa_dato-587","8":"pa_dato-588","9":"pa_dato-589","10":"pa_dato-590","11":"pa_dato-687","12":"pa_dato-735","13":"pa_dato-591","14":"pa_dato-592","15":"pa_dato-593","16":"pa_dato-594","17":"pa_dato-595","18":"pa_dato-694","19":"pa_dato-736","20":"pa_dato-510","21":"pa_dato-513","22":"pa_dato-511","23":"pa_dato-512","24":"pa_dato-695","25":"pa_dato-737","26":"pa_dato-598","27":"pa_dato-599","28":"pa_dato-600","29":"pa_dato-739","30":"pa_dato-740","31":"pa_dato-738","32":"pa_dato-602","33":"pa_dato-603","34":"pa_dato-604","35":"pa_dato-979","36":"pa_dato-1063","37":"pa_dato-1064","38":"pa_dato-1065","39":"pa_dato-1066","40":"pa_dato-901","41":"pa_dato-898","42":"pa_dato-1067","43":"pa_dato-912","44":"pa_dato-1125","45":"pa_dato-1126","46":"pa_dato-1127","47":"pa_dato-902","48":"pa_dato-1173","49":"pa_dato-1174","50":"pa_dato-963","51":"pa_dato-1128","52":"pa_dato-1129","53":"pa_dato-1130","54":"pa_dato-1141","55":"pa_dato-1023","56":"pa_dato-1024","57":"pa_dato-966","58":"pa_dato-1025","59":"pa_dato-1026","60":"pa_dato-1027","61":"pa_dato-1028","62":"pa_dato-1029","63":"pa_dato-1030","64":"pa_dato-1033","65":"pa_dato-6083","66":"pa_dato-6029","67":"pa_dato-5917","68":"pa_dato-5919","69":"pa_dato-5934","70":"pa_dato-6071","71":"pa_dato-5999","72":"pa_dato-6005","73":"pa_dato-6056","74":"pa_dato-5892","75":"pa_dato-5951","76":"pa_dato-5879","77":"pa_dato-5948","78":"pa_dato-5949","79":"pa_dato-5966","80":"pa_dato-5882","81":"pa_dato-5953","82":"pa_dato-5965","83":"pa_dato-5975","84":"pa_dato-5976","85":"pa_dato-6021","86":"pa_dato-6046","87":"pa_dato-6087","88":"pa_dato-5954","89":"pa_dato-5880","90":"pa_dato-6022","91":"pa_dato-6058","92":"pa_dato-6059","93":"pa_dato-5937","94":"pa_dato-6067","95":"pa_dato-6023","96":"pa_dato-6024","97":"pa_dato-5931","98":"pa_dato-5926","99":"pa_dato-6006","100":"pa_dato-5955","101":"pa_dato-5930","102":"pa_dato-6025","103":"pa_dato-5929","104":"pa_dato-5928","105":"pa_dato-5888","106":"pa_dato-5988","107":"pa_dato-5946","108":"pa_dato-5889","109":"pa_dato-5958","110":"pa_dato-5963","111":"pa_dato-5956","112":"pa_dato-5980","113":"pa_dato-6060","114":"pa_dato-6429","115":"pa_dato-6409","116":"pa_dato-6244","117":"pa_tidspunkt-40","118":"pa_tidspunkt-304","119":"pa_tidspunkt-60","120":"pa_tidspunkt-426","121":"pa_tidspunkt-57","122":"tour_location-nuuk-da","123":"tour_type-baadture","124":"tour_tickettype-arctic_excursions","125":"tour_operator-greenland-arctic-xplorers","127":"first","128":"instock","129":"shipping-taxable","130":"purchasable","131":"product-type-variable"},"acf":[],"yoast_head":"<!-- This site is optimized with the Yoast SEO plugin v23.6 - https:\/\/yoast.com\/wordpress\/plugins\/seo\/ -->\n<title>Arctic Excursions<\/title>\n<meta name=\"robots\" content=\"index, follow, max-snippet:-1, max-image-preview:large, max-video-preview:-1\" \/>\n<link rel=\"canonical\" href=\"https:\/\/arcticexcursions.com\/da\/udflugter\/qooqqut-nuan-fish-dish\/\" \/>\n<meta property=\"og:locale\" content=\"da_DK\" \/>\n<meta property=\"og:type\" content=\"article\" \/>\n<meta property=\"og:title\" content=\"Qooqqut Nuan - Fish &amp; Dish - Arctic Excursions\" \/>\n<meta property=\"og:description\" content=\"Oplev den fantastiske natur i Nuuks fjord\" \/>\n<meta property=\"og:url\" content=\"https:\/\/arcticexcursions.com\/da\/udflugter\/qooqqut-nuan-fish-dish\/\" \/>\n<meta property=\"og:site_name\" content=\"Arctic Excursions\" \/>\n<meta property=\"article:modified_time\" content=\"2026-03-26T16:12:03+00:00\" \/>\n<meta property=\"og:image\" content=\"https:\/\/arcticexcursions.com\/wp-content\/uploads\/2023\/07\/Baden-taet-pa-scaled.jpg\" \/>\n\t<meta property=\"og:image:width\" content=\"1920\" \/>\n\t<meta property=\"og:image:height\" content=\"2560\" \/>\n\t<meta property=\"og:image:type\" content=\"image\/jpeg\" \/>\n<meta name=\"twitter:card\" content=\"summary_large_image\" \/>\n<meta name=\"twitter:label1\" content=\"Estimeret l\u00e6setid\" \/>\n\t<meta name=\"twitter:data1\" content=\"1 minut\" \/>\n<script type=\"application\/ld+json\" class=\"yoast-schema-graph\">{\"@context\":\"https:\/\/schema.org\",\"@graph\":[{\"@type\":\"WebPage\",\"@id\":\"https:\/\/arcticexcursions.com\/da\/udflugter\/qooqqut-nuan-fish-dish\/\",\"url\":\"https:\/\/arcticexcursions.com\/da\/udflugter\/qooqqut-nuan-fish-dish\/\",\"name\":\"Qooqqut Nuan - Fish & Dish - Arctic Excursions\",\"isPartOf\":{\"@id\":\"https:\/\/arcticexcursions.com\/#website\"},\"primaryImageOfPage\":{\"@id\":\"https:\/\/arcticexcursions.com\/da\/udflugter\/qooqqut-nuan-fish-dish\/#primaryimage\"},\"image\":{\"@id\":\"https:\/\/arcticexcursions.com\/da\/udflugter\/qooqqut-nuan-fish-dish\/#primaryimage\"},\"thumbnailUrl\":\"https:\/\/arcticexcursions.com\/wp-content\/uploads\/2023\/07\/Baden-taet-pa-scaled.jpg\",\"datePublished\":\"2023-07-04T13:29:43+00:00\",\"dateModified\":\"2026-03-26T16:12:03+00:00\",\"breadcrumb\":{\"@id\":\"https:\/\/arcticexcursions.com\/da\/udflugter\/qooqqut-nuan-fish-dish\/#breadcrumb\"},\"inLanguage\":\"da-DK\",\"potentialAction\":[{\"@type\":\"ReadAction\",\"target\":[\"https:\/\/arcticexcursions.com\/da\/udflugter\/qooqqut-nuan-fish-dish\/\"]}]},{\"@type\":\"ImageObject\",\"inLanguage\":\"da-DK\",\"@id\":\"https:\/\/arcticexcursions.com\/da\/udflugter\/qooqqut-nuan-fish-dish\/#primaryimage\",\"url\":\"https:\/\/arcticexcursions.com\/wp-content\/uploads\/2023\/07\/Baden-taet-pa-scaled.jpg\",\"contentUrl\":\"https:\/\/arcticexcursions.com\/wp-content\/uploads\/2023\/07\/Baden-taet-pa-scaled.jpg\",\"width\":1920,\"height\":2560},{\"@type\":\"BreadcrumbList\",\"@id\":\"https:\/\/arcticexcursions.com\/da\/udflugter\/qooqqut-nuan-fish-dish\/#breadcrumb\",\"itemListElement\":[{\"@type\":\"ListItem\",\"position\":1,\"name\":\"Home\",\"item\":\"https:\/\/arcticexcursions.com\/da\/\"},{\"@type\":\"ListItem\",\"position\":2,\"name\":\"Udflugter i Gr\u00f8nland\",\"item\":\"https:\/\/arcticexcursions.com\/da\/udflugter\/\"},{\"@type\":\"ListItem\",\"position\":3,\"name\":\"Qooqqut Nuan &#8211; Fish &#038; Dish\"}]},{\"@type\":\"WebSite\",\"@id\":\"https:\/\/arcticexcursions.com\/#website\",\"url\":\"https:\/\/arcticexcursions.com\/\",\"name\":\"Arctic Excursions\",\"description\":\"New adventures. Every day.\",\"publisher\":{\"@id\":\"https:\/\/arcticexcursions.com\/#organization\"},\"potentialAction\":[{\"@type\":\"SearchAction\",\"target\":{\"@type\":\"EntryPoint\",\"urlTemplate\":\"https:\/\/arcticexcursions.com\/?s={search_term_string}\"},\"query-input\":{\"@type\":\"PropertyValueSpecification\",\"valueRequired\":true,\"valueName\":\"search_term_string\"}}],\"inLanguage\":\"da-DK\"},{\"@type\":\"Organization\",\"@id\":\"https:\/\/arcticexcursions.com\/#organization\",\"name\":\"Arctic Excursions\",\"url\":\"https:\/\/arcticexcursions.com\/\",\"logo\":{\"@type\":\"ImageObject\",\"inLanguage\":\"da-DK\",\"@id\":\"https:\/\/arcticexcursions.com\/#\/schema\/logo\/image\/\",\"url\":\"https:\/\/arcticexcursions.com\/wp-content\/uploads\/2022\/11\/fb-logo.png\",\"contentUrl\":\"https:\/\/arcticexcursions.com\/wp-content\/uploads\/2022\/11\/fb-logo.png\",\"width\":523,\"height\":523,\"caption\":\"Arctic Excursions\"},\"image\":{\"@id\":\"https:\/\/arcticexcursions.com\/#\/schema\/logo\/image\/\"}}]}<\/script>\n<!-- \/ Yoast SEO plugin. -->","yoast_head_json":{"title":"Arctic Excursions","robots":{"index":"index","follow":"follow","max-snippet":"max-snippet:-1","max-image-preview":"max-image-preview:large","max-video-preview":"max-video-preview:-1"},"canonical":"https:\/\/arcticexcursions.com\/da\/udflugter\/qooqqut-nuan-fish-dish\/","og_locale":"da_DK","og_type":"article","og_title":"Qooqqut Nuan - Fish & Dish - Arctic Excursions","og_description":"Oplev den fantastiske natur i Nuuks fjord","og_url":"https:\/\/arcticexcursions.com\/da\/udflugter\/qooqqut-nuan-fish-dish\/","og_site_name":"Arctic Excursions","article_modified_time":"2026-03-26T16:12:03+00:00","og_image":[{"width":1920,"height":2560,"url":"https:\/\/arcticexcursions.com\/wp-content\/uploads\/2023\/07\/Baden-taet-pa-scaled.jpg","type":"image\/jpeg"}],"twitter_card":"summary_large_image","twitter_misc":{"Estimeret l\u00e6setid":"1 minut"},"schema":{"@context":"https:\/\/schema.org","@graph":[{"@type":"WebPage","@id":"https:\/\/arcticexcursions.com\/da\/udflugter\/qooqqut-nuan-fish-dish\/","url":"https:\/\/arcticexcursions.com\/da\/udflugter\/qooqqut-nuan-fish-dish\/","name":"Qooqqut Nuan - Fish & Dish - Arctic Excursions","isPartOf":{"@id":"https:\/\/arcticexcursions.com\/#website"},"primaryImageOfPage":{"@id":"https:\/\/arcticexcursions.com\/da\/udflugter\/qooqqut-nuan-fish-dish\/#primaryimage"},"image":{"@id":"https:\/\/arcticexcursions.com\/da\/udflugter\/qooqqut-nuan-fish-dish\/#primaryimage"},"thumbnailUrl":"https:\/\/arcticexcursions.com\/wp-content\/uploads\/2023\/07\/Baden-taet-pa-scaled.jpg","datePublished":"2023-07-04T13:29:43+00:00","dateModified":"2026-03-26T16:12:03+00:00","breadcrumb":{"@id":"https:\/\/arcticexcursions.com\/da\/udflugter\/qooqqut-nuan-fish-dish\/#breadcrumb"},"inLanguage":"da-DK","potentialAction":[{"@type":"ReadAction","target":["https:\/\/arcticexcursions.com\/da\/udflugter\/qooqqut-nuan-fish-dish\/"]}]},{"@type":"ImageObject","inLanguage":"da-DK","@id":"https:\/\/arcticexcursions.com\/da\/udflugter\/qooqqut-nuan-fish-dish\/#primaryimage","url":"https:\/\/arcticexcursions.com\/wp-content\/uploads\/2023\/07\/Baden-taet-pa-scaled.jpg","contentUrl":"https:\/\/arcticexcursions.com\/wp-content\/uploads\/2023\/07\/Baden-taet-pa-scaled.jpg","width":1920,"height":2560},{"@type":"BreadcrumbList","@id":"https:\/\/arcticexcursions.com\/da\/udflugter\/qooqqut-nuan-fish-dish\/#breadcrumb","itemListElement":[{"@type":"ListItem","position":1,"name":"Home","item":"https:\/\/arcticexcursions.com\/da\/"},{"@type":"ListItem","position":2,"name":"Udflugter i Gr\u00f8nland","item":"https:\/\/arcticexcursions.com\/da\/udflugter\/"},{"@type":"ListItem","position":3,"name":"Qooqqut Nuan &#8211; Fish &#038; Dish"}]},{"@type":"WebSite","@id":"https:\/\/arcticexcursions.com\/#website","url":"https:\/\/arcticexcursions.com\/","name":"Arctic Excursions","description":"New adventures. Every day.","publisher":{"@id":"https:\/\/arcticexcursions.com\/#organization"},"potentialAction":[{"@type":"SearchAction","target":{"@type":"EntryPoint","urlTemplate":"https:\/\/arcticexcursions.com\/?s={search_term_string}"},"query-input":{"@type":"PropertyValueSpecification","valueRequired":true,"valueName":"search_term_string"}}],"inLanguage":"da-DK"},{"@type":"Organization","@id":"https:\/\/arcticexcursions.com\/#organization","name":"Arctic Excursions","url":"https:\/\/arcticexcursions.com\/","logo":{"@type":"ImageObject","inLanguage":"da-DK","@id":"https:\/\/arcticexcursions.com\/#\/schema\/logo\/image\/","url":"https:\/\/arcticexcursions.com\/wp-content\/uploads\/2022\/11\/fb-logo.png","contentUrl":"https:\/\/arcticexcursions.com\/wp-content\/uploads\/2022\/11\/fb-logo.png","width":523,"height":523,"caption":"Arctic Excursions"},"image":{"@id":"https:\/\/arcticexcursions.com\/#\/schema\/logo\/image\/"}}]}},"_links":{"self":[{"href":"https:\/\/arcticexcursions.com\/da\/wp-json\/wp\/v2\/product\/17713"}],"collection":[{"href":"https:\/\/arcticexcursions.com\/da\/wp-json\/wp\/v2\/product"}],"about":[{"href":"https:\/\/arcticexcursions.com\/da\/wp-json\/wp\/v2\/types\/product"}],"replies":[{"embeddable":true,"href":"https:\/\/arcticexcursions.com\/da\/wp-json\/wp\/v2\/comments?post=17713"}],"wp:featuredmedia":[{"embeddable":true,"href":"https:\/\/arcticexcursions.com\/da\/wp-json\/wp\/v2\/media\/17700"}],"wp:attachment":[{"href":"https:\/\/arcticexcursions.com\/da\/wp-json\/wp\/v2\/media?parent=17713"}],"wp:term":[{"taxonomy":"product_brand","embeddable":true,"href":"https:\/\/arcticexcursions.com\/da\/wp-json\/wp\/v2\/product_brand?post=17713"},{"taxonomy":"product_cat","embeddable":true,"href":"https:\/\/arcticexcursions.com\/da\/wp-json\/wp\/v2\/product_cat?post=17713"},{"taxonomy":"product_tag","embeddable":true,"href":"https:\/\/arcticexcursions.com\/da\/wp-json\/wp\/v2\/product_tag?post=17713"}],"curies":[{"name":"wp","href":"https:\/\/api.w.org\/{rel}","templated":true}]}}