{"id":17863,"date":"2023-07-04T20:01:55","date_gmt":"2023-07-04T18:01:55","guid":{"rendered":"https:\/\/arcticexcursions.com\/?post_type=product&#038;p=17863"},"modified":"2025-05-01T19:32:52","modified_gmt":"2025-05-01T17:32:52","slug":"kaffemik","status":"publish","type":"product","link":"https:\/\/arcticexcursions.com\/da\/udflugter\/kaffemik\/","title":{"rendered":"Kaffemik i Ilulissat"},"content":{"rendered":"<p>Til kaffemik hos os kan du fordybe dig i den hyggelige atmosf\u00e6re i vores eget hjem, samtidig med at du oplever smagene og den kulturelle rigdom i Gr\u00f8nland.<\/p>\n<p>Under denne tur vil du blive fork\u00e6let med kaffe, te og kager, ledsaget af traditionelt gr\u00f8nlandsk proviant. Mens du nyder mad og drikke vil vi dele indsigter om den gr\u00f8nlandske kultur. Du vil f\u00e5 muligheden for, at se den gr\u00f8nlandske nationaldragt og l\u00e6re om den historiske betydning. Vi vil give information om dragtens elementer, symbolik og unikke tr\u00e6k, og berige din forst\u00e5else af den gr\u00f8nlandske kulturarv.<\/p>\n<p>Vores m\u00e5l at give dig en dybere forst\u00e5else af vores kultur. Mens du deltager i samtaler og fordyber dig i den varme og indbydende atmosf\u00e6re i vores hjem, vil du f\u00e5 indblik i den gr\u00f8nlandske livsstil og traditioner. <\/p>\n<p>Du kan gl\u00e6de dig til en oplevelse, hvor du smager p\u00e5 smagene, deltager i kulturelle udvekslinger og udvider din viden om Gr\u00f8nland. Vi kan ikke vente med at byde dig velkommen til vores Kaffemik, hvor du vil nyde en mindev\u00e6rdig oplevelse i hjertet af vores kultur.<\/p>\n<p><b>Turen inkluderer:<\/b><br \/>\n&#8211; En lokal guide<br \/>\n&#8211; Gr\u00f8nlandsk kage samt et stykke kage efter eget valg<br \/>\n&#8211; Smagspr\u00f8ver p\u00e5 gr\u00f8nlandsk proviant<br \/>\n&#8211; Te\/kaffe<\/p>\n","protected":false},"excerpt":{"rendered":"<p>Oplev varmen i gr\u00f8nlandsk g\u00e6stfrihed p\u00e5 vores Kaffemik Tur.  Nyd kaffe\/te, fork\u00e6l dig selv med l\u00e6kre kager og fordyb dig i kulturelle samtaler, alt sammen inden for rammerne af vores hyggelige hjem. Opdag smagene og traditionerne, der definerer Gr\u00f8nland, samtidig med at du skaber dyrebare minder.<\/p>\n","protected":false},"featured_media":19017,"comment_status":"open","ping_status":"closed","template":"","meta":{"_acf_changed":false},"product_brand":[],"product_cat":[170],"product_tag":[],"class_list":{"0":"post-17863","1":"product","2":"type-product","3":"status-publish","4":"has-post-thumbnail","6":"product_cat-udflugt","7":"pa_dato-687","8":"pa_dato-694","9":"pa_dato-695","10":"pa_dato-740","11":"pa_dato-743","12":"pa_dato-744","13":"pa_dato-745","14":"pa_dato-746","15":"pa_dato-747","16":"pa_dato-846","17":"pa_dato-772","18":"pa_dato-847","19":"pa_dato-775","20":"pa_dato-850","21":"pa_dato-778","22":"pa_dato-851","23":"pa_dato-780","24":"pa_dato-852","25":"pa_dato-854","26":"pa_dato-870","27":"pa_dato-884","28":"pa_dato-858","29":"pa_dato-860","30":"pa_dato-889","31":"pa_dato-879","32":"pa_dato-1079","33":"pa_dato-895","34":"pa_dato-1043","35":"pa_dato-899","36":"pa_dato-6034","37":"pa_tidspunkt-314","38":"pa_tidspunkt-308","39":"pa_tidspunkt-57","40":"tour_location-ilulissat-da","41":"tour_type-kultur","42":"tour_tickettype-arctic_excursions","43":"tour_operator-kaffemik-by-qimussi","45":"first","46":"outofstock","47":"shipping-taxable","48":"product-type-variable"},"acf":[],"yoast_head":"<!-- This site is optimized with the Yoast SEO plugin v23.6 - https:\/\/yoast.com\/wordpress\/plugins\/seo\/ -->\n<title>Arctic Excursions<\/title>\n<meta name=\"robots\" content=\"index, follow, max-snippet:-1, max-image-preview:large, max-video-preview:-1\" \/>\n<link rel=\"canonical\" href=\"https:\/\/arcticexcursions.com\/udflugter\/kaffemik\/\" \/>\n<meta property=\"og:locale\" content=\"da_DK\" \/>\n<meta property=\"og:type\" content=\"article\" \/>\n<meta property=\"og:title\" content=\"Kaffemik i Ilulissat - Arctic Excursions\" \/>\n<meta property=\"og:description\" content=\"Oplev varmen i gr\u00f8nlandsk g\u00e6stfrihed p\u00e5 vores Kaffemik Tur. Nyd kaffe\/te, fork\u00e6l dig selv med l\u00e6kre kager og fordyb dig i kulturelle samtaler, alt sammen inden for rammerne af vores hyggelige hjem. Opdag smagene og traditionerne, der definerer Gr\u00f8nland, samtidig med at du skaber dyrebare minder.\" \/>\n<meta property=\"og:url\" content=\"https:\/\/arcticexcursions.com\/udflugter\/kaffemik\/\" \/>\n<meta property=\"og:site_name\" content=\"Arctic Excursions\" \/>\n<meta property=\"article:modified_time\" content=\"2025-05-01T17:32:52+00:00\" \/>\n<meta property=\"og:image\" content=\"https:\/\/arcticexcursions.com\/wp-content\/uploads\/2023\/07\/Billede1.png\" \/>\n\t<meta property=\"og:image:width\" content=\"643\" \/>\n\t<meta property=\"og:image:height\" content=\"428\" \/>\n\t<meta property=\"og:image:type\" content=\"image\/png\" \/>\n<meta name=\"twitter:card\" content=\"summary_large_image\" \/>\n<meta name=\"twitter:label1\" content=\"Estimeret l\u00e6setid\" \/>\n\t<meta name=\"twitter:data1\" content=\"1 minut\" \/>\n<script type=\"application\/ld+json\" class=\"yoast-schema-graph\">{\"@context\":\"https:\/\/schema.org\",\"@graph\":[{\"@type\":\"WebPage\",\"@id\":\"https:\/\/arcticexcursions.com\/udflugter\/kaffemik\/\",\"url\":\"https:\/\/arcticexcursions.com\/udflugter\/kaffemik\/\",\"name\":\"Kaffemik i Ilulissat - Arctic Excursions\",\"isPartOf\":{\"@id\":\"https:\/\/arcticexcursions.com\/#website\"},\"primaryImageOfPage\":{\"@id\":\"https:\/\/arcticexcursions.com\/udflugter\/kaffemik\/#primaryimage\"},\"image\":{\"@id\":\"https:\/\/arcticexcursions.com\/udflugter\/kaffemik\/#primaryimage\"},\"thumbnailUrl\":\"https:\/\/arcticexcursions.com\/wp-content\/uploads\/2023\/07\/Billede1.png\",\"datePublished\":\"2023-07-04T18:01:55+00:00\",\"dateModified\":\"2025-05-01T17:32:52+00:00\",\"breadcrumb\":{\"@id\":\"https:\/\/arcticexcursions.com\/udflugter\/kaffemik\/#breadcrumb\"},\"inLanguage\":\"da-DK\",\"potentialAction\":[{\"@type\":\"ReadAction\",\"target\":[\"https:\/\/arcticexcursions.com\/udflugter\/kaffemik\/\"]}]},{\"@type\":\"ImageObject\",\"inLanguage\":\"da-DK\",\"@id\":\"https:\/\/arcticexcursions.com\/udflugter\/kaffemik\/#primaryimage\",\"url\":\"https:\/\/arcticexcursions.com\/wp-content\/uploads\/2023\/07\/Billede1.png\",\"contentUrl\":\"https:\/\/arcticexcursions.com\/wp-content\/uploads\/2023\/07\/Billede1.png\",\"width\":643,\"height\":428},{\"@type\":\"BreadcrumbList\",\"@id\":\"https:\/\/arcticexcursions.com\/udflugter\/kaffemik\/#breadcrumb\",\"itemListElement\":[{\"@type\":\"ListItem\",\"position\":1,\"name\":\"Home\",\"item\":\"https:\/\/arcticexcursions.com\/da\/\"},{\"@type\":\"ListItem\",\"position\":2,\"name\":\"Udflugter i Gr\u00f8nland\",\"item\":\"https:\/\/arcticexcursions.com\/da\/udflugter\/\"},{\"@type\":\"ListItem\",\"position\":3,\"name\":\"Kaffemik i Ilulissat\"}]},{\"@type\":\"WebSite\",\"@id\":\"https:\/\/arcticexcursions.com\/#website\",\"url\":\"https:\/\/arcticexcursions.com\/\",\"name\":\"Arctic Excursions\",\"description\":\"New adventures. Every day.\",\"publisher\":{\"@id\":\"https:\/\/arcticexcursions.com\/#organization\"},\"potentialAction\":[{\"@type\":\"SearchAction\",\"target\":{\"@type\":\"EntryPoint\",\"urlTemplate\":\"https:\/\/arcticexcursions.com\/?s={search_term_string}\"},\"query-input\":{\"@type\":\"PropertyValueSpecification\",\"valueRequired\":true,\"valueName\":\"search_term_string\"}}],\"inLanguage\":\"da-DK\"},{\"@type\":\"Organization\",\"@id\":\"https:\/\/arcticexcursions.com\/#organization\",\"name\":\"Arctic Excursions\",\"url\":\"https:\/\/arcticexcursions.com\/\",\"logo\":{\"@type\":\"ImageObject\",\"inLanguage\":\"da-DK\",\"@id\":\"https:\/\/arcticexcursions.com\/#\/schema\/logo\/image\/\",\"url\":\"https:\/\/arcticexcursions.com\/wp-content\/uploads\/2022\/11\/fb-logo.png\",\"contentUrl\":\"https:\/\/arcticexcursions.com\/wp-content\/uploads\/2022\/11\/fb-logo.png\",\"width\":523,\"height\":523,\"caption\":\"Arctic Excursions\"},\"image\":{\"@id\":\"https:\/\/arcticexcursions.com\/#\/schema\/logo\/image\/\"}}]}<\/script>\n<!-- \/ Yoast SEO plugin. -->","yoast_head_json":{"title":"Arctic Excursions","robots":{"index":"index","follow":"follow","max-snippet":"max-snippet:-1","max-image-preview":"max-image-preview:large","max-video-preview":"max-video-preview:-1"},"canonical":"https:\/\/arcticexcursions.com\/udflugter\/kaffemik\/","og_locale":"da_DK","og_type":"article","og_title":"Kaffemik i Ilulissat - Arctic Excursions","og_description":"Oplev varmen i gr\u00f8nlandsk g\u00e6stfrihed p\u00e5 vores Kaffemik Tur. Nyd kaffe\/te, fork\u00e6l dig selv med l\u00e6kre kager og fordyb dig i kulturelle samtaler, alt sammen inden for rammerne af vores hyggelige hjem. Opdag smagene og traditionerne, der definerer Gr\u00f8nland, samtidig med at du skaber dyrebare minder.","og_url":"https:\/\/arcticexcursions.com\/udflugter\/kaffemik\/","og_site_name":"Arctic Excursions","article_modified_time":"2025-05-01T17:32:52+00:00","og_image":[{"width":643,"height":428,"url":"https:\/\/arcticexcursions.com\/wp-content\/uploads\/2023\/07\/Billede1.png","type":"image\/png"}],"twitter_card":"summary_large_image","twitter_misc":{"Estimeret l\u00e6setid":"1 minut"},"schema":{"@context":"https:\/\/schema.org","@graph":[{"@type":"WebPage","@id":"https:\/\/arcticexcursions.com\/udflugter\/kaffemik\/","url":"https:\/\/arcticexcursions.com\/udflugter\/kaffemik\/","name":"Kaffemik i Ilulissat - Arctic Excursions","isPartOf":{"@id":"https:\/\/arcticexcursions.com\/#website"},"primaryImageOfPage":{"@id":"https:\/\/arcticexcursions.com\/udflugter\/kaffemik\/#primaryimage"},"image":{"@id":"https:\/\/arcticexcursions.com\/udflugter\/kaffemik\/#primaryimage"},"thumbnailUrl":"https:\/\/arcticexcursions.com\/wp-content\/uploads\/2023\/07\/Billede1.png","datePublished":"2023-07-04T18:01:55+00:00","dateModified":"2025-05-01T17:32:52+00:00","breadcrumb":{"@id":"https:\/\/arcticexcursions.com\/udflugter\/kaffemik\/#breadcrumb"},"inLanguage":"da-DK","potentialAction":[{"@type":"ReadAction","target":["https:\/\/arcticexcursions.com\/udflugter\/kaffemik\/"]}]},{"@type":"ImageObject","inLanguage":"da-DK","@id":"https:\/\/arcticexcursions.com\/udflugter\/kaffemik\/#primaryimage","url":"https:\/\/arcticexcursions.com\/wp-content\/uploads\/2023\/07\/Billede1.png","contentUrl":"https:\/\/arcticexcursions.com\/wp-content\/uploads\/2023\/07\/Billede1.png","width":643,"height":428},{"@type":"BreadcrumbList","@id":"https:\/\/arcticexcursions.com\/udflugter\/kaffemik\/#breadcrumb","itemListElement":[{"@type":"ListItem","position":1,"name":"Home","item":"https:\/\/arcticexcursions.com\/da\/"},{"@type":"ListItem","position":2,"name":"Udflugter i Gr\u00f8nland","item":"https:\/\/arcticexcursions.com\/da\/udflugter\/"},{"@type":"ListItem","position":3,"name":"Kaffemik i Ilulissat"}]},{"@type":"WebSite","@id":"https:\/\/arcticexcursions.com\/#website","url":"https:\/\/arcticexcursions.com\/","name":"Arctic Excursions","description":"New adventures. Every day.","publisher":{"@id":"https:\/\/arcticexcursions.com\/#organization"},"potentialAction":[{"@type":"SearchAction","target":{"@type":"EntryPoint","urlTemplate":"https:\/\/arcticexcursions.com\/?s={search_term_string}"},"query-input":{"@type":"PropertyValueSpecification","valueRequired":true,"valueName":"search_term_string"}}],"inLanguage":"da-DK"},{"@type":"Organization","@id":"https:\/\/arcticexcursions.com\/#organization","name":"Arctic Excursions","url":"https:\/\/arcticexcursions.com\/","logo":{"@type":"ImageObject","inLanguage":"da-DK","@id":"https:\/\/arcticexcursions.com\/#\/schema\/logo\/image\/","url":"https:\/\/arcticexcursions.com\/wp-content\/uploads\/2022\/11\/fb-logo.png","contentUrl":"https:\/\/arcticexcursions.com\/wp-content\/uploads\/2022\/11\/fb-logo.png","width":523,"height":523,"caption":"Arctic Excursions"},"image":{"@id":"https:\/\/arcticexcursions.com\/#\/schema\/logo\/image\/"}}]}},"_links":{"self":[{"href":"https:\/\/arcticexcursions.com\/da\/wp-json\/wp\/v2\/product\/17863"}],"collection":[{"href":"https:\/\/arcticexcursions.com\/da\/wp-json\/wp\/v2\/product"}],"about":[{"href":"https:\/\/arcticexcursions.com\/da\/wp-json\/wp\/v2\/types\/product"}],"replies":[{"embeddable":true,"href":"https:\/\/arcticexcursions.com\/da\/wp-json\/wp\/v2\/comments?post=17863"}],"wp:featuredmedia":[{"embeddable":true,"href":"https:\/\/arcticexcursions.com\/da\/wp-json\/wp\/v2\/media\/19017"}],"wp:attachment":[{"href":"https:\/\/arcticexcursions.com\/da\/wp-json\/wp\/v2\/media?parent=17863"}],"wp:term":[{"taxonomy":"product_brand","embeddable":true,"href":"https:\/\/arcticexcursions.com\/da\/wp-json\/wp\/v2\/product_brand?post=17863"},{"taxonomy":"product_cat","embeddable":true,"href":"https:\/\/arcticexcursions.com\/da\/wp-json\/wp\/v2\/product_cat?post=17863"},{"taxonomy":"product_tag","embeddable":true,"href":"https:\/\/arcticexcursions.com\/da\/wp-json\/wp\/v2\/product_tag?post=17863"}],"curies":[{"name":"wp","href":"https:\/\/api.w.org\/{rel}","templated":true}]}}