{"id":18029,"date":"2023-07-06T13:35:56","date_gmt":"2023-07-06T11:35:56","guid":{"rendered":"https:\/\/arcticexcursions.com\/?post_type=product&#038;p=18029"},"modified":"2024-07-31T19:04:39","modified_gmt":"2024-07-31T17:04:39","slug":"workshop-lav-dine-egne-perleoereringe","status":"publish","type":"product","link":"https:\/\/arcticexcursions.com\/da\/udflugter\/workshop-lav-dine-egne-perleoereringe\/","title":{"rendered":"Workshop &#8211; Lav dine egne perle\u00f8reringe"},"content":{"rendered":"<p>Denne kulturelle tur giver dig mulighed for at dykke ned i den gr\u00f8nlandske smykkekunst og skabe dine egne unikke gr\u00f8nlandske perle\u00f8reringe. Turen varer cirka 1,5 time, hvor vi vil udforske traditionelle teknikker og m\u00f8nstre.<\/p>\n<p>Du vil l\u00e6re om traditionelle m\u00f8nstre og symboler, der ofte bruges i gr\u00f8nlandske smykker, og hvilke historier de fort\u00e6ller. Derefter vil jeg demonstrere teknikkerne og give dig nogle tips og tricks til at skabe dine egne perle\u00f8reringe.<\/p>\n<p>Du vil f\u00e5 adgang til et bredt udvalg af farverige perler, tr\u00e5de og materialer, der passer til dine personlige pr\u00e6ferencer og kreativitet. Du kan v\u00e6lge mellem forskellige m\u00f8nstre eller designe dine egne unikke m\u00f8nstre inspireret af den gr\u00f8nlandske kultur. Jeg vil v\u00e6re ved din side hele vejen igennem og hj\u00e6lpe dig med at skabe smukke og betydningsfulde perle\u00f8reringe.<br \/>\nMens vi arbejder p\u00e5 vores kreationer, vil der v\u00e6re masser af tid til at stille sp\u00f8rgsm\u00e5l og l\u00e6re mere om Gr\u00f8nland og vores traditionelle h\u00e5ndv\u00e6rk.<br \/>\nVed afslutningen af turen kan du tage dine egne gr\u00f8nlandske perle\u00f8reringe med hjem som en unik souvenir og mindesm\u00e6rke fra denne s\u00e6rlige oplevelse. Du vil ogs\u00e5 have f\u00e5et indsigt i den gr\u00f8nlandske kultur og en dybere forst\u00e5else for vores h\u00e5ndv\u00e6rkstraditioner.<\/p>\n<p>Jeg ser frem til at byde dig velkommen til min perle\u00f8rering-workshop og dele denne kreative og kulturelle oplevelse med dig. V\u00e6r forberedt p\u00e5 at g\u00e5 hjem med ikke kun et smukt smykke, men ogs\u00e5 en beriget viden om Gr\u00f8nland og vores unikke perlekunst.<\/p>\n<p><b>Turen inkluderer:<\/b><br \/>\n&#8211; Lokal guide<br \/>\n&#8211; Te\/kaffe<br \/>\n&#8211; Materialer til at lave smykker<\/p>\n","protected":false},"excerpt":{"rendered":"<p>Dyk ned i Gr\u00f8nlands smykkekunst og skab dine egne unikke perle\u00f8reringe i hyggelige omgivelser.<\/p>\n","protected":false},"featured_media":18745,"comment_status":"open","ping_status":"closed","template":"","meta":{"_acf_changed":false},"product_brand":[],"product_cat":[170],"product_tag":[],"class_list":{"0":"post-18029","1":"product","2":"type-product","3":"status-publish","4":"has-post-thumbnail","6":"product_cat-udflugt","7":"pa_dato-783","8":"pa_dato-786","9":"pa_dato-789","10":"pa_dato-792","11":"pa_dato-1142","12":"pa_dato-1168","13":"pa_dato-1169","14":"pa_dato-1170","15":"pa_dato-876","16":"pa_dato-1078","17":"pa_dato-879","18":"pa_dato-1039","19":"pa_tidspunkt-40","20":"pa_tidspunkt-426","21":"tour_location-ilulissat-da","22":"tour_type-kultur","23":"tour_tickettype-arctic_excursions","24":"tour_operator-kaffemik-by-qimussi","26":"first","27":"outofstock","28":"shipping-taxable","29":"product-type-variable"},"acf":[],"yoast_head":"<!-- This site is optimized with the Yoast SEO plugin v23.6 - https:\/\/yoast.com\/wordpress\/plugins\/seo\/ -->\n<title>Arctic Excursions<\/title>\n<meta name=\"robots\" content=\"index, follow, max-snippet:-1, max-image-preview:large, max-video-preview:-1\" \/>\n<link rel=\"canonical\" href=\"https:\/\/arcticexcursions.com\/udflugter\/workshop-lav-dine-egne-perleoereringe\/\" \/>\n<meta property=\"og:locale\" content=\"da_DK\" \/>\n<meta property=\"og:type\" content=\"article\" \/>\n<meta property=\"og:title\" content=\"Workshop - Lav dine egne perle\u00f8reringe - Arctic Excursions\" \/>\n<meta property=\"og:description\" content=\"Dyk ned i Gr\u00f8nlands smykkekunst og skab dine egne unikke perle\u00f8reringe i hyggelige omgivelser.\" \/>\n<meta property=\"og:url\" content=\"https:\/\/arcticexcursions.com\/udflugter\/workshop-lav-dine-egne-perleoereringe\/\" \/>\n<meta property=\"og:site_name\" content=\"Arctic Excursions\" \/>\n<meta property=\"article:modified_time\" content=\"2024-07-31T17:04:39+00:00\" \/>\n<meta property=\"og:image\" content=\"https:\/\/arcticexcursions.com\/wp-content\/uploads\/2023\/07\/352366754_10227116397887552_1482137556962034791_n-1.jpg\" \/>\n\t<meta property=\"og:image:width\" content=\"1536\" \/>\n\t<meta property=\"og:image:height\" content=\"2048\" \/>\n\t<meta property=\"og:image:type\" content=\"image\/jpeg\" \/>\n<meta name=\"twitter:card\" content=\"summary_large_image\" \/>\n<meta name=\"twitter:label1\" content=\"Estimeret l\u00e6setid\" \/>\n\t<meta name=\"twitter:data1\" content=\"1 minut\" \/>\n<script type=\"application\/ld+json\" class=\"yoast-schema-graph\">{\"@context\":\"https:\/\/schema.org\",\"@graph\":[{\"@type\":\"WebPage\",\"@id\":\"https:\/\/arcticexcursions.com\/udflugter\/workshop-lav-dine-egne-perleoereringe\/\",\"url\":\"https:\/\/arcticexcursions.com\/udflugter\/workshop-lav-dine-egne-perleoereringe\/\",\"name\":\"Workshop - Lav dine egne perle\u00f8reringe - Arctic Excursions\",\"isPartOf\":{\"@id\":\"https:\/\/arcticexcursions.com\/#website\"},\"primaryImageOfPage\":{\"@id\":\"https:\/\/arcticexcursions.com\/udflugter\/workshop-lav-dine-egne-perleoereringe\/#primaryimage\"},\"image\":{\"@id\":\"https:\/\/arcticexcursions.com\/udflugter\/workshop-lav-dine-egne-perleoereringe\/#primaryimage\"},\"thumbnailUrl\":\"https:\/\/arcticexcursions.com\/wp-content\/uploads\/2023\/07\/352366754_10227116397887552_1482137556962034791_n-1.jpg\",\"datePublished\":\"2023-07-06T11:35:56+00:00\",\"dateModified\":\"2024-07-31T17:04:39+00:00\",\"breadcrumb\":{\"@id\":\"https:\/\/arcticexcursions.com\/udflugter\/workshop-lav-dine-egne-perleoereringe\/#breadcrumb\"},\"inLanguage\":\"da-DK\",\"potentialAction\":[{\"@type\":\"ReadAction\",\"target\":[\"https:\/\/arcticexcursions.com\/udflugter\/workshop-lav-dine-egne-perleoereringe\/\"]}]},{\"@type\":\"ImageObject\",\"inLanguage\":\"da-DK\",\"@id\":\"https:\/\/arcticexcursions.com\/udflugter\/workshop-lav-dine-egne-perleoereringe\/#primaryimage\",\"url\":\"https:\/\/arcticexcursions.com\/wp-content\/uploads\/2023\/07\/352366754_10227116397887552_1482137556962034791_n-1.jpg\",\"contentUrl\":\"https:\/\/arcticexcursions.com\/wp-content\/uploads\/2023\/07\/352366754_10227116397887552_1482137556962034791_n-1.jpg\",\"width\":1536,\"height\":2048},{\"@type\":\"BreadcrumbList\",\"@id\":\"https:\/\/arcticexcursions.com\/udflugter\/workshop-lav-dine-egne-perleoereringe\/#breadcrumb\",\"itemListElement\":[{\"@type\":\"ListItem\",\"position\":1,\"name\":\"Home\",\"item\":\"https:\/\/arcticexcursions.com\/da\/\"},{\"@type\":\"ListItem\",\"position\":2,\"name\":\"Udflugter i Gr\u00f8nland\",\"item\":\"https:\/\/arcticexcursions.com\/da\/udflugter\/\"},{\"@type\":\"ListItem\",\"position\":3,\"name\":\"Workshop &#8211; Lav dine egne perle\u00f8reringe\"}]},{\"@type\":\"WebSite\",\"@id\":\"https:\/\/arcticexcursions.com\/#website\",\"url\":\"https:\/\/arcticexcursions.com\/\",\"name\":\"Arctic Excursions\",\"description\":\"New adventures. Every day.\",\"publisher\":{\"@id\":\"https:\/\/arcticexcursions.com\/#organization\"},\"potentialAction\":[{\"@type\":\"SearchAction\",\"target\":{\"@type\":\"EntryPoint\",\"urlTemplate\":\"https:\/\/arcticexcursions.com\/?s={search_term_string}\"},\"query-input\":{\"@type\":\"PropertyValueSpecification\",\"valueRequired\":true,\"valueName\":\"search_term_string\"}}],\"inLanguage\":\"da-DK\"},{\"@type\":\"Organization\",\"@id\":\"https:\/\/arcticexcursions.com\/#organization\",\"name\":\"Arctic Excursions\",\"url\":\"https:\/\/arcticexcursions.com\/\",\"logo\":{\"@type\":\"ImageObject\",\"inLanguage\":\"da-DK\",\"@id\":\"https:\/\/arcticexcursions.com\/#\/schema\/logo\/image\/\",\"url\":\"https:\/\/arcticexcursions.com\/wp-content\/uploads\/2022\/11\/fb-logo.png\",\"contentUrl\":\"https:\/\/arcticexcursions.com\/wp-content\/uploads\/2022\/11\/fb-logo.png\",\"width\":523,\"height\":523,\"caption\":\"Arctic Excursions\"},\"image\":{\"@id\":\"https:\/\/arcticexcursions.com\/#\/schema\/logo\/image\/\"}}]}<\/script>\n<!-- \/ Yoast SEO plugin. -->","yoast_head_json":{"title":"Arctic Excursions","robots":{"index":"index","follow":"follow","max-snippet":"max-snippet:-1","max-image-preview":"max-image-preview:large","max-video-preview":"max-video-preview:-1"},"canonical":"https:\/\/arcticexcursions.com\/udflugter\/workshop-lav-dine-egne-perleoereringe\/","og_locale":"da_DK","og_type":"article","og_title":"Workshop - Lav dine egne perle\u00f8reringe - Arctic Excursions","og_description":"Dyk ned i Gr\u00f8nlands smykkekunst og skab dine egne unikke perle\u00f8reringe i hyggelige omgivelser.","og_url":"https:\/\/arcticexcursions.com\/udflugter\/workshop-lav-dine-egne-perleoereringe\/","og_site_name":"Arctic Excursions","article_modified_time":"2024-07-31T17:04:39+00:00","og_image":[{"width":1536,"height":2048,"url":"https:\/\/arcticexcursions.com\/wp-content\/uploads\/2023\/07\/352366754_10227116397887552_1482137556962034791_n-1.jpg","type":"image\/jpeg"}],"twitter_card":"summary_large_image","twitter_misc":{"Estimeret l\u00e6setid":"1 minut"},"schema":{"@context":"https:\/\/schema.org","@graph":[{"@type":"WebPage","@id":"https:\/\/arcticexcursions.com\/udflugter\/workshop-lav-dine-egne-perleoereringe\/","url":"https:\/\/arcticexcursions.com\/udflugter\/workshop-lav-dine-egne-perleoereringe\/","name":"Workshop - Lav dine egne perle\u00f8reringe - Arctic Excursions","isPartOf":{"@id":"https:\/\/arcticexcursions.com\/#website"},"primaryImageOfPage":{"@id":"https:\/\/arcticexcursions.com\/udflugter\/workshop-lav-dine-egne-perleoereringe\/#primaryimage"},"image":{"@id":"https:\/\/arcticexcursions.com\/udflugter\/workshop-lav-dine-egne-perleoereringe\/#primaryimage"},"thumbnailUrl":"https:\/\/arcticexcursions.com\/wp-content\/uploads\/2023\/07\/352366754_10227116397887552_1482137556962034791_n-1.jpg","datePublished":"2023-07-06T11:35:56+00:00","dateModified":"2024-07-31T17:04:39+00:00","breadcrumb":{"@id":"https:\/\/arcticexcursions.com\/udflugter\/workshop-lav-dine-egne-perleoereringe\/#breadcrumb"},"inLanguage":"da-DK","potentialAction":[{"@type":"ReadAction","target":["https:\/\/arcticexcursions.com\/udflugter\/workshop-lav-dine-egne-perleoereringe\/"]}]},{"@type":"ImageObject","inLanguage":"da-DK","@id":"https:\/\/arcticexcursions.com\/udflugter\/workshop-lav-dine-egne-perleoereringe\/#primaryimage","url":"https:\/\/arcticexcursions.com\/wp-content\/uploads\/2023\/07\/352366754_10227116397887552_1482137556962034791_n-1.jpg","contentUrl":"https:\/\/arcticexcursions.com\/wp-content\/uploads\/2023\/07\/352366754_10227116397887552_1482137556962034791_n-1.jpg","width":1536,"height":2048},{"@type":"BreadcrumbList","@id":"https:\/\/arcticexcursions.com\/udflugter\/workshop-lav-dine-egne-perleoereringe\/#breadcrumb","itemListElement":[{"@type":"ListItem","position":1,"name":"Home","item":"https:\/\/arcticexcursions.com\/da\/"},{"@type":"ListItem","position":2,"name":"Udflugter i Gr\u00f8nland","item":"https:\/\/arcticexcursions.com\/da\/udflugter\/"},{"@type":"ListItem","position":3,"name":"Workshop &#8211; Lav dine egne perle\u00f8reringe"}]},{"@type":"WebSite","@id":"https:\/\/arcticexcursions.com\/#website","url":"https:\/\/arcticexcursions.com\/","name":"Arctic Excursions","description":"New adventures. Every day.","publisher":{"@id":"https:\/\/arcticexcursions.com\/#organization"},"potentialAction":[{"@type":"SearchAction","target":{"@type":"EntryPoint","urlTemplate":"https:\/\/arcticexcursions.com\/?s={search_term_string}"},"query-input":{"@type":"PropertyValueSpecification","valueRequired":true,"valueName":"search_term_string"}}],"inLanguage":"da-DK"},{"@type":"Organization","@id":"https:\/\/arcticexcursions.com\/#organization","name":"Arctic Excursions","url":"https:\/\/arcticexcursions.com\/","logo":{"@type":"ImageObject","inLanguage":"da-DK","@id":"https:\/\/arcticexcursions.com\/#\/schema\/logo\/image\/","url":"https:\/\/arcticexcursions.com\/wp-content\/uploads\/2022\/11\/fb-logo.png","contentUrl":"https:\/\/arcticexcursions.com\/wp-content\/uploads\/2022\/11\/fb-logo.png","width":523,"height":523,"caption":"Arctic Excursions"},"image":{"@id":"https:\/\/arcticexcursions.com\/#\/schema\/logo\/image\/"}}]}},"_links":{"self":[{"href":"https:\/\/arcticexcursions.com\/da\/wp-json\/wp\/v2\/product\/18029"}],"collection":[{"href":"https:\/\/arcticexcursions.com\/da\/wp-json\/wp\/v2\/product"}],"about":[{"href":"https:\/\/arcticexcursions.com\/da\/wp-json\/wp\/v2\/types\/product"}],"replies":[{"embeddable":true,"href":"https:\/\/arcticexcursions.com\/da\/wp-json\/wp\/v2\/comments?post=18029"}],"wp:featuredmedia":[{"embeddable":true,"href":"https:\/\/arcticexcursions.com\/da\/wp-json\/wp\/v2\/media\/18745"}],"wp:attachment":[{"href":"https:\/\/arcticexcursions.com\/da\/wp-json\/wp\/v2\/media?parent=18029"}],"wp:term":[{"taxonomy":"product_brand","embeddable":true,"href":"https:\/\/arcticexcursions.com\/da\/wp-json\/wp\/v2\/product_brand?post=18029"},{"taxonomy":"product_cat","embeddable":true,"href":"https:\/\/arcticexcursions.com\/da\/wp-json\/wp\/v2\/product_cat?post=18029"},{"taxonomy":"product_tag","embeddable":true,"href":"https:\/\/arcticexcursions.com\/da\/wp-json\/wp\/v2\/product_tag?post=18029"}],"curies":[{"name":"wp","href":"https:\/\/api.w.org\/{rel}","templated":true}]}}