{"id":18074,"date":"2023-07-10T11:25:37","date_gmt":"2023-07-10T09:25:37","guid":{"rendered":"https:\/\/arcticexcursions.com\/?post_type=product&#038;p=18074"},"modified":"2026-02-24T19:27:56","modified_gmt":"2026-02-24T17:27:56","slug":"fjeldsafari-med-utv","status":"publish","type":"product","link":"https:\/\/arcticexcursions.com\/da\/udflugter\/fjeldsafari-med-utv\/","title":{"rendered":"Fjeldsafari med UTV"},"content":{"rendered":"<p>Baglandet er dybt forankret i lokalsamfundets DNA, og ingen andre steder i Gr\u00f8nland finder du et s\u00e5 stort fjeldomr\u00e5de, der er frit for indlandsis. Omr\u00e5det er ber\u00f8mt for sit UNESCO-omr\u00e5de, de unikke muligheder for rensdyrjagt, Arctic Circle Trail og ikke mindst f\u00f8lelsen af uendelighed.<\/p>\n<p>Selvom vi kun n\u00e5r en lille del af omr\u00e5det via en grusvej, f\u00e5r man stadig en fornemmelse af landskabets storhed. Undervejs vil vores guide som ogs\u00e5 er chauff\u00f8r fort\u00e6lle om omr\u00e5det og de gamle sagn, der knytter sig til det. Vi g\u00f8r flere stop, hvor du har mulighed for at tage billeder. Vi stopper ogs\u00e5 ved elven med dens brusende, krystalklare vand, der smager helt fantastisk. Det smager faktisk ikke af noget, og m\u00e5ske er det s\u00e5dan, den vilde og ut\u00e6mmede gr\u00f8nlandske natur smager.<\/p>\n<p>P\u00e5 tilbagevejen g\u00f8r vi ogs\u00e5 et stop ved vores gr\u00f8nlandske sl\u00e6dehunde, der befinder sig i hundebyen. Hvis du har lyst til at klappe hundehvalpe og tage billeder, er det en hjertelig velkommen mulighed.<\/p>\n<p><b>Varighed:<\/b> 2 timer <\/p>\n<p><b>Deltagere:<\/b> Bem\u00e6rk venligst, at udflugten kun gennemf\u00f8res, hvis der er mindst 2 bookede billetter i alt. Hvis du for eksempel booker 1 billetter, skal der s\u00e6lges mindst 1 yderligere billetter til andre kunder, f\u00f8r turen kan finde sted. <\/p>\n<p><b>Sprog:<\/b> Guiden taler dansk, engelsk og gr\u00f8nlandsk <\/p>\n<p><b>Sv\u00e6rhedsgrad:<\/b> Begyndervenlig tur. Anbefales ikke hvis du har rygproblemer. <\/p>\n<p><b>Forplejning:<\/b> Kaffe og te serveres <\/p>\n<p><b>Anbefalet p\u00e5kl\u00e6dning:<\/b> Varmt, praktisk t\u00f8j og vandresko. Sikkerhedsudstyr er inkluderet. Andet udstyr kan lejes.<\/p>\n","protected":false},"excerpt":{"rendered":"<p>Udforsk Sisimiuts fjeldlandskab og nyd det krystalklare friske elvvand.<\/p>\n","protected":false},"featured_media":8639,"comment_status":"open","ping_status":"closed","template":"","meta":{"_acf_changed":false},"product_brand":[],"product_cat":[170],"product_tag":[],"class_list":{"0":"post-18074","1":"product","2":"type-product","3":"status-publish","4":"has-post-thumbnail","6":"product_cat-udflugt","7":"pa_dato-541","8":"pa_dato-542","9":"pa_dato-543","10":"pa_dato-465","11":"pa_dato-547","12":"pa_dato-549","13":"pa_dato-550","14":"pa_dato-551","15":"pa_dato-553","16":"pa_dato-554","17":"pa_dato-556","18":"pa_dato-557","19":"pa_dato-558","20":"pa_dato-521","21":"pa_dato-522","22":"pa_dato-559","23":"pa_dato-561","24":"pa_dato-1064","25":"pa_dato-1066","26":"pa_dato-901","27":"pa_dato-1125","28":"pa_dato-902","29":"pa_dato-1128","30":"pa_dato-1141","31":"pa_dato-1025","32":"pa_dato-1028","33":"pa_dato-1032","34":"pa_dato-989","35":"pa_dato-1033","36":"pa_dato-995","37":"pa_dato-1035","38":"pa_dato-999","39":"pa_dato-1003","40":"pa_dato-1006","41":"pa_dato-1038","42":"pa_dato-1008","43":"pa_dato-1011","44":"pa_dato-1014","45":"pa_dato-1041","46":"pa_dato-1019","47":"pa_dato-1042","48":"pa_dato-1048","49":"pa_dato-1055","50":"pa_dato-1058","51":"pa_dato-1132","52":"pa_dato-1135","53":"pa_dato-1137","54":"pa_dato-1146","55":"pa_dato-1197","56":"pa_dato-1205","57":"pa_dato-1206","58":"pa_dato-1147","59":"pa_dato-1212","60":"pa_dato-1216","61":"pa_dato-6043","62":"pa_dato-6018","63":"pa_dato-5882","64":"pa_dato-5925","65":"pa_dato-6051","66":"pa_dato-6006","67":"pa_dato-5888","68":"pa_dato-5977","69":"pa_dato-6090","70":"pa_tidspunkt-40","71":"pa_tidspunkt-308","72":"pa_tidspunkt-86","73":"tour_location-sisimiut-da","74":"tour_type-outdoor-da","75":"tour_tickettype-arctic_excursions","76":"tour_operator-hotel-sisimiut-tours","78":"first","79":"outofstock","80":"shipping-taxable","81":"product-type-variable"},"acf":[],"yoast_head":"<!-- This site is optimized with the Yoast SEO plugin v23.6 - https:\/\/yoast.com\/wordpress\/plugins\/seo\/ -->\n<title>Arctic Excursions<\/title>\n<meta name=\"robots\" content=\"index, follow, max-snippet:-1, max-image-preview:large, max-video-preview:-1\" \/>\n<link rel=\"canonical\" href=\"https:\/\/arcticexcursions.com\/da\/udflugter\/fjeldsafari-med-utv\/\" \/>\n<meta property=\"og:locale\" content=\"da_DK\" \/>\n<meta property=\"og:type\" content=\"article\" \/>\n<meta property=\"og:title\" content=\"Fjeldsafari med UTV - Arctic Excursions\" \/>\n<meta property=\"og:description\" content=\"Udforsk Sisimiuts fjeldlandskab og nyd det krystalklare friske elvvand.\" \/>\n<meta property=\"og:url\" content=\"https:\/\/arcticexcursions.com\/da\/udflugter\/fjeldsafari-med-utv\/\" \/>\n<meta property=\"og:site_name\" content=\"Arctic Excursions\" \/>\n<meta property=\"article:modified_time\" content=\"2026-02-24T17:27:56+00:00\" \/>\n<meta property=\"og:image\" content=\"https:\/\/arcticexcursions.com\/wp-content\/uploads\/2023\/01\/an-aerial-view-of-a-humpback-surfacing-near-ilulissat-in-greenland-1400x933-1.jpg\" \/>\n\t<meta property=\"og:image:width\" content=\"1400\" \/>\n\t<meta property=\"og:image:height\" content=\"933\" \/>\n\t<meta property=\"og:image:type\" content=\"image\/jpeg\" \/>\n<meta name=\"twitter:card\" content=\"summary_large_image\" \/>\n<meta name=\"twitter:label1\" content=\"Estimeret l\u00e6setid\" \/>\n\t<meta name=\"twitter:data1\" content=\"1 minut\" \/>\n<script type=\"application\/ld+json\" class=\"yoast-schema-graph\">{\"@context\":\"https:\/\/schema.org\",\"@graph\":[{\"@type\":\"WebPage\",\"@id\":\"https:\/\/arcticexcursions.com\/da\/udflugter\/fjeldsafari-med-utv\/\",\"url\":\"https:\/\/arcticexcursions.com\/da\/udflugter\/fjeldsafari-med-utv\/\",\"name\":\"Fjeldsafari med UTV - Arctic Excursions\",\"isPartOf\":{\"@id\":\"https:\/\/arcticexcursions.com\/#website\"},\"primaryImageOfPage\":{\"@id\":\"https:\/\/arcticexcursions.com\/da\/udflugter\/fjeldsafari-med-utv\/#primaryimage\"},\"image\":{\"@id\":\"https:\/\/arcticexcursions.com\/da\/udflugter\/fjeldsafari-med-utv\/#primaryimage\"},\"thumbnailUrl\":\"https:\/\/arcticexcursions.com\/wp-content\/uploads\/2023\/01\/an-aerial-view-of-a-humpback-surfacing-near-ilulissat-in-greenland-1400x933-1.jpg\",\"datePublished\":\"2023-07-10T09:25:37+00:00\",\"dateModified\":\"2026-02-24T17:27:56+00:00\",\"breadcrumb\":{\"@id\":\"https:\/\/arcticexcursions.com\/da\/udflugter\/fjeldsafari-med-utv\/#breadcrumb\"},\"inLanguage\":\"da-DK\",\"potentialAction\":[{\"@type\":\"ReadAction\",\"target\":[\"https:\/\/arcticexcursions.com\/da\/udflugter\/fjeldsafari-med-utv\/\"]}]},{\"@type\":\"ImageObject\",\"inLanguage\":\"da-DK\",\"@id\":\"https:\/\/arcticexcursions.com\/da\/udflugter\/fjeldsafari-med-utv\/#primaryimage\",\"url\":\"https:\/\/arcticexcursions.com\/wp-content\/uploads\/2023\/01\/an-aerial-view-of-a-humpback-surfacing-near-ilulissat-in-greenland-1400x933-1.jpg\",\"contentUrl\":\"https:\/\/arcticexcursions.com\/wp-content\/uploads\/2023\/01\/an-aerial-view-of-a-humpback-surfacing-near-ilulissat-in-greenland-1400x933-1.jpg\",\"width\":1400,\"height\":933},{\"@type\":\"BreadcrumbList\",\"@id\":\"https:\/\/arcticexcursions.com\/da\/udflugter\/fjeldsafari-med-utv\/#breadcrumb\",\"itemListElement\":[{\"@type\":\"ListItem\",\"position\":1,\"name\":\"Home\",\"item\":\"https:\/\/arcticexcursions.com\/da\/\"},{\"@type\":\"ListItem\",\"position\":2,\"name\":\"Udflugter i Gr\u00f8nland\",\"item\":\"https:\/\/arcticexcursions.com\/da\/udflugter\/\"},{\"@type\":\"ListItem\",\"position\":3,\"name\":\"Fjeldsafari med UTV\"}]},{\"@type\":\"WebSite\",\"@id\":\"https:\/\/arcticexcursions.com\/#website\",\"url\":\"https:\/\/arcticexcursions.com\/\",\"name\":\"Arctic Excursions\",\"description\":\"New adventures. Every day.\",\"publisher\":{\"@id\":\"https:\/\/arcticexcursions.com\/#organization\"},\"potentialAction\":[{\"@type\":\"SearchAction\",\"target\":{\"@type\":\"EntryPoint\",\"urlTemplate\":\"https:\/\/arcticexcursions.com\/?s={search_term_string}\"},\"query-input\":{\"@type\":\"PropertyValueSpecification\",\"valueRequired\":true,\"valueName\":\"search_term_string\"}}],\"inLanguage\":\"da-DK\"},{\"@type\":\"Organization\",\"@id\":\"https:\/\/arcticexcursions.com\/#organization\",\"name\":\"Arctic Excursions\",\"url\":\"https:\/\/arcticexcursions.com\/\",\"logo\":{\"@type\":\"ImageObject\",\"inLanguage\":\"da-DK\",\"@id\":\"https:\/\/arcticexcursions.com\/#\/schema\/logo\/image\/\",\"url\":\"https:\/\/arcticexcursions.com\/wp-content\/uploads\/2022\/11\/fb-logo.png\",\"contentUrl\":\"https:\/\/arcticexcursions.com\/wp-content\/uploads\/2022\/11\/fb-logo.png\",\"width\":523,\"height\":523,\"caption\":\"Arctic Excursions\"},\"image\":{\"@id\":\"https:\/\/arcticexcursions.com\/#\/schema\/logo\/image\/\"}}]}<\/script>\n<!-- \/ Yoast SEO plugin. -->","yoast_head_json":{"title":"Arctic Excursions","robots":{"index":"index","follow":"follow","max-snippet":"max-snippet:-1","max-image-preview":"max-image-preview:large","max-video-preview":"max-video-preview:-1"},"canonical":"https:\/\/arcticexcursions.com\/da\/udflugter\/fjeldsafari-med-utv\/","og_locale":"da_DK","og_type":"article","og_title":"Fjeldsafari med UTV - Arctic Excursions","og_description":"Udforsk Sisimiuts fjeldlandskab og nyd det krystalklare friske elvvand.","og_url":"https:\/\/arcticexcursions.com\/da\/udflugter\/fjeldsafari-med-utv\/","og_site_name":"Arctic Excursions","article_modified_time":"2026-02-24T17:27:56+00:00","og_image":[{"width":1400,"height":933,"url":"https:\/\/arcticexcursions.com\/wp-content\/uploads\/2023\/01\/an-aerial-view-of-a-humpback-surfacing-near-ilulissat-in-greenland-1400x933-1.jpg","type":"image\/jpeg"}],"twitter_card":"summary_large_image","twitter_misc":{"Estimeret l\u00e6setid":"1 minut"},"schema":{"@context":"https:\/\/schema.org","@graph":[{"@type":"WebPage","@id":"https:\/\/arcticexcursions.com\/da\/udflugter\/fjeldsafari-med-utv\/","url":"https:\/\/arcticexcursions.com\/da\/udflugter\/fjeldsafari-med-utv\/","name":"Fjeldsafari med UTV - Arctic Excursions","isPartOf":{"@id":"https:\/\/arcticexcursions.com\/#website"},"primaryImageOfPage":{"@id":"https:\/\/arcticexcursions.com\/da\/udflugter\/fjeldsafari-med-utv\/#primaryimage"},"image":{"@id":"https:\/\/arcticexcursions.com\/da\/udflugter\/fjeldsafari-med-utv\/#primaryimage"},"thumbnailUrl":"https:\/\/arcticexcursions.com\/wp-content\/uploads\/2023\/01\/an-aerial-view-of-a-humpback-surfacing-near-ilulissat-in-greenland-1400x933-1.jpg","datePublished":"2023-07-10T09:25:37+00:00","dateModified":"2026-02-24T17:27:56+00:00","breadcrumb":{"@id":"https:\/\/arcticexcursions.com\/da\/udflugter\/fjeldsafari-med-utv\/#breadcrumb"},"inLanguage":"da-DK","potentialAction":[{"@type":"ReadAction","target":["https:\/\/arcticexcursions.com\/da\/udflugter\/fjeldsafari-med-utv\/"]}]},{"@type":"ImageObject","inLanguage":"da-DK","@id":"https:\/\/arcticexcursions.com\/da\/udflugter\/fjeldsafari-med-utv\/#primaryimage","url":"https:\/\/arcticexcursions.com\/wp-content\/uploads\/2023\/01\/an-aerial-view-of-a-humpback-surfacing-near-ilulissat-in-greenland-1400x933-1.jpg","contentUrl":"https:\/\/arcticexcursions.com\/wp-content\/uploads\/2023\/01\/an-aerial-view-of-a-humpback-surfacing-near-ilulissat-in-greenland-1400x933-1.jpg","width":1400,"height":933},{"@type":"BreadcrumbList","@id":"https:\/\/arcticexcursions.com\/da\/udflugter\/fjeldsafari-med-utv\/#breadcrumb","itemListElement":[{"@type":"ListItem","position":1,"name":"Home","item":"https:\/\/arcticexcursions.com\/da\/"},{"@type":"ListItem","position":2,"name":"Udflugter i Gr\u00f8nland","item":"https:\/\/arcticexcursions.com\/da\/udflugter\/"},{"@type":"ListItem","position":3,"name":"Fjeldsafari med UTV"}]},{"@type":"WebSite","@id":"https:\/\/arcticexcursions.com\/#website","url":"https:\/\/arcticexcursions.com\/","name":"Arctic Excursions","description":"New adventures. Every day.","publisher":{"@id":"https:\/\/arcticexcursions.com\/#organization"},"potentialAction":[{"@type":"SearchAction","target":{"@type":"EntryPoint","urlTemplate":"https:\/\/arcticexcursions.com\/?s={search_term_string}"},"query-input":{"@type":"PropertyValueSpecification","valueRequired":true,"valueName":"search_term_string"}}],"inLanguage":"da-DK"},{"@type":"Organization","@id":"https:\/\/arcticexcursions.com\/#organization","name":"Arctic Excursions","url":"https:\/\/arcticexcursions.com\/","logo":{"@type":"ImageObject","inLanguage":"da-DK","@id":"https:\/\/arcticexcursions.com\/#\/schema\/logo\/image\/","url":"https:\/\/arcticexcursions.com\/wp-content\/uploads\/2022\/11\/fb-logo.png","contentUrl":"https:\/\/arcticexcursions.com\/wp-content\/uploads\/2022\/11\/fb-logo.png","width":523,"height":523,"caption":"Arctic Excursions"},"image":{"@id":"https:\/\/arcticexcursions.com\/#\/schema\/logo\/image\/"}}]}},"_links":{"self":[{"href":"https:\/\/arcticexcursions.com\/da\/wp-json\/wp\/v2\/product\/18074"}],"collection":[{"href":"https:\/\/arcticexcursions.com\/da\/wp-json\/wp\/v2\/product"}],"about":[{"href":"https:\/\/arcticexcursions.com\/da\/wp-json\/wp\/v2\/types\/product"}],"replies":[{"embeddable":true,"href":"https:\/\/arcticexcursions.com\/da\/wp-json\/wp\/v2\/comments?post=18074"}],"wp:featuredmedia":[{"embeddable":true,"href":"https:\/\/arcticexcursions.com\/da\/wp-json\/wp\/v2\/media\/8639"}],"wp:attachment":[{"href":"https:\/\/arcticexcursions.com\/da\/wp-json\/wp\/v2\/media?parent=18074"}],"wp:term":[{"taxonomy":"product_brand","embeddable":true,"href":"https:\/\/arcticexcursions.com\/da\/wp-json\/wp\/v2\/product_brand?post=18074"},{"taxonomy":"product_cat","embeddable":true,"href":"https:\/\/arcticexcursions.com\/da\/wp-json\/wp\/v2\/product_cat?post=18074"},{"taxonomy":"product_tag","embeddable":true,"href":"https:\/\/arcticexcursions.com\/da\/wp-json\/wp\/v2\/product_tag?post=18074"}],"curies":[{"name":"wp","href":"https:\/\/api.w.org\/{rel}","templated":true}]}}