{"id":18144,"date":"2023-07-24T23:33:51","date_gmt":"2023-07-24T21:33:51","guid":{"rendered":"https:\/\/arcticexcursions.com\/?post_type=product&#038;p=18144"},"modified":"2025-12-09T17:51:18","modified_gmt":"2025-12-09T15:51:18","slug":"toptur-til-sermitsiaq","status":"publish","type":"product","link":"https:\/\/arcticexcursions.com\/da\/udflugter\/toptur-til-sermitsiaq\/","title":{"rendered":"Toptur til Sermitsiaq"},"content":{"rendered":"<p>Ved turens begyndelse bliver vi sat af ved strandkanten i Sermitsiaq-bugten. Vi f\u00f8lger elven op p\u00e5 h\u00f8jre side. Der vil v\u00e6re nogle passager, som er stejle, og man skal g\u00e5 lidt forsigtigt. Derefter bliver ruten lettere igen, og vi ankommer til en stor s\u00f8. Her spiser vi frokost. Husk at fylde vanddunken, da dette er sidste chance for at fylde vand inden toppen.<\/p>\n<p>Nu skal vi igennem de sv\u00e6reste passager. F\u00f8rst skal vi op ad en stejl fjeldside med l\u00f8se sten. Det vil v\u00e6re lidt teknisk. For at undg\u00e5 at f\u00e5 sten i hovedet, g\u00e5r vi op i to hold.<br \/>\nHerefter skal vi igennem en mindre slugt, hvor vi skal passere \u00e9n af gangen. Det er det teknisk sv\u00e6reste p\u00e5 turen og b\u00e5de ben og arme skal bruges.<br \/>\nDerefter g\u00e5r det ikke helt s\u00e5 stejlt opad, og det l\u00f8se grus er nu erstattet af store klipper hele vejen til toppen. Selvom det til tider kan v\u00e6re lidt luftigt, er terr\u00e6net ikke sv\u00e6rt her.<\/p>\n<p>Vi g\u00e5r samme vej ned. Her er det (is\u00e6r) vigtigt at tage det lidt med ro, s\u00e5 vi kommer sikkert ned.<br \/>\nVi holder en pause for ca. hver 400 h\u00f8jdemeter, hvilket svarer til en gang i timen.<\/p>\n<p>Vi tager reb med, som vi kan s\u00e6tte til hj\u00e6lp for at komme op sv\u00e6re steder. <\/p>\n<p><b>BEKL\u00c6DNING<\/b><br \/>\nDer er fire situationer, man skal v\u00e6re opm\u00e6rksom p\u00e5 i forhold til bekl\u00e6dning under turen, og det er f\u00f8lgende:<\/p>\n<p><b>SEJLTUREN<\/b><br \/>\nDer vil blive udleveret flydedragt til sejlturen, men du skal selv medbringe handsker og hue.<\/p>\n<p><b>SELVE TUREN MOD TOPPEN<\/b><br \/>\nTuren varer cirka 5 timer mod toppen, hvor du skal v\u00e6re aktiv. Du kommer til at svede, derfor er det vigtigt at v\u00e6re kl\u00e6dt p\u00e5 ordentligt til turen.<br \/>\nJeg anbefaler, at du har vandrebukser p\u00e5, eller andre bukser som egner sig til motion. Det afg\u00f8rende er, at de er forholdsvis vindt\u00e6tte, da det kan begynde at bl\u00e6se og blive koldt. Til overkroppen vil jeg anbefale, at du har en svedtransporterende tr\u00f8je, f.eks. en uldtr\u00f8je. Du skal ogs\u00e5 medbringe en vind- og vandt\u00e6t jakke, du kan have p\u00e5, hvis det begynder at bl\u00e6se, eller bliver k\u00f8ligt.  <\/p>\n<p><b>PAUSER UNDER TUREN<\/b><br \/>\nTuren er lang og vil kr\u00e6ve pauser undervejs. Derfor er det vigtigt at have en ekstra tr\u00f8je med, s\u00e5ledes man kan skifte den svedige tr\u00f8je, og holde varmen imens man holder pause.<br \/>\nJeg vil ligeledes anbefale, at du tager en varm tr\u00f8je med til pauserne. Det kan eksempelvis v\u00e6re en fleecejakke, dunjakke eller en tyk uldtr\u00f8je.  <\/p>\n<p><b>SEJLTUREN HJEM<\/b><br \/>\nTuren hjemad er ofte kold. Derfor er det vigtigt at medbringe skiftet\u00f8j som du kan have p\u00e5 under sejlturen.<\/p>\n<p><b>PAKKELISTE<\/b><br \/>\n&#8211; Hue og handsker<br \/>\n&#8211; Solbriller (og kasket)<br \/>\n&#8211; Vandrest\u00f8vler eller sko som egner sig til fjeldbrug<br \/>\n&#8211; Varm tr\u00f8je: Inder- og ydertr\u00f8je eller dun\/ fleecejakke<br \/>\n&#8211; Jakke som er vind\/vandt\u00e6t<br \/>\n&#8211; Skifte\/t\u00f8r tr\u00f8je til hjemmeturen<br \/>\n&#8211; Madpakke og snacks, rugbr\u00f8d, chokolade og frugt (husk ogs\u00e5 lidt ekstra, da det er en lang tur)<br \/>\n&#8211; Minimum 1 liter drikkedunk<br \/>\n&#8211; Solcreme<br \/>\n&#8211; Mobil, der er delvis d\u00e6kning<br \/>\n&#8211; Myggenet<\/p>\n<p><b>Varighed:<\/b> 9 &#8211; 10 timer<\/p>\n<p><b>Minimum:<\/b> 3 personer<\/p>\n<p><b>Maximum:<\/b> 6 personer<\/p>\n","protected":false},"excerpt":{"rendered":"<p>Har du en dr\u00f8m om at bestige Sermitsiaq? Du har nu mulighed for dette med Tip Top Tours.<br \/>\nUdsigten fra toppen er fantastisk, og noget du sent vil glemme!<\/p>\n","protected":false},"featured_media":18753,"comment_status":"open","ping_status":"closed","template":"","meta":{"_acf_changed":false},"product_brand":[],"product_cat":[170],"product_tag":[],"class_list":{"0":"post-18144","1":"product","2":"type-product","3":"status-publish","4":"has-post-thumbnail","6":"product_cat-udflugt","7":"pa_dato-590","8":"pa_dato-687","9":"pa_dato-694","10":"pa_dato-695","11":"pa_dato-740","12":"pa_dato-689","13":"pa_dato-690","14":"pa_dato-743","15":"pa_dato-745","16":"pa_dato-747","17":"pa_dato-898","18":"pa_dato-1173","19":"pa_dato-1023","20":"pa_dato-1029","21":"pa_dato-991","22":"pa_dato-1034","23":"pa_dato-1000","24":"pa_dato-1007","25":"pa_dato-1009","26":"pa_dato-1015","27":"pa_dato-1020","28":"pa_dato-899","29":"pa_dato-1052","30":"pa_dato-5951","31":"pa_dato-5983","32":"pa_dato-5975","33":"pa_dato-5954","34":"pa_dato-6067","35":"pa_dato-5988","36":"pa_dato-5956","37":"pa_dato-5918","38":"pa_dato-6003","39":"pa_dato-6417","40":"pa_tidspunkt-72","41":"tour_location-nuuk-da","42":"tour_type-vandreture","43":"tour_tickettype-arctic_excursions","44":"tour_operator-tip-top-tours","46":"first","47":"instock","48":"shipping-taxable","49":"purchasable","50":"product-type-variable"},"acf":[],"yoast_head":"<!-- This site is optimized with the Yoast SEO plugin v23.6 - https:\/\/yoast.com\/wordpress\/plugins\/seo\/ -->\n<title>Arctic Excursions<\/title>\n<meta name=\"robots\" content=\"index, follow, max-snippet:-1, max-image-preview:large, max-video-preview:-1\" \/>\n<link rel=\"canonical\" href=\"https:\/\/arcticexcursions.com\/udflugter\/toptur-til-sermitsiaq\/\" \/>\n<meta property=\"og:locale\" content=\"da_DK\" \/>\n<meta property=\"og:type\" content=\"article\" \/>\n<meta property=\"og:title\" content=\"Toptur til Sermitsiaq - Arctic Excursions\" \/>\n<meta property=\"og:description\" content=\"Har du en dr\u00f8m om at bestige Sermitsiaq? Du har nu mulighed for dette med Tip Top Tours.  Udsigten fra toppen er fantastisk, og noget du sent vil glemme!\" \/>\n<meta property=\"og:url\" content=\"https:\/\/arcticexcursions.com\/udflugter\/toptur-til-sermitsiaq\/\" \/>\n<meta property=\"og:site_name\" content=\"Arctic Excursions\" \/>\n<meta property=\"article:modified_time\" content=\"2025-12-09T15:51:18+00:00\" \/>\n<meta property=\"og:image\" content=\"https:\/\/arcticexcursions.com\/wp-content\/uploads\/2023\/07\/362412324_785483103060184_1752236285346504651_n.jpg\" \/>\n\t<meta property=\"og:image:width\" content=\"2048\" \/>\n\t<meta property=\"og:image:height\" content=\"915\" \/>\n\t<meta property=\"og:image:type\" content=\"image\/jpeg\" \/>\n<meta name=\"twitter:card\" content=\"summary_large_image\" \/>\n<meta name=\"twitter:label1\" content=\"Estimeret l\u00e6setid\" \/>\n\t<meta name=\"twitter:data1\" content=\"3 minutter\" \/>\n<script type=\"application\/ld+json\" class=\"yoast-schema-graph\">{\"@context\":\"https:\/\/schema.org\",\"@graph\":[{\"@type\":\"WebPage\",\"@id\":\"https:\/\/arcticexcursions.com\/udflugter\/toptur-til-sermitsiaq\/\",\"url\":\"https:\/\/arcticexcursions.com\/udflugter\/toptur-til-sermitsiaq\/\",\"name\":\"Toptur til Sermitsiaq - Arctic Excursions\",\"isPartOf\":{\"@id\":\"https:\/\/arcticexcursions.com\/#website\"},\"primaryImageOfPage\":{\"@id\":\"https:\/\/arcticexcursions.com\/udflugter\/toptur-til-sermitsiaq\/#primaryimage\"},\"image\":{\"@id\":\"https:\/\/arcticexcursions.com\/udflugter\/toptur-til-sermitsiaq\/#primaryimage\"},\"thumbnailUrl\":\"https:\/\/arcticexcursions.com\/wp-content\/uploads\/2023\/07\/362412324_785483103060184_1752236285346504651_n.jpg\",\"datePublished\":\"2023-07-24T21:33:51+00:00\",\"dateModified\":\"2025-12-09T15:51:18+00:00\",\"breadcrumb\":{\"@id\":\"https:\/\/arcticexcursions.com\/udflugter\/toptur-til-sermitsiaq\/#breadcrumb\"},\"inLanguage\":\"da-DK\",\"potentialAction\":[{\"@type\":\"ReadAction\",\"target\":[\"https:\/\/arcticexcursions.com\/udflugter\/toptur-til-sermitsiaq\/\"]}]},{\"@type\":\"ImageObject\",\"inLanguage\":\"da-DK\",\"@id\":\"https:\/\/arcticexcursions.com\/udflugter\/toptur-til-sermitsiaq\/#primaryimage\",\"url\":\"https:\/\/arcticexcursions.com\/wp-content\/uploads\/2023\/07\/362412324_785483103060184_1752236285346504651_n.jpg\",\"contentUrl\":\"https:\/\/arcticexcursions.com\/wp-content\/uploads\/2023\/07\/362412324_785483103060184_1752236285346504651_n.jpg\",\"width\":2048,\"height\":915},{\"@type\":\"BreadcrumbList\",\"@id\":\"https:\/\/arcticexcursions.com\/udflugter\/toptur-til-sermitsiaq\/#breadcrumb\",\"itemListElement\":[{\"@type\":\"ListItem\",\"position\":1,\"name\":\"Home\",\"item\":\"https:\/\/arcticexcursions.com\/da\/\"},{\"@type\":\"ListItem\",\"position\":2,\"name\":\"Udflugter i Gr\u00f8nland\",\"item\":\"https:\/\/arcticexcursions.com\/da\/udflugter\/\"},{\"@type\":\"ListItem\",\"position\":3,\"name\":\"Toptur til Sermitsiaq\"}]},{\"@type\":\"WebSite\",\"@id\":\"https:\/\/arcticexcursions.com\/#website\",\"url\":\"https:\/\/arcticexcursions.com\/\",\"name\":\"Arctic Excursions\",\"description\":\"New adventures. Every day.\",\"publisher\":{\"@id\":\"https:\/\/arcticexcursions.com\/#organization\"},\"potentialAction\":[{\"@type\":\"SearchAction\",\"target\":{\"@type\":\"EntryPoint\",\"urlTemplate\":\"https:\/\/arcticexcursions.com\/?s={search_term_string}\"},\"query-input\":{\"@type\":\"PropertyValueSpecification\",\"valueRequired\":true,\"valueName\":\"search_term_string\"}}],\"inLanguage\":\"da-DK\"},{\"@type\":\"Organization\",\"@id\":\"https:\/\/arcticexcursions.com\/#organization\",\"name\":\"Arctic Excursions\",\"url\":\"https:\/\/arcticexcursions.com\/\",\"logo\":{\"@type\":\"ImageObject\",\"inLanguage\":\"da-DK\",\"@id\":\"https:\/\/arcticexcursions.com\/#\/schema\/logo\/image\/\",\"url\":\"https:\/\/arcticexcursions.com\/wp-content\/uploads\/2022\/11\/fb-logo.png\",\"contentUrl\":\"https:\/\/arcticexcursions.com\/wp-content\/uploads\/2022\/11\/fb-logo.png\",\"width\":523,\"height\":523,\"caption\":\"Arctic Excursions\"},\"image\":{\"@id\":\"https:\/\/arcticexcursions.com\/#\/schema\/logo\/image\/\"}}]}<\/script>\n<!-- \/ Yoast SEO plugin. -->","yoast_head_json":{"title":"Arctic Excursions","robots":{"index":"index","follow":"follow","max-snippet":"max-snippet:-1","max-image-preview":"max-image-preview:large","max-video-preview":"max-video-preview:-1"},"canonical":"https:\/\/arcticexcursions.com\/udflugter\/toptur-til-sermitsiaq\/","og_locale":"da_DK","og_type":"article","og_title":"Toptur til Sermitsiaq - Arctic Excursions","og_description":"Har du en dr\u00f8m om at bestige Sermitsiaq? Du har nu mulighed for dette med Tip Top Tours.  Udsigten fra toppen er fantastisk, og noget du sent vil glemme!","og_url":"https:\/\/arcticexcursions.com\/udflugter\/toptur-til-sermitsiaq\/","og_site_name":"Arctic Excursions","article_modified_time":"2025-12-09T15:51:18+00:00","og_image":[{"width":2048,"height":915,"url":"https:\/\/arcticexcursions.com\/wp-content\/uploads\/2023\/07\/362412324_785483103060184_1752236285346504651_n.jpg","type":"image\/jpeg"}],"twitter_card":"summary_large_image","twitter_misc":{"Estimeret l\u00e6setid":"3 minutter"},"schema":{"@context":"https:\/\/schema.org","@graph":[{"@type":"WebPage","@id":"https:\/\/arcticexcursions.com\/udflugter\/toptur-til-sermitsiaq\/","url":"https:\/\/arcticexcursions.com\/udflugter\/toptur-til-sermitsiaq\/","name":"Toptur til Sermitsiaq - Arctic Excursions","isPartOf":{"@id":"https:\/\/arcticexcursions.com\/#website"},"primaryImageOfPage":{"@id":"https:\/\/arcticexcursions.com\/udflugter\/toptur-til-sermitsiaq\/#primaryimage"},"image":{"@id":"https:\/\/arcticexcursions.com\/udflugter\/toptur-til-sermitsiaq\/#primaryimage"},"thumbnailUrl":"https:\/\/arcticexcursions.com\/wp-content\/uploads\/2023\/07\/362412324_785483103060184_1752236285346504651_n.jpg","datePublished":"2023-07-24T21:33:51+00:00","dateModified":"2025-12-09T15:51:18+00:00","breadcrumb":{"@id":"https:\/\/arcticexcursions.com\/udflugter\/toptur-til-sermitsiaq\/#breadcrumb"},"inLanguage":"da-DK","potentialAction":[{"@type":"ReadAction","target":["https:\/\/arcticexcursions.com\/udflugter\/toptur-til-sermitsiaq\/"]}]},{"@type":"ImageObject","inLanguage":"da-DK","@id":"https:\/\/arcticexcursions.com\/udflugter\/toptur-til-sermitsiaq\/#primaryimage","url":"https:\/\/arcticexcursions.com\/wp-content\/uploads\/2023\/07\/362412324_785483103060184_1752236285346504651_n.jpg","contentUrl":"https:\/\/arcticexcursions.com\/wp-content\/uploads\/2023\/07\/362412324_785483103060184_1752236285346504651_n.jpg","width":2048,"height":915},{"@type":"BreadcrumbList","@id":"https:\/\/arcticexcursions.com\/udflugter\/toptur-til-sermitsiaq\/#breadcrumb","itemListElement":[{"@type":"ListItem","position":1,"name":"Home","item":"https:\/\/arcticexcursions.com\/da\/"},{"@type":"ListItem","position":2,"name":"Udflugter i Gr\u00f8nland","item":"https:\/\/arcticexcursions.com\/da\/udflugter\/"},{"@type":"ListItem","position":3,"name":"Toptur til Sermitsiaq"}]},{"@type":"WebSite","@id":"https:\/\/arcticexcursions.com\/#website","url":"https:\/\/arcticexcursions.com\/","name":"Arctic Excursions","description":"New adventures. Every day.","publisher":{"@id":"https:\/\/arcticexcursions.com\/#organization"},"potentialAction":[{"@type":"SearchAction","target":{"@type":"EntryPoint","urlTemplate":"https:\/\/arcticexcursions.com\/?s={search_term_string}"},"query-input":{"@type":"PropertyValueSpecification","valueRequired":true,"valueName":"search_term_string"}}],"inLanguage":"da-DK"},{"@type":"Organization","@id":"https:\/\/arcticexcursions.com\/#organization","name":"Arctic Excursions","url":"https:\/\/arcticexcursions.com\/","logo":{"@type":"ImageObject","inLanguage":"da-DK","@id":"https:\/\/arcticexcursions.com\/#\/schema\/logo\/image\/","url":"https:\/\/arcticexcursions.com\/wp-content\/uploads\/2022\/11\/fb-logo.png","contentUrl":"https:\/\/arcticexcursions.com\/wp-content\/uploads\/2022\/11\/fb-logo.png","width":523,"height":523,"caption":"Arctic Excursions"},"image":{"@id":"https:\/\/arcticexcursions.com\/#\/schema\/logo\/image\/"}}]}},"_links":{"self":[{"href":"https:\/\/arcticexcursions.com\/da\/wp-json\/wp\/v2\/product\/18144"}],"collection":[{"href":"https:\/\/arcticexcursions.com\/da\/wp-json\/wp\/v2\/product"}],"about":[{"href":"https:\/\/arcticexcursions.com\/da\/wp-json\/wp\/v2\/types\/product"}],"replies":[{"embeddable":true,"href":"https:\/\/arcticexcursions.com\/da\/wp-json\/wp\/v2\/comments?post=18144"}],"wp:featuredmedia":[{"embeddable":true,"href":"https:\/\/arcticexcursions.com\/da\/wp-json\/wp\/v2\/media\/18753"}],"wp:attachment":[{"href":"https:\/\/arcticexcursions.com\/da\/wp-json\/wp\/v2\/media?parent=18144"}],"wp:term":[{"taxonomy":"product_brand","embeddable":true,"href":"https:\/\/arcticexcursions.com\/da\/wp-json\/wp\/v2\/product_brand?post=18144"},{"taxonomy":"product_cat","embeddable":true,"href":"https:\/\/arcticexcursions.com\/da\/wp-json\/wp\/v2\/product_cat?post=18144"},{"taxonomy":"product_tag","embeddable":true,"href":"https:\/\/arcticexcursions.com\/da\/wp-json\/wp\/v2\/product_tag?post=18144"}],"curies":[{"name":"wp","href":"https:\/\/api.w.org\/{rel}","templated":true}]}}