{"id":18220,"date":"2023-07-12T18:26:53","date_gmt":"2023-07-12T16:26:53","guid":{"rendered":"https:\/\/arcticexcursions.com\/?post_type=product&#038;p=18220"},"modified":"2026-02-19T16:19:20","modified_gmt":"2026-02-19T14:19:20","slug":"nuuk-fjord-tur","status":"publish","type":"product","link":"https:\/\/arcticexcursions.com\/da\/udflugter\/nuuk-fjord-tur\/","title":{"rendered":"Tur til Nuuk Fjord"},"content":{"rendered":"<p>Vi sejler med en lukket b\u00e5d, og selve sejlturen er en oplevelse i sig selv!<br \/>\nVi sejler i rundt i Nuuks fjord, hvor man kan v\u00e6re heldig at se dyreliv som f.eks. s\u00e6ler og hvaler.<br \/>\nDet kan v\u00e6re, at vi sejler omkring isskosser, afh\u00e6nger af hvor meget is der er.<\/p>\n<p>Der er toilet ombord p\u00e5 vores Arctic Commuter 25 (plads til 6 personer)<\/p>\n<p><b>Varighed:<\/b> Omkring 2 timer<\/p>\n<p><b>Sprog:<\/b> Guiden\/kaptajnen taler dansk, engelsk og gr\u00f8nlandsk <\/p>\n<p><b>B\u00e5dtype:<\/b> Lukket b\u00e5d <\/p>\n<p><b>Toiletforhold:<\/b> Der er toilet p\u00e5 b\u00e5den <\/p>\n<p><b>Forplejning:<\/b> Kaffe og te serveres p\u00e5 b\u00e5den <\/p>\n<p><b>Anbefalet p\u00e5kl\u00e6dning:<\/b> Varmt t\u00f8j inkl. hue og handsker hele \u00e5ret. Solbriller. Solcreme om sommeren. <\/p>\n<p><b>Deltagere:<\/b> Bem\u00e6rk venligst, at udflugten kun finder sted, hvis der er bestilt mindst 4 billetter i alt. Hvis du f.eks. bestiller 2 billetter, skal der s\u00e6lges mindst 2 ekstra billetter til andre kunder, for at turen kan gennemf\u00f8res. H\u00f8jst 6 personer kan deltage.<\/p>\n","protected":false},"excerpt":{"rendered":"<p>Oplev den smukke natur i Nuuks fjord<\/p>\n","protected":false},"featured_media":17711,"comment_status":"open","ping_status":"closed","template":"","meta":{"_acf_changed":false},"product_brand":[],"product_cat":[170],"product_tag":[],"class_list":{"0":"post-18220","1":"product","2":"type-product","3":"status-publish","4":"has-post-thumbnail","6":"product_cat-udflugt","7":"pa_dato-543","8":"pa_dato-465","9":"pa_dato-547","10":"pa_dato-548","11":"pa_dato-550","12":"pa_dato-551","13":"pa_dato-552","14":"pa_dato-553","15":"pa_dato-554","16":"pa_dato-555","17":"pa_dato-557","18":"pa_dato-522","19":"pa_dato-591","20":"pa_dato-593","21":"pa_dato-594","22":"pa_dato-694","23":"pa_dato-513","24":"pa_dato-511","25":"pa_dato-512","26":"pa_dato-695","27":"pa_dato-737","28":"pa_dato-740","29":"pa_dato-601","30":"pa_dato-604","31":"pa_dato-743","32":"pa_dato-618","33":"pa_dato-1092","34":"pa_dato-1063","35":"pa_dato-1064","36":"pa_dato-1065","37":"pa_dato-1066","38":"pa_dato-901","39":"pa_dato-898","40":"pa_dato-1067","41":"pa_dato-912","42":"pa_dato-1125","43":"pa_dato-1126","44":"pa_dato-1127","45":"pa_dato-902","46":"pa_dato-1173","47":"pa_dato-1174","48":"pa_dato-963","49":"pa_dato-1128","50":"pa_dato-1129","51":"pa_dato-1130","52":"pa_dato-1141","53":"pa_dato-1023","54":"pa_dato-1024","55":"pa_dato-966","56":"pa_dato-1025","57":"pa_dato-1026","58":"pa_dato-1027","59":"pa_dato-1028","60":"pa_dato-1029","61":"pa_dato-1030","62":"pa_dato-993","63":"pa_dato-998","64":"pa_dato-1022","65":"pa_dato-6043","66":"pa_dato-5890","67":"pa_dato-6017","68":"pa_dato-6071","69":"pa_dato-6064","70":"pa_dato-6047","71":"pa_dato-5932","72":"pa_dato-6005","73":"pa_dato-6056","74":"pa_dato-5892","75":"pa_dato-5951","76":"pa_dato-5879","77":"pa_dato-5949","78":"pa_dato-5983","79":"pa_dato-5882","80":"pa_dato-5953","81":"pa_dato-5965","82":"pa_dato-5975","83":"pa_dato-6021","84":"pa_dato-5954","85":"pa_dato-5880","86":"pa_dato-6058","87":"pa_dato-6059","88":"pa_dato-5937","89":"pa_dato-6067","90":"pa_dato-6023","91":"pa_dato-5926","92":"pa_dato-6006","93":"pa_dato-5955","94":"pa_dato-6062","95":"pa_dato-5930","96":"pa_dato-6025","97":"pa_dato-5928","98":"pa_dato-5888","99":"pa_dato-5988","100":"pa_dato-5946","101":"pa_dato-5889","102":"pa_dato-5963","103":"pa_dato-5956","104":"pa_dato-6060","105":"pa_dato-5990","106":"pa_dato-6061","107":"pa_dato-5940","108":"pa_dato-6003","109":"pa_dato-5957","110":"pa_dato-6028","111":"pa_dato-6301","112":"pa_dato-6284","113":"pa_dato-6258","114":"pa_tidspunkt-683","115":"pa_tidspunkt-70","116":"pa_tidspunkt-189","117":"pa_tidspunkt-34","118":"pa_tidspunkt-40","119":"pa_tidspunkt-58","120":"pa_tidspunkt-76","121":"pa_tidspunkt-223","122":"pa_tidspunkt-229","123":"pa_tidspunkt-182","124":"pa_tidspunkt-314","125":"pa_tidspunkt-308","126":"pa_tidspunkt-27","127":"pa_tidspunkt-430","128":"pa_tidspunkt-61","129":"pa_tidspunkt-68","130":"pa_tidspunkt-110","131":"pa_tidspunkt-686","132":"pa_tidspunkt-69","133":"pa_tidspunkt-828","134":"tour_location-nuuk-da","135":"tour_type-baadture","136":"tour_tickettype-arctic_excursions","137":"tour_operator-greenland-arctic-xplorers","139":"first","140":"instock","141":"shipping-taxable","142":"purchasable","143":"product-type-variable"},"acf":[],"yoast_head":"<!-- This site is optimized with the Yoast SEO plugin v23.6 - https:\/\/yoast.com\/wordpress\/plugins\/seo\/ -->\n<title>Arctic Excursions<\/title>\n<meta name=\"robots\" content=\"index, follow, max-snippet:-1, max-image-preview:large, max-video-preview:-1\" \/>\n<link rel=\"canonical\" href=\"https:\/\/arcticexcursions.com\/udflugter\/nuuk-fjord-tur\/\" \/>\n<meta property=\"og:locale\" content=\"da_DK\" \/>\n<meta property=\"og:type\" content=\"article\" \/>\n<meta property=\"og:title\" content=\"Tur til Nuuk Fjord - Arctic Excursions\" \/>\n<meta property=\"og:description\" content=\"Oplev den smukke natur i Nuuks fjord\" \/>\n<meta property=\"og:url\" content=\"https:\/\/arcticexcursions.com\/udflugter\/nuuk-fjord-tur\/\" \/>\n<meta property=\"og:site_name\" content=\"Arctic Excursions\" \/>\n<meta property=\"article:modified_time\" content=\"2026-02-19T14:19:20+00:00\" \/>\n<meta property=\"og:image\" content=\"https:\/\/arcticexcursions.com\/wp-content\/uploads\/2023\/07\/IMG_0436-scaled.jpg\" \/>\n\t<meta property=\"og:image:width\" content=\"1920\" \/>\n\t<meta property=\"og:image:height\" content=\"2560\" \/>\n\t<meta property=\"og:image:type\" content=\"image\/jpeg\" \/>\n<meta name=\"twitter:card\" content=\"summary_large_image\" \/>\n<meta name=\"twitter:label1\" content=\"Estimeret l\u00e6setid\" \/>\n\t<meta name=\"twitter:data1\" content=\"1 minut\" \/>\n<script type=\"application\/ld+json\" class=\"yoast-schema-graph\">{\"@context\":\"https:\/\/schema.org\",\"@graph\":[{\"@type\":\"WebPage\",\"@id\":\"https:\/\/arcticexcursions.com\/udflugter\/nuuk-fjord-tur\/\",\"url\":\"https:\/\/arcticexcursions.com\/udflugter\/nuuk-fjord-tur\/\",\"name\":\"Tur til Nuuk Fjord - Arctic Excursions\",\"isPartOf\":{\"@id\":\"https:\/\/arcticexcursions.com\/#website\"},\"primaryImageOfPage\":{\"@id\":\"https:\/\/arcticexcursions.com\/udflugter\/nuuk-fjord-tur\/#primaryimage\"},\"image\":{\"@id\":\"https:\/\/arcticexcursions.com\/udflugter\/nuuk-fjord-tur\/#primaryimage\"},\"thumbnailUrl\":\"https:\/\/arcticexcursions.com\/wp-content\/uploads\/2023\/07\/IMG_0436-scaled.jpg\",\"datePublished\":\"2023-07-12T16:26:53+00:00\",\"dateModified\":\"2026-02-19T14:19:20+00:00\",\"breadcrumb\":{\"@id\":\"https:\/\/arcticexcursions.com\/udflugter\/nuuk-fjord-tur\/#breadcrumb\"},\"inLanguage\":\"da-DK\",\"potentialAction\":[{\"@type\":\"ReadAction\",\"target\":[\"https:\/\/arcticexcursions.com\/udflugter\/nuuk-fjord-tur\/\"]}]},{\"@type\":\"ImageObject\",\"inLanguage\":\"da-DK\",\"@id\":\"https:\/\/arcticexcursions.com\/udflugter\/nuuk-fjord-tur\/#primaryimage\",\"url\":\"https:\/\/arcticexcursions.com\/wp-content\/uploads\/2023\/07\/IMG_0436-scaled.jpg\",\"contentUrl\":\"https:\/\/arcticexcursions.com\/wp-content\/uploads\/2023\/07\/IMG_0436-scaled.jpg\",\"width\":1920,\"height\":2560},{\"@type\":\"BreadcrumbList\",\"@id\":\"https:\/\/arcticexcursions.com\/udflugter\/nuuk-fjord-tur\/#breadcrumb\",\"itemListElement\":[{\"@type\":\"ListItem\",\"position\":1,\"name\":\"Home\",\"item\":\"https:\/\/arcticexcursions.com\/da\/\"},{\"@type\":\"ListItem\",\"position\":2,\"name\":\"Udflugter i Gr\u00f8nland\",\"item\":\"https:\/\/arcticexcursions.com\/da\/udflugter\/\"},{\"@type\":\"ListItem\",\"position\":3,\"name\":\"Tur til Nuuk Fjord\"}]},{\"@type\":\"WebSite\",\"@id\":\"https:\/\/arcticexcursions.com\/#website\",\"url\":\"https:\/\/arcticexcursions.com\/\",\"name\":\"Arctic Excursions\",\"description\":\"New adventures. Every day.\",\"publisher\":{\"@id\":\"https:\/\/arcticexcursions.com\/#organization\"},\"potentialAction\":[{\"@type\":\"SearchAction\",\"target\":{\"@type\":\"EntryPoint\",\"urlTemplate\":\"https:\/\/arcticexcursions.com\/?s={search_term_string}\"},\"query-input\":{\"@type\":\"PropertyValueSpecification\",\"valueRequired\":true,\"valueName\":\"search_term_string\"}}],\"inLanguage\":\"da-DK\"},{\"@type\":\"Organization\",\"@id\":\"https:\/\/arcticexcursions.com\/#organization\",\"name\":\"Arctic Excursions\",\"url\":\"https:\/\/arcticexcursions.com\/\",\"logo\":{\"@type\":\"ImageObject\",\"inLanguage\":\"da-DK\",\"@id\":\"https:\/\/arcticexcursions.com\/#\/schema\/logo\/image\/\",\"url\":\"https:\/\/arcticexcursions.com\/wp-content\/uploads\/2022\/11\/fb-logo.png\",\"contentUrl\":\"https:\/\/arcticexcursions.com\/wp-content\/uploads\/2022\/11\/fb-logo.png\",\"width\":523,\"height\":523,\"caption\":\"Arctic Excursions\"},\"image\":{\"@id\":\"https:\/\/arcticexcursions.com\/#\/schema\/logo\/image\/\"}}]}<\/script>\n<!-- \/ Yoast SEO plugin. -->","yoast_head_json":{"title":"Arctic Excursions","robots":{"index":"index","follow":"follow","max-snippet":"max-snippet:-1","max-image-preview":"max-image-preview:large","max-video-preview":"max-video-preview:-1"},"canonical":"https:\/\/arcticexcursions.com\/udflugter\/nuuk-fjord-tur\/","og_locale":"da_DK","og_type":"article","og_title":"Tur til Nuuk Fjord - Arctic Excursions","og_description":"Oplev den smukke natur i Nuuks fjord","og_url":"https:\/\/arcticexcursions.com\/udflugter\/nuuk-fjord-tur\/","og_site_name":"Arctic Excursions","article_modified_time":"2026-02-19T14:19:20+00:00","og_image":[{"width":1920,"height":2560,"url":"https:\/\/arcticexcursions.com\/wp-content\/uploads\/2023\/07\/IMG_0436-scaled.jpg","type":"image\/jpeg"}],"twitter_card":"summary_large_image","twitter_misc":{"Estimeret l\u00e6setid":"1 minut"},"schema":{"@context":"https:\/\/schema.org","@graph":[{"@type":"WebPage","@id":"https:\/\/arcticexcursions.com\/udflugter\/nuuk-fjord-tur\/","url":"https:\/\/arcticexcursions.com\/udflugter\/nuuk-fjord-tur\/","name":"Tur til Nuuk Fjord - Arctic Excursions","isPartOf":{"@id":"https:\/\/arcticexcursions.com\/#website"},"primaryImageOfPage":{"@id":"https:\/\/arcticexcursions.com\/udflugter\/nuuk-fjord-tur\/#primaryimage"},"image":{"@id":"https:\/\/arcticexcursions.com\/udflugter\/nuuk-fjord-tur\/#primaryimage"},"thumbnailUrl":"https:\/\/arcticexcursions.com\/wp-content\/uploads\/2023\/07\/IMG_0436-scaled.jpg","datePublished":"2023-07-12T16:26:53+00:00","dateModified":"2026-02-19T14:19:20+00:00","breadcrumb":{"@id":"https:\/\/arcticexcursions.com\/udflugter\/nuuk-fjord-tur\/#breadcrumb"},"inLanguage":"da-DK","potentialAction":[{"@type":"ReadAction","target":["https:\/\/arcticexcursions.com\/udflugter\/nuuk-fjord-tur\/"]}]},{"@type":"ImageObject","inLanguage":"da-DK","@id":"https:\/\/arcticexcursions.com\/udflugter\/nuuk-fjord-tur\/#primaryimage","url":"https:\/\/arcticexcursions.com\/wp-content\/uploads\/2023\/07\/IMG_0436-scaled.jpg","contentUrl":"https:\/\/arcticexcursions.com\/wp-content\/uploads\/2023\/07\/IMG_0436-scaled.jpg","width":1920,"height":2560},{"@type":"BreadcrumbList","@id":"https:\/\/arcticexcursions.com\/udflugter\/nuuk-fjord-tur\/#breadcrumb","itemListElement":[{"@type":"ListItem","position":1,"name":"Home","item":"https:\/\/arcticexcursions.com\/da\/"},{"@type":"ListItem","position":2,"name":"Udflugter i Gr\u00f8nland","item":"https:\/\/arcticexcursions.com\/da\/udflugter\/"},{"@type":"ListItem","position":3,"name":"Tur til Nuuk Fjord"}]},{"@type":"WebSite","@id":"https:\/\/arcticexcursions.com\/#website","url":"https:\/\/arcticexcursions.com\/","name":"Arctic Excursions","description":"New adventures. Every day.","publisher":{"@id":"https:\/\/arcticexcursions.com\/#organization"},"potentialAction":[{"@type":"SearchAction","target":{"@type":"EntryPoint","urlTemplate":"https:\/\/arcticexcursions.com\/?s={search_term_string}"},"query-input":{"@type":"PropertyValueSpecification","valueRequired":true,"valueName":"search_term_string"}}],"inLanguage":"da-DK"},{"@type":"Organization","@id":"https:\/\/arcticexcursions.com\/#organization","name":"Arctic Excursions","url":"https:\/\/arcticexcursions.com\/","logo":{"@type":"ImageObject","inLanguage":"da-DK","@id":"https:\/\/arcticexcursions.com\/#\/schema\/logo\/image\/","url":"https:\/\/arcticexcursions.com\/wp-content\/uploads\/2022\/11\/fb-logo.png","contentUrl":"https:\/\/arcticexcursions.com\/wp-content\/uploads\/2022\/11\/fb-logo.png","width":523,"height":523,"caption":"Arctic Excursions"},"image":{"@id":"https:\/\/arcticexcursions.com\/#\/schema\/logo\/image\/"}}]}},"_links":{"self":[{"href":"https:\/\/arcticexcursions.com\/da\/wp-json\/wp\/v2\/product\/18220"}],"collection":[{"href":"https:\/\/arcticexcursions.com\/da\/wp-json\/wp\/v2\/product"}],"about":[{"href":"https:\/\/arcticexcursions.com\/da\/wp-json\/wp\/v2\/types\/product"}],"replies":[{"embeddable":true,"href":"https:\/\/arcticexcursions.com\/da\/wp-json\/wp\/v2\/comments?post=18220"}],"wp:featuredmedia":[{"embeddable":true,"href":"https:\/\/arcticexcursions.com\/da\/wp-json\/wp\/v2\/media\/17711"}],"wp:attachment":[{"href":"https:\/\/arcticexcursions.com\/da\/wp-json\/wp\/v2\/media?parent=18220"}],"wp:term":[{"taxonomy":"product_brand","embeddable":true,"href":"https:\/\/arcticexcursions.com\/da\/wp-json\/wp\/v2\/product_brand?post=18220"},{"taxonomy":"product_cat","embeddable":true,"href":"https:\/\/arcticexcursions.com\/da\/wp-json\/wp\/v2\/product_cat?post=18220"},{"taxonomy":"product_tag","embeddable":true,"href":"https:\/\/arcticexcursions.com\/da\/wp-json\/wp\/v2\/product_tag?post=18220"}],"curies":[{"name":"wp","href":"https:\/\/api.w.org\/{rel}","templated":true}]}}