{"id":18333,"date":"2023-07-13T16:36:16","date_gmt":"2023-07-13T14:36:16","guid":{"rendered":"https:\/\/arcticexcursions.com\/?post_type=product&#038;p=18333"},"modified":"2026-03-02T20:29:32","modified_gmt":"2026-03-02T18:29:32","slug":"hvalsafari-i-nuuks-fjord","status":"publish","type":"product","link":"https:\/\/arcticexcursions.com\/da\/udflugter\/hvalsafari-i-nuuks-fjord\/","title":{"rendered":"Hvalsafari i Nuuks fjord"},"content":{"rendered":"<p>Vi vil sejle ind i Nuuks fjord og pr\u00f8ve at komme s\u00e5 t\u00e6t p\u00e5 hvalerne, vi kan.<br \/>\nMen da de er vilde dyr, kan vi ikke garantere at se dem.<br \/>\nKom med os p\u00e5 en tur, og se den smukke natur og nyd udsigten. <\/p>\n<p>Vi sejler i en lukket b\u00e5d, og der er toilet ombord p\u00e5 b\u00e5den.<\/p>\n<p><b>Varighed<\/b> 3 timer<\/p>\n<p><b>Sprog:<\/b> Guiden\/kaptajnen taler dansk, engelsk og gr\u00f8nlandsk <\/p>\n<p><b>B\u00e5dtype:<\/b> Lukket b\u00e5d <\/p>\n<p><b>Toiletforhold:<\/b> Der er toilet p\u00e5 b\u00e5den <\/p>\n<p><b>Forplejning:<\/b> Kaffe og te serveres p\u00e5 b\u00e5den <\/p>\n<p><b>Anbefalet p\u00e5kl\u00e6dning:<\/b> Varmt t\u00f8j inkl. hue og handsker hele \u00e5ret. Solbriller. Solcreme om sommeren. <\/p>\n<p><b>Deltagere:<\/b> Bem\u00e6rk venligst, at udflugten kun finder sted, hvis der er bestilt mindst 4 billetter i alt. Hvis du f.eks. bestiller 2 billetter, skal der s\u00e6lges mindst 2 ekstra billetter til andre kunder, for at turen kan gennemf\u00f8res. H\u00f8jst 8 personer kan deltage.<\/p>\n","protected":false},"excerpt":{"rendered":"<p>Kom med p\u00e5 hvalsafari i Nuuks fjord<\/p>\n","protected":false},"featured_media":18329,"comment_status":"open","ping_status":"closed","template":"","meta":{"_acf_changed":false},"product_brand":[],"product_cat":[170],"product_tag":[],"class_list":{"0":"post-18333","1":"product","2":"type-product","3":"status-publish","4":"has-post-thumbnail","6":"product_cat-udflugt","7":"pa_dato-554","8":"pa_dato-555","9":"pa_dato-557","10":"pa_dato-558","11":"pa_dato-695","12":"pa_dato-737","13":"pa_dato-598","14":"pa_dato-599","15":"pa_dato-600","16":"pa_dato-739","17":"pa_dato-740","18":"pa_dato-1063","19":"pa_dato-1064","20":"pa_dato-1065","21":"pa_dato-1066","22":"pa_dato-901","23":"pa_dato-898","24":"pa_dato-1067","25":"pa_dato-912","26":"pa_dato-1125","27":"pa_dato-1126","28":"pa_dato-1127","29":"pa_dato-902","30":"pa_dato-1173","31":"pa_dato-1174","32":"pa_dato-963","33":"pa_dato-1128","34":"pa_dato-1129","35":"pa_dato-1130","36":"pa_dato-1141","37":"pa_dato-1023","38":"pa_dato-1024","39":"pa_dato-966","40":"pa_dato-1025","41":"pa_dato-1026","42":"pa_dato-1027","43":"pa_dato-1028","44":"pa_dato-1029","45":"pa_dato-1030","46":"pa_dato-1373","47":"pa_dato-5923","48":"pa_dato-5891","49":"pa_dato-6043","50":"pa_dato-5934","51":"pa_dato-6071","52":"pa_dato-6075","53":"pa_dato-5936","54":"pa_dato-6018","55":"pa_dato-6047","56":"pa_dato-5932","57":"pa_dato-5999","58":"pa_dato-6005","59":"pa_dato-1193","60":"pa_dato-6056","61":"pa_dato-5892","62":"pa_dato-5951","63":"pa_dato-5983","64":"pa_dato-5953","65":"pa_dato-5965","66":"pa_dato-5975","67":"pa_dato-6021","68":"pa_dato-6051","69":"pa_dato-6030","70":"pa_dato-5954","71":"pa_dato-5880","72":"pa_dato-6022","73":"pa_dato-6058","74":"pa_dato-6059","75":"pa_dato-5964","76":"pa_dato-6067","77":"pa_dato-6023","78":"pa_dato-5926","79":"pa_dato-6006","80":"pa_dato-5955","81":"pa_dato-5930","82":"pa_dato-6025","83":"pa_dato-5883","84":"pa_dato-5928","85":"pa_dato-5888","86":"pa_dato-5988","87":"pa_dato-5924","88":"pa_dato-5946","89":"pa_dato-5889","90":"pa_dato-5963","91":"pa_dato-5956","92":"pa_dato-6060","93":"pa_dato-6026","94":"pa_dato-6061","95":"pa_dato-5940","96":"pa_dato-6003","97":"pa_dato-5957","98":"pa_dato-6028","99":"pa_dato-6174","100":"pa_dato-6429","101":"pa_tidspunkt-40","102":"pa_tidspunkt-478","103":"pa_tidspunkt-308","104":"pa_tidspunkt-431","105":"pa_tidspunkt-426","106":"pa_tidspunkt-39","107":"pa_tidspunkt-57","108":"pa_tidspunkt-686","109":"tour_location-nuuk-da","110":"tour_type-hvalsafari","111":"tour_tickettype-arctic_excursions","112":"tour_operator-greenland-arctic-xplorers","114":"first","115":"instock","116":"shipping-taxable","117":"purchasable","118":"product-type-variable"},"acf":[],"yoast_head":"<!-- This site is optimized with the Yoast SEO plugin v23.6 - https:\/\/yoast.com\/wordpress\/plugins\/seo\/ -->\n<title>Arctic Excursions<\/title>\n<meta name=\"robots\" content=\"index, follow, max-snippet:-1, max-image-preview:large, max-video-preview:-1\" \/>\n<link rel=\"canonical\" href=\"https:\/\/arcticexcursions.com\/da\/udflugter\/hvalsafari-i-nuuks-fjord\/\" \/>\n<meta property=\"og:locale\" content=\"da_DK\" \/>\n<meta property=\"og:type\" content=\"article\" \/>\n<meta property=\"og:title\" content=\"Hvalsafari i Nuuks fjord - Arctic Excursions\" \/>\n<meta property=\"og:description\" content=\"Kom med p\u00e5 hvalsafari i Nuuks fjord\" \/>\n<meta property=\"og:url\" content=\"https:\/\/arcticexcursions.com\/da\/udflugter\/hvalsafari-i-nuuks-fjord\/\" \/>\n<meta property=\"og:site_name\" content=\"Arctic Excursions\" \/>\n<meta property=\"article:modified_time\" content=\"2026-03-02T18:29:32+00:00\" \/>\n<meta property=\"og:image\" content=\"https:\/\/arcticexcursions.com\/wp-content\/uploads\/2023\/07\/inspiration_hval-1280x539-1.jpg\" \/>\n\t<meta property=\"og:image:width\" content=\"1280\" \/>\n\t<meta property=\"og:image:height\" content=\"539\" \/>\n\t<meta property=\"og:image:type\" content=\"image\/jpeg\" \/>\n<meta name=\"twitter:card\" content=\"summary_large_image\" \/>\n<meta name=\"twitter:label1\" content=\"Estimeret l\u00e6setid\" \/>\n\t<meta name=\"twitter:data1\" content=\"1 minut\" \/>\n<script type=\"application\/ld+json\" class=\"yoast-schema-graph\">{\"@context\":\"https:\/\/schema.org\",\"@graph\":[{\"@type\":\"WebPage\",\"@id\":\"https:\/\/arcticexcursions.com\/da\/udflugter\/hvalsafari-i-nuuks-fjord\/\",\"url\":\"https:\/\/arcticexcursions.com\/da\/udflugter\/hvalsafari-i-nuuks-fjord\/\",\"name\":\"Hvalsafari i Nuuks fjord - Arctic Excursions\",\"isPartOf\":{\"@id\":\"https:\/\/arcticexcursions.com\/#website\"},\"primaryImageOfPage\":{\"@id\":\"https:\/\/arcticexcursions.com\/da\/udflugter\/hvalsafari-i-nuuks-fjord\/#primaryimage\"},\"image\":{\"@id\":\"https:\/\/arcticexcursions.com\/da\/udflugter\/hvalsafari-i-nuuks-fjord\/#primaryimage\"},\"thumbnailUrl\":\"https:\/\/arcticexcursions.com\/wp-content\/uploads\/2023\/07\/inspiration_hval-1280x539-1.jpg\",\"datePublished\":\"2023-07-13T14:36:16+00:00\",\"dateModified\":\"2026-03-02T18:29:32+00:00\",\"breadcrumb\":{\"@id\":\"https:\/\/arcticexcursions.com\/da\/udflugter\/hvalsafari-i-nuuks-fjord\/#breadcrumb\"},\"inLanguage\":\"da-DK\",\"potentialAction\":[{\"@type\":\"ReadAction\",\"target\":[\"https:\/\/arcticexcursions.com\/da\/udflugter\/hvalsafari-i-nuuks-fjord\/\"]}]},{\"@type\":\"ImageObject\",\"inLanguage\":\"da-DK\",\"@id\":\"https:\/\/arcticexcursions.com\/da\/udflugter\/hvalsafari-i-nuuks-fjord\/#primaryimage\",\"url\":\"https:\/\/arcticexcursions.com\/wp-content\/uploads\/2023\/07\/inspiration_hval-1280x539-1.jpg\",\"contentUrl\":\"https:\/\/arcticexcursions.com\/wp-content\/uploads\/2023\/07\/inspiration_hval-1280x539-1.jpg\",\"width\":1280,\"height\":539},{\"@type\":\"BreadcrumbList\",\"@id\":\"https:\/\/arcticexcursions.com\/da\/udflugter\/hvalsafari-i-nuuks-fjord\/#breadcrumb\",\"itemListElement\":[{\"@type\":\"ListItem\",\"position\":1,\"name\":\"Home\",\"item\":\"https:\/\/arcticexcursions.com\/da\/\"},{\"@type\":\"ListItem\",\"position\":2,\"name\":\"Udflugter i Gr\u00f8nland\",\"item\":\"https:\/\/arcticexcursions.com\/da\/udflugter\/\"},{\"@type\":\"ListItem\",\"position\":3,\"name\":\"Hvalsafari i Nuuks fjord\"}]},{\"@type\":\"WebSite\",\"@id\":\"https:\/\/arcticexcursions.com\/#website\",\"url\":\"https:\/\/arcticexcursions.com\/\",\"name\":\"Arctic Excursions\",\"description\":\"New adventures. Every day.\",\"publisher\":{\"@id\":\"https:\/\/arcticexcursions.com\/#organization\"},\"potentialAction\":[{\"@type\":\"SearchAction\",\"target\":{\"@type\":\"EntryPoint\",\"urlTemplate\":\"https:\/\/arcticexcursions.com\/?s={search_term_string}\"},\"query-input\":{\"@type\":\"PropertyValueSpecification\",\"valueRequired\":true,\"valueName\":\"search_term_string\"}}],\"inLanguage\":\"da-DK\"},{\"@type\":\"Organization\",\"@id\":\"https:\/\/arcticexcursions.com\/#organization\",\"name\":\"Arctic Excursions\",\"url\":\"https:\/\/arcticexcursions.com\/\",\"logo\":{\"@type\":\"ImageObject\",\"inLanguage\":\"da-DK\",\"@id\":\"https:\/\/arcticexcursions.com\/#\/schema\/logo\/image\/\",\"url\":\"https:\/\/arcticexcursions.com\/wp-content\/uploads\/2022\/11\/fb-logo.png\",\"contentUrl\":\"https:\/\/arcticexcursions.com\/wp-content\/uploads\/2022\/11\/fb-logo.png\",\"width\":523,\"height\":523,\"caption\":\"Arctic Excursions\"},\"image\":{\"@id\":\"https:\/\/arcticexcursions.com\/#\/schema\/logo\/image\/\"}}]}<\/script>\n<!-- \/ Yoast SEO plugin. -->","yoast_head_json":{"title":"Arctic Excursions","robots":{"index":"index","follow":"follow","max-snippet":"max-snippet:-1","max-image-preview":"max-image-preview:large","max-video-preview":"max-video-preview:-1"},"canonical":"https:\/\/arcticexcursions.com\/da\/udflugter\/hvalsafari-i-nuuks-fjord\/","og_locale":"da_DK","og_type":"article","og_title":"Hvalsafari i Nuuks fjord - Arctic Excursions","og_description":"Kom med p\u00e5 hvalsafari i Nuuks fjord","og_url":"https:\/\/arcticexcursions.com\/da\/udflugter\/hvalsafari-i-nuuks-fjord\/","og_site_name":"Arctic Excursions","article_modified_time":"2026-03-02T18:29:32+00:00","og_image":[{"width":1280,"height":539,"url":"https:\/\/arcticexcursions.com\/wp-content\/uploads\/2023\/07\/inspiration_hval-1280x539-1.jpg","type":"image\/jpeg"}],"twitter_card":"summary_large_image","twitter_misc":{"Estimeret l\u00e6setid":"1 minut"},"schema":{"@context":"https:\/\/schema.org","@graph":[{"@type":"WebPage","@id":"https:\/\/arcticexcursions.com\/da\/udflugter\/hvalsafari-i-nuuks-fjord\/","url":"https:\/\/arcticexcursions.com\/da\/udflugter\/hvalsafari-i-nuuks-fjord\/","name":"Hvalsafari i Nuuks fjord - Arctic Excursions","isPartOf":{"@id":"https:\/\/arcticexcursions.com\/#website"},"primaryImageOfPage":{"@id":"https:\/\/arcticexcursions.com\/da\/udflugter\/hvalsafari-i-nuuks-fjord\/#primaryimage"},"image":{"@id":"https:\/\/arcticexcursions.com\/da\/udflugter\/hvalsafari-i-nuuks-fjord\/#primaryimage"},"thumbnailUrl":"https:\/\/arcticexcursions.com\/wp-content\/uploads\/2023\/07\/inspiration_hval-1280x539-1.jpg","datePublished":"2023-07-13T14:36:16+00:00","dateModified":"2026-03-02T18:29:32+00:00","breadcrumb":{"@id":"https:\/\/arcticexcursions.com\/da\/udflugter\/hvalsafari-i-nuuks-fjord\/#breadcrumb"},"inLanguage":"da-DK","potentialAction":[{"@type":"ReadAction","target":["https:\/\/arcticexcursions.com\/da\/udflugter\/hvalsafari-i-nuuks-fjord\/"]}]},{"@type":"ImageObject","inLanguage":"da-DK","@id":"https:\/\/arcticexcursions.com\/da\/udflugter\/hvalsafari-i-nuuks-fjord\/#primaryimage","url":"https:\/\/arcticexcursions.com\/wp-content\/uploads\/2023\/07\/inspiration_hval-1280x539-1.jpg","contentUrl":"https:\/\/arcticexcursions.com\/wp-content\/uploads\/2023\/07\/inspiration_hval-1280x539-1.jpg","width":1280,"height":539},{"@type":"BreadcrumbList","@id":"https:\/\/arcticexcursions.com\/da\/udflugter\/hvalsafari-i-nuuks-fjord\/#breadcrumb","itemListElement":[{"@type":"ListItem","position":1,"name":"Home","item":"https:\/\/arcticexcursions.com\/da\/"},{"@type":"ListItem","position":2,"name":"Udflugter i Gr\u00f8nland","item":"https:\/\/arcticexcursions.com\/da\/udflugter\/"},{"@type":"ListItem","position":3,"name":"Hvalsafari i Nuuks fjord"}]},{"@type":"WebSite","@id":"https:\/\/arcticexcursions.com\/#website","url":"https:\/\/arcticexcursions.com\/","name":"Arctic Excursions","description":"New adventures. Every day.","publisher":{"@id":"https:\/\/arcticexcursions.com\/#organization"},"potentialAction":[{"@type":"SearchAction","target":{"@type":"EntryPoint","urlTemplate":"https:\/\/arcticexcursions.com\/?s={search_term_string}"},"query-input":{"@type":"PropertyValueSpecification","valueRequired":true,"valueName":"search_term_string"}}],"inLanguage":"da-DK"},{"@type":"Organization","@id":"https:\/\/arcticexcursions.com\/#organization","name":"Arctic Excursions","url":"https:\/\/arcticexcursions.com\/","logo":{"@type":"ImageObject","inLanguage":"da-DK","@id":"https:\/\/arcticexcursions.com\/#\/schema\/logo\/image\/","url":"https:\/\/arcticexcursions.com\/wp-content\/uploads\/2022\/11\/fb-logo.png","contentUrl":"https:\/\/arcticexcursions.com\/wp-content\/uploads\/2022\/11\/fb-logo.png","width":523,"height":523,"caption":"Arctic Excursions"},"image":{"@id":"https:\/\/arcticexcursions.com\/#\/schema\/logo\/image\/"}}]}},"_links":{"self":[{"href":"https:\/\/arcticexcursions.com\/da\/wp-json\/wp\/v2\/product\/18333"}],"collection":[{"href":"https:\/\/arcticexcursions.com\/da\/wp-json\/wp\/v2\/product"}],"about":[{"href":"https:\/\/arcticexcursions.com\/da\/wp-json\/wp\/v2\/types\/product"}],"replies":[{"embeddable":true,"href":"https:\/\/arcticexcursions.com\/da\/wp-json\/wp\/v2\/comments?post=18333"}],"wp:featuredmedia":[{"embeddable":true,"href":"https:\/\/arcticexcursions.com\/da\/wp-json\/wp\/v2\/media\/18329"}],"wp:attachment":[{"href":"https:\/\/arcticexcursions.com\/da\/wp-json\/wp\/v2\/media?parent=18333"}],"wp:term":[{"taxonomy":"product_brand","embeddable":true,"href":"https:\/\/arcticexcursions.com\/da\/wp-json\/wp\/v2\/product_brand?post=18333"},{"taxonomy":"product_cat","embeddable":true,"href":"https:\/\/arcticexcursions.com\/da\/wp-json\/wp\/v2\/product_cat?post=18333"},{"taxonomy":"product_tag","embeddable":true,"href":"https:\/\/arcticexcursions.com\/da\/wp-json\/wp\/v2\/product_tag?post=18333"}],"curies":[{"name":"wp","href":"https:\/\/api.w.org\/{rel}","templated":true}]}}