{"id":18752,"date":"2023-07-26T11:36:23","date_gmt":"2023-07-26T09:36:23","guid":{"rendered":"https:\/\/arcticexcursions.com\/?post_type=product&#038;p=18752"},"modified":"2025-11-05T18:36:11","modified_gmt":"2025-11-05T16:36:11","slug":"return-boat-transfer-to-ilulissat-city-from-ilimanaq","status":"publish","type":"product","link":"https:\/\/arcticexcursions.com\/da\/udflugter\/return-boat-transfer-to-ilulissat-city-from-ilimanaq\/","title":{"rendered":"B\u00e5dtransfer mellem Ilimanaq og Ilulissat"},"content":{"rendered":"<p>Fra havnen i Ilimanaq har du mulighed for at blive sejlet til den smukke og sp\u00e6ndende by, Ilulissat, om formiddagen, f\u00f8r du bliver sejlet tilbage til Ilimanaq om eftermiddagen. <\/p>\n<p><b>Varighed:<\/b> ca. 30 minutter hver vej, kommer an p\u00e5 isen.<br \/>\nDer er afgang fra Ilimanaq havn kl. 10.00<br \/>\nB\u00e5den returnerer fra Tankeeraq, Ilulissat havn kl. 15.30. <\/p>\n<p>Udover at denne b\u00e5dtransfer er en oplagt mulighed for at bes\u00f8ge den fascinerende by, Ilulissat, er det ogs\u00e5 en god mulighed for at komme ud og sejle blandt de store isbjerge.<\/p>\n<p><b>Deltagere:<\/b> B\u00e5den har plads til i alt 10 personer og har indend\u00f8rs sidepladser. <\/p>\n<p><b>Sprog:<\/b> Guiden\/kaptajnen taler dansk, engelsk og gr\u00f8nlandsk<\/p>\n<p><b>Anbefalet p\u00e5kl\u00e6dning:<\/b> Varmt t\u00f8j inkl. hue og handsker hele \u00e5ret. Solbriller. Solcreme om sommeren.<\/p>\n","protected":false},"excerpt":{"rendered":"<p>B\u00e5dtransfer mellem Ilimanaq og Ilulissat (Tur\/Retur) <\/p>\n","protected":false},"featured_media":17951,"comment_status":"open","ping_status":"closed","template":"","meta":{"_acf_changed":false},"product_brand":[],"product_cat":[101,170],"product_tag":[],"class_list":{"0":"post-18752","1":"product","2":"type-product","3":"status-publish","4":"has-post-thumbnail","6":"product_cat-tour","7":"product_cat-udflugt","8":"pa_dato-593","9":"pa_dato-603","10":"pa_dato-989","11":"pa_tidspunkt-40","12":"tour_location-ilimanaq-da","13":"tour_type-baadture","14":"tour_tickettype-arctic_excursions","15":"tour_operator-ilulissat-escape","17":"first","18":"outofstock","19":"shipping-taxable","20":"product-type-variable"},"acf":[],"yoast_head":"<!-- This site is optimized with the Yoast SEO plugin v23.6 - https:\/\/yoast.com\/wordpress\/plugins\/seo\/ -->\n<title>Arctic Excursions<\/title>\n<meta name=\"robots\" content=\"index, follow, max-snippet:-1, max-image-preview:large, max-video-preview:-1\" \/>\n<link rel=\"canonical\" href=\"https:\/\/arcticexcursions.com\/da\/udflugter\/return-boat-transfer-to-ilulissat-city-from-ilimanaq\/\" \/>\n<meta property=\"og:locale\" content=\"da_DK\" \/>\n<meta property=\"og:type\" content=\"article\" \/>\n<meta property=\"og:title\" content=\"B\u00e5dtransfer mellem Ilimanaq og Ilulissat - Arctic Excursions\" \/>\n<meta property=\"og:description\" content=\"B\u00e5dtransfer mellem Ilimanaq og Ilulissat (Tur\/Retur)\" \/>\n<meta property=\"og:url\" content=\"https:\/\/arcticexcursions.com\/da\/udflugter\/return-boat-transfer-to-ilulissat-city-from-ilimanaq\/\" \/>\n<meta property=\"og:site_name\" content=\"Arctic Excursions\" \/>\n<meta property=\"article:modified_time\" content=\"2025-11-05T16:36:11+00:00\" \/>\n<meta property=\"og:image\" content=\"https:\/\/arcticexcursions.com\/wp-content\/uploads\/2023\/07\/Ilulissat-Escape-boat-6.jpeg\" \/>\n\t<meta property=\"og:image:width\" content=\"2048\" \/>\n\t<meta property=\"og:image:height\" content=\"1536\" \/>\n\t<meta property=\"og:image:type\" content=\"image\/jpeg\" \/>\n<meta name=\"twitter:card\" content=\"summary_large_image\" \/>\n<meta name=\"twitter:label1\" content=\"Estimeret l\u00e6setid\" \/>\n\t<meta name=\"twitter:data1\" content=\"1 minut\" \/>\n<script type=\"application\/ld+json\" class=\"yoast-schema-graph\">{\"@context\":\"https:\/\/schema.org\",\"@graph\":[{\"@type\":\"WebPage\",\"@id\":\"https:\/\/arcticexcursions.com\/da\/udflugter\/return-boat-transfer-to-ilulissat-city-from-ilimanaq\/\",\"url\":\"https:\/\/arcticexcursions.com\/da\/udflugter\/return-boat-transfer-to-ilulissat-city-from-ilimanaq\/\",\"name\":\"B\u00e5dtransfer mellem Ilimanaq og Ilulissat - Arctic Excursions\",\"isPartOf\":{\"@id\":\"https:\/\/arcticexcursions.com\/#website\"},\"primaryImageOfPage\":{\"@id\":\"https:\/\/arcticexcursions.com\/da\/udflugter\/return-boat-transfer-to-ilulissat-city-from-ilimanaq\/#primaryimage\"},\"image\":{\"@id\":\"https:\/\/arcticexcursions.com\/da\/udflugter\/return-boat-transfer-to-ilulissat-city-from-ilimanaq\/#primaryimage\"},\"thumbnailUrl\":\"https:\/\/arcticexcursions.com\/wp-content\/uploads\/2023\/07\/Ilulissat-Escape-boat-6.jpeg\",\"datePublished\":\"2023-07-26T09:36:23+00:00\",\"dateModified\":\"2025-11-05T16:36:11+00:00\",\"breadcrumb\":{\"@id\":\"https:\/\/arcticexcursions.com\/da\/udflugter\/return-boat-transfer-to-ilulissat-city-from-ilimanaq\/#breadcrumb\"},\"inLanguage\":\"da-DK\",\"potentialAction\":[{\"@type\":\"ReadAction\",\"target\":[\"https:\/\/arcticexcursions.com\/da\/udflugter\/return-boat-transfer-to-ilulissat-city-from-ilimanaq\/\"]}]},{\"@type\":\"ImageObject\",\"inLanguage\":\"da-DK\",\"@id\":\"https:\/\/arcticexcursions.com\/da\/udflugter\/return-boat-transfer-to-ilulissat-city-from-ilimanaq\/#primaryimage\",\"url\":\"https:\/\/arcticexcursions.com\/wp-content\/uploads\/2023\/07\/Ilulissat-Escape-boat-6.jpeg\",\"contentUrl\":\"https:\/\/arcticexcursions.com\/wp-content\/uploads\/2023\/07\/Ilulissat-Escape-boat-6.jpeg\",\"width\":2048,\"height\":1536},{\"@type\":\"BreadcrumbList\",\"@id\":\"https:\/\/arcticexcursions.com\/da\/udflugter\/return-boat-transfer-to-ilulissat-city-from-ilimanaq\/#breadcrumb\",\"itemListElement\":[{\"@type\":\"ListItem\",\"position\":1,\"name\":\"Home\",\"item\":\"https:\/\/arcticexcursions.com\/da\/\"},{\"@type\":\"ListItem\",\"position\":2,\"name\":\"Udflugter i Gr\u00f8nland\",\"item\":\"https:\/\/arcticexcursions.com\/da\/udflugter\/\"},{\"@type\":\"ListItem\",\"position\":3,\"name\":\"B\u00e5dtransfer mellem Ilimanaq og Ilulissat\"}]},{\"@type\":\"WebSite\",\"@id\":\"https:\/\/arcticexcursions.com\/#website\",\"url\":\"https:\/\/arcticexcursions.com\/\",\"name\":\"Arctic Excursions\",\"description\":\"New adventures. Every day.\",\"publisher\":{\"@id\":\"https:\/\/arcticexcursions.com\/#organization\"},\"potentialAction\":[{\"@type\":\"SearchAction\",\"target\":{\"@type\":\"EntryPoint\",\"urlTemplate\":\"https:\/\/arcticexcursions.com\/?s={search_term_string}\"},\"query-input\":{\"@type\":\"PropertyValueSpecification\",\"valueRequired\":true,\"valueName\":\"search_term_string\"}}],\"inLanguage\":\"da-DK\"},{\"@type\":\"Organization\",\"@id\":\"https:\/\/arcticexcursions.com\/#organization\",\"name\":\"Arctic Excursions\",\"url\":\"https:\/\/arcticexcursions.com\/\",\"logo\":{\"@type\":\"ImageObject\",\"inLanguage\":\"da-DK\",\"@id\":\"https:\/\/arcticexcursions.com\/#\/schema\/logo\/image\/\",\"url\":\"https:\/\/arcticexcursions.com\/wp-content\/uploads\/2022\/11\/fb-logo.png\",\"contentUrl\":\"https:\/\/arcticexcursions.com\/wp-content\/uploads\/2022\/11\/fb-logo.png\",\"width\":523,\"height\":523,\"caption\":\"Arctic Excursions\"},\"image\":{\"@id\":\"https:\/\/arcticexcursions.com\/#\/schema\/logo\/image\/\"}}]}<\/script>\n<!-- \/ Yoast SEO plugin. -->","yoast_head_json":{"title":"Arctic Excursions","robots":{"index":"index","follow":"follow","max-snippet":"max-snippet:-1","max-image-preview":"max-image-preview:large","max-video-preview":"max-video-preview:-1"},"canonical":"https:\/\/arcticexcursions.com\/da\/udflugter\/return-boat-transfer-to-ilulissat-city-from-ilimanaq\/","og_locale":"da_DK","og_type":"article","og_title":"B\u00e5dtransfer mellem Ilimanaq og Ilulissat - Arctic Excursions","og_description":"B\u00e5dtransfer mellem Ilimanaq og Ilulissat (Tur\/Retur)","og_url":"https:\/\/arcticexcursions.com\/da\/udflugter\/return-boat-transfer-to-ilulissat-city-from-ilimanaq\/","og_site_name":"Arctic Excursions","article_modified_time":"2025-11-05T16:36:11+00:00","og_image":[{"width":2048,"height":1536,"url":"https:\/\/arcticexcursions.com\/wp-content\/uploads\/2023\/07\/Ilulissat-Escape-boat-6.jpeg","type":"image\/jpeg"}],"twitter_card":"summary_large_image","twitter_misc":{"Estimeret l\u00e6setid":"1 minut"},"schema":{"@context":"https:\/\/schema.org","@graph":[{"@type":"WebPage","@id":"https:\/\/arcticexcursions.com\/da\/udflugter\/return-boat-transfer-to-ilulissat-city-from-ilimanaq\/","url":"https:\/\/arcticexcursions.com\/da\/udflugter\/return-boat-transfer-to-ilulissat-city-from-ilimanaq\/","name":"B\u00e5dtransfer mellem Ilimanaq og Ilulissat - Arctic Excursions","isPartOf":{"@id":"https:\/\/arcticexcursions.com\/#website"},"primaryImageOfPage":{"@id":"https:\/\/arcticexcursions.com\/da\/udflugter\/return-boat-transfer-to-ilulissat-city-from-ilimanaq\/#primaryimage"},"image":{"@id":"https:\/\/arcticexcursions.com\/da\/udflugter\/return-boat-transfer-to-ilulissat-city-from-ilimanaq\/#primaryimage"},"thumbnailUrl":"https:\/\/arcticexcursions.com\/wp-content\/uploads\/2023\/07\/Ilulissat-Escape-boat-6.jpeg","datePublished":"2023-07-26T09:36:23+00:00","dateModified":"2025-11-05T16:36:11+00:00","breadcrumb":{"@id":"https:\/\/arcticexcursions.com\/da\/udflugter\/return-boat-transfer-to-ilulissat-city-from-ilimanaq\/#breadcrumb"},"inLanguage":"da-DK","potentialAction":[{"@type":"ReadAction","target":["https:\/\/arcticexcursions.com\/da\/udflugter\/return-boat-transfer-to-ilulissat-city-from-ilimanaq\/"]}]},{"@type":"ImageObject","inLanguage":"da-DK","@id":"https:\/\/arcticexcursions.com\/da\/udflugter\/return-boat-transfer-to-ilulissat-city-from-ilimanaq\/#primaryimage","url":"https:\/\/arcticexcursions.com\/wp-content\/uploads\/2023\/07\/Ilulissat-Escape-boat-6.jpeg","contentUrl":"https:\/\/arcticexcursions.com\/wp-content\/uploads\/2023\/07\/Ilulissat-Escape-boat-6.jpeg","width":2048,"height":1536},{"@type":"BreadcrumbList","@id":"https:\/\/arcticexcursions.com\/da\/udflugter\/return-boat-transfer-to-ilulissat-city-from-ilimanaq\/#breadcrumb","itemListElement":[{"@type":"ListItem","position":1,"name":"Home","item":"https:\/\/arcticexcursions.com\/da\/"},{"@type":"ListItem","position":2,"name":"Udflugter i Gr\u00f8nland","item":"https:\/\/arcticexcursions.com\/da\/udflugter\/"},{"@type":"ListItem","position":3,"name":"B\u00e5dtransfer mellem Ilimanaq og Ilulissat"}]},{"@type":"WebSite","@id":"https:\/\/arcticexcursions.com\/#website","url":"https:\/\/arcticexcursions.com\/","name":"Arctic Excursions","description":"New adventures. Every day.","publisher":{"@id":"https:\/\/arcticexcursions.com\/#organization"},"potentialAction":[{"@type":"SearchAction","target":{"@type":"EntryPoint","urlTemplate":"https:\/\/arcticexcursions.com\/?s={search_term_string}"},"query-input":{"@type":"PropertyValueSpecification","valueRequired":true,"valueName":"search_term_string"}}],"inLanguage":"da-DK"},{"@type":"Organization","@id":"https:\/\/arcticexcursions.com\/#organization","name":"Arctic Excursions","url":"https:\/\/arcticexcursions.com\/","logo":{"@type":"ImageObject","inLanguage":"da-DK","@id":"https:\/\/arcticexcursions.com\/#\/schema\/logo\/image\/","url":"https:\/\/arcticexcursions.com\/wp-content\/uploads\/2022\/11\/fb-logo.png","contentUrl":"https:\/\/arcticexcursions.com\/wp-content\/uploads\/2022\/11\/fb-logo.png","width":523,"height":523,"caption":"Arctic Excursions"},"image":{"@id":"https:\/\/arcticexcursions.com\/#\/schema\/logo\/image\/"}}]}},"_links":{"self":[{"href":"https:\/\/arcticexcursions.com\/da\/wp-json\/wp\/v2\/product\/18752"}],"collection":[{"href":"https:\/\/arcticexcursions.com\/da\/wp-json\/wp\/v2\/product"}],"about":[{"href":"https:\/\/arcticexcursions.com\/da\/wp-json\/wp\/v2\/types\/product"}],"replies":[{"embeddable":true,"href":"https:\/\/arcticexcursions.com\/da\/wp-json\/wp\/v2\/comments?post=18752"}],"wp:featuredmedia":[{"embeddable":true,"href":"https:\/\/arcticexcursions.com\/da\/wp-json\/wp\/v2\/media\/17951"}],"wp:attachment":[{"href":"https:\/\/arcticexcursions.com\/da\/wp-json\/wp\/v2\/media?parent=18752"}],"wp:term":[{"taxonomy":"product_brand","embeddable":true,"href":"https:\/\/arcticexcursions.com\/da\/wp-json\/wp\/v2\/product_brand?post=18752"},{"taxonomy":"product_cat","embeddable":true,"href":"https:\/\/arcticexcursions.com\/da\/wp-json\/wp\/v2\/product_cat?post=18752"},{"taxonomy":"product_tag","embeddable":true,"href":"https:\/\/arcticexcursions.com\/da\/wp-json\/wp\/v2\/product_tag?post=18752"}],"curies":[{"name":"wp","href":"https:\/\/api.w.org\/{rel}","templated":true}]}}